{"id":885,"date":"2020-11-20T14:16:57","date_gmt":"2020-11-20T14:16:57","guid":{"rendered":"https:\/\/resolute.lt\/?post_type=product&#038;p=885"},"modified":"2024-07-11T11:34:51","modified_gmt":"2024-07-11T11:34:51","slug":"ulefone-armor-x8-juodas","status":"publish","type":"product","link":"https:\/\/resolute.lt\/index.php\/produktas\/ulefone-armor-x8-juodas\/","title":{"rendered":"Ulefone Armor X8 &#8211; 64\/4GB, Juodas"},"content":{"rendered":"<p><strong>Ulefone Armor X8 <\/strong>\u2013 solidus ir tvirtas Armor X serijos vandeniui ir sm\u016bgiams atsparus telefonas. Nepranokstamas pagalbininkams \u017evejams, statybininkams, mechanikams, keliautojams ir t.t.. Telefonas stebina 8 branduoli\u0173 Helio A25 procesoriumi, 64GB vidine atmintimi, 4GB RAM, triguba 13MP kamera, 5,7&#8243; IPS LCD ekranu, kur\u012f galima valdyti net m\u016bvint pir\u0161tines, ypa\u010d didel\u0117s talpos (5080 mAh) baterija bei naujausia Android 10 operacin\u0117 sistema su lietuvi\u0173 kalba. Juodos spalvos korpusas.<b><\/b><\/p>\n<p><strong><a href=\"https:\/\/www.resolute.lt\/\">RESOLUTE.LT EL. PARDUOTUV\u0116:<\/a><br \/>\n<\/strong>\u2013 Standartinis pristatymas (apmokant banko kortele, el. bankininkyste, Paysera ar PayPal).<br \/>\n\u2013 Galimyb\u0117 atsiimti gyvai Vilniuje (kreiptis +37062296802).<br \/>\n\u2013 Tik naujos ir nei\u0161pakuotos prek\u0117s!<\/p>\n<p><strong>KOMPLEKTACIJA:<\/strong><br \/>\n1 x i\u0161manus \u012frenginys<br \/>\n1 x \u012fkroviklis<br \/>\n1 x USB Type-C laidas<br \/>\n1 x apsaugin\u0117 ekrano pl\u0117vel\u0117 (u\u017ed\u0117ta gamykli\u0161kai)<br \/>\n1 x apsauginis ekrano gr\u016bdintas stiklas (papildomas)<br \/>\n1 x SIM lizdo adat\u0117l\u0117<br \/>\n1 x pakabukas telefonui<br \/>\n1 x naudojimosi instrukcijos<\/p>\n<p><b>PARAMETRAI:\u00a0<\/b><br \/>\nA\u0161tuoni\u0173 branduoli\u0173 MediaTek Helio P25 (4x 1,8 GHz Cortex-A53 ir 4x 2,0 GHz Cortex-A53) procesorius<br \/>\nPowerVR GE8320 vaizdo plok\u0161t\u0117<br \/>\nAndroid 10 operacin\u0117 sistema<br \/>\nPlay Store aplikacij\u0173 parduotuv\u0117<br \/>\nLietuvi\u0173, lenk\u0173, rus\u0173, angl\u0173 ir kt. kalbos<br \/>\n64GB vidin\u0117 atmintis<br \/>\nMicroSD atminties kortel\u0117s palaikymas<br \/>\n4GB darbin\u0117 atmintis (RAM)<br \/>\nHD+ 1440 x 720 rai\u0161kos 5,7\u2033 IPS LCD ekranas, 282 PPI<br \/>\nTriguba 13 MP, f\/2.2 + 2 MP (makro) + 2 MP (gylio) pagrindin\u0117 kamera su LED blykste, autofokusavimu, 1080p@30fps filmavimas<br \/>\n8 MP, f\/2.4 priekin\u0117 kamera su Face Unlock (atrakinimo veidu) funkcija, 1080p@30fps filmavimas<br \/>\n5080 mAh baterija<br \/>\nDviej\u0173 Nano-SIM korteli\u0173 palaikymas<br \/>\nWiFi, Bluetooth 5.0, GPS, NFC, FM radijo, Edge, 3G (HSPA+), 4G-LTE ry\u0161iai<br \/>\nUSB Type-C ikrovimo ir duomen\u0173 perk\u0117limo lizdas<br \/>\nGalinis pir\u0161t\u0173 antspaud\u0173 sensorius<br \/>\nIP68 sertifikatas (atsparumas vandeniui ir dulk\u0117ms)<br \/>\nKorpuso med\u017eiagos: aliuminis ir guma<br \/>\n<span class=\"\">I\u0161matavimai: 160,3 x 79 x 13,8 mm<br \/>\n<\/span>Svoris: 256,3 g<br \/>\n<span class=\"\">Gamybos metai: 2023<\/span><\/p>\n<p><img decoding=\"async\" class=\"bg_lazy\" title=\"Ulefone Armor X8 IP68 IP69K Waterproof 5.7 inch 4GB 64GB 13MP Triple Rear Camera NFC 5080mAh MT6762 Octa Core 4G Rugged Smartphone\" src=\"https:\/\/imgaz.staticbg.com\/images\/oaupload\/banggood\/images\/9E\/2B\/24f1ae05-3010-40ff-babf-170a0efc6688.jpg.webp\" data-original=\"https:\/\/imgaz.staticbg.com\/images\/oaupload\/banggood\/images\/9E\/2B\/24f1ae05-3010-40ff-babf-170a0efc6688.jpg\" \/><br \/>\n<img decoding=\"async\" class=\"bg_lazy\" title=\"Ulefone Armor X8 IP68 IP69K Waterproof 5.7 inch 4GB 64GB 13MP Triple Rear Camera NFC 5080mAh MT6762 Octa Core 4G Rugged Smartphone\" src=\"https:\/\/imgaz.staticbg.com\/images\/oaupload\/banggood\/images\/E7\/61\/12c8287a-3eed-43d1-8097-564c429003a0.jpg.webp\" data-original=\"https:\/\/imgaz.staticbg.com\/images\/oaupload\/banggood\/images\/E7\/61\/12c8287a-3eed-43d1-8097-564c429003a0.jpg\" \/><br \/>\n<img decoding=\"async\" class=\"bg_lazy\" title=\"Ulefone Armor X8 IP68 IP69K Waterproof 5.7 inch 4GB 64GB 13MP Triple Rear Camera NFC 5080mAh MT6762 Octa Core 4G Rugged Smartphone\" src=\"https:\/\/imgaz.staticbg.com\/images\/oaupload\/banggood\/images\/7A\/C9\/7f6d9d27-ad18-4d4c-a5be-d38e15f542e6.jpg.webp\" data-original=\"https:\/\/imgaz.staticbg.com\/images\/oaupload\/banggood\/images\/7A\/C9\/7f6d9d27-ad18-4d4c-a5be-d38e15f542e6.jpg\" \/><br \/>\n<img decoding=\"async\" class=\"bg_lazy\" title=\"Ulefone Armor X8 IP68 IP69K Waterproof 5.7 inch 4GB 64GB 13MP Triple Rear Camera NFC 5080mAh MT6762 Octa Core 4G Rugged Smartphone\" src=\"https:\/\/imgaz.staticbg.com\/images\/oaupload\/banggood\/images\/D7\/12\/ae744306-176a-418d-b0e1-ac8514c8354a.jpg.webp\" data-original=\"https:\/\/imgaz.staticbg.com\/images\/oaupload\/banggood\/images\/D7\/12\/ae744306-176a-418d-b0e1-ac8514c8354a.jpg\" \/><br \/>\n<img decoding=\"async\" class=\"bg_lazy\" title=\"Ulefone Armor X8 IP68 IP69K Waterproof 5.7 inch 4GB 64GB 13MP Triple Rear Camera NFC 5080mAh MT6762 Octa Core 4G Rugged Smartphone\" src=\"https:\/\/imgaz.staticbg.com\/images\/oaupload\/banggood\/images\/97\/7B\/d7a2d17d-73e5-4249-8c1f-a31cb00fd90c.jpg.webp\" data-original=\"https:\/\/imgaz.staticbg.com\/images\/oaupload\/banggood\/images\/97\/7B\/d7a2d17d-73e5-4249-8c1f-a31cb00fd90c.jpg\" \/><br \/>\n<img decoding=\"async\" class=\"bg_lazy\" title=\"Ulefone Armor X8 IP68 IP69K Waterproof 5.7 inch 4GB 64GB 13MP Triple Rear Camera NFC 5080mAh MT6762 Octa Core 4G Rugged Smartphone\" src=\"https:\/\/imgaz.staticbg.com\/images\/oaupload\/banggood\/images\/82\/68\/325c2c34-cb64-4b9b-84e4-670c794c5656.jpg.webp\" data-original=\"https:\/\/imgaz.staticbg.com\/images\/oaupload\/banggood\/images\/82\/68\/325c2c34-cb64-4b9b-84e4-670c794c5656.jpg\" \/><br \/>\n<img decoding=\"async\" class=\"bg_lazy\" title=\"Ulefone Armor X8 IP68 IP69K Waterproof 5.7 inch 4GB 64GB 13MP Triple Rear Camera NFC 5080mAh MT6762 Octa Core 4G Rugged Smartphone\" src=\"https:\/\/imgaz.staticbg.com\/images\/oaupload\/banggood\/images\/66\/04\/1c2d536c-b16e-44e6-a008-ba4759eb6f85.jpg.webp\" data-original=\"https:\/\/imgaz.staticbg.com\/images\/oaupload\/banggood\/images\/66\/04\/1c2d536c-b16e-44e6-a008-ba4759eb6f85.jpg\" \/><br \/>\n<img decoding=\"async\" class=\"bg_lazy\" title=\"Ulefone Armor X8 IP68 IP69K Waterproof 5.7 inch 4GB 64GB 13MP Triple Rear Camera NFC 5080mAh MT6762 Octa Core 4G Rugged Smartphone\" src=\"https:\/\/imgaz.staticbg.com\/images\/oaupload\/banggood\/images\/4A\/2A\/50fc5df2-85a0-4662-a4a2-7f5d2b93032f.jpg.webp\" data-original=\"https:\/\/imgaz.staticbg.com\/images\/oaupload\/banggood\/images\/4A\/2A\/50fc5df2-85a0-4662-a4a2-7f5d2b93032f.jpg\" \/><br \/>\n<img decoding=\"async\" class=\"bg_lazy\" title=\"Ulefone Armor X8 IP68 IP69K Waterproof 5.7 inch 4GB 64GB 13MP Triple Rear Camera NFC 5080mAh MT6762 Octa Core 4G Rugged Smartphone\" src=\"https:\/\/imgaz.staticbg.com\/images\/oaupload\/banggood\/images\/1B\/A5\/b2b5edca-7439-4703-a9e2-27eb1111c568.jpg.webp\" data-original=\"https:\/\/imgaz.staticbg.com\/images\/oaupload\/banggood\/images\/1B\/A5\/b2b5edca-7439-4703-a9e2-27eb1111c568.jpg\" \/><br \/>\n<img decoding=\"async\" class=\"bg_lazy\" title=\"Ulefone Armor X8 IP68 IP69K Waterproof 5.7 inch 4GB 64GB 13MP Triple Rear Camera NFC 5080mAh MT6762 Octa Core 4G Rugged Smartphone\" src=\"https:\/\/imgaz.staticbg.com\/images\/oaupload\/banggood\/images\/C1\/5D\/7fc101a5-a1f7-4794-b61e-10b658a7a701.jpg.webp\" data-original=\"https:\/\/imgaz.staticbg.com\/images\/oaupload\/banggood\/images\/C1\/5D\/7fc101a5-a1f7-4794-b61e-10b658a7a701.jpg\" \/><br \/>\n<img decoding=\"async\" class=\"bg_lazy\" title=\"Ulefone Armor X8 IP68 IP69K Waterproof 5.7 inch 4GB 64GB 13MP Triple Rear Camera NFC 5080mAh MT6762 Octa Core 4G Rugged Smartphone\" src=\"https:\/\/imgaz.staticbg.com\/images\/oaupload\/banggood\/images\/A6\/F2\/3cb4db78-ad6d-439f-ba02-232b71260b0d.jpg.webp\" data-original=\"https:\/\/imgaz.staticbg.com\/images\/oaupload\/banggood\/images\/A6\/F2\/3cb4db78-ad6d-439f-ba02-232b71260b0d.jpg\" \/><br \/>\n<img decoding=\"async\" class=\"bg_lazy\" title=\"Ulefone Armor X8 IP68 IP69K Waterproof 5.7 inch 4GB 64GB 13MP Triple Rear Camera NFC 5080mAh MT6762 Octa Core 4G Rugged Smartphone\" src=\"https:\/\/imgaz.staticbg.com\/images\/oaupload\/banggood\/images\/1B\/69\/801c71a9-7c52-498d-a9b0-8dcb6bf7a8c2.jpg.webp\" data-original=\"https:\/\/imgaz.staticbg.com\/images\/oaupload\/banggood\/images\/1B\/69\/801c71a9-7c52-498d-a9b0-8dcb6bf7a8c2.jpg\" \/><br \/>\n<img decoding=\"async\" class=\"bg_lazy\" title=\"Ulefone Armor X8 IP68 IP69K Waterproof 5.7 inch 4GB 64GB 13MP Triple Rear Camera NFC 5080mAh MT6762 Octa Core 4G Rugged Smartphone\" src=\"https:\/\/imgaz.staticbg.com\/images\/oaupload\/banggood\/images\/6D\/A7\/decab842-17a0-4341-b30a-bd30d7bb2efc.jpg.webp\" data-original=\"https:\/\/imgaz.staticbg.com\/images\/oaupload\/banggood\/images\/6D\/A7\/decab842-17a0-4341-b30a-bd30d7bb2efc.jpg\" \/><\/p>\n","protected":false},"excerpt":{"rendered":"<p>Ulefone Armor X8 \u2013 solidus ir tvirtas Armor X serijos vandeniui ir sm\u016bgiams atsparus telefonas. Nepranokstamas pagalbininkams \u017evejams, statybininkams, mechanikams, keliautojams ir t.t.. Telefonas stebina 8 branduoli\u0173 Helio A25 procesoriumi, 64GB vidine atmintimi, 4GB RAM, triguba 13MP kamera, 5,7&#8243; IPS LCD ekranu, kur\u012f galima valdyti net m\u016bvint pir\u0161tines, ypa\u010d didel\u0117s talpos (5080 mAh) baterija bei [&#8230;]\n","protected":false},"featured_media":886,"template":"","meta":[],"product_brand":[],"product_cat":[22],"product_tag":[],"class_list":{"0":"post-885","1":"product","2":"type-product","3":"status-publish","4":"has-post-thumbnail","6":"product_cat-ulefone-telefonai","8":"first","9":"instock","10":"sale","11":"shipping-taxable","12":"purchasable","13":"product-type-simple"},"yoast_head":"<!-- This site is optimized with the Yoast SEO plugin v27.5 - https:\/\/yoast.com\/product\/yoast-seo-wordpress\/ -->\n<title>Ulefone Armor X8 - 64\/4GB, Juodas - Resolute.lt<\/title>\n<meta name=\"description\" content=\"Nauji vandeniui ir sm\u016bgiams atspar\u016bs Ulefone telefonai gera kaina! Greitas pristatymas, patogus atsiskaitymas, kokybi\u0161ki telefonai pigiau!\" \/>\n<meta name=\"robots\" content=\"index, follow, max-snippet:-1, max-image-preview:large, max-video-preview:-1\" \/>\n<link rel=\"canonical\" href=\"https:\/\/resolute.lt\/index.php\/produktas\/ulefone-armor-x8-juodas\/\" \/>\n<meta property=\"og:locale\" content=\"lt_LT\" \/>\n<meta property=\"og:type\" content=\"article\" \/>\n<meta property=\"og:title\" content=\"Ulefone Armor X8 - 64\/4GB, Juodas - Resolute.lt\" \/>\n<meta property=\"og:description\" content=\"Nauji vandeniui ir sm\u016bgiams atspar\u016bs Ulefone telefonai gera kaina! Greitas pristatymas, patogus atsiskaitymas, kokybi\u0161ki telefonai pigiau!\" \/>\n<meta property=\"og:url\" content=\"https:\/\/resolute.lt\/index.php\/produktas\/ulefone-armor-x8-juodas\/\" \/>\n<meta property=\"og:site_name\" content=\"Resolute.lt\" \/>\n<meta property=\"article:modified_time\" content=\"2024-07-11T11:34:51+00:00\" \/>\n<meta property=\"og:image\" content=\"https:\/\/resolute.lt\/wp-content\/uploads\/2020\/11\/1-B.jpg\" \/>\n\t<meta property=\"og:image:width\" content=\"1059\" \/>\n\t<meta property=\"og:image:height\" content=\"1013\" \/>\n\t<meta property=\"og:image:type\" content=\"image\/jpeg\" \/>\n<meta name=\"twitter:card\" content=\"summary_large_image\" \/>\n<meta name=\"twitter:label1\" content=\"Est. reading time\" \/>\n\t<meta name=\"twitter:data1\" content=\"5 minut\u0117s\" \/>\n<script type=\"application\/ld+json\" class=\"yoast-schema-graph\">{\"@context\":\"https:\\\/\\\/schema.org\",\"@graph\":[{\"@type\":\"WebPage\",\"@id\":\"https:\\\/\\\/resolute.lt\\\/index.php\\\/produktas\\\/ulefone-armor-x8-juodas\\\/\",\"url\":\"https:\\\/\\\/resolute.lt\\\/index.php\\\/produktas\\\/ulefone-armor-x8-juodas\\\/\",\"name\":\"Ulefone Armor X8 - 64\\\/4GB, Juodas - Resolute.lt\",\"isPartOf\":{\"@id\":\"https:\\\/\\\/resolute.lt\\\/#website\"},\"primaryImageOfPage\":{\"@id\":\"https:\\\/\\\/resolute.lt\\\/index.php\\\/produktas\\\/ulefone-armor-x8-juodas\\\/#primaryimage\"},\"image\":{\"@id\":\"https:\\\/\\\/resolute.lt\\\/index.php\\\/produktas\\\/ulefone-armor-x8-juodas\\\/#primaryimage\"},\"thumbnailUrl\":\"https:\\\/\\\/resolute.lt\\\/wp-content\\\/uploads\\\/2020\\\/11\\\/1-B.jpg\",\"datePublished\":\"2020-11-20T14:16:57+00:00\",\"dateModified\":\"2024-07-11T11:34:51+00:00\",\"description\":\"Nauji vandeniui ir sm\u016bgiams atspar\u016bs Ulefone telefonai gera kaina! Greitas pristatymas, patogus atsiskaitymas, kokybi\u0161ki telefonai pigiau!\",\"breadcrumb\":{\"@id\":\"https:\\\/\\\/resolute.lt\\\/index.php\\\/produktas\\\/ulefone-armor-x8-juodas\\\/#breadcrumb\"},\"inLanguage\":\"lt-LT\",\"potentialAction\":[{\"@type\":\"ReadAction\",\"target\":[\"https:\\\/\\\/resolute.lt\\\/index.php\\\/produktas\\\/ulefone-armor-x8-juodas\\\/\"]}]},{\"@type\":\"ImageObject\",\"inLanguage\":\"lt-LT\",\"@id\":\"https:\\\/\\\/resolute.lt\\\/index.php\\\/produktas\\\/ulefone-armor-x8-juodas\\\/#primaryimage\",\"url\":\"https:\\\/\\\/resolute.lt\\\/wp-content\\\/uploads\\\/2020\\\/11\\\/1-B.jpg\",\"contentUrl\":\"https:\\\/\\\/resolute.lt\\\/wp-content\\\/uploads\\\/2020\\\/11\\\/1-B.jpg\",\"width\":1059,\"height\":1013},{\"@type\":\"BreadcrumbList\",\"@id\":\"https:\\\/\\\/resolute.lt\\\/index.php\\\/produktas\\\/ulefone-armor-x8-juodas\\\/#breadcrumb\",\"itemListElement\":[{\"@type\":\"ListItem\",\"position\":1,\"name\":\"Home\",\"item\":\"https:\\\/\\\/resolute.lt\\\/\"},{\"@type\":\"ListItem\",\"position\":2,\"name\":\"Resolute.lt\",\"item\":\"https:\\\/\\\/resolute.lt\\\/\"},{\"@type\":\"ListItem\",\"position\":3,\"name\":\"Ulefone Armor X8 &#8211; 64\\\/4GB, Juodas\"}]},{\"@type\":\"WebSite\",\"@id\":\"https:\\\/\\\/resolute.lt\\\/#website\",\"url\":\"https:\\\/\\\/resolute.lt\\\/\",\"name\":\"Resolute.lt\",\"description\":\"Sm\u016bgiams ir vandeniui telefonai\",\"potentialAction\":[{\"@type\":\"SearchAction\",\"target\":{\"@type\":\"EntryPoint\",\"urlTemplate\":\"https:\\\/\\\/resolute.lt\\\/?s={search_term_string}\"},\"query-input\":{\"@type\":\"PropertyValueSpecification\",\"valueRequired\":true,\"valueName\":\"search_term_string\"}}],\"inLanguage\":\"lt-LT\"}]}<\/script>\n<!-- \/ Yoast SEO plugin. -->","yoast_head_json":{"title":"Ulefone Armor X8 - 64\/4GB, Juodas - Resolute.lt","description":"Nauji vandeniui ir sm\u016bgiams atspar\u016bs Ulefone telefonai gera kaina! Greitas pristatymas, patogus atsiskaitymas, kokybi\u0161ki telefonai pigiau!","robots":{"index":"index","follow":"follow","max-snippet":"max-snippet:-1","max-image-preview":"max-image-preview:large","max-video-preview":"max-video-preview:-1"},"canonical":"https:\/\/resolute.lt\/index.php\/produktas\/ulefone-armor-x8-juodas\/","og_locale":"lt_LT","og_type":"article","og_title":"Ulefone Armor X8 - 64\/4GB, Juodas - Resolute.lt","og_description":"Nauji vandeniui ir sm\u016bgiams atspar\u016bs Ulefone telefonai gera kaina! Greitas pristatymas, patogus atsiskaitymas, kokybi\u0161ki telefonai pigiau!","og_url":"https:\/\/resolute.lt\/index.php\/produktas\/ulefone-armor-x8-juodas\/","og_site_name":"Resolute.lt","article_modified_time":"2024-07-11T11:34:51+00:00","og_image":[{"width":1059,"height":1013,"url":"https:\/\/resolute.lt\/wp-content\/uploads\/2020\/11\/1-B.jpg","type":"image\/jpeg"}],"twitter_card":"summary_large_image","twitter_misc":{"Est. reading time":"5 minut\u0117s"},"schema":{"@context":"https:\/\/schema.org","@graph":[{"@type":"WebPage","@id":"https:\/\/resolute.lt\/index.php\/produktas\/ulefone-armor-x8-juodas\/","url":"https:\/\/resolute.lt\/index.php\/produktas\/ulefone-armor-x8-juodas\/","name":"Ulefone Armor X8 - 64\/4GB, Juodas - Resolute.lt","isPartOf":{"@id":"https:\/\/resolute.lt\/#website"},"primaryImageOfPage":{"@id":"https:\/\/resolute.lt\/index.php\/produktas\/ulefone-armor-x8-juodas\/#primaryimage"},"image":{"@id":"https:\/\/resolute.lt\/index.php\/produktas\/ulefone-armor-x8-juodas\/#primaryimage"},"thumbnailUrl":"https:\/\/resolute.lt\/wp-content\/uploads\/2020\/11\/1-B.jpg","datePublished":"2020-11-20T14:16:57+00:00","dateModified":"2024-07-11T11:34:51+00:00","description":"Nauji vandeniui ir sm\u016bgiams atspar\u016bs Ulefone telefonai gera kaina! Greitas pristatymas, patogus atsiskaitymas, kokybi\u0161ki telefonai pigiau!","breadcrumb":{"@id":"https:\/\/resolute.lt\/index.php\/produktas\/ulefone-armor-x8-juodas\/#breadcrumb"},"inLanguage":"lt-LT","potentialAction":[{"@type":"ReadAction","target":["https:\/\/resolute.lt\/index.php\/produktas\/ulefone-armor-x8-juodas\/"]}]},{"@type":"ImageObject","inLanguage":"lt-LT","@id":"https:\/\/resolute.lt\/index.php\/produktas\/ulefone-armor-x8-juodas\/#primaryimage","url":"https:\/\/resolute.lt\/wp-content\/uploads\/2020\/11\/1-B.jpg","contentUrl":"https:\/\/resolute.lt\/wp-content\/uploads\/2020\/11\/1-B.jpg","width":1059,"height":1013},{"@type":"BreadcrumbList","@id":"https:\/\/resolute.lt\/index.php\/produktas\/ulefone-armor-x8-juodas\/#breadcrumb","itemListElement":[{"@type":"ListItem","position":1,"name":"Home","item":"https:\/\/resolute.lt\/"},{"@type":"ListItem","position":2,"name":"Resolute.lt","item":"https:\/\/resolute.lt\/"},{"@type":"ListItem","position":3,"name":"Ulefone Armor X8 &#8211; 64\/4GB, Juodas"}]},{"@type":"WebSite","@id":"https:\/\/resolute.lt\/#website","url":"https:\/\/resolute.lt\/","name":"Resolute.lt","description":"Sm\u016bgiams ir vandeniui telefonai","potentialAction":[{"@type":"SearchAction","target":{"@type":"EntryPoint","urlTemplate":"https:\/\/resolute.lt\/?s={search_term_string}"},"query-input":{"@type":"PropertyValueSpecification","valueRequired":true,"valueName":"search_term_string"}}],"inLanguage":"lt-LT"}]}},"_links":{"self":[{"href":"https:\/\/resolute.lt\/index.php\/wp-json\/wp\/v2\/product\/885","targetHints":{"allow":["GET"]}}],"collection":[{"href":"https:\/\/resolute.lt\/index.php\/wp-json\/wp\/v2\/product"}],"about":[{"href":"https:\/\/resolute.lt\/index.php\/wp-json\/wp\/v2\/types\/product"}],"wp:featuredmedia":[{"embeddable":true,"href":"https:\/\/resolute.lt\/index.php\/wp-json\/wp\/v2\/media\/886"}],"wp:attachment":[{"href":"https:\/\/resolute.lt\/index.php\/wp-json\/wp\/v2\/media?parent=885"}],"wp:term":[{"taxonomy":"product_brand","embeddable":true,"href":"https:\/\/resolute.lt\/index.php\/wp-json\/wp\/v2\/product_brand?post=885"},{"taxonomy":"product_cat","embeddable":true,"href":"https:\/\/resolute.lt\/index.php\/wp-json\/wp\/v2\/product_cat?post=885"},{"taxonomy":"product_tag","embeddable":true,"href":"https:\/\/resolute.lt\/index.php\/wp-json\/wp\/v2\/product_tag?post=885"}],"curies":[{"name":"wp","href":"https:\/\/api.w.org\/{rel}","templated":true}]}}