{"id":811,"date":"2020-11-05T15:24:35","date_gmt":"2020-11-05T15:24:35","guid":{"rendered":"https:\/\/resolute.lt\/?post_type=product&#038;p=811"},"modified":"2024-09-16T13:38:52","modified_gmt":"2024-09-16T13:38:52","slug":"ulefone-armor-9e-9-daugiafunkcinis-deklas","status":"publish","type":"product","link":"https:\/\/resolute.lt\/index.php\/produktas\/ulefone-armor-9e-9-daugiafunkcinis-deklas\/","title":{"rendered":"Ulefone Armor 9E \/ 9 daugiafunkcinis d\u0117klas"},"content":{"rendered":"<p>Originalus daugiafunkcinis d\u0117klas <strong>Ulefone Armor 9E \/ Ulefone Armor 9<\/strong> telefonams, susidedantis i\u0161 3 pried\u0173:<\/p>\n<ul>\n<li><strong>Sm\u016bgiams atsparus TPU d\u0117klas<\/strong>\u00a0\u2013 dar didesn\u0117 apsauga j\u016bs\u0173 telefonui!<\/li>\n<li><strong>Metalinis karabinas<\/strong>\u00a0\u2013 saugiai prikabinkite telefon\u0105 ir niekada jo nepameskite!<\/li>\n<li><strong>Patvari dir\u017eo sagtis<\/strong>\u00a0\u2013 stabilus telefono prikabinimo \u012frankis!<\/li>\n<\/ul>\n<p><span lang=\"lt\"><strong><a href=\"https:\/\/www.resolute.lt\/\">RESOLUTE.LT EL. PARDUOTUV\u0116:<\/a><br \/>\n<\/strong>\u2013 <strong>5-7 d.d. pristatymas<\/strong>\u00a0(apmokant banko kortele, el. bankininkyste, Paysera ar Paypal).<br \/>\n<\/span><\/p>\n\n\t<section class=\"section\" id=\"section_89660991\">\n\t\t<div class=\"section-bg fill\" >\n\t\t\t\t\t\t\t\t\t\n\t\t\t\n\n\t\t<\/div>\n\n\t\t\n\n\t\t<div class=\"section-content relative\">\n\t\t\t\t\t<\/div>\n\n\t\t\n<style>\n#section_89660991 {\n  padding-top: 20px;\n  padding-bottom: 20px;\n}\n<\/style>\n\t<\/section>\n\t\n\t<div id=\"gap-2072626166\" class=\"gap-element clearfix\" style=\"display:block; height:auto;\">\n\t\t\n<style>\n#gap-2072626166 {\n  padding-top: 40px;\n}\n<\/style>\n\t<\/div>\n\t\n<div class=\"row align-center\"  id=\"row-1152203353\">\n\n\t<div id=\"col-216227843\" class=\"col medium-4 small-10 large-4\"  >\n\t\t\t\t<div class=\"col-inner\"  >\n\t\t\t\n\t\t\t\n<h1><strong>Parametrai<\/strong><\/h1>\n\t\t<\/div>\n\t\t\t\t\n<style>\n#col-216227843 > .col-inner {\n  padding: 0px 40px 0px 0px;\n}\n<\/style>\n\t<\/div>\n\n\t\n\n\t<div id=\"col-811094979\" class=\"col medium-8 small-10 large-8\"  >\n\t\t\t\t<div class=\"col-inner\"  >\n\t\t\t\n\t\t\t\n<ul>\n<li style=\"text-align: left;\"><strong>D\u0117klo dydis:<\/strong> 172,2 x 88,2 x 21,5 mm<\/li>\n<li><strong>Dir\u017eo sagties dydis:<\/strong> 72,14 x 28,98 x 18,19 mm<\/li>\n<li><strong>Karabino dydis:<\/strong> 147,12x 40,42 x 6,71 mm<\/li>\n<li><strong>D\u0117klo med\u017eiagos:<\/strong> TPU, Polikarbonatas<\/li>\n<\/ul>\n\t\t<\/div>\n\t\t\t\t\t<\/div>\n\n\t\n<\/div>\n<div class=\"row align-center\"  id=\"row-1923388419\"><\/div>\n\n\t<div id=\"col-1760986641\" class=\"col medium-4 small-10 large-4\"  >\n\t\t\t\t<div class=\"col-inner\"  >\n\t\t\t\n\t\t\t\t\t<\/div>\n\t\t\t\t\n<style>\n#col-1760986641 > .col-inner {\n  padding: 0px 40px 0px 0px;\n}\n<\/style>\n\t<\/div>\n\n\t\n","protected":false},"excerpt":{"rendered":"<p>Originalus daugiafunkcinis d\u0117klas Ulefone Armor 9E \/ Ulefone Armor 9 telefonams, susidedantis i\u0161 3 pried\u0173: Sm\u016bgiams atsparus TPU d\u0117klas\u00a0\u2013 dar didesn\u0117 apsauga j\u016bs\u0173 telefonui! Metalinis karabinas\u00a0\u2013 saugiai prikabinkite telefon\u0105 ir niekada jo nepameskite! Patvari dir\u017eo sagtis\u00a0\u2013 stabilus telefono prikabinimo \u012frankis! RESOLUTE.LT EL. PARDUOTUV\u0116: \u2013 5-7 d.d. pristatymas\u00a0(apmokant banko kortele, el. bankininkyste, Paysera ar Paypal).<\/p>\n","protected":false},"featured_media":816,"template":"","meta":[],"product_brand":[],"product_cat":[47,27],"product_tag":[],"class_list":{"0":"post-811","1":"product","2":"type-product","3":"status-publish","4":"has-post-thumbnail","6":"product_cat-daugiafunkciniai-ulefone-deklai","7":"product_cat-deklai","9":"first","10":"instock","11":"sale","12":"shipping-taxable","13":"purchasable","14":"product-type-simple"},"yoast_head":"<!-- This site is optimized with the Yoast SEO plugin v27.5 - https:\/\/yoast.com\/product\/yoast-seo-wordpress\/ -->\n<title>Ulefone Armor 9E \/ 9 daugiafunkcinis d\u0117klas - Resolute.lt<\/title>\n<meta name=\"description\" content=\"Original\u016bs Ulefone telefon\u0173 priedai \u017eemiausia kaina! Greitas pristatymas, patogus atsiskaitymas, autenti\u0161kumo garantas!\" \/>\n<meta name=\"robots\" content=\"index, follow, max-snippet:-1, max-image-preview:large, max-video-preview:-1\" \/>\n<link rel=\"canonical\" href=\"https:\/\/resolute.lt\/index.php\/produktas\/ulefone-armor-9e-9-daugiafunkcinis-deklas\/\" \/>\n<meta property=\"og:locale\" content=\"lt_LT\" \/>\n<meta property=\"og:type\" content=\"article\" \/>\n<meta property=\"og:title\" content=\"Ulefone Armor 9E \/ 9 daugiafunkcinis d\u0117klas - Resolute.lt\" \/>\n<meta property=\"og:description\" content=\"Original\u016bs Ulefone telefon\u0173 priedai \u017eemiausia kaina! Greitas pristatymas, patogus atsiskaitymas, autenti\u0161kumo garantas!\" \/>\n<meta property=\"og:url\" content=\"https:\/\/resolute.lt\/index.php\/produktas\/ulefone-armor-9e-9-daugiafunkcinis-deklas\/\" \/>\n<meta property=\"og:site_name\" content=\"Resolute.lt\" \/>\n<meta property=\"article:modified_time\" content=\"2024-09-16T13:38:52+00:00\" \/>\n<meta property=\"og:image\" content=\"https:\/\/resolute.lt\/wp-content\/uploads\/2020\/11\/Armor-9-9E-set.jpg\" \/>\n\t<meta property=\"og:image:width\" content=\"1000\" \/>\n\t<meta property=\"og:image:height\" content=\"1000\" \/>\n\t<meta property=\"og:image:type\" content=\"image\/jpeg\" \/>\n<meta name=\"twitter:card\" content=\"summary_large_image\" \/>\n<meta name=\"twitter:label1\" content=\"Est. reading time\" \/>\n\t<meta name=\"twitter:data1\" content=\"1 minut\u0117\" \/>\n<script type=\"application\/ld+json\" class=\"yoast-schema-graph\">{\"@context\":\"https:\\\/\\\/schema.org\",\"@graph\":[{\"@type\":\"WebPage\",\"@id\":\"https:\\\/\\\/resolute.lt\\\/index.php\\\/produktas\\\/ulefone-armor-9e-9-daugiafunkcinis-deklas\\\/\",\"url\":\"https:\\\/\\\/resolute.lt\\\/index.php\\\/produktas\\\/ulefone-armor-9e-9-daugiafunkcinis-deklas\\\/\",\"name\":\"Ulefone Armor 9E \\\/ 9 daugiafunkcinis d\u0117klas - Resolute.lt\",\"isPartOf\":{\"@id\":\"https:\\\/\\\/resolute.lt\\\/#website\"},\"primaryImageOfPage\":{\"@id\":\"https:\\\/\\\/resolute.lt\\\/index.php\\\/produktas\\\/ulefone-armor-9e-9-daugiafunkcinis-deklas\\\/#primaryimage\"},\"image\":{\"@id\":\"https:\\\/\\\/resolute.lt\\\/index.php\\\/produktas\\\/ulefone-armor-9e-9-daugiafunkcinis-deklas\\\/#primaryimage\"},\"thumbnailUrl\":\"https:\\\/\\\/resolute.lt\\\/wp-content\\\/uploads\\\/2020\\\/11\\\/Armor-9-9E-set.jpg\",\"datePublished\":\"2020-11-05T15:24:35+00:00\",\"dateModified\":\"2024-09-16T13:38:52+00:00\",\"description\":\"Original\u016bs Ulefone telefon\u0173 priedai \u017eemiausia kaina! Greitas pristatymas, patogus atsiskaitymas, autenti\u0161kumo garantas!\",\"breadcrumb\":{\"@id\":\"https:\\\/\\\/resolute.lt\\\/index.php\\\/produktas\\\/ulefone-armor-9e-9-daugiafunkcinis-deklas\\\/#breadcrumb\"},\"inLanguage\":\"lt-LT\",\"potentialAction\":[{\"@type\":\"ReadAction\",\"target\":[\"https:\\\/\\\/resolute.lt\\\/index.php\\\/produktas\\\/ulefone-armor-9e-9-daugiafunkcinis-deklas\\\/\"]}]},{\"@type\":\"ImageObject\",\"inLanguage\":\"lt-LT\",\"@id\":\"https:\\\/\\\/resolute.lt\\\/index.php\\\/produktas\\\/ulefone-armor-9e-9-daugiafunkcinis-deklas\\\/#primaryimage\",\"url\":\"https:\\\/\\\/resolute.lt\\\/wp-content\\\/uploads\\\/2020\\\/11\\\/Armor-9-9E-set.jpg\",\"contentUrl\":\"https:\\\/\\\/resolute.lt\\\/wp-content\\\/uploads\\\/2020\\\/11\\\/Armor-9-9E-set.jpg\",\"width\":1000,\"height\":1000},{\"@type\":\"BreadcrumbList\",\"@id\":\"https:\\\/\\\/resolute.lt\\\/index.php\\\/produktas\\\/ulefone-armor-9e-9-daugiafunkcinis-deklas\\\/#breadcrumb\",\"itemListElement\":[{\"@type\":\"ListItem\",\"position\":1,\"name\":\"Home\",\"item\":\"https:\\\/\\\/resolute.lt\\\/\"},{\"@type\":\"ListItem\",\"position\":2,\"name\":\"Resolute.lt\",\"item\":\"https:\\\/\\\/resolute.lt\\\/\"},{\"@type\":\"ListItem\",\"position\":3,\"name\":\"Ulefone Armor 9E \\\/ 9 daugiafunkcinis d\u0117klas\"}]},{\"@type\":\"WebSite\",\"@id\":\"https:\\\/\\\/resolute.lt\\\/#website\",\"url\":\"https:\\\/\\\/resolute.lt\\\/\",\"name\":\"Resolute.lt\",\"description\":\"Sm\u016bgiams ir vandeniui telefonai\",\"potentialAction\":[{\"@type\":\"SearchAction\",\"target\":{\"@type\":\"EntryPoint\",\"urlTemplate\":\"https:\\\/\\\/resolute.lt\\\/?s={search_term_string}\"},\"query-input\":{\"@type\":\"PropertyValueSpecification\",\"valueRequired\":true,\"valueName\":\"search_term_string\"}}],\"inLanguage\":\"lt-LT\"}]}<\/script>\n<!-- \/ Yoast SEO plugin. -->","yoast_head_json":{"title":"Ulefone Armor 9E \/ 9 daugiafunkcinis d\u0117klas - Resolute.lt","description":"Original\u016bs Ulefone telefon\u0173 priedai \u017eemiausia kaina! Greitas pristatymas, patogus atsiskaitymas, autenti\u0161kumo garantas!","robots":{"index":"index","follow":"follow","max-snippet":"max-snippet:-1","max-image-preview":"max-image-preview:large","max-video-preview":"max-video-preview:-1"},"canonical":"https:\/\/resolute.lt\/index.php\/produktas\/ulefone-armor-9e-9-daugiafunkcinis-deklas\/","og_locale":"lt_LT","og_type":"article","og_title":"Ulefone Armor 9E \/ 9 daugiafunkcinis d\u0117klas - Resolute.lt","og_description":"Original\u016bs Ulefone telefon\u0173 priedai \u017eemiausia kaina! Greitas pristatymas, patogus atsiskaitymas, autenti\u0161kumo garantas!","og_url":"https:\/\/resolute.lt\/index.php\/produktas\/ulefone-armor-9e-9-daugiafunkcinis-deklas\/","og_site_name":"Resolute.lt","article_modified_time":"2024-09-16T13:38:52+00:00","og_image":[{"width":1000,"height":1000,"url":"https:\/\/resolute.lt\/wp-content\/uploads\/2020\/11\/Armor-9-9E-set.jpg","type":"image\/jpeg"}],"twitter_card":"summary_large_image","twitter_misc":{"Est. reading time":"1 minut\u0117"},"schema":{"@context":"https:\/\/schema.org","@graph":[{"@type":"WebPage","@id":"https:\/\/resolute.lt\/index.php\/produktas\/ulefone-armor-9e-9-daugiafunkcinis-deklas\/","url":"https:\/\/resolute.lt\/index.php\/produktas\/ulefone-armor-9e-9-daugiafunkcinis-deklas\/","name":"Ulefone Armor 9E \/ 9 daugiafunkcinis d\u0117klas - Resolute.lt","isPartOf":{"@id":"https:\/\/resolute.lt\/#website"},"primaryImageOfPage":{"@id":"https:\/\/resolute.lt\/index.php\/produktas\/ulefone-armor-9e-9-daugiafunkcinis-deklas\/#primaryimage"},"image":{"@id":"https:\/\/resolute.lt\/index.php\/produktas\/ulefone-armor-9e-9-daugiafunkcinis-deklas\/#primaryimage"},"thumbnailUrl":"https:\/\/resolute.lt\/wp-content\/uploads\/2020\/11\/Armor-9-9E-set.jpg","datePublished":"2020-11-05T15:24:35+00:00","dateModified":"2024-09-16T13:38:52+00:00","description":"Original\u016bs Ulefone telefon\u0173 priedai \u017eemiausia kaina! Greitas pristatymas, patogus atsiskaitymas, autenti\u0161kumo garantas!","breadcrumb":{"@id":"https:\/\/resolute.lt\/index.php\/produktas\/ulefone-armor-9e-9-daugiafunkcinis-deklas\/#breadcrumb"},"inLanguage":"lt-LT","potentialAction":[{"@type":"ReadAction","target":["https:\/\/resolute.lt\/index.php\/produktas\/ulefone-armor-9e-9-daugiafunkcinis-deklas\/"]}]},{"@type":"ImageObject","inLanguage":"lt-LT","@id":"https:\/\/resolute.lt\/index.php\/produktas\/ulefone-armor-9e-9-daugiafunkcinis-deklas\/#primaryimage","url":"https:\/\/resolute.lt\/wp-content\/uploads\/2020\/11\/Armor-9-9E-set.jpg","contentUrl":"https:\/\/resolute.lt\/wp-content\/uploads\/2020\/11\/Armor-9-9E-set.jpg","width":1000,"height":1000},{"@type":"BreadcrumbList","@id":"https:\/\/resolute.lt\/index.php\/produktas\/ulefone-armor-9e-9-daugiafunkcinis-deklas\/#breadcrumb","itemListElement":[{"@type":"ListItem","position":1,"name":"Home","item":"https:\/\/resolute.lt\/"},{"@type":"ListItem","position":2,"name":"Resolute.lt","item":"https:\/\/resolute.lt\/"},{"@type":"ListItem","position":3,"name":"Ulefone Armor 9E \/ 9 daugiafunkcinis d\u0117klas"}]},{"@type":"WebSite","@id":"https:\/\/resolute.lt\/#website","url":"https:\/\/resolute.lt\/","name":"Resolute.lt","description":"Sm\u016bgiams ir vandeniui telefonai","potentialAction":[{"@type":"SearchAction","target":{"@type":"EntryPoint","urlTemplate":"https:\/\/resolute.lt\/?s={search_term_string}"},"query-input":{"@type":"PropertyValueSpecification","valueRequired":true,"valueName":"search_term_string"}}],"inLanguage":"lt-LT"}]}},"_links":{"self":[{"href":"https:\/\/resolute.lt\/index.php\/wp-json\/wp\/v2\/product\/811","targetHints":{"allow":["GET"]}}],"collection":[{"href":"https:\/\/resolute.lt\/index.php\/wp-json\/wp\/v2\/product"}],"about":[{"href":"https:\/\/resolute.lt\/index.php\/wp-json\/wp\/v2\/types\/product"}],"wp:featuredmedia":[{"embeddable":true,"href":"https:\/\/resolute.lt\/index.php\/wp-json\/wp\/v2\/media\/816"}],"wp:attachment":[{"href":"https:\/\/resolute.lt\/index.php\/wp-json\/wp\/v2\/media?parent=811"}],"wp:term":[{"taxonomy":"product_brand","embeddable":true,"href":"https:\/\/resolute.lt\/index.php\/wp-json\/wp\/v2\/product_brand?post=811"},{"taxonomy":"product_cat","embeddable":true,"href":"https:\/\/resolute.lt\/index.php\/wp-json\/wp\/v2\/product_cat?post=811"},{"taxonomy":"product_tag","embeddable":true,"href":"https:\/\/resolute.lt\/index.php\/wp-json\/wp\/v2\/product_tag?post=811"}],"curies":[{"name":"wp","href":"https:\/\/api.w.org\/{rel}","templated":true}]}}