{"id":792,"date":"2020-11-03T18:11:03","date_gmt":"2020-11-03T18:11:03","guid":{"rendered":"https:\/\/resolute.lt\/?post_type=product&#038;p=792"},"modified":"2026-03-10T22:35:41","modified_gmt":"2026-03-10T22:35:41","slug":"ulefone-usmart-e02-endoskopas-endoskopine-kamera-hd-720p","status":"publish","type":"product","link":"https:\/\/resolute.lt\/index.php\/produktas\/ulefone-usmart-e02-endoskopas-endoskopine-kamera-hd-720p\/","title":{"rendered":"Ulefone uSmart E02 endoskopas \/ endoskopin\u0117 kamera &#8211; HD 720p"},"content":{"rendered":"<div class=\"aps-group\"><\/div>\n<p class=\"lead\">Originalus <strong>Ulefone\u2122 uSmart E02<\/strong>\u00a0vandeniui atsparus HD rai\u0161kos endoskopas.<\/p>\n<section id=\"section_2145972809\" class=\"section\">\n<div class=\"section-content relative\">\n<div id=\"row-1175821349\" class=\"row align-center\">\n<div id=\"col-130476939\" class=\"col medium-4 small-10 large-4\">\n<div class=\"col-inner\">\n<h1><strong>Suderinami modeliai<\/strong><\/h1>\n<\/div>\n<\/div>\n<div id=\"col-1358541524\" class=\"col medium-8 small-10 large-8\">\n<div class=\"col-inner\">\n<ul>\n<li>Ulefone Armor 9\/13\/16\/18\/19\/21\/24\/26\/27\/28\/29\/30\/33\/34 serij\u0173 telefonai<\/li>\n<li>Ulefone Armor Pad plan\u0161etiniai kompiuteriai<\/li>\n<\/ul>\n<\/div>\n<\/div>\n<\/div>\n<p><strong><a href=\"https:\/\/www.resolute.lt\/\">RESOLUTE.LT EL. PARDUOTUV\u0116:<\/a><\/strong><br \/>\n\u2013<strong> 8-10 darbo dien\u0173 pristatymas<\/strong>!<br \/>\n\u2013 Apmok\u0117jimas Google Pay, banko kortele, el. bankininkyste ar PayPal.<br \/>\n\u2013 Tik naujos ir nei\u0161pakuotos prek\u0117s!<\/p>\n<section id=\"section_2145972809\" class=\"section\">\n<div class=\"section-content relative\">\n<div id=\"row-1175821349\" class=\"row align-center\">\n<div id=\"col-130476939\" class=\"col medium-4 small-10 large-4\">\n<div class=\"col-inner\">\n<h1><strong>Komplektacija<\/strong><\/h1>\n<\/div>\n<\/div>\n<div id=\"col-1358541524\" class=\"col medium-8 small-10 large-8\">\n<div class=\"col-inner\">\n<ul>\n<li><strong>1x<\/strong>\u00a0 Endoskopin\u0117 kamera<\/li>\n<li><strong>1x<\/strong>\u00a0 Antgalis &#8211; Kabliukas<\/li>\n<li><strong>1x<\/strong>\u00a0 Antgalis &#8211; Magnetas<\/li>\n<li><strong>1x<\/strong>\u00a0 Apsauginis dangtelis<\/li>\n<li><strong>1x<\/strong>\u00a0 Atsuktuvas<\/li>\n<li><strong>2x<\/strong>\u00a0 Var\u017etai<\/li>\n<li><strong>1x\u00a0<\/strong> Naudojimosi instrukcijos<\/li>\n<\/ul>\n<\/div>\n<\/div>\n<\/div>\n<div id=\"row-214715003\" class=\"row align-center\">\n<div id=\"col-883847564\" class=\"col medium-4 small-10 large-4\">\n<div class=\"col-inner\">\n<h1><strong>Bendrieji parametrai<\/strong><\/h1>\n<\/div>\n<\/div>\n<div id=\"col-35252131\" class=\"col medium-8 small-10 large-8\">\n<div class=\"col-inner\">\n<ul>\n<li><strong>Prek\u0117s tipas:<\/strong> Endoskopin\u0117s kameros<\/li>\n<li><b>Prek\u0117s spalva: <\/b>Juoda<\/li>\n<\/ul>\n<\/div>\n<\/div>\n<\/div>\n<div id=\"row-1009664519\" class=\"row align-center\">\n<div id=\"col-477520799\" class=\"col medium-4 small-10 large-4\">\n<div class=\"col-inner\">\n<h1><b>Matmenys ir svoris<\/b><\/h1>\n<\/div>\n<\/div>\n<div id=\"col-1429020984\" class=\"col medium-8 small-10 large-8\">\n<div class=\"col-inner\">\n<ul>\n<li><strong>Kabelio ilgis:<\/strong> 2 m<\/li>\n<li><b>Pakuot\u0117s svoris: <\/b>0,16 kg<\/li>\n<\/ul>\n<\/div>\n<\/div>\n<\/div>\n<div id=\"row-468646911\" class=\"row align-center\">\n<div id=\"col-1185701877\" class=\"col medium-4 small-10 large-4\">\n<div class=\"col-inner\">\n<h1><strong>Papildomi duomenys<\/strong><\/h1>\n<\/div>\n<\/div>\n<div id=\"col-1424211009\" class=\"col medium-8 small-10 large-8\">\n<div class=\"col-inner\">\n<ul>\n<li>360 laipsni\u0173 apsauga nuo sm\u016bgi\u0173<\/li>\n<li>Jungtis: uSmart Expansion Connector<\/li>\n<li>Gamybos metai: 2025<\/li>\n<\/ul>\n<\/div>\n<\/div>\n<\/div>\n<p><img loading=\"lazy\" decoding=\"async\" class=\"alignnone wp-image-3333 size-full\" src=\"https:\/\/resolute.lt\/wp-content\/uploads\/2020\/11\/3-Ulefone-Endoscope-E2-endoskopas-Armor-9-Armor-9E-Armor-16-Pro-Armor-18T.jpg\" alt=\"\" width=\"1000\" height=\"1000\" srcset=\"https:\/\/resolute.lt\/wp-content\/uploads\/2020\/11\/3-Ulefone-Endoscope-E2-endoskopas-Armor-9-Armor-9E-Armor-16-Pro-Armor-18T.jpg 1000w, https:\/\/resolute.lt\/wp-content\/uploads\/2020\/11\/3-Ulefone-Endoscope-E2-endoskopas-Armor-9-Armor-9E-Armor-16-Pro-Armor-18T-247x247.jpg 247w, https:\/\/resolute.lt\/wp-content\/uploads\/2020\/11\/3-Ulefone-Endoscope-E2-endoskopas-Armor-9-Armor-9E-Armor-16-Pro-Armor-18T-100x100.jpg 100w, https:\/\/resolute.lt\/wp-content\/uploads\/2020\/11\/3-Ulefone-Endoscope-E2-endoskopas-Armor-9-Armor-9E-Armor-16-Pro-Armor-18T-510x510.jpg 510w, https:\/\/resolute.lt\/wp-content\/uploads\/2020\/11\/3-Ulefone-Endoscope-E2-endoskopas-Armor-9-Armor-9E-Armor-16-Pro-Armor-18T-300x300.jpg 300w, https:\/\/resolute.lt\/wp-content\/uploads\/2020\/11\/3-Ulefone-Endoscope-E2-endoskopas-Armor-9-Armor-9E-Armor-16-Pro-Armor-18T-150x150.jpg 150w, https:\/\/resolute.lt\/wp-content\/uploads\/2020\/11\/3-Ulefone-Endoscope-E2-endoskopas-Armor-9-Armor-9E-Armor-16-Pro-Armor-18T-768x768.jpg 768w\" sizes=\"auto, (max-width: 1000px) 100vw, 1000px\" \/> <img loading=\"lazy\" decoding=\"async\" class=\"alignnone wp-image-3334 size-full\" src=\"https:\/\/resolute.lt\/wp-content\/uploads\/2020\/11\/4-Ulefone-Endoscope-E2-endoskopas-Armor-9-Armor-9E-Armor-16-Pro-Armor-18T.jpg\" alt=\"\" width=\"1000\" height=\"1000\" srcset=\"https:\/\/resolute.lt\/wp-content\/uploads\/2020\/11\/4-Ulefone-Endoscope-E2-endoskopas-Armor-9-Armor-9E-Armor-16-Pro-Armor-18T.jpg 1000w, https:\/\/resolute.lt\/wp-content\/uploads\/2020\/11\/4-Ulefone-Endoscope-E2-endoskopas-Armor-9-Armor-9E-Armor-16-Pro-Armor-18T-247x247.jpg 247w, https:\/\/resolute.lt\/wp-content\/uploads\/2020\/11\/4-Ulefone-Endoscope-E2-endoskopas-Armor-9-Armor-9E-Armor-16-Pro-Armor-18T-100x100.jpg 100w, https:\/\/resolute.lt\/wp-content\/uploads\/2020\/11\/4-Ulefone-Endoscope-E2-endoskopas-Armor-9-Armor-9E-Armor-16-Pro-Armor-18T-510x510.jpg 510w, https:\/\/resolute.lt\/wp-content\/uploads\/2020\/11\/4-Ulefone-Endoscope-E2-endoskopas-Armor-9-Armor-9E-Armor-16-Pro-Armor-18T-300x300.jpg 300w, https:\/\/resolute.lt\/wp-content\/uploads\/2020\/11\/4-Ulefone-Endoscope-E2-endoskopas-Armor-9-Armor-9E-Armor-16-Pro-Armor-18T-150x150.jpg 150w, https:\/\/resolute.lt\/wp-content\/uploads\/2020\/11\/4-Ulefone-Endoscope-E2-endoskopas-Armor-9-Armor-9E-Armor-16-Pro-Armor-18T-768x768.jpg 768w\" sizes=\"auto, (max-width: 1000px) 100vw, 1000px\" \/> <img loading=\"lazy\" decoding=\"async\" class=\"alignnone wp-image-3335 size-full\" src=\"https:\/\/resolute.lt\/wp-content\/uploads\/2020\/11\/5-Ulefone-Endoscope-E2-endoskopas-Armor-9-Armor-9E-Armor-16-Pro-Armor-18T.jpg\" alt=\"\" width=\"1000\" height=\"1000\" srcset=\"https:\/\/resolute.lt\/wp-content\/uploads\/2020\/11\/5-Ulefone-Endoscope-E2-endoskopas-Armor-9-Armor-9E-Armor-16-Pro-Armor-18T.jpg 1000w, https:\/\/resolute.lt\/wp-content\/uploads\/2020\/11\/5-Ulefone-Endoscope-E2-endoskopas-Armor-9-Armor-9E-Armor-16-Pro-Armor-18T-247x247.jpg 247w, https:\/\/resolute.lt\/wp-content\/uploads\/2020\/11\/5-Ulefone-Endoscope-E2-endoskopas-Armor-9-Armor-9E-Armor-16-Pro-Armor-18T-100x100.jpg 100w, https:\/\/resolute.lt\/wp-content\/uploads\/2020\/11\/5-Ulefone-Endoscope-E2-endoskopas-Armor-9-Armor-9E-Armor-16-Pro-Armor-18T-510x510.jpg 510w, https:\/\/resolute.lt\/wp-content\/uploads\/2020\/11\/5-Ulefone-Endoscope-E2-endoskopas-Armor-9-Armor-9E-Armor-16-Pro-Armor-18T-300x300.jpg 300w, https:\/\/resolute.lt\/wp-content\/uploads\/2020\/11\/5-Ulefone-Endoscope-E2-endoskopas-Armor-9-Armor-9E-Armor-16-Pro-Armor-18T-150x150.jpg 150w, https:\/\/resolute.lt\/wp-content\/uploads\/2020\/11\/5-Ulefone-Endoscope-E2-endoskopas-Armor-9-Armor-9E-Armor-16-Pro-Armor-18T-768x768.jpg 768w\" sizes=\"auto, (max-width: 1000px) 100vw, 1000px\" \/> <img loading=\"lazy\" decoding=\"async\" class=\"alignnone wp-image-3336 size-full\" src=\"https:\/\/resolute.lt\/wp-content\/uploads\/2020\/11\/6-Ulefone-Endoscope-E2-endoskopas-Armor-9-Armor-9E-Armor-16-Pro-Armor-18T.jpg\" alt=\"\" width=\"1000\" height=\"1000\" srcset=\"https:\/\/resolute.lt\/wp-content\/uploads\/2020\/11\/6-Ulefone-Endoscope-E2-endoskopas-Armor-9-Armor-9E-Armor-16-Pro-Armor-18T.jpg 1000w, https:\/\/resolute.lt\/wp-content\/uploads\/2020\/11\/6-Ulefone-Endoscope-E2-endoskopas-Armor-9-Armor-9E-Armor-16-Pro-Armor-18T-247x247.jpg 247w, https:\/\/resolute.lt\/wp-content\/uploads\/2020\/11\/6-Ulefone-Endoscope-E2-endoskopas-Armor-9-Armor-9E-Armor-16-Pro-Armor-18T-100x100.jpg 100w, https:\/\/resolute.lt\/wp-content\/uploads\/2020\/11\/6-Ulefone-Endoscope-E2-endoskopas-Armor-9-Armor-9E-Armor-16-Pro-Armor-18T-510x510.jpg 510w, https:\/\/resolute.lt\/wp-content\/uploads\/2020\/11\/6-Ulefone-Endoscope-E2-endoskopas-Armor-9-Armor-9E-Armor-16-Pro-Armor-18T-300x300.jpg 300w, https:\/\/resolute.lt\/wp-content\/uploads\/2020\/11\/6-Ulefone-Endoscope-E2-endoskopas-Armor-9-Armor-9E-Armor-16-Pro-Armor-18T-150x150.jpg 150w, https:\/\/resolute.lt\/wp-content\/uploads\/2020\/11\/6-Ulefone-Endoscope-E2-endoskopas-Armor-9-Armor-9E-Armor-16-Pro-Armor-18T-768x768.jpg 768w\" sizes=\"auto, (max-width: 1000px) 100vw, 1000px\" \/> <img loading=\"lazy\" decoding=\"async\" class=\"alignnone wp-image-3337 size-full\" src=\"https:\/\/resolute.lt\/wp-content\/uploads\/2020\/11\/7-Ulefone-Endoscope-E2-endoskopas-Armor-9-Armor-9E-Armor-16-Pro-Armor-18T.jpg\" alt=\"\" width=\"1000\" height=\"1000\" srcset=\"https:\/\/resolute.lt\/wp-content\/uploads\/2020\/11\/7-Ulefone-Endoscope-E2-endoskopas-Armor-9-Armor-9E-Armor-16-Pro-Armor-18T.jpg 1000w, https:\/\/resolute.lt\/wp-content\/uploads\/2020\/11\/7-Ulefone-Endoscope-E2-endoskopas-Armor-9-Armor-9E-Armor-16-Pro-Armor-18T-247x247.jpg 247w, https:\/\/resolute.lt\/wp-content\/uploads\/2020\/11\/7-Ulefone-Endoscope-E2-endoskopas-Armor-9-Armor-9E-Armor-16-Pro-Armor-18T-100x100.jpg 100w, https:\/\/resolute.lt\/wp-content\/uploads\/2020\/11\/7-Ulefone-Endoscope-E2-endoskopas-Armor-9-Armor-9E-Armor-16-Pro-Armor-18T-510x510.jpg 510w, https:\/\/resolute.lt\/wp-content\/uploads\/2020\/11\/7-Ulefone-Endoscope-E2-endoskopas-Armor-9-Armor-9E-Armor-16-Pro-Armor-18T-300x300.jpg 300w, https:\/\/resolute.lt\/wp-content\/uploads\/2020\/11\/7-Ulefone-Endoscope-E2-endoskopas-Armor-9-Armor-9E-Armor-16-Pro-Armor-18T-150x150.jpg 150w, https:\/\/resolute.lt\/wp-content\/uploads\/2020\/11\/7-Ulefone-Endoscope-E2-endoskopas-Armor-9-Armor-9E-Armor-16-Pro-Armor-18T-768x768.jpg 768w\" sizes=\"auto, (max-width: 1000px) 100vw, 1000px\" \/> <img loading=\"lazy\" decoding=\"async\" class=\"alignnone wp-image-3338 size-full\" src=\"https:\/\/resolute.lt\/wp-content\/uploads\/2020\/11\/8-Ulefone-Endoscope-E2-endoskopas-Armor-9-Armor-9E-Armor-16-Pro-Armor-18T.jpg\" alt=\"\" width=\"1000\" height=\"1000\" srcset=\"https:\/\/resolute.lt\/wp-content\/uploads\/2020\/11\/8-Ulefone-Endoscope-E2-endoskopas-Armor-9-Armor-9E-Armor-16-Pro-Armor-18T.jpg 1000w, https:\/\/resolute.lt\/wp-content\/uploads\/2020\/11\/8-Ulefone-Endoscope-E2-endoskopas-Armor-9-Armor-9E-Armor-16-Pro-Armor-18T-247x247.jpg 247w, https:\/\/resolute.lt\/wp-content\/uploads\/2020\/11\/8-Ulefone-Endoscope-E2-endoskopas-Armor-9-Armor-9E-Armor-16-Pro-Armor-18T-100x100.jpg 100w, https:\/\/resolute.lt\/wp-content\/uploads\/2020\/11\/8-Ulefone-Endoscope-E2-endoskopas-Armor-9-Armor-9E-Armor-16-Pro-Armor-18T-510x510.jpg 510w, https:\/\/resolute.lt\/wp-content\/uploads\/2020\/11\/8-Ulefone-Endoscope-E2-endoskopas-Armor-9-Armor-9E-Armor-16-Pro-Armor-18T-300x300.jpg 300w, https:\/\/resolute.lt\/wp-content\/uploads\/2020\/11\/8-Ulefone-Endoscope-E2-endoskopas-Armor-9-Armor-9E-Armor-16-Pro-Armor-18T-150x150.jpg 150w, https:\/\/resolute.lt\/wp-content\/uploads\/2020\/11\/8-Ulefone-Endoscope-E2-endoskopas-Armor-9-Armor-9E-Armor-16-Pro-Armor-18T-768x768.jpg 768w\" sizes=\"auto, (max-width: 1000px) 100vw, 1000px\" \/> <img loading=\"lazy\" decoding=\"async\" class=\"alignnone wp-image-3339 size-full\" src=\"https:\/\/resolute.lt\/wp-content\/uploads\/2020\/11\/9-Ulefone-Endoscope-E2-endoskopas-Armor-9-Armor-9E-Armor-16-Pro-Armor-18T.jpg\" alt=\"\" width=\"1000\" height=\"1000\" srcset=\"https:\/\/resolute.lt\/wp-content\/uploads\/2020\/11\/9-Ulefone-Endoscope-E2-endoskopas-Armor-9-Armor-9E-Armor-16-Pro-Armor-18T.jpg 1000w, https:\/\/resolute.lt\/wp-content\/uploads\/2020\/11\/9-Ulefone-Endoscope-E2-endoskopas-Armor-9-Armor-9E-Armor-16-Pro-Armor-18T-247x247.jpg 247w, https:\/\/resolute.lt\/wp-content\/uploads\/2020\/11\/9-Ulefone-Endoscope-E2-endoskopas-Armor-9-Armor-9E-Armor-16-Pro-Armor-18T-100x100.jpg 100w, https:\/\/resolute.lt\/wp-content\/uploads\/2020\/11\/9-Ulefone-Endoscope-E2-endoskopas-Armor-9-Armor-9E-Armor-16-Pro-Armor-18T-510x510.jpg 510w, https:\/\/resolute.lt\/wp-content\/uploads\/2020\/11\/9-Ulefone-Endoscope-E2-endoskopas-Armor-9-Armor-9E-Armor-16-Pro-Armor-18T-300x300.jpg 300w, https:\/\/resolute.lt\/wp-content\/uploads\/2020\/11\/9-Ulefone-Endoscope-E2-endoskopas-Armor-9-Armor-9E-Armor-16-Pro-Armor-18T-150x150.jpg 150w, https:\/\/resolute.lt\/wp-content\/uploads\/2020\/11\/9-Ulefone-Endoscope-E2-endoskopas-Armor-9-Armor-9E-Armor-16-Pro-Armor-18T-768x768.jpg 768w\" sizes=\"auto, (max-width: 1000px) 100vw, 1000px\" \/> <img loading=\"lazy\" decoding=\"async\" class=\"alignnone wp-image-3340 size-full\" src=\"https:\/\/resolute.lt\/wp-content\/uploads\/2020\/11\/10-Ulefone-Endoscope-E2-endoskopas-Armor-9-Armor-9E-Armor-16-Pro-Armor-18T.jpg\" alt=\"\" width=\"1000\" height=\"1000\" srcset=\"https:\/\/resolute.lt\/wp-content\/uploads\/2020\/11\/10-Ulefone-Endoscope-E2-endoskopas-Armor-9-Armor-9E-Armor-16-Pro-Armor-18T.jpg 1000w, https:\/\/resolute.lt\/wp-content\/uploads\/2020\/11\/10-Ulefone-Endoscope-E2-endoskopas-Armor-9-Armor-9E-Armor-16-Pro-Armor-18T-247x247.jpg 247w, https:\/\/resolute.lt\/wp-content\/uploads\/2020\/11\/10-Ulefone-Endoscope-E2-endoskopas-Armor-9-Armor-9E-Armor-16-Pro-Armor-18T-100x100.jpg 100w, https:\/\/resolute.lt\/wp-content\/uploads\/2020\/11\/10-Ulefone-Endoscope-E2-endoskopas-Armor-9-Armor-9E-Armor-16-Pro-Armor-18T-510x510.jpg 510w, https:\/\/resolute.lt\/wp-content\/uploads\/2020\/11\/10-Ulefone-Endoscope-E2-endoskopas-Armor-9-Armor-9E-Armor-16-Pro-Armor-18T-300x300.jpg 300w, https:\/\/resolute.lt\/wp-content\/uploads\/2020\/11\/10-Ulefone-Endoscope-E2-endoskopas-Armor-9-Armor-9E-Armor-16-Pro-Armor-18T-150x150.jpg 150w, https:\/\/resolute.lt\/wp-content\/uploads\/2020\/11\/10-Ulefone-Endoscope-E2-endoskopas-Armor-9-Armor-9E-Armor-16-Pro-Armor-18T-768x768.jpg 768w\" sizes=\"auto, (max-width: 1000px) 100vw, 1000px\" \/><\/p>\n<\/div>\n<\/section>\n<\/div>\n<\/section>\n","protected":false},"excerpt":{"rendered":"<p>Originalus Ulefone\u2122 uSmart E02\u00a0vandeniui atsparus HD rai\u0161kos endoskopas. Suderinami modeliai Ulefone Armor 9\/13\/16\/18\/19\/21\/24\/26\/27\/28\/29\/30\/33\/34 serij\u0173 telefonai Ulefone Armor Pad plan\u0161etiniai kompiuteriai RESOLUTE.LT EL. PARDUOTUV\u0116: \u2013 8-10 darbo dien\u0173 pristatymas! \u2013 Apmok\u0117jimas Google Pay, banko kortele, el. bankininkyste ar PayPal. \u2013 Tik naujos ir nei\u0161pakuotos prek\u0117s! Komplektacija 1x\u00a0 Endoskopin\u0117 kamera 1x\u00a0 Antgalis &#8211; Kabliukas 1x\u00a0 Antgalis &#8211; [&#8230;]\n","protected":false},"featured_media":3331,"template":"","meta":[],"product_brand":[],"product_cat":[37],"product_tag":[],"class_list":{"0":"post-792","1":"product","2":"type-product","3":"status-publish","4":"has-post-thumbnail","6":"product_cat-kiti-telefonu-priedai","8":"first","9":"instock","10":"sale","11":"shipping-taxable","12":"purchasable","13":"product-type-simple"},"yoast_head":"<!-- This site is optimized with the Yoast SEO plugin v27.4 - https:\/\/yoast.com\/product\/yoast-seo-wordpress\/ -->\n<title>Ulefone uSmart E02 endoskopas \/ endoskopin\u0117 kamera - HD 720p - Resolute.lt<\/title>\n<meta name=\"description\" content=\"Original\u016bs Ulefone telefon\u0173 priedai \u017eemiausia kaina! Patogus atsiskaitymas, platus asortimentas!\" \/>\n<meta name=\"robots\" content=\"index, follow, max-snippet:-1, max-image-preview:large, max-video-preview:-1\" \/>\n<link rel=\"canonical\" href=\"https:\/\/resolute.lt\/index.php\/produktas\/ulefone-usmart-e02-endoskopas-endoskopine-kamera-hd-720p\/\" \/>\n<meta property=\"og:locale\" content=\"lt_LT\" \/>\n<meta property=\"og:type\" content=\"article\" \/>\n<meta property=\"og:title\" content=\"Ulefone uSmart E02 endoskopas \/ endoskopin\u0117 kamera - HD 720p - Resolute.lt\" \/>\n<meta property=\"og:description\" content=\"Original\u016bs Ulefone telefon\u0173 priedai \u017eemiausia kaina! Patogus atsiskaitymas, platus asortimentas!\" \/>\n<meta property=\"og:url\" content=\"https:\/\/resolute.lt\/index.php\/produktas\/ulefone-usmart-e02-endoskopas-endoskopine-kamera-hd-720p\/\" \/>\n<meta property=\"og:site_name\" content=\"Resolute.lt\" \/>\n<meta property=\"article:modified_time\" content=\"2026-03-10T22:35:41+00:00\" \/>\n<meta property=\"og:image\" content=\"https:\/\/resolute.lt\/wp-content\/uploads\/2020\/11\/1-Ulefone-Endoscope-E2-endoskopas-Armor-9-Armor-9E-Armor-16-Pro-Armor-18T.jpg\" \/>\n\t<meta property=\"og:image:width\" content=\"500\" \/>\n\t<meta property=\"og:image:height\" content=\"500\" \/>\n\t<meta property=\"og:image:type\" content=\"image\/jpeg\" \/>\n<meta name=\"twitter:card\" content=\"summary_large_image\" \/>\n<meta name=\"twitter:label1\" content=\"Est. reading time\" \/>\n\t<meta name=\"twitter:data1\" content=\"3 minut\u0117s\" \/>\n<script type=\"application\/ld+json\" class=\"yoast-schema-graph\">{\"@context\":\"https:\\\/\\\/schema.org\",\"@graph\":[{\"@type\":\"WebPage\",\"@id\":\"https:\\\/\\\/resolute.lt\\\/index.php\\\/produktas\\\/ulefone-usmart-e02-endoskopas-endoskopine-kamera-hd-720p\\\/\",\"url\":\"https:\\\/\\\/resolute.lt\\\/index.php\\\/produktas\\\/ulefone-usmart-e02-endoskopas-endoskopine-kamera-hd-720p\\\/\",\"name\":\"Ulefone uSmart E02 endoskopas \\\/ endoskopin\u0117 kamera - HD 720p - Resolute.lt\",\"isPartOf\":{\"@id\":\"https:\\\/\\\/resolute.lt\\\/#website\"},\"primaryImageOfPage\":{\"@id\":\"https:\\\/\\\/resolute.lt\\\/index.php\\\/produktas\\\/ulefone-usmart-e02-endoskopas-endoskopine-kamera-hd-720p\\\/#primaryimage\"},\"image\":{\"@id\":\"https:\\\/\\\/resolute.lt\\\/index.php\\\/produktas\\\/ulefone-usmart-e02-endoskopas-endoskopine-kamera-hd-720p\\\/#primaryimage\"},\"thumbnailUrl\":\"https:\\\/\\\/resolute.lt\\\/wp-content\\\/uploads\\\/2020\\\/11\\\/1-Ulefone-Endoscope-E2-endoskopas-Armor-9-Armor-9E-Armor-16-Pro-Armor-18T.jpg\",\"datePublished\":\"2020-11-03T18:11:03+00:00\",\"dateModified\":\"2026-03-10T22:35:41+00:00\",\"description\":\"Original\u016bs Ulefone telefon\u0173 priedai \u017eemiausia kaina! Patogus atsiskaitymas, platus asortimentas!\",\"breadcrumb\":{\"@id\":\"https:\\\/\\\/resolute.lt\\\/index.php\\\/produktas\\\/ulefone-usmart-e02-endoskopas-endoskopine-kamera-hd-720p\\\/#breadcrumb\"},\"inLanguage\":\"lt-LT\",\"potentialAction\":[{\"@type\":\"ReadAction\",\"target\":[\"https:\\\/\\\/resolute.lt\\\/index.php\\\/produktas\\\/ulefone-usmart-e02-endoskopas-endoskopine-kamera-hd-720p\\\/\"]}]},{\"@type\":\"ImageObject\",\"inLanguage\":\"lt-LT\",\"@id\":\"https:\\\/\\\/resolute.lt\\\/index.php\\\/produktas\\\/ulefone-usmart-e02-endoskopas-endoskopine-kamera-hd-720p\\\/#primaryimage\",\"url\":\"https:\\\/\\\/resolute.lt\\\/wp-content\\\/uploads\\\/2020\\\/11\\\/1-Ulefone-Endoscope-E2-endoskopas-Armor-9-Armor-9E-Armor-16-Pro-Armor-18T.jpg\",\"contentUrl\":\"https:\\\/\\\/resolute.lt\\\/wp-content\\\/uploads\\\/2020\\\/11\\\/1-Ulefone-Endoscope-E2-endoskopas-Armor-9-Armor-9E-Armor-16-Pro-Armor-18T.jpg\",\"width\":500,\"height\":500},{\"@type\":\"BreadcrumbList\",\"@id\":\"https:\\\/\\\/resolute.lt\\\/index.php\\\/produktas\\\/ulefone-usmart-e02-endoskopas-endoskopine-kamera-hd-720p\\\/#breadcrumb\",\"itemListElement\":[{\"@type\":\"ListItem\",\"position\":1,\"name\":\"Home\",\"item\":\"https:\\\/\\\/resolute.lt\\\/\"},{\"@type\":\"ListItem\",\"position\":2,\"name\":\"Resolute.lt\",\"item\":\"https:\\\/\\\/resolute.lt\\\/\"},{\"@type\":\"ListItem\",\"position\":3,\"name\":\"Ulefone uSmart E02 endoskopas \\\/ endoskopin\u0117 kamera &#8211; HD 720p\"}]},{\"@type\":\"WebSite\",\"@id\":\"https:\\\/\\\/resolute.lt\\\/#website\",\"url\":\"https:\\\/\\\/resolute.lt\\\/\",\"name\":\"Resolute.lt\",\"description\":\"Sm\u016bgiams ir vandeniui telefonai\",\"potentialAction\":[{\"@type\":\"SearchAction\",\"target\":{\"@type\":\"EntryPoint\",\"urlTemplate\":\"https:\\\/\\\/resolute.lt\\\/?s={search_term_string}\"},\"query-input\":{\"@type\":\"PropertyValueSpecification\",\"valueRequired\":true,\"valueName\":\"search_term_string\"}}],\"inLanguage\":\"lt-LT\"}]}<\/script>\n<!-- \/ Yoast SEO plugin. -->","yoast_head_json":{"title":"Ulefone uSmart E02 endoskopas \/ endoskopin\u0117 kamera - HD 720p - Resolute.lt","description":"Original\u016bs Ulefone telefon\u0173 priedai \u017eemiausia kaina! Patogus atsiskaitymas, platus asortimentas!","robots":{"index":"index","follow":"follow","max-snippet":"max-snippet:-1","max-image-preview":"max-image-preview:large","max-video-preview":"max-video-preview:-1"},"canonical":"https:\/\/resolute.lt\/index.php\/produktas\/ulefone-usmart-e02-endoskopas-endoskopine-kamera-hd-720p\/","og_locale":"lt_LT","og_type":"article","og_title":"Ulefone uSmart E02 endoskopas \/ endoskopin\u0117 kamera - HD 720p - Resolute.lt","og_description":"Original\u016bs Ulefone telefon\u0173 priedai \u017eemiausia kaina! Patogus atsiskaitymas, platus asortimentas!","og_url":"https:\/\/resolute.lt\/index.php\/produktas\/ulefone-usmart-e02-endoskopas-endoskopine-kamera-hd-720p\/","og_site_name":"Resolute.lt","article_modified_time":"2026-03-10T22:35:41+00:00","og_image":[{"width":500,"height":500,"url":"https:\/\/resolute.lt\/wp-content\/uploads\/2020\/11\/1-Ulefone-Endoscope-E2-endoskopas-Armor-9-Armor-9E-Armor-16-Pro-Armor-18T.jpg","type":"image\/jpeg"}],"twitter_card":"summary_large_image","twitter_misc":{"Est. reading time":"3 minut\u0117s"},"schema":{"@context":"https:\/\/schema.org","@graph":[{"@type":"WebPage","@id":"https:\/\/resolute.lt\/index.php\/produktas\/ulefone-usmart-e02-endoskopas-endoskopine-kamera-hd-720p\/","url":"https:\/\/resolute.lt\/index.php\/produktas\/ulefone-usmart-e02-endoskopas-endoskopine-kamera-hd-720p\/","name":"Ulefone uSmart E02 endoskopas \/ endoskopin\u0117 kamera - HD 720p - Resolute.lt","isPartOf":{"@id":"https:\/\/resolute.lt\/#website"},"primaryImageOfPage":{"@id":"https:\/\/resolute.lt\/index.php\/produktas\/ulefone-usmart-e02-endoskopas-endoskopine-kamera-hd-720p\/#primaryimage"},"image":{"@id":"https:\/\/resolute.lt\/index.php\/produktas\/ulefone-usmart-e02-endoskopas-endoskopine-kamera-hd-720p\/#primaryimage"},"thumbnailUrl":"https:\/\/resolute.lt\/wp-content\/uploads\/2020\/11\/1-Ulefone-Endoscope-E2-endoskopas-Armor-9-Armor-9E-Armor-16-Pro-Armor-18T.jpg","datePublished":"2020-11-03T18:11:03+00:00","dateModified":"2026-03-10T22:35:41+00:00","description":"Original\u016bs Ulefone telefon\u0173 priedai \u017eemiausia kaina! Patogus atsiskaitymas, platus asortimentas!","breadcrumb":{"@id":"https:\/\/resolute.lt\/index.php\/produktas\/ulefone-usmart-e02-endoskopas-endoskopine-kamera-hd-720p\/#breadcrumb"},"inLanguage":"lt-LT","potentialAction":[{"@type":"ReadAction","target":["https:\/\/resolute.lt\/index.php\/produktas\/ulefone-usmart-e02-endoskopas-endoskopine-kamera-hd-720p\/"]}]},{"@type":"ImageObject","inLanguage":"lt-LT","@id":"https:\/\/resolute.lt\/index.php\/produktas\/ulefone-usmart-e02-endoskopas-endoskopine-kamera-hd-720p\/#primaryimage","url":"https:\/\/resolute.lt\/wp-content\/uploads\/2020\/11\/1-Ulefone-Endoscope-E2-endoskopas-Armor-9-Armor-9E-Armor-16-Pro-Armor-18T.jpg","contentUrl":"https:\/\/resolute.lt\/wp-content\/uploads\/2020\/11\/1-Ulefone-Endoscope-E2-endoskopas-Armor-9-Armor-9E-Armor-16-Pro-Armor-18T.jpg","width":500,"height":500},{"@type":"BreadcrumbList","@id":"https:\/\/resolute.lt\/index.php\/produktas\/ulefone-usmart-e02-endoskopas-endoskopine-kamera-hd-720p\/#breadcrumb","itemListElement":[{"@type":"ListItem","position":1,"name":"Home","item":"https:\/\/resolute.lt\/"},{"@type":"ListItem","position":2,"name":"Resolute.lt","item":"https:\/\/resolute.lt\/"},{"@type":"ListItem","position":3,"name":"Ulefone uSmart E02 endoskopas \/ endoskopin\u0117 kamera &#8211; HD 720p"}]},{"@type":"WebSite","@id":"https:\/\/resolute.lt\/#website","url":"https:\/\/resolute.lt\/","name":"Resolute.lt","description":"Sm\u016bgiams ir vandeniui telefonai","potentialAction":[{"@type":"SearchAction","target":{"@type":"EntryPoint","urlTemplate":"https:\/\/resolute.lt\/?s={search_term_string}"},"query-input":{"@type":"PropertyValueSpecification","valueRequired":true,"valueName":"search_term_string"}}],"inLanguage":"lt-LT"}]}},"_links":{"self":[{"href":"https:\/\/resolute.lt\/index.php\/wp-json\/wp\/v2\/product\/792","targetHints":{"allow":["GET"]}}],"collection":[{"href":"https:\/\/resolute.lt\/index.php\/wp-json\/wp\/v2\/product"}],"about":[{"href":"https:\/\/resolute.lt\/index.php\/wp-json\/wp\/v2\/types\/product"}],"wp:featuredmedia":[{"embeddable":true,"href":"https:\/\/resolute.lt\/index.php\/wp-json\/wp\/v2\/media\/3331"}],"wp:attachment":[{"href":"https:\/\/resolute.lt\/index.php\/wp-json\/wp\/v2\/media?parent=792"}],"wp:term":[{"taxonomy":"product_brand","embeddable":true,"href":"https:\/\/resolute.lt\/index.php\/wp-json\/wp\/v2\/product_brand?post=792"},{"taxonomy":"product_cat","embeddable":true,"href":"https:\/\/resolute.lt\/index.php\/wp-json\/wp\/v2\/product_cat?post=792"},{"taxonomy":"product_tag","embeddable":true,"href":"https:\/\/resolute.lt\/index.php\/wp-json\/wp\/v2\/product_tag?post=792"}],"curies":[{"name":"wp","href":"https:\/\/api.w.org\/{rel}","templated":true}]}}