{"id":6980,"date":"2026-05-04T06:00:15","date_gmt":"2026-05-04T06:00:15","guid":{"rendered":"https:\/\/resolute.lt\/?post_type=product&#038;p=6980"},"modified":"2026-05-06T19:25:31","modified_gmt":"2026-05-06T19:25:31","slug":"blackview-fort-5-auksinis","status":"publish","type":"product","link":"https:\/\/resolute.lt\/index.php\/produktas\/blackview-fort-5-auksinis\/","title":{"rendered":"Blackview Fort 5 &#8211; 256GB\/12GB, Auksinis"},"content":{"rendered":"<p><strong>Blackview Fort 5<\/strong> \u2013 tvirtas, sm\u016bgiams, vandeniui ir dulk\u0117ms atsparus i\u0161manusis telefonas, sukurtas darbui sud\u0117tingomis s\u0105lygomis ir aktyviam gyvenimo b\u016bdui. \u012erenginys pasi\u017eymi 5000 mAh baterija su greituoju ir belaid\u017eiu \u012fkrovimu, 256 GB vidine atmintimi bei 36GB RAM ( 12GB fizin\u0117s ir 24GB virtualios atminties) . Telefonas turi didel\u012f 6,78 coli\u0173 120 Hz ekran\u0105, galing\u0105 MediaTek Helio G100 procesori\u0173, 108 MP pagrindin\u0119 kamer\u0105 ir naktinio matymo funkcij\u0105. Veikia su Android pagrindu sukurta sistema, palaiko NFC ir atitinka MIL-STD-810H bei IP68\/IP69K atsparumo standartus<\/p>\n<p><strong><a href=\"https:\/\/www.resolute.lt\/\">RESOLUTE.LT EL. PARDUOTUV\u0116:<\/a><br \/>\n<\/strong><strong>\u2013 5-7 darbo dien\u0173 pristatymas!<\/strong><br \/>\n\u2013 Apmok\u0117jimas Google Pay, banko kortele, el. bankininkyste ar PayPal.<br \/>\n\u2013 Galimyb\u0117 \u012fsigyti gyvai Vilniuje (kreiptis +37062296802).<br \/>\n\u2013 Tik naujos prek\u0117s su 2 met\u0173 garantija!<\/p>\n<h3><strong>Idealus pasirinkimams ie\u0161kantiems \u0161i\u0173 savybi\u0173 viename \u012frenginyje:<\/strong><\/h3>\n<ul>\n<li>Puikiai tinka aktyviam laisvalaikiui, darbui sud\u0117tingomis s\u0105lygomis bei kasdieniam naudojimui<\/li>\n<li>Naktinio matymo kamera (20 MP Sony\u2122 IMX350)<\/li>\n<li>Didel\u0117 ilgo tarnavimo baterija (8500 mAh)<\/li>\n<\/ul>\n<h3><strong>Kiti sm\u016bgiams ir vandeniui atspar\u016bs Doogee modeliai:<\/strong><\/h3>\n<ul>\n<li>Domina teleofas su 16000 mAh baterija i\u0161 Oukitel\u2122? Rekomenduojame <strong><a href=\"https:\/\/resolute.lt\/index.php\/produktas\/oukitel-wp56-5g-juodas\/\" target=\"_blank\" rel=\"noopener\">Oukitel WP56<\/a><\/strong>.<\/li>\n<li>Domina geriausias pasirinkimas iki 400 \u20ac? Rekomenduojame <a href=\"https:\/\/resolute.lt\/index.php\/produktas\/doogee-blade-20-max-5g-zalias\/\" target=\"_blank\" rel=\"noopener\"><strong>Doogee Blade 20 Max<\/strong><\/a>.<\/li>\n<\/ul>\n<section id=\"section_2145972809\" class=\"section\">\n<div class=\"section-content relative\">\n<div id=\"row-1175821349\" class=\"row align-center\">\n<div id=\"col-130476939\" class=\"col medium-4 small-10 large-4\">\n<div class=\"col-inner\">\n<h1><strong>Komplektacija<\/strong><\/h1>\n<\/div>\n<\/div>\n<div id=\"col-1358541524\" class=\"col medium-8 small-10 large-8\">\n<div class=\"col-inner\">\n<ul>\n<li><b>1x\u00a0 <\/b>I\u0161manus telefonas<\/li>\n<li><b>1x\u00a0 <\/b>EU \u012fkroviklis (66 W)<\/li>\n<li><b>1x\u00a0 <\/b>USB-C laidas<\/li>\n<li><b>1x<\/b>\u00a0 Ekrano apsauga<\/li>\n<li><b>1x<\/b>\u00a0 Naudojimosi instrukcijos<\/li>\n<\/ul>\n<\/div>\n<\/div>\n<\/div>\n<div id=\"row-214715003\" class=\"row align-center\">\n<div id=\"col-883847564\" class=\"col medium-4 small-10 large-4\">\n<div class=\"col-inner\">\n<h1><strong>Bendrieji parametrai<\/strong><\/h1>\n<\/div>\n<\/div>\n<div id=\"col-35252131\" class=\"col medium-8 small-10 large-8\">\n<div class=\"col-inner\">\n<ul>\n<li><strong>Prek\u0117s tipas:<\/strong> Mobilieji telefonai<\/li>\n<li><strong>Prek\u0117s spalva:<\/strong> Auksin\u0117<\/li>\n<li><strong>Prek\u0117s korpusas: <\/strong>Metalas, polikarbonatas, TPU<\/li>\n<li><strong>Palaikom\u0173 SIM korteli\u0173 kiekis:<\/strong> 2<\/li>\n<li><strong>Palaikom\u0173 SIM korteli\u0173 tipas:<\/strong> NanoSIM<\/li>\n<\/ul>\n<\/div>\n<\/div>\n<\/div>\n<div id=\"row-214715003\" class=\"row align-center\">\n<div id=\"col-883847564\" class=\"col medium-4 small-10 large-4\">\n<div class=\"col-inner\">\n<h1><strong>Matmenys ir svoris<\/strong><\/h1>\n<\/div>\n<\/div>\n<div id=\"col-35252131\" class=\"col medium-8 small-10 large-8\">\n<div class=\"col-inner\">\n<ul>\n<li><strong>Matmenys: <\/strong>178,4 x 83 x 10,7 mm<\/li>\n<li><strong>Svoris:<\/strong> 248 g<\/li>\n<\/ul>\n<\/div>\n<\/div>\n<\/div>\n<div id=\"row-214715003\" class=\"row align-center\">\n<div id=\"col-883847564\" class=\"col medium-4 small-10 large-4\">\n<div class=\"col-inner\">\n<h1><strong>Operacin\u0117 sistema<\/strong><\/h1>\n<\/div>\n<\/div>\n<div id=\"col-35252131\" class=\"col medium-8 small-10 large-8\">\n<div class=\"col-inner\">\n<ul>\n<li><strong>Operacin\u0117 sistema:<\/strong> Android<\/li>\n<li><strong>Operacin\u0117s sistemos versija: <\/strong>16<\/li>\n<li><strong>Palaikomos kalbos:<\/strong> Lietuvi\u0173, angl\u0173, ispan\u0173, latvi\u0173, ukrainie\u010di\u0173, lenk\u0173, est\u0173, vokie\u010di\u0173, \u0161ved\u0173, \u010dek\u0173, pranc\u016bz\u0173, ital\u0173, rus\u0173 ir kt.<\/li>\n<\/ul>\n<\/div>\n<\/div>\n<\/div>\n<div id=\"row-214715003\" class=\"row align-center\">\n<div id=\"col-883847564\" class=\"col medium-4 small-10 large-4\">\n<div class=\"col-inner\">\n<h1><strong>Procesorius ir vaizdo plok\u0161t\u0117<\/strong><\/h1>\n<\/div>\n<\/div>\n<div id=\"col-35252131\" class=\"col medium-8 small-10 large-8\">\n<div class=\"col-inner\">\n<ul>\n<li><strong>Procesoriaus modelis: <\/strong>MediaTek\u2122 Helio G100 (MT6789H)<\/li>\n<li><strong>Proceso technologija:<\/strong> 6 nm<\/li>\n<li><strong>Procesoriaus branduoli\u0173 kiekis:<\/strong> 8<\/li>\n<li><strong>Procesoriaus branduoli\u0173 da\u017eniai: <\/strong>2x 2,2 GHz Cortex-A76 ir 6x 2,0 GHz Cortex-A55<\/li>\n<li><strong>Vaizdo plok\u0161t\u0117s modelis: <\/strong>Mali-G57 MC2<\/li>\n<li><strong>Vaizdo plok\u0161t\u0117s branduoli\u0173 kiekis:<\/strong> 2<\/li>\n<\/ul>\n<\/div>\n<\/div>\n<\/div>\n<div id=\"row-2111937453\" class=\"row align-center\">\n<div id=\"col-1355999373\" class=\"col medium-4 small-10 large-4\">\n<div class=\"col-inner\">\n<h1><strong>Atmintis<\/strong><\/h1>\n<\/div>\n<\/div>\n<div id=\"col-2062834539\" class=\"col medium-8 small-10 large-8\">\n<div class=\"col-inner\">\n<ul>\n<li><strong>Vidin\u0117 atminis: <\/strong>256 GB<\/li>\n<li><strong>Fizin\u0117 darbin\u0117 atmintis (RAM):<\/strong> 12 GB<\/li>\n<li><strong>Virtuali darbin\u0117 atmintis (RAM):<\/strong> 24 GB<\/li>\n<li><strong>Bendra darbin\u0117 atmintis (RAM):<\/strong> 36 GB<\/li>\n<li><strong>Darbin\u0117s atminties da\u017enis: <\/strong>2,133\u00a0GHz<\/li>\n<li><strong>Atminties kortel\u0117s palaikymas: <\/strong>Taip, MicroSD<\/li>\n<\/ul>\n<\/div>\n<\/div>\n<\/div>\n<div id=\"row-1271375553\" class=\"row align-center\">\n<div id=\"col-201046948\" class=\"col medium-4 small-10 large-4\">\n<div class=\"col-inner\">\n<h1><strong>Ekranas<\/strong><\/h1>\n<\/div>\n<\/div>\n<div id=\"col-35252131\" class=\"col medium-8 small-10 large-8\">\n<div class=\"col-inner\">\n<ul>\n<li><strong>Dydis:<\/strong> 6,78\u2033<\/li>\n<li><strong>Rai\u0161ka:<\/strong> 2460 x 1080<\/li>\n<li><strong>PPI (pikseliai per col\u012f): <\/strong>396<\/li>\n<li><strong>Atnaujinimo da\u017enis:<\/strong> 120 Hz<\/li>\n<li><strong>Tipas:<\/strong> IPS LCD<\/li>\n<li><strong>Ry\u0161kymas:<\/strong> 700 nit\u0173<\/li>\n<li><strong>Plotas:<\/strong> 73,96 %<\/li>\n<li><strong>I\u0161orinio stiklo tipas:<\/strong> \u012ebr\u0117\u017eimams atsparus<\/li>\n<\/ul>\n<\/div>\n<\/div>\n<\/div>\n<div id=\"row-214715003\" class=\"row align-center\">\n<div id=\"col-883847564\" class=\"col medium-4 small-10 large-4\">\n<div class=\"col-inner\">\n<h1><strong>Lizdai ir sensoriai<\/strong><\/h1>\n<\/div>\n<\/div>\n<div id=\"col-35252131\" class=\"col medium-8 small-10 large-8\">\n<div class=\"col-inner\">\n<ul>\n<li><strong>USB lizdo tipas:<\/strong> USB Type-C<\/li>\n<li><strong>Ausini\u0173 lizdas (AUX): <\/strong>Taip<\/li>\n<li><strong>Pir\u0161t\u0173 antspaud\u0173 sensorius:<\/strong> Taip, \u0161oninis<\/li>\n<\/ul>\n<\/div>\n<\/div>\n<\/div>\n<div id=\"row-214715003\" class=\"row align-center\">\n<div id=\"col-883847564\" class=\"col medium-4 small-10 large-4\">\n<div class=\"col-inner\">\n<h1><strong>Pagrindin\u0117 kamera<\/strong><\/h1>\n<\/div>\n<\/div>\n<div id=\"col-35252131\" class=\"col medium-8 small-10 large-8\">\n<div class=\"col-inner\">\n<ul>\n<li><strong>Sensori\u0173 kiekis: <\/strong>3<\/li>\n<li><strong>Pagrindinis sensorius: <\/strong><a href=\"https:\/\/semiconductor.samsung.com\/image-sensor\/mobile-image-sensor\/isocell-hm6\/\">108 MP Samsung\u2122 HM6<\/a><\/li>\n<li><strong>Naktinio matymo sensorius:<\/strong> 12 MP<\/li>\n<li><strong>Filmavimas:<\/strong> 1440@30fps<\/li>\n<li><strong>Blykst\u0117s tipas:<\/strong> LED, 2 diod\u0173<\/li>\n<\/ul>\n<\/div>\n<\/div>\n<\/div>\n<div id=\"row-214715003\" class=\"row align-center\">\n<div id=\"col-883847564\" class=\"col medium-4 small-10 large-4\">\n<div class=\"col-inner\">\n<h1><strong>Priekin\u0117 kamera<\/strong><\/h1>\n<\/div>\n<\/div>\n<div id=\"col-35252131\" class=\"col medium-8 small-10 large-8\">\n<div class=\"col-inner\">\n<ul>\n<li><strong>Sensorius:<\/strong> 50MP <a href=\"https:\/\/semiconductor.samsung.com\/image-sensor\/mobile-image-sensor\/isocell-jn1\/\">Samsung\u2122 JN1<\/a><\/li>\n<li><b>Sensoriaus tipas: <\/b>ISOCELL<\/li>\n<li><strong>Filmavimas: <\/strong>1440p@30fps<\/li>\n<\/ul>\n<\/div>\n<\/div>\n<\/div>\n<div id=\"row-214715003\" class=\"row align-center\">\n<div id=\"col-883847564\" class=\"col medium-4 small-10 large-4\">\n<div class=\"col-inner\">\n<h1><strong>Internetas ir komunikacija<\/strong><\/h1>\n<\/div>\n<\/div>\n<div id=\"col-35252131\" class=\"col medium-8 small-10 large-8\">\n<div class=\"col-inner\">\n<ul>\n<li><strong>WiFi s\u0105saja: <\/strong>Taip<\/li>\n<li><strong>3G ry\u0161ys: <\/strong>Taip<\/li>\n<li><strong>4G ry\u0161ys: <\/strong>Taip<\/li>\n<li><strong>Bluetooth s\u0105saja: <\/strong>Taip<\/li>\n<li><strong>Bluetooth versija: <\/strong>5.2<\/li>\n<li><strong>NFC s\u0105saja: <\/strong>Taip<\/li>\n<li><strong>VoLTE s\u0105saja:<\/strong> Taip<\/li>\n<li><strong>FM radijas: <\/strong>Taip<\/li>\n<li><strong>GPS s\u0105saja: <\/strong>Taip<\/li>\n<li><strong>GPS sistemos:<\/strong> GPS, A-GPS, GLONASS, BeiDou, Galileo<\/li>\n<\/ul>\n<\/div>\n<\/div>\n<\/div>\n<div id=\"row-214715003\" class=\"row align-center\">\n<div id=\"col-883847564\" class=\"col medium-4 small-10 large-4\">\n<div class=\"col-inner\">\n<h1><strong>Baterija<\/strong><\/h1>\n<\/div>\n<\/div>\n<div id=\"col-35252131\" class=\"col medium-8 small-10 large-8\">\n<div class=\"col-inner\">\n<ul>\n<li><strong>Talpa:<\/strong> 5000 mAh<\/li>\n<li><strong>Greitasis laidinis \u012fkrovimas: <\/strong>Taip, 66 W<\/li>\n<li><strong>Atvirk\u0161tinis laidinis \u012fkrovimas:<\/strong> Taip, 18 W<\/li>\n<li><strong>Belaidis \u012fkrovimas:<\/strong> Taip, 15W<\/li>\n<\/ul>\n<\/div>\n<\/div>\n<\/div>\n<div id=\"row-214715003\" class=\"row align-center\">\n<div id=\"col-883847564\" class=\"col medium-4 small-10 large-4\">\n<div class=\"col-inner\">\n<h1><strong>Papildomi duomenys<\/strong><\/h1>\n<\/div>\n<\/div>\n<div id=\"col-35252131\" class=\"col medium-8 small-10 large-8\">\n<div class=\"col-inner\">\n<ul>\n<li>I\u0161leidimo laikas: 2026 m. sausis<\/li>\n<li>Gamybos laikas: 2026 m. II ketvirtis<\/li>\n<li>IP68\/IP69K standartas (atsparumas vandeniui ir dulk\u0117ms)<\/li>\n<li>MIL-STD-810H standartas<\/li>\n<li>Integruota Gemini AI s\u0105saja<\/li>\n<\/ul>\n<\/div>\n<\/div>\n<\/div>\n<\/div>\n<\/section>\n<p><img decoding=\"async\" src=\"https:\/\/ae01.alicdn.com\/kf\/A942b4325c9864448b3b3b7d44f36f8b6T.jpg\" \/><img decoding=\"async\" src=\"https:\/\/ae01.alicdn.com\/kf\/A2e51937f80da417c834a48e5ea508fd4u.png\" \/><img decoding=\"async\" src=\"https:\/\/ae01.alicdn.com\/kf\/A32beed2f5e1345fca919c75d891a8ddcX.png\" \/><img decoding=\"async\" src=\"https:\/\/ae01.alicdn.com\/kf\/Affcef40e56104023aa47d05666f276d4j.png\" \/><img decoding=\"async\" src=\"https:\/\/ae01.alicdn.com\/kf\/Af8778171536149509287c731e36224428.png\" \/><img decoding=\"async\" src=\"https:\/\/ae01.alicdn.com\/kf\/Aebdd80b845e14780b2a1716384121233t.png\" \/><img decoding=\"async\" src=\"https:\/\/ae01.alicdn.com\/kf\/A910ff3ab662c4636b298066b5f47a214K.png\" \/><img decoding=\"async\" src=\"https:\/\/ae01.alicdn.com\/kf\/A8d091db418d243e7aaeeebe39004fe2ak.png\" \/><img decoding=\"async\" src=\"https:\/\/ae01.alicdn.com\/kf\/A40de17d610c04ff8b4bbe8a7ed6b769dw.png\" \/><img decoding=\"async\" src=\"https:\/\/ae01.alicdn.com\/kf\/A30837a6e47fc4719b7f8a777f589cb41R.png\" \/><img decoding=\"async\" src=\"https:\/\/ae01.alicdn.com\/kf\/A9fab5518b5844e229e8ef11c8a79c785W.png\" \/><img decoding=\"async\" src=\"https:\/\/ae01.alicdn.com\/kf\/A20f318adf617420389fb7c365e9caf11J.png\" \/><img decoding=\"async\" src=\"https:\/\/ae01.alicdn.com\/kf\/A4c1da295c38341b6915250d8245a15f26.png\" \/><img decoding=\"async\" src=\"https:\/\/ae01.alicdn.com\/kf\/A38b348089a1242f888b044beea87ee09t.png\" \/><img decoding=\"async\" src=\"https:\/\/ae01.alicdn.com\/kf\/Aa96b8caef9d84bbeb52a16be1d4e0927h.png\" \/><img decoding=\"async\" src=\"https:\/\/ae01.alicdn.com\/kf\/Aa34f3b6bd5aa4ffc916d80e94c555a2d8.png\" \/><img decoding=\"async\" src=\"https:\/\/ae01.alicdn.com\/kf\/A22816bfbb26a40c5b87159c439ae4e51i.png\" \/><img decoding=\"async\" src=\"https:\/\/ae01.alicdn.com\/kf\/A3a5490d7b15f4b3398f1a1ac3a8cf93dN.png\" \/><img decoding=\"async\" src=\"https:\/\/ae01.alicdn.com\/kf\/A44a4629e5cc94e24b7bd7222d6fcc829j.png\" \/><img decoding=\"async\" src=\"https:\/\/ae01.alicdn.com\/kf\/A4cd0e926b19b488b85216dcab0b2e849E.png\" \/><img decoding=\"async\" src=\"https:\/\/ae01.alicdn.com\/kf\/A9ecc38d61c774abb8bd8f8a8230ed93bo.png\" \/><img decoding=\"async\" src=\"https:\/\/ae01.alicdn.com\/kf\/Ad29e6fa8d8be43159ebf42ad602cf30eu.jpg\" \/><img decoding=\"async\" src=\"https:\/\/ae01.alicdn.com\/kf\/A32e97992e51a4f8dbef1eaff2c59b9eax.png\" \/><img decoding=\"async\" src=\"https:\/\/ae01.alicdn.com\/kf\/Ae6d34fa9b0d94ce4b152c3211f260cffv.png\" \/><img decoding=\"async\" src=\"https:\/\/ae01.alicdn.com\/kf\/A4c2c82a49cf04c5eb2b629ebfa2891491.png\" \/><img decoding=\"async\" src=\"https:\/\/ae01.alicdn.com\/kf\/Ac50dff68f490441ca6e67ec80a0002d7S.png\" \/><img decoding=\"async\" src=\"https:\/\/ae01.alicdn.com\/kf\/A79819e25a7a144c3a95bc8fba49c9b11g.png\" \/><img decoding=\"async\" src=\"https:\/\/ae01.alicdn.com\/kf\/A01df6463da52481f886da099734b91ads.png\" \/><img decoding=\"async\" src=\"https:\/\/ae01.alicdn.com\/kf\/Aaea55fb5ac8a494baead4d735ac4d5dbc.png\" \/><img decoding=\"async\" src=\"https:\/\/ae01.alicdn.com\/kf\/A9f57c6ebc97945efbb8bec419f546204k.png\" \/><img decoding=\"async\" src=\"https:\/\/ae01.alicdn.com\/kf\/A71bb1daf22ab4f47b9eae8bdb46704f0R.png\" \/><img decoding=\"async\" src=\"https:\/\/ae01.alicdn.com\/kf\/A39a2c2daeb6d4e0b9cd452907f0ce156z.png\" \/><img decoding=\"async\" src=\"https:\/\/ae01.alicdn.com\/kf\/A8fcdea5dafaf408593686bf8fea6f3008.png\" \/><img decoding=\"async\" src=\"https:\/\/ae01.alicdn.com\/kf\/A1ab7b9ba654d4a6d9d4edfe3fb38e019j.png\" \/><\/p>\n<section id=\"section_2145972809\" class=\"section\">\n<div class=\"section-content relative\">\n<div id=\"row-214715003\" class=\"row align-center\">\n<div id=\"col-35252131\" class=\"col medium-8 small-10 large-8\">\n<div class=\"col-inner\">\n<p>&nbsp;<\/p>\n<p>&nbsp;<\/p>\n<\/div>\n<\/div>\n<\/div>\n<\/div>\n<\/section>\n<section id=\"section_2145972809\" class=\"section\">\n<div class=\"section-content relative\">\n<div id=\"row-214715003\" class=\"row align-center\"><\/div>\n<\/div>\n<\/section>\n<section id=\"section_2145972809\" class=\"section\">\n<div class=\"section-content relative\">\n<div id=\"row-214715003\" class=\"row align-center\">\n<div id=\"col-35252131\" class=\"col medium-8 small-10 large-8\">\n<div class=\"col-inner\"><\/div>\n<\/div>\n<\/div>\n<\/div>\n<\/section>\n<section id=\"section_2145972809\" class=\"section\">\n<div class=\"section-content relative\">\n<p>&nbsp;<\/p>\n<\/div>\n<\/section>\n","protected":false},"excerpt":{"rendered":"<p>Blackview Fort 5 \u2013 tvirtas, sm\u016bgiams, vandeniui ir dulk\u0117ms atsparus i\u0161manusis telefonas, sukurtas darbui sud\u0117tingomis s\u0105lygomis ir aktyviam gyvenimo b\u016bdui. \u012erenginys pasi\u017eymi 5000 mAh baterija su greituoju ir belaid\u017eiu \u012fkrovimu, 256 GB vidine atmintimi bei 36GB RAM ( 12GB fizin\u0117s ir 24GB virtualios atminties) . Telefonas turi didel\u012f 6,78 coli\u0173 120 Hz ekran\u0105, galing\u0105 MediaTek [&#8230;]\n","protected":false},"featured_media":6981,"template":"","meta":[],"product_brand":[],"product_cat":[80],"product_tag":[],"class_list":{"0":"post-6980","1":"product","2":"type-product","3":"status-publish","4":"has-post-thumbnail","6":"product_cat-blackview-telefonai","8":"first","9":"instock","10":"sale","11":"shipping-taxable","12":"purchasable","13":"product-type-simple"},"yoast_head":"<!-- This site is optimized with the Yoast SEO plugin v27.5 - https:\/\/yoast.com\/product\/yoast-seo-wordpress\/ -->\n<title>Blackview Fort 5 - 256GB\/12GB, Auksinis - Resolute.lt<\/title>\n<meta name=\"description\" content=\"Blackview Fort 5 \u2013 tvirtas, sm\u016bgiams, vandeniui ir dulk\u0117ms atsparus i\u0161manusis telefonas, sukurtas darbui sud\u0117tingomis s\u0105lygomis ir aktyviam gyvenimo b\u016bdui.\" \/>\n<meta name=\"robots\" content=\"index, follow, max-snippet:-1, max-image-preview:large, max-video-preview:-1\" \/>\n<link rel=\"canonical\" href=\"https:\/\/resolute.lt\/index.php\/produktas\/blackview-fort-5-auksinis\/\" \/>\n<meta property=\"og:locale\" content=\"lt_LT\" \/>\n<meta property=\"og:type\" content=\"article\" \/>\n<meta property=\"og:title\" content=\"Blackview Fort 5 - 256GB\/12GB, Auksinis - Resolute.lt\" \/>\n<meta property=\"og:description\" content=\"Blackview Fort 5 \u2013 tvirtas, sm\u016bgiams, vandeniui ir dulk\u0117ms atsparus i\u0161manusis telefonas, sukurtas darbui sud\u0117tingomis s\u0105lygomis ir aktyviam gyvenimo b\u016bdui.\" \/>\n<meta property=\"og:url\" content=\"https:\/\/resolute.lt\/index.php\/produktas\/blackview-fort-5-auksinis\/\" \/>\n<meta property=\"og:site_name\" content=\"Resolute.lt\" \/>\n<meta property=\"article:modified_time\" content=\"2026-05-06T19:25:31+00:00\" \/>\n<meta property=\"og:image\" content=\"https:\/\/resolute.lt\/wp-content\/uploads\/2026\/05\/1.-Blackview-Fort-5-Auksinis-IP68-Smugiams-vandeniui-dulkems-atsparus-telefonas-Waterproof-Rugged-Phone-Triecienizturigs-un-udensnecaurlaidigs-talrunis-Resolute.lt_.jpeg.jpeg\" \/>\n\t<meta property=\"og:image:width\" content=\"1250\" \/>\n\t<meta property=\"og:image:height\" content=\"1250\" \/>\n\t<meta property=\"og:image:type\" content=\"image\/jpeg\" \/>\n<meta name=\"twitter:card\" content=\"summary_large_image\" \/>\n<meta name=\"twitter:label1\" content=\"Est. reading time\" \/>\n\t<meta name=\"twitter:data1\" content=\"10 minu\u010di\u0173\" \/>\n<script type=\"application\/ld+json\" class=\"yoast-schema-graph\">{\"@context\":\"https:\\\/\\\/schema.org\",\"@graph\":[{\"@type\":\"WebPage\",\"@id\":\"https:\\\/\\\/resolute.lt\\\/index.php\\\/produktas\\\/blackview-fort-5-auksinis\\\/\",\"url\":\"https:\\\/\\\/resolute.lt\\\/index.php\\\/produktas\\\/blackview-fort-5-auksinis\\\/\",\"name\":\"Blackview Fort 5 - 256GB\\\/12GB, Auksinis - Resolute.lt\",\"isPartOf\":{\"@id\":\"https:\\\/\\\/resolute.lt\\\/#website\"},\"primaryImageOfPage\":{\"@id\":\"https:\\\/\\\/resolute.lt\\\/index.php\\\/produktas\\\/blackview-fort-5-auksinis\\\/#primaryimage\"},\"image\":{\"@id\":\"https:\\\/\\\/resolute.lt\\\/index.php\\\/produktas\\\/blackview-fort-5-auksinis\\\/#primaryimage\"},\"thumbnailUrl\":\"https:\\\/\\\/resolute.lt\\\/wp-content\\\/uploads\\\/2026\\\/05\\\/1.-Blackview-Fort-5-Auksinis-IP68-Smugiams-vandeniui-dulkems-atsparus-telefonas-Waterproof-Rugged-Phone-Triecienizturigs-un-udensnecaurlaidigs-talrunis-Resolute.lt_.jpeg.jpeg\",\"datePublished\":\"2026-05-04T06:00:15+00:00\",\"dateModified\":\"2026-05-06T19:25:31+00:00\",\"description\":\"Blackview Fort 5 \u2013 tvirtas, sm\u016bgiams, vandeniui ir dulk\u0117ms atsparus i\u0161manusis telefonas, sukurtas darbui sud\u0117tingomis s\u0105lygomis ir aktyviam gyvenimo b\u016bdui.\",\"breadcrumb\":{\"@id\":\"https:\\\/\\\/resolute.lt\\\/index.php\\\/produktas\\\/blackview-fort-5-auksinis\\\/#breadcrumb\"},\"inLanguage\":\"lt-LT\",\"potentialAction\":[{\"@type\":\"ReadAction\",\"target\":[\"https:\\\/\\\/resolute.lt\\\/index.php\\\/produktas\\\/blackview-fort-5-auksinis\\\/\"]}]},{\"@type\":\"ImageObject\",\"inLanguage\":\"lt-LT\",\"@id\":\"https:\\\/\\\/resolute.lt\\\/index.php\\\/produktas\\\/blackview-fort-5-auksinis\\\/#primaryimage\",\"url\":\"https:\\\/\\\/resolute.lt\\\/wp-content\\\/uploads\\\/2026\\\/05\\\/1.-Blackview-Fort-5-Auksinis-IP68-Smugiams-vandeniui-dulkems-atsparus-telefonas-Waterproof-Rugged-Phone-Triecienizturigs-un-udensnecaurlaidigs-talrunis-Resolute.lt_.jpeg.jpeg\",\"contentUrl\":\"https:\\\/\\\/resolute.lt\\\/wp-content\\\/uploads\\\/2026\\\/05\\\/1.-Blackview-Fort-5-Auksinis-IP68-Smugiams-vandeniui-dulkems-atsparus-telefonas-Waterproof-Rugged-Phone-Triecienizturigs-un-udensnecaurlaidigs-talrunis-Resolute.lt_.jpeg.jpeg\",\"width\":1250,\"height\":1250},{\"@type\":\"BreadcrumbList\",\"@id\":\"https:\\\/\\\/resolute.lt\\\/index.php\\\/produktas\\\/blackview-fort-5-auksinis\\\/#breadcrumb\",\"itemListElement\":[{\"@type\":\"ListItem\",\"position\":1,\"name\":\"Home\",\"item\":\"https:\\\/\\\/resolute.lt\\\/\"},{\"@type\":\"ListItem\",\"position\":2,\"name\":\"Resolute.lt\",\"item\":\"https:\\\/\\\/resolute.lt\\\/\"},{\"@type\":\"ListItem\",\"position\":3,\"name\":\"Blackview Fort 5 &#8211; 256GB\\\/12GB, Auksinis\"}]},{\"@type\":\"WebSite\",\"@id\":\"https:\\\/\\\/resolute.lt\\\/#website\",\"url\":\"https:\\\/\\\/resolute.lt\\\/\",\"name\":\"Resolute.lt\",\"description\":\"Sm\u016bgiams ir vandeniui telefonai\",\"potentialAction\":[{\"@type\":\"SearchAction\",\"target\":{\"@type\":\"EntryPoint\",\"urlTemplate\":\"https:\\\/\\\/resolute.lt\\\/?s={search_term_string}\"},\"query-input\":{\"@type\":\"PropertyValueSpecification\",\"valueRequired\":true,\"valueName\":\"search_term_string\"}}],\"inLanguage\":\"lt-LT\"}]}<\/script>\n<!-- \/ Yoast SEO plugin. -->","yoast_head_json":{"title":"Blackview Fort 5 - 256GB\/12GB, Auksinis - Resolute.lt","description":"Blackview Fort 5 \u2013 tvirtas, sm\u016bgiams, vandeniui ir dulk\u0117ms atsparus i\u0161manusis telefonas, sukurtas darbui sud\u0117tingomis s\u0105lygomis ir aktyviam gyvenimo b\u016bdui.","robots":{"index":"index","follow":"follow","max-snippet":"max-snippet:-1","max-image-preview":"max-image-preview:large","max-video-preview":"max-video-preview:-1"},"canonical":"https:\/\/resolute.lt\/index.php\/produktas\/blackview-fort-5-auksinis\/","og_locale":"lt_LT","og_type":"article","og_title":"Blackview Fort 5 - 256GB\/12GB, Auksinis - Resolute.lt","og_description":"Blackview Fort 5 \u2013 tvirtas, sm\u016bgiams, vandeniui ir dulk\u0117ms atsparus i\u0161manusis telefonas, sukurtas darbui sud\u0117tingomis s\u0105lygomis ir aktyviam gyvenimo b\u016bdui.","og_url":"https:\/\/resolute.lt\/index.php\/produktas\/blackview-fort-5-auksinis\/","og_site_name":"Resolute.lt","article_modified_time":"2026-05-06T19:25:31+00:00","og_image":[{"width":1250,"height":1250,"url":"https:\/\/resolute.lt\/wp-content\/uploads\/2026\/05\/1.-Blackview-Fort-5-Auksinis-IP68-Smugiams-vandeniui-dulkems-atsparus-telefonas-Waterproof-Rugged-Phone-Triecienizturigs-un-udensnecaurlaidigs-talrunis-Resolute.lt_.jpeg.jpeg","type":"image\/jpeg"}],"twitter_card":"summary_large_image","twitter_misc":{"Est. reading time":"10 minu\u010di\u0173"},"schema":{"@context":"https:\/\/schema.org","@graph":[{"@type":"WebPage","@id":"https:\/\/resolute.lt\/index.php\/produktas\/blackview-fort-5-auksinis\/","url":"https:\/\/resolute.lt\/index.php\/produktas\/blackview-fort-5-auksinis\/","name":"Blackview Fort 5 - 256GB\/12GB, Auksinis - Resolute.lt","isPartOf":{"@id":"https:\/\/resolute.lt\/#website"},"primaryImageOfPage":{"@id":"https:\/\/resolute.lt\/index.php\/produktas\/blackview-fort-5-auksinis\/#primaryimage"},"image":{"@id":"https:\/\/resolute.lt\/index.php\/produktas\/blackview-fort-5-auksinis\/#primaryimage"},"thumbnailUrl":"https:\/\/resolute.lt\/wp-content\/uploads\/2026\/05\/1.-Blackview-Fort-5-Auksinis-IP68-Smugiams-vandeniui-dulkems-atsparus-telefonas-Waterproof-Rugged-Phone-Triecienizturigs-un-udensnecaurlaidigs-talrunis-Resolute.lt_.jpeg.jpeg","datePublished":"2026-05-04T06:00:15+00:00","dateModified":"2026-05-06T19:25:31+00:00","description":"Blackview Fort 5 \u2013 tvirtas, sm\u016bgiams, vandeniui ir dulk\u0117ms atsparus i\u0161manusis telefonas, sukurtas darbui sud\u0117tingomis s\u0105lygomis ir aktyviam gyvenimo b\u016bdui.","breadcrumb":{"@id":"https:\/\/resolute.lt\/index.php\/produktas\/blackview-fort-5-auksinis\/#breadcrumb"},"inLanguage":"lt-LT","potentialAction":[{"@type":"ReadAction","target":["https:\/\/resolute.lt\/index.php\/produktas\/blackview-fort-5-auksinis\/"]}]},{"@type":"ImageObject","inLanguage":"lt-LT","@id":"https:\/\/resolute.lt\/index.php\/produktas\/blackview-fort-5-auksinis\/#primaryimage","url":"https:\/\/resolute.lt\/wp-content\/uploads\/2026\/05\/1.-Blackview-Fort-5-Auksinis-IP68-Smugiams-vandeniui-dulkems-atsparus-telefonas-Waterproof-Rugged-Phone-Triecienizturigs-un-udensnecaurlaidigs-talrunis-Resolute.lt_.jpeg.jpeg","contentUrl":"https:\/\/resolute.lt\/wp-content\/uploads\/2026\/05\/1.-Blackview-Fort-5-Auksinis-IP68-Smugiams-vandeniui-dulkems-atsparus-telefonas-Waterproof-Rugged-Phone-Triecienizturigs-un-udensnecaurlaidigs-talrunis-Resolute.lt_.jpeg.jpeg","width":1250,"height":1250},{"@type":"BreadcrumbList","@id":"https:\/\/resolute.lt\/index.php\/produktas\/blackview-fort-5-auksinis\/#breadcrumb","itemListElement":[{"@type":"ListItem","position":1,"name":"Home","item":"https:\/\/resolute.lt\/"},{"@type":"ListItem","position":2,"name":"Resolute.lt","item":"https:\/\/resolute.lt\/"},{"@type":"ListItem","position":3,"name":"Blackview Fort 5 &#8211; 256GB\/12GB, Auksinis"}]},{"@type":"WebSite","@id":"https:\/\/resolute.lt\/#website","url":"https:\/\/resolute.lt\/","name":"Resolute.lt","description":"Sm\u016bgiams ir vandeniui telefonai","potentialAction":[{"@type":"SearchAction","target":{"@type":"EntryPoint","urlTemplate":"https:\/\/resolute.lt\/?s={search_term_string}"},"query-input":{"@type":"PropertyValueSpecification","valueRequired":true,"valueName":"search_term_string"}}],"inLanguage":"lt-LT"}]}},"_links":{"self":[{"href":"https:\/\/resolute.lt\/index.php\/wp-json\/wp\/v2\/product\/6980","targetHints":{"allow":["GET"]}}],"collection":[{"href":"https:\/\/resolute.lt\/index.php\/wp-json\/wp\/v2\/product"}],"about":[{"href":"https:\/\/resolute.lt\/index.php\/wp-json\/wp\/v2\/types\/product"}],"wp:featuredmedia":[{"embeddable":true,"href":"https:\/\/resolute.lt\/index.php\/wp-json\/wp\/v2\/media\/6981"}],"wp:attachment":[{"href":"https:\/\/resolute.lt\/index.php\/wp-json\/wp\/v2\/media?parent=6980"}],"wp:term":[{"taxonomy":"product_brand","embeddable":true,"href":"https:\/\/resolute.lt\/index.php\/wp-json\/wp\/v2\/product_brand?post=6980"},{"taxonomy":"product_cat","embeddable":true,"href":"https:\/\/resolute.lt\/index.php\/wp-json\/wp\/v2\/product_cat?post=6980"},{"taxonomy":"product_tag","embeddable":true,"href":"https:\/\/resolute.lt\/index.php\/wp-json\/wp\/v2\/product_tag?post=6980"}],"curies":[{"name":"wp","href":"https:\/\/api.w.org\/{rel}","templated":true}]}}