{"id":6946,"date":"2026-05-01T15:11:12","date_gmt":"2026-05-01T15:11:12","guid":{"rendered":"https:\/\/resolute.lt\/?post_type=product&#038;p=6946"},"modified":"2026-05-06T19:48:56","modified_gmt":"2026-05-06T19:48:56","slug":"doogee-fire-3-max-zalias","status":"publish","type":"product","link":"https:\/\/resolute.lt\/index.php\/produktas\/doogee-fire-3-max-zalias\/","title":{"rendered":"Doogee Fire 3 Max &#8211; 256GB\/8GB, \u017dalias"},"content":{"rendered":"<p><strong>Dooge Fire 3 Max<\/strong> \u2013 tvirtas, sm\u016bgiams, vandeniui ir dulk\u0117ms atsparus i\u0161manusis telefonas, sukurtas aktyviam gyvenimo b\u016bdui ir darbui sud\u0117tingomis s\u0105lygomis. \u012erenginys pasi\u017eymi talpia 8350 mAh baterija su greituoju \u012fkrovimu, 256 GB vidine atmintimi ir 8 GB RAM, kuri\u0105 galima i\u0161pl\u0117sti virtualiai. Telefonas apr\u016bpintas 5,45 coli\u0173 ekranu, galingu Unisoc T7250 procesoriumi, 46 MP pagrindine kamera bei 20 MP naktinio matymo kamera. Dooge Fire 3 Max veikia su Android 15 operacine sistema, palaikan\u010dia lietuvi\u0173 kalb\u0105, ir atitinka IP68, IP69K bei MIL-STD-810H atsparumo standartus.<\/p>\n<p><strong><a href=\"https:\/\/www.resolute.lt\/\">RESOLUTE.LT EL. PARDUOTUV\u0116:<\/a><br \/>\n<\/strong><strong>\u2013 5-7 darbo dien\u0173 pristatymas!<\/strong><br \/>\n\u2013 Apmok\u0117jimas Google Pay, banko kortele, el. bankininkyste ar PayPal.<br \/>\n\u2013 Galimyb\u0117 \u012fsigyti gyvai Vilniuje (kreiptis +37062296802).<br \/>\n\u2013 Tik naujos prek\u0117s su 2 met\u0173 garantija!<\/p>\n<h3><strong>Idealus pasirinkimams ie\u0161kantiems \u0161i\u0173 savybi\u0173 viename \u012frenginyje:<\/strong><\/h3>\n<ul>\n<li>Puikiai tinka aktyviam laisvalaikiui, darbui sud\u0117tingomis s\u0105lygomis bei kasdieniam naudojimui<\/li>\n<li>Naktinio matymo kamera (20 MP Sony\u2122 IMX350)<\/li>\n<li>Didel\u0117 ilgo tarnavimo baterija (8500 mAh)<\/li>\n<\/ul>\n<h3><strong>Kiti sm\u016bgiams ir vandeniui atspar\u016bs Doogee modeliai:<\/strong><\/h3>\n<ul>\n<li>Domina teleofas su 16000 mAh baterija i\u0161 Oukitel\u2122? Rekomenduojame <strong><a href=\"https:\/\/resolute.lt\/index.php\/produktas\/oukitel-wp56-5g-juodas\/\" target=\"_blank\" rel=\"noopener\">Oukitel WP56<\/a><\/strong>.<\/li>\n<li>Domina geriausias pasirinkimas iki 400 \u20ac? Rekomenduojame <a href=\"https:\/\/resolute.lt\/index.php\/produktas\/doogee-blade-20-max-5g-zalias\/\" target=\"_blank\" rel=\"noopener\"><strong>Doogee Blade 20 Max<\/strong><\/a>.<\/li>\n<\/ul>\n<section id=\"section_2145972809\" class=\"section\">\n<div class=\"section-content relative\">\n<div id=\"row-1175821349\" class=\"row align-center\">\n<div id=\"col-130476939\" class=\"col medium-4 small-10 large-4\">\n<div class=\"col-inner\">\n<h1><strong>Komplektacija<\/strong><\/h1>\n<\/div>\n<\/div>\n<div id=\"col-1358541524\" class=\"col medium-8 small-10 large-8\">\n<div class=\"col-inner\">\n<ul>\n<li><b>1x\u00a0 <\/b>I\u0161manus telefonas<\/li>\n<li><b>1x\u00a0 <\/b>EU \u012fkroviklis (66 W)<\/li>\n<li><b>1x\u00a0 <\/b>USB-C laidas<\/li>\n<li><b>1x<\/b>\u00a0 Ekrano apsauga<\/li>\n<li><b>1x<\/b>\u00a0 Naudojimosi instrukcijos<\/li>\n<\/ul>\n<\/div>\n<\/div>\n<\/div>\n<div id=\"row-214715003\" class=\"row align-center\">\n<div id=\"col-883847564\" class=\"col medium-4 small-10 large-4\">\n<div class=\"col-inner\">\n<h1><strong>Bendrieji parametrai<\/strong><\/h1>\n<\/div>\n<\/div>\n<div id=\"col-35252131\" class=\"col medium-8 small-10 large-8\">\n<div class=\"col-inner\">\n<ul>\n<li><strong>Prek\u0117s tipas:<\/strong> Mobilieji telefonai<\/li>\n<li><strong>Prek\u0117s spalva:<\/strong> \u017dalia<\/li>\n<li><strong>Prek\u0117s korpusas: <\/strong>Metalas, polikarbonatas, TPU<\/li>\n<li><strong>Palaikom\u0173 SIM korteli\u0173 kiekis:<\/strong> 2<\/li>\n<li><strong>Palaikom\u0173 SIM korteli\u0173 tipas:<\/strong> NanoSIM<\/li>\n<\/ul>\n<\/div>\n<\/div>\n<\/div>\n<div id=\"row-214715003\" class=\"row align-center\">\n<div id=\"col-883847564\" class=\"col medium-4 small-10 large-4\">\n<div class=\"col-inner\">\n<h1><strong>Matmenys ir svoris<\/strong><\/h1>\n<\/div>\n<\/div>\n<div id=\"col-35252131\" class=\"col medium-8 small-10 large-8\">\n<div class=\"col-inner\">\n<ul>\n<li><strong>Matmenys: <\/strong>162,5 x 77,4 x 17,8 mm<\/li>\n<li><strong>Svoris:<\/strong> 291 g<\/li>\n<\/ul>\n<\/div>\n<\/div>\n<\/div>\n<div id=\"row-214715003\" class=\"row align-center\">\n<div id=\"col-883847564\" class=\"col medium-4 small-10 large-4\">\n<div class=\"col-inner\">\n<h1><strong>Operacin\u0117 sistema<\/strong><\/h1>\n<\/div>\n<\/div>\n<div id=\"col-35252131\" class=\"col medium-8 small-10 large-8\">\n<div class=\"col-inner\">\n<ul>\n<li><strong>Operacin\u0117 sistema:<\/strong> Android<\/li>\n<li><strong>Operacin\u0117s sistemos versija: <\/strong>15<\/li>\n<li><strong>Palaikomos kalbos:<\/strong> Lietuvi\u0173, angl\u0173, ispan\u0173, latvi\u0173, ukrainie\u010di\u0173, lenk\u0173, est\u0173, vokie\u010di\u0173, \u0161ved\u0173, \u010dek\u0173, pranc\u016bz\u0173, ital\u0173, rus\u0173 ir kt.<\/li>\n<\/ul>\n<\/div>\n<\/div>\n<\/div>\n<div id=\"row-214715003\" class=\"row align-center\">\n<div id=\"col-883847564\" class=\"col medium-4 small-10 large-4\">\n<div class=\"col-inner\">\n<h1><strong>Procesorius ir vaizdo plok\u0161t\u0117<\/strong><\/h1>\n<\/div>\n<\/div>\n<div id=\"col-35252131\" class=\"col medium-8 small-10 large-8\">\n<div class=\"col-inner\">\n<ul>\n<li><strong>Procesoriaus modelis: <\/strong>Unisoc\u2122 T7250<\/li>\n<li><strong>Proceso technologija:<\/strong> 12 nm<\/li>\n<li><strong>Procesoriaus branduoli\u0173 kiekis:<\/strong> 8<\/li>\n<li><strong>Procesoriaus branduoli\u0173 da\u017eniai: <\/strong>2x 1,8 GHz Cortex-A75 ir 6x 1,6 GHz Cortex-A55<\/li>\n<li><strong>Vaizdo plok\u0161t\u0117s modelis: <\/strong>Mali-G57 MP1<\/li>\n<li><strong>Vaizdo plok\u0161t\u0117s branduoli\u0173 kiekis:<\/strong> 1<\/li>\n<\/ul>\n<\/div>\n<\/div>\n<\/div>\n<div id=\"row-2111937453\" class=\"row align-center\">\n<div id=\"col-1355999373\" class=\"col medium-4 small-10 large-4\">\n<div class=\"col-inner\">\n<h1><strong>Atmintis<\/strong><\/h1>\n<\/div>\n<\/div>\n<div id=\"col-2062834539\" class=\"col medium-8 small-10 large-8\">\n<div class=\"col-inner\">\n<ul>\n<li><strong>Vidin\u0117 atminis: <\/strong>256 GB<\/li>\n<li><strong>Fizin\u0117 darbin\u0117 atmintis (RAM):<\/strong> 8 GB<\/li>\n<li><strong>Virtuali darbin\u0117 atmintis (RAM):<\/strong> 18 GB<\/li>\n<li><strong>Bendra darbin\u0117 atmintis (RAM):<\/strong> 26 GB<\/li>\n<li><strong>Darbin\u0117s atminties da\u017enis: <\/strong>1,6\u00a0GHz<\/li>\n<li><strong>Atminties kortel\u0117s palaikymas: <\/strong>Taip, MicroSD<\/li>\n<\/ul>\n<\/div>\n<\/div>\n<\/div>\n<div id=\"row-1271375553\" class=\"row align-center\">\n<div id=\"col-201046948\" class=\"col medium-4 small-10 large-4\">\n<div class=\"col-inner\">\n<h1><strong>Ekranas<\/strong><\/h1>\n<\/div>\n<\/div>\n<div id=\"col-35252131\" class=\"col medium-8 small-10 large-8\">\n<div class=\"col-inner\">\n<ul>\n<li><strong>Dydis:<\/strong> 5,45\u2033<\/li>\n<li><strong>Rai\u0161ka:<\/strong> 1440 x 720<\/li>\n<li><strong>PPI (pikseliai per col\u012f): <\/strong>295<\/li>\n<li><strong>Atnaujinimo da\u017enis:<\/strong> 60 Hz<\/li>\n<li><strong>Tipas:<\/strong> IPS LCD<\/li>\n<li><strong>Plotas:<\/strong> 61,14 %<\/li>\n<li><strong>I\u0161orinio stiklo tipas:<\/strong> \u012ebr\u0117\u017eimams atsparus<\/li>\n<li><strong>Dr\u0117gno lietimo re\u017eimas:<\/strong> Taip<\/li>\n<\/ul>\n<\/div>\n<\/div>\n<\/div>\n<div id=\"row-214715003\" class=\"row align-center\">\n<div id=\"col-883847564\" class=\"col medium-4 small-10 large-4\">\n<div class=\"col-inner\">\n<h1><strong>Lizdai ir sensoriai<\/strong><\/h1>\n<\/div>\n<\/div>\n<div id=\"col-35252131\" class=\"col medium-8 small-10 large-8\">\n<div class=\"col-inner\">\n<ul>\n<li><strong>USB lizdo tipas:<\/strong> USB Type-C<\/li>\n<li><strong>Ausini\u0173 lizdas (AUX): Taip<\/strong><\/li>\n<li><strong>Pir\u0161t\u0173 antspaud\u0173 sensorius:<\/strong> Taip, \u0161oninis<\/li>\n<\/ul>\n<\/div>\n<\/div>\n<\/div>\n<div id=\"row-214715003\" class=\"row align-center\">\n<div id=\"col-883847564\" class=\"col medium-4 small-10 large-4\">\n<div class=\"col-inner\">\n<h1><strong>Pagrindin\u0117 kamera<\/strong><\/h1>\n<\/div>\n<\/div>\n<div id=\"col-35252131\" class=\"col medium-8 small-10 large-8\">\n<div class=\"col-inner\">\n<ul>\n<li><strong>Sensori\u0173 kiekis: <\/strong>4<\/li>\n<li><strong>Pagrindinis sensorius:<\/strong> 48 MP CMOS<\/li>\n<li><strong>Naktinio matymo sensorius:<\/strong> 20 MP Sony\u2122 Exmor RS\u2122 IMX350<\/li>\n<li><strong>Filmavimas:<\/strong> 1080@30fps<\/li>\n<li><strong>Blykst\u0117s tipas:<\/strong> LED, 2 diod\u0173<\/li>\n<\/ul>\n<\/div>\n<\/div>\n<\/div>\n<div id=\"row-214715003\" class=\"row align-center\">\n<div id=\"col-883847564\" class=\"col medium-4 small-10 large-4\">\n<div class=\"col-inner\">\n<h1><strong>Priekin\u0117 kamera<\/strong><\/h1>\n<\/div>\n<\/div>\n<div id=\"col-35252131\" class=\"col medium-8 small-10 large-8\">\n<div class=\"col-inner\">\n<ul>\n<li><strong>Sensorius: <\/strong>20\u00a0MP<\/li>\n<li><strong>Filmavimas: <\/strong>1080p@30fps<\/li>\n<\/ul>\n<\/div>\n<\/div>\n<\/div>\n<div id=\"row-214715003\" class=\"row align-center\">\n<div id=\"col-883847564\" class=\"col medium-4 small-10 large-4\">\n<div class=\"col-inner\">\n<h1><strong>Internetas ir komunikacija<\/strong><\/h1>\n<\/div>\n<\/div>\n<div id=\"col-35252131\" class=\"col medium-8 small-10 large-8\">\n<div class=\"col-inner\">\n<ul>\n<li><strong>WiFi s\u0105saja: <\/strong>Taip<\/li>\n<li><strong>3G ry\u0161ys: <\/strong>Taip<\/li>\n<li><strong>4G ry\u0161ys: <\/strong>Taip<\/li>\n<li><strong>Bluetooth s\u0105saja: <\/strong>Taip<\/li>\n<li><strong>Bluetooth versija: <\/strong>5.0<\/li>\n<li><strong>NFC s\u0105saja: <\/strong>Taip<\/li>\n<li><strong>VoLTE s\u0105saja:<\/strong> Taip<\/li>\n<li><strong>FM radijas: <\/strong>Taip<\/li>\n<li><strong>GPS s\u0105saja: <\/strong>Taip<\/li>\n<li><strong>GPS sistemos:<\/strong> GPS, A-GPS, GLONASS, BeiDou, Galileo<\/li>\n<\/ul>\n<\/div>\n<\/div>\n<\/div>\n<div id=\"row-214715003\" class=\"row align-center\">\n<div id=\"col-883847564\" class=\"col medium-4 small-10 large-4\">\n<div class=\"col-inner\">\n<h1><strong>Baterija<\/strong><\/h1>\n<\/div>\n<\/div>\n<div id=\"col-35252131\" class=\"col medium-8 small-10 large-8\">\n<div class=\"col-inner\">\n<ul>\n<li><strong>Talpa:<\/strong> 8350 mAh<\/li>\n<li><strong>Greitasis laidinis \u012fkrovimas: <\/strong>Taip, 66 W<\/li>\n<li><strong>Atvirk\u0161tinis laidinis \u012fkrovimas:<\/strong> Taip, 18 W<\/li>\n<li><strong>Belaidis \u012fkrovimas:<\/strong> Ne<\/li>\n<\/ul>\n<\/div>\n<\/div>\n<\/div>\n<div id=\"row-214715003\" class=\"row align-center\">\n<div id=\"col-883847564\" class=\"col medium-4 small-10 large-4\">\n<div class=\"col-inner\">\n<h1><strong>Papildomi duomenys<\/strong><\/h1>\n<\/div>\n<\/div>\n<div id=\"col-35252131\" class=\"col medium-8 small-10 large-8\">\n<div class=\"col-inner\">\n<ul>\n<li>I\u0161leidimo laikas: 2025 m. liepa<\/li>\n<li>Gamybos laikas: 2026 m. II ketvirtis<\/li>\n<li>IP68\/IP69K standartas (atsparumas vandeniui ir dulk\u0117ms)<\/li>\n<li>MIL-STD-810H standartas<\/li>\n<li>Integruota Gemini AI s\u0105saja<\/li>\n<\/ul>\n<\/div>\n<\/div>\n<p><img decoding=\"async\" class=\"aligncenter\" src=\"https:\/\/ae01.alicdn.com\/kf\/Sf2b8f0a9631f4347ad1cdd9740aad12fL.jpg\" \/><img decoding=\"async\" class=\"aligncenter\" src=\"https:\/\/ae01.alicdn.com\/kf\/Sd6832987b01b4f74a85e8293e529f8877.jpg\" \/><img decoding=\"async\" class=\"aligncenter\" src=\"https:\/\/ae01.alicdn.com\/kf\/S7e605ebc9cc84dc1b5a268175500e65d8.jpg\" \/><img decoding=\"async\" class=\"aligncenter\" style=\"color: #333333;\" src=\"https:\/\/ae01.alicdn.com\/kf\/Sb5976b7cb5ed403088c09e46f383ac1bv.jpg\" \/><img decoding=\"async\" class=\"aligncenter\" src=\"https:\/\/ae01.alicdn.com\/kf\/S9a7ebb4ef5fd450ea04bc15670afed5de.jpg\" \/><img decoding=\"async\" class=\"aligncenter\" src=\"https:\/\/ae01.alicdn.com\/kf\/S11c52998d381482a9862c561fa85d7c2A.jpg\" \/><img decoding=\"async\" class=\"aligncenter\" src=\"https:\/\/ae01.alicdn.com\/kf\/S461629ae47e34c039992e0409fb26562s.jpg\" \/><img decoding=\"async\" class=\"aligncenter\" src=\"https:\/\/ae01.alicdn.com\/kf\/Sde9e1248996545859cc72eedcb4cbc3eI.jpg\" \/><img decoding=\"async\" class=\"aligncenter\" src=\"https:\/\/ae01.alicdn.com\/kf\/S2ae898598e34411395230544f3512202f.jpg\" \/><img decoding=\"async\" class=\"aligncenter\" src=\"https:\/\/ae01.alicdn.com\/kf\/S65e4c47fd1904f9fafc21b37a763b8f89.jpg\" \/><img decoding=\"async\" class=\"aligncenter\" src=\"https:\/\/ae01.alicdn.com\/kf\/Sfd65371e94e24836b6dff31c8ee025456.jpg\" \/><img decoding=\"async\" class=\"aligncenter\" src=\"https:\/\/ae01.alicdn.com\/kf\/S6b76889e57d14ffa917f9ba6abac987du.jpg\" \/><img decoding=\"async\" class=\"aligncenter\" src=\"https:\/\/ae01.alicdn.com\/kf\/Se3edf644e405458495aae6dc5d152394K.jpg\" \/><img decoding=\"async\" class=\"aligncenter\" src=\"https:\/\/ae01.alicdn.com\/kf\/Sdcde622c0f0a4ebb8ac9566c7b17a2dfD.jpg\" \/><img decoding=\"async\" class=\"aligncenter\" src=\"https:\/\/ae01.alicdn.com\/kf\/S7112470fe76646a8a2c46876542da6c2l.jpg\" \/><img decoding=\"async\" class=\"aligncenter\" src=\"https:\/\/ae01.alicdn.com\/kf\/S0b49c70e432c4d738eb7a59b801bfddaY.jpg\" \/><img decoding=\"async\" class=\"aligncenter\" src=\"https:\/\/ae01.alicdn.com\/kf\/Sad8b9d9b026e48f1a7a5ee86d901b321f.jpg\" \/><img decoding=\"async\" class=\"aligncenter\" src=\"https:\/\/ae01.alicdn.com\/kf\/S444af4bdf34e491cb648c0ec7d9b8323h.jpg\" \/><img decoding=\"async\" class=\"aligncenter\" src=\"https:\/\/ae01.alicdn.com\/kf\/Sd57073fd36de441e952341f287c0e145E.jpg\" \/><img decoding=\"async\" class=\"aligncenter\" src=\"https:\/\/ae01.alicdn.com\/kf\/S54ebf65416d24510b59518ce32385b22h.jpg\" \/><img decoding=\"async\" class=\"aligncenter\" src=\"https:\/\/ae01.alicdn.com\/kf\/Sb6e84f8da3364b04a4ad6d09cd872d06G.jpg\" \/><img decoding=\"async\" class=\"aligncenter\" src=\"https:\/\/ae01.alicdn.com\/kf\/S1d7215c39ee34c1cb6bca34eadc2db6fR.jpg\" \/><img decoding=\"async\" class=\"aligncenter\" src=\"https:\/\/ae01.alicdn.com\/kf\/S07765ea2b68d45e2a220167586abd488F.jpg\" \/><img decoding=\"async\" class=\"aligncenter\" src=\"https:\/\/ae01.alicdn.com\/kf\/S42e7d7064407478e9a9d7bc1c4c4724aQ.jpg\" \/><\/p>\n<div id=\"col-35252131\" class=\"col medium-8 small-10 large-8\">\n<div class=\"col-inner\">\n<p>&nbsp;<\/p>\n<p>&nbsp;<\/p>\n<\/div>\n<\/div>\n<\/div>\n<\/div>\n<\/section>\n<section id=\"section_2145972809\" class=\"section\">\n<div class=\"section-content relative\">\n<div id=\"row-214715003\" class=\"row align-center\"><\/div>\n<\/div>\n<\/section>\n<section id=\"section_2145972809\" class=\"section\">\n<div class=\"section-content relative\">\n<div id=\"row-214715003\" class=\"row align-center\">\n<div id=\"col-35252131\" class=\"col medium-8 small-10 large-8\">\n<div class=\"col-inner\"><\/div>\n<\/div>\n<\/div>\n<\/div>\n<\/section>\n<section id=\"section_2145972809\" class=\"section\">\n<div class=\"section-content relative\">\n<p>&nbsp;<\/p>\n<\/div>\n<\/section>\n","protected":false},"excerpt":{"rendered":"<p>Dooge Fire 3 Max \u2013 tvirtas, sm\u016bgiams, vandeniui ir dulk\u0117ms atsparus i\u0161manusis telefonas, sukurtas aktyviam gyvenimo b\u016bdui ir darbui sud\u0117tingomis s\u0105lygomis. \u012erenginys pasi\u017eymi talpia 8350 mAh baterija su greituoju \u012fkrovimu, 256 GB vidine atmintimi ir 8 GB RAM, kuri\u0105 galima i\u0161pl\u0117sti virtualiai. Telefonas apr\u016bpintas 5,45 coli\u0173 ekranu, galingu Unisoc T7250 procesoriumi, 46 MP pagrindine kamera [&#8230;]\n","protected":false},"featured_media":6948,"template":"","meta":[],"product_brand":[],"product_cat":[34],"product_tag":[],"class_list":{"0":"post-6946","1":"product","2":"type-product","3":"status-publish","4":"has-post-thumbnail","6":"product_cat-doogee-telefonai","8":"first","9":"instock","10":"sale","11":"shipping-taxable","12":"purchasable","13":"product-type-simple"},"yoast_head":"<!-- This site is optimized with the Yoast SEO plugin v27.5 - https:\/\/yoast.com\/product\/yoast-seo-wordpress\/ -->\n<title>Doogee Fire 3 Max - 256GB\/8GB, \u017dalias - Resolute.lt<\/title>\n<meta name=\"description\" content=\"Doogee Fire 3 Max\u00a0\u2013 vandeniui ir sm\u016bgiams atsparus 4G telefonas su 48 MP kamera, didel\u0119 8350 mAh baterija ir meniu lietuvi\u0173 kalba.\" \/>\n<meta name=\"robots\" content=\"index, follow, max-snippet:-1, max-image-preview:large, max-video-preview:-1\" \/>\n<link rel=\"canonical\" href=\"https:\/\/resolute.lt\/index.php\/produktas\/doogee-fire-3-max-zalias\/\" \/>\n<meta property=\"og:locale\" content=\"lt_LT\" \/>\n<meta property=\"og:type\" content=\"article\" \/>\n<meta property=\"og:title\" content=\"Doogee Fire 3 Max - 256GB\/8GB, \u017dalias - Resolute.lt\" \/>\n<meta property=\"og:description\" content=\"Doogee Fire 3 Max\u00a0\u2013 vandeniui ir sm\u016bgiams atsparus 4G telefonas su 48 MP kamera, didel\u0119 8350 mAh baterija ir meniu lietuvi\u0173 kalba.\" \/>\n<meta property=\"og:url\" content=\"https:\/\/resolute.lt\/index.php\/produktas\/doogee-fire-3-max-zalias\/\" \/>\n<meta property=\"og:site_name\" content=\"Resolute.lt\" \/>\n<meta property=\"article:modified_time\" content=\"2026-05-06T19:48:56+00:00\" \/>\n<meta property=\"og:image\" content=\"https:\/\/resolute.lt\/wp-content\/uploads\/2026\/05\/1.-Dooge-Fire-3-Max-4G-Zalias-IP68-Smugiams-vandeniui-dulkems-atsparus-telefonas-Waterproof-Rugged-Phone-Triecienizturigs-un-udensnecaurlaidigs-talrunis-Resolute.lt_.jpeg\" \/>\n\t<meta property=\"og:image:width\" content=\"1000\" \/>\n\t<meta property=\"og:image:height\" content=\"1000\" \/>\n\t<meta property=\"og:image:type\" content=\"image\/jpeg\" \/>\n<meta name=\"twitter:card\" content=\"summary_large_image\" \/>\n<meta name=\"twitter:label1\" content=\"Est. reading time\" \/>\n\t<meta name=\"twitter:data1\" content=\"8 minut\u0117s\" \/>\n<script type=\"application\/ld+json\" class=\"yoast-schema-graph\">{\"@context\":\"https:\\\/\\\/schema.org\",\"@graph\":[{\"@type\":\"WebPage\",\"@id\":\"https:\\\/\\\/resolute.lt\\\/index.php\\\/produktas\\\/doogee-fire-3-max-zalias\\\/\",\"url\":\"https:\\\/\\\/resolute.lt\\\/index.php\\\/produktas\\\/doogee-fire-3-max-zalias\\\/\",\"name\":\"Doogee Fire 3 Max - 256GB\\\/8GB, \u017dalias - Resolute.lt\",\"isPartOf\":{\"@id\":\"https:\\\/\\\/resolute.lt\\\/#website\"},\"primaryImageOfPage\":{\"@id\":\"https:\\\/\\\/resolute.lt\\\/index.php\\\/produktas\\\/doogee-fire-3-max-zalias\\\/#primaryimage\"},\"image\":{\"@id\":\"https:\\\/\\\/resolute.lt\\\/index.php\\\/produktas\\\/doogee-fire-3-max-zalias\\\/#primaryimage\"},\"thumbnailUrl\":\"https:\\\/\\\/resolute.lt\\\/wp-content\\\/uploads\\\/2026\\\/05\\\/1.-Dooge-Fire-3-Max-4G-Zalias-IP68-Smugiams-vandeniui-dulkems-atsparus-telefonas-Waterproof-Rugged-Phone-Triecienizturigs-un-udensnecaurlaidigs-talrunis-Resolute.lt_.jpeg\",\"datePublished\":\"2026-05-01T15:11:12+00:00\",\"dateModified\":\"2026-05-06T19:48:56+00:00\",\"description\":\"Doogee Fire 3 Max\u00a0\u2013 vandeniui ir sm\u016bgiams atsparus 4G telefonas su 48 MP kamera, didel\u0119 8350 mAh baterija ir meniu lietuvi\u0173 kalba.\",\"breadcrumb\":{\"@id\":\"https:\\\/\\\/resolute.lt\\\/index.php\\\/produktas\\\/doogee-fire-3-max-zalias\\\/#breadcrumb\"},\"inLanguage\":\"lt-LT\",\"potentialAction\":[{\"@type\":\"ReadAction\",\"target\":[\"https:\\\/\\\/resolute.lt\\\/index.php\\\/produktas\\\/doogee-fire-3-max-zalias\\\/\"]}]},{\"@type\":\"ImageObject\",\"inLanguage\":\"lt-LT\",\"@id\":\"https:\\\/\\\/resolute.lt\\\/index.php\\\/produktas\\\/doogee-fire-3-max-zalias\\\/#primaryimage\",\"url\":\"https:\\\/\\\/resolute.lt\\\/wp-content\\\/uploads\\\/2026\\\/05\\\/1.-Dooge-Fire-3-Max-4G-Zalias-IP68-Smugiams-vandeniui-dulkems-atsparus-telefonas-Waterproof-Rugged-Phone-Triecienizturigs-un-udensnecaurlaidigs-talrunis-Resolute.lt_.jpeg\",\"contentUrl\":\"https:\\\/\\\/resolute.lt\\\/wp-content\\\/uploads\\\/2026\\\/05\\\/1.-Dooge-Fire-3-Max-4G-Zalias-IP68-Smugiams-vandeniui-dulkems-atsparus-telefonas-Waterproof-Rugged-Phone-Triecienizturigs-un-udensnecaurlaidigs-talrunis-Resolute.lt_.jpeg\",\"width\":1000,\"height\":1000},{\"@type\":\"BreadcrumbList\",\"@id\":\"https:\\\/\\\/resolute.lt\\\/index.php\\\/produktas\\\/doogee-fire-3-max-zalias\\\/#breadcrumb\",\"itemListElement\":[{\"@type\":\"ListItem\",\"position\":1,\"name\":\"Home\",\"item\":\"https:\\\/\\\/resolute.lt\\\/\"},{\"@type\":\"ListItem\",\"position\":2,\"name\":\"Resolute.lt\",\"item\":\"https:\\\/\\\/resolute.lt\\\/\"},{\"@type\":\"ListItem\",\"position\":3,\"name\":\"Doogee Fire 3 Max &#8211; 256GB\\\/8GB, \u017dalias\"}]},{\"@type\":\"WebSite\",\"@id\":\"https:\\\/\\\/resolute.lt\\\/#website\",\"url\":\"https:\\\/\\\/resolute.lt\\\/\",\"name\":\"Resolute.lt\",\"description\":\"Sm\u016bgiams ir vandeniui telefonai\",\"potentialAction\":[{\"@type\":\"SearchAction\",\"target\":{\"@type\":\"EntryPoint\",\"urlTemplate\":\"https:\\\/\\\/resolute.lt\\\/?s={search_term_string}\"},\"query-input\":{\"@type\":\"PropertyValueSpecification\",\"valueRequired\":true,\"valueName\":\"search_term_string\"}}],\"inLanguage\":\"lt-LT\"}]}<\/script>\n<!-- \/ Yoast SEO plugin. -->","yoast_head_json":{"title":"Doogee Fire 3 Max - 256GB\/8GB, \u017dalias - Resolute.lt","description":"Doogee Fire 3 Max\u00a0\u2013 vandeniui ir sm\u016bgiams atsparus 4G telefonas su 48 MP kamera, didel\u0119 8350 mAh baterija ir meniu lietuvi\u0173 kalba.","robots":{"index":"index","follow":"follow","max-snippet":"max-snippet:-1","max-image-preview":"max-image-preview:large","max-video-preview":"max-video-preview:-1"},"canonical":"https:\/\/resolute.lt\/index.php\/produktas\/doogee-fire-3-max-zalias\/","og_locale":"lt_LT","og_type":"article","og_title":"Doogee Fire 3 Max - 256GB\/8GB, \u017dalias - Resolute.lt","og_description":"Doogee Fire 3 Max\u00a0\u2013 vandeniui ir sm\u016bgiams atsparus 4G telefonas su 48 MP kamera, didel\u0119 8350 mAh baterija ir meniu lietuvi\u0173 kalba.","og_url":"https:\/\/resolute.lt\/index.php\/produktas\/doogee-fire-3-max-zalias\/","og_site_name":"Resolute.lt","article_modified_time":"2026-05-06T19:48:56+00:00","og_image":[{"width":1000,"height":1000,"url":"https:\/\/resolute.lt\/wp-content\/uploads\/2026\/05\/1.-Dooge-Fire-3-Max-4G-Zalias-IP68-Smugiams-vandeniui-dulkems-atsparus-telefonas-Waterproof-Rugged-Phone-Triecienizturigs-un-udensnecaurlaidigs-talrunis-Resolute.lt_.jpeg","type":"image\/jpeg"}],"twitter_card":"summary_large_image","twitter_misc":{"Est. reading time":"8 minut\u0117s"},"schema":{"@context":"https:\/\/schema.org","@graph":[{"@type":"WebPage","@id":"https:\/\/resolute.lt\/index.php\/produktas\/doogee-fire-3-max-zalias\/","url":"https:\/\/resolute.lt\/index.php\/produktas\/doogee-fire-3-max-zalias\/","name":"Doogee Fire 3 Max - 256GB\/8GB, \u017dalias - Resolute.lt","isPartOf":{"@id":"https:\/\/resolute.lt\/#website"},"primaryImageOfPage":{"@id":"https:\/\/resolute.lt\/index.php\/produktas\/doogee-fire-3-max-zalias\/#primaryimage"},"image":{"@id":"https:\/\/resolute.lt\/index.php\/produktas\/doogee-fire-3-max-zalias\/#primaryimage"},"thumbnailUrl":"https:\/\/resolute.lt\/wp-content\/uploads\/2026\/05\/1.-Dooge-Fire-3-Max-4G-Zalias-IP68-Smugiams-vandeniui-dulkems-atsparus-telefonas-Waterproof-Rugged-Phone-Triecienizturigs-un-udensnecaurlaidigs-talrunis-Resolute.lt_.jpeg","datePublished":"2026-05-01T15:11:12+00:00","dateModified":"2026-05-06T19:48:56+00:00","description":"Doogee Fire 3 Max\u00a0\u2013 vandeniui ir sm\u016bgiams atsparus 4G telefonas su 48 MP kamera, didel\u0119 8350 mAh baterija ir meniu lietuvi\u0173 kalba.","breadcrumb":{"@id":"https:\/\/resolute.lt\/index.php\/produktas\/doogee-fire-3-max-zalias\/#breadcrumb"},"inLanguage":"lt-LT","potentialAction":[{"@type":"ReadAction","target":["https:\/\/resolute.lt\/index.php\/produktas\/doogee-fire-3-max-zalias\/"]}]},{"@type":"ImageObject","inLanguage":"lt-LT","@id":"https:\/\/resolute.lt\/index.php\/produktas\/doogee-fire-3-max-zalias\/#primaryimage","url":"https:\/\/resolute.lt\/wp-content\/uploads\/2026\/05\/1.-Dooge-Fire-3-Max-4G-Zalias-IP68-Smugiams-vandeniui-dulkems-atsparus-telefonas-Waterproof-Rugged-Phone-Triecienizturigs-un-udensnecaurlaidigs-talrunis-Resolute.lt_.jpeg","contentUrl":"https:\/\/resolute.lt\/wp-content\/uploads\/2026\/05\/1.-Dooge-Fire-3-Max-4G-Zalias-IP68-Smugiams-vandeniui-dulkems-atsparus-telefonas-Waterproof-Rugged-Phone-Triecienizturigs-un-udensnecaurlaidigs-talrunis-Resolute.lt_.jpeg","width":1000,"height":1000},{"@type":"BreadcrumbList","@id":"https:\/\/resolute.lt\/index.php\/produktas\/doogee-fire-3-max-zalias\/#breadcrumb","itemListElement":[{"@type":"ListItem","position":1,"name":"Home","item":"https:\/\/resolute.lt\/"},{"@type":"ListItem","position":2,"name":"Resolute.lt","item":"https:\/\/resolute.lt\/"},{"@type":"ListItem","position":3,"name":"Doogee Fire 3 Max &#8211; 256GB\/8GB, \u017dalias"}]},{"@type":"WebSite","@id":"https:\/\/resolute.lt\/#website","url":"https:\/\/resolute.lt\/","name":"Resolute.lt","description":"Sm\u016bgiams ir vandeniui telefonai","potentialAction":[{"@type":"SearchAction","target":{"@type":"EntryPoint","urlTemplate":"https:\/\/resolute.lt\/?s={search_term_string}"},"query-input":{"@type":"PropertyValueSpecification","valueRequired":true,"valueName":"search_term_string"}}],"inLanguage":"lt-LT"}]}},"_links":{"self":[{"href":"https:\/\/resolute.lt\/index.php\/wp-json\/wp\/v2\/product\/6946","targetHints":{"allow":["GET"]}}],"collection":[{"href":"https:\/\/resolute.lt\/index.php\/wp-json\/wp\/v2\/product"}],"about":[{"href":"https:\/\/resolute.lt\/index.php\/wp-json\/wp\/v2\/types\/product"}],"wp:featuredmedia":[{"embeddable":true,"href":"https:\/\/resolute.lt\/index.php\/wp-json\/wp\/v2\/media\/6948"}],"wp:attachment":[{"href":"https:\/\/resolute.lt\/index.php\/wp-json\/wp\/v2\/media?parent=6946"}],"wp:term":[{"taxonomy":"product_brand","embeddable":true,"href":"https:\/\/resolute.lt\/index.php\/wp-json\/wp\/v2\/product_brand?post=6946"},{"taxonomy":"product_cat","embeddable":true,"href":"https:\/\/resolute.lt\/index.php\/wp-json\/wp\/v2\/product_cat?post=6946"},{"taxonomy":"product_tag","embeddable":true,"href":"https:\/\/resolute.lt\/index.php\/wp-json\/wp\/v2\/product_tag?post=6946"}],"curies":[{"name":"wp","href":"https:\/\/api.w.org\/{rel}","templated":true}]}}