{"id":694,"date":"2020-10-07T08:22:58","date_gmt":"2020-10-07T08:22:58","guid":{"rendered":"https:\/\/resolute.lt\/?post_type=product&#038;p=694"},"modified":"2025-02-27T08:35:38","modified_gmt":"2025-02-27T08:35:38","slug":"ulefone-armor-9","status":"publish","type":"product","link":"https:\/\/resolute.lt\/index.php\/produktas\/ulefone-armor-9\/","title":{"rendered":"Ulefone Armor 9 &#8211; 128\/8GB, Juodas"},"content":{"rendered":"<p><strong>Ulefone Armor 9<\/strong>\u00a0&#8211; termovizori\u0173 turintis, auk\u0161\u010diausios klas\u0117s sustiprinto korpuso vandeniui atsparus telefonas. \u012erenginys stebina ypatingu parametr\u0173 spektru: termovizoriumi, 64MP Samsung kamera, 128GB vidine ir 8GB darbine (RAM) atmintimi, 2340 x 1080 rai\u0161kos 6,3&#8243; ekranu, kur\u012f galima valdyti m\u016bvint pir\u0161tines, bei ilgo tarnavimo (6600 mAh) baterija su belaid\u017eio krovimo funkcija. Android 10 operacin\u0117 sistema su lietuvi\u0173 kalba.<\/p>\n<p><strong><a href=\"http:\/\/www.resolute.lt\">RESOLUTE.LT EL. PARDUOTUV\u0116:<\/a><br \/>\n<\/strong>\u2013 Standartinis pristatymas (apmokant banko kortele, el. bankininkyste, Paysera ar Paypal).<\/p>\n<p><strong>KOMPLEKTACIJA:<\/strong><br \/>\n1 x i\u0161manus \u012frenginys<br \/>\n1 x \u012fkroviklis (greitojo \u012fkrovimo, 18W)<br \/>\n1 x USB Type-C laidas<br \/>\n1 x USB Type-C &#8211; USB adapteris (OTG)<br \/>\n1 x USB Type-C &#8211; MicroUSB adapteris<br \/>\n1 x apsaugin\u0117 ekrano pl\u0117vel\u0117 (u\u017ed\u0117ta gamykli\u0161kai)<br \/>\n1 x apsauginis ekrano gr\u016bdintas stiklas (papildomas)<br \/>\n1 x \u012frankis lizd\u0173 dangteli\u0173 atidarymui<br \/>\n1 x SIM lizdo adat\u0117l\u0117<br \/>\n1 x pakabukas telefonui<br \/>\n1 x naudojimosi instrukcijos<\/p>\n<p><b>PARAMETRAI:\u00a0<\/b><br \/>\nA\u0161tuoni\u0173 branduoli\u0173 MediaTek MT6779V Helio P90 (2x 2,2 GHz Cortex-A75 ir 6x 2,0 GHz Cortex-A55) procesorius<br \/>\nPowerVR GM9446 vaizdo plok\u0161t\u0117, 970 MHz<br \/>\nAndroid 10 operacin\u0117 sistema<br \/>\nPlay Store aplikacij\u0173 parduotuv\u0117<br \/>\nLietuvi\u0173, lenk\u0173, rus\u0173, angl\u0173 ir kt. kalbos<br \/>\n128GB vidin\u0117 atmintis<br \/>\nMicroSD atminties kortel\u0117s palaikymas (iki 2TB)<br \/>\n8GB darbin\u0117 atmintis (RAM)<br \/>\nFull HD+ 2340 x 1080 rai\u0161kos 6,3&#8243; IPS LCD ekranas<br \/>\nKeturguba 64 MP, f\/1,89 (Samsung S5KGW1 sensorius) + 2 MP (gylio) + FLIR Lepton (termovizorius) + 5 MP (termo pagalbin\u0117) pagrindin\u0117 kamera<br \/>\nsu keturguba LED blykste, autofokusavimu, 4K@30fps filmavimas<br \/>\n8 MP, f\/2,2 priekin\u0117 kamera, 1080p@30fps filmavimas su Face Unlock (atrakinimo veidu) funkcija<br \/>\nI\u0161sam\u016bs termovizoriaus parametrai: FLIR Lepton su MSX\u00ae technologija, I\u0161matuojamas temperat\u016bros diapazonas: -10 \u2103 &#8211; 400 \u2103, 5 MP Auxiliary kameros sensorius, I\u0161 anksto \u012fdiegta programa MyFLIR2<br \/>\nYpa\u010d talpi (6600 mAh) baterija<br \/>\nDviej\u0173 Nano-SIM korteli\u0173 palaikymas<br \/>\nWiFi, Bluetooth 5.0, GPS, NFC, FM radijo, Edge, 3G (HSPA+), 4G-LTE ry\u0161iai<br \/>\nUSB Type-C greitojo \u012fkrovimo (18W) ir duomen\u0173 perk\u0117limo lizdas<br \/>\nKomplektuojamas su EU arba US tipo \u012fkrovikliu<br \/>\nGreitojo belaid\u017eio \u012fkrovimo funkcija<br \/>\n\u0160oninis pir\u0161t\u0173 antspaud\u0173 sensorius<br \/>\nIP68 sertifikatas (atsparumas vandeniui ir dulk\u0117ms)<br \/>\n<span class=\"\">I\u0161matavimai: 168,2 x 82 x 15 mm<br \/>\n<\/span>Svoris: 320 g<br \/>\n<span class=\"\">Gamybos metai: 2024<\/span><\/p>\n","protected":false},"excerpt":{"rendered":"<p>Ulefone Armor 9\u00a0&#8211; termovizori\u0173 turintis, auk\u0161\u010diausios klas\u0117s sustiprinto korpuso vandeniui atsparus telefonas. \u012erenginys stebina ypatingu parametr\u0173 spektru: termovizoriumi, 64MP Samsung kamera, 128GB vidine ir 8GB darbine (RAM) atmintimi, 2340 x 1080 rai\u0161kos 6,3&#8243; ekranu, kur\u012f galima valdyti m\u016bvint pir\u0161tines, bei ilgo tarnavimo (6600 mAh) baterija su belaid\u017eio krovimo funkcija. Android 10 operacin\u0117 sistema su lietuvi\u0173 [&#8230;]\n","protected":false},"featured_media":695,"template":"","meta":[],"product_brand":[],"product_cat":[22],"product_tag":[],"class_list":{"0":"post-694","1":"product","2":"type-product","3":"status-publish","4":"has-post-thumbnail","6":"product_cat-ulefone-telefonai","8":"first","9":"instock","10":"shipping-taxable","11":"purchasable","12":"product-type-simple"},"yoast_head":"<!-- This site is optimized with the Yoast SEO plugin v27.5 - https:\/\/yoast.com\/product\/yoast-seo-wordpress\/ -->\n<title>Ulefone Armor 9 - 128\/8GB, Juodas - Resolute.lt<\/title>\n<meta name=\"description\" content=\"Nauji vandeniui ir sm\u016bgiams atspar\u016bs Ulefone telefonai ma\u017eiausia kaina! Greitas pristatymas, patogus atsiskaitymas, nauji telefonai pigiau!\" \/>\n<meta name=\"robots\" content=\"index, follow, max-snippet:-1, max-image-preview:large, max-video-preview:-1\" \/>\n<link rel=\"canonical\" href=\"https:\/\/resolute.lt\/index.php\/produktas\/ulefone-armor-9\/\" \/>\n<meta property=\"og:locale\" content=\"lt_LT\" \/>\n<meta property=\"og:type\" content=\"article\" \/>\n<meta property=\"og:title\" content=\"Ulefone Armor 9 - 128\/8GB, Juodas - Resolute.lt\" \/>\n<meta property=\"og:description\" content=\"Nauji vandeniui ir sm\u016bgiams atspar\u016bs Ulefone telefonai ma\u017eiausia kaina! Greitas pristatymas, patogus atsiskaitymas, nauji telefonai pigiau!\" \/>\n<meta property=\"og:url\" content=\"https:\/\/resolute.lt\/index.php\/produktas\/ulefone-armor-9\/\" \/>\n<meta property=\"og:site_name\" content=\"Resolute.lt\" \/>\n<meta property=\"article:modified_time\" content=\"2025-02-27T08:35:38+00:00\" \/>\n<meta property=\"og:image\" content=\"https:\/\/resolute.lt\/wp-content\/uploads\/2020\/10\/1.png\" \/>\n\t<meta property=\"og:image:width\" content=\"927\" \/>\n\t<meta property=\"og:image:height\" content=\"891\" \/>\n\t<meta property=\"og:image:type\" content=\"image\/png\" \/>\n<meta name=\"twitter:card\" content=\"summary_large_image\" \/>\n<meta name=\"twitter:label1\" content=\"Est. reading time\" \/>\n\t<meta name=\"twitter:data1\" content=\"2 minut\u0117s\" \/>\n<script type=\"application\/ld+json\" class=\"yoast-schema-graph\">{\"@context\":\"https:\\\/\\\/schema.org\",\"@graph\":[{\"@type\":\"WebPage\",\"@id\":\"https:\\\/\\\/resolute.lt\\\/index.php\\\/produktas\\\/ulefone-armor-9\\\/\",\"url\":\"https:\\\/\\\/resolute.lt\\\/index.php\\\/produktas\\\/ulefone-armor-9\\\/\",\"name\":\"Ulefone Armor 9 - 128\\\/8GB, Juodas - Resolute.lt\",\"isPartOf\":{\"@id\":\"https:\\\/\\\/resolute.lt\\\/#website\"},\"primaryImageOfPage\":{\"@id\":\"https:\\\/\\\/resolute.lt\\\/index.php\\\/produktas\\\/ulefone-armor-9\\\/#primaryimage\"},\"image\":{\"@id\":\"https:\\\/\\\/resolute.lt\\\/index.php\\\/produktas\\\/ulefone-armor-9\\\/#primaryimage\"},\"thumbnailUrl\":\"https:\\\/\\\/resolute.lt\\\/wp-content\\\/uploads\\\/2020\\\/10\\\/1.png\",\"datePublished\":\"2020-10-07T08:22:58+00:00\",\"dateModified\":\"2025-02-27T08:35:38+00:00\",\"description\":\"Nauji vandeniui ir sm\u016bgiams atspar\u016bs Ulefone telefonai ma\u017eiausia kaina! Greitas pristatymas, patogus atsiskaitymas, nauji telefonai pigiau!\",\"breadcrumb\":{\"@id\":\"https:\\\/\\\/resolute.lt\\\/index.php\\\/produktas\\\/ulefone-armor-9\\\/#breadcrumb\"},\"inLanguage\":\"lt-LT\",\"potentialAction\":[{\"@type\":\"ReadAction\",\"target\":[\"https:\\\/\\\/resolute.lt\\\/index.php\\\/produktas\\\/ulefone-armor-9\\\/\"]}]},{\"@type\":\"ImageObject\",\"inLanguage\":\"lt-LT\",\"@id\":\"https:\\\/\\\/resolute.lt\\\/index.php\\\/produktas\\\/ulefone-armor-9\\\/#primaryimage\",\"url\":\"https:\\\/\\\/resolute.lt\\\/wp-content\\\/uploads\\\/2020\\\/10\\\/1.png\",\"contentUrl\":\"https:\\\/\\\/resolute.lt\\\/wp-content\\\/uploads\\\/2020\\\/10\\\/1.png\",\"width\":927,\"height\":891},{\"@type\":\"BreadcrumbList\",\"@id\":\"https:\\\/\\\/resolute.lt\\\/index.php\\\/produktas\\\/ulefone-armor-9\\\/#breadcrumb\",\"itemListElement\":[{\"@type\":\"ListItem\",\"position\":1,\"name\":\"Home\",\"item\":\"https:\\\/\\\/resolute.lt\\\/\"},{\"@type\":\"ListItem\",\"position\":2,\"name\":\"Resolute.lt\",\"item\":\"https:\\\/\\\/resolute.lt\\\/\"},{\"@type\":\"ListItem\",\"position\":3,\"name\":\"Ulefone Armor 9 &#8211; 128\\\/8GB, Juodas\"}]},{\"@type\":\"WebSite\",\"@id\":\"https:\\\/\\\/resolute.lt\\\/#website\",\"url\":\"https:\\\/\\\/resolute.lt\\\/\",\"name\":\"Resolute.lt\",\"description\":\"Sm\u016bgiams ir vandeniui telefonai\",\"potentialAction\":[{\"@type\":\"SearchAction\",\"target\":{\"@type\":\"EntryPoint\",\"urlTemplate\":\"https:\\\/\\\/resolute.lt\\\/?s={search_term_string}\"},\"query-input\":{\"@type\":\"PropertyValueSpecification\",\"valueRequired\":true,\"valueName\":\"search_term_string\"}}],\"inLanguage\":\"lt-LT\"}]}<\/script>\n<!-- \/ Yoast SEO plugin. -->","yoast_head_json":{"title":"Ulefone Armor 9 - 128\/8GB, Juodas - Resolute.lt","description":"Nauji vandeniui ir sm\u016bgiams atspar\u016bs Ulefone telefonai ma\u017eiausia kaina! Greitas pristatymas, patogus atsiskaitymas, nauji telefonai pigiau!","robots":{"index":"index","follow":"follow","max-snippet":"max-snippet:-1","max-image-preview":"max-image-preview:large","max-video-preview":"max-video-preview:-1"},"canonical":"https:\/\/resolute.lt\/index.php\/produktas\/ulefone-armor-9\/","og_locale":"lt_LT","og_type":"article","og_title":"Ulefone Armor 9 - 128\/8GB, Juodas - Resolute.lt","og_description":"Nauji vandeniui ir sm\u016bgiams atspar\u016bs Ulefone telefonai ma\u017eiausia kaina! Greitas pristatymas, patogus atsiskaitymas, nauji telefonai pigiau!","og_url":"https:\/\/resolute.lt\/index.php\/produktas\/ulefone-armor-9\/","og_site_name":"Resolute.lt","article_modified_time":"2025-02-27T08:35:38+00:00","og_image":[{"width":927,"height":891,"url":"https:\/\/resolute.lt\/wp-content\/uploads\/2020\/10\/1.png","type":"image\/png"}],"twitter_card":"summary_large_image","twitter_misc":{"Est. reading time":"2 minut\u0117s"},"schema":{"@context":"https:\/\/schema.org","@graph":[{"@type":"WebPage","@id":"https:\/\/resolute.lt\/index.php\/produktas\/ulefone-armor-9\/","url":"https:\/\/resolute.lt\/index.php\/produktas\/ulefone-armor-9\/","name":"Ulefone Armor 9 - 128\/8GB, Juodas - Resolute.lt","isPartOf":{"@id":"https:\/\/resolute.lt\/#website"},"primaryImageOfPage":{"@id":"https:\/\/resolute.lt\/index.php\/produktas\/ulefone-armor-9\/#primaryimage"},"image":{"@id":"https:\/\/resolute.lt\/index.php\/produktas\/ulefone-armor-9\/#primaryimage"},"thumbnailUrl":"https:\/\/resolute.lt\/wp-content\/uploads\/2020\/10\/1.png","datePublished":"2020-10-07T08:22:58+00:00","dateModified":"2025-02-27T08:35:38+00:00","description":"Nauji vandeniui ir sm\u016bgiams atspar\u016bs Ulefone telefonai ma\u017eiausia kaina! Greitas pristatymas, patogus atsiskaitymas, nauji telefonai pigiau!","breadcrumb":{"@id":"https:\/\/resolute.lt\/index.php\/produktas\/ulefone-armor-9\/#breadcrumb"},"inLanguage":"lt-LT","potentialAction":[{"@type":"ReadAction","target":["https:\/\/resolute.lt\/index.php\/produktas\/ulefone-armor-9\/"]}]},{"@type":"ImageObject","inLanguage":"lt-LT","@id":"https:\/\/resolute.lt\/index.php\/produktas\/ulefone-armor-9\/#primaryimage","url":"https:\/\/resolute.lt\/wp-content\/uploads\/2020\/10\/1.png","contentUrl":"https:\/\/resolute.lt\/wp-content\/uploads\/2020\/10\/1.png","width":927,"height":891},{"@type":"BreadcrumbList","@id":"https:\/\/resolute.lt\/index.php\/produktas\/ulefone-armor-9\/#breadcrumb","itemListElement":[{"@type":"ListItem","position":1,"name":"Home","item":"https:\/\/resolute.lt\/"},{"@type":"ListItem","position":2,"name":"Resolute.lt","item":"https:\/\/resolute.lt\/"},{"@type":"ListItem","position":3,"name":"Ulefone Armor 9 &#8211; 128\/8GB, Juodas"}]},{"@type":"WebSite","@id":"https:\/\/resolute.lt\/#website","url":"https:\/\/resolute.lt\/","name":"Resolute.lt","description":"Sm\u016bgiams ir vandeniui telefonai","potentialAction":[{"@type":"SearchAction","target":{"@type":"EntryPoint","urlTemplate":"https:\/\/resolute.lt\/?s={search_term_string}"},"query-input":{"@type":"PropertyValueSpecification","valueRequired":true,"valueName":"search_term_string"}}],"inLanguage":"lt-LT"}]}},"_links":{"self":[{"href":"https:\/\/resolute.lt\/index.php\/wp-json\/wp\/v2\/product\/694","targetHints":{"allow":["GET"]}}],"collection":[{"href":"https:\/\/resolute.lt\/index.php\/wp-json\/wp\/v2\/product"}],"about":[{"href":"https:\/\/resolute.lt\/index.php\/wp-json\/wp\/v2\/types\/product"}],"wp:featuredmedia":[{"embeddable":true,"href":"https:\/\/resolute.lt\/index.php\/wp-json\/wp\/v2\/media\/695"}],"wp:attachment":[{"href":"https:\/\/resolute.lt\/index.php\/wp-json\/wp\/v2\/media?parent=694"}],"wp:term":[{"taxonomy":"product_brand","embeddable":true,"href":"https:\/\/resolute.lt\/index.php\/wp-json\/wp\/v2\/product_brand?post=694"},{"taxonomy":"product_cat","embeddable":true,"href":"https:\/\/resolute.lt\/index.php\/wp-json\/wp\/v2\/product_cat?post=694"},{"taxonomy":"product_tag","embeddable":true,"href":"https:\/\/resolute.lt\/index.php\/wp-json\/wp\/v2\/product_tag?post=694"}],"curies":[{"name":"wp","href":"https:\/\/api.w.org\/{rel}","templated":true}]}}