{"id":6912,"date":"2026-05-01T09:53:23","date_gmt":"2026-05-01T09:53:23","guid":{"rendered":"https:\/\/resolute.lt\/?post_type=product&#038;p=6912"},"modified":"2026-05-01T11:42:11","modified_gmt":"2026-05-01T11:42:11","slug":"oscal-pilot-6-juodas","status":"publish","type":"product","link":"https:\/\/resolute.lt\/index.php\/produktas\/oscal-pilot-6-juodas\/","title":{"rendered":"Oscal Pilot 6 &#8211; 256GB\/12GB, Juodas"},"content":{"rendered":"<p><strong>Oscal Pilot 6<\/strong> \u2013 tvirtas, sm\u016bgiams ir vandeniui atsparus telefonas su -15\u00b0 &#8211; 550 \u00b0C diapazonu veikian\u010diu termovizoriumi. \u012erenginys taip pat pasi\u017eymi 10000 mAh baterija ir 27 W greituoju \u012fkrovimu, 256 GB vidine ir 48 GB RAM (12 GB fizine ir 36 GB virtualia) atmintimi, Helio G100 procesoriumi, 108 MP kamera su 4K filmavimu, 13 MP naktinio matymo kamera ir Android 16 operacine sistema su lietuvi\u0173 kalba.<\/p>\n<p><strong><a href=\"https:\/\/www.resolute.lt\/\">RESOLUTE.LT EL. PARDUOTUV\u0116:<\/a><br \/>\n<\/strong><strong>\u2013 5-7 darbo dien\u0173 pristatymas!<\/strong><br \/>\n\u2013 Apmok\u0117jimas Google Pay, banko kortele, el. bankininkyste ar PayPal.<br \/>\n\u2013 Galimyb\u0117 \u012fsigyti gyvai Vilniuje (kreiptis +37062296802).<br \/>\n\u2013 Tik naujos prek\u0117s su 2 met\u0173 garantija!<\/p>\n<h3><strong>Idealus pasirinkimams ie\u0161kantiems \u0161i\u0173 savybi\u0173 viename \u012frenginyje:<\/strong><\/h3>\n<ul>\n<li>Auk\u0161tos klas\u0117s kamera (108 MP Samsung\u2122)<\/li>\n<li>Naktinio matymo kamera (13 MP)<\/li>\n<li>Didel\u0117 ilgo tarnavimo baterija (10000 mAh)<\/li>\n<\/ul>\n<h3><strong>Kiti sm\u016bgiams ir vandeniui atspar\u016bs Doogee modeliai:<\/strong><\/h3>\n<ul>\n<li>Domina teleofas su 16000 mAh baterija i\u0161 Oukitel\u2122? Rekomenduojame <strong><a href=\"https:\/\/resolute.lt\/index.php\/produktas\/oukitel-wp56-5g-juodas\/\" target=\"_blank\" rel=\"noopener\">Oukitel WP56<\/a><\/strong>.<\/li>\n<li>Domina geriausias pasirinkimas iki 400 \u20ac? Rekomenduojame <a href=\"https:\/\/resolute.lt\/index.php\/produktas\/doogee-blade-20-max-5g-zalias\/\" target=\"_blank\" rel=\"noopener\"><strong>Doogee Blade 20 Max<\/strong><\/a>.<\/li>\n<\/ul>\n<section id=\"section_2145972809\" class=\"section\">\n<div class=\"section-content relative\">\n<div id=\"row-1175821349\" class=\"row align-center\">\n<div id=\"col-130476939\" class=\"col medium-4 small-10 large-4\">\n<div class=\"col-inner\">\n<h1><strong>Komplektacija<\/strong><\/h1>\n<\/div>\n<\/div>\n<div id=\"col-1358541524\" class=\"col medium-8 small-10 large-8\">\n<div class=\"col-inner\">\n<ul>\n<li><b>1x\u00a0 <\/b>I\u0161manus telefonas<\/li>\n<li><b>1x\u00a0 <\/b>EU \u012fkroviklis (27 W)<\/li>\n<li><b>1x\u00a0 <\/b>USB-C laidas<\/li>\n<li><b>1x<\/b>\u00a0 Ekrano apsauga<\/li>\n<li><strong>1x<\/strong>\u00a0 Pakabukas<\/li>\n<li><b>1x<\/b>\u00a0 Naudojimosi instrukcijos<\/li>\n<\/ul>\n<\/div>\n<\/div>\n<\/div>\n<div id=\"row-214715003\" class=\"row align-center\">\n<div id=\"col-883847564\" class=\"col medium-4 small-10 large-4\">\n<div class=\"col-inner\">\n<h1><strong>Bendrieji parametrai<\/strong><\/h1>\n<\/div>\n<\/div>\n<div id=\"col-35252131\" class=\"col medium-8 small-10 large-8\">\n<div class=\"col-inner\">\n<ul>\n<li><strong>Prek\u0117s tipas:<\/strong> Mobilieji telefonai<\/li>\n<li><strong>Prek\u0117s spalva:<\/strong> Juoda<\/li>\n<li><strong>Prek\u0117s korpusas: <\/strong>Polikarbonatas, TPU, aliuminis<\/li>\n<li><strong>Palaikom\u0173 SIM korteli\u0173 kiekis:<\/strong> 2<\/li>\n<li><strong>Palaikom\u0173 SIM korteli\u0173 tipas:<\/strong> NanoSIM<\/li>\n<\/ul>\n<\/div>\n<\/div>\n<\/div>\n<div id=\"row-214715003\" class=\"row align-center\">\n<div id=\"col-883847564\" class=\"col medium-4 small-10 large-4\">\n<div class=\"col-inner\">\n<h1><strong>Matmenys ir svoris<\/strong><\/h1>\n<\/div>\n<\/div>\n<div id=\"col-35252131\" class=\"col medium-8 small-10 large-8\">\n<div class=\"col-inner\">\n<ul>\n<li><strong>Matmenys: <\/strong>182,2 x 82 x 18,1 mm<\/li>\n<li><strong>Svoris:<\/strong> 410 g<\/li>\n<\/ul>\n<\/div>\n<\/div>\n<\/div>\n<div id=\"row-214715003\" class=\"row align-center\">\n<div id=\"col-883847564\" class=\"col medium-4 small-10 large-4\">\n<div class=\"col-inner\">\n<h1><strong>Operacin\u0117 sistema<\/strong><\/h1>\n<\/div>\n<\/div>\n<div id=\"col-35252131\" class=\"col medium-8 small-10 large-8\">\n<div class=\"col-inner\">\n<ul>\n<li><strong>Operacin\u0117 sistema:<\/strong> Doke OS 5.0 (Android 16)<\/li>\n<li><strong>Palaikomos kalbos:<\/strong> Lietuvi\u0173, angl\u0173, ispan\u0173, latvi\u0173, ukrainie\u010di\u0173, lenk\u0173, est\u0173, vokie\u010di\u0173, \u0161ved\u0173, \u010dek\u0173, pranc\u016bz\u0173, ital\u0173, rus\u0173 ir kt.<\/li>\n<\/ul>\n<\/div>\n<\/div>\n<\/div>\n<div id=\"row-214715003\" class=\"row align-center\">\n<div id=\"col-883847564\" class=\"col medium-4 small-10 large-4\">\n<div class=\"col-inner\">\n<h1><strong>Procesorius ir vaizdo plok\u0161t\u0117<\/strong><\/h1>\n<\/div>\n<\/div>\n<div id=\"col-35252131\" class=\"col medium-8 small-10 large-8\">\n<div class=\"col-inner\">\n<ul>\n<li><strong>Procesoriaus modelis: <\/strong>MediaTek Helio\u2122 G100 (MT6789H)<\/li>\n<li><strong>Proceso technologija:<\/strong> 6 nm<\/li>\n<li><strong>Procesoriaus branduoli\u0173 kiekis:<\/strong> 8<\/li>\n<li><strong>Procesoriaus branduoli\u0173 da\u017eniai: <\/strong>2x 2,2 GHz Cortex-A76 ir 6x 2,0 GHz Cortex-A55<\/li>\n<li><strong>Vaizdo plok\u0161t\u0117s modelis: <\/strong>ARM Mali-G57 MC2<\/li>\n<li><strong>Vaizdo plok\u0161t\u0117s branduoli\u0173 kiekis:<\/strong> 2<\/li>\n<\/ul>\n<\/div>\n<\/div>\n<\/div>\n<div id=\"row-2111937453\" class=\"row align-center\">\n<div id=\"col-1355999373\" class=\"col medium-4 small-10 large-4\">\n<div class=\"col-inner\">\n<h1><strong>Atmintis<\/strong><\/h1>\n<\/div>\n<\/div>\n<div id=\"col-2062834539\" class=\"col medium-8 small-10 large-8\">\n<div class=\"col-inner\">\n<ul>\n<li><strong>Vidin\u0117 atminis: <\/strong>256 GB<\/li>\n<li><strong>Fizin\u0117 darbin\u0117 atmintis (RAM):<\/strong> 12 GB<\/li>\n<li><strong>Virtuali darbin\u0117 atmintis (RAM):<\/strong> 36 GB<\/li>\n<li><strong>Bendra darbin\u0117 atmintis (RAM):<\/strong> 48 GB<\/li>\n<li><strong>Darbin\u0117s atminties da\u017enis: <\/strong>2,133\u00a0GHz<\/li>\n<li><strong>Atminties kortel\u0117s palaikymas: <\/strong>Taip, MicroSD<\/li>\n<\/ul>\n<\/div>\n<\/div>\n<\/div>\n<div id=\"row-1271375553\" class=\"row align-center\">\n<div id=\"col-201046948\" class=\"col medium-4 small-10 large-4\">\n<div class=\"col-inner\">\n<h1><strong>Ekranas<\/strong><\/h1>\n<\/div>\n<\/div>\n<div id=\"col-35252131\" class=\"col medium-8 small-10 large-8\">\n<div class=\"col-inner\">\n<ul>\n<li><strong>Dydis:<\/strong> 6,78\u2033<\/li>\n<li><strong>Rai\u0161ka:<\/strong> 2460 x 1080<\/li>\n<li><strong>PPI (pikseliai per col\u012f): <\/strong>396<\/li>\n<li><strong>Atnaujinimo da\u017enis:<\/strong> 120 Hz<\/li>\n<li><strong>Tipas:<\/strong> IPS LCD<\/li>\n<li><strong>Plotas:<\/strong> 73,3 %<\/li>\n<li><strong>Ry\u0161kumas:<\/strong> 750 nit\u0173<\/li>\n<li><strong>I\u0161orinio stiklo tipas:<\/strong> Corning Gorilla Glass 5<\/li>\n<li><strong>Pir\u0161tini\u0173 re\u017eimas:<\/strong> Taip<\/li>\n<\/ul>\n<\/div>\n<\/div>\n<\/div>\n<div id=\"row-214715003\" class=\"row align-center\">\n<div id=\"col-883847564\" class=\"col medium-4 small-10 large-4\">\n<div class=\"col-inner\">\n<h1><strong>Lizdai ir sensoriai<\/strong><\/h1>\n<\/div>\n<\/div>\n<div id=\"col-35252131\" class=\"col medium-8 small-10 large-8\">\n<div class=\"col-inner\">\n<ul>\n<li><strong>USB lizdo tipas:<\/strong> USB Type-C<\/li>\n<li><strong>Ausini\u0173 lizdas (AUX): <\/strong>Ne<\/li>\n<li><strong>Pir\u0161t\u0173 antspaud\u0173 sensorius:<\/strong> Taip, \u0161oninis<\/li>\n<\/ul>\n<\/div>\n<\/div>\n<\/div>\n<div id=\"row-214715003\" class=\"row align-center\">\n<div id=\"col-883847564\" class=\"col medium-4 small-10 large-4\">\n<div class=\"col-inner\">\n<h1><strong>Pagrindin\u0117 kamera<\/strong><\/h1>\n<\/div>\n<\/div>\n<div id=\"col-35252131\" class=\"col medium-8 small-10 large-8\">\n<div class=\"col-inner\">\n<ul>\n<li><strong>Sensori\u0173 kiekis: <\/strong>3<\/li>\n<li><strong>Pagrindinis sensorius:<\/strong> 108 MP <a href=\"https:\/\/semiconductor.samsung.com\/image-sensor\/mobile-image-sensor\/isocell-hm6\/\" target=\"_blank\" rel=\"noopener\">Samsung\u2122 HM6<\/a><\/li>\n<li><strong>Termovizoriaus sensorius:<\/strong> 160 x 120<\/li>\n<li><strong>Termovizoriaus temperat\u016br\u0173 diapazonas: <\/strong>-15\u00b0 &#8211; 550 \u00b0C<\/li>\n<li><strong>Naktinio matymo sensorius:<\/strong> 13 MP<\/li>\n<li><strong>Filmavimas:<\/strong> 1440@30fps<\/li>\n<li><strong>Blykst\u0117s tipas:<\/strong> LED<\/li>\n<\/ul>\n<\/div>\n<\/div>\n<\/div>\n<div id=\"row-214715003\" class=\"row align-center\">\n<div id=\"col-883847564\" class=\"col medium-4 small-10 large-4\">\n<div class=\"col-inner\">\n<h1><strong>Priekin\u0117 kamera<\/strong><\/h1>\n<\/div>\n<\/div>\n<div id=\"col-35252131\" class=\"col medium-8 small-10 large-8\">\n<div class=\"col-inner\">\n<ul>\n<li><strong>Sensorius: <\/strong>32 MP <a href=\"https:\/\/semiconductor.samsung.com\/image-sensor\/mobile-image-sensor\/isocell-jn1\/\" target=\"_blank\" rel=\"noopener\">Samsung\u2122 JN1<\/a><\/li>\n<li><strong>Filmavimas: <\/strong>1080p@30fps<\/li>\n<\/ul>\n<\/div>\n<\/div>\n<\/div>\n<div id=\"row-214715003\" class=\"row align-center\">\n<div id=\"col-883847564\" class=\"col medium-4 small-10 large-4\">\n<div class=\"col-inner\">\n<h1><strong>Internetas ir komunikacija<\/strong><\/h1>\n<\/div>\n<\/div>\n<div id=\"col-35252131\" class=\"col medium-8 small-10 large-8\">\n<div class=\"col-inner\">\n<ul>\n<li><strong>WiFi s\u0105saja: <\/strong>Taip<\/li>\n<li><strong>3G ry\u0161ys: <\/strong>Taip<\/li>\n<li><strong>4G ry\u0161ys: <\/strong>Taip<\/li>\n<li><strong>5G ry\u0161ys:<\/strong> Ne<\/li>\n<li><strong>Bluetooth s\u0105saja: <\/strong>Taip<\/li>\n<li><strong>Bluetooth versija: <\/strong>5.2<\/li>\n<li><strong>NFC s\u0105saja: <\/strong>Taip<\/li>\n<li><strong>FM radijas: <\/strong>Taip<\/li>\n<li><strong>GPS s\u0105saja: <\/strong>Taip<\/li>\n<li><strong>GPS sistemos:<\/strong> GPS, A-GPS, GLONASS, BeiDou, Galileo, QZSS<\/li>\n<\/ul>\n<\/div>\n<\/div>\n<\/div>\n<div id=\"row-214715003\" class=\"row align-center\">\n<div id=\"col-883847564\" class=\"col medium-4 small-10 large-4\">\n<div class=\"col-inner\">\n<h1><strong>Baterija<\/strong><\/h1>\n<\/div>\n<\/div>\n<div id=\"col-35252131\" class=\"col medium-8 small-10 large-8\">\n<div class=\"col-inner\">\n<ul>\n<li><strong>Talpa:<\/strong> 10000 mAh<\/li>\n<li><strong>Greitasis laidinis \u012fkrovimas: <\/strong>Taip, 27 W<\/li>\n<li><strong>Greitasis belaidis \u012fkrovimas:<\/strong> Taip, 15 W<\/li>\n<\/ul>\n<\/div>\n<\/div>\n<\/div>\n<div id=\"row-214715003\" class=\"row align-center\">\n<div id=\"col-883847564\" class=\"col medium-4 small-10 large-4\">\n<div class=\"col-inner\">\n<h1><strong>Papildomi duomenys<\/strong><\/h1>\n<\/div>\n<\/div>\n<div id=\"col-35252131\" class=\"col medium-8 small-10 large-8\">\n<div class=\"col-inner\">\n<ul>\n<li>I\u0161leidimo laikas: 2026 m. balandis<\/li>\n<li>Gamybos laikas: 2026 m. II ketvirtis<\/li>\n<li>IP68\/IP69K standartas (atsparumas vandeniui ir dulk\u0117ms)<\/li>\n<li>MIL-STD-810H standartas<\/li>\n<li>Integruota Gemini AI s\u0105saja<\/li>\n<li>4,5 W 98 dB garsiakalbis<\/li>\n<\/ul>\n<p>&nbsp;<\/p>\n<\/div>\n<\/div>\n<\/div>\n<p><img decoding=\"async\" src=\"https:\/\/ae01.alicdn.com\/kf\/S719353f7206c46afaee4f039064905738.png\" \/><img decoding=\"async\" src=\"https:\/\/ae01.alicdn.com\/kf\/S499a9aba73e9464096fa0cbb9ecaa31ft.png\" \/><img decoding=\"async\" src=\"https:\/\/ae01.alicdn.com\/kf\/S7f223ee9df144f28854e82dfe146d6061.png\" \/><img decoding=\"async\" src=\"https:\/\/ae01.alicdn.com\/kf\/S4615b0aa62834983928409a471289571d.png\" \/><img decoding=\"async\" src=\"https:\/\/ae01.alicdn.com\/kf\/S6e95e9294dbc4583ac54a7ec70fb8f93A.png\" \/><img decoding=\"async\" src=\"https:\/\/ae01.alicdn.com\/kf\/S971c7995e1164a14a54902a0a658ee51J.png\" \/><img decoding=\"async\" src=\"https:\/\/ae01.alicdn.com\/kf\/Sf2e4249c04f94c4ab4c058034717ffb2X.png\" \/><img decoding=\"async\" src=\"https:\/\/ae01.alicdn.com\/kf\/S1a1f4ecb6ac64031bc6b32cbadac8e11B.png\" \/><img decoding=\"async\" src=\"https:\/\/ae01.alicdn.com\/kf\/Sc6ac0beef4744c718a0aa5282e265e032.png\" \/><img decoding=\"async\" src=\"https:\/\/ae01.alicdn.com\/kf\/Sf98b861f1e36432dbbd0458872eab21bl.png\" \/><img decoding=\"async\" src=\"https:\/\/ae01.alicdn.com\/kf\/S7388aa631297493aaf9ea5e7be172c476.png\" \/><img decoding=\"async\" src=\"https:\/\/ae01.alicdn.com\/kf\/S084f8d0821ea4406bdeb7f59ac146be3D.png\" \/><img decoding=\"async\" src=\"https:\/\/ae01.alicdn.com\/kf\/S5d28b3f193b1453981f23e36addae129n.png\" \/><img decoding=\"async\" src=\"https:\/\/ae01.alicdn.com\/kf\/S9614dcef03ca4ba781b2791b5f4a5aafX.png\" \/><img decoding=\"async\" src=\"https:\/\/ae01.alicdn.com\/kf\/S2ccdb3a1cf7c406790646e59944659b8D.png\" \/><img decoding=\"async\" src=\"https:\/\/ae01.alicdn.com\/kf\/Sdf00bf8fa5554007b4a927f19f2b3d3c3.png\" \/><img decoding=\"async\" src=\"https:\/\/ae01.alicdn.com\/kf\/S8f72c7e3ebb34d8194879a65476c3c74k.png\" \/><img decoding=\"async\" src=\"https:\/\/ae01.alicdn.com\/kf\/S9a4ca8c23fdd4e93bbe963fa59b2d4716.png\" \/><img decoding=\"async\" src=\"https:\/\/ae01.alicdn.com\/kf\/Sa95163fc9573492f829d1957f5df2552K.png\" \/><img decoding=\"async\" src=\"https:\/\/ae01.alicdn.com\/kf\/Sffe984feba5a42a991d9d02b4047914fb.png\" \/><img decoding=\"async\" src=\"https:\/\/ae01.alicdn.com\/kf\/S697019ff2cb94b7f954d5b061f23cea0w.png\" \/><img decoding=\"async\" src=\"https:\/\/ae01.alicdn.com\/kf\/Sef08f5c598214e9ca3ef89dd0ff826e8a.png\" \/><img decoding=\"async\" src=\"https:\/\/ae01.alicdn.com\/kf\/Sa7b230d3bd304b84b2d57bbcef4164dfa.png\" \/><img decoding=\"async\" src=\"https:\/\/ae01.alicdn.com\/kf\/Sc0e9aa26d8414e179afceb3872e17746y.png\" \/><img decoding=\"async\" src=\"https:\/\/ae01.alicdn.com\/kf\/Sf67370066a854d77b606b361ca97c7d3i.png\" \/><img decoding=\"async\" src=\"https:\/\/ae01.alicdn.com\/kf\/Sb7f35885e1f54fe3845bdd3b7cb1f8a8h.png\" \/><img decoding=\"async\" src=\"https:\/\/ae01.alicdn.com\/kf\/Sc64ba1193f9848298c01ff29afaeca75b.png\" \/><img decoding=\"async\" src=\"https:\/\/ae01.alicdn.com\/kf\/Sbfe27a2757fc45fa88ab1c35b63da1d4q.png\" \/><img decoding=\"async\" src=\"https:\/\/ae01.alicdn.com\/kf\/S9a06d5353f5b4db49b84a0708a8bbb5c5.png\" \/><img decoding=\"async\" src=\"https:\/\/ae01.alicdn.com\/kf\/S35e59d41e1bb483f926d54dfb12dd36ae.png\" \/><img decoding=\"async\" src=\"https:\/\/ae01.alicdn.com\/kf\/S00ad2fc6cba04e2dbd5cd4c25218484ec.png\" \/><img decoding=\"async\" src=\"https:\/\/ae01.alicdn.com\/kf\/Sbc2d3cd6acee49a2814cc4486e0191b3K.png\" \/><img decoding=\"async\" src=\"https:\/\/ae01.alicdn.com\/kf\/S4be172227acb4b638bff494260177b2bw.png\" \/><img decoding=\"async\" src=\"https:\/\/ae01.alicdn.com\/kf\/S263da483ca15442595aea11ac2222492B.png\" \/><img decoding=\"async\" src=\"https:\/\/ae01.alicdn.com\/kf\/S3ba0b8e6e7c44deb92f1c0a54efd4b33J.png\" \/><img decoding=\"async\" src=\"https:\/\/ae01.alicdn.com\/kf\/Sa77090760d1c43f9b6722c33f122647dj.png\" \/><img decoding=\"async\" src=\"https:\/\/ae01.alicdn.com\/kf\/Se7136b1ca6244827b3fd2b7796f802d2Z.png\" \/><img decoding=\"async\" src=\"https:\/\/ae01.alicdn.com\/kf\/Sca852aca1cb041c8950c7aefc77bb0b8h.png\" \/><\/p>\n<\/div>\n<\/section>\n<section id=\"section_2145972809\" class=\"section\">\n<div class=\"section-content relative\">\n<div id=\"row-214715003\" class=\"row align-center\">\n<div id=\"col-35252131\" class=\"col medium-8 small-10 large-8\"><\/div>\n<\/div>\n<\/div>\n<\/section>\n<section id=\"section_2145972809\" class=\"section\">\n<div class=\"section-content relative\">\n<div id=\"row-214715003\" class=\"row align-center\">\n<div id=\"col-35252131\" class=\"col medium-8 small-10 large-8\">\n<div class=\"col-inner\">\n<div id=\"target-14\" class=\"sec sec84 sec84-top_text_bottom_image_chMkTE\">\n<p>&nbsp;<\/p>\n<\/div>\n<\/div>\n<\/div>\n<\/div>\n<\/div>\n<\/section>\n<section id=\"section_2145972809\" class=\"section\">\n<div class=\"section-content relative\">\n<p>&nbsp;<\/p>\n<\/div>\n<\/section>\n","protected":false},"excerpt":{"rendered":"<p>Oscal Pilot 6 \u2013 tvirtas, sm\u016bgiams ir vandeniui atsparus telefonas su -15\u00b0 &#8211; 550 \u00b0C diapazonu veikian\u010diu termovizoriumi. \u012erenginys taip pat pasi\u017eymi 10000 mAh baterija ir 27 W greituoju \u012fkrovimu, 256 GB vidine ir 48 GB RAM (12 GB fizine ir 36 GB virtualia) atmintimi, Helio G100 procesoriumi, 108 MP kamera su 4K filmavimu, 13 [&#8230;]\n","protected":false},"featured_media":6916,"template":"","meta":[],"product_brand":[],"product_cat":[40,79],"product_tag":[],"class_list":{"0":"post-6912","1":"product","2":"type-product","3":"status-publish","4":"has-post-thumbnail","6":"product_cat-ismanieji-telefonai","7":"product_cat-oscal","9":"first","10":"instock","11":"sale","12":"shipping-taxable","13":"purchasable","14":"product-type-simple"},"yoast_head":"<!-- This site is optimized with the Yoast SEO plugin v27.5 - https:\/\/yoast.com\/product\/yoast-seo-wordpress\/ -->\n<title>Oscal Pilot 6 - 256GB\/12GB, Juodas - Resolute.lt<\/title>\n<meta name=\"description\" content=\"Oscal Pilot 6 \u2013 sm\u016bgiams ir vandeniui atsparus telefonas su 10000 mAh baterija ir 27 W greituoju \u012fkrovimu, termovizoriumi ir 108 MP kamera su 4K filmavimu.\" \/>\n<meta name=\"robots\" content=\"index, follow, max-snippet:-1, max-image-preview:large, max-video-preview:-1\" \/>\n<link rel=\"canonical\" href=\"https:\/\/resolute.lt\/index.php\/produktas\/oscal-pilot-6-juodas\/\" \/>\n<meta property=\"og:locale\" content=\"lt_LT\" \/>\n<meta property=\"og:type\" content=\"article\" \/>\n<meta property=\"og:title\" content=\"Oscal Pilot 6 - 256GB\/12GB, Juodas - Resolute.lt\" \/>\n<meta property=\"og:description\" content=\"Oscal Pilot 6 \u2013 sm\u016bgiams ir vandeniui atsparus telefonas su 10000 mAh baterija ir 27 W greituoju \u012fkrovimu, termovizoriumi ir 108 MP kamera su 4K filmavimu.\" \/>\n<meta property=\"og:url\" content=\"https:\/\/resolute.lt\/index.php\/produktas\/oscal-pilot-6-juodas\/\" \/>\n<meta property=\"og:site_name\" content=\"Resolute.lt\" \/>\n<meta property=\"article:modified_time\" content=\"2026-05-01T11:42:11+00:00\" \/>\n<meta property=\"og:image\" content=\"https:\/\/resolute.lt\/wp-content\/uploads\/2026\/05\/1.-Oscal-Pilot-6-Juodas-IP68-Smugiams-vandeniui-dulkems-atsparus-telefonas-Waterproof-Rugged-Phone-Triecienizturigs-un-udensnecaurlaidigs-talrunis-Resolute.l.jpeg\" \/>\n\t<meta property=\"og:image:width\" content=\"1200\" \/>\n\t<meta property=\"og:image:height\" content=\"1200\" \/>\n\t<meta property=\"og:image:type\" content=\"image\/jpeg\" \/>\n<meta name=\"twitter:card\" content=\"summary_large_image\" \/>\n<meta name=\"twitter:label1\" content=\"Est. reading time\" \/>\n\t<meta name=\"twitter:data1\" content=\"11 minu\u010di\u0173\" \/>\n<script type=\"application\/ld+json\" class=\"yoast-schema-graph\">{\"@context\":\"https:\\\/\\\/schema.org\",\"@graph\":[{\"@type\":\"WebPage\",\"@id\":\"https:\\\/\\\/resolute.lt\\\/index.php\\\/produktas\\\/oscal-pilot-6-juodas\\\/\",\"url\":\"https:\\\/\\\/resolute.lt\\\/index.php\\\/produktas\\\/oscal-pilot-6-juodas\\\/\",\"name\":\"Oscal Pilot 6 - 256GB\\\/12GB, Juodas - Resolute.lt\",\"isPartOf\":{\"@id\":\"https:\\\/\\\/resolute.lt\\\/#website\"},\"primaryImageOfPage\":{\"@id\":\"https:\\\/\\\/resolute.lt\\\/index.php\\\/produktas\\\/oscal-pilot-6-juodas\\\/#primaryimage\"},\"image\":{\"@id\":\"https:\\\/\\\/resolute.lt\\\/index.php\\\/produktas\\\/oscal-pilot-6-juodas\\\/#primaryimage\"},\"thumbnailUrl\":\"https:\\\/\\\/resolute.lt\\\/wp-content\\\/uploads\\\/2026\\\/05\\\/1.-Oscal-Pilot-6-Juodas-IP68-Smugiams-vandeniui-dulkems-atsparus-telefonas-Waterproof-Rugged-Phone-Triecienizturigs-un-udensnecaurlaidigs-talrunis-Resolute.l.jpeg\",\"datePublished\":\"2026-05-01T09:53:23+00:00\",\"dateModified\":\"2026-05-01T11:42:11+00:00\",\"description\":\"Oscal Pilot 6 \u2013 sm\u016bgiams ir vandeniui atsparus telefonas su 10000 mAh baterija ir 27 W greituoju \u012fkrovimu, termovizoriumi ir 108 MP kamera su 4K filmavimu.\",\"breadcrumb\":{\"@id\":\"https:\\\/\\\/resolute.lt\\\/index.php\\\/produktas\\\/oscal-pilot-6-juodas\\\/#breadcrumb\"},\"inLanguage\":\"lt-LT\",\"potentialAction\":[{\"@type\":\"ReadAction\",\"target\":[\"https:\\\/\\\/resolute.lt\\\/index.php\\\/produktas\\\/oscal-pilot-6-juodas\\\/\"]}]},{\"@type\":\"ImageObject\",\"inLanguage\":\"lt-LT\",\"@id\":\"https:\\\/\\\/resolute.lt\\\/index.php\\\/produktas\\\/oscal-pilot-6-juodas\\\/#primaryimage\",\"url\":\"https:\\\/\\\/resolute.lt\\\/wp-content\\\/uploads\\\/2026\\\/05\\\/1.-Oscal-Pilot-6-Juodas-IP68-Smugiams-vandeniui-dulkems-atsparus-telefonas-Waterproof-Rugged-Phone-Triecienizturigs-un-udensnecaurlaidigs-talrunis-Resolute.l.jpeg\",\"contentUrl\":\"https:\\\/\\\/resolute.lt\\\/wp-content\\\/uploads\\\/2026\\\/05\\\/1.-Oscal-Pilot-6-Juodas-IP68-Smugiams-vandeniui-dulkems-atsparus-telefonas-Waterproof-Rugged-Phone-Triecienizturigs-un-udensnecaurlaidigs-talrunis-Resolute.l.jpeg\",\"width\":1200,\"height\":1200},{\"@type\":\"BreadcrumbList\",\"@id\":\"https:\\\/\\\/resolute.lt\\\/index.php\\\/produktas\\\/oscal-pilot-6-juodas\\\/#breadcrumb\",\"itemListElement\":[{\"@type\":\"ListItem\",\"position\":1,\"name\":\"Home\",\"item\":\"https:\\\/\\\/resolute.lt\\\/\"},{\"@type\":\"ListItem\",\"position\":2,\"name\":\"Resolute.lt\",\"item\":\"https:\\\/\\\/resolute.lt\\\/\"},{\"@type\":\"ListItem\",\"position\":3,\"name\":\"Oscal Pilot 6 &#8211; 256GB\\\/12GB, Juodas\"}]},{\"@type\":\"WebSite\",\"@id\":\"https:\\\/\\\/resolute.lt\\\/#website\",\"url\":\"https:\\\/\\\/resolute.lt\\\/\",\"name\":\"Resolute.lt\",\"description\":\"Sm\u016bgiams ir vandeniui telefonai\",\"potentialAction\":[{\"@type\":\"SearchAction\",\"target\":{\"@type\":\"EntryPoint\",\"urlTemplate\":\"https:\\\/\\\/resolute.lt\\\/?s={search_term_string}\"},\"query-input\":{\"@type\":\"PropertyValueSpecification\",\"valueRequired\":true,\"valueName\":\"search_term_string\"}}],\"inLanguage\":\"lt-LT\"}]}<\/script>\n<!-- \/ Yoast SEO plugin. -->","yoast_head_json":{"title":"Oscal Pilot 6 - 256GB\/12GB, Juodas - Resolute.lt","description":"Oscal Pilot 6 \u2013 sm\u016bgiams ir vandeniui atsparus telefonas su 10000 mAh baterija ir 27 W greituoju \u012fkrovimu, termovizoriumi ir 108 MP kamera su 4K filmavimu.","robots":{"index":"index","follow":"follow","max-snippet":"max-snippet:-1","max-image-preview":"max-image-preview:large","max-video-preview":"max-video-preview:-1"},"canonical":"https:\/\/resolute.lt\/index.php\/produktas\/oscal-pilot-6-juodas\/","og_locale":"lt_LT","og_type":"article","og_title":"Oscal Pilot 6 - 256GB\/12GB, Juodas - Resolute.lt","og_description":"Oscal Pilot 6 \u2013 sm\u016bgiams ir vandeniui atsparus telefonas su 10000 mAh baterija ir 27 W greituoju \u012fkrovimu, termovizoriumi ir 108 MP kamera su 4K filmavimu.","og_url":"https:\/\/resolute.lt\/index.php\/produktas\/oscal-pilot-6-juodas\/","og_site_name":"Resolute.lt","article_modified_time":"2026-05-01T11:42:11+00:00","og_image":[{"width":1200,"height":1200,"url":"https:\/\/resolute.lt\/wp-content\/uploads\/2026\/05\/1.-Oscal-Pilot-6-Juodas-IP68-Smugiams-vandeniui-dulkems-atsparus-telefonas-Waterproof-Rugged-Phone-Triecienizturigs-un-udensnecaurlaidigs-talrunis-Resolute.l.jpeg","type":"image\/jpeg"}],"twitter_card":"summary_large_image","twitter_misc":{"Est. reading time":"11 minu\u010di\u0173"},"schema":{"@context":"https:\/\/schema.org","@graph":[{"@type":"WebPage","@id":"https:\/\/resolute.lt\/index.php\/produktas\/oscal-pilot-6-juodas\/","url":"https:\/\/resolute.lt\/index.php\/produktas\/oscal-pilot-6-juodas\/","name":"Oscal Pilot 6 - 256GB\/12GB, Juodas - Resolute.lt","isPartOf":{"@id":"https:\/\/resolute.lt\/#website"},"primaryImageOfPage":{"@id":"https:\/\/resolute.lt\/index.php\/produktas\/oscal-pilot-6-juodas\/#primaryimage"},"image":{"@id":"https:\/\/resolute.lt\/index.php\/produktas\/oscal-pilot-6-juodas\/#primaryimage"},"thumbnailUrl":"https:\/\/resolute.lt\/wp-content\/uploads\/2026\/05\/1.-Oscal-Pilot-6-Juodas-IP68-Smugiams-vandeniui-dulkems-atsparus-telefonas-Waterproof-Rugged-Phone-Triecienizturigs-un-udensnecaurlaidigs-talrunis-Resolute.l.jpeg","datePublished":"2026-05-01T09:53:23+00:00","dateModified":"2026-05-01T11:42:11+00:00","description":"Oscal Pilot 6 \u2013 sm\u016bgiams ir vandeniui atsparus telefonas su 10000 mAh baterija ir 27 W greituoju \u012fkrovimu, termovizoriumi ir 108 MP kamera su 4K filmavimu.","breadcrumb":{"@id":"https:\/\/resolute.lt\/index.php\/produktas\/oscal-pilot-6-juodas\/#breadcrumb"},"inLanguage":"lt-LT","potentialAction":[{"@type":"ReadAction","target":["https:\/\/resolute.lt\/index.php\/produktas\/oscal-pilot-6-juodas\/"]}]},{"@type":"ImageObject","inLanguage":"lt-LT","@id":"https:\/\/resolute.lt\/index.php\/produktas\/oscal-pilot-6-juodas\/#primaryimage","url":"https:\/\/resolute.lt\/wp-content\/uploads\/2026\/05\/1.-Oscal-Pilot-6-Juodas-IP68-Smugiams-vandeniui-dulkems-atsparus-telefonas-Waterproof-Rugged-Phone-Triecienizturigs-un-udensnecaurlaidigs-talrunis-Resolute.l.jpeg","contentUrl":"https:\/\/resolute.lt\/wp-content\/uploads\/2026\/05\/1.-Oscal-Pilot-6-Juodas-IP68-Smugiams-vandeniui-dulkems-atsparus-telefonas-Waterproof-Rugged-Phone-Triecienizturigs-un-udensnecaurlaidigs-talrunis-Resolute.l.jpeg","width":1200,"height":1200},{"@type":"BreadcrumbList","@id":"https:\/\/resolute.lt\/index.php\/produktas\/oscal-pilot-6-juodas\/#breadcrumb","itemListElement":[{"@type":"ListItem","position":1,"name":"Home","item":"https:\/\/resolute.lt\/"},{"@type":"ListItem","position":2,"name":"Resolute.lt","item":"https:\/\/resolute.lt\/"},{"@type":"ListItem","position":3,"name":"Oscal Pilot 6 &#8211; 256GB\/12GB, Juodas"}]},{"@type":"WebSite","@id":"https:\/\/resolute.lt\/#website","url":"https:\/\/resolute.lt\/","name":"Resolute.lt","description":"Sm\u016bgiams ir vandeniui telefonai","potentialAction":[{"@type":"SearchAction","target":{"@type":"EntryPoint","urlTemplate":"https:\/\/resolute.lt\/?s={search_term_string}"},"query-input":{"@type":"PropertyValueSpecification","valueRequired":true,"valueName":"search_term_string"}}],"inLanguage":"lt-LT"}]}},"_links":{"self":[{"href":"https:\/\/resolute.lt\/index.php\/wp-json\/wp\/v2\/product\/6912","targetHints":{"allow":["GET"]}}],"collection":[{"href":"https:\/\/resolute.lt\/index.php\/wp-json\/wp\/v2\/product"}],"about":[{"href":"https:\/\/resolute.lt\/index.php\/wp-json\/wp\/v2\/types\/product"}],"wp:featuredmedia":[{"embeddable":true,"href":"https:\/\/resolute.lt\/index.php\/wp-json\/wp\/v2\/media\/6916"}],"wp:attachment":[{"href":"https:\/\/resolute.lt\/index.php\/wp-json\/wp\/v2\/media?parent=6912"}],"wp:term":[{"taxonomy":"product_brand","embeddable":true,"href":"https:\/\/resolute.lt\/index.php\/wp-json\/wp\/v2\/product_brand?post=6912"},{"taxonomy":"product_cat","embeddable":true,"href":"https:\/\/resolute.lt\/index.php\/wp-json\/wp\/v2\/product_cat?post=6912"},{"taxonomy":"product_tag","embeddable":true,"href":"https:\/\/resolute.lt\/index.php\/wp-json\/wp\/v2\/product_tag?post=6912"}],"curies":[{"name":"wp","href":"https:\/\/api.w.org\/{rel}","templated":true}]}}