{"id":6863,"date":"2026-04-29T11:30:14","date_gmt":"2026-04-29T11:30:14","guid":{"rendered":"https:\/\/resolute.lt\/?post_type=product&#038;p=6863"},"modified":"2026-04-29T12:41:03","modified_gmt":"2026-04-29T12:41:03","slug":"doogee-s300-pro-juodas","status":"publish","type":"product","link":"https:\/\/resolute.lt\/index.php\/produktas\/doogee-s300-pro-juodas\/","title":{"rendered":"Doogee S300 Pro &#8211; 5G, 512GB\/16GB, Juodas"},"content":{"rendered":"<p><strong>Doogee S300 Pro<\/strong> &#8211; galingiausias ir naujausias sm\u016bgiams ir vandeniui atsparus telefonas i\u0161 Doogee\u2122. Abejing\u0173 nepaliekantis auk\u0161\u010diausi\u0173 parametr\u0173 spektras: 512 GB vidin\u0117 atmintis, 16 GB RAM, ultra-galingas Dimensity\u2122 8300-Ultra 4 nm procesorius, 200 MP pagrindin\u0117 kamera su 4K filmavimu, 20 MP Sony\u2122 naktinio matymo kamera bei did\u017eiul\u0117 11000 mAh baterija su 66 W greituoju \u012fkrovimu. Android 16 operacin\u0117 sistema su lietuvi\u0173 kalba.<\/p>\n<p><strong><a href=\"https:\/\/www.resolute.lt\/\">RESOLUTE.LT EL. PARDUOTUV\u0116:<\/a><br \/>\n<\/strong><strong>\u2013 5-7 darbo dien\u0173 pristatymas!<\/strong><br \/>\n\u2013 Apmok\u0117jimas Google Pay, banko kortele, el. bankininkyste ar PayPal.<br \/>\n\u2013 Galimyb\u0117 \u012fsigyti gyvai Vilniuje (kreiptis +37062296802).<br \/>\n\u2013 Tik naujos prek\u0117s su 2 met\u0173 garantija!<\/p>\n<h3><strong>Idealus pasirinkimams ie\u0161kantiems \u0161i\u0173 savybi\u0173 viename \u012frenginyje:<\/strong><\/h3>\n<ul>\n<li>Auk\u0161\u010diausios klas\u0117s kamera (200 MP Samsung\u2122)<\/li>\n<li>Naktinio matymo kamera (20 MP Sony\u2122 IMX350)<\/li>\n<li>Didel\u0117 ilgo tarnavimo baterija (11000 mAh)<\/li>\n<\/ul>\n<h3><strong>Kiti sm\u016bgiams ir vandeniui atspar\u016bs Doogee modeliai:<\/strong><\/h3>\n<ul>\n<li>Domina teleofas su 16000 mAh baterija i\u0161 Oukitel\u2122? Rekomenduojame <strong><a href=\"https:\/\/resolute.lt\/index.php\/produktas\/oukitel-wp56-5g-juodas\/\" target=\"_blank\" rel=\"noopener\">Oukitel WP56<\/a><\/strong>.<\/li>\n<li>Domina geriausias pasirinkimas iki 400 \u20ac? Rekomenduojame <a href=\"https:\/\/resolute.lt\/index.php\/produktas\/doogee-blade-20-max-5g-zalias\/\" target=\"_blank\" rel=\"noopener\"><strong>Doogee Blade 20 Max<\/strong><\/a>.<\/li>\n<\/ul>\n<section id=\"section_2145972809\" class=\"section\">\n<div class=\"section-content relative\">\n<div id=\"row-1175821349\" class=\"row align-center\">\n<div id=\"col-130476939\" class=\"col medium-4 small-10 large-4\">\n<div class=\"col-inner\">\n<h1><strong>Komplektacija<\/strong><\/h1>\n<\/div>\n<\/div>\n<div id=\"col-1358541524\" class=\"col medium-8 small-10 large-8\">\n<div class=\"col-inner\">\n<ul>\n<li><b>1x\u00a0 <\/b>I\u0161manus telefonas<\/li>\n<li><b>1x\u00a0 <\/b>EU \u012fkroviklis (66 W)<\/li>\n<li><b>1x\u00a0 <\/b>USB-C laidas<\/li>\n<li><b>1x<\/b>\u00a0 Ekrano apsauga<\/li>\n<li><b>1x<\/b>\u00a0 Naudojimosi instrukcijos<\/li>\n<\/ul>\n<\/div>\n<\/div>\n<\/div>\n<div id=\"row-214715003\" class=\"row align-center\">\n<div id=\"col-883847564\" class=\"col medium-4 small-10 large-4\">\n<div class=\"col-inner\">\n<h1><strong>Bendrieji parametrai<\/strong><\/h1>\n<\/div>\n<\/div>\n<div id=\"col-35252131\" class=\"col medium-8 small-10 large-8\">\n<div class=\"col-inner\">\n<ul>\n<li><strong>Prek\u0117s tipas:<\/strong> Mobilieji telefonai<\/li>\n<li><strong>Prek\u0117s spalva:<\/strong> Juoda<\/li>\n<li><strong>Prek\u0117s korpusas: <\/strong>Metalas, polikarbonatas, TPU<\/li>\n<li><strong>Palaikom\u0173 SIM korteli\u0173 kiekis:<\/strong> 2<\/li>\n<li><strong>Palaikom\u0173 SIM korteli\u0173 tipas:<\/strong> NanoSIM<\/li>\n<\/ul>\n<\/div>\n<\/div>\n<\/div>\n<div id=\"row-214715003\" class=\"row align-center\">\n<div id=\"col-883847564\" class=\"col medium-4 small-10 large-4\">\n<div class=\"col-inner\">\n<h1><strong>Matmenys ir svoris<\/strong><\/h1>\n<\/div>\n<\/div>\n<div id=\"col-35252131\" class=\"col medium-8 small-10 large-8\">\n<div class=\"col-inner\">\n<ul>\n<li><strong>Matmenys: <\/strong>180,8 x 84 x 17,17 mm<\/li>\n<li><strong>Svoris:<\/strong> 376 g<\/li>\n<\/ul>\n<\/div>\n<\/div>\n<\/div>\n<div id=\"row-214715003\" class=\"row align-center\">\n<div id=\"col-883847564\" class=\"col medium-4 small-10 large-4\">\n<div class=\"col-inner\">\n<h1><strong>Operacin\u0117 sistema<\/strong><\/h1>\n<\/div>\n<\/div>\n<div id=\"col-35252131\" class=\"col medium-8 small-10 large-8\">\n<div class=\"col-inner\">\n<ul>\n<li><strong>Operacin\u0117 sistema:<\/strong> Android<\/li>\n<li><strong>Operacin\u0117s sistemos versija: <\/strong>16<\/li>\n<li><strong>Palaikomos kalbos:<\/strong> Lietuvi\u0173, angl\u0173, ispan\u0173, latvi\u0173, ukrainie\u010di\u0173, lenk\u0173, est\u0173, vokie\u010di\u0173, \u0161ved\u0173, \u010dek\u0173, pranc\u016bz\u0173, ital\u0173, rus\u0173 ir kt.<\/li>\n<\/ul>\n<\/div>\n<\/div>\n<\/div>\n<div id=\"row-214715003\" class=\"row align-center\">\n<div id=\"col-883847564\" class=\"col medium-4 small-10 large-4\">\n<div class=\"col-inner\">\n<h1><strong>Procesorius ir vaizdo plok\u0161t\u0117<\/strong><\/h1>\n<\/div>\n<\/div>\n<div id=\"col-35252131\" class=\"col medium-8 small-10 large-8\">\n<div class=\"col-inner\">\n<ul>\n<li><strong>Procesoriaus modelis: <\/strong>MediaTek Dimensity\u2122 8300-Ultra (MT6897)<\/li>\n<li><strong>Proceso technologija:<\/strong> 4 nm<\/li>\n<li><strong>Procesoriaus branduoli\u0173 kiekis:<\/strong> 8<\/li>\n<li><strong>Procesoriaus branduoli\u0173 da\u017eniai: <\/strong>4x 3,35 GHz Cortex-A715 ir 4x 2,2 GHz Cortex-A510<\/li>\n<li><strong>Vaizdo plok\u0161t\u0117s modelis: <\/strong>Mali-G615 MC6<\/li>\n<li><strong>Vaizdo plok\u0161t\u0117s branduoli\u0173 kiekis:<\/strong> 6<\/li>\n<\/ul>\n<\/div>\n<\/div>\n<\/div>\n<div id=\"row-2111937453\" class=\"row align-center\">\n<div id=\"col-1355999373\" class=\"col medium-4 small-10 large-4\">\n<div class=\"col-inner\">\n<h1><strong>Atmintis<\/strong><\/h1>\n<\/div>\n<\/div>\n<div id=\"col-2062834539\" class=\"col medium-8 small-10 large-8\">\n<div class=\"col-inner\">\n<ul>\n<li><strong>Vidin\u0117 atminis: <\/strong>512 GB<\/li>\n<li><strong>Fizin\u0117 darbin\u0117 atmintis (RAM):<\/strong> 12 GB<\/li>\n<li><strong>Virtuali darbin\u0117 atmintis (RAM):<\/strong> 36 GB<\/li>\n<li><strong>Bendra darbin\u0117 atmintis (RAM):<\/strong> 48 GB<\/li>\n<li><strong>Darbin\u0117s atminties da\u017enis: <\/strong>4,266 GHz<\/li>\n<li><strong>Atminties kortel\u0117s palaikymas: <\/strong>Taip, MicroSD<\/li>\n<\/ul>\n<\/div>\n<\/div>\n<\/div>\n<div id=\"row-1271375553\" class=\"row align-center\">\n<div id=\"col-201046948\" class=\"col medium-4 small-10 large-4\">\n<div class=\"col-inner\">\n<h1><strong>Ekranas<\/strong><\/h1>\n<\/div>\n<\/div>\n<div id=\"col-35252131\" class=\"col medium-8 small-10 large-8\">\n<div class=\"col-inner\">\n<ul>\n<li><strong>Dydis:<\/strong> 6,78\u2033<\/li>\n<li><strong>Rai\u0161ka:<\/strong> 2460 x 1080<\/li>\n<li><strong>PPI (pikseliai per col\u012f): <\/strong>396<\/li>\n<li><strong>Atnaujinimo da\u017enis:<\/strong> 120 Hz<\/li>\n<li><strong>Tipas:<\/strong> IPS LCD<\/li>\n<li><strong>Plotas:<\/strong> 73,86 %<\/li>\n<li><strong>Ry\u0161kumas:<\/strong> 550 nit\u0173<\/li>\n<li><strong>I\u0161orinio stiklo tipas:<\/strong> \u012ebr\u0117\u017eimams atsparus<\/li>\n<li><strong>Dr\u0117gno lietimo re\u017eimas:<\/strong> Taip<\/li>\n<\/ul>\n<\/div>\n<\/div>\n<\/div>\n<div id=\"row-214715003\" class=\"row align-center\">\n<div id=\"col-883847564\" class=\"col medium-4 small-10 large-4\">\n<div class=\"col-inner\">\n<h1><strong>Lizdai ir sensoriai<\/strong><\/h1>\n<\/div>\n<\/div>\n<div id=\"col-35252131\" class=\"col medium-8 small-10 large-8\">\n<div class=\"col-inner\">\n<ul>\n<li><strong>USB lizdo tipas:<\/strong> USB Type-C<\/li>\n<li><strong>Ausini\u0173 lizdas (AUX): <\/strong>Ne<\/li>\n<li><strong>Pir\u0161t\u0173 antspaud\u0173 sensorius:<\/strong> Taip, \u0161oninis<\/li>\n<\/ul>\n<\/div>\n<\/div>\n<\/div>\n<div id=\"row-214715003\" class=\"row align-center\">\n<div id=\"col-883847564\" class=\"col medium-4 small-10 large-4\">\n<div class=\"col-inner\">\n<h1><strong>Pagrindin\u0117 kamera<\/strong><\/h1>\n<\/div>\n<\/div>\n<div id=\"col-35252131\" class=\"col medium-8 small-10 large-8\">\n<div class=\"col-inner\">\n<ul>\n<li><strong>Sensori\u0173 kiekis: 4<\/strong><\/li>\n<li><strong>Pagrindinis sensorius:<\/strong> 100 MP <a href=\"https:\/\/semiconductor.samsung.com\/image-sensor\/mobile-image-sensor\/isocell-hp2\/\" target=\"_blank\" rel=\"noopener\">Samsung\u2122 HP2<\/a><\/li>\n<li><strong>Ultra-platus sensorius:<\/strong> 8 MP<\/li>\n<li><strong>Telefoto sensorius:<\/strong> 8 MP<\/li>\n<li><strong>Naktinio matymo sensorius:<\/strong> 20 MP Sony\u2122 Exmor RS\u2122 IMX350<\/li>\n<li><strong>Filmavimas: <\/strong>2160p@30fps<\/li>\n<li><strong>Blykst\u0117s tipas:<\/strong> LED, 2 diod\u0173<\/li>\n<\/ul>\n<\/div>\n<\/div>\n<\/div>\n<div id=\"row-214715003\" class=\"row align-center\">\n<div id=\"col-883847564\" class=\"col medium-4 small-10 large-4\">\n<div class=\"col-inner\">\n<h1><strong>Priekin\u0117 kamera<\/strong><\/h1>\n<\/div>\n<\/div>\n<div id=\"col-35252131\" class=\"col medium-8 small-10 large-8\">\n<div class=\"col-inner\">\n<ul>\n<li><strong>Sensorius: <\/strong>32 MP, <a href=\"https:\/\/semiconductor.samsung.com\/image-sensor\/mobile-image-sensor\/isocell-bright-gd1\/\" target=\"_blank\" rel=\"noopener\">Samsung\u2122 GD1<\/a><\/li>\n<li><strong>Filmavimas: <\/strong>1440p@30fps<\/li>\n<\/ul>\n<\/div>\n<\/div>\n<\/div>\n<div id=\"row-214715003\" class=\"row align-center\">\n<div id=\"col-883847564\" class=\"col medium-4 small-10 large-4\">\n<div class=\"col-inner\">\n<h1><strong>Internetas ir komunikacija<\/strong><\/h1>\n<\/div>\n<\/div>\n<div id=\"col-35252131\" class=\"col medium-8 small-10 large-8\">\n<div class=\"col-inner\">\n<ul>\n<li><strong>WiFi s\u0105saja: <\/strong>Taip<\/li>\n<li><strong>3G ry\u0161ys: <\/strong>Taip<\/li>\n<li><strong>4G ry\u0161ys: <\/strong>Taip<\/li>\n<li><strong>5G ry\u0161ys:<\/strong> Taip<\/li>\n<li><strong>Bluetooth s\u0105saja: <\/strong>Taip<\/li>\n<li><strong>Bluetooth versija: <\/strong>5.4<\/li>\n<li><strong>NFC s\u0105saja: <\/strong>Taip<\/li>\n<li><strong>VoLTE s\u0105saja:<\/strong> Taip<\/li>\n<li><strong>FM radijas: <\/strong>Taip<\/li>\n<li><strong>GPS s\u0105saja: <\/strong>Taip<\/li>\n<li><strong>GPS sistemos:<\/strong> GPS, A-GPS, GLONASS, BeiDou, Galileo<\/li>\n<\/ul>\n<\/div>\n<\/div>\n<\/div>\n<div id=\"row-214715003\" class=\"row align-center\">\n<div id=\"col-883847564\" class=\"col medium-4 small-10 large-4\">\n<div class=\"col-inner\">\n<h1><strong>Baterija<\/strong><\/h1>\n<\/div>\n<\/div>\n<div id=\"col-35252131\" class=\"col medium-8 small-10 large-8\">\n<div class=\"col-inner\">\n<ul>\n<li><strong>Talpa: <\/strong>11000 mAh<\/li>\n<li><strong>Greitasis laidinis \u012fkrovimas: <\/strong>Taip, 66 W<\/li>\n<li><strong>Atvirk\u0161tinis laidinis \u012fkrovimas:<\/strong> Taip, 10 W<\/li>\n<li><strong>Belaidis \u012fkrovimas:<\/strong> Ne<\/li>\n<\/ul>\n<\/div>\n<\/div>\n<\/div>\n<div id=\"row-214715003\" class=\"row align-center\">\n<div id=\"col-883847564\" class=\"col medium-4 small-10 large-4\">\n<div class=\"col-inner\">\n<h1><strong>Papildomi duomenys<\/strong><\/h1>\n<\/div>\n<\/div>\n<div id=\"col-35252131\" class=\"col medium-8 small-10 large-8\">\n<div class=\"col-inner\">\n<ul>\n<li>I\u0161leidimo laikas: 2025 m.<\/li>\n<li>Gamybos laikas: 2026 m. II ketvirtis<\/li>\n<li>IP68\/IP69K standartas (atsparumas vandeniui ir dulk\u0117ms)<\/li>\n<li>MIL-STD-810H standartas<\/li>\n<li>Suasmenintas mygtukas<\/li>\n<li>Mini LED ap\u0161vietimas<\/li>\n<li>Integruota Gemini AI s\u0105saja<\/li>\n<\/ul>\n<\/div>\n<\/div>\n<p><img decoding=\"async\" src=\"https:\/\/ae01.alicdn.com\/kf\/S41230df2daba429aa0af78acf0ed5fcbp.jpg\" \/><img decoding=\"async\" src=\"https:\/\/ae-pic-a1.aliexpress-media.com\/kf\/S34e49203a91b409cad05321b180c1e33o.jpg\" \/><img decoding=\"async\" src=\"https:\/\/ae01.alicdn.com\/kf\/S836c8e7d2dd94e04a1881e87e81f250f1.jpg\" \/><img decoding=\"async\" src=\"https:\/\/ae01.alicdn.com\/kf\/S80053125e99742979b0f278a452f551eQ.jpg\" \/><img decoding=\"async\" src=\"https:\/\/ae-pic-a1.aliexpress-media.com\/kf\/Sc92084a4e49f4635bd135c67653a41fd1.jpg\" \/><img decoding=\"async\" src=\"https:\/\/ae01.alicdn.com\/kf\/Se80f3a99b1dd40ad80da1489b7283006z.jpg\" \/><img decoding=\"async\" src=\"https:\/\/ae-pic-a1.aliexpress-media.com\/kf\/S5bc56a4ca7a343bb97aaf5678fc8f477G.jpg\" \/><img decoding=\"async\" src=\"https:\/\/ae-pic-a1.aliexpress-media.com\/kf\/S7c218096cdb041e589e7e8ae7ebe3876W.jpg\" \/><img decoding=\"async\" src=\"https:\/\/ae01.alicdn.com\/kf\/Sf5e529368dd148de8b25749fbbf68e71Y.jpg\" \/><img decoding=\"async\" src=\"https:\/\/ae01.alicdn.com\/kf\/S4175422111ce45cab23f6f0221ebf6e9b.jpg\" \/><img decoding=\"async\" src=\"https:\/\/ae01.alicdn.com\/kf\/S3f0de743cfc940ca91f4dbc79f74250cR.jpg\" \/><img decoding=\"async\" src=\"https:\/\/ae01.alicdn.com\/kf\/S3ac44238aaa544b2bbe1cb59a3f71445N.jpg\" \/><img decoding=\"async\" src=\"https:\/\/ae-pic-a1.aliexpress-media.com\/kf\/Sedc98609c338470b8e25a0f88d713139J.jpg\" \/><img decoding=\"async\" src=\"https:\/\/ae-pic-a1.aliexpress-media.com\/kf\/Sb9a73ae51a064115a3c538234b405bc39.jpg\" \/><img decoding=\"async\" src=\"https:\/\/ae-pic-a1.aliexpress-media.com\/kf\/Sfcb339fb7b12479e92de6b8d604a7e66a.jpg\" \/><img decoding=\"async\" src=\"https:\/\/ae01.alicdn.com\/kf\/S8a098e8374754a10a7fe0ad88f331a6ar.jpg\" \/><img decoding=\"async\" src=\"https:\/\/ae01.alicdn.com\/kf\/S09b7c27f3f8a44d68f2da413d1f5045ac.jpg\" \/><img decoding=\"async\" src=\"https:\/\/ae01.alicdn.com\/kf\/Sa6ee45d35246492b9eeeb60956e6ad27p.jpg\" \/><img decoding=\"async\" src=\"https:\/\/ae01.alicdn.com\/kf\/S04a6c633c0534e739493140f64387f287.jpg\" \/><img decoding=\"async\" src=\"https:\/\/ae-pic-a1.aliexpress-media.com\/kf\/Sde7460cef2714635949d7a81e345a8d5D.jpg\" \/><img decoding=\"async\" src=\"https:\/\/ae-pic-a1.aliexpress-media.com\/kf\/S247a26a809a64e04a40c24a8e29a54640.jpg\" \/><img decoding=\"async\" src=\"https:\/\/ae01.alicdn.com\/kf\/S659b64135e85417d94eaaf45045ee3cbW.jpg\" \/><img decoding=\"async\" src=\"https:\/\/ae01.alicdn.com\/kf\/S88736ff0ff4c46138dcb91de9a9d75ecd.jpg\" \/><\/p>\n<\/div>\n<p>&nbsp;<\/p>\n<\/div>\n<\/section>\n","protected":false},"excerpt":{"rendered":"<p>Doogee S300 Pro &#8211; galingiausias ir naujausias sm\u016bgiams ir vandeniui atsparus telefonas i\u0161 Doogee\u2122. Abejing\u0173 nepaliekantis auk\u0161\u010diausi\u0173 parametr\u0173 spektras: 512 GB vidin\u0117 atmintis, 16 GB RAM, ultra-galingas Dimensity\u2122 8300-Ultra 4 nm procesorius, 200 MP pagrindin\u0117 kamera su 4K filmavimu, 20 MP Sony\u2122 naktinio matymo kamera bei did\u017eiul\u0117 11000 mAh baterija su 66 W greituoju \u012fkrovimu. [&#8230;]\n","protected":false},"featured_media":6864,"template":"","meta":[],"product_brand":[],"product_cat":[34],"product_tag":[],"class_list":{"0":"post-6863","1":"product","2":"type-product","3":"status-publish","4":"has-post-thumbnail","6":"product_cat-doogee-telefonai","8":"first","9":"instock","10":"sale","11":"shipping-taxable","12":"purchasable","13":"product-type-simple"},"yoast_head":"<!-- This site is optimized with the Yoast SEO plugin v27.5 - https:\/\/yoast.com\/product\/yoast-seo-wordpress\/ -->\n<title>Doogee S300 Pro - 5G, 512GB\/16GB, Juodas - Resolute.lt<\/title>\n<meta name=\"description\" content=\"Doogee S300 Pro\u00a0\u2013 vandeniui ir sm\u016bgiams atsparus 5G telefonas su modernia 200 MP kamera, mil\u017eini\u0161ka 11000 mAh baterija ir meniu lietuvi\u0173 kalba.\" \/>\n<meta name=\"robots\" content=\"index, follow, max-snippet:-1, max-image-preview:large, max-video-preview:-1\" \/>\n<link rel=\"canonical\" href=\"https:\/\/resolute.lt\/index.php\/produktas\/doogee-s300-pro-juodas\/\" \/>\n<meta property=\"og:locale\" content=\"lt_LT\" \/>\n<meta property=\"og:type\" content=\"article\" \/>\n<meta property=\"og:title\" content=\"Doogee S300 Pro - 5G, 512GB\/16GB, Juodas - Resolute.lt\" \/>\n<meta property=\"og:description\" content=\"Doogee S300 Pro\u00a0\u2013 vandeniui ir sm\u016bgiams atsparus 5G telefonas su modernia 200 MP kamera, mil\u017eini\u0161ka 11000 mAh baterija ir meniu lietuvi\u0173 kalba.\" \/>\n<meta property=\"og:url\" content=\"https:\/\/resolute.lt\/index.php\/produktas\/doogee-s300-pro-juodas\/\" \/>\n<meta property=\"og:site_name\" content=\"Resolute.lt\" \/>\n<meta property=\"article:modified_time\" content=\"2026-04-29T12:41:03+00:00\" \/>\n<meta property=\"og:image\" content=\"https:\/\/resolute.lt\/wp-content\/uploads\/2026\/04\/1.-Doogee-S300-Pro-5G-Juodas-IP68-Smugiams-vandeniui-dulkems-atsparus-telefonas-Waterproof-Rugged-Phone-Triecienizturigs-un-udensnecaurlaidigs-talrunis-Resolute.lt_.jpeg\" \/>\n\t<meta property=\"og:image:width\" content=\"1000\" \/>\n\t<meta property=\"og:image:height\" content=\"1000\" \/>\n\t<meta property=\"og:image:type\" content=\"image\/jpeg\" \/>\n<meta name=\"twitter:card\" content=\"summary_large_image\" \/>\n<meta name=\"twitter:label1\" content=\"Est. reading time\" \/>\n\t<meta name=\"twitter:data1\" content=\"8 minut\u0117s\" \/>\n<script type=\"application\/ld+json\" class=\"yoast-schema-graph\">{\"@context\":\"https:\\\/\\\/schema.org\",\"@graph\":[{\"@type\":\"WebPage\",\"@id\":\"https:\\\/\\\/resolute.lt\\\/index.php\\\/produktas\\\/doogee-s300-pro-juodas\\\/\",\"url\":\"https:\\\/\\\/resolute.lt\\\/index.php\\\/produktas\\\/doogee-s300-pro-juodas\\\/\",\"name\":\"Doogee S300 Pro - 5G, 512GB\\\/16GB, Juodas - Resolute.lt\",\"isPartOf\":{\"@id\":\"https:\\\/\\\/resolute.lt\\\/#website\"},\"primaryImageOfPage\":{\"@id\":\"https:\\\/\\\/resolute.lt\\\/index.php\\\/produktas\\\/doogee-s300-pro-juodas\\\/#primaryimage\"},\"image\":{\"@id\":\"https:\\\/\\\/resolute.lt\\\/index.php\\\/produktas\\\/doogee-s300-pro-juodas\\\/#primaryimage\"},\"thumbnailUrl\":\"https:\\\/\\\/resolute.lt\\\/wp-content\\\/uploads\\\/2026\\\/04\\\/1.-Doogee-S300-Pro-5G-Juodas-IP68-Smugiams-vandeniui-dulkems-atsparus-telefonas-Waterproof-Rugged-Phone-Triecienizturigs-un-udensnecaurlaidigs-talrunis-Resolute.lt_.jpeg\",\"datePublished\":\"2026-04-29T11:30:14+00:00\",\"dateModified\":\"2026-04-29T12:41:03+00:00\",\"description\":\"Doogee S300 Pro\u00a0\u2013 vandeniui ir sm\u016bgiams atsparus 5G telefonas su modernia 200 MP kamera, mil\u017eini\u0161ka 11000 mAh baterija ir meniu lietuvi\u0173 kalba.\",\"breadcrumb\":{\"@id\":\"https:\\\/\\\/resolute.lt\\\/index.php\\\/produktas\\\/doogee-s300-pro-juodas\\\/#breadcrumb\"},\"inLanguage\":\"lt-LT\",\"potentialAction\":[{\"@type\":\"ReadAction\",\"target\":[\"https:\\\/\\\/resolute.lt\\\/index.php\\\/produktas\\\/doogee-s300-pro-juodas\\\/\"]}]},{\"@type\":\"ImageObject\",\"inLanguage\":\"lt-LT\",\"@id\":\"https:\\\/\\\/resolute.lt\\\/index.php\\\/produktas\\\/doogee-s300-pro-juodas\\\/#primaryimage\",\"url\":\"https:\\\/\\\/resolute.lt\\\/wp-content\\\/uploads\\\/2026\\\/04\\\/1.-Doogee-S300-Pro-5G-Juodas-IP68-Smugiams-vandeniui-dulkems-atsparus-telefonas-Waterproof-Rugged-Phone-Triecienizturigs-un-udensnecaurlaidigs-talrunis-Resolute.lt_.jpeg\",\"contentUrl\":\"https:\\\/\\\/resolute.lt\\\/wp-content\\\/uploads\\\/2026\\\/04\\\/1.-Doogee-S300-Pro-5G-Juodas-IP68-Smugiams-vandeniui-dulkems-atsparus-telefonas-Waterproof-Rugged-Phone-Triecienizturigs-un-udensnecaurlaidigs-talrunis-Resolute.lt_.jpeg\",\"width\":1000,\"height\":1000},{\"@type\":\"BreadcrumbList\",\"@id\":\"https:\\\/\\\/resolute.lt\\\/index.php\\\/produktas\\\/doogee-s300-pro-juodas\\\/#breadcrumb\",\"itemListElement\":[{\"@type\":\"ListItem\",\"position\":1,\"name\":\"Home\",\"item\":\"https:\\\/\\\/resolute.lt\\\/\"},{\"@type\":\"ListItem\",\"position\":2,\"name\":\"Resolute.lt\",\"item\":\"https:\\\/\\\/resolute.lt\\\/\"},{\"@type\":\"ListItem\",\"position\":3,\"name\":\"Doogee S300 Pro &#8211; 5G, 512GB\\\/16GB, Juodas\"}]},{\"@type\":\"WebSite\",\"@id\":\"https:\\\/\\\/resolute.lt\\\/#website\",\"url\":\"https:\\\/\\\/resolute.lt\\\/\",\"name\":\"Resolute.lt\",\"description\":\"Sm\u016bgiams ir vandeniui telefonai\",\"potentialAction\":[{\"@type\":\"SearchAction\",\"target\":{\"@type\":\"EntryPoint\",\"urlTemplate\":\"https:\\\/\\\/resolute.lt\\\/?s={search_term_string}\"},\"query-input\":{\"@type\":\"PropertyValueSpecification\",\"valueRequired\":true,\"valueName\":\"search_term_string\"}}],\"inLanguage\":\"lt-LT\"}]}<\/script>\n<!-- \/ Yoast SEO plugin. -->","yoast_head_json":{"title":"Doogee S300 Pro - 5G, 512GB\/16GB, Juodas - Resolute.lt","description":"Doogee S300 Pro\u00a0\u2013 vandeniui ir sm\u016bgiams atsparus 5G telefonas su modernia 200 MP kamera, mil\u017eini\u0161ka 11000 mAh baterija ir meniu lietuvi\u0173 kalba.","robots":{"index":"index","follow":"follow","max-snippet":"max-snippet:-1","max-image-preview":"max-image-preview:large","max-video-preview":"max-video-preview:-1"},"canonical":"https:\/\/resolute.lt\/index.php\/produktas\/doogee-s300-pro-juodas\/","og_locale":"lt_LT","og_type":"article","og_title":"Doogee S300 Pro - 5G, 512GB\/16GB, Juodas - Resolute.lt","og_description":"Doogee S300 Pro\u00a0\u2013 vandeniui ir sm\u016bgiams atsparus 5G telefonas su modernia 200 MP kamera, mil\u017eini\u0161ka 11000 mAh baterija ir meniu lietuvi\u0173 kalba.","og_url":"https:\/\/resolute.lt\/index.php\/produktas\/doogee-s300-pro-juodas\/","og_site_name":"Resolute.lt","article_modified_time":"2026-04-29T12:41:03+00:00","og_image":[{"width":1000,"height":1000,"url":"https:\/\/resolute.lt\/wp-content\/uploads\/2026\/04\/1.-Doogee-S300-Pro-5G-Juodas-IP68-Smugiams-vandeniui-dulkems-atsparus-telefonas-Waterproof-Rugged-Phone-Triecienizturigs-un-udensnecaurlaidigs-talrunis-Resolute.lt_.jpeg","type":"image\/jpeg"}],"twitter_card":"summary_large_image","twitter_misc":{"Est. reading time":"8 minut\u0117s"},"schema":{"@context":"https:\/\/schema.org","@graph":[{"@type":"WebPage","@id":"https:\/\/resolute.lt\/index.php\/produktas\/doogee-s300-pro-juodas\/","url":"https:\/\/resolute.lt\/index.php\/produktas\/doogee-s300-pro-juodas\/","name":"Doogee S300 Pro - 5G, 512GB\/16GB, Juodas - Resolute.lt","isPartOf":{"@id":"https:\/\/resolute.lt\/#website"},"primaryImageOfPage":{"@id":"https:\/\/resolute.lt\/index.php\/produktas\/doogee-s300-pro-juodas\/#primaryimage"},"image":{"@id":"https:\/\/resolute.lt\/index.php\/produktas\/doogee-s300-pro-juodas\/#primaryimage"},"thumbnailUrl":"https:\/\/resolute.lt\/wp-content\/uploads\/2026\/04\/1.-Doogee-S300-Pro-5G-Juodas-IP68-Smugiams-vandeniui-dulkems-atsparus-telefonas-Waterproof-Rugged-Phone-Triecienizturigs-un-udensnecaurlaidigs-talrunis-Resolute.lt_.jpeg","datePublished":"2026-04-29T11:30:14+00:00","dateModified":"2026-04-29T12:41:03+00:00","description":"Doogee S300 Pro\u00a0\u2013 vandeniui ir sm\u016bgiams atsparus 5G telefonas su modernia 200 MP kamera, mil\u017eini\u0161ka 11000 mAh baterija ir meniu lietuvi\u0173 kalba.","breadcrumb":{"@id":"https:\/\/resolute.lt\/index.php\/produktas\/doogee-s300-pro-juodas\/#breadcrumb"},"inLanguage":"lt-LT","potentialAction":[{"@type":"ReadAction","target":["https:\/\/resolute.lt\/index.php\/produktas\/doogee-s300-pro-juodas\/"]}]},{"@type":"ImageObject","inLanguage":"lt-LT","@id":"https:\/\/resolute.lt\/index.php\/produktas\/doogee-s300-pro-juodas\/#primaryimage","url":"https:\/\/resolute.lt\/wp-content\/uploads\/2026\/04\/1.-Doogee-S300-Pro-5G-Juodas-IP68-Smugiams-vandeniui-dulkems-atsparus-telefonas-Waterproof-Rugged-Phone-Triecienizturigs-un-udensnecaurlaidigs-talrunis-Resolute.lt_.jpeg","contentUrl":"https:\/\/resolute.lt\/wp-content\/uploads\/2026\/04\/1.-Doogee-S300-Pro-5G-Juodas-IP68-Smugiams-vandeniui-dulkems-atsparus-telefonas-Waterproof-Rugged-Phone-Triecienizturigs-un-udensnecaurlaidigs-talrunis-Resolute.lt_.jpeg","width":1000,"height":1000},{"@type":"BreadcrumbList","@id":"https:\/\/resolute.lt\/index.php\/produktas\/doogee-s300-pro-juodas\/#breadcrumb","itemListElement":[{"@type":"ListItem","position":1,"name":"Home","item":"https:\/\/resolute.lt\/"},{"@type":"ListItem","position":2,"name":"Resolute.lt","item":"https:\/\/resolute.lt\/"},{"@type":"ListItem","position":3,"name":"Doogee S300 Pro &#8211; 5G, 512GB\/16GB, Juodas"}]},{"@type":"WebSite","@id":"https:\/\/resolute.lt\/#website","url":"https:\/\/resolute.lt\/","name":"Resolute.lt","description":"Sm\u016bgiams ir vandeniui telefonai","potentialAction":[{"@type":"SearchAction","target":{"@type":"EntryPoint","urlTemplate":"https:\/\/resolute.lt\/?s={search_term_string}"},"query-input":{"@type":"PropertyValueSpecification","valueRequired":true,"valueName":"search_term_string"}}],"inLanguage":"lt-LT"}]}},"_links":{"self":[{"href":"https:\/\/resolute.lt\/index.php\/wp-json\/wp\/v2\/product\/6863","targetHints":{"allow":["GET"]}}],"collection":[{"href":"https:\/\/resolute.lt\/index.php\/wp-json\/wp\/v2\/product"}],"about":[{"href":"https:\/\/resolute.lt\/index.php\/wp-json\/wp\/v2\/types\/product"}],"wp:featuredmedia":[{"embeddable":true,"href":"https:\/\/resolute.lt\/index.php\/wp-json\/wp\/v2\/media\/6864"}],"wp:attachment":[{"href":"https:\/\/resolute.lt\/index.php\/wp-json\/wp\/v2\/media?parent=6863"}],"wp:term":[{"taxonomy":"product_brand","embeddable":true,"href":"https:\/\/resolute.lt\/index.php\/wp-json\/wp\/v2\/product_brand?post=6863"},{"taxonomy":"product_cat","embeddable":true,"href":"https:\/\/resolute.lt\/index.php\/wp-json\/wp\/v2\/product_cat?post=6863"},{"taxonomy":"product_tag","embeddable":true,"href":"https:\/\/resolute.lt\/index.php\/wp-json\/wp\/v2\/product_tag?post=6863"}],"curies":[{"name":"wp","href":"https:\/\/api.w.org\/{rel}","templated":true}]}}