{"id":6845,"date":"2026-04-15T17:40:16","date_gmt":"2026-04-15T17:40:16","guid":{"rendered":"https:\/\/resolute.lt\/?post_type=product&#038;p=6845"},"modified":"2026-04-15T17:48:16","modified_gmt":"2026-04-15T17:48:16","slug":"doogee-blade-10-pro-energy-raudonas","status":"publish","type":"product","link":"https:\/\/resolute.lt\/index.php\/produktas\/doogee-blade-10-pro-energy-raudonas\/","title":{"rendered":"Doogee Blade 10 Pro Energy &#8211; 256\/6GB, Raudonas"},"content":{"rendered":"<p><strong>Doogee Blade 10 Pro Energy<\/strong> \u2013 puikios vert\u0117s vandeniui ir sm\u016bgiams atsparus telefonas. 256 GB vidin\u0117 ir 32 GB RAM (6 GB + 26 GB Virtual) atmintis, 50 MP kamera, 6,56&#8243; IPS ekranas, Unisoc\u2122 T7250 procesorius bei 6150 mAh baterija u\u017etikrina skland\u0173 veikim\u0105. Android 15 operacin\u0117 sistema su lietuvi\u0173 kalba. Juodos spalvos korpusas su raudonais akcentais (oficialiai &#8222;Raudonas&#8221;). Sibabrin\u0117s spalvos versija &#8211; <a href=\"https:\/\/resolute.lt\/index.php\/produktas\/doogee-blade-10-pro-energy-sidabrinis\/\" target=\"_blank\" rel=\"noopener\"><strong>\u010cIA<\/strong><\/a>.<\/p>\n<p><strong>I\u0161sam\u016bs prek\u0117s parametrai:<\/strong> <a href=\"https:\/\/www.devicespecifications.com\/en\/model\/82716425\" target=\"_blank\" rel=\"noopener\">https:\/\/www.devicespecifications.com\/en\/model\/82716425<\/a><\/p>\n<p><strong><a href=\"https:\/\/www.resolute.lt\/\">RESOLUTE.LT EL. PARDUOTUV\u0116:<\/a><\/strong><br \/>\n<strong>\u2013 5-7 darbo dien\u0173 pristatymas!<br \/>\n<\/strong>\u2013 Apmok\u0117jimas Google Pay, banko kortele, el. bankininkyste ar PayPal.<br \/>\n\u2013 Galimyb\u0117 \u012fsigyti gyvai Vilniuje (kreiptis +37062296802).<br \/>\n\u2013 Tik naujos prek\u0117s su 2 met\u0173 garantija!<\/p>\n<h3><strong>Idealus pasirinkimams ie\u0161kantiems \u0161i\u0173 savybi\u0173 viename \u012frenginyje:<\/strong><\/h3>\n<ul>\n<li>Auk\u0161tos rai\u0161kos kamera (50 MP)<\/li>\n<li>Dviej\u0173 SIM korteli\u0173 palaikymas<\/li>\n<\/ul>\n<h3><strong>Kiti sm\u016bgiams ir vandeniui atspar\u016bs modeliai:<\/strong><\/h3>\n<ul>\n<li>Domina auk\u0161\u010diausios klas\u0117s telefonas i\u0161 Doogee\u2122? Rekomenduojame <strong><a href=\"https:\/\/resolute.lt\/index.php\/produktas\/doogee-s200-plus-5g-juodas\/\" target=\"_blank\" rel=\"noopener\">Doogee S200 Plus<\/a><\/strong>.<\/li>\n<li>Domina auk\u0161tos klas\u0117s telefonas i\u0161 Ulefone\u2122 iki 400 \u20ac? Rekomenduojame <strong><a href=\"https:\/\/resolute.lt\/index.php\/produktas\/ulefone-armor-27t-pro\/\" target=\"_blank\" rel=\"noopener\">Ulefone Armor 27T Pro<\/a><\/strong>.<\/li>\n<\/ul>\n<p>&nbsp;<\/p>\n<p><img loading=\"lazy\" decoding=\"async\" class=\"alignnone size-full wp-image-6839\" src=\"https:\/\/resolute.lt\/wp-content\/uploads\/2026\/04\/8.-Doogee-Blade-10-Pro-Energy-IP68-Smugiams-vandeniui-dulkems-atsparus-telefonas-Waterproof-Rugged-Phone-Triecienizturigs-un-udensnecaurlaidigs-talrunis-Resolute.lt_.jpeg\" alt=\"\" width=\"960\" height=\"960\" srcset=\"https:\/\/resolute.lt\/wp-content\/uploads\/2026\/04\/8.-Doogee-Blade-10-Pro-Energy-IP68-Smugiams-vandeniui-dulkems-atsparus-telefonas-Waterproof-Rugged-Phone-Triecienizturigs-un-udensnecaurlaidigs-talrunis-Resolute.lt_.jpeg 960w, https:\/\/resolute.lt\/wp-content\/uploads\/2026\/04\/8.-Doogee-Blade-10-Pro-Energy-IP68-Smugiams-vandeniui-dulkems-atsparus-telefonas-Waterproof-Rugged-Phone-Triecienizturigs-un-udensnecaurlaidigs-talrunis-Resolute.lt_-300x300.jpeg 300w, https:\/\/resolute.lt\/wp-content\/uploads\/2026\/04\/8.-Doogee-Blade-10-Pro-Energy-IP68-Smugiams-vandeniui-dulkems-atsparus-telefonas-Waterproof-Rugged-Phone-Triecienizturigs-un-udensnecaurlaidigs-talrunis-Resolute.lt_-150x150.jpeg 150w, https:\/\/resolute.lt\/wp-content\/uploads\/2026\/04\/8.-Doogee-Blade-10-Pro-Energy-IP68-Smugiams-vandeniui-dulkems-atsparus-telefonas-Waterproof-Rugged-Phone-Triecienizturigs-un-udensnecaurlaidigs-talrunis-Resolute.lt_-768x768.jpeg 768w, https:\/\/resolute.lt\/wp-content\/uploads\/2026\/04\/8.-Doogee-Blade-10-Pro-Energy-IP68-Smugiams-vandeniui-dulkems-atsparus-telefonas-Waterproof-Rugged-Phone-Triecienizturigs-un-udensnecaurlaidigs-talrunis-Resolute.lt_-247x247.jpeg 247w, https:\/\/resolute.lt\/wp-content\/uploads\/2026\/04\/8.-Doogee-Blade-10-Pro-Energy-IP68-Smugiams-vandeniui-dulkems-atsparus-telefonas-Waterproof-Rugged-Phone-Triecienizturigs-un-udensnecaurlaidigs-talrunis-Resolute.lt_-510x510.jpeg 510w, https:\/\/resolute.lt\/wp-content\/uploads\/2026\/04\/8.-Doogee-Blade-10-Pro-Energy-IP68-Smugiams-vandeniui-dulkems-atsparus-telefonas-Waterproof-Rugged-Phone-Triecienizturigs-un-udensnecaurlaidigs-talrunis-Resolute.lt_-100x100.jpeg 100w\" sizes=\"auto, (max-width: 960px) 100vw, 960px\" \/> <img loading=\"lazy\" decoding=\"async\" class=\"alignnone size-full wp-image-6840\" src=\"https:\/\/resolute.lt\/wp-content\/uploads\/2026\/04\/9.-Doogee-Blade-10-Pro-Energy-IP68-Smugiams-vandeniui-dulkems-atsparus-telefonas-Waterproof-Rugged-Phone-Triecienizturigs-un-udensnecaurlaidigs-talrunis-Resolute.lt_.jpeg\" alt=\"\" width=\"960\" height=\"960\" srcset=\"https:\/\/resolute.lt\/wp-content\/uploads\/2026\/04\/9.-Doogee-Blade-10-Pro-Energy-IP68-Smugiams-vandeniui-dulkems-atsparus-telefonas-Waterproof-Rugged-Phone-Triecienizturigs-un-udensnecaurlaidigs-talrunis-Resolute.lt_.jpeg 960w, https:\/\/resolute.lt\/wp-content\/uploads\/2026\/04\/9.-Doogee-Blade-10-Pro-Energy-IP68-Smugiams-vandeniui-dulkems-atsparus-telefonas-Waterproof-Rugged-Phone-Triecienizturigs-un-udensnecaurlaidigs-talrunis-Resolute.lt_-300x300.jpeg 300w, https:\/\/resolute.lt\/wp-content\/uploads\/2026\/04\/9.-Doogee-Blade-10-Pro-Energy-IP68-Smugiams-vandeniui-dulkems-atsparus-telefonas-Waterproof-Rugged-Phone-Triecienizturigs-un-udensnecaurlaidigs-talrunis-Resolute.lt_-150x150.jpeg 150w, https:\/\/resolute.lt\/wp-content\/uploads\/2026\/04\/9.-Doogee-Blade-10-Pro-Energy-IP68-Smugiams-vandeniui-dulkems-atsparus-telefonas-Waterproof-Rugged-Phone-Triecienizturigs-un-udensnecaurlaidigs-talrunis-Resolute.lt_-768x768.jpeg 768w, https:\/\/resolute.lt\/wp-content\/uploads\/2026\/04\/9.-Doogee-Blade-10-Pro-Energy-IP68-Smugiams-vandeniui-dulkems-atsparus-telefonas-Waterproof-Rugged-Phone-Triecienizturigs-un-udensnecaurlaidigs-talrunis-Resolute.lt_-247x247.jpeg 247w, https:\/\/resolute.lt\/wp-content\/uploads\/2026\/04\/9.-Doogee-Blade-10-Pro-Energy-IP68-Smugiams-vandeniui-dulkems-atsparus-telefonas-Waterproof-Rugged-Phone-Triecienizturigs-un-udensnecaurlaidigs-talrunis-Resolute.lt_-510x510.jpeg 510w, https:\/\/resolute.lt\/wp-content\/uploads\/2026\/04\/9.-Doogee-Blade-10-Pro-Energy-IP68-Smugiams-vandeniui-dulkems-atsparus-telefonas-Waterproof-Rugged-Phone-Triecienizturigs-un-udensnecaurlaidigs-talrunis-Resolute.lt_-100x100.jpeg 100w\" sizes=\"auto, (max-width: 960px) 100vw, 960px\" \/> <img loading=\"lazy\" decoding=\"async\" class=\"alignnone size-full wp-image-6841\" src=\"https:\/\/resolute.lt\/wp-content\/uploads\/2026\/04\/10.-Doogee-Blade-10-Pro-Energy-IP68-Smugiams-vandeniui-dulkems-atsparus-telefonas-Waterproof-Rugged-Phone-Triecienizturigs-un-udensnecaurlaidigs-talrunis-Resolute.lt_.jpeg\" alt=\"\" width=\"960\" height=\"960\" srcset=\"https:\/\/resolute.lt\/wp-content\/uploads\/2026\/04\/10.-Doogee-Blade-10-Pro-Energy-IP68-Smugiams-vandeniui-dulkems-atsparus-telefonas-Waterproof-Rugged-Phone-Triecienizturigs-un-udensnecaurlaidigs-talrunis-Resolute.lt_.jpeg 960w, https:\/\/resolute.lt\/wp-content\/uploads\/2026\/04\/10.-Doogee-Blade-10-Pro-Energy-IP68-Smugiams-vandeniui-dulkems-atsparus-telefonas-Waterproof-Rugged-Phone-Triecienizturigs-un-udensnecaurlaidigs-talrunis-Resolute.lt_-300x300.jpeg 300w, https:\/\/resolute.lt\/wp-content\/uploads\/2026\/04\/10.-Doogee-Blade-10-Pro-Energy-IP68-Smugiams-vandeniui-dulkems-atsparus-telefonas-Waterproof-Rugged-Phone-Triecienizturigs-un-udensnecaurlaidigs-talrunis-Resolute.lt_-150x150.jpeg 150w, https:\/\/resolute.lt\/wp-content\/uploads\/2026\/04\/10.-Doogee-Blade-10-Pro-Energy-IP68-Smugiams-vandeniui-dulkems-atsparus-telefonas-Waterproof-Rugged-Phone-Triecienizturigs-un-udensnecaurlaidigs-talrunis-Resolute.lt_-768x768.jpeg 768w, https:\/\/resolute.lt\/wp-content\/uploads\/2026\/04\/10.-Doogee-Blade-10-Pro-Energy-IP68-Smugiams-vandeniui-dulkems-atsparus-telefonas-Waterproof-Rugged-Phone-Triecienizturigs-un-udensnecaurlaidigs-talrunis-Resolute.lt_-247x247.jpeg 247w, https:\/\/resolute.lt\/wp-content\/uploads\/2026\/04\/10.-Doogee-Blade-10-Pro-Energy-IP68-Smugiams-vandeniui-dulkems-atsparus-telefonas-Waterproof-Rugged-Phone-Triecienizturigs-un-udensnecaurlaidigs-talrunis-Resolute.lt_-510x510.jpeg 510w, https:\/\/resolute.lt\/wp-content\/uploads\/2026\/04\/10.-Doogee-Blade-10-Pro-Energy-IP68-Smugiams-vandeniui-dulkems-atsparus-telefonas-Waterproof-Rugged-Phone-Triecienizturigs-un-udensnecaurlaidigs-talrunis-Resolute.lt_-100x100.jpeg 100w\" sizes=\"auto, (max-width: 960px) 100vw, 960px\" \/> <img loading=\"lazy\" decoding=\"async\" class=\"alignnone size-full wp-image-6842\" src=\"https:\/\/resolute.lt\/wp-content\/uploads\/2026\/04\/11.-Doogee-Blade-10-Pro-Energy-IP68-Smugiams-vandeniui-dulkems-atsparus-telefonas-Waterproof-Rugged-Phone-Triecienizturigs-un-udensnecaurlaidigs-talrunis-Resolute.lt_.jpeg\" alt=\"\" width=\"960\" height=\"960\" srcset=\"https:\/\/resolute.lt\/wp-content\/uploads\/2026\/04\/11.-Doogee-Blade-10-Pro-Energy-IP68-Smugiams-vandeniui-dulkems-atsparus-telefonas-Waterproof-Rugged-Phone-Triecienizturigs-un-udensnecaurlaidigs-talrunis-Resolute.lt_.jpeg 960w, https:\/\/resolute.lt\/wp-content\/uploads\/2026\/04\/11.-Doogee-Blade-10-Pro-Energy-IP68-Smugiams-vandeniui-dulkems-atsparus-telefonas-Waterproof-Rugged-Phone-Triecienizturigs-un-udensnecaurlaidigs-talrunis-Resolute.lt_-300x300.jpeg 300w, https:\/\/resolute.lt\/wp-content\/uploads\/2026\/04\/11.-Doogee-Blade-10-Pro-Energy-IP68-Smugiams-vandeniui-dulkems-atsparus-telefonas-Waterproof-Rugged-Phone-Triecienizturigs-un-udensnecaurlaidigs-talrunis-Resolute.lt_-150x150.jpeg 150w, https:\/\/resolute.lt\/wp-content\/uploads\/2026\/04\/11.-Doogee-Blade-10-Pro-Energy-IP68-Smugiams-vandeniui-dulkems-atsparus-telefonas-Waterproof-Rugged-Phone-Triecienizturigs-un-udensnecaurlaidigs-talrunis-Resolute.lt_-768x768.jpeg 768w, https:\/\/resolute.lt\/wp-content\/uploads\/2026\/04\/11.-Doogee-Blade-10-Pro-Energy-IP68-Smugiams-vandeniui-dulkems-atsparus-telefonas-Waterproof-Rugged-Phone-Triecienizturigs-un-udensnecaurlaidigs-talrunis-Resolute.lt_-247x247.jpeg 247w, https:\/\/resolute.lt\/wp-content\/uploads\/2026\/04\/11.-Doogee-Blade-10-Pro-Energy-IP68-Smugiams-vandeniui-dulkems-atsparus-telefonas-Waterproof-Rugged-Phone-Triecienizturigs-un-udensnecaurlaidigs-talrunis-Resolute.lt_-510x510.jpeg 510w, https:\/\/resolute.lt\/wp-content\/uploads\/2026\/04\/11.-Doogee-Blade-10-Pro-Energy-IP68-Smugiams-vandeniui-dulkems-atsparus-telefonas-Waterproof-Rugged-Phone-Triecienizturigs-un-udensnecaurlaidigs-talrunis-Resolute.lt_-100x100.jpeg 100w\" sizes=\"auto, (max-width: 960px) 100vw, 960px\" \/> <img loading=\"lazy\" decoding=\"async\" class=\"alignnone size-full wp-image-6843\" src=\"https:\/\/resolute.lt\/wp-content\/uploads\/2026\/04\/12.-Doogee-Blade-10-Pro-Energy-IP68-Smugiams-vandeniui-dulkems-atsparus-telefonas-Waterproof-Rugged-Phone-Triecienizturigs-un-udensnecaurlaidigs-talrunis-Resolute.lt_.jpeg\" alt=\"\" width=\"960\" height=\"960\" srcset=\"https:\/\/resolute.lt\/wp-content\/uploads\/2026\/04\/12.-Doogee-Blade-10-Pro-Energy-IP68-Smugiams-vandeniui-dulkems-atsparus-telefonas-Waterproof-Rugged-Phone-Triecienizturigs-un-udensnecaurlaidigs-talrunis-Resolute.lt_.jpeg 960w, https:\/\/resolute.lt\/wp-content\/uploads\/2026\/04\/12.-Doogee-Blade-10-Pro-Energy-IP68-Smugiams-vandeniui-dulkems-atsparus-telefonas-Waterproof-Rugged-Phone-Triecienizturigs-un-udensnecaurlaidigs-talrunis-Resolute.lt_-300x300.jpeg 300w, https:\/\/resolute.lt\/wp-content\/uploads\/2026\/04\/12.-Doogee-Blade-10-Pro-Energy-IP68-Smugiams-vandeniui-dulkems-atsparus-telefonas-Waterproof-Rugged-Phone-Triecienizturigs-un-udensnecaurlaidigs-talrunis-Resolute.lt_-150x150.jpeg 150w, https:\/\/resolute.lt\/wp-content\/uploads\/2026\/04\/12.-Doogee-Blade-10-Pro-Energy-IP68-Smugiams-vandeniui-dulkems-atsparus-telefonas-Waterproof-Rugged-Phone-Triecienizturigs-un-udensnecaurlaidigs-talrunis-Resolute.lt_-768x768.jpeg 768w, https:\/\/resolute.lt\/wp-content\/uploads\/2026\/04\/12.-Doogee-Blade-10-Pro-Energy-IP68-Smugiams-vandeniui-dulkems-atsparus-telefonas-Waterproof-Rugged-Phone-Triecienizturigs-un-udensnecaurlaidigs-talrunis-Resolute.lt_-247x247.jpeg 247w, https:\/\/resolute.lt\/wp-content\/uploads\/2026\/04\/12.-Doogee-Blade-10-Pro-Energy-IP68-Smugiams-vandeniui-dulkems-atsparus-telefonas-Waterproof-Rugged-Phone-Triecienizturigs-un-udensnecaurlaidigs-talrunis-Resolute.lt_-510x510.jpeg 510w, https:\/\/resolute.lt\/wp-content\/uploads\/2026\/04\/12.-Doogee-Blade-10-Pro-Energy-IP68-Smugiams-vandeniui-dulkems-atsparus-telefonas-Waterproof-Rugged-Phone-Triecienizturigs-un-udensnecaurlaidigs-talrunis-Resolute.lt_-100x100.jpeg 100w\" sizes=\"auto, (max-width: 960px) 100vw, 960px\" \/><\/p>\n<div class=\"t4s-tab-wrapper\" data-t4s-tab-wrapper=\"\">\n<div id=\"t4s-tab-destemplate--19983822913667__main\" class=\"t4s-rte t4s-tab-content\" data-t4s-tab-content=\"\">\n<div class=\"pc_details\"><\/div>\n<\/div>\n<\/div>\n","protected":false},"excerpt":{"rendered":"<p>Doogee Blade 10 Pro Energy \u2013 puikios vert\u0117s vandeniui ir sm\u016bgiams atsparus telefonas. 256 GB vidin\u0117 ir 32 GB RAM (6 GB + 26 GB Virtual) atmintis, 50 MP kamera, 6,56&#8243; IPS ekranas, Unisoc\u2122 T7250 procesorius bei 6150 mAh baterija u\u017etikrina skland\u0173 veikim\u0105. Android 15 operacin\u0117 sistema su lietuvi\u0173 kalba. Juodos spalvos korpusas su raudonais [&#8230;]\n","protected":false},"featured_media":6829,"template":"","meta":[],"product_brand":[],"product_cat":[34],"product_tag":[],"class_list":{"0":"post-6845","1":"product","2":"type-product","3":"status-publish","4":"has-post-thumbnail","6":"product_cat-doogee-telefonai","8":"first","9":"instock","10":"sale","11":"shipping-taxable","12":"purchasable","13":"product-type-simple"},"yoast_head":"<!-- This site is optimized with the Yoast SEO plugin v27.4 - https:\/\/yoast.com\/product\/yoast-seo-wordpress\/ -->\n<title>Doogee Blade 10 Pro Energy - 256\/6GB, Raudonas - Resolute.lt<\/title>\n<meta name=\"description\" content=\"Doogee Blade 10 Pro Energy \u2013 vandeniui ir sm\u016bgiams atsparus telefonas su 6150 mAh baterija, kokybi\u0161ka 50 MP kamera bei 6,56\u2033 IPS ekranu.\" \/>\n<meta name=\"robots\" content=\"index, follow, max-snippet:-1, max-image-preview:large, max-video-preview:-1\" \/>\n<link rel=\"canonical\" href=\"https:\/\/resolute.lt\/index.php\/produktas\/doogee-blade-10-pro-energy-raudonas\/\" \/>\n<meta property=\"og:locale\" content=\"lt_LT\" \/>\n<meta property=\"og:type\" content=\"article\" \/>\n<meta property=\"og:title\" content=\"Doogee Blade 10 Pro Energy - 256\/6GB, Raudonas - Resolute.lt\" \/>\n<meta property=\"og:description\" content=\"Doogee Blade 10 Pro Energy \u2013 vandeniui ir sm\u016bgiams atsparus telefonas su 6150 mAh baterija, kokybi\u0161ka 50 MP kamera bei 6,56\u2033 IPS ekranu.\" \/>\n<meta property=\"og:url\" content=\"https:\/\/resolute.lt\/index.php\/produktas\/doogee-blade-10-pro-energy-raudonas\/\" \/>\n<meta property=\"og:site_name\" content=\"Resolute.lt\" \/>\n<meta property=\"article:modified_time\" content=\"2026-04-15T17:48:16+00:00\" \/>\n<meta property=\"og:image\" content=\"https:\/\/resolute.lt\/wp-content\/uploads\/2026\/04\/1.-Doogee-Blade-10-Pro-Energy-Raudonas-IP68-Smugiams-vandeniui-dulkems-atsparus-telefonas-Waterproof-Rugged-Phone-Triecienizturigs-un-udensnecaurlaidigs-talrunis-Resolute.lt_.jpeg\" \/>\n\t<meta property=\"og:image:width\" content=\"1000\" \/>\n\t<meta property=\"og:image:height\" content=\"1000\" \/>\n\t<meta property=\"og:image:type\" content=\"image\/jpeg\" \/>\n<meta name=\"twitter:card\" content=\"summary_large_image\" \/>\n<meta name=\"twitter:label1\" content=\"Est. reading time\" \/>\n\t<meta name=\"twitter:data1\" content=\"2 minut\u0117s\" \/>\n<script type=\"application\/ld+json\" class=\"yoast-schema-graph\">{\"@context\":\"https:\\\/\\\/schema.org\",\"@graph\":[{\"@type\":\"WebPage\",\"@id\":\"https:\\\/\\\/resolute.lt\\\/index.php\\\/produktas\\\/doogee-blade-10-pro-energy-raudonas\\\/\",\"url\":\"https:\\\/\\\/resolute.lt\\\/index.php\\\/produktas\\\/doogee-blade-10-pro-energy-raudonas\\\/\",\"name\":\"Doogee Blade 10 Pro Energy - 256\\\/6GB, Raudonas - Resolute.lt\",\"isPartOf\":{\"@id\":\"https:\\\/\\\/resolute.lt\\\/#website\"},\"primaryImageOfPage\":{\"@id\":\"https:\\\/\\\/resolute.lt\\\/index.php\\\/produktas\\\/doogee-blade-10-pro-energy-raudonas\\\/#primaryimage\"},\"image\":{\"@id\":\"https:\\\/\\\/resolute.lt\\\/index.php\\\/produktas\\\/doogee-blade-10-pro-energy-raudonas\\\/#primaryimage\"},\"thumbnailUrl\":\"https:\\\/\\\/resolute.lt\\\/wp-content\\\/uploads\\\/2026\\\/04\\\/1.-Doogee-Blade-10-Pro-Energy-Raudonas-IP68-Smugiams-vandeniui-dulkems-atsparus-telefonas-Waterproof-Rugged-Phone-Triecienizturigs-un-udensnecaurlaidigs-talrunis-Resolute.lt_.jpeg\",\"datePublished\":\"2026-04-15T17:40:16+00:00\",\"dateModified\":\"2026-04-15T17:48:16+00:00\",\"description\":\"Doogee Blade 10 Pro Energy \u2013 vandeniui ir sm\u016bgiams atsparus telefonas su 6150 mAh baterija, kokybi\u0161ka 50 MP kamera bei 6,56\u2033 IPS ekranu.\",\"breadcrumb\":{\"@id\":\"https:\\\/\\\/resolute.lt\\\/index.php\\\/produktas\\\/doogee-blade-10-pro-energy-raudonas\\\/#breadcrumb\"},\"inLanguage\":\"lt-LT\",\"potentialAction\":[{\"@type\":\"ReadAction\",\"target\":[\"https:\\\/\\\/resolute.lt\\\/index.php\\\/produktas\\\/doogee-blade-10-pro-energy-raudonas\\\/\"]}]},{\"@type\":\"ImageObject\",\"inLanguage\":\"lt-LT\",\"@id\":\"https:\\\/\\\/resolute.lt\\\/index.php\\\/produktas\\\/doogee-blade-10-pro-energy-raudonas\\\/#primaryimage\",\"url\":\"https:\\\/\\\/resolute.lt\\\/wp-content\\\/uploads\\\/2026\\\/04\\\/1.-Doogee-Blade-10-Pro-Energy-Raudonas-IP68-Smugiams-vandeniui-dulkems-atsparus-telefonas-Waterproof-Rugged-Phone-Triecienizturigs-un-udensnecaurlaidigs-talrunis-Resolute.lt_.jpeg\",\"contentUrl\":\"https:\\\/\\\/resolute.lt\\\/wp-content\\\/uploads\\\/2026\\\/04\\\/1.-Doogee-Blade-10-Pro-Energy-Raudonas-IP68-Smugiams-vandeniui-dulkems-atsparus-telefonas-Waterproof-Rugged-Phone-Triecienizturigs-un-udensnecaurlaidigs-talrunis-Resolute.lt_.jpeg\",\"width\":1000,\"height\":1000},{\"@type\":\"BreadcrumbList\",\"@id\":\"https:\\\/\\\/resolute.lt\\\/index.php\\\/produktas\\\/doogee-blade-10-pro-energy-raudonas\\\/#breadcrumb\",\"itemListElement\":[{\"@type\":\"ListItem\",\"position\":1,\"name\":\"Home\",\"item\":\"https:\\\/\\\/resolute.lt\\\/\"},{\"@type\":\"ListItem\",\"position\":2,\"name\":\"Resolute.lt\",\"item\":\"https:\\\/\\\/resolute.lt\\\/\"},{\"@type\":\"ListItem\",\"position\":3,\"name\":\"Doogee Blade 10 Pro Energy &#8211; 256\\\/6GB, Raudonas\"}]},{\"@type\":\"WebSite\",\"@id\":\"https:\\\/\\\/resolute.lt\\\/#website\",\"url\":\"https:\\\/\\\/resolute.lt\\\/\",\"name\":\"Resolute.lt\",\"description\":\"Sm\u016bgiams ir vandeniui telefonai\",\"potentialAction\":[{\"@type\":\"SearchAction\",\"target\":{\"@type\":\"EntryPoint\",\"urlTemplate\":\"https:\\\/\\\/resolute.lt\\\/?s={search_term_string}\"},\"query-input\":{\"@type\":\"PropertyValueSpecification\",\"valueRequired\":true,\"valueName\":\"search_term_string\"}}],\"inLanguage\":\"lt-LT\"}]}<\/script>\n<!-- \/ Yoast SEO plugin. -->","yoast_head_json":{"title":"Doogee Blade 10 Pro Energy - 256\/6GB, Raudonas - Resolute.lt","description":"Doogee Blade 10 Pro Energy \u2013 vandeniui ir sm\u016bgiams atsparus telefonas su 6150 mAh baterija, kokybi\u0161ka 50 MP kamera bei 6,56\u2033 IPS ekranu.","robots":{"index":"index","follow":"follow","max-snippet":"max-snippet:-1","max-image-preview":"max-image-preview:large","max-video-preview":"max-video-preview:-1"},"canonical":"https:\/\/resolute.lt\/index.php\/produktas\/doogee-blade-10-pro-energy-raudonas\/","og_locale":"lt_LT","og_type":"article","og_title":"Doogee Blade 10 Pro Energy - 256\/6GB, Raudonas - Resolute.lt","og_description":"Doogee Blade 10 Pro Energy \u2013 vandeniui ir sm\u016bgiams atsparus telefonas su 6150 mAh baterija, kokybi\u0161ka 50 MP kamera bei 6,56\u2033 IPS ekranu.","og_url":"https:\/\/resolute.lt\/index.php\/produktas\/doogee-blade-10-pro-energy-raudonas\/","og_site_name":"Resolute.lt","article_modified_time":"2026-04-15T17:48:16+00:00","og_image":[{"width":1000,"height":1000,"url":"https:\/\/resolute.lt\/wp-content\/uploads\/2026\/04\/1.-Doogee-Blade-10-Pro-Energy-Raudonas-IP68-Smugiams-vandeniui-dulkems-atsparus-telefonas-Waterproof-Rugged-Phone-Triecienizturigs-un-udensnecaurlaidigs-talrunis-Resolute.lt_.jpeg","type":"image\/jpeg"}],"twitter_card":"summary_large_image","twitter_misc":{"Est. reading time":"2 minut\u0117s"},"schema":{"@context":"https:\/\/schema.org","@graph":[{"@type":"WebPage","@id":"https:\/\/resolute.lt\/index.php\/produktas\/doogee-blade-10-pro-energy-raudonas\/","url":"https:\/\/resolute.lt\/index.php\/produktas\/doogee-blade-10-pro-energy-raudonas\/","name":"Doogee Blade 10 Pro Energy - 256\/6GB, Raudonas - Resolute.lt","isPartOf":{"@id":"https:\/\/resolute.lt\/#website"},"primaryImageOfPage":{"@id":"https:\/\/resolute.lt\/index.php\/produktas\/doogee-blade-10-pro-energy-raudonas\/#primaryimage"},"image":{"@id":"https:\/\/resolute.lt\/index.php\/produktas\/doogee-blade-10-pro-energy-raudonas\/#primaryimage"},"thumbnailUrl":"https:\/\/resolute.lt\/wp-content\/uploads\/2026\/04\/1.-Doogee-Blade-10-Pro-Energy-Raudonas-IP68-Smugiams-vandeniui-dulkems-atsparus-telefonas-Waterproof-Rugged-Phone-Triecienizturigs-un-udensnecaurlaidigs-talrunis-Resolute.lt_.jpeg","datePublished":"2026-04-15T17:40:16+00:00","dateModified":"2026-04-15T17:48:16+00:00","description":"Doogee Blade 10 Pro Energy \u2013 vandeniui ir sm\u016bgiams atsparus telefonas su 6150 mAh baterija, kokybi\u0161ka 50 MP kamera bei 6,56\u2033 IPS ekranu.","breadcrumb":{"@id":"https:\/\/resolute.lt\/index.php\/produktas\/doogee-blade-10-pro-energy-raudonas\/#breadcrumb"},"inLanguage":"lt-LT","potentialAction":[{"@type":"ReadAction","target":["https:\/\/resolute.lt\/index.php\/produktas\/doogee-blade-10-pro-energy-raudonas\/"]}]},{"@type":"ImageObject","inLanguage":"lt-LT","@id":"https:\/\/resolute.lt\/index.php\/produktas\/doogee-blade-10-pro-energy-raudonas\/#primaryimage","url":"https:\/\/resolute.lt\/wp-content\/uploads\/2026\/04\/1.-Doogee-Blade-10-Pro-Energy-Raudonas-IP68-Smugiams-vandeniui-dulkems-atsparus-telefonas-Waterproof-Rugged-Phone-Triecienizturigs-un-udensnecaurlaidigs-talrunis-Resolute.lt_.jpeg","contentUrl":"https:\/\/resolute.lt\/wp-content\/uploads\/2026\/04\/1.-Doogee-Blade-10-Pro-Energy-Raudonas-IP68-Smugiams-vandeniui-dulkems-atsparus-telefonas-Waterproof-Rugged-Phone-Triecienizturigs-un-udensnecaurlaidigs-talrunis-Resolute.lt_.jpeg","width":1000,"height":1000},{"@type":"BreadcrumbList","@id":"https:\/\/resolute.lt\/index.php\/produktas\/doogee-blade-10-pro-energy-raudonas\/#breadcrumb","itemListElement":[{"@type":"ListItem","position":1,"name":"Home","item":"https:\/\/resolute.lt\/"},{"@type":"ListItem","position":2,"name":"Resolute.lt","item":"https:\/\/resolute.lt\/"},{"@type":"ListItem","position":3,"name":"Doogee Blade 10 Pro Energy &#8211; 256\/6GB, Raudonas"}]},{"@type":"WebSite","@id":"https:\/\/resolute.lt\/#website","url":"https:\/\/resolute.lt\/","name":"Resolute.lt","description":"Sm\u016bgiams ir vandeniui telefonai","potentialAction":[{"@type":"SearchAction","target":{"@type":"EntryPoint","urlTemplate":"https:\/\/resolute.lt\/?s={search_term_string}"},"query-input":{"@type":"PropertyValueSpecification","valueRequired":true,"valueName":"search_term_string"}}],"inLanguage":"lt-LT"}]}},"_links":{"self":[{"href":"https:\/\/resolute.lt\/index.php\/wp-json\/wp\/v2\/product\/6845","targetHints":{"allow":["GET"]}}],"collection":[{"href":"https:\/\/resolute.lt\/index.php\/wp-json\/wp\/v2\/product"}],"about":[{"href":"https:\/\/resolute.lt\/index.php\/wp-json\/wp\/v2\/types\/product"}],"wp:featuredmedia":[{"embeddable":true,"href":"https:\/\/resolute.lt\/index.php\/wp-json\/wp\/v2\/media\/6829"}],"wp:attachment":[{"href":"https:\/\/resolute.lt\/index.php\/wp-json\/wp\/v2\/media?parent=6845"}],"wp:term":[{"taxonomy":"product_brand","embeddable":true,"href":"https:\/\/resolute.lt\/index.php\/wp-json\/wp\/v2\/product_brand?post=6845"},{"taxonomy":"product_cat","embeddable":true,"href":"https:\/\/resolute.lt\/index.php\/wp-json\/wp\/v2\/product_cat?post=6845"},{"taxonomy":"product_tag","embeddable":true,"href":"https:\/\/resolute.lt\/index.php\/wp-json\/wp\/v2\/product_tag?post=6845"}],"curies":[{"name":"wp","href":"https:\/\/api.w.org\/{rel}","templated":true}]}}