{"id":6734,"date":"2026-04-09T19:01:41","date_gmt":"2026-04-09T19:01:41","guid":{"rendered":"https:\/\/resolute.lt\/?post_type=product&#038;p=6734"},"modified":"2026-04-09T20:05:00","modified_gmt":"2026-04-09T20:05:00","slug":"oukitel-wp210-5g-raudonas","status":"publish","type":"product","link":"https:\/\/resolute.lt\/index.php\/produktas\/oukitel-wp210-5g-raudonas\/","title":{"rendered":"Oukitel WP210 &#8211; 5G, 512\/12GB, Raudonas"},"content":{"rendered":"<p><strong>Oukitel WP210<\/strong> \u2013 auk\u0161tos klas\u0117s vandeniui ir sm\u016bgiams atsparus <strong>5G<\/strong> telefonas i\u0161 ilgamet\u0117s Oukitel WP\u2122 serijos. Telefonas stebina savo 512 GB vidine ir 12 GB RAM atmintimi, ypa\u010d ilgai be \u012fkrovimo tarnaujan\u010dia <strong>8800 mAh baterija<\/strong>, auk\u0161tos rai\u0161kos 108 MP kamera, 120 Hz 6,7\u2033 IPS ekranu, ypa\u010d spar\u010diu Dimensity\u2122 8200 procesoriumi bei Android 15 operacine sistema su lietuvi\u0173 kalba.<\/p>\n<p>I\u0161sam\u016bs prek\u0117s parametrai: <a href=\"https:\/\/www.devicespecifications.com\/en\/model\/a7fb645e\" target=\"_blank\" rel=\"noopener\">https:\/\/www.devicespecifications.com\/en\/model\/a7fb645e<\/a><\/p>\n<p><strong><a href=\"https:\/\/www.resolute.lt\/\">RESOLUTE.LT EL. PARDUOTUV\u0116:<\/a><\/strong><br \/>\n\u2013 9-12 darbo dien\u0173 pristatymas.<strong><br \/>\n<\/strong>\u2013 Apmok\u0117jimas Google Pay, banko kortele, el. bankininkyste ar PayPal.<br \/>\n\u2013 Tik naujos prek\u0117s su 2 met\u0173 garantija!<\/p>\n<h3><strong>Idealus pasirinkimams ie\u0161kantiems \u0161i\u0173 savybi\u0173 viename \u012frenginyje:<\/strong><\/h3>\n<ul>\n<li>Didel\u0117 ilgo tarnavimo baterija (8800 mAh)<\/li>\n<li>Auk\u0161tos rai\u0161kos kamera (108 MP)<\/li>\n<\/ul>\n<h3><strong>Kiti sm\u016bgiams ir vandeniui atspar\u016bs modeliai:<\/strong><\/h3>\n<ul>\n<li>Domina auk\u0161\u010diausios klas\u0117s telefonas i\u0161 Doogee\u2122? Rekomenduojame <strong><a href=\"https:\/\/resolute.lt\/index.php\/produktas\/doogee-s200-plus-5g-juodas\/\" target=\"_blank\" rel=\"noopener\">Doogee S200 Plus<\/a><\/strong>.<\/li>\n<li>Domina auk\u0161tos klas\u0117s telefonas i\u0161 Ulefone\u2122 iki 400 \u20ac? Rekomenduojame <strong><a href=\"https:\/\/resolute.lt\/index.php\/produktas\/ulefone-armor-27t-pro\/\" target=\"_blank\" rel=\"noopener\">Ulefone Armor 27T Pro<\/a><\/strong>.<\/li>\n<\/ul>\n<p>&nbsp;<\/p>\n<p><img decoding=\"async\" src=\"https:\/\/cdn.shopify.com\/s\/files\/1\/0392\/7428\/3139\/files\/wp210_new_pc_1.jpg\" alt=\"\" \/><br \/>\n<img decoding=\"async\" src=\"https:\/\/cdn.shopify.com\/s\/files\/1\/0392\/7428\/3139\/files\/wp210_new_pc_2.jpg\" alt=\"\" \/><img decoding=\"async\" src=\"https:\/\/cdn.shopify.com\/s\/files\/1\/0392\/7428\/3139\/files\/wp210_new_pc_3.jpg\" alt=\"\" \/><img decoding=\"async\" src=\"https:\/\/cdn.shopify.com\/s\/files\/1\/0392\/7428\/3139\/files\/wp210_new_pc_4.jpg\" alt=\"\" \/><img decoding=\"async\" src=\"https:\/\/cdn.shopify.com\/s\/files\/1\/0392\/7428\/3139\/files\/wp210_new_pc_5.jpg\" alt=\"\" \/><img decoding=\"async\" src=\"https:\/\/cdn.shopify.com\/s\/files\/1\/0392\/7428\/3139\/files\/wp210_new_pc_6.jpg\" alt=\"\" \/><img decoding=\"async\" src=\"https:\/\/cdn.shopify.com\/s\/files\/1\/0392\/7428\/3139\/files\/wp210_new_pc_7.jpg\" alt=\"\" \/><img decoding=\"async\" src=\"https:\/\/cdn.shopify.com\/s\/files\/1\/0392\/7428\/3139\/files\/wp210_new_pc_8.jpg\" alt=\"\" \/><img decoding=\"async\" src=\"https:\/\/cdn.shopify.com\/s\/files\/1\/0392\/7428\/3139\/files\/wp210_new_pc_9.jpg\" alt=\"\" \/><img decoding=\"async\" src=\"https:\/\/cdn.shopify.com\/s\/files\/1\/0392\/7428\/3139\/files\/wp210_new_pc_10.jpg\" alt=\"\" \/><img decoding=\"async\" src=\"https:\/\/cdn.shopify.com\/s\/files\/1\/0392\/7428\/3139\/files\/wp210_new_pc_11.jpg\" alt=\"\" \/><img decoding=\"async\" src=\"https:\/\/cdn.shopify.com\/s\/files\/1\/0392\/7428\/3139\/files\/wp210_new_pc_12.jpg\" alt=\"\" \/><img decoding=\"async\" src=\"https:\/\/cdn.shopify.com\/s\/files\/1\/0392\/7428\/3139\/files\/wp210_new_pc_13.jpg\" alt=\"\" \/><img decoding=\"async\" src=\"https:\/\/cdn.shopify.com\/s\/files\/1\/0392\/7428\/3139\/files\/wp210_new_pc_14.jpg\" alt=\"\" \/><img decoding=\"async\" src=\"https:\/\/cdn.shopify.com\/s\/files\/1\/0392\/7428\/3139\/files\/wp210_new_pc_15.jpg\" alt=\"\" \/><img decoding=\"async\" src=\"https:\/\/cdn.shopify.com\/s\/files\/1\/0392\/7428\/3139\/files\/wp210_new_pc_16.jpg\" alt=\"\" \/><img decoding=\"async\" src=\"https:\/\/cdn.shopify.com\/s\/files\/1\/0392\/7428\/3139\/files\/wp210_new_pc_17.jpg\" alt=\"\" \/><img decoding=\"async\" src=\"https:\/\/cdn.shopify.com\/s\/files\/1\/0392\/7428\/3139\/files\/wp210_new_pc_18.jpg\" alt=\"\" \/><img decoding=\"async\" src=\"https:\/\/cdn.shopify.com\/s\/files\/1\/0392\/7428\/3139\/files\/wp210_new_pc_19.jpg\" alt=\"\" \/><img decoding=\"async\" src=\"https:\/\/cdn.shopify.com\/s\/files\/1\/0392\/7428\/3139\/files\/wp210_new_pc_20.jpg\" alt=\"\" \/><img decoding=\"async\" src=\"https:\/\/cdn.shopify.com\/s\/files\/1\/0392\/7428\/3139\/files\/wp210_new_pc_21.jpg\" alt=\"\" \/><img decoding=\"async\" src=\"https:\/\/cdn.shopify.com\/s\/files\/1\/0392\/7428\/3139\/files\/wp210_new_pc_22.jpg\" alt=\"\" \/><img decoding=\"async\" src=\"https:\/\/cdn.shopify.com\/s\/files\/1\/0392\/7428\/3139\/files\/wp210_new_pc_23.jpg\" alt=\"\" \/><img decoding=\"async\" src=\"https:\/\/cdn.shopify.com\/s\/files\/1\/0392\/7428\/3139\/files\/wp210_new_pc_24.jpg\" alt=\"\" \/><img decoding=\"async\" src=\"https:\/\/cdn.shopify.com\/s\/files\/1\/0392\/7428\/3139\/files\/wp210_new_pc_25.jpg\" alt=\"\" \/><img decoding=\"async\" src=\"https:\/\/cdn.shopify.com\/s\/files\/1\/0392\/7428\/3139\/files\/wp210_new_pc_26.jpg\" alt=\"\" \/><\/p>\n","protected":false},"excerpt":{"rendered":"<p>Oukitel WP210 \u2013 auk\u0161tos klas\u0117s vandeniui ir sm\u016bgiams atsparus 5G telefonas i\u0161 ilgamet\u0117s Oukitel WP\u2122 serijos. Telefonas stebina savo 512 GB vidine ir 12 GB RAM atmintimi, ypa\u010d ilgai be \u012fkrovimo tarnaujan\u010dia 8800 mAh baterija, auk\u0161tos rai\u0161kos 108 MP kamera, 120 Hz 6,7\u2033 IPS ekranu, ypa\u010d spar\u010diu Dimensity\u2122 8200 procesoriumi bei Android 15 operacine sistema [&#8230;]\n","protected":false},"featured_media":6737,"template":"","meta":[],"product_brand":[],"product_cat":[18],"product_tag":[],"class_list":{"0":"post-6734","1":"product","2":"type-product","3":"status-publish","4":"has-post-thumbnail","6":"product_cat-oukitel-telefonai","8":"first","9":"instock","10":"sale","11":"shipping-taxable","12":"purchasable","13":"product-type-simple"},"yoast_head":"<!-- This site is optimized with the Yoast SEO plugin v27.3 - https:\/\/yoast.com\/product\/yoast-seo-wordpress\/ -->\n<title>Oukitel WP210 - 5G, 512\/12GB, Raudonas - Resolute.lt<\/title>\n<meta name=\"description\" content=\"Doogee WP210 \u2013 vandeniui ir sm\u016bgiams atsparus su 8800 mAh baterija, kokybi\u0161ka auk\u0161tos rai\u0161kos 108 MP kamera bei 120 Hz 6,7\u2033 IPS ekranu.\" \/>\n<meta name=\"robots\" content=\"index, follow, max-snippet:-1, max-image-preview:large, max-video-preview:-1\" \/>\n<link rel=\"canonical\" href=\"https:\/\/resolute.lt\/index.php\/produktas\/oukitel-wp210-5g-raudonas\/\" \/>\n<meta property=\"og:locale\" content=\"lt_LT\" \/>\n<meta property=\"og:type\" content=\"article\" \/>\n<meta property=\"og:title\" content=\"Oukitel WP210 - 5G, 512\/12GB, Raudonas - Resolute.lt\" \/>\n<meta property=\"og:description\" content=\"Doogee WP210 \u2013 vandeniui ir sm\u016bgiams atsparus su 8800 mAh baterija, kokybi\u0161ka auk\u0161tos rai\u0161kos 108 MP kamera bei 120 Hz 6,7\u2033 IPS ekranu.\" \/>\n<meta property=\"og:url\" content=\"https:\/\/resolute.lt\/index.php\/produktas\/oukitel-wp210-5g-raudonas\/\" \/>\n<meta property=\"og:site_name\" content=\"Resolute.lt\" \/>\n<meta property=\"article:modified_time\" content=\"2026-04-09T20:05:00+00:00\" \/>\n<meta property=\"og:image\" content=\"https:\/\/resolute.lt\/wp-content\/uploads\/2026\/04\/1.-Oukitel-WP210-5G-Raudonas-IP68-Smugiams-vandeniui-dulkems-atsparus-telefonas-Waterproof-Rugged-Phone-Triecienizturigs-un-udensnecaurlaidigs-talrunis-Resolute.lt_.jpeg\" \/>\n\t<meta property=\"og:image:width\" content=\"1800\" \/>\n\t<meta property=\"og:image:height\" content=\"1800\" \/>\n\t<meta property=\"og:image:type\" content=\"image\/jpeg\" \/>\n<meta name=\"twitter:card\" content=\"summary_large_image\" \/>\n<meta name=\"twitter:label1\" content=\"Est. reading time\" \/>\n\t<meta name=\"twitter:data1\" content=\"7 minut\u0117s\" \/>\n<script type=\"application\/ld+json\" class=\"yoast-schema-graph\">{\"@context\":\"https:\\\/\\\/schema.org\",\"@graph\":[{\"@type\":\"WebPage\",\"@id\":\"https:\\\/\\\/resolute.lt\\\/index.php\\\/produktas\\\/oukitel-wp210-5g-raudonas\\\/\",\"url\":\"https:\\\/\\\/resolute.lt\\\/index.php\\\/produktas\\\/oukitel-wp210-5g-raudonas\\\/\",\"name\":\"Oukitel WP210 - 5G, 512\\\/12GB, Raudonas - Resolute.lt\",\"isPartOf\":{\"@id\":\"https:\\\/\\\/resolute.lt\\\/#website\"},\"primaryImageOfPage\":{\"@id\":\"https:\\\/\\\/resolute.lt\\\/index.php\\\/produktas\\\/oukitel-wp210-5g-raudonas\\\/#primaryimage\"},\"image\":{\"@id\":\"https:\\\/\\\/resolute.lt\\\/index.php\\\/produktas\\\/oukitel-wp210-5g-raudonas\\\/#primaryimage\"},\"thumbnailUrl\":\"https:\\\/\\\/resolute.lt\\\/wp-content\\\/uploads\\\/2026\\\/04\\\/1.-Oukitel-WP210-5G-Raudonas-IP68-Smugiams-vandeniui-dulkems-atsparus-telefonas-Waterproof-Rugged-Phone-Triecienizturigs-un-udensnecaurlaidigs-talrunis-Resolute.lt_.jpeg\",\"datePublished\":\"2026-04-09T19:01:41+00:00\",\"dateModified\":\"2026-04-09T20:05:00+00:00\",\"description\":\"Doogee WP210 \u2013 vandeniui ir sm\u016bgiams atsparus su 8800 mAh baterija, kokybi\u0161ka auk\u0161tos rai\u0161kos 108 MP kamera bei 120 Hz 6,7\u2033 IPS ekranu.\",\"breadcrumb\":{\"@id\":\"https:\\\/\\\/resolute.lt\\\/index.php\\\/produktas\\\/oukitel-wp210-5g-raudonas\\\/#breadcrumb\"},\"inLanguage\":\"lt-LT\",\"potentialAction\":[{\"@type\":\"ReadAction\",\"target\":[\"https:\\\/\\\/resolute.lt\\\/index.php\\\/produktas\\\/oukitel-wp210-5g-raudonas\\\/\"]}]},{\"@type\":\"ImageObject\",\"inLanguage\":\"lt-LT\",\"@id\":\"https:\\\/\\\/resolute.lt\\\/index.php\\\/produktas\\\/oukitel-wp210-5g-raudonas\\\/#primaryimage\",\"url\":\"https:\\\/\\\/resolute.lt\\\/wp-content\\\/uploads\\\/2026\\\/04\\\/1.-Oukitel-WP210-5G-Raudonas-IP68-Smugiams-vandeniui-dulkems-atsparus-telefonas-Waterproof-Rugged-Phone-Triecienizturigs-un-udensnecaurlaidigs-talrunis-Resolute.lt_.jpeg\",\"contentUrl\":\"https:\\\/\\\/resolute.lt\\\/wp-content\\\/uploads\\\/2026\\\/04\\\/1.-Oukitel-WP210-5G-Raudonas-IP68-Smugiams-vandeniui-dulkems-atsparus-telefonas-Waterproof-Rugged-Phone-Triecienizturigs-un-udensnecaurlaidigs-talrunis-Resolute.lt_.jpeg\",\"width\":1800,\"height\":1800},{\"@type\":\"BreadcrumbList\",\"@id\":\"https:\\\/\\\/resolute.lt\\\/index.php\\\/produktas\\\/oukitel-wp210-5g-raudonas\\\/#breadcrumb\",\"itemListElement\":[{\"@type\":\"ListItem\",\"position\":1,\"name\":\"Home\",\"item\":\"https:\\\/\\\/resolute.lt\\\/\"},{\"@type\":\"ListItem\",\"position\":2,\"name\":\"Resolute.lt\",\"item\":\"https:\\\/\\\/resolute.lt\\\/\"},{\"@type\":\"ListItem\",\"position\":3,\"name\":\"Oukitel WP210 &#8211; 5G, 512\\\/12GB, Raudonas\"}]},{\"@type\":\"WebSite\",\"@id\":\"https:\\\/\\\/resolute.lt\\\/#website\",\"url\":\"https:\\\/\\\/resolute.lt\\\/\",\"name\":\"Resolute.lt\",\"description\":\"Sm\u016bgiams ir vandeniui telefonai\",\"potentialAction\":[{\"@type\":\"SearchAction\",\"target\":{\"@type\":\"EntryPoint\",\"urlTemplate\":\"https:\\\/\\\/resolute.lt\\\/?s={search_term_string}\"},\"query-input\":{\"@type\":\"PropertyValueSpecification\",\"valueRequired\":true,\"valueName\":\"search_term_string\"}}],\"inLanguage\":\"lt-LT\"}]}<\/script>\n<!-- \/ Yoast SEO plugin. -->","yoast_head_json":{"title":"Oukitel WP210 - 5G, 512\/12GB, Raudonas - Resolute.lt","description":"Doogee WP210 \u2013 vandeniui ir sm\u016bgiams atsparus su 8800 mAh baterija, kokybi\u0161ka auk\u0161tos rai\u0161kos 108 MP kamera bei 120 Hz 6,7\u2033 IPS ekranu.","robots":{"index":"index","follow":"follow","max-snippet":"max-snippet:-1","max-image-preview":"max-image-preview:large","max-video-preview":"max-video-preview:-1"},"canonical":"https:\/\/resolute.lt\/index.php\/produktas\/oukitel-wp210-5g-raudonas\/","og_locale":"lt_LT","og_type":"article","og_title":"Oukitel WP210 - 5G, 512\/12GB, Raudonas - Resolute.lt","og_description":"Doogee WP210 \u2013 vandeniui ir sm\u016bgiams atsparus su 8800 mAh baterija, kokybi\u0161ka auk\u0161tos rai\u0161kos 108 MP kamera bei 120 Hz 6,7\u2033 IPS ekranu.","og_url":"https:\/\/resolute.lt\/index.php\/produktas\/oukitel-wp210-5g-raudonas\/","og_site_name":"Resolute.lt","article_modified_time":"2026-04-09T20:05:00+00:00","og_image":[{"width":1800,"height":1800,"url":"https:\/\/resolute.lt\/wp-content\/uploads\/2026\/04\/1.-Oukitel-WP210-5G-Raudonas-IP68-Smugiams-vandeniui-dulkems-atsparus-telefonas-Waterproof-Rugged-Phone-Triecienizturigs-un-udensnecaurlaidigs-talrunis-Resolute.lt_.jpeg","type":"image\/jpeg"}],"twitter_card":"summary_large_image","twitter_misc":{"Est. reading time":"7 minut\u0117s"},"schema":{"@context":"https:\/\/schema.org","@graph":[{"@type":"WebPage","@id":"https:\/\/resolute.lt\/index.php\/produktas\/oukitel-wp210-5g-raudonas\/","url":"https:\/\/resolute.lt\/index.php\/produktas\/oukitel-wp210-5g-raudonas\/","name":"Oukitel WP210 - 5G, 512\/12GB, Raudonas - Resolute.lt","isPartOf":{"@id":"https:\/\/resolute.lt\/#website"},"primaryImageOfPage":{"@id":"https:\/\/resolute.lt\/index.php\/produktas\/oukitel-wp210-5g-raudonas\/#primaryimage"},"image":{"@id":"https:\/\/resolute.lt\/index.php\/produktas\/oukitel-wp210-5g-raudonas\/#primaryimage"},"thumbnailUrl":"https:\/\/resolute.lt\/wp-content\/uploads\/2026\/04\/1.-Oukitel-WP210-5G-Raudonas-IP68-Smugiams-vandeniui-dulkems-atsparus-telefonas-Waterproof-Rugged-Phone-Triecienizturigs-un-udensnecaurlaidigs-talrunis-Resolute.lt_.jpeg","datePublished":"2026-04-09T19:01:41+00:00","dateModified":"2026-04-09T20:05:00+00:00","description":"Doogee WP210 \u2013 vandeniui ir sm\u016bgiams atsparus su 8800 mAh baterija, kokybi\u0161ka auk\u0161tos rai\u0161kos 108 MP kamera bei 120 Hz 6,7\u2033 IPS ekranu.","breadcrumb":{"@id":"https:\/\/resolute.lt\/index.php\/produktas\/oukitel-wp210-5g-raudonas\/#breadcrumb"},"inLanguage":"lt-LT","potentialAction":[{"@type":"ReadAction","target":["https:\/\/resolute.lt\/index.php\/produktas\/oukitel-wp210-5g-raudonas\/"]}]},{"@type":"ImageObject","inLanguage":"lt-LT","@id":"https:\/\/resolute.lt\/index.php\/produktas\/oukitel-wp210-5g-raudonas\/#primaryimage","url":"https:\/\/resolute.lt\/wp-content\/uploads\/2026\/04\/1.-Oukitel-WP210-5G-Raudonas-IP68-Smugiams-vandeniui-dulkems-atsparus-telefonas-Waterproof-Rugged-Phone-Triecienizturigs-un-udensnecaurlaidigs-talrunis-Resolute.lt_.jpeg","contentUrl":"https:\/\/resolute.lt\/wp-content\/uploads\/2026\/04\/1.-Oukitel-WP210-5G-Raudonas-IP68-Smugiams-vandeniui-dulkems-atsparus-telefonas-Waterproof-Rugged-Phone-Triecienizturigs-un-udensnecaurlaidigs-talrunis-Resolute.lt_.jpeg","width":1800,"height":1800},{"@type":"BreadcrumbList","@id":"https:\/\/resolute.lt\/index.php\/produktas\/oukitel-wp210-5g-raudonas\/#breadcrumb","itemListElement":[{"@type":"ListItem","position":1,"name":"Home","item":"https:\/\/resolute.lt\/"},{"@type":"ListItem","position":2,"name":"Resolute.lt","item":"https:\/\/resolute.lt\/"},{"@type":"ListItem","position":3,"name":"Oukitel WP210 &#8211; 5G, 512\/12GB, Raudonas"}]},{"@type":"WebSite","@id":"https:\/\/resolute.lt\/#website","url":"https:\/\/resolute.lt\/","name":"Resolute.lt","description":"Sm\u016bgiams ir vandeniui telefonai","potentialAction":[{"@type":"SearchAction","target":{"@type":"EntryPoint","urlTemplate":"https:\/\/resolute.lt\/?s={search_term_string}"},"query-input":{"@type":"PropertyValueSpecification","valueRequired":true,"valueName":"search_term_string"}}],"inLanguage":"lt-LT"}]}},"_links":{"self":[{"href":"https:\/\/resolute.lt\/index.php\/wp-json\/wp\/v2\/product\/6734","targetHints":{"allow":["GET"]}}],"collection":[{"href":"https:\/\/resolute.lt\/index.php\/wp-json\/wp\/v2\/product"}],"about":[{"href":"https:\/\/resolute.lt\/index.php\/wp-json\/wp\/v2\/types\/product"}],"wp:featuredmedia":[{"embeddable":true,"href":"https:\/\/resolute.lt\/index.php\/wp-json\/wp\/v2\/media\/6737"}],"wp:attachment":[{"href":"https:\/\/resolute.lt\/index.php\/wp-json\/wp\/v2\/media?parent=6734"}],"wp:term":[{"taxonomy":"product_brand","embeddable":true,"href":"https:\/\/resolute.lt\/index.php\/wp-json\/wp\/v2\/product_brand?post=6734"},{"taxonomy":"product_cat","embeddable":true,"href":"https:\/\/resolute.lt\/index.php\/wp-json\/wp\/v2\/product_cat?post=6734"},{"taxonomy":"product_tag","embeddable":true,"href":"https:\/\/resolute.lt\/index.php\/wp-json\/wp\/v2\/product_tag?post=6734"}],"curies":[{"name":"wp","href":"https:\/\/api.w.org\/{rel}","templated":true}]}}