{"id":6395,"date":"2025-10-02T09:50:32","date_gmt":"2025-10-02T09:50:32","guid":{"rendered":"https:\/\/resolute.lt\/?post_type=product&#038;p=6395"},"modified":"2025-10-02T10:02:25","modified_gmt":"2025-10-02T10:02:25","slug":"universalus-telefono-laikiklis-ulefone-armor-mount-pro-am01-dviraciui-motociklui","status":"publish","type":"product","link":"https:\/\/resolute.lt\/index.php\/produktas\/universalus-telefono-laikiklis-ulefone-armor-mount-pro-am01-dviraciui-motociklui\/","title":{"rendered":"Universalus telefono laikiklis Ulefone Armor Mount Pro AM01 &#8211; Dvira\u010diui, motociklui"},"content":{"rendered":"<p>Universalus telefono laikiklis <strong data-start=\"31\" data-end=\"63\">Ulefone Armor Mount Pro AM01<\/strong> \u2013 patikimas ir tvirtas sprendimas dvira\u010diui, motociklui ar paspirtukui. Suderinamas su 5,4\u2033 \u2013 7,2\u2033 ekran\u0173 dyd\u017ei\u0173 telefonais. Jis pasi\u017eymi <strong data-start=\"149\" data-end=\"166\">360\u00b0 pasukimu<\/strong>, tod\u0117l telefon\u0105 galima lengvai pritaikyti patogiausiam \u017ei\u016br\u0117jimo kampui. Integruotas <strong data-start=\"252\" data-end=\"278\">vibracijos slopintuvas<\/strong> u\u017etikrina stabilum\u0105 net va\u017eiuojant nelygiais keliais, o <strong data-start=\"335\" data-end=\"371\">didelio grei\u010dio saugumo u\u017eraktas<\/strong> patikimai i\u0161laiko \u012frengin\u012f vietoje. Papildomai \u012fmontuotas <strong data-start=\"430\" data-end=\"465\">inovatyvus var\u017etas nuo vagys\u010di\u0173<\/strong>, tod\u0117l laikiklis yra puikus pasirinkimas aktyviam naudojimui mieste ar kelion\u0117se.<\/p>\n<p>Domina didesniems telefonams pritaikytas Ulefone Armor Mount Pro? J\u012f rasi <a href=\"https:\/\/resolute.lt\/index.php\/produktas\/universalus-telefono-laikiklis-ulefone-armor-mount-pro-am02-dviraciui-motociklui\/\" target=\"_blank\" rel=\"noopener\"><strong>\u010cIA<\/strong><\/a>.<\/p>\n<p><strong><a href=\"https:\/\/www.resolute.lt\/\">RESOLUTE.LT EL. PARDUOTUV\u0116:<\/a><\/strong><br \/>\n\u2013<strong> 8-10 darbo dien\u0173 pristatymas<\/strong>!<br \/>\n\u2013 Apmok\u0117jimas Google Pay, banko kortele, el. bankininkyste ar PayPal.<br \/>\n\u2013 Tik naujos ir nei\u0161pakuotos prek\u0117s!<\/p>\n<section id=\"section_2145972809\" class=\"section\">\n<div class=\"section-content relative\">\n<div id=\"row-1175821349\" class=\"row align-center\">\n<div id=\"col-130476939\" class=\"col medium-4 small-10 large-4\">\n<div class=\"col-inner\">\n<h1><strong>Komplektacija<\/strong><\/h1>\n<\/div>\n<\/div>\n<div id=\"col-1358541524\" class=\"col medium-8 small-10 large-8\">\n<div class=\"col-inner\">\n<ul>\n<li style=\"text-align: left;\"><b>1x\u00a0 <\/b>Universalus laikiklis<\/li>\n<li><strong>4x\u00a0 <\/strong>Tvirtinimo detal\u0117s<\/li>\n<li><strong>2x\u00a0 <\/strong>Raktai<\/li>\n<li><strong>1x<\/strong>\u00a0 Atsuktuvas<\/li>\n<li><b>1x<\/b>\u00a0 Naudojimosi instrukcijos<\/li>\n<\/ul>\n<\/div>\n<\/div>\n<\/div>\n<div id=\"row-214715003\" class=\"row align-center\">\n<div id=\"col-883847564\" class=\"col medium-4 small-10 large-4\">\n<div class=\"col-inner\">\n<h1><strong>Bendrieji parametrai<\/strong><\/h1>\n<\/div>\n<\/div>\n<div id=\"col-35252131\" class=\"col medium-8 small-10 large-8\">\n<div class=\"col-inner\">\n<ul>\n<li style=\"text-align: left;\"><strong>Prek\u0117s tipas:<\/strong> Telefon\u0173 laikikliai<\/li>\n<li><strong>Prek\u0117s spalva:<\/strong> Juoda<\/li>\n<\/ul>\n<\/div>\n<\/div>\n<\/div>\n<div id=\"row-214715003\" class=\"row align-center\"><\/div>\n<div id=\"row-214715003\" class=\"row align-center\">\n<div id=\"col-35252131\" class=\"col medium-8 small-10 large-8\">\n<div class=\"col-inner\"><\/div>\n<\/div>\n<\/div>\n<div id=\"row-468646911\" class=\"row align-center\">\n<div id=\"col-1185701877\" class=\"col medium-4 small-10 large-4\">\n<div class=\"col-inner\">\n<h1><strong>Suderinam\u0173 telefon\u0173 matmenys<\/strong><\/h1>\n<\/div>\n<\/div>\n<div id=\"col-35252131\" class=\"col medium-8 small-10 large-8\">\n<div class=\"col-inner\">\n<ul>\n<li><strong>Ekran\u0173 dyd\u017eiai:<\/strong> 5,4&#8243; &#8211; 7,2&#8243;<\/li>\n<li><b>Did\u017eiausias ilgis: <\/b>190 mm<\/li>\n<li><b>Did\u017eiausias plotis: <\/b>88 mm<\/li>\n<li><b>Did\u017eiausias storis: <\/b>18,5 mm<\/li>\n<\/ul>\n<\/div>\n<\/div>\n<\/div>\n<div id=\"row-468646911\" class=\"row align-center\">\n<div id=\"col-1185701877\" class=\"col medium-4 small-10 large-4\">\n<div class=\"col-inner\">\n<h1><strong>Papildomi duomenys<\/strong><\/h1>\n<\/div>\n<\/div>\n<div id=\"col-1424211009\" class=\"col medium-8 small-10 large-8\">\n<div class=\"col-inner\">\n<ul>\n<li>360 laipsni\u0173 pasukimas<\/li>\n<li>Vibracijos slopintuvas<\/li>\n<li>Didelio grei\u010dio saugumo u\u017eraktas<\/li>\n<li>Inovatyvus var\u017etas nuo vagys\u010di\u0173<\/li>\n<li>Ner\u016bdyjan\u010dio plieno teleskopiniai strypai<\/li>\n<\/ul>\n<p>&nbsp;<\/p>\n<\/div>\n<\/div>\n<\/div>\n<\/div>\n<\/section>\n<section class=\"section section-12 relative\">\n<div class=\"section-12-img\"><img decoding=\"async\" src=\"https:\/\/cdn.shopifycdn.net\/s\/files\/1\/0830\/0573\/5193\/files\/product-armor-mount-pro-1.jpg\" \/>\u00a0<img decoding=\"async\" src=\"https:\/\/cdn.shopifycdn.net\/s\/files\/1\/0830\/0573\/5193\/files\/product-armor-mount-pro-2.jpg\" \/>\u00a0<img decoding=\"async\" src=\"https:\/\/cdn.shopifycdn.net\/s\/files\/1\/0830\/0573\/5193\/files\/product-armor-mount-pro-3.jpg\" \/>\u00a0<img decoding=\"async\" src=\"https:\/\/cdn.shopifycdn.net\/s\/files\/1\/0830\/0573\/5193\/files\/product-armor-mount-pro-4.jpg\" \/>\u00a0<img decoding=\"async\" src=\"https:\/\/cdn.shopifycdn.net\/s\/files\/1\/0830\/0573\/5193\/files\/product-armor-mount-pro-5.jpg\" \/>\u00a0<img decoding=\"async\" src=\"https:\/\/cdn.shopifycdn.net\/s\/files\/1\/0830\/0573\/5193\/files\/product-armor-mount-pro-6.jpg\" \/>\u00a0<img decoding=\"async\" src=\"https:\/\/cdn.shopifycdn.net\/s\/files\/1\/0830\/0573\/5193\/files\/product-armor-mount-pro-7.jpg\" \/>\u00a0<img decoding=\"async\" src=\"https:\/\/cdn.shopifycdn.net\/s\/files\/1\/0830\/0573\/5193\/files\/product-armor-mount-pro-8.jpg\" \/>\u00a0<img decoding=\"async\" src=\"https:\/\/cdn.shopifycdn.net\/s\/files\/1\/0830\/0573\/5193\/files\/product-armor-mount-pro-9.jpg\" \/>\u00a0<img decoding=\"async\" src=\"https:\/\/cdn.shopifycdn.net\/s\/files\/1\/0830\/0573\/5193\/files\/product-armor-mount-pro-10.jpg\" \/>\u00a0<img decoding=\"async\" src=\"https:\/\/cdn.shopifycdn.net\/s\/files\/1\/0830\/0573\/5193\/files\/product-armor-mount-pro-11.jpg\" \/>\u00a0<img decoding=\"async\" src=\"https:\/\/cdn.shopifycdn.net\/s\/files\/1\/0830\/0573\/5193\/files\/product-armor-mount-pro-12.jpg\" \/>\u00a0<img decoding=\"async\" src=\"https:\/\/cdn.shopifycdn.net\/s\/files\/1\/0830\/0573\/5193\/files\/product-armor-mount-pro-13.jpg\" \/>\u00a0<img decoding=\"async\" src=\"https:\/\/cdn.shopifycdn.net\/s\/files\/1\/0830\/0573\/5193\/files\/product-armor-mount-pro-14.jpg\" \/><\/div>\n<\/section>\n","protected":false},"excerpt":{"rendered":"<p>Universalus telefono laikiklis Ulefone Armor Mount Pro AM01 \u2013 patikimas ir tvirtas sprendimas dvira\u010diui, motociklui ar paspirtukui. Suderinamas su 5,4\u2033 \u2013 7,2\u2033 ekran\u0173 dyd\u017ei\u0173 telefonais. Jis pasi\u017eymi 360\u00b0 pasukimu, tod\u0117l telefon\u0105 galima lengvai pritaikyti patogiausiam \u017ei\u016br\u0117jimo kampui. Integruotas vibracijos slopintuvas u\u017etikrina stabilum\u0105 net va\u017eiuojant nelygiais keliais, o didelio grei\u010dio saugumo u\u017eraktas patikimai i\u0161laiko \u012frengin\u012f vietoje. [&#8230;]\n","protected":false},"featured_media":6384,"template":"","meta":[],"product_brand":[],"product_cat":[37],"product_tag":[],"class_list":{"0":"post-6395","1":"product","2":"type-product","3":"status-publish","4":"has-post-thumbnail","6":"product_cat-kiti-telefonu-priedai","8":"first","9":"instock","10":"sale","11":"shipping-taxable","12":"purchasable","13":"product-type-simple"},"yoast_head":"<!-- This site is optimized with the Yoast SEO plugin v27.4 - https:\/\/yoast.com\/product\/yoast-seo-wordpress\/ -->\n<title>Universalus telefono laikiklis Ulefone Armor Mount Pro AM01 - Dvira\u010diui, motociklui - Resolute.lt<\/title>\n<meta name=\"description\" content=\"Universalus telefono laikiklis Ulefone Armor Mount Pro AM01 \u2013 patikimas ir tvirtas sprendimas dvira\u010diui, motociklui ar paspirtukui su 360\u00b0 pasukimu.\" \/>\n<meta name=\"robots\" content=\"index, follow, max-snippet:-1, max-image-preview:large, max-video-preview:-1\" \/>\n<link rel=\"canonical\" href=\"https:\/\/resolute.lt\/index.php\/produktas\/universalus-telefono-laikiklis-ulefone-armor-mount-pro-am01-dviraciui-motociklui\/\" \/>\n<meta property=\"og:locale\" content=\"lt_LT\" \/>\n<meta property=\"og:type\" content=\"article\" \/>\n<meta property=\"og:title\" content=\"Universalus telefono laikiklis Ulefone Armor Mount Pro AM01 - Dvira\u010diui, motociklui - Resolute.lt\" \/>\n<meta property=\"og:description\" content=\"Universalus telefono laikiklis Ulefone Armor Mount Pro AM01 \u2013 patikimas ir tvirtas sprendimas dvira\u010diui, motociklui ar paspirtukui su 360\u00b0 pasukimu.\" \/>\n<meta property=\"og:url\" content=\"https:\/\/resolute.lt\/index.php\/produktas\/universalus-telefono-laikiklis-ulefone-armor-mount-pro-am01-dviraciui-motociklui\/\" \/>\n<meta property=\"og:site_name\" content=\"Resolute.lt\" \/>\n<meta property=\"article:modified_time\" content=\"2025-10-02T10:02:25+00:00\" \/>\n<meta property=\"og:image\" content=\"https:\/\/resolute.lt\/wp-content\/uploads\/2025\/10\/1.-Universalus-telefono-laikiklis-dviraciui-Ulefone-Armor-Mount-Pro-AM02-Motociklui-Paspirtukui-Motociklo-Paspirtuko-Dviracio-Resolute.lt_.jpeg\" \/>\n\t<meta property=\"og:image:width\" content=\"1000\" \/>\n\t<meta property=\"og:image:height\" content=\"1000\" \/>\n\t<meta property=\"og:image:type\" content=\"image\/jpeg\" \/>\n<meta name=\"twitter:card\" content=\"summary_large_image\" \/>\n<meta name=\"twitter:label1\" content=\"Est. reading time\" \/>\n\t<meta name=\"twitter:data1\" content=\"4 minut\u0117s\" \/>\n<script type=\"application\/ld+json\" class=\"yoast-schema-graph\">{\"@context\":\"https:\\\/\\\/schema.org\",\"@graph\":[{\"@type\":\"WebPage\",\"@id\":\"https:\\\/\\\/resolute.lt\\\/index.php\\\/produktas\\\/universalus-telefono-laikiklis-ulefone-armor-mount-pro-am01-dviraciui-motociklui\\\/\",\"url\":\"https:\\\/\\\/resolute.lt\\\/index.php\\\/produktas\\\/universalus-telefono-laikiklis-ulefone-armor-mount-pro-am01-dviraciui-motociklui\\\/\",\"name\":\"Universalus telefono laikiklis Ulefone Armor Mount Pro AM01 - Dvira\u010diui, motociklui - Resolute.lt\",\"isPartOf\":{\"@id\":\"https:\\\/\\\/resolute.lt\\\/#website\"},\"primaryImageOfPage\":{\"@id\":\"https:\\\/\\\/resolute.lt\\\/index.php\\\/produktas\\\/universalus-telefono-laikiklis-ulefone-armor-mount-pro-am01-dviraciui-motociklui\\\/#primaryimage\"},\"image\":{\"@id\":\"https:\\\/\\\/resolute.lt\\\/index.php\\\/produktas\\\/universalus-telefono-laikiklis-ulefone-armor-mount-pro-am01-dviraciui-motociklui\\\/#primaryimage\"},\"thumbnailUrl\":\"https:\\\/\\\/resolute.lt\\\/wp-content\\\/uploads\\\/2025\\\/10\\\/1.-Universalus-telefono-laikiklis-dviraciui-Ulefone-Armor-Mount-Pro-AM02-Motociklui-Paspirtukui-Motociklo-Paspirtuko-Dviracio-Resolute.lt_.jpeg\",\"datePublished\":\"2025-10-02T09:50:32+00:00\",\"dateModified\":\"2025-10-02T10:02:25+00:00\",\"description\":\"Universalus telefono laikiklis Ulefone Armor Mount Pro AM01 \u2013 patikimas ir tvirtas sprendimas dvira\u010diui, motociklui ar paspirtukui su 360\u00b0 pasukimu.\",\"breadcrumb\":{\"@id\":\"https:\\\/\\\/resolute.lt\\\/index.php\\\/produktas\\\/universalus-telefono-laikiklis-ulefone-armor-mount-pro-am01-dviraciui-motociklui\\\/#breadcrumb\"},\"inLanguage\":\"lt-LT\",\"potentialAction\":[{\"@type\":\"ReadAction\",\"target\":[\"https:\\\/\\\/resolute.lt\\\/index.php\\\/produktas\\\/universalus-telefono-laikiklis-ulefone-armor-mount-pro-am01-dviraciui-motociklui\\\/\"]}]},{\"@type\":\"ImageObject\",\"inLanguage\":\"lt-LT\",\"@id\":\"https:\\\/\\\/resolute.lt\\\/index.php\\\/produktas\\\/universalus-telefono-laikiklis-ulefone-armor-mount-pro-am01-dviraciui-motociklui\\\/#primaryimage\",\"url\":\"https:\\\/\\\/resolute.lt\\\/wp-content\\\/uploads\\\/2025\\\/10\\\/1.-Universalus-telefono-laikiklis-dviraciui-Ulefone-Armor-Mount-Pro-AM02-Motociklui-Paspirtukui-Motociklo-Paspirtuko-Dviracio-Resolute.lt_.jpeg\",\"contentUrl\":\"https:\\\/\\\/resolute.lt\\\/wp-content\\\/uploads\\\/2025\\\/10\\\/1.-Universalus-telefono-laikiklis-dviraciui-Ulefone-Armor-Mount-Pro-AM02-Motociklui-Paspirtukui-Motociklo-Paspirtuko-Dviracio-Resolute.lt_.jpeg\",\"width\":1000,\"height\":1000},{\"@type\":\"BreadcrumbList\",\"@id\":\"https:\\\/\\\/resolute.lt\\\/index.php\\\/produktas\\\/universalus-telefono-laikiklis-ulefone-armor-mount-pro-am01-dviraciui-motociklui\\\/#breadcrumb\",\"itemListElement\":[{\"@type\":\"ListItem\",\"position\":1,\"name\":\"Home\",\"item\":\"https:\\\/\\\/resolute.lt\\\/\"},{\"@type\":\"ListItem\",\"position\":2,\"name\":\"Resolute.lt\",\"item\":\"https:\\\/\\\/resolute.lt\\\/\"},{\"@type\":\"ListItem\",\"position\":3,\"name\":\"Universalus telefono laikiklis Ulefone Armor Mount Pro AM01 &#8211; Dvira\u010diui, motociklui\"}]},{\"@type\":\"WebSite\",\"@id\":\"https:\\\/\\\/resolute.lt\\\/#website\",\"url\":\"https:\\\/\\\/resolute.lt\\\/\",\"name\":\"Resolute.lt\",\"description\":\"Sm\u016bgiams ir vandeniui telefonai\",\"potentialAction\":[{\"@type\":\"SearchAction\",\"target\":{\"@type\":\"EntryPoint\",\"urlTemplate\":\"https:\\\/\\\/resolute.lt\\\/?s={search_term_string}\"},\"query-input\":{\"@type\":\"PropertyValueSpecification\",\"valueRequired\":true,\"valueName\":\"search_term_string\"}}],\"inLanguage\":\"lt-LT\"}]}<\/script>\n<!-- \/ Yoast SEO plugin. -->","yoast_head_json":{"title":"Universalus telefono laikiklis Ulefone Armor Mount Pro AM01 - Dvira\u010diui, motociklui - Resolute.lt","description":"Universalus telefono laikiklis Ulefone Armor Mount Pro AM01 \u2013 patikimas ir tvirtas sprendimas dvira\u010diui, motociklui ar paspirtukui su 360\u00b0 pasukimu.","robots":{"index":"index","follow":"follow","max-snippet":"max-snippet:-1","max-image-preview":"max-image-preview:large","max-video-preview":"max-video-preview:-1"},"canonical":"https:\/\/resolute.lt\/index.php\/produktas\/universalus-telefono-laikiklis-ulefone-armor-mount-pro-am01-dviraciui-motociklui\/","og_locale":"lt_LT","og_type":"article","og_title":"Universalus telefono laikiklis Ulefone Armor Mount Pro AM01 - Dvira\u010diui, motociklui - Resolute.lt","og_description":"Universalus telefono laikiklis Ulefone Armor Mount Pro AM01 \u2013 patikimas ir tvirtas sprendimas dvira\u010diui, motociklui ar paspirtukui su 360\u00b0 pasukimu.","og_url":"https:\/\/resolute.lt\/index.php\/produktas\/universalus-telefono-laikiklis-ulefone-armor-mount-pro-am01-dviraciui-motociklui\/","og_site_name":"Resolute.lt","article_modified_time":"2025-10-02T10:02:25+00:00","og_image":[{"width":1000,"height":1000,"url":"https:\/\/resolute.lt\/wp-content\/uploads\/2025\/10\/1.-Universalus-telefono-laikiklis-dviraciui-Ulefone-Armor-Mount-Pro-AM02-Motociklui-Paspirtukui-Motociklo-Paspirtuko-Dviracio-Resolute.lt_.jpeg","type":"image\/jpeg"}],"twitter_card":"summary_large_image","twitter_misc":{"Est. reading time":"4 minut\u0117s"},"schema":{"@context":"https:\/\/schema.org","@graph":[{"@type":"WebPage","@id":"https:\/\/resolute.lt\/index.php\/produktas\/universalus-telefono-laikiklis-ulefone-armor-mount-pro-am01-dviraciui-motociklui\/","url":"https:\/\/resolute.lt\/index.php\/produktas\/universalus-telefono-laikiklis-ulefone-armor-mount-pro-am01-dviraciui-motociklui\/","name":"Universalus telefono laikiklis Ulefone Armor Mount Pro AM01 - Dvira\u010diui, motociklui - Resolute.lt","isPartOf":{"@id":"https:\/\/resolute.lt\/#website"},"primaryImageOfPage":{"@id":"https:\/\/resolute.lt\/index.php\/produktas\/universalus-telefono-laikiklis-ulefone-armor-mount-pro-am01-dviraciui-motociklui\/#primaryimage"},"image":{"@id":"https:\/\/resolute.lt\/index.php\/produktas\/universalus-telefono-laikiklis-ulefone-armor-mount-pro-am01-dviraciui-motociklui\/#primaryimage"},"thumbnailUrl":"https:\/\/resolute.lt\/wp-content\/uploads\/2025\/10\/1.-Universalus-telefono-laikiklis-dviraciui-Ulefone-Armor-Mount-Pro-AM02-Motociklui-Paspirtukui-Motociklo-Paspirtuko-Dviracio-Resolute.lt_.jpeg","datePublished":"2025-10-02T09:50:32+00:00","dateModified":"2025-10-02T10:02:25+00:00","description":"Universalus telefono laikiklis Ulefone Armor Mount Pro AM01 \u2013 patikimas ir tvirtas sprendimas dvira\u010diui, motociklui ar paspirtukui su 360\u00b0 pasukimu.","breadcrumb":{"@id":"https:\/\/resolute.lt\/index.php\/produktas\/universalus-telefono-laikiklis-ulefone-armor-mount-pro-am01-dviraciui-motociklui\/#breadcrumb"},"inLanguage":"lt-LT","potentialAction":[{"@type":"ReadAction","target":["https:\/\/resolute.lt\/index.php\/produktas\/universalus-telefono-laikiklis-ulefone-armor-mount-pro-am01-dviraciui-motociklui\/"]}]},{"@type":"ImageObject","inLanguage":"lt-LT","@id":"https:\/\/resolute.lt\/index.php\/produktas\/universalus-telefono-laikiklis-ulefone-armor-mount-pro-am01-dviraciui-motociklui\/#primaryimage","url":"https:\/\/resolute.lt\/wp-content\/uploads\/2025\/10\/1.-Universalus-telefono-laikiklis-dviraciui-Ulefone-Armor-Mount-Pro-AM02-Motociklui-Paspirtukui-Motociklo-Paspirtuko-Dviracio-Resolute.lt_.jpeg","contentUrl":"https:\/\/resolute.lt\/wp-content\/uploads\/2025\/10\/1.-Universalus-telefono-laikiklis-dviraciui-Ulefone-Armor-Mount-Pro-AM02-Motociklui-Paspirtukui-Motociklo-Paspirtuko-Dviracio-Resolute.lt_.jpeg","width":1000,"height":1000},{"@type":"BreadcrumbList","@id":"https:\/\/resolute.lt\/index.php\/produktas\/universalus-telefono-laikiklis-ulefone-armor-mount-pro-am01-dviraciui-motociklui\/#breadcrumb","itemListElement":[{"@type":"ListItem","position":1,"name":"Home","item":"https:\/\/resolute.lt\/"},{"@type":"ListItem","position":2,"name":"Resolute.lt","item":"https:\/\/resolute.lt\/"},{"@type":"ListItem","position":3,"name":"Universalus telefono laikiklis Ulefone Armor Mount Pro AM01 &#8211; Dvira\u010diui, motociklui"}]},{"@type":"WebSite","@id":"https:\/\/resolute.lt\/#website","url":"https:\/\/resolute.lt\/","name":"Resolute.lt","description":"Sm\u016bgiams ir vandeniui telefonai","potentialAction":[{"@type":"SearchAction","target":{"@type":"EntryPoint","urlTemplate":"https:\/\/resolute.lt\/?s={search_term_string}"},"query-input":{"@type":"PropertyValueSpecification","valueRequired":true,"valueName":"search_term_string"}}],"inLanguage":"lt-LT"}]}},"_links":{"self":[{"href":"https:\/\/resolute.lt\/index.php\/wp-json\/wp\/v2\/product\/6395","targetHints":{"allow":["GET"]}}],"collection":[{"href":"https:\/\/resolute.lt\/index.php\/wp-json\/wp\/v2\/product"}],"about":[{"href":"https:\/\/resolute.lt\/index.php\/wp-json\/wp\/v2\/types\/product"}],"wp:featuredmedia":[{"embeddable":true,"href":"https:\/\/resolute.lt\/index.php\/wp-json\/wp\/v2\/media\/6384"}],"wp:attachment":[{"href":"https:\/\/resolute.lt\/index.php\/wp-json\/wp\/v2\/media?parent=6395"}],"wp:term":[{"taxonomy":"product_brand","embeddable":true,"href":"https:\/\/resolute.lt\/index.php\/wp-json\/wp\/v2\/product_brand?post=6395"},{"taxonomy":"product_cat","embeddable":true,"href":"https:\/\/resolute.lt\/index.php\/wp-json\/wp\/v2\/product_cat?post=6395"},{"taxonomy":"product_tag","embeddable":true,"href":"https:\/\/resolute.lt\/index.php\/wp-json\/wp\/v2\/product_tag?post=6395"}],"curies":[{"name":"wp","href":"https:\/\/api.w.org\/{rel}","templated":true}]}}