{"id":6363,"date":"2025-09-29T12:55:03","date_gmt":"2025-09-29T12:55:03","guid":{"rendered":"https:\/\/resolute.lt\/?post_type=product&#038;p=6363"},"modified":"2025-10-07T14:20:04","modified_gmt":"2025-10-07T14:20:04","slug":"pakabinama-led-lauko-stovyklavimo-lempa-zibintas-sviestuvas-5-w","status":"publish","type":"product","link":"https:\/\/resolute.lt\/index.php\/produktas\/pakabinama-led-lauko-stovyklavimo-lempa-zibintas-sviestuvas-5-w\/","title":{"rendered":"Pakabinama LED lauko, stovyklavimo lempa \/ \u017eibintas \/ \u0161viestuvas &#8211; 5 W"},"content":{"rendered":"<p><strong>Pakabinama \u012fkraunama LED lauko, stovyklavimo lempa \/ \u017eibintas \/ \u0161viestuvas<\/strong> \u2013 patogus ir funkcionalus ap\u0161vietimo sprendimas stovyklavimui ar laisvalaikiui lauke. Lengvai pakabinamas, turi du ry\u0161kumo re\u017eimus (stipri\u0105 ir silpn\u0105 \u0161vies\u0105). \u012ekraunamas per patogi\u0105 Type-C (USB-C) jungt\u012f. IP44 atsparumo klas\u0117 u\u017etikrina, kad \u017eibint\u0105 gal\u0117site saugiai naudoti net lyjant lietui, o lengvas ir tvirtas ABS korpusas garantuoja ilgaam\u017ei\u0161kum\u0105. Integruota 1200 mAh baterija, 5 W galia ir vos 178 g svoris!<\/p>\n<p><strong><a href=\"https:\/\/www.resolute.lt\/\">RESOLUTE.LT EL. PARDUOTUV\u0116:<\/a><\/strong><br \/>\n\u2013 Standartinis pristatymas!<br \/>\n\u2013 Apmok\u0117jimas Google Pay, banko kortele, el. bankininkyste ar PayPal.<\/p>\n<p>&nbsp;<\/p>\n<div id=\"row-1243423607\" class=\"row align-center\">\n<div id=\"col-333938711\" class=\"col medium-4 small-10 large-4\">\n<div class=\"col-inner\">\n<h1><strong>Komplektacija<\/strong><\/h1>\n<\/div>\n<\/div>\n<div id=\"col-1912908463\" class=\"col medium-8 small-10 large-8\">\n<div class=\"col-inner\">\n<ul>\n<li>1x\u00a0 LED lempa<\/li>\n<\/ul>\n<\/div>\n<\/div>\n<\/div>\n<div id=\"row-214715003\" class=\"row align-center\">\n<div id=\"col-883847564\" class=\"col medium-4 small-10 large-4\">\n<div class=\"col-inner\">\n<h1><strong>Bendrieji parametrai<\/strong><\/h1>\n<\/div>\n<\/div>\n<div id=\"col-35252131\" class=\"col medium-8 small-10 large-8\">\n<div class=\"col-inner\">\n<ul>\n<li><strong>Prek\u0117s tipas:<\/strong> Lempos \/ \u017dibintai \/ \u0160viestuvai<\/li>\n<li><strong>Prek\u0117s spalva:<\/strong> Juoda<\/li>\n<\/ul>\n<\/div>\n<\/div>\n<\/div>\n<div id=\"row-74868614\" class=\"row align-center\">\n<div id=\"col-1450314671\" class=\"col medium-4 small-10 large-4\">\n<div class=\"col-inner\"><\/div>\n<\/div>\n<div id=\"col-1388439358\" class=\"col medium-8 small-10 large-8\">\n<div class=\"col-inner\"><\/div>\n<\/div>\n<\/div>\n<div id=\"row-214715003\" class=\"row align-center\">\n<div id=\"col-883847564\" class=\"col medium-4 small-10 large-4\">\n<div class=\"col-inner\">\n<h1><strong>Techniniai parametrai<\/strong><\/h1>\n<\/div>\n<\/div>\n<div id=\"col-35252131\" class=\"col medium-8 small-10 large-8\">\n<div class=\"col-inner\">\n<ul>\n<li><strong>Baterija:<\/strong> 1200 mAh, \u012fkraunama<\/li>\n<li><strong>\u012ekrovimo s\u0105saja:<\/strong> Type-C \/ USB-C<\/li>\n<li><strong>Galia:<\/strong> 5 W<\/li>\n<li><strong>Svoris:<\/strong> 178 g<\/li>\n<li><strong>Atsparumo klas\u0117:<\/strong> IP44, atsparumas lietui ir apta\u0161kymams<\/li>\n<li><strong>Korpuso med\u017eiaga:<\/strong> ABS<\/li>\n<li><strong>Reguliuojamas ry\u0161kumas:<\/strong> Taip, 2 lygiai<\/li>\n<\/ul>\n<\/div>\n<\/div>\n<\/div>\n","protected":false},"excerpt":{"rendered":"<p>Pakabinama \u012fkraunama LED lauko, stovyklavimo lempa \/ \u017eibintas \/ \u0161viestuvas \u2013 patogus ir funkcionalus ap\u0161vietimo sprendimas stovyklavimui ar laisvalaikiui lauke. Lengvai pakabinamas, turi du ry\u0161kumo re\u017eimus (stipri\u0105 ir silpn\u0105 \u0161vies\u0105). \u012ekraunamas per patogi\u0105 Type-C (USB-C) jungt\u012f. IP44 atsparumo klas\u0117 u\u017etikrina, kad \u017eibint\u0105 gal\u0117site saugiai naudoti net lyjant lietui, o lengvas ir tvirtas ABS korpusas garantuoja [&#8230;]\n","protected":false},"featured_media":6364,"template":"","meta":[],"product_brand":[],"product_cat":[78],"product_tag":[],"class_list":{"0":"post-6363","1":"product","2":"type-product","3":"status-publish","4":"has-post-thumbnail","6":"product_cat-led-lempos","8":"first","9":"instock","10":"sale","11":"shipping-taxable","12":"purchasable","13":"product-type-simple"},"yoast_head":"<!-- This site is optimized with the Yoast SEO plugin v27.5 - https:\/\/yoast.com\/product\/yoast-seo-wordpress\/ -->\n<title>Pakabinama LED lauko, stovyklavimo lempa \/ \u017eibintas \/ \u0161viestuvas - 5 W - Resolute.lt<\/title>\n<meta name=\"description\" content=\"Pakabinama LED lauko, stovyklavimo lempa \/ \u017eibintas \u2013 patogus ir funkcionalus ap\u0161vietimo stovyklavimui ar laisvalaikiui lauke.\" \/>\n<meta name=\"robots\" content=\"index, follow, max-snippet:-1, max-image-preview:large, max-video-preview:-1\" \/>\n<link rel=\"canonical\" href=\"https:\/\/resolute.lt\/index.php\/produktas\/pakabinama-led-lauko-stovyklavimo-lempa-zibintas-sviestuvas-5-w\/\" \/>\n<meta property=\"og:locale\" content=\"lt_LT\" \/>\n<meta property=\"og:type\" content=\"article\" \/>\n<meta property=\"og:title\" content=\"Pakabinama LED lauko, stovyklavimo lempa \/ \u017eibintas \/ \u0161viestuvas - 5 W - Resolute.lt\" \/>\n<meta property=\"og:description\" content=\"Pakabinama LED lauko, stovyklavimo lempa \/ \u017eibintas \u2013 patogus ir funkcionalus ap\u0161vietimo stovyklavimui ar laisvalaikiui lauke.\" \/>\n<meta property=\"og:url\" content=\"https:\/\/resolute.lt\/index.php\/produktas\/pakabinama-led-lauko-stovyklavimo-lempa-zibintas-sviestuvas-5-w\/\" \/>\n<meta property=\"og:site_name\" content=\"Resolute.lt\" \/>\n<meta property=\"article:modified_time\" content=\"2025-10-07T14:20:04+00:00\" \/>\n<meta property=\"og:image\" content=\"https:\/\/resolute.lt\/wp-content\/uploads\/2025\/09\/1.-Pakabinama-lauko-kempingo-palapines-ikraunama-LED-lempa-prozektorius-sviesa-sviestuvas-Resolute.lt_.jpeg\" \/>\n\t<meta property=\"og:image:width\" content=\"800\" \/>\n\t<meta property=\"og:image:height\" content=\"800\" \/>\n\t<meta property=\"og:image:type\" content=\"image\/jpeg\" \/>\n<meta name=\"twitter:card\" content=\"summary_large_image\" \/>\n<meta name=\"twitter:label1\" content=\"Est. reading time\" \/>\n\t<meta name=\"twitter:data1\" content=\"1 minut\u0117\" \/>\n<script type=\"application\/ld+json\" class=\"yoast-schema-graph\">{\"@context\":\"https:\\\/\\\/schema.org\",\"@graph\":[{\"@type\":\"WebPage\",\"@id\":\"https:\\\/\\\/resolute.lt\\\/index.php\\\/produktas\\\/pakabinama-led-lauko-stovyklavimo-lempa-zibintas-sviestuvas-5-w\\\/\",\"url\":\"https:\\\/\\\/resolute.lt\\\/index.php\\\/produktas\\\/pakabinama-led-lauko-stovyklavimo-lempa-zibintas-sviestuvas-5-w\\\/\",\"name\":\"Pakabinama LED lauko, stovyklavimo lempa \\\/ \u017eibintas \\\/ \u0161viestuvas - 5 W - Resolute.lt\",\"isPartOf\":{\"@id\":\"https:\\\/\\\/resolute.lt\\\/#website\"},\"primaryImageOfPage\":{\"@id\":\"https:\\\/\\\/resolute.lt\\\/index.php\\\/produktas\\\/pakabinama-led-lauko-stovyklavimo-lempa-zibintas-sviestuvas-5-w\\\/#primaryimage\"},\"image\":{\"@id\":\"https:\\\/\\\/resolute.lt\\\/index.php\\\/produktas\\\/pakabinama-led-lauko-stovyklavimo-lempa-zibintas-sviestuvas-5-w\\\/#primaryimage\"},\"thumbnailUrl\":\"https:\\\/\\\/resolute.lt\\\/wp-content\\\/uploads\\\/2025\\\/09\\\/1.-Pakabinama-lauko-kempingo-palapines-ikraunama-LED-lempa-prozektorius-sviesa-sviestuvas-Resolute.lt_.jpeg\",\"datePublished\":\"2025-09-29T12:55:03+00:00\",\"dateModified\":\"2025-10-07T14:20:04+00:00\",\"description\":\"Pakabinama LED lauko, stovyklavimo lempa \\\/ \u017eibintas \u2013 patogus ir funkcionalus ap\u0161vietimo stovyklavimui ar laisvalaikiui lauke.\",\"breadcrumb\":{\"@id\":\"https:\\\/\\\/resolute.lt\\\/index.php\\\/produktas\\\/pakabinama-led-lauko-stovyklavimo-lempa-zibintas-sviestuvas-5-w\\\/#breadcrumb\"},\"inLanguage\":\"lt-LT\",\"potentialAction\":[{\"@type\":\"ReadAction\",\"target\":[\"https:\\\/\\\/resolute.lt\\\/index.php\\\/produktas\\\/pakabinama-led-lauko-stovyklavimo-lempa-zibintas-sviestuvas-5-w\\\/\"]}]},{\"@type\":\"ImageObject\",\"inLanguage\":\"lt-LT\",\"@id\":\"https:\\\/\\\/resolute.lt\\\/index.php\\\/produktas\\\/pakabinama-led-lauko-stovyklavimo-lempa-zibintas-sviestuvas-5-w\\\/#primaryimage\",\"url\":\"https:\\\/\\\/resolute.lt\\\/wp-content\\\/uploads\\\/2025\\\/09\\\/1.-Pakabinama-lauko-kempingo-palapines-ikraunama-LED-lempa-prozektorius-sviesa-sviestuvas-Resolute.lt_.jpeg\",\"contentUrl\":\"https:\\\/\\\/resolute.lt\\\/wp-content\\\/uploads\\\/2025\\\/09\\\/1.-Pakabinama-lauko-kempingo-palapines-ikraunama-LED-lempa-prozektorius-sviesa-sviestuvas-Resolute.lt_.jpeg\",\"width\":800,\"height\":800},{\"@type\":\"BreadcrumbList\",\"@id\":\"https:\\\/\\\/resolute.lt\\\/index.php\\\/produktas\\\/pakabinama-led-lauko-stovyklavimo-lempa-zibintas-sviestuvas-5-w\\\/#breadcrumb\",\"itemListElement\":[{\"@type\":\"ListItem\",\"position\":1,\"name\":\"Home\",\"item\":\"https:\\\/\\\/resolute.lt\\\/\"},{\"@type\":\"ListItem\",\"position\":2,\"name\":\"Resolute.lt\",\"item\":\"https:\\\/\\\/resolute.lt\\\/\"},{\"@type\":\"ListItem\",\"position\":3,\"name\":\"Pakabinama LED lauko, stovyklavimo lempa \\\/ \u017eibintas \\\/ \u0161viestuvas &#8211; 5 W\"}]},{\"@type\":\"WebSite\",\"@id\":\"https:\\\/\\\/resolute.lt\\\/#website\",\"url\":\"https:\\\/\\\/resolute.lt\\\/\",\"name\":\"Resolute.lt\",\"description\":\"Sm\u016bgiams ir vandeniui telefonai\",\"potentialAction\":[{\"@type\":\"SearchAction\",\"target\":{\"@type\":\"EntryPoint\",\"urlTemplate\":\"https:\\\/\\\/resolute.lt\\\/?s={search_term_string}\"},\"query-input\":{\"@type\":\"PropertyValueSpecification\",\"valueRequired\":true,\"valueName\":\"search_term_string\"}}],\"inLanguage\":\"lt-LT\"}]}<\/script>\n<!-- \/ Yoast SEO plugin. -->","yoast_head_json":{"title":"Pakabinama LED lauko, stovyklavimo lempa \/ \u017eibintas \/ \u0161viestuvas - 5 W - Resolute.lt","description":"Pakabinama LED lauko, stovyklavimo lempa \/ \u017eibintas \u2013 patogus ir funkcionalus ap\u0161vietimo stovyklavimui ar laisvalaikiui lauke.","robots":{"index":"index","follow":"follow","max-snippet":"max-snippet:-1","max-image-preview":"max-image-preview:large","max-video-preview":"max-video-preview:-1"},"canonical":"https:\/\/resolute.lt\/index.php\/produktas\/pakabinama-led-lauko-stovyklavimo-lempa-zibintas-sviestuvas-5-w\/","og_locale":"lt_LT","og_type":"article","og_title":"Pakabinama LED lauko, stovyklavimo lempa \/ \u017eibintas \/ \u0161viestuvas - 5 W - Resolute.lt","og_description":"Pakabinama LED lauko, stovyklavimo lempa \/ \u017eibintas \u2013 patogus ir funkcionalus ap\u0161vietimo stovyklavimui ar laisvalaikiui lauke.","og_url":"https:\/\/resolute.lt\/index.php\/produktas\/pakabinama-led-lauko-stovyklavimo-lempa-zibintas-sviestuvas-5-w\/","og_site_name":"Resolute.lt","article_modified_time":"2025-10-07T14:20:04+00:00","og_image":[{"width":800,"height":800,"url":"https:\/\/resolute.lt\/wp-content\/uploads\/2025\/09\/1.-Pakabinama-lauko-kempingo-palapines-ikraunama-LED-lempa-prozektorius-sviesa-sviestuvas-Resolute.lt_.jpeg","type":"image\/jpeg"}],"twitter_card":"summary_large_image","twitter_misc":{"Est. reading time":"1 minut\u0117"},"schema":{"@context":"https:\/\/schema.org","@graph":[{"@type":"WebPage","@id":"https:\/\/resolute.lt\/index.php\/produktas\/pakabinama-led-lauko-stovyklavimo-lempa-zibintas-sviestuvas-5-w\/","url":"https:\/\/resolute.lt\/index.php\/produktas\/pakabinama-led-lauko-stovyklavimo-lempa-zibintas-sviestuvas-5-w\/","name":"Pakabinama LED lauko, stovyklavimo lempa \/ \u017eibintas \/ \u0161viestuvas - 5 W - Resolute.lt","isPartOf":{"@id":"https:\/\/resolute.lt\/#website"},"primaryImageOfPage":{"@id":"https:\/\/resolute.lt\/index.php\/produktas\/pakabinama-led-lauko-stovyklavimo-lempa-zibintas-sviestuvas-5-w\/#primaryimage"},"image":{"@id":"https:\/\/resolute.lt\/index.php\/produktas\/pakabinama-led-lauko-stovyklavimo-lempa-zibintas-sviestuvas-5-w\/#primaryimage"},"thumbnailUrl":"https:\/\/resolute.lt\/wp-content\/uploads\/2025\/09\/1.-Pakabinama-lauko-kempingo-palapines-ikraunama-LED-lempa-prozektorius-sviesa-sviestuvas-Resolute.lt_.jpeg","datePublished":"2025-09-29T12:55:03+00:00","dateModified":"2025-10-07T14:20:04+00:00","description":"Pakabinama LED lauko, stovyklavimo lempa \/ \u017eibintas \u2013 patogus ir funkcionalus ap\u0161vietimo stovyklavimui ar laisvalaikiui lauke.","breadcrumb":{"@id":"https:\/\/resolute.lt\/index.php\/produktas\/pakabinama-led-lauko-stovyklavimo-lempa-zibintas-sviestuvas-5-w\/#breadcrumb"},"inLanguage":"lt-LT","potentialAction":[{"@type":"ReadAction","target":["https:\/\/resolute.lt\/index.php\/produktas\/pakabinama-led-lauko-stovyklavimo-lempa-zibintas-sviestuvas-5-w\/"]}]},{"@type":"ImageObject","inLanguage":"lt-LT","@id":"https:\/\/resolute.lt\/index.php\/produktas\/pakabinama-led-lauko-stovyklavimo-lempa-zibintas-sviestuvas-5-w\/#primaryimage","url":"https:\/\/resolute.lt\/wp-content\/uploads\/2025\/09\/1.-Pakabinama-lauko-kempingo-palapines-ikraunama-LED-lempa-prozektorius-sviesa-sviestuvas-Resolute.lt_.jpeg","contentUrl":"https:\/\/resolute.lt\/wp-content\/uploads\/2025\/09\/1.-Pakabinama-lauko-kempingo-palapines-ikraunama-LED-lempa-prozektorius-sviesa-sviestuvas-Resolute.lt_.jpeg","width":800,"height":800},{"@type":"BreadcrumbList","@id":"https:\/\/resolute.lt\/index.php\/produktas\/pakabinama-led-lauko-stovyklavimo-lempa-zibintas-sviestuvas-5-w\/#breadcrumb","itemListElement":[{"@type":"ListItem","position":1,"name":"Home","item":"https:\/\/resolute.lt\/"},{"@type":"ListItem","position":2,"name":"Resolute.lt","item":"https:\/\/resolute.lt\/"},{"@type":"ListItem","position":3,"name":"Pakabinama LED lauko, stovyklavimo lempa \/ \u017eibintas \/ \u0161viestuvas &#8211; 5 W"}]},{"@type":"WebSite","@id":"https:\/\/resolute.lt\/#website","url":"https:\/\/resolute.lt\/","name":"Resolute.lt","description":"Sm\u016bgiams ir vandeniui telefonai","potentialAction":[{"@type":"SearchAction","target":{"@type":"EntryPoint","urlTemplate":"https:\/\/resolute.lt\/?s={search_term_string}"},"query-input":{"@type":"PropertyValueSpecification","valueRequired":true,"valueName":"search_term_string"}}],"inLanguage":"lt-LT"}]}},"_links":{"self":[{"href":"https:\/\/resolute.lt\/index.php\/wp-json\/wp\/v2\/product\/6363","targetHints":{"allow":["GET"]}}],"collection":[{"href":"https:\/\/resolute.lt\/index.php\/wp-json\/wp\/v2\/product"}],"about":[{"href":"https:\/\/resolute.lt\/index.php\/wp-json\/wp\/v2\/types\/product"}],"wp:featuredmedia":[{"embeddable":true,"href":"https:\/\/resolute.lt\/index.php\/wp-json\/wp\/v2\/media\/6364"}],"wp:attachment":[{"href":"https:\/\/resolute.lt\/index.php\/wp-json\/wp\/v2\/media?parent=6363"}],"wp:term":[{"taxonomy":"product_brand","embeddable":true,"href":"https:\/\/resolute.lt\/index.php\/wp-json\/wp\/v2\/product_brand?post=6363"},{"taxonomy":"product_cat","embeddable":true,"href":"https:\/\/resolute.lt\/index.php\/wp-json\/wp\/v2\/product_cat?post=6363"},{"taxonomy":"product_tag","embeddable":true,"href":"https:\/\/resolute.lt\/index.php\/wp-json\/wp\/v2\/product_tag?post=6363"}],"curies":[{"name":"wp","href":"https:\/\/api.w.org\/{rel}","templated":true}]}}