{"id":6353,"date":"2025-09-18T10:04:26","date_gmt":"2025-09-18T10:04:26","guid":{"rendered":"https:\/\/resolute.lt\/?post_type=product&#038;p=6353"},"modified":"2026-04-10T09:13:50","modified_gmt":"2026-04-10T09:13:50","slug":"ulefone-armor-29-ultra-5g-juodas","status":"publish","type":"product","link":"https:\/\/resolute.lt\/index.php\/produktas\/ulefone-armor-29-ultra-5g-juodas\/","title":{"rendered":"Ulefone Armor 29 Ultra &#8211; 5G, 1TB\/16GB, Juodas"},"content":{"rendered":"<p><strong data-start=\"0\" data-end=\"32\" data-is-only-node=\"\">Ulefone Armor 29 Ultra<\/strong> \u2013 tvirtas ir galingas telefonas, sukurtas tiems, kurie ie\u0161ko i\u0161tverm\u0117s ir auk\u0161\u010diausio na\u0161umo. Jame integruota Sony\u00ae Exmor RS IMX989 pagrindin\u0117 kamera, 50 MP ultra-plati\/makro kamera\u00a0ir 64 MP naktinio matymo kamera, u\u017etikrinantys nepriekai\u0161ting\u0105 nuotrauk\u0173 kokyb\u0119 bet kokiomis s\u0105lygomis. <strong>21200 mAh baterija<\/strong> u\u017etikrina ilg\u0105 veikimo laik\u0105, o 1 TB vidin\u0117 atmintis ir 16 GB RAM garantuoja greit\u0105 ir skland\u0173 veikim\u0105. 120 Hz 6,67\u2033 AMOLED ekranas su 2200 nit\u0173 ry\u0161kumu leid\u017eia m\u0117gautis puikia vizualine kokybe, o MediaTek\u2122 Dimensity 7400 procesorius ir Android 15 operacin\u0117 sistema u\u017etikrina auk\u0161\u010diausi\u0105 spart\u0105. Idealiai tinka tiek profesionalams, tiek aktyviems nuotyki\u0173 m\u0117g\u0117jams.<\/p>\n<p><strong><a href=\"https:\/\/www.resolute.lt\/\">RESOLUTE.LT EL. PARDUOTUV\u0116:<\/a><\/strong><br \/>\n<strong>\u2013\u00a04-6 darbo dien\u0173 pristatymas!<br \/>\n<\/strong>\u2013 Apmok\u0117jimas Google Pay, banko kortele, el. bankininkyste ar PayPal.<br \/>\n\u2013 Tik naujos prek\u0117s su 2 met\u0173 garantija!<strong><br \/>\n<\/strong><\/p>\n<h3><strong>Idealus pasirinkimams ie\u0161kantiems \u0161i\u0173 savybi\u0173 viename \u012frenginyje:<\/strong><\/h3>\n<ul>\n<li>Auk\u0161\u010diausios klas\u0117s kameros (50 MP Sony\u00ae Exmor RS IMX989\u00a0ir <a href=\"https:\/\/semiconductor.samsung.com\/image-sensor\/mobile-image-sensor\/isocell-jn1\/\" target=\"_blank\" rel=\"noopener\">50 MP Samsung\u2122 ISOCELL JN1<\/a>)<\/li>\n<li>Auk\u0161\u010diausios klas\u0117s naktinio matymo kamera (<a href=\"https:\/\/www.ovt.com\/products\/ov64b\/\" target=\"_blank\" rel=\"noopener\">64 MP OmniVision\u2122 OV64B1B)<\/a><\/li>\n<li>Auk\u0161\u010diausios klas\u0117s termovizorius (ThermoVue\u2122 T2)<\/li>\n<li>Did\u017eiausios talpos baterija rinkoje (21200 mAh)<\/li>\n<li>Did\u017eiausio ry\u0161kumo ekranas rinkoje (2200 nit\u0173)<\/li>\n<\/ul>\n<h3><strong>Kiti sm\u016bgiams ir vandeniui atspar\u016bs modeliai:<\/strong><\/h3>\n<ul>\n<li>Domina \u0161ios serijos modelis su termovizoriumi? Rekomenduojame <strong><a href=\"https:\/\/resolute.lt\/index.php\/produktas\/ulefone-armor-29-pro-thermal-5g-juodas\/\" target=\"_blank\" rel=\"noopener\">Ulefone Armor 29 Pro Thermal<\/a><\/strong>.<\/li>\n<li>Domina 10,5 mm plonumo auk\u0161\u010diausios klas\u0117s telefonas i\u0161 Doogee\u2122? Rekomenduojame <strong><a href=\"https:\/\/resolute.lt\/index.php\/produktas\/doogee-blade-gt-ultra-5g-juodas\/\" target=\"_blank\" rel=\"noopener\">Doogee Blade GT Ultra<\/a><\/strong>.<\/li>\n<li>Domina auk\u0161tos klas\u0117s telefonas i\u0161 Ulefone\u2122 iki 400 \u20ac? Rekomenduojame <strong><a href=\"https:\/\/resolute.lt\/index.php\/produktas\/ulefone-armor-27t-pro\/\" target=\"_blank\" rel=\"noopener\">Ulefone Armor 27T Pro<\/a><\/strong>.<\/li>\n<\/ul>\n<p>&nbsp;<\/p>\n<div id=\"row-1175821349\" class=\"row align-center\">\n<div id=\"col-130476939\" class=\"col medium-4 small-10 large-4\">\n<div class=\"col-inner\">\n<h1><strong>Komplektacija<\/strong><\/h1>\n<\/div>\n<\/div>\n<div id=\"col-1358541524\" class=\"col medium-8 small-10 large-8\">\n<div class=\"col-inner\">\n<ul>\n<li><b>1x\u00a0\u00a0<\/b>I\u0161manus telefonas<\/li>\n<li><b>1x\u00a0 <\/b>EU \u012fkroviklis<\/li>\n<li><b>1x\u00a0\u00a0<\/b>USB-C laidas<\/li>\n<li><b>1x<\/b>\u00a0 Gr\u016bdinto stiklo ekrano apsauga<\/li>\n<li><b>1x\u00a0 <\/b>Pakabukas<\/li>\n<li><strong>1x<\/strong>\u00a0 SIM \u012frankis<\/li>\n<li><b>1x<\/b>\u00a0 Naudojimosi instrukcijos<\/li>\n<\/ul>\n<\/div>\n<\/div>\n<\/div>\n<div id=\"row-214715003\" class=\"row align-center\">\n<div id=\"col-883847564\" class=\"col medium-4 small-10 large-4\">\n<div class=\"col-inner\">\n<h1><strong>Bendrieji parametrai<\/strong><\/h1>\n<\/div>\n<\/div>\n<div id=\"col-35252131\" class=\"col medium-8 small-10 large-8\">\n<div class=\"col-inner\">\n<ul>\n<li><strong>Tipas:<\/strong>\u00a0Mobilieji telefonai<\/li>\n<li><strong>Spalva:<\/strong> Juoda<\/li>\n<li><strong>Prek\u0117s korpusas:\u00a0<\/strong>Metalas, polikarbonatas, TPU<\/li>\n<li><strong>Palaikom\u0173 SIM korteli\u0173 kiekis:<\/strong>\u00a02<\/li>\n<li><strong>Palaikom\u0173 SIM korteli\u0173 tipas:<\/strong>\u00a0NanoSIM<\/li>\n<\/ul>\n<\/div>\n<\/div>\n<\/div>\n<div id=\"row-214715003\" class=\"row align-center\">\n<div id=\"col-883847564\" class=\"col medium-4 small-10 large-4\">\n<div class=\"col-inner\">\n<h1><strong>Matmenys ir svoris<\/strong><\/h1>\n<\/div>\n<\/div>\n<div id=\"col-35252131\" class=\"col medium-8 small-10 large-8\">\n<div class=\"col-inner\">\n<ul>\n<li><strong>Matmenys:<\/strong> 177,35 x 85,6 x 33,8 mm<\/li>\n<li><strong>Svoris:<\/strong> 688 g<\/li>\n<\/ul>\n<\/div>\n<\/div>\n<\/div>\n<div id=\"row-214715003\" class=\"row align-center\">\n<div id=\"col-883847564\" class=\"col medium-4 small-10 large-4\">\n<div class=\"col-inner\">\n<h1><strong>Operacin\u0117 sistema<\/strong><\/h1>\n<\/div>\n<\/div>\n<div id=\"col-35252131\" class=\"col medium-8 small-10 large-8\">\n<div class=\"col-inner\">\n<ul>\n<li><strong>Operacin\u0117 sistema:<\/strong>\u00a0Android<\/li>\n<li><strong>Operacin\u0117s sistemos versija: <\/strong>15<\/li>\n<li><strong>Palaikomos kalbos:<\/strong>\u00a0Lietuvi\u0173, angl\u0173, \u010dek\u0173, pranc\u016bz\u0173, vokie\u010di\u0173, ital\u0173, lenk\u0173, ispan\u0173, \u0161ved\u0173, ukrainie\u010di\u0173, rus\u0173 ir kt.<\/li>\n<\/ul>\n<\/div>\n<\/div>\n<\/div>\n<div id=\"row-214715003\" class=\"row align-center\">\n<div id=\"col-883847564\" class=\"col medium-4 small-10 large-4\">\n<div class=\"col-inner\">\n<h1><strong>Procesorius ir vaizdo plok\u0161t\u0117<\/strong><\/h1>\n<\/div>\n<\/div>\n<div id=\"col-35252131\" class=\"col medium-8 small-10 large-8\">\n<div class=\"col-inner\">\n<ul>\n<li><strong>Procesoriaus modelis: <\/strong>MediaTek\u2122 Dimensity 7400<\/li>\n<li><strong>Proceso technologija:<\/strong> 4 nm<\/li>\n<li><strong>Procesoriaus branduoli\u0173 kiekis:<\/strong>\u00a08<\/li>\n<li><strong>Procesoriaus branduoli\u0173 da\u017eniai:<\/strong> 4x 2,6 GHz Cortex-A78 ir 4x Cortex-A55<\/li>\n<li><strong>Vaizdo plok\u0161t\u0117s modelis: <\/strong>ARM Mali-G615 MC2<\/li>\n<li><strong>Vaizdo plok\u0161t\u0117s<\/strong> <strong>branduoli\u0173 kiekis: <\/strong>2<\/li>\n<\/ul>\n<\/div>\n<\/div>\n<\/div>\n<div id=\"row-2111937453\" class=\"row align-center\">\n<div id=\"col-1355999373\" class=\"col medium-4 small-10 large-4\">\n<div class=\"col-inner\">\n<h1><strong>Atmintis<\/strong><\/h1>\n<\/div>\n<\/div>\n<div id=\"col-2062834539\" class=\"col medium-8 small-10 large-8\">\n<div class=\"col-inner\">\n<ul>\n<li><strong>Vidin\u0117 atminis:\u00a0<\/strong>1 TB<\/li>\n<li><strong>Fizin\u0117 darbin\u0117 atmintis (RAM):<\/strong> 16 GB<\/li>\n<li><strong>Virtuali darbin\u0117 atmintis (RAM):<\/strong> 16 GB<\/li>\n<li><strong>Bendra darbin\u0117 atmintis (RAM):<\/strong> 32 GB<\/li>\n<li><strong>Darbin\u0117s atminties (RAM) da\u017enis: <\/strong>3,2 GHz<\/li>\n<li><strong>Atminties kortel\u0117s palaikymas: <\/strong>Taip, MicroSD<\/li>\n<li><strong>Atminties kortel\u0117s talpa:<\/strong> Iki 2 TB<\/li>\n<\/ul>\n<\/div>\n<\/div>\n<\/div>\n<div id=\"row-1271375553\" class=\"row align-center\">\n<div id=\"col-201046948\" class=\"col medium-4 small-10 large-4\">\n<div class=\"col-inner\">\n<h1><strong>Ekranai<\/strong><\/h1>\n<\/div>\n<\/div>\n<div id=\"col-35252131\" class=\"col medium-8 small-10 large-8\">\n<div class=\"col-inner\">\n<ul>\n<li><strong>Dydis:<\/strong> 6,67&#8243;<\/li>\n<li><strong>Rai\u0161ka:<\/strong> 2400 x 1080<\/li>\n<li><strong>PPI (pikseliai per col\u012f): <\/strong>395<\/li>\n<li><strong>Ry\u0161kumas:<\/strong> 2200 nit\u0173<\/li>\n<li><strong>Atnaujinimo da\u017enis:<\/strong> 120 Hz<\/li>\n<li><strong>Tipas:<\/strong> AMOLED<\/li>\n<li><strong>Plotas:<\/strong> 70,98 %<\/li>\n<li><strong>I\u0161orinio stiklo tipas:<\/strong> Corning Gorilla Glass 3<\/li>\n<li><strong>Pir\u0161tini\u0173 re\u017eimas:<\/strong> Taip<\/li>\n<li><strong>Galinis ekranas:<\/strong> Taip<\/li>\n<li><strong>Galinio ekrano dydis:<\/strong> 1,04&#8243;<\/li>\n<li><strong>Galinio ekrano rai\u0161ka: <\/strong>340 x 340<\/li>\n<li><strong>Galinio ekrano tipas: <\/strong>AMOLED<\/li>\n<li><strong>Galinio ekrano ry\u0161kumas: <\/strong>600 nit\u0173<\/li>\n<li><strong>Galinio ekrano i\u0161orinio stiklo tipas: <\/strong>Corning Gorilla Glass 3<\/li>\n<\/ul>\n<\/div>\n<\/div>\n<\/div>\n<div id=\"row-214715003\" class=\"row align-center\">\n<div id=\"col-883847564\" class=\"col medium-4 small-10 large-4\">\n<div class=\"col-inner\">\n<h1><strong>Lizdai ir sensoriai<\/strong><\/h1>\n<\/div>\n<\/div>\n<div id=\"col-35252131\" class=\"col medium-8 small-10 large-8\">\n<div class=\"col-inner\">\n<ul>\n<li><strong>USB lizdo tipas:<\/strong>\u00a0USB-C<\/li>\n<li><strong>Ausini\u0173 lizdas (AUX): <\/strong>Taip<\/li>\n<li><strong>uSmart Expension Connector lizdas:<\/strong> Taip<\/li>\n<li><strong>Pir\u0161t\u0173 antspaud\u0173 sensorius:<\/strong>\u00a0Taip<\/li>\n<li><strong>Pir\u0161to antspaud\u0173 sensoriaus tipas:<\/strong>\u00a0\u0160oninis<\/li>\n<li><strong>Veido atpa\u017einimas:<\/strong> Taip<\/li>\n<\/ul>\n<\/div>\n<\/div>\n<\/div>\n<div id=\"row-214715003\" class=\"row align-center\">\n<div id=\"col-883847564\" class=\"col medium-4 small-10 large-4\">\n<div class=\"col-inner\">\n<h1><strong>Pagrindin\u0117 kamera<\/strong><\/h1>\n<\/div>\n<\/div>\n<div id=\"col-35252131\" class=\"col medium-8 small-10 large-8\">\n<div class=\"col-inner\">\n<ul>\n<li><strong>Sensori\u0173 kiekis: <\/strong>3<\/li>\n<li><strong>Pagrindinis sensorius:<\/strong> 50 MP Sony\u00ae Exmor RS IMX989<\/li>\n<li><strong>Ultra-platus\/makro sensorius:<\/strong> 50 MP <a href=\"https:\/\/semiconductor.samsung.com\/image-sensor\/mobile-image-sensor\/isocell-jn1\/\" target=\"_blank\" rel=\"noopener\">Samsung\u2122 ISOCELL JN1<\/a><\/li>\n<li><strong>Naktinio matymo sensorius:<\/strong> 64 MP <a href=\"https:\/\/www.ovt.com\/products\/ov64b\/\" target=\"_blank\" rel=\"noopener\">OmniVision\u2122 OV64B<\/a><\/li>\n<li><strong>Filmavimas: <\/strong>8K@30fps, 4K@30fps, 1080p@30\/60fps<\/li>\n<li><strong>Blykst\u0117s tipas:<\/strong> LED, 4 diod\u0173<\/li>\n<\/ul>\n<\/div>\n<\/div>\n<\/div>\n<div id=\"row-214715003\" class=\"row align-center\">\n<div id=\"col-883847564\" class=\"col medium-4 small-10 large-4\">\n<div class=\"col-inner\">\n<h1><strong>Priekin\u0117 kamera<\/strong><\/h1>\n<\/div>\n<\/div>\n<div id=\"col-35252131\" class=\"col medium-8 small-10 large-8\">\n<div class=\"col-inner\">\n<ul>\n<li><strong>Sensorius: <\/strong>50 MP <a href=\"https:\/\/semiconductor.samsung.com\/image-sensor\/mobile-image-sensor\/isocell-jn1\/\" target=\"_blank\" rel=\"noopener\">Samsung\u2122 ISOCELL JN1<\/a><\/li>\n<li><strong>Filmavimas: <\/strong>1080p@30fps<\/li>\n<\/ul>\n<\/div>\n<\/div>\n<\/div>\n<div id=\"row-214715003\" class=\"row align-center\">\n<div id=\"col-883847564\" class=\"col medium-4 small-10 large-4\">\n<div class=\"col-inner\">\n<h1><strong>Internetas ir komunikacija<\/strong><\/h1>\n<\/div>\n<\/div>\n<div id=\"col-35252131\" class=\"col medium-8 small-10 large-8\">\n<div class=\"col-inner\">\n<ul>\n<li><strong>WiFi s\u0105saja:\u00a0<\/strong>Taip<\/li>\n<li><strong>3G ry\u0161ys:\u00a0<\/strong>Taip<\/li>\n<li><strong>4G ry\u0161ys:\u00a0<\/strong>Taip<\/li>\n<li><strong>5G ry\u0161ys:<\/strong> Taip<\/li>\n<li><strong>Bluetooth s\u0105saja:\u00a0<\/strong>Taip<\/li>\n<li><strong>Bluetooth versija:\u00a0<\/strong>5.4<\/li>\n<li><strong>NFC s\u0105saja:\u00a0<\/strong>Taip<\/li>\n<li><strong>FM radijas:\u00a0<\/strong>Taip<\/li>\n<li><strong>GPS s\u0105saja:\u00a0<\/strong>Taip<\/li>\n<li><strong>GPS sistemos:<\/strong> GPS, A-GPS, GLONASS, BeiDou, Galileo, NavIC, QZSS<\/li>\n<\/ul>\n<\/div>\n<\/div>\n<\/div>\n<div id=\"row-214715003\" class=\"row align-center\">\n<div id=\"col-883847564\" class=\"col medium-4 small-10 large-4\">\n<div class=\"col-inner\">\n<h1><strong>Baterija<\/strong><\/h1>\n<\/div>\n<\/div>\n<div id=\"col-35252131\" class=\"col medium-8 small-10 large-8\">\n<div class=\"col-inner\">\n<ul>\n<li><strong>Talpa: <\/strong>21200 mAh<\/li>\n<li><strong>Greitasis laidinis \u012fkrovimas: <\/strong>Taip, 120 W<\/li>\n<li><strong>Atvirk\u0161tinis laidinis \u012fkrovimas:<\/strong> Taip, 10 W<\/li>\n<li><strong>B\u016bd\u0117jimo laikas:<\/strong> 1140 val.<\/li>\n<li><strong>Skambu\u010di\u0173 laikas<\/strong>: 114 val.<\/li>\n<li><strong>Video laikas:<\/strong> 27 val.<\/li>\n<\/ul>\n<\/div>\n<\/div>\n<\/div>\n<div id=\"row-214715003\" class=\"row align-center\">\n<div id=\"col-883847564\" class=\"col medium-4 small-10 large-4\">\n<div class=\"col-inner\">\n<h1><strong>Papildomi duomenys<\/strong><\/h1>\n<\/div>\n<\/div>\n<div id=\"col-35252131\" class=\"col medium-8 small-10 large-8\">\n<div class=\"col-inner\">\n<ul>\n<li>I\u0161leidimo laikas: 2025 m. rugs\u0117jo m\u0117n. 15 d.<\/li>\n<li>Gamybos laikas: 2026 m. II ketvirtis<\/li>\n<li>IP68\/IP69K standartas (atsparumas vandeniui ir dulk\u0117ms)<\/li>\n<li>MIL-STD-810H standartas<\/li>\n<\/ul>\n<\/div>\n<\/div>\n<\/div>\n<p>&nbsp;<\/p>\n","protected":false},"excerpt":{"rendered":"<p>Ulefone Armor 29 Ultra \u2013 tvirtas ir galingas telefonas, sukurtas tiems, kurie ie\u0161ko i\u0161tverm\u0117s ir auk\u0161\u010diausio na\u0161umo. Jame integruota Sony\u00ae Exmor RS IMX989 pagrindin\u0117 kamera, 50 MP ultra-plati\/makro kamera\u00a0ir 64 MP naktinio matymo kamera, u\u017etikrinantys nepriekai\u0161ting\u0105 nuotrauk\u0173 kokyb\u0119 bet kokiomis s\u0105lygomis. 21200 mAh baterija u\u017etikrina ilg\u0105 veikimo laik\u0105, o 1 TB vidin\u0117 atmintis ir 16 [&#8230;]\n","protected":false},"featured_media":6354,"template":"","meta":[],"product_brand":[],"product_cat":[45,22],"product_tag":[],"class_list":{"0":"post-6353","1":"product","2":"type-product","3":"status-publish","4":"has-post-thumbnail","6":"product_cat-4-6-d-d-pristatymo-prekes","7":"product_cat-ulefone-telefonai","9":"first","10":"instock","11":"sale","12":"shipping-taxable","13":"purchasable","14":"product-type-simple"},"yoast_head":"<!-- This site is optimized with the Yoast SEO plugin v27.4 - https:\/\/yoast.com\/product\/yoast-seo-wordpress\/ -->\n<title>Ulefone Armor 29 Ultra - 5G, 1TB\/16GB, Juodas - Resolute.lt<\/title>\n<meta name=\"description\" content=\"Ulefone Armor 29 Pro Thermal\u00a0\u2013 vandeniui ir sm\u016bgiams atsparus 5G telefonas su ThermoVue T2 termovizoriumi bei mil\u017eini\u0161ka 21200 mAh baterija.\" \/>\n<meta name=\"robots\" content=\"index, follow, max-snippet:-1, max-image-preview:large, max-video-preview:-1\" \/>\n<link rel=\"canonical\" href=\"https:\/\/resolute.lt\/index.php\/produktas\/ulefone-armor-29-ultra-5g-juodas\/\" \/>\n<meta property=\"og:locale\" content=\"lt_LT\" \/>\n<meta property=\"og:type\" content=\"article\" \/>\n<meta property=\"og:title\" content=\"Ulefone Armor 29 Ultra - 5G, 1TB\/16GB, Juodas - Resolute.lt\" \/>\n<meta property=\"og:description\" content=\"Ulefone Armor 29 Pro Thermal\u00a0\u2013 vandeniui ir sm\u016bgiams atsparus 5G telefonas su ThermoVue T2 termovizoriumi bei mil\u017eini\u0161ka 21200 mAh baterija.\" \/>\n<meta property=\"og:url\" content=\"https:\/\/resolute.lt\/index.php\/produktas\/ulefone-armor-29-ultra-5g-juodas\/\" \/>\n<meta property=\"og:site_name\" content=\"Resolute.lt\" \/>\n<meta property=\"article:modified_time\" content=\"2026-04-10T09:13:50+00:00\" \/>\n<meta property=\"og:image\" content=\"https:\/\/resolute.lt\/wp-content\/uploads\/2025\/09\/1.-Ulefone-Armor-29-Ultra-5G-Smugiams-vandeniui-atsparus-telefonas-Rugged-Phone-Triecienizturigs-un-udensnecaurlaidigs-talrunis-Telefono-resistente-al-agua-y-a-los-golpes-Resolute.lt_.jpeg\" \/>\n\t<meta property=\"og:image:width\" content=\"800\" \/>\n\t<meta property=\"og:image:height\" content=\"800\" \/>\n\t<meta property=\"og:image:type\" content=\"image\/jpeg\" \/>\n<meta name=\"twitter:card\" content=\"summary_large_image\" \/>\n<meta name=\"twitter:label1\" content=\"Est. reading time\" \/>\n\t<meta name=\"twitter:data1\" content=\"4 minut\u0117s\" \/>\n<script type=\"application\/ld+json\" class=\"yoast-schema-graph\">{\"@context\":\"https:\\\/\\\/schema.org\",\"@graph\":[{\"@type\":\"WebPage\",\"@id\":\"https:\\\/\\\/resolute.lt\\\/index.php\\\/produktas\\\/ulefone-armor-29-ultra-5g-juodas\\\/\",\"url\":\"https:\\\/\\\/resolute.lt\\\/index.php\\\/produktas\\\/ulefone-armor-29-ultra-5g-juodas\\\/\",\"name\":\"Ulefone Armor 29 Ultra - 5G, 1TB\\\/16GB, Juodas - Resolute.lt\",\"isPartOf\":{\"@id\":\"https:\\\/\\\/resolute.lt\\\/#website\"},\"primaryImageOfPage\":{\"@id\":\"https:\\\/\\\/resolute.lt\\\/index.php\\\/produktas\\\/ulefone-armor-29-ultra-5g-juodas\\\/#primaryimage\"},\"image\":{\"@id\":\"https:\\\/\\\/resolute.lt\\\/index.php\\\/produktas\\\/ulefone-armor-29-ultra-5g-juodas\\\/#primaryimage\"},\"thumbnailUrl\":\"https:\\\/\\\/resolute.lt\\\/wp-content\\\/uploads\\\/2025\\\/09\\\/1.-Ulefone-Armor-29-Ultra-5G-Smugiams-vandeniui-atsparus-telefonas-Rugged-Phone-Triecienizturigs-un-udensnecaurlaidigs-talrunis-Telefono-resistente-al-agua-y-a-los-golpes-Resolute.lt_.jpeg\",\"datePublished\":\"2025-09-18T10:04:26+00:00\",\"dateModified\":\"2026-04-10T09:13:50+00:00\",\"description\":\"Ulefone Armor 29 Pro Thermal\u00a0\u2013 vandeniui ir sm\u016bgiams atsparus 5G telefonas su ThermoVue T2 termovizoriumi bei mil\u017eini\u0161ka 21200 mAh baterija.\",\"breadcrumb\":{\"@id\":\"https:\\\/\\\/resolute.lt\\\/index.php\\\/produktas\\\/ulefone-armor-29-ultra-5g-juodas\\\/#breadcrumb\"},\"inLanguage\":\"lt-LT\",\"potentialAction\":[{\"@type\":\"ReadAction\",\"target\":[\"https:\\\/\\\/resolute.lt\\\/index.php\\\/produktas\\\/ulefone-armor-29-ultra-5g-juodas\\\/\"]}]},{\"@type\":\"ImageObject\",\"inLanguage\":\"lt-LT\",\"@id\":\"https:\\\/\\\/resolute.lt\\\/index.php\\\/produktas\\\/ulefone-armor-29-ultra-5g-juodas\\\/#primaryimage\",\"url\":\"https:\\\/\\\/resolute.lt\\\/wp-content\\\/uploads\\\/2025\\\/09\\\/1.-Ulefone-Armor-29-Ultra-5G-Smugiams-vandeniui-atsparus-telefonas-Rugged-Phone-Triecienizturigs-un-udensnecaurlaidigs-talrunis-Telefono-resistente-al-agua-y-a-los-golpes-Resolute.lt_.jpeg\",\"contentUrl\":\"https:\\\/\\\/resolute.lt\\\/wp-content\\\/uploads\\\/2025\\\/09\\\/1.-Ulefone-Armor-29-Ultra-5G-Smugiams-vandeniui-atsparus-telefonas-Rugged-Phone-Triecienizturigs-un-udensnecaurlaidigs-talrunis-Telefono-resistente-al-agua-y-a-los-golpes-Resolute.lt_.jpeg\",\"width\":800,\"height\":800},{\"@type\":\"BreadcrumbList\",\"@id\":\"https:\\\/\\\/resolute.lt\\\/index.php\\\/produktas\\\/ulefone-armor-29-ultra-5g-juodas\\\/#breadcrumb\",\"itemListElement\":[{\"@type\":\"ListItem\",\"position\":1,\"name\":\"Home\",\"item\":\"https:\\\/\\\/resolute.lt\\\/\"},{\"@type\":\"ListItem\",\"position\":2,\"name\":\"Resolute.lt\",\"item\":\"https:\\\/\\\/resolute.lt\\\/\"},{\"@type\":\"ListItem\",\"position\":3,\"name\":\"Ulefone Armor 29 Ultra &#8211; 5G, 1TB\\\/16GB, Juodas\"}]},{\"@type\":\"WebSite\",\"@id\":\"https:\\\/\\\/resolute.lt\\\/#website\",\"url\":\"https:\\\/\\\/resolute.lt\\\/\",\"name\":\"Resolute.lt\",\"description\":\"Sm\u016bgiams ir vandeniui telefonai\",\"potentialAction\":[{\"@type\":\"SearchAction\",\"target\":{\"@type\":\"EntryPoint\",\"urlTemplate\":\"https:\\\/\\\/resolute.lt\\\/?s={search_term_string}\"},\"query-input\":{\"@type\":\"PropertyValueSpecification\",\"valueRequired\":true,\"valueName\":\"search_term_string\"}}],\"inLanguage\":\"lt-LT\"}]}<\/script>\n<!-- \/ Yoast SEO plugin. -->","yoast_head_json":{"title":"Ulefone Armor 29 Ultra - 5G, 1TB\/16GB, Juodas - Resolute.lt","description":"Ulefone Armor 29 Pro Thermal\u00a0\u2013 vandeniui ir sm\u016bgiams atsparus 5G telefonas su ThermoVue T2 termovizoriumi bei mil\u017eini\u0161ka 21200 mAh baterija.","robots":{"index":"index","follow":"follow","max-snippet":"max-snippet:-1","max-image-preview":"max-image-preview:large","max-video-preview":"max-video-preview:-1"},"canonical":"https:\/\/resolute.lt\/index.php\/produktas\/ulefone-armor-29-ultra-5g-juodas\/","og_locale":"lt_LT","og_type":"article","og_title":"Ulefone Armor 29 Ultra - 5G, 1TB\/16GB, Juodas - Resolute.lt","og_description":"Ulefone Armor 29 Pro Thermal\u00a0\u2013 vandeniui ir sm\u016bgiams atsparus 5G telefonas su ThermoVue T2 termovizoriumi bei mil\u017eini\u0161ka 21200 mAh baterija.","og_url":"https:\/\/resolute.lt\/index.php\/produktas\/ulefone-armor-29-ultra-5g-juodas\/","og_site_name":"Resolute.lt","article_modified_time":"2026-04-10T09:13:50+00:00","og_image":[{"width":800,"height":800,"url":"https:\/\/resolute.lt\/wp-content\/uploads\/2025\/09\/1.-Ulefone-Armor-29-Ultra-5G-Smugiams-vandeniui-atsparus-telefonas-Rugged-Phone-Triecienizturigs-un-udensnecaurlaidigs-talrunis-Telefono-resistente-al-agua-y-a-los-golpes-Resolute.lt_.jpeg","type":"image\/jpeg"}],"twitter_card":"summary_large_image","twitter_misc":{"Est. reading time":"4 minut\u0117s"},"schema":{"@context":"https:\/\/schema.org","@graph":[{"@type":"WebPage","@id":"https:\/\/resolute.lt\/index.php\/produktas\/ulefone-armor-29-ultra-5g-juodas\/","url":"https:\/\/resolute.lt\/index.php\/produktas\/ulefone-armor-29-ultra-5g-juodas\/","name":"Ulefone Armor 29 Ultra - 5G, 1TB\/16GB, Juodas - Resolute.lt","isPartOf":{"@id":"https:\/\/resolute.lt\/#website"},"primaryImageOfPage":{"@id":"https:\/\/resolute.lt\/index.php\/produktas\/ulefone-armor-29-ultra-5g-juodas\/#primaryimage"},"image":{"@id":"https:\/\/resolute.lt\/index.php\/produktas\/ulefone-armor-29-ultra-5g-juodas\/#primaryimage"},"thumbnailUrl":"https:\/\/resolute.lt\/wp-content\/uploads\/2025\/09\/1.-Ulefone-Armor-29-Ultra-5G-Smugiams-vandeniui-atsparus-telefonas-Rugged-Phone-Triecienizturigs-un-udensnecaurlaidigs-talrunis-Telefono-resistente-al-agua-y-a-los-golpes-Resolute.lt_.jpeg","datePublished":"2025-09-18T10:04:26+00:00","dateModified":"2026-04-10T09:13:50+00:00","description":"Ulefone Armor 29 Pro Thermal\u00a0\u2013 vandeniui ir sm\u016bgiams atsparus 5G telefonas su ThermoVue T2 termovizoriumi bei mil\u017eini\u0161ka 21200 mAh baterija.","breadcrumb":{"@id":"https:\/\/resolute.lt\/index.php\/produktas\/ulefone-armor-29-ultra-5g-juodas\/#breadcrumb"},"inLanguage":"lt-LT","potentialAction":[{"@type":"ReadAction","target":["https:\/\/resolute.lt\/index.php\/produktas\/ulefone-armor-29-ultra-5g-juodas\/"]}]},{"@type":"ImageObject","inLanguage":"lt-LT","@id":"https:\/\/resolute.lt\/index.php\/produktas\/ulefone-armor-29-ultra-5g-juodas\/#primaryimage","url":"https:\/\/resolute.lt\/wp-content\/uploads\/2025\/09\/1.-Ulefone-Armor-29-Ultra-5G-Smugiams-vandeniui-atsparus-telefonas-Rugged-Phone-Triecienizturigs-un-udensnecaurlaidigs-talrunis-Telefono-resistente-al-agua-y-a-los-golpes-Resolute.lt_.jpeg","contentUrl":"https:\/\/resolute.lt\/wp-content\/uploads\/2025\/09\/1.-Ulefone-Armor-29-Ultra-5G-Smugiams-vandeniui-atsparus-telefonas-Rugged-Phone-Triecienizturigs-un-udensnecaurlaidigs-talrunis-Telefono-resistente-al-agua-y-a-los-golpes-Resolute.lt_.jpeg","width":800,"height":800},{"@type":"BreadcrumbList","@id":"https:\/\/resolute.lt\/index.php\/produktas\/ulefone-armor-29-ultra-5g-juodas\/#breadcrumb","itemListElement":[{"@type":"ListItem","position":1,"name":"Home","item":"https:\/\/resolute.lt\/"},{"@type":"ListItem","position":2,"name":"Resolute.lt","item":"https:\/\/resolute.lt\/"},{"@type":"ListItem","position":3,"name":"Ulefone Armor 29 Ultra &#8211; 5G, 1TB\/16GB, Juodas"}]},{"@type":"WebSite","@id":"https:\/\/resolute.lt\/#website","url":"https:\/\/resolute.lt\/","name":"Resolute.lt","description":"Sm\u016bgiams ir vandeniui telefonai","potentialAction":[{"@type":"SearchAction","target":{"@type":"EntryPoint","urlTemplate":"https:\/\/resolute.lt\/?s={search_term_string}"},"query-input":{"@type":"PropertyValueSpecification","valueRequired":true,"valueName":"search_term_string"}}],"inLanguage":"lt-LT"}]}},"_links":{"self":[{"href":"https:\/\/resolute.lt\/index.php\/wp-json\/wp\/v2\/product\/6353","targetHints":{"allow":["GET"]}}],"collection":[{"href":"https:\/\/resolute.lt\/index.php\/wp-json\/wp\/v2\/product"}],"about":[{"href":"https:\/\/resolute.lt\/index.php\/wp-json\/wp\/v2\/types\/product"}],"wp:featuredmedia":[{"embeddable":true,"href":"https:\/\/resolute.lt\/index.php\/wp-json\/wp\/v2\/media\/6354"}],"wp:attachment":[{"href":"https:\/\/resolute.lt\/index.php\/wp-json\/wp\/v2\/media?parent=6353"}],"wp:term":[{"taxonomy":"product_brand","embeddable":true,"href":"https:\/\/resolute.lt\/index.php\/wp-json\/wp\/v2\/product_brand?post=6353"},{"taxonomy":"product_cat","embeddable":true,"href":"https:\/\/resolute.lt\/index.php\/wp-json\/wp\/v2\/product_cat?post=6353"},{"taxonomy":"product_tag","embeddable":true,"href":"https:\/\/resolute.lt\/index.php\/wp-json\/wp\/v2\/product_tag?post=6353"}],"curies":[{"name":"wp","href":"https:\/\/api.w.org\/{rel}","templated":true}]}}