{"id":6178,"date":"2025-06-01T06:01:08","date_gmt":"2025-06-01T06:01:08","guid":{"rendered":"https:\/\/resolute.lt\/?post_type=product&#038;p=6178"},"modified":"2026-04-10T09:16:56","modified_gmt":"2026-04-10T09:16:56","slug":"ulefone-armor-34-pro-5g-juodas","status":"publish","type":"product","link":"https:\/\/resolute.lt\/index.php\/produktas\/ulefone-armor-34-pro-5g-juodas\/","title":{"rendered":"Ulefone Armor 34 Pro &#8211; 5G, 512GB\/16GB, Juodas"},"content":{"rendered":"<p><strong>Ulefone Armor 34 Pro<\/strong>\u00a0\u2013 auk\u0161\u010diausios klas\u0117s vandeniui ir sm\u016bgiams atsparus <strong>5G<\/strong> ry\u0161io telefonas su <strong>rekordin\u0117s 25500 mAh talpos baterija<\/strong>, profesionalams skirta kamer\u0173 sistema (50 MP OmniVision\u2122 OV50H kamera, 50 MP Samsung\u2122 JN1 ultra-pla\u010dia\/makro kamera ir 64 MP naktinio matymo kamera), galingu 1100 lm pro\u017eektoriumi, <strong>ypatingu DLP projektoriumi<\/strong>, 512 GB vidine ir 16 GB RAM atmintimi, 120 Hz 6,95\u2033 IPS ekranu, ypa\u010d spar\u010diu Dimensity\u2122 7300 procesoriumi bei Android 15 operacine sistema.<\/p>\n<p><strong><a href=\"https:\/\/www.resolute.lt\/\">RESOLUTE.LT EL. PARDUOTUV\u0116:<\/a><br \/>\n\u2013 4-6 darbo dien\u0173 pristatymas!<br \/>\n<\/strong>\u2013 Apmok\u0117jimas Google Pay, banko kortele, el. bankininkyste ar PayPal.<br \/>\n\u2013 Tik naujos prek\u0117s su 2 met\u0173 garantija!<\/p>\n<h3><strong>Idealus pasirinkimams ie\u0161kantiems \u0161i\u0173 savybi\u0173 viename \u012frenginyje:<\/strong><\/h3>\n<ul>\n<li>Auk\u0161\u010diausios klas\u0117s kameros (50 MP <a href=\"https:\/\/www.ovt.com\/products\/ov50h\/\" target=\"_blank\" rel=\"noopener\">OmniVision\u2122 OV50H <\/a>ir <a href=\"https:\/\/semiconductor.samsung.com\/image-sensor\/mobile-image-sensor\/isocell-jn1\/\" target=\"_blank\" rel=\"noopener\">50 MP Samsung\u2122 ISOCELL JN1<\/a>)<\/li>\n<li>Auk\u0161\u010diausios klas\u0117s naktinio matymo kamera (<a href=\"https:\/\/www.ovt.com\/products\/ov64b\/\" target=\"_blank\" rel=\"noopener\">64 MP OmniVision\u2122 OV64B1B)<\/a><\/li>\n<li>Did\u017eiausios talpos baterija rinkoje (25500 mAh)<\/li>\n<li>Galingas pro\u017eektorius (1100 liumen\u0173)<\/li>\n<li>DLP projektorius<\/li>\n<\/ul>\n<h3><strong>Kiti sm\u016bgiams ir vandeniui atspar\u016bs modeliai:<\/strong><\/h3>\n<ul>\n<li>Domina identi\u0161kas telefonas be projektoriaus? Rekomenduojame <strong><a href=\"https:\/\/resolute.lt\/index.php\/produktas\/ulefone-armor-34-5g-juodas\/\" target=\"_blank\" rel=\"noopener\">Ulefone Armor 34<\/a><\/strong>.<\/li>\n<li>Domina 10,5 mm plonumo auk\u0161\u010diausios klas\u0117s telefonas i\u0161 Doogee\u2122? Rekomenduojame\u00a0<strong><a href=\"https:\/\/resolute.lt\/index.php\/produktas\/doogee-blade-gt-ultra-5g-juodas\/\" target=\"_blank\" rel=\"noopener\">Doogee Blade GT Ultra<\/a><\/strong>.<\/li>\n<li>Domina auk\u0161tos klas\u0117s telefonas i\u0161 Ulefone\u2122 iki 400 \u20ac? Rekomenduojame\u00a0<strong><a href=\"https:\/\/resolute.lt\/index.php\/produktas\/ulefone-armor-27t-pro\/\" target=\"_blank\" rel=\"noopener\">Ulefone Armor 27T Pro<\/a><\/strong>.<\/li>\n<\/ul>\n<p>&nbsp;<\/p>\n<div id=\"row-1175821349\" class=\"row align-center\">\n<div id=\"col-130476939\" class=\"col medium-4 small-10 large-4\">\n<div class=\"col-inner\">\n<h1><strong>Komplektacija<\/strong><\/h1>\n<\/div>\n<\/div>\n<div id=\"col-1358541524\" class=\"col medium-8 small-10 large-8\">\n<div class=\"col-inner\">\n<ul>\n<li><b>1x <\/b>I\u0161manus telefonas<\/li>\n<li><b>1x <\/b>EU \u012fkroviklis (66 W)<\/li>\n<li><b>1x <\/b>USB-C laidas<\/li>\n<li><b>1x<\/b> Gr\u016bdinto stiklo ekrano apsauga<\/li>\n<li><strong>1x<\/strong> SIM \u012frankis<\/li>\n<li><b>1x<\/b> Naudojimosi instrukcijos<\/li>\n<\/ul>\n<\/div>\n<\/div>\n<\/div>\n<div id=\"row-214715003\" class=\"row align-center\">\n<div id=\"col-883847564\" class=\"col medium-4 small-10 large-4\">\n<div class=\"col-inner\">\n<h1><strong>Bendrieji parametrai<\/strong><\/h1>\n<\/div>\n<\/div>\n<div id=\"col-35252131\" class=\"col medium-8 small-10 large-8\">\n<div class=\"col-inner\">\n<ul>\n<li><strong>Tipas:<\/strong> Mobilieji telefonai<\/li>\n<li><strong>Spalva:<\/strong> Juoda<\/li>\n<li><strong>Palaikom\u0173 SIM korteli\u0173 kiekis:<\/strong> 2<\/li>\n<li><strong>Palaikom\u0173 SIM korteli\u0173 tipas:<\/strong> NanoSIM<\/li>\n<\/ul>\n<\/div>\n<\/div>\n<\/div>\n<div id=\"row-214715003\" class=\"row align-center\">\n<div id=\"col-883847564\" class=\"col medium-4 small-10 large-4\">\n<div class=\"col-inner\">\n<h1><strong>Matmenys ir svoris<\/strong><\/h1>\n<\/div>\n<\/div>\n<div id=\"col-35252131\" class=\"col medium-8 small-10 large-8\">\n<div class=\"col-inner\">\n<ul>\n<li><strong>Matmenys:<\/strong> 183,1 x 86,6 x 32,7 mm<\/li>\n<li><strong>Svoris:<\/strong> 825 g<\/li>\n<\/ul>\n<\/div>\n<\/div>\n<\/div>\n<div id=\"row-214715003\" class=\"row align-center\">\n<div id=\"col-883847564\" class=\"col medium-4 small-10 large-4\">\n<div class=\"col-inner\">\n<h1><strong>Operacin\u0117 sistema<\/strong><\/h1>\n<\/div>\n<\/div>\n<div id=\"col-35252131\" class=\"col medium-8 small-10 large-8\">\n<div class=\"col-inner\">\n<ul>\n<li><strong>Operacin\u0117 sistema:<\/strong> Android<\/li>\n<li><strong>Operacin\u0117s sistemos versija: <\/strong>15<\/li>\n<li><strong>Palaikomos kalbos:<\/strong> Lietuvi\u0173, angl\u0173, ispan\u0173, latvi\u0173, ukrainie\u010di\u0173, lenk\u0173, est\u0173, vokie\u010di\u0173, \u0161ved\u0173, \u010dek\u0173, pranc\u016bz\u0173, ital\u0173, rus\u0173 ir kt.<\/li>\n<\/ul>\n<\/div>\n<\/div>\n<\/div>\n<div id=\"row-214715003\" class=\"row align-center\">\n<div id=\"col-883847564\" class=\"col medium-4 small-10 large-4\">\n<div class=\"col-inner\">\n<h1><strong>Procesorius ir vaizdo plok\u0161t\u0117<\/strong><\/h1>\n<\/div>\n<\/div>\n<div id=\"col-35252131\" class=\"col medium-8 small-10 large-8\">\n<div class=\"col-inner\">\n<ul>\n<li><strong>Procesoriaus modelis: <\/strong>MediaTek\u2122 Dimensity 7300<\/li>\n<li><strong>Proceso technologija:<\/strong> 4 nm<\/li>\n<li><strong>Procesoriaus branduoliai:<\/strong> 8<\/li>\n<li><strong>Procesoriaus branduoli\u0173 da\u017eniai:<\/strong> 4x 2,5 GHz Cortex-A78 ir 4x 2,0 GHz Cortex-A55<\/li>\n<li><strong>Vaizdo plok\u0161t\u0117s modelis: <\/strong>ARM Mali-G615 MC2<\/li>\n<\/ul>\n<\/div>\n<\/div>\n<\/div>\n<div id=\"row-2111937453\" class=\"row align-center\">\n<div id=\"col-1355999373\" class=\"col medium-4 small-10 large-4\">\n<div class=\"col-inner\">\n<h1><strong>Atmintis<\/strong><\/h1>\n<\/div>\n<\/div>\n<div id=\"col-2062834539\" class=\"col medium-8 small-10 large-8\">\n<div class=\"col-inner\">\n<ul>\n<li><strong>Vidin\u0117 atminis: <\/strong>512 GB<\/li>\n<li><strong>Fizin\u0117 darbin\u0117 atmintis (RAM):<\/strong> 16 GB<\/li>\n<li><strong>Virtuali darbin\u0117 atmintis (RAM):<\/strong> 16 GB<\/li>\n<li><strong>Bendra darbin\u0117 atmintis (RAM):<\/strong> 32 GB<\/li>\n<li><strong>Darbin\u0117s atminties (RAM) da\u017enis: <\/strong>3,2 GHz<\/li>\n<li><strong>Atminties kortel\u0117s palaikymas: <\/strong>Taip, MicroSD<\/li>\n<li><strong>Atminties kortel\u0117s talpa:<\/strong> Iki 2 TB<\/li>\n<\/ul>\n<\/div>\n<\/div>\n<\/div>\n<div id=\"row-1271375553\" class=\"row align-center\">\n<div id=\"col-201046948\" class=\"col medium-4 small-10 large-4\">\n<div class=\"col-inner\">\n<h1><strong>Ekranas<\/strong><\/h1>\n<\/div>\n<\/div>\n<div id=\"col-35252131\" class=\"col medium-8 small-10 large-8\">\n<div class=\"col-inner\">\n<ul>\n<li><strong>Dydis:<\/strong> 6,95&#8243;<\/li>\n<li><strong>Rai\u0161ka:<\/strong> 2460 x 1080<\/li>\n<li><strong>PPI (pikseliai per col\u012f): <\/strong>387<\/li>\n<li><strong>Ry\u0161kumas:<\/strong> 600 nit\u0173<\/li>\n<li><strong>Atnaujinimo da\u017enis:<\/strong> 120 Hz<\/li>\n<li><strong>Tipas:<\/strong> IPS<\/li>\n<li><strong>Plotas prekyje:<\/strong> 72,57 %<\/li>\n<li><strong>I\u0161orinio stiklo tipas:<\/strong> Corning Gorilla Glass 5<\/li>\n<li><strong>Pir\u0161tini\u0173 re\u017eimas:<\/strong> Taip<\/li>\n<\/ul>\n<\/div>\n<\/div>\n<\/div>\n<div id=\"row-214715003\" class=\"row align-center\">\n<div id=\"col-883847564\" class=\"col medium-4 small-10 large-4\">\n<div class=\"col-inner\">\n<h1><strong>Lizdai ir sensoriai<\/strong><\/h1>\n<\/div>\n<\/div>\n<div id=\"col-35252131\" class=\"col medium-8 small-10 large-8\">\n<div class=\"col-inner\">\n<ul>\n<li><strong>USB lizdo tipas:<\/strong> USB-C<\/li>\n<li><strong>Ausini\u0173 lizdas (AUX): <\/strong>Ne<\/li>\n<li><strong>uSmart Expension Connector lizdas:<\/strong> Taip<\/li>\n<li><strong>Pir\u0161t\u0173 antspaud\u0173 sensorius:<\/strong> Taip<\/li>\n<li><strong>Pir\u0161to antspaud\u0173 sensoriaus tipas:<\/strong> \u0160oninis<\/li>\n<li><strong>Veido atpa\u017einimas:<\/strong> Taip<\/li>\n<\/ul>\n<\/div>\n<\/div>\n<\/div>\n<div id=\"row-214715003\" class=\"row align-center\">\n<div id=\"col-883847564\" class=\"col medium-4 small-10 large-4\">\n<div class=\"col-inner\">\n<h1><strong>Pagrindin\u0117 kamera<\/strong><\/h1>\n<\/div>\n<\/div>\n<div id=\"col-35252131\" class=\"col medium-8 small-10 large-8\">\n<div class=\"col-inner\">\n<ul>\n<li><strong>Sensori\u0173 kiekis: <\/strong>3<\/li>\n<li><strong>Pagrindinis sensorius:<\/strong> 50 MP <a href=\"https:\/\/www.ovt.com\/products\/ov50h\/\" target=\"_blank\" rel=\"noopener\">OmniVision\u2122 OV50H<\/a><\/li>\n<li><strong>Ultra-platus\/makro sensorius:<\/strong> 50 MP <a href=\"https:\/\/semiconductor.samsung.com\/image-sensor\/mobile-image-sensor\/isocell-jn1\/\" target=\"_blank\" rel=\"noopener\">Samsung\u2122 ISOCELL JN1<\/a><\/li>\n<li><strong>Naktinio matymo sensorius:<\/strong> 64 MP <a href=\"https:\/\/www.ovt.com\/products\/ov64b\/\" target=\"_blank\" rel=\"noopener\">OmniVision\u2122 OV64B1B<\/a><\/li>\n<li><strong>Filmavimas:<\/strong> 1440p@30fps, 1080p@30fps<\/li>\n<li><strong>Blykst\u0117s tipas:<\/strong> LED, 4 diod\u0173<\/li>\n<\/ul>\n<\/div>\n<\/div>\n<\/div>\n<div id=\"row-214715003\" class=\"row align-center\">\n<div id=\"col-883847564\" class=\"col medium-4 small-10 large-4\">\n<div class=\"col-inner\">\n<h1><strong>Priekin\u0117 kamera<\/strong><\/h1>\n<\/div>\n<\/div>\n<div id=\"col-35252131\" class=\"col medium-8 small-10 large-8\">\n<div class=\"col-inner\">\n<ul>\n<li><strong>Sensorius: <\/strong>32\u00a0MP Samsung\u2122 S5KGD2<\/li>\n<li><strong>Filmavimas: <\/strong>1080p@30fps<\/li>\n<\/ul>\n<\/div>\n<\/div>\n<\/div>\n<div id=\"row-214715003\" class=\"row align-center\">\n<div id=\"col-883847564\" class=\"col medium-4 small-10 large-4\">\n<div class=\"col-inner\">\n<h1><strong>Internetas ir komunikacija<\/strong><\/h1>\n<\/div>\n<\/div>\n<div id=\"col-35252131\" class=\"col medium-8 small-10 large-8\">\n<div class=\"col-inner\">\n<ul>\n<li><strong>WiFi s\u0105saja: <\/strong>Taip<\/li>\n<li><strong>3G ry\u0161ys: <\/strong>Taip<\/li>\n<li><strong>4G ry\u0161ys: <\/strong>Taip<\/li>\n<li><strong>5G ry\u0161ys:<\/strong> Taip<\/li>\n<li><strong>Bluetooth s\u0105saja: <\/strong>Taip<\/li>\n<li><strong>Bluetooth versija: <\/strong>5.4<\/li>\n<li><strong>NFC s\u0105saja: <\/strong>Taip<\/li>\n<li><strong>FM radijas: <\/strong>Taip<\/li>\n<li><strong>GPS s\u0105saja: <\/strong>Taip<\/li>\n<li><strong>GPS sistemos:<\/strong> GPS, A-GPS, GLONASS, BeiDou, Galileo<\/li>\n<\/ul>\n<\/div>\n<\/div>\n<\/div>\n<div id=\"row-214715003\" class=\"row align-center\">\n<div id=\"col-883847564\" class=\"col medium-4 small-10 large-4\">\n<div class=\"col-inner\">\n<h1><strong>Baterija<\/strong><\/h1>\n<\/div>\n<\/div>\n<div id=\"col-35252131\" class=\"col medium-8 small-10 large-8\">\n<div class=\"col-inner\">\n<ul>\n<li><strong>Talpa: <\/strong>25500 mAh<\/li>\n<li><strong>Greitasis laidinis \u012fkrovimas: <\/strong>Taip, 66 W<\/li>\n<li><strong>Atvirk\u0161tinis laidinis \u012fkrovimas:<\/strong> Taip, 10 W<\/li>\n<li><strong>B\u016bd\u0117jimo laikas:<\/strong> 1380 val.<\/li>\n<li><strong>Skambu\u010di\u0173 laikas<\/strong>: 138 val.<\/li>\n<li><strong>Video laikas<\/strong>: 33 val.<\/li>\n<\/ul>\n<\/div>\n<\/div>\n<\/div>\n<div id=\"row-214715003\" class=\"row align-center\">\n<div id=\"col-883847564\" class=\"col medium-4 small-10 large-4\">\n<div class=\"col-inner\">\n<h1><strong>Papildomi duomenys<\/strong><\/h1>\n<\/div>\n<\/div>\n<div id=\"col-35252131\" class=\"col medium-8 small-10 large-8\">\n<div class=\"col-inner\">\n<ul>\n<li>I\u0161leidimo laikas: 2025 m. bir\u017eelis<\/li>\n<li>Gamybos laikas: 2026 m. II ketvirtis<\/li>\n<li>IP68\/IP69K standartas (atsparumas vandeniui ir dulk\u0117ms)<\/li>\n<li>MIL-STD-810H standartas<\/li>\n<li>Dviguba 2 W 1300 RPM au\u0161inimo sistema<\/li>\n<li>98 dB garsiakalbis<\/li>\n<li>1100 lm pro\u017eektorius<\/li>\n<li>DLP projektorius<\/li>\n<\/ul>\n<\/div>\n<\/div>\n<\/div>\n<p>&nbsp;<\/p>\n","protected":false},"excerpt":{"rendered":"<p>Ulefone Armor 34 Pro\u00a0\u2013 auk\u0161\u010diausios klas\u0117s vandeniui ir sm\u016bgiams atsparus 5G ry\u0161io telefonas su rekordin\u0117s 25500 mAh talpos baterija, profesionalams skirta kamer\u0173 sistema (50 MP OmniVision\u2122 OV50H kamera, 50 MP Samsung\u2122 JN1 ultra-pla\u010dia\/makro kamera ir 64 MP naktinio matymo kamera), galingu 1100 lm pro\u017eektoriumi, ypatingu DLP projektoriumi, 512 GB vidine ir 16 GB RAM atmintimi, [&#8230;]\n","protected":false},"featured_media":6179,"template":"","meta":[],"product_brand":[],"product_cat":[45,22],"product_tag":[],"class_list":{"0":"post-6178","1":"product","2":"type-product","3":"status-publish","4":"has-post-thumbnail","6":"product_cat-4-6-d-d-pristatymo-prekes","7":"product_cat-ulefone-telefonai","9":"first","10":"instock","11":"sale","12":"shipping-taxable","13":"purchasable","14":"product-type-simple"},"yoast_head":"<!-- This site is optimized with the Yoast SEO plugin v27.4 - https:\/\/yoast.com\/product\/yoast-seo-wordpress\/ -->\n<title>Ulefone Armor 34 Pro - 5G, 512GB\/16GB, Juodas - Resolute.lt<\/title>\n<meta name=\"description\" content=\"Ulefone Armor 34 Pro\u00a0\u2013 auk\u0161\u010diausios klas\u0117s vandeniui ir sm\u016bgiams atsparus 5G telefonas su 25500 mAh talpos baterija ir profesionalams skirta kamer\u0173 sistema.\" \/>\n<meta name=\"robots\" content=\"index, follow, max-snippet:-1, max-image-preview:large, max-video-preview:-1\" \/>\n<link rel=\"canonical\" href=\"https:\/\/resolute.lt\/index.php\/produktas\/ulefone-armor-34-pro-5g-juodas\/\" \/>\n<meta property=\"og:locale\" content=\"lt_LT\" \/>\n<meta property=\"og:type\" content=\"article\" \/>\n<meta property=\"og:title\" content=\"Ulefone Armor 34 Pro - 5G, 512GB\/16GB, Juodas - Resolute.lt\" \/>\n<meta property=\"og:description\" content=\"Ulefone Armor 34 Pro\u00a0\u2013 auk\u0161\u010diausios klas\u0117s vandeniui ir sm\u016bgiams atsparus 5G telefonas su 25500 mAh talpos baterija ir profesionalams skirta kamer\u0173 sistema.\" \/>\n<meta property=\"og:url\" content=\"https:\/\/resolute.lt\/index.php\/produktas\/ulefone-armor-34-pro-5g-juodas\/\" \/>\n<meta property=\"og:site_name\" content=\"Resolute.lt\" \/>\n<meta property=\"article:modified_time\" content=\"2026-04-10T09:16:56+00:00\" \/>\n<meta property=\"og:image\" content=\"https:\/\/resolute.lt\/wp-content\/uploads\/2025\/06\/1.-Ulefone-Armor-34-Pro-5G-Smugiams-vandeniui-atsparus-telefonas-Waterproof-Rugged-Phone-Triecienizturigs-un-udensnecaurlaidigs-talrunis-Telefono-resistente-al-agua-y-a-los-golpes-Resolute.lt_.jpeg\" \/>\n\t<meta property=\"og:image:width\" content=\"1200\" \/>\n\t<meta property=\"og:image:height\" content=\"1200\" \/>\n\t<meta property=\"og:image:type\" content=\"image\/jpeg\" \/>\n<meta name=\"twitter:card\" content=\"summary_large_image\" \/>\n<meta name=\"twitter:label1\" content=\"Est. reading time\" \/>\n\t<meta name=\"twitter:data1\" content=\"4 minut\u0117s\" \/>\n<script type=\"application\/ld+json\" class=\"yoast-schema-graph\">{\"@context\":\"https:\\\/\\\/schema.org\",\"@graph\":[{\"@type\":\"WebPage\",\"@id\":\"https:\\\/\\\/resolute.lt\\\/index.php\\\/produktas\\\/ulefone-armor-34-pro-5g-juodas\\\/\",\"url\":\"https:\\\/\\\/resolute.lt\\\/index.php\\\/produktas\\\/ulefone-armor-34-pro-5g-juodas\\\/\",\"name\":\"Ulefone Armor 34 Pro - 5G, 512GB\\\/16GB, Juodas - Resolute.lt\",\"isPartOf\":{\"@id\":\"https:\\\/\\\/resolute.lt\\\/#website\"},\"primaryImageOfPage\":{\"@id\":\"https:\\\/\\\/resolute.lt\\\/index.php\\\/produktas\\\/ulefone-armor-34-pro-5g-juodas\\\/#primaryimage\"},\"image\":{\"@id\":\"https:\\\/\\\/resolute.lt\\\/index.php\\\/produktas\\\/ulefone-armor-34-pro-5g-juodas\\\/#primaryimage\"},\"thumbnailUrl\":\"https:\\\/\\\/resolute.lt\\\/wp-content\\\/uploads\\\/2025\\\/06\\\/1.-Ulefone-Armor-34-Pro-5G-Smugiams-vandeniui-atsparus-telefonas-Waterproof-Rugged-Phone-Triecienizturigs-un-udensnecaurlaidigs-talrunis-Telefono-resistente-al-agua-y-a-los-golpes-Resolute.lt_.jpeg\",\"datePublished\":\"2025-06-01T06:01:08+00:00\",\"dateModified\":\"2026-04-10T09:16:56+00:00\",\"description\":\"Ulefone Armor 34 Pro\u00a0\u2013 auk\u0161\u010diausios klas\u0117s vandeniui ir sm\u016bgiams atsparus 5G telefonas su 25500 mAh talpos baterija ir profesionalams skirta kamer\u0173 sistema.\",\"breadcrumb\":{\"@id\":\"https:\\\/\\\/resolute.lt\\\/index.php\\\/produktas\\\/ulefone-armor-34-pro-5g-juodas\\\/#breadcrumb\"},\"inLanguage\":\"lt-LT\",\"potentialAction\":[{\"@type\":\"ReadAction\",\"target\":[\"https:\\\/\\\/resolute.lt\\\/index.php\\\/produktas\\\/ulefone-armor-34-pro-5g-juodas\\\/\"]}]},{\"@type\":\"ImageObject\",\"inLanguage\":\"lt-LT\",\"@id\":\"https:\\\/\\\/resolute.lt\\\/index.php\\\/produktas\\\/ulefone-armor-34-pro-5g-juodas\\\/#primaryimage\",\"url\":\"https:\\\/\\\/resolute.lt\\\/wp-content\\\/uploads\\\/2025\\\/06\\\/1.-Ulefone-Armor-34-Pro-5G-Smugiams-vandeniui-atsparus-telefonas-Waterproof-Rugged-Phone-Triecienizturigs-un-udensnecaurlaidigs-talrunis-Telefono-resistente-al-agua-y-a-los-golpes-Resolute.lt_.jpeg\",\"contentUrl\":\"https:\\\/\\\/resolute.lt\\\/wp-content\\\/uploads\\\/2025\\\/06\\\/1.-Ulefone-Armor-34-Pro-5G-Smugiams-vandeniui-atsparus-telefonas-Waterproof-Rugged-Phone-Triecienizturigs-un-udensnecaurlaidigs-talrunis-Telefono-resistente-al-agua-y-a-los-golpes-Resolute.lt_.jpeg\",\"width\":1200,\"height\":1200},{\"@type\":\"BreadcrumbList\",\"@id\":\"https:\\\/\\\/resolute.lt\\\/index.php\\\/produktas\\\/ulefone-armor-34-pro-5g-juodas\\\/#breadcrumb\",\"itemListElement\":[{\"@type\":\"ListItem\",\"position\":1,\"name\":\"Home\",\"item\":\"https:\\\/\\\/resolute.lt\\\/\"},{\"@type\":\"ListItem\",\"position\":2,\"name\":\"Resolute.lt\",\"item\":\"https:\\\/\\\/resolute.lt\\\/\"},{\"@type\":\"ListItem\",\"position\":3,\"name\":\"Ulefone Armor 34 Pro &#8211; 5G, 512GB\\\/16GB, Juodas\"}]},{\"@type\":\"WebSite\",\"@id\":\"https:\\\/\\\/resolute.lt\\\/#website\",\"url\":\"https:\\\/\\\/resolute.lt\\\/\",\"name\":\"Resolute.lt\",\"description\":\"Sm\u016bgiams ir vandeniui telefonai\",\"potentialAction\":[{\"@type\":\"SearchAction\",\"target\":{\"@type\":\"EntryPoint\",\"urlTemplate\":\"https:\\\/\\\/resolute.lt\\\/?s={search_term_string}\"},\"query-input\":{\"@type\":\"PropertyValueSpecification\",\"valueRequired\":true,\"valueName\":\"search_term_string\"}}],\"inLanguage\":\"lt-LT\"}]}<\/script>\n<!-- \/ Yoast SEO plugin. -->","yoast_head_json":{"title":"Ulefone Armor 34 Pro - 5G, 512GB\/16GB, Juodas - Resolute.lt","description":"Ulefone Armor 34 Pro\u00a0\u2013 auk\u0161\u010diausios klas\u0117s vandeniui ir sm\u016bgiams atsparus 5G telefonas su 25500 mAh talpos baterija ir profesionalams skirta kamer\u0173 sistema.","robots":{"index":"index","follow":"follow","max-snippet":"max-snippet:-1","max-image-preview":"max-image-preview:large","max-video-preview":"max-video-preview:-1"},"canonical":"https:\/\/resolute.lt\/index.php\/produktas\/ulefone-armor-34-pro-5g-juodas\/","og_locale":"lt_LT","og_type":"article","og_title":"Ulefone Armor 34 Pro - 5G, 512GB\/16GB, Juodas - Resolute.lt","og_description":"Ulefone Armor 34 Pro\u00a0\u2013 auk\u0161\u010diausios klas\u0117s vandeniui ir sm\u016bgiams atsparus 5G telefonas su 25500 mAh talpos baterija ir profesionalams skirta kamer\u0173 sistema.","og_url":"https:\/\/resolute.lt\/index.php\/produktas\/ulefone-armor-34-pro-5g-juodas\/","og_site_name":"Resolute.lt","article_modified_time":"2026-04-10T09:16:56+00:00","og_image":[{"width":1200,"height":1200,"url":"https:\/\/resolute.lt\/wp-content\/uploads\/2025\/06\/1.-Ulefone-Armor-34-Pro-5G-Smugiams-vandeniui-atsparus-telefonas-Waterproof-Rugged-Phone-Triecienizturigs-un-udensnecaurlaidigs-talrunis-Telefono-resistente-al-agua-y-a-los-golpes-Resolute.lt_.jpeg","type":"image\/jpeg"}],"twitter_card":"summary_large_image","twitter_misc":{"Est. reading time":"4 minut\u0117s"},"schema":{"@context":"https:\/\/schema.org","@graph":[{"@type":"WebPage","@id":"https:\/\/resolute.lt\/index.php\/produktas\/ulefone-armor-34-pro-5g-juodas\/","url":"https:\/\/resolute.lt\/index.php\/produktas\/ulefone-armor-34-pro-5g-juodas\/","name":"Ulefone Armor 34 Pro - 5G, 512GB\/16GB, Juodas - Resolute.lt","isPartOf":{"@id":"https:\/\/resolute.lt\/#website"},"primaryImageOfPage":{"@id":"https:\/\/resolute.lt\/index.php\/produktas\/ulefone-armor-34-pro-5g-juodas\/#primaryimage"},"image":{"@id":"https:\/\/resolute.lt\/index.php\/produktas\/ulefone-armor-34-pro-5g-juodas\/#primaryimage"},"thumbnailUrl":"https:\/\/resolute.lt\/wp-content\/uploads\/2025\/06\/1.-Ulefone-Armor-34-Pro-5G-Smugiams-vandeniui-atsparus-telefonas-Waterproof-Rugged-Phone-Triecienizturigs-un-udensnecaurlaidigs-talrunis-Telefono-resistente-al-agua-y-a-los-golpes-Resolute.lt_.jpeg","datePublished":"2025-06-01T06:01:08+00:00","dateModified":"2026-04-10T09:16:56+00:00","description":"Ulefone Armor 34 Pro\u00a0\u2013 auk\u0161\u010diausios klas\u0117s vandeniui ir sm\u016bgiams atsparus 5G telefonas su 25500 mAh talpos baterija ir profesionalams skirta kamer\u0173 sistema.","breadcrumb":{"@id":"https:\/\/resolute.lt\/index.php\/produktas\/ulefone-armor-34-pro-5g-juodas\/#breadcrumb"},"inLanguage":"lt-LT","potentialAction":[{"@type":"ReadAction","target":["https:\/\/resolute.lt\/index.php\/produktas\/ulefone-armor-34-pro-5g-juodas\/"]}]},{"@type":"ImageObject","inLanguage":"lt-LT","@id":"https:\/\/resolute.lt\/index.php\/produktas\/ulefone-armor-34-pro-5g-juodas\/#primaryimage","url":"https:\/\/resolute.lt\/wp-content\/uploads\/2025\/06\/1.-Ulefone-Armor-34-Pro-5G-Smugiams-vandeniui-atsparus-telefonas-Waterproof-Rugged-Phone-Triecienizturigs-un-udensnecaurlaidigs-talrunis-Telefono-resistente-al-agua-y-a-los-golpes-Resolute.lt_.jpeg","contentUrl":"https:\/\/resolute.lt\/wp-content\/uploads\/2025\/06\/1.-Ulefone-Armor-34-Pro-5G-Smugiams-vandeniui-atsparus-telefonas-Waterproof-Rugged-Phone-Triecienizturigs-un-udensnecaurlaidigs-talrunis-Telefono-resistente-al-agua-y-a-los-golpes-Resolute.lt_.jpeg","width":1200,"height":1200},{"@type":"BreadcrumbList","@id":"https:\/\/resolute.lt\/index.php\/produktas\/ulefone-armor-34-pro-5g-juodas\/#breadcrumb","itemListElement":[{"@type":"ListItem","position":1,"name":"Home","item":"https:\/\/resolute.lt\/"},{"@type":"ListItem","position":2,"name":"Resolute.lt","item":"https:\/\/resolute.lt\/"},{"@type":"ListItem","position":3,"name":"Ulefone Armor 34 Pro &#8211; 5G, 512GB\/16GB, Juodas"}]},{"@type":"WebSite","@id":"https:\/\/resolute.lt\/#website","url":"https:\/\/resolute.lt\/","name":"Resolute.lt","description":"Sm\u016bgiams ir vandeniui telefonai","potentialAction":[{"@type":"SearchAction","target":{"@type":"EntryPoint","urlTemplate":"https:\/\/resolute.lt\/?s={search_term_string}"},"query-input":{"@type":"PropertyValueSpecification","valueRequired":true,"valueName":"search_term_string"}}],"inLanguage":"lt-LT"}]}},"_links":{"self":[{"href":"https:\/\/resolute.lt\/index.php\/wp-json\/wp\/v2\/product\/6178","targetHints":{"allow":["GET"]}}],"collection":[{"href":"https:\/\/resolute.lt\/index.php\/wp-json\/wp\/v2\/product"}],"about":[{"href":"https:\/\/resolute.lt\/index.php\/wp-json\/wp\/v2\/types\/product"}],"wp:featuredmedia":[{"embeddable":true,"href":"https:\/\/resolute.lt\/index.php\/wp-json\/wp\/v2\/media\/6179"}],"wp:attachment":[{"href":"https:\/\/resolute.lt\/index.php\/wp-json\/wp\/v2\/media?parent=6178"}],"wp:term":[{"taxonomy":"product_brand","embeddable":true,"href":"https:\/\/resolute.lt\/index.php\/wp-json\/wp\/v2\/product_brand?post=6178"},{"taxonomy":"product_cat","embeddable":true,"href":"https:\/\/resolute.lt\/index.php\/wp-json\/wp\/v2\/product_cat?post=6178"},{"taxonomy":"product_tag","embeddable":true,"href":"https:\/\/resolute.lt\/index.php\/wp-json\/wp\/v2\/product_tag?post=6178"}],"curies":[{"name":"wp","href":"https:\/\/api.w.org\/{rel}","templated":true}]}}