{"id":616,"date":"2020-09-04T12:17:50","date_gmt":"2020-09-04T12:17:50","guid":{"rendered":"https:\/\/resolute.lt\/?post_type=product&#038;p=616"},"modified":"2025-02-17T20:44:22","modified_gmt":"2025-02-17T20:44:22","slug":"oukitel-wp5-juodas","status":"publish","type":"product","link":"https:\/\/resolute.lt\/index.php\/produktas\/oukitel-wp5-juodas\/","title":{"rendered":"Oukitel WP5 &#8211; 32\/4GB, Juodas"},"content":{"rendered":"<div id=\"adDescription\">\n<p><strong>Oukitel WP5\u00a0 <\/strong>\u2013 \u012fperkamiausias sustiprinto korpuso telefonas su IP68 sertifikatu ir 4G ry\u0161iu. Telefono korpusas yra ypa\u010d tvirtas ir atsparus sm\u016bgiams. Nepaisant auk\u0161to patvarumo lygio, \u012frenginys stebina savo masyvios talpos (8000 mAh) akumuliatoriumi, HD+ rai\u0161kos IPS LCD ekranu, 32GB vidine atmintimi, 4GB RAM bei Android 10 operacine sistema su lietuvi\u0173 kalba. Juodos spalvos korpusas su raudonais akcentais.<\/p>\n<p><strong><a href=\"https:\/\/www.resolute.lt\/\">RESOLUTE.LT EL. PARDUOTUV\u0116:<\/a><\/strong><strong><br \/>\n<\/strong>\u2013 Standartinis pristatymas.<br \/>\n\u2013 Apmok\u0117jimas Google Pay, banko kortele, el. bankininkyste, Paysera ar Paypal).<\/p>\n<p><b>KOMPLEKTACIJA:<\/b><i><b><br \/>\n<\/b><\/i>1 x i\u0161manus \u012frenginys<br \/>\n1 x \u012fkroviklis<br \/>\n1 x USB Type-C laidas<br \/>\n1 x USB Type-C \u2013 USB adapteris<br \/>\n1 x adat\u0117l\u0117 SIM lizdui<br \/>\n1 x naudojimosi instrukcijos<\/p>\n<\/div>\n<p><b>PARAMETRAI:\u00a0<\/b><br \/>\nA\u0161tuoni\u0173 branduoli\u0173 MediaTek Helio P22 MT6762D (4x 1,8 GHz ARM Cortex-53 ir 4x 1,5 GHz ARM Cortex-A53) procesorius<br \/>\nIMG PowerVR GE8320 vaizdo plok\u0161t\u0117, 600 MHz<br \/>\nAndroid 10 operacin\u0117 sistema<br \/>\nPlay Store aplikacij\u0173 parduotuv\u0117<br \/>\nLietuvi\u0173, lenk\u0173, rus\u0173, angl\u0173 ir kt. kalbos<br \/>\n32GB vidin\u0117 atmintis<br \/>\nMicroSD atminties kortel\u0117s palaikymas<br \/>\n4GB darbin\u0117 atmintis (RAM)<br \/>\nHD+ 1440 x 720 rai\u0161kos 5,5\u2033 IPS LCD ekranas, Corning Gorilla Glass 5<br \/>\nTriguba 13 MP, f\/2 + 2 MP + 2 MP pagrindin\u0117 kamera su dviguba LED blykste, autofokusavimu, 1080p@30fps filmavimas (Sony IMX214 Exmor RS sensorius)<br \/>\n5 MP, f\/2 priekin\u0117 kamera su Face Unlock (atrakinimo veidu) funkcija, 720p@30fps filmavimas<br \/>\nMasyvios talpos (8000 mAh) baterija<br \/>\nDviej\u0173 Nano-SIM korteli\u0173 palaikymas<br \/>\nWiFi, Bluetooth 5.0, NFC, FM radijo, GPS, Edge, 3G (HSPA+), 4G-LTE ry\u0161iai<br \/>\nUSB Type-C greitos \u012fkrovos ir duomen\u0173 perk\u0117limo lizdas<br \/>\nIP68 sertifikatas (atsparumas vandeniui ir dulk\u0117ms)<br \/>\nGalinis pir\u0161t\u0173 antspaud\u0173 sensorius<br \/>\nI\u0161matavimai: 174 x 81 x 17 mm<br \/>\nSvoris: 234 g<br \/>\nGamybos metai: 2024<\/p>\n<p><img decoding=\"async\" class=\"bg_lazy\" title=\"OUKITEL WP5 Pro Global Version 5.5 inch IP68\/IP69K Waterproof 8000mAh Android 10 13MP Triple Rear Camera 4GB 64GB MT6762D 4G Smartphone\" src=\"https:\/\/imgaz.staticbg.com\/images\/oaupload\/banggood\/images\/9E\/7A\/94e981aa-78b4-4056-84e9-2a8c357164cf.jpg.webp\" data-original=\"https:\/\/imgaz.staticbg.com\/images\/oaupload\/banggood\/images\/9E\/7A\/94e981aa-78b4-4056-84e9-2a8c357164cf.jpg\" \/><br \/>\n<img decoding=\"async\" class=\"bg_lazy\" title=\"OUKITEL WP5 Pro Global Version 5.5 inch IP68\/IP69K Waterproof 8000mAh Android 10 13MP Triple Rear Camera 4GB 64GB MT6762D 4G Smartphone\" src=\"https:\/\/imgaz.staticbg.com\/images\/oaupload\/banggood\/images\/41\/5B\/25600c01-de3c-4774-90f3-67f0caf386a0.jpg.webp\" data-original=\"https:\/\/imgaz.staticbg.com\/images\/oaupload\/banggood\/images\/41\/5B\/25600c01-de3c-4774-90f3-67f0caf386a0.jpg\" \/><br \/>\n<img decoding=\"async\" class=\"bg_lazy\" title=\"OUKITEL WP5 Pro Global Version 5.5 inch IP68\/IP69K Waterproof 8000mAh Android 10 13MP Triple Rear Camera 4GB 64GB MT6762D 4G Smartphone\" src=\"https:\/\/imgaz.staticbg.com\/images\/oaupload\/banggood\/images\/F8\/15\/78e1d9f2-d656-4658-8ce4-bd0209bc5525.jpg.webp\" data-original=\"https:\/\/imgaz.staticbg.com\/images\/oaupload\/banggood\/images\/F8\/15\/78e1d9f2-d656-4658-8ce4-bd0209bc5525.jpg\" \/><br \/>\n<img decoding=\"async\" class=\"bg_lazy\" title=\"OUKITEL WP5 Pro Global Version 5.5 inch IP68\/IP69K Waterproof 8000mAh Android 10 13MP Triple Rear Camera 4GB 64GB MT6762D 4G Smartphone\" src=\"https:\/\/imgaz.staticbg.com\/images\/oaupload\/banggood\/images\/D3\/07\/17bab03d-149b-4b8d-b0a2-fa2b4b3bd635.jpg.webp\" data-original=\"https:\/\/imgaz.staticbg.com\/images\/oaupload\/banggood\/images\/D3\/07\/17bab03d-149b-4b8d-b0a2-fa2b4b3bd635.jpg\" \/><br \/>\n<img decoding=\"async\" class=\"bg_lazy\" title=\"OUKITEL WP5 Pro Global Version 5.5 inch IP68\/IP69K Waterproof 8000mAh Android 10 13MP Triple Rear Camera 4GB 64GB MT6762D 4G Smartphone\" src=\"https:\/\/imgaz.staticbg.com\/images\/oaupload\/banggood\/images\/6A\/FB\/e3e92a6f-2ef4-4913-8ba7-151cb1a3df47.jpg.webp\" data-original=\"https:\/\/imgaz.staticbg.com\/images\/oaupload\/banggood\/images\/6A\/FB\/e3e92a6f-2ef4-4913-8ba7-151cb1a3df47.jpg\" \/><br \/>\n<img decoding=\"async\" class=\"bg_lazy\" title=\"OUKITEL WP5 Pro Global Version 5.5 inch IP68\/IP69K Waterproof 8000mAh Android 10 13MP Triple Rear Camera 4GB 64GB MT6762D 4G Smartphone\" src=\"https:\/\/imgaz.staticbg.com\/images\/oaupload\/banggood\/images\/29\/B7\/74e90c88-73e8-4061-99f3-51c7c9410248.jpg.webp\" data-original=\"https:\/\/imgaz.staticbg.com\/images\/oaupload\/banggood\/images\/29\/B7\/74e90c88-73e8-4061-99f3-51c7c9410248.jpg\" \/><br \/>\n<img decoding=\"async\" class=\"bg_lazy\" title=\"OUKITEL WP5 Pro Global Version 5.5 inch IP68\/IP69K Waterproof 8000mAh Android 10 13MP Triple Rear Camera 4GB 64GB MT6762D 4G Smartphone\" src=\"https:\/\/imgaz.staticbg.com\/images\/oaupload\/banggood\/images\/13\/B0\/eb69015a-c125-44c8-b0d0-5626b2bd7f92.jpg.webp\" data-original=\"https:\/\/imgaz.staticbg.com\/images\/oaupload\/banggood\/images\/13\/B0\/eb69015a-c125-44c8-b0d0-5626b2bd7f92.jpg\" \/><br \/>\n<img decoding=\"async\" class=\"bg_lazy\" title=\"OUKITEL WP5 Pro Global Version 5.5 inch IP68\/IP69K Waterproof 8000mAh Android 10 13MP Triple Rear Camera 4GB 64GB MT6762D 4G Smartphone\" src=\"https:\/\/imgaz.staticbg.com\/images\/oaupload\/banggood\/images\/76\/F4\/8ea981d1-0265-4f53-b1d6-39a3781c5b1e.jpg.webp\" data-original=\"https:\/\/imgaz.staticbg.com\/images\/oaupload\/banggood\/images\/76\/F4\/8ea981d1-0265-4f53-b1d6-39a3781c5b1e.jpg\" \/><br \/>\n<img decoding=\"async\" class=\"bg_lazy\" title=\"OUKITEL WP5 Pro Global Version 5.5 inch IP68\/IP69K Waterproof 8000mAh Android 10 13MP Triple Rear Camera 4GB 64GB MT6762D 4G Smartphone\" src=\"https:\/\/imgaz.staticbg.com\/images\/oaupload\/banggood\/images\/98\/60\/8ffd5b8f-02a3-4148-9a46-8525d54d1be4.jpg.webp\" data-original=\"https:\/\/imgaz.staticbg.com\/images\/oaupload\/banggood\/images\/98\/60\/8ffd5b8f-02a3-4148-9a46-8525d54d1be4.jpg\" \/><br \/>\n<img decoding=\"async\" class=\"bg_lazy\" title=\"OUKITEL WP5 Pro Global Version 5.5 inch IP68\/IP69K Waterproof 8000mAh Android 10 13MP Triple Rear Camera 4GB 64GB MT6762D 4G Smartphone\" src=\"https:\/\/imgaz.staticbg.com\/images\/oaupload\/banggood\/images\/53\/7B\/f86d37b3-106d-45ff-a2cb-4216c6841645.jpg.webp\" data-original=\"https:\/\/imgaz.staticbg.com\/images\/oaupload\/banggood\/images\/53\/7B\/f86d37b3-106d-45ff-a2cb-4216c6841645.jpg\" \/><br \/>\n<img decoding=\"async\" class=\"bg_lazy\" title=\"OUKITEL WP5 Pro Global Version 5.5 inch IP68\/IP69K Waterproof 8000mAh Android 10 13MP Triple Rear Camera 4GB 64GB MT6762D 4G Smartphone\" src=\"https:\/\/imgaz.staticbg.com\/images\/oaupload\/banggood\/images\/C2\/01\/9f7fe1df-aa3c-4779-8ed2-e7a2da3f4ea1.jpg.webp\" data-original=\"https:\/\/imgaz.staticbg.com\/images\/oaupload\/banggood\/images\/C2\/01\/9f7fe1df-aa3c-4779-8ed2-e7a2da3f4ea1.jpg\" \/><br \/>\n<img decoding=\"async\" class=\"bg_lazy\" title=\"OUKITEL WP5 Pro Global Version 5.5 inch IP68\/IP69K Waterproof 8000mAh Android 10 13MP Triple Rear Camera 4GB 64GB MT6762D 4G Smartphone\" src=\"https:\/\/imgaz.staticbg.com\/images\/oaupload\/banggood\/images\/2A\/9F\/c83167fe-dee7-4ded-b4eb-1aec3988423d.jpg.webp\" data-original=\"https:\/\/imgaz.staticbg.com\/images\/oaupload\/banggood\/images\/2A\/9F\/c83167fe-dee7-4ded-b4eb-1aec3988423d.jpg\" \/><br \/>\n<img decoding=\"async\" class=\"bg_lazy\" title=\"OUKITEL WP5 Pro Global Version 5.5 inch IP68\/IP69K Waterproof 8000mAh Android 10 13MP Triple Rear Camera 4GB 64GB MT6762D 4G Smartphone\" src=\"https:\/\/imgaz.staticbg.com\/images\/oaupload\/banggood\/images\/D3\/8D\/54358db6-c43e-47b5-8ced-2cbb73d8b40c.jpg.webp\" data-original=\"https:\/\/imgaz.staticbg.com\/images\/oaupload\/banggood\/images\/D3\/8D\/54358db6-c43e-47b5-8ced-2cbb73d8b40c.jpg\" \/><br \/>\n<img decoding=\"async\" class=\"bg_lazy\" title=\"OUKITEL WP5 Pro Global Version 5.5 inch IP68\/IP69K Waterproof 8000mAh Android 10 13MP Triple Rear Camera 4GB 64GB MT6762D 4G Smartphone\" src=\"https:\/\/imgaz.staticbg.com\/images\/oaupload\/banggood\/images\/58\/53\/6096b3c6-b53c-495d-b85c-6e8122b1a0db.jpg.webp\" data-original=\"https:\/\/imgaz.staticbg.com\/images\/oaupload\/banggood\/images\/58\/53\/6096b3c6-b53c-495d-b85c-6e8122b1a0db.jpg\" \/><br \/>\n<img decoding=\"async\" class=\"bg_lazy\" title=\"OUKITEL WP5 Pro Global Version 5.5 inch IP68\/IP69K Waterproof 8000mAh Android 10 13MP Triple Rear Camera 4GB 64GB MT6762D 4G Smartphone\" src=\"https:\/\/imgaz.staticbg.com\/images\/oaupload\/banggood\/images\/65\/55\/4c235f54-a066-40e2-abf1-379c6d6c76c2.jpg.webp\" data-original=\"https:\/\/imgaz.staticbg.com\/images\/oaupload\/banggood\/images\/65\/55\/4c235f54-a066-40e2-abf1-379c6d6c76c2.jpg\" \/><\/p>\n","protected":false},"excerpt":{"rendered":"<p>Oukitel WP5\u00a0 \u2013 \u012fperkamiausias sustiprinto korpuso telefonas su IP68 sertifikatu ir 4G ry\u0161iu. Telefono korpusas yra ypa\u010d tvirtas ir atsparus sm\u016bgiams. Nepaisant auk\u0161to patvarumo lygio, \u012frenginys stebina savo masyvios talpos (8000 mAh) akumuliatoriumi, HD+ rai\u0161kos IPS LCD ekranu, 32GB vidine atmintimi, 4GB RAM bei Android 10 operacine sistema su lietuvi\u0173 kalba. Juodos spalvos korpusas su [&#8230;]\n","protected":false},"featured_media":618,"template":"","meta":[],"product_brand":[],"product_cat":[18],"product_tag":[],"class_list":{"0":"post-616","1":"product","2":"type-product","3":"status-publish","4":"has-post-thumbnail","6":"product_cat-oukitel-telefonai","8":"first","9":"instock","10":"sale","11":"shipping-taxable","12":"purchasable","13":"product-type-simple"},"yoast_head":"<!-- This site is optimized with the Yoast SEO plugin v27.4 - https:\/\/yoast.com\/product\/yoast-seo-wordpress\/ -->\n<title>Oukitel WP5 - 32\/4GB, Juodas - Resolute.lt<\/title>\n<meta name=\"description\" content=\"Nauji vandeniui ir sm\u016bgiams atspar\u016bs Oukitel telefonai \u017eemiausia kaina! Greitas pristatymas, patogus atsiskaitymas! Nauji telefonai pigiau!\" \/>\n<meta name=\"robots\" content=\"index, follow, max-snippet:-1, max-image-preview:large, max-video-preview:-1\" \/>\n<link rel=\"canonical\" href=\"https:\/\/resolute.lt\/index.php\/produktas\/oukitel-wp5-juodas\/\" \/>\n<meta property=\"og:locale\" content=\"lt_LT\" \/>\n<meta property=\"og:type\" content=\"article\" \/>\n<meta property=\"og:title\" content=\"Oukitel WP5 - 32\/4GB, Juodas - Resolute.lt\" \/>\n<meta property=\"og:description\" content=\"Nauji vandeniui ir sm\u016bgiams atspar\u016bs Oukitel telefonai \u017eemiausia kaina! Greitas pristatymas, patogus atsiskaitymas! Nauji telefonai pigiau!\" \/>\n<meta property=\"og:url\" content=\"https:\/\/resolute.lt\/index.php\/produktas\/oukitel-wp5-juodas\/\" \/>\n<meta property=\"og:site_name\" content=\"Resolute.lt\" \/>\n<meta property=\"article:modified_time\" content=\"2025-02-17T20:44:22+00:00\" \/>\n<meta property=\"og:image\" content=\"https:\/\/resolute.lt\/wp-content\/uploads\/2020\/09\/thumb_384707_default_big.jpeg\" \/>\n\t<meta property=\"og:image:width\" content=\"960\" \/>\n\t<meta property=\"og:image:height\" content=\"875\" \/>\n\t<meta property=\"og:image:type\" content=\"image\/jpeg\" \/>\n<meta name=\"twitter:card\" content=\"summary_large_image\" \/>\n<meta name=\"twitter:label1\" content=\"Est. reading time\" \/>\n\t<meta name=\"twitter:data1\" content=\"5 minut\u0117s\" \/>\n<script type=\"application\/ld+json\" class=\"yoast-schema-graph\">{\"@context\":\"https:\\\/\\\/schema.org\",\"@graph\":[{\"@type\":\"WebPage\",\"@id\":\"https:\\\/\\\/resolute.lt\\\/index.php\\\/produktas\\\/oukitel-wp5-juodas\\\/\",\"url\":\"https:\\\/\\\/resolute.lt\\\/index.php\\\/produktas\\\/oukitel-wp5-juodas\\\/\",\"name\":\"Oukitel WP5 - 32\\\/4GB, Juodas - Resolute.lt\",\"isPartOf\":{\"@id\":\"https:\\\/\\\/resolute.lt\\\/#website\"},\"primaryImageOfPage\":{\"@id\":\"https:\\\/\\\/resolute.lt\\\/index.php\\\/produktas\\\/oukitel-wp5-juodas\\\/#primaryimage\"},\"image\":{\"@id\":\"https:\\\/\\\/resolute.lt\\\/index.php\\\/produktas\\\/oukitel-wp5-juodas\\\/#primaryimage\"},\"thumbnailUrl\":\"https:\\\/\\\/resolute.lt\\\/wp-content\\\/uploads\\\/2020\\\/09\\\/thumb_384707_default_big.jpeg\",\"datePublished\":\"2020-09-04T12:17:50+00:00\",\"dateModified\":\"2025-02-17T20:44:22+00:00\",\"description\":\"Nauji vandeniui ir sm\u016bgiams atspar\u016bs Oukitel telefonai \u017eemiausia kaina! Greitas pristatymas, patogus atsiskaitymas! Nauji telefonai pigiau!\",\"breadcrumb\":{\"@id\":\"https:\\\/\\\/resolute.lt\\\/index.php\\\/produktas\\\/oukitel-wp5-juodas\\\/#breadcrumb\"},\"inLanguage\":\"lt-LT\",\"potentialAction\":[{\"@type\":\"ReadAction\",\"target\":[\"https:\\\/\\\/resolute.lt\\\/index.php\\\/produktas\\\/oukitel-wp5-juodas\\\/\"]}]},{\"@type\":\"ImageObject\",\"inLanguage\":\"lt-LT\",\"@id\":\"https:\\\/\\\/resolute.lt\\\/index.php\\\/produktas\\\/oukitel-wp5-juodas\\\/#primaryimage\",\"url\":\"https:\\\/\\\/resolute.lt\\\/wp-content\\\/uploads\\\/2020\\\/09\\\/thumb_384707_default_big.jpeg\",\"contentUrl\":\"https:\\\/\\\/resolute.lt\\\/wp-content\\\/uploads\\\/2020\\\/09\\\/thumb_384707_default_big.jpeg\",\"width\":960,\"height\":875},{\"@type\":\"BreadcrumbList\",\"@id\":\"https:\\\/\\\/resolute.lt\\\/index.php\\\/produktas\\\/oukitel-wp5-juodas\\\/#breadcrumb\",\"itemListElement\":[{\"@type\":\"ListItem\",\"position\":1,\"name\":\"Home\",\"item\":\"https:\\\/\\\/resolute.lt\\\/\"},{\"@type\":\"ListItem\",\"position\":2,\"name\":\"Resolute.lt\",\"item\":\"https:\\\/\\\/resolute.lt\\\/\"},{\"@type\":\"ListItem\",\"position\":3,\"name\":\"Oukitel WP5 &#8211; 32\\\/4GB, Juodas\"}]},{\"@type\":\"WebSite\",\"@id\":\"https:\\\/\\\/resolute.lt\\\/#website\",\"url\":\"https:\\\/\\\/resolute.lt\\\/\",\"name\":\"Resolute.lt\",\"description\":\"Sm\u016bgiams ir vandeniui telefonai\",\"potentialAction\":[{\"@type\":\"SearchAction\",\"target\":{\"@type\":\"EntryPoint\",\"urlTemplate\":\"https:\\\/\\\/resolute.lt\\\/?s={search_term_string}\"},\"query-input\":{\"@type\":\"PropertyValueSpecification\",\"valueRequired\":true,\"valueName\":\"search_term_string\"}}],\"inLanguage\":\"lt-LT\"}]}<\/script>\n<!-- \/ Yoast SEO plugin. -->","yoast_head_json":{"title":"Oukitel WP5 - 32\/4GB, Juodas - Resolute.lt","description":"Nauji vandeniui ir sm\u016bgiams atspar\u016bs Oukitel telefonai \u017eemiausia kaina! Greitas pristatymas, patogus atsiskaitymas! Nauji telefonai pigiau!","robots":{"index":"index","follow":"follow","max-snippet":"max-snippet:-1","max-image-preview":"max-image-preview:large","max-video-preview":"max-video-preview:-1"},"canonical":"https:\/\/resolute.lt\/index.php\/produktas\/oukitel-wp5-juodas\/","og_locale":"lt_LT","og_type":"article","og_title":"Oukitel WP5 - 32\/4GB, Juodas - Resolute.lt","og_description":"Nauji vandeniui ir sm\u016bgiams atspar\u016bs Oukitel telefonai \u017eemiausia kaina! Greitas pristatymas, patogus atsiskaitymas! Nauji telefonai pigiau!","og_url":"https:\/\/resolute.lt\/index.php\/produktas\/oukitel-wp5-juodas\/","og_site_name":"Resolute.lt","article_modified_time":"2025-02-17T20:44:22+00:00","og_image":[{"width":960,"height":875,"url":"https:\/\/resolute.lt\/wp-content\/uploads\/2020\/09\/thumb_384707_default_big.jpeg","type":"image\/jpeg"}],"twitter_card":"summary_large_image","twitter_misc":{"Est. reading time":"5 minut\u0117s"},"schema":{"@context":"https:\/\/schema.org","@graph":[{"@type":"WebPage","@id":"https:\/\/resolute.lt\/index.php\/produktas\/oukitel-wp5-juodas\/","url":"https:\/\/resolute.lt\/index.php\/produktas\/oukitel-wp5-juodas\/","name":"Oukitel WP5 - 32\/4GB, Juodas - Resolute.lt","isPartOf":{"@id":"https:\/\/resolute.lt\/#website"},"primaryImageOfPage":{"@id":"https:\/\/resolute.lt\/index.php\/produktas\/oukitel-wp5-juodas\/#primaryimage"},"image":{"@id":"https:\/\/resolute.lt\/index.php\/produktas\/oukitel-wp5-juodas\/#primaryimage"},"thumbnailUrl":"https:\/\/resolute.lt\/wp-content\/uploads\/2020\/09\/thumb_384707_default_big.jpeg","datePublished":"2020-09-04T12:17:50+00:00","dateModified":"2025-02-17T20:44:22+00:00","description":"Nauji vandeniui ir sm\u016bgiams atspar\u016bs Oukitel telefonai \u017eemiausia kaina! Greitas pristatymas, patogus atsiskaitymas! Nauji telefonai pigiau!","breadcrumb":{"@id":"https:\/\/resolute.lt\/index.php\/produktas\/oukitel-wp5-juodas\/#breadcrumb"},"inLanguage":"lt-LT","potentialAction":[{"@type":"ReadAction","target":["https:\/\/resolute.lt\/index.php\/produktas\/oukitel-wp5-juodas\/"]}]},{"@type":"ImageObject","inLanguage":"lt-LT","@id":"https:\/\/resolute.lt\/index.php\/produktas\/oukitel-wp5-juodas\/#primaryimage","url":"https:\/\/resolute.lt\/wp-content\/uploads\/2020\/09\/thumb_384707_default_big.jpeg","contentUrl":"https:\/\/resolute.lt\/wp-content\/uploads\/2020\/09\/thumb_384707_default_big.jpeg","width":960,"height":875},{"@type":"BreadcrumbList","@id":"https:\/\/resolute.lt\/index.php\/produktas\/oukitel-wp5-juodas\/#breadcrumb","itemListElement":[{"@type":"ListItem","position":1,"name":"Home","item":"https:\/\/resolute.lt\/"},{"@type":"ListItem","position":2,"name":"Resolute.lt","item":"https:\/\/resolute.lt\/"},{"@type":"ListItem","position":3,"name":"Oukitel WP5 &#8211; 32\/4GB, Juodas"}]},{"@type":"WebSite","@id":"https:\/\/resolute.lt\/#website","url":"https:\/\/resolute.lt\/","name":"Resolute.lt","description":"Sm\u016bgiams ir vandeniui telefonai","potentialAction":[{"@type":"SearchAction","target":{"@type":"EntryPoint","urlTemplate":"https:\/\/resolute.lt\/?s={search_term_string}"},"query-input":{"@type":"PropertyValueSpecification","valueRequired":true,"valueName":"search_term_string"}}],"inLanguage":"lt-LT"}]}},"_links":{"self":[{"href":"https:\/\/resolute.lt\/index.php\/wp-json\/wp\/v2\/product\/616","targetHints":{"allow":["GET"]}}],"collection":[{"href":"https:\/\/resolute.lt\/index.php\/wp-json\/wp\/v2\/product"}],"about":[{"href":"https:\/\/resolute.lt\/index.php\/wp-json\/wp\/v2\/types\/product"}],"wp:featuredmedia":[{"embeddable":true,"href":"https:\/\/resolute.lt\/index.php\/wp-json\/wp\/v2\/media\/618"}],"wp:attachment":[{"href":"https:\/\/resolute.lt\/index.php\/wp-json\/wp\/v2\/media?parent=616"}],"wp:term":[{"taxonomy":"product_brand","embeddable":true,"href":"https:\/\/resolute.lt\/index.php\/wp-json\/wp\/v2\/product_brand?post=616"},{"taxonomy":"product_cat","embeddable":true,"href":"https:\/\/resolute.lt\/index.php\/wp-json\/wp\/v2\/product_cat?post=616"},{"taxonomy":"product_tag","embeddable":true,"href":"https:\/\/resolute.lt\/index.php\/wp-json\/wp\/v2\/product_tag?post=616"}],"curies":[{"name":"wp","href":"https:\/\/api.w.org\/{rel}","templated":true}]}}