{"id":6095,"date":"2025-05-29T05:53:59","date_gmt":"2025-05-29T05:53:59","guid":{"rendered":"https:\/\/resolute.lt\/?post_type=product&#038;p=6095"},"modified":"2025-12-09T19:21:33","modified_gmt":"2025-12-09T19:21:33","slug":"ulefone-armor-30-pro-5g","status":"publish","type":"product","link":"https:\/\/resolute.lt\/index.php\/produktas\/ulefone-armor-30-pro-5g\/","title":{"rendered":"Ulefone Armor 30 Pro &#8211; 5G, 512GB\/16GB, Juodas"},"content":{"rendered":"<p><strong>Ulefone Armor 30 Pro<\/strong> \u2013 auk\u0161\u010diausios klas\u0117s sm\u016bgiams ir vandeniui atsparus <strong>5G<\/strong> ry\u0161io telefonas su profesionalams skirta kamer\u0173 sistema (<a href=\"https:\/\/www.ovt.com\/products\/ov50h\/\" target=\"_blank\" rel=\"noopener\">50 MP OmniVision OV50H\u2122<\/a> pagrinine, <a href=\"https:\/\/semiconductor.samsung.com\/image-sensor\/mobile-image-sensor\/isocell-jn1\/\" target=\"_blank\" rel=\"noopener\">50 MP Samsung\u2122 JN1<\/a> ultra-pla\u010dia\/makro kamera ir 64 MP naktinio matymo kamera), galingu 118 dB garsiakalbiu, 512 GB vidine ir 16 GB RAM atmintimi, 700 nit\u0173 ry\u0161kumo 120 Hz 6,95\u2033 IPS ekranu, ultra-spar\u010diu Dimensity\u2122 7300X procesoriumi, mil\u017eini\u0161kos 12800 mAh talpos baterija su 60 W greituoju \u012fkrovimu, jutikliniu 3,4&#8243; galiniu ekranu bei Android 14 operacine sistema (planuojamas atnaujinimas \u012f Android 15).<\/p>\n<p><strong><a href=\"https:\/\/www.resolute.lt\/\">RESOLUTE.LT EL. PARDUOTUV\u0116:<\/a><\/strong><br \/>\n<strong>\u2013 4-6 darbo dien\u0173 pristatymas!<\/strong><br \/>\n\u2013 Apmok\u0117jimas Google Pay, banko kortele, el. bankininkyste ar PayPal.<br \/>\n\u2013 Tik naujos prek\u0117s su 2 met\u0173 garantija!<\/p>\n<h3><strong>Idealus pasirinkimams ie\u0161kantiems \u0161i\u0173 savybi\u0173 viename \u012frenginyje:<\/strong><\/h3>\n<ul>\n<li>Auk\u0161tos klas\u0117s kameros (<a href=\"https:\/\/www.ovt.com\/products\/ov50h\/\" target=\"_blank\" rel=\"noopener\">50 MP OmniVision OV50H\u2122<\/a> ir <a href=\"https:\/\/semiconductor.samsung.com\/image-sensor\/mobile-image-sensor\/isocell-jn1\/\" target=\"_blank\" rel=\"noopener\">50 MP Samsung\u2122 JN1<\/a>)<\/li>\n<li>Auk\u0161\u010diausios klas\u0117s naktinio matymo kamera (<a href=\"https:\/\/www.ovt.com\/products\/ov64b\/\" target=\"_blank\" rel=\"noopener\">64 MP OmniVision\u2122 OV64B1B)<\/a><\/li>\n<li>Didelio ry\u0161kumo ekranas (700 nit\u0173)<\/li>\n<\/ul>\n<h3><strong>Kiti sm\u016bgiams ir vandeniui atspar\u016bs modeliai:<\/strong><\/h3>\n<ul>\n<li>Domina 10,5 mm plonumo auk\u0161\u010diausios klas\u0117s telefonas i\u0161 Doogee\u2122? Rekomenduojame <strong><a href=\"https:\/\/resolute.lt\/index.php\/produktas\/doogee-blade-gt-ultra-5g-juodas\/\" target=\"_blank\" rel=\"noopener\">Doogee Blade GT Ultra<\/a><\/strong>.<\/li>\n<li>Domina auk\u0161tos klas\u0117s telefonas i\u0161 Ulefone\u2122 iki 400 \u20ac? Rekomenduojame <strong><a href=\"https:\/\/resolute.lt\/index.php\/produktas\/ulefone-armor-27t-pro\/\" target=\"_blank\" rel=\"noopener\">Ulefone Armor 27T Pro<\/a><\/strong>.<\/li>\n<\/ul>\n<p>&nbsp;<\/p>\n<div id=\"row-1175821349\" class=\"row align-center\">\n<div id=\"col-130476939\" class=\"col medium-4 small-10 large-4\">\n<div class=\"col-inner\">\n<h1><strong>Komplektacija<\/strong><\/h1>\n<\/div>\n<\/div>\n<div id=\"col-1358541524\" class=\"col medium-8 small-10 large-8\">\n<div class=\"col-inner\">\n<ul>\n<li><b>1x\u00a0\u00a0<\/b>I\u0161manus telefonas<\/li>\n<li><b>1x\u00a0 <\/b>EU \u012fkroviklis (66 W)<\/li>\n<li><b>1x\u00a0\u00a0<\/b>USB-C laidas<\/li>\n<li><b>1x<\/b>\u00a0 Gr\u016bdinto stiklo ekrano apsauga<\/li>\n<li><b>1x\u00a0 <\/b>Pakabukas<\/li>\n<li><strong>1x<\/strong>\u00a0 SIM \u012frankis<\/li>\n<li><b>1x<\/b>\u00a0 Naudojimosi instrukcijos<\/li>\n<\/ul>\n<\/div>\n<\/div>\n<\/div>\n<div id=\"row-214715003\" class=\"row align-center\">\n<div id=\"col-883847564\" class=\"col medium-4 small-10 large-4\">\n<div class=\"col-inner\">\n<h1><strong>Bendrieji parametrai<\/strong><\/h1>\n<\/div>\n<\/div>\n<div id=\"col-35252131\" class=\"col medium-8 small-10 large-8\">\n<div class=\"col-inner\">\n<ul>\n<li><strong>Tipas:<\/strong>\u00a0Mobilieji telefonai<\/li>\n<li><strong>Spalva:<\/strong> Juoda (&#8222;Magic Black&#8221;)<\/li>\n<li><strong>Palaikom\u0173 SIM korteli\u0173 kiekis:<\/strong>\u00a02<\/li>\n<li><strong>Palaikom\u0173 SIM korteli\u0173 tipas:<\/strong>\u00a0NanoSIM<\/li>\n<\/ul>\n<\/div>\n<\/div>\n<\/div>\n<div id=\"row-214715003\" class=\"row align-center\">\n<div id=\"col-883847564\" class=\"col medium-4 small-10 large-4\">\n<div class=\"col-inner\">\n<h1><strong>Matmenys ir svoris<\/strong><\/h1>\n<\/div>\n<\/div>\n<div id=\"col-35252131\" class=\"col medium-8 small-10 large-8\">\n<div class=\"col-inner\">\n<ul>\n<li><strong>Matmenys: <\/strong>181,3 x 84,9 x 21,2 mm<\/li>\n<li><strong>Svoris:<\/strong> 509 g<\/li>\n<\/ul>\n<\/div>\n<\/div>\n<\/div>\n<div id=\"row-214715003\" class=\"row align-center\">\n<div id=\"col-883847564\" class=\"col medium-4 small-10 large-4\">\n<div class=\"col-inner\">\n<h1><strong>Operacin\u0117 sistema<\/strong><\/h1>\n<\/div>\n<\/div>\n<div id=\"col-35252131\" class=\"col medium-8 small-10 large-8\">\n<div class=\"col-inner\">\n<ul>\n<li><strong>Operacin\u0117 sistema:<\/strong>\u00a0Android<\/li>\n<li><strong>Operacin\u0117s sistemos versija:\u00a0<\/strong>14 (planuojamas atnaujinimas \u012f 15)<\/li>\n<li><strong>Palaikomos kalbos:<\/strong> Lietuvi\u0173, angl\u0173, ispan\u0173, latvi\u0173, ukrainie\u010di\u0173, lenk\u0173, est\u0173, vokie\u010di\u0173, \u0161ved\u0173, \u010dek\u0173, pranc\u016bz\u0173, ital\u0173, rus\u0173 ir kt.<\/li>\n<\/ul>\n<\/div>\n<\/div>\n<\/div>\n<div id=\"row-214715003\" class=\"row align-center\">\n<div id=\"col-883847564\" class=\"col medium-4 small-10 large-4\">\n<div class=\"col-inner\">\n<h1><strong>Procesorius ir vaizdo plok\u0161t\u0117<\/strong><\/h1>\n<\/div>\n<\/div>\n<div id=\"col-35252131\" class=\"col medium-8 small-10 large-8\">\n<div class=\"col-inner\">\n<ul>\n<li><strong>Procesoriaus modelis: <\/strong>MediaTek\u2122 Dimensity 7300X (MT6878)<\/li>\n<li><strong>Proceso technologija:<\/strong> 4 nm<\/li>\n<li><strong>Procesoriaus branduoliai:<\/strong>\u00a08<\/li>\n<li><strong>Procesoriaus branduoli\u0173 da\u017eniai:<\/strong> 4x 2,5 GHz Cortex-A78 ir 4x 2,0 GHz Cortex-A5<\/li>\n<li><strong>Vaizdo plok\u0161t\u0117s modelis: <\/strong>ARM Mali-G615<\/li>\n<li><strong>Vaizdo plok\u0161t\u0117s<\/strong> <strong>branduoliai: <\/strong>2<\/li>\n<\/ul>\n<\/div>\n<\/div>\n<\/div>\n<div id=\"row-2111937453\" class=\"row align-center\">\n<div id=\"col-1355999373\" class=\"col medium-4 small-10 large-4\">\n<div class=\"col-inner\">\n<h1><strong>Atmintis<\/strong><\/h1>\n<\/div>\n<\/div>\n<div id=\"col-2062834539\" class=\"col medium-8 small-10 large-8\">\n<div class=\"col-inner\">\n<ul>\n<li><strong>Vidin\u0117 atminis: <\/strong>512 GB<\/li>\n<li><strong>Fizin\u0117 darbin\u0117 atmintis (RAM):<\/strong> 16 GB<\/li>\n<li><strong>Virtuali darbin\u0117 atmintis (RAM):<\/strong> 8 GB<\/li>\n<li><strong>Bendra darbin\u0117 atmintis (RAM):<\/strong> 16 GB<\/li>\n<li><strong>Darbin\u0117s atminties (RAM) da\u017enis: <\/strong>3,2\u00a0GHz<\/li>\n<li><strong>Atminties kortel\u0117s palaikymas: <\/strong>Taip, MicroSD<\/li>\n<li><strong>Atminties kortel\u0117s talpa:<\/strong> Iki 2 TB<\/li>\n<\/ul>\n<\/div>\n<\/div>\n<\/div>\n<div id=\"row-1271375553\" class=\"row align-center\">\n<div id=\"col-201046948\" class=\"col medium-4 small-10 large-4\">\n<div class=\"col-inner\">\n<h1><strong>Ekranas<\/strong><\/h1>\n<\/div>\n<\/div>\n<div id=\"col-35252131\" class=\"col medium-8 small-10 large-8\">\n<div class=\"col-inner\">\n<ul>\n<li><strong>Dydis:<\/strong> 6,95&#8243;<\/li>\n<li><strong>Rai\u0161ka:<\/strong> 2400 x 1080<\/li>\n<li><strong>PPI (pikseliai per col\u012f): <\/strong>387<\/li>\n<li><strong>Ry\u0161kumas:<\/strong> 700 nit\u0173<\/li>\n<li><strong>Atnaujinimo da\u017enis:<\/strong> 120 Hz<\/li>\n<li><strong>Tipas:<\/strong> IPS<\/li>\n<li><strong>I\u0161orinio stiklo tipas:<\/strong> Corning Gorilla Glass 5<\/li>\n<li><strong>Ekrano plotas prekyje:<\/strong> 74,76 %<\/li>\n<li><strong>Pir\u0161tini\u0173 re\u017eimas:<\/strong> Taip<\/li>\n<li><strong>Galinio ekrano dydis, rai\u0161ka, da\u017enis ir ry\u0161kumas:<\/strong> 3,4&#8243;, 960 x 412, 60 Hz, 600 nit\u0173<\/li>\n<\/ul>\n<\/div>\n<\/div>\n<\/div>\n<div id=\"row-214715003\" class=\"row align-center\">\n<div id=\"col-883847564\" class=\"col medium-4 small-10 large-4\">\n<div class=\"col-inner\">\n<h1><strong>Lizdai ir sensoriai<\/strong><\/h1>\n<\/div>\n<\/div>\n<div id=\"col-35252131\" class=\"col medium-8 small-10 large-8\">\n<div class=\"col-inner\">\n<ul>\n<li><strong>USB lizdo tipas:<\/strong>\u00a0USB-C<\/li>\n<li><strong>Ausini\u0173 lizdas (AUX): <\/strong>Taip<\/li>\n<li><strong>uSmart Expension Connector lizdas:<\/strong> Taip<\/li>\n<li><strong>Pir\u0161t\u0173 antspaud\u0173 sensorius:<\/strong>\u00a0Taip<\/li>\n<li><strong>Pir\u0161to antspaud\u0173 sensoriaus tipas:<\/strong>\u00a0\u0160oninis<\/li>\n<li><strong>Veido atpa\u017einimas:<\/strong> Taip<\/li>\n<\/ul>\n<\/div>\n<\/div>\n<\/div>\n<div id=\"row-214715003\" class=\"row align-center\">\n<div id=\"col-883847564\" class=\"col medium-4 small-10 large-4\">\n<div class=\"col-inner\">\n<h1><strong>Pagrindin\u0117 kamera<\/strong><\/h1>\n<\/div>\n<\/div>\n<div id=\"col-35252131\" class=\"col medium-8 small-10 large-8\">\n<div class=\"col-inner\">\n<ul>\n<li><strong>Sensori\u0173 kiekis: <\/strong>3<\/li>\n<li><strong>Pagrindinis sensorius:<\/strong> 50 MP OmniVision OV50H<\/li>\n<li><strong>Ultra-platus\/makro sensorius:<\/strong> 50 MP <a href=\"https:\/\/semiconductor.samsung.com\/image-sensor\/mobile-image-sensor\/isocell-jn1\/\" target=\"_blank\" rel=\"noopener\">Samsung\u2122 ISOCELL JN1<\/a><\/li>\n<li><strong>Naktinio matymo sensorius:<\/strong> 64 MP <a href=\"https:\/\/www.ovt.com\/products\/ov64b\/\" target=\"_blank\" rel=\"noopener\">OmniVision\u2122 OV64B1B<\/a><\/li>\n<li><strong>Naktinio matymo technologija:<\/strong> NightElf 3.0<\/li>\n<li><strong>Filmavimas: <\/strong>2160p@30fps<\/li>\n<li><strong>Blykst\u0117s tipas:<\/strong> LED, 4 diod\u0173<\/li>\n<\/ul>\n<\/div>\n<\/div>\n<\/div>\n<div id=\"row-214715003\" class=\"row align-center\">\n<div id=\"col-883847564\" class=\"col medium-4 small-10 large-4\">\n<div class=\"col-inner\">\n<h1><strong>Priekin\u0117 kamera<\/strong><\/h1>\n<\/div>\n<\/div>\n<div id=\"col-35252131\" class=\"col medium-8 small-10 large-8\">\n<div class=\"col-inner\">\n<ul>\n<li><strong>Sensorius:<\/strong> 32\u00a0MP Samsung\u2122 S5KGD2<\/li>\n<li><strong>Filmavimas: <\/strong>1080p@30fps<\/li>\n<\/ul>\n<\/div>\n<\/div>\n<\/div>\n<div id=\"row-214715003\" class=\"row align-center\">\n<div id=\"col-883847564\" class=\"col medium-4 small-10 large-4\">\n<div class=\"col-inner\">\n<h1><strong>Internetas ir komunikacija<\/strong><\/h1>\n<\/div>\n<\/div>\n<div id=\"col-35252131\" class=\"col medium-8 small-10 large-8\">\n<div class=\"col-inner\">\n<ul>\n<li><strong>WiFi s\u0105saja:\u00a0<\/strong>Taip<\/li>\n<li><strong>3G ry\u0161ys:\u00a0<\/strong>Taip<\/li>\n<li><strong>4G ry\u0161ys:\u00a0<\/strong>Taip<\/li>\n<li><strong>5G ry\u0161ys:<\/strong> Taip<\/li>\n<li><strong>Bluetooth s\u0105saja:\u00a0<\/strong>Taip<\/li>\n<li><strong>Bluetooth versija:\u00a0<\/strong>5.4<\/li>\n<li><strong>NFC s\u0105saja:\u00a0<\/strong>Taip<\/li>\n<li><strong>FM radijas:\u00a0<\/strong>Taip<\/li>\n<li><strong>GPS s\u0105saja:\u00a0<\/strong>Taip<\/li>\n<li><strong>GPS sistemos:<\/strong> GPS, A-GPS, GLONASS, BeiDou, Galileo, NavIC, QZSS<\/li>\n<\/ul>\n<\/div>\n<\/div>\n<\/div>\n<div id=\"row-214715003\" class=\"row align-center\">\n<div id=\"col-883847564\" class=\"col medium-4 small-10 large-4\">\n<div class=\"col-inner\">\n<h1><strong>Baterija<\/strong><\/h1>\n<\/div>\n<\/div>\n<div id=\"col-35252131\" class=\"col medium-8 small-10 large-8\">\n<div class=\"col-inner\">\n<ul>\n<li><strong>Talpa: <\/strong>12800 mAh<\/li>\n<li><strong>Greitasis laidinis \u012fkrovimas: <\/strong>Taip, 60 W<\/li>\n<li><strong>Atvirk\u0161tinis laidinis \u012fkrovimas:<\/strong> Taip, 10 W<\/li>\n<li><strong>B\u016bd\u0117jimo laikas:<\/strong> 690 val.<\/li>\n<li><strong>Skambu\u010di\u0173 laikas<\/strong>: 69 val.<\/li>\n<\/ul>\n<\/div>\n<\/div>\n<\/div>\n<div id=\"row-214715003\" class=\"row align-center\">\n<div id=\"col-883847564\" class=\"col medium-4 small-10 large-4\">\n<div class=\"col-inner\">\n<h1><strong>Papildomi duomenys<\/strong><\/h1>\n<\/div>\n<\/div>\n<div id=\"col-35252131\" class=\"col medium-8 small-10 large-8\">\n<div class=\"col-inner\">\n<ul>\n<li>I\u0161leidimo laikas: 2025 m. gegu\u017e\u0117<\/li>\n<li>Gamybos laikas: 2025 m. IV ketvirtis<\/li>\n<li>IP68\/IP69K standartas (atsparumas vandeniui ir dulk\u0117ms)<\/li>\n<li>MIL-STD-810H standartas<\/li>\n<li>Suasmenintas mygtukas<\/li>\n<li>118 dB garsiakalbis su Infinite Halo 2.0 technologija<\/li>\n<\/ul>\n<\/div>\n<\/div>\n<\/div>\n<p><a href=\"https:\/\/resolute.lt\/wp-content\/uploads\/2025\/05\/1ULEFO1.jpe\"><img loading=\"lazy\" decoding=\"async\" class=\"alignnone size-full wp-image-6145\" src=\"https:\/\/resolute.lt\/wp-content\/uploads\/2025\/05\/1ULEFO1.jpe\" alt=\"\" width=\"1920\" height=\"1200\" srcset=\"https:\/\/resolute.lt\/wp-content\/uploads\/2025\/05\/1ULEFO1.jpe 1920w, https:\/\/resolute.lt\/wp-content\/uploads\/2025\/05\/1ULEFO1-300x188.jpe 300w, https:\/\/resolute.lt\/wp-content\/uploads\/2025\/05\/1ULEFO1-1024x640.jpe 1024w, https:\/\/resolute.lt\/wp-content\/uploads\/2025\/05\/1ULEFO1-768x480.jpe 768w, https:\/\/resolute.lt\/wp-content\/uploads\/2025\/05\/1ULEFO1-1536x960.jpe 1536w, https:\/\/resolute.lt\/wp-content\/uploads\/2025\/05\/1ULEFO1-510x319.jpe 510w\" sizes=\"auto, (max-width: 1920px) 100vw, 1920px\" \/><\/a> <img loading=\"lazy\" decoding=\"async\" class=\"alignnone size-full wp-image-6146\" src=\"https:\/\/resolute.lt\/wp-content\/uploads\/2025\/05\/2ULEFO1.jpe\" alt=\"\" width=\"1920\" height=\"1350\" srcset=\"https:\/\/resolute.lt\/wp-content\/uploads\/2025\/05\/2ULEFO1.jpe 1920w, https:\/\/resolute.lt\/wp-content\/uploads\/2025\/05\/2ULEFO1-300x211.jpe 300w, https:\/\/resolute.lt\/wp-content\/uploads\/2025\/05\/2ULEFO1-1024x720.jpe 1024w, https:\/\/resolute.lt\/wp-content\/uploads\/2025\/05\/2ULEFO1-768x540.jpe 768w, https:\/\/resolute.lt\/wp-content\/uploads\/2025\/05\/2ULEFO1-1536x1080.jpe 1536w, https:\/\/resolute.lt\/wp-content\/uploads\/2025\/05\/2ULEFO1-510x359.jpe 510w\" sizes=\"auto, (max-width: 1920px) 100vw, 1920px\" \/> <img loading=\"lazy\" decoding=\"async\" class=\"alignnone size-full wp-image-6147\" src=\"https:\/\/resolute.lt\/wp-content\/uploads\/2025\/05\/3ULEFO1.jpe\" alt=\"\" width=\"1920\" height=\"1080\" srcset=\"https:\/\/resolute.lt\/wp-content\/uploads\/2025\/05\/3ULEFO1.jpe 1920w, https:\/\/resolute.lt\/wp-content\/uploads\/2025\/05\/3ULEFO1-300x169.jpe 300w, https:\/\/resolute.lt\/wp-content\/uploads\/2025\/05\/3ULEFO1-1024x576.jpe 1024w, https:\/\/resolute.lt\/wp-content\/uploads\/2025\/05\/3ULEFO1-768x432.jpe 768w, https:\/\/resolute.lt\/wp-content\/uploads\/2025\/05\/3ULEFO1-1536x864.jpe 1536w, https:\/\/resolute.lt\/wp-content\/uploads\/2025\/05\/3ULEFO1-510x287.jpe 510w\" sizes=\"auto, (max-width: 1920px) 100vw, 1920px\" \/> <img loading=\"lazy\" decoding=\"async\" class=\"alignnone size-full wp-image-6148\" src=\"https:\/\/resolute.lt\/wp-content\/uploads\/2025\/05\/4ULEFO1.jpe\" alt=\"\" width=\"1920\" height=\"1100\" srcset=\"https:\/\/resolute.lt\/wp-content\/uploads\/2025\/05\/4ULEFO1.jpe 1920w, https:\/\/resolute.lt\/wp-content\/uploads\/2025\/05\/4ULEFO1-300x172.jpe 300w, https:\/\/resolute.lt\/wp-content\/uploads\/2025\/05\/4ULEFO1-1024x587.jpe 1024w, https:\/\/resolute.lt\/wp-content\/uploads\/2025\/05\/4ULEFO1-768x440.jpe 768w, https:\/\/resolute.lt\/wp-content\/uploads\/2025\/05\/4ULEFO1-1536x880.jpe 1536w, https:\/\/resolute.lt\/wp-content\/uploads\/2025\/05\/4ULEFO1-510x292.jpe 510w\" sizes=\"auto, (max-width: 1920px) 100vw, 1920px\" \/><\/p>\n<div class=\"imgs\"><\/div>\n","protected":false},"excerpt":{"rendered":"<p>Ulefone Armor 30 Pro \u2013 auk\u0161\u010diausios klas\u0117s sm\u016bgiams ir vandeniui atsparus 5G ry\u0161io telefonas su profesionalams skirta kamer\u0173 sistema (50 MP OmniVision OV50H\u2122 pagrinine, 50 MP Samsung\u2122 JN1 ultra-pla\u010dia\/makro kamera ir 64 MP naktinio matymo kamera), galingu 118 dB garsiakalbiu, 512 GB vidine ir 16 GB RAM atmintimi, 700 nit\u0173 ry\u0161kumo 120 Hz 6,95\u2033 IPS [&#8230;]\n","protected":false},"featured_media":6096,"template":"","meta":[],"product_brand":[],"product_cat":[45,22],"product_tag":[],"class_list":{"0":"post-6095","1":"product","2":"type-product","3":"status-publish","4":"has-post-thumbnail","6":"product_cat-4-6-d-d-pristatymo-prekes","7":"product_cat-ulefone-telefonai","9":"first","10":"instock","11":"sale","12":"shipping-taxable","13":"purchasable","14":"product-type-simple"},"yoast_head":"<!-- This site is optimized with the Yoast SEO plugin v27.4 - https:\/\/yoast.com\/product\/yoast-seo-wordpress\/ -->\n<title>Ulefone Armor 30 Pro - 5G, 512GB\/16GB, Juodas - Resolute.lt<\/title>\n<meta name=\"description\" content=\"Ulefone Armor 30 Pro\u00a0\u2013 sm\u016bgiams ir vandeniui atsparus 5G ry\u0161io telefonas su profesionalams skirta kamer\u0173 sistema ir galingu 118 dB garsiakalbiu.\" \/>\n<meta name=\"robots\" content=\"index, follow, max-snippet:-1, max-image-preview:large, max-video-preview:-1\" \/>\n<link rel=\"canonical\" href=\"https:\/\/resolute.lt\/index.php\/produktas\/ulefone-armor-30-pro-5g\/\" \/>\n<meta property=\"og:locale\" content=\"lt_LT\" \/>\n<meta property=\"og:type\" content=\"article\" \/>\n<meta property=\"og:title\" content=\"Ulefone Armor 30 Pro - 5G, 512GB\/16GB, Juodas - Resolute.lt\" \/>\n<meta property=\"og:description\" content=\"Ulefone Armor 30 Pro\u00a0\u2013 sm\u016bgiams ir vandeniui atsparus 5G ry\u0161io telefonas su profesionalams skirta kamer\u0173 sistema ir galingu 118 dB garsiakalbiu.\" \/>\n<meta property=\"og:url\" content=\"https:\/\/resolute.lt\/index.php\/produktas\/ulefone-armor-30-pro-5g\/\" \/>\n<meta property=\"og:site_name\" content=\"Resolute.lt\" \/>\n<meta property=\"article:modified_time\" content=\"2025-12-09T19:21:33+00:00\" \/>\n<meta property=\"og:image\" content=\"https:\/\/resolute.lt\/wp-content\/uploads\/2025\/05\/1.-Ulefone-Armor-30-Pro-5G-Juodas-Smugiams-vandeniui-atsparus-tvirtas-telefonas-Waterproof-Rugged-Phone-Triecienizturigs-un-udensnecaurlaidigs-talrunis-Telefono-resistente-al-agua-y-a-los-golpes.jpeg\" \/>\n\t<meta property=\"og:image:width\" content=\"1500\" \/>\n\t<meta property=\"og:image:height\" content=\"1500\" \/>\n\t<meta property=\"og:image:type\" content=\"image\/jpeg\" \/>\n<meta name=\"twitter:card\" content=\"summary_large_image\" \/>\n<meta name=\"twitter:label1\" content=\"Est. reading time\" \/>\n\t<meta name=\"twitter:data1\" content=\"5 minut\u0117s\" \/>\n<script type=\"application\/ld+json\" class=\"yoast-schema-graph\">{\"@context\":\"https:\\\/\\\/schema.org\",\"@graph\":[{\"@type\":\"WebPage\",\"@id\":\"https:\\\/\\\/resolute.lt\\\/index.php\\\/produktas\\\/ulefone-armor-30-pro-5g\\\/\",\"url\":\"https:\\\/\\\/resolute.lt\\\/index.php\\\/produktas\\\/ulefone-armor-30-pro-5g\\\/\",\"name\":\"Ulefone Armor 30 Pro - 5G, 512GB\\\/16GB, Juodas - Resolute.lt\",\"isPartOf\":{\"@id\":\"https:\\\/\\\/resolute.lt\\\/#website\"},\"primaryImageOfPage\":{\"@id\":\"https:\\\/\\\/resolute.lt\\\/index.php\\\/produktas\\\/ulefone-armor-30-pro-5g\\\/#primaryimage\"},\"image\":{\"@id\":\"https:\\\/\\\/resolute.lt\\\/index.php\\\/produktas\\\/ulefone-armor-30-pro-5g\\\/#primaryimage\"},\"thumbnailUrl\":\"https:\\\/\\\/resolute.lt\\\/wp-content\\\/uploads\\\/2025\\\/05\\\/1.-Ulefone-Armor-30-Pro-5G-Juodas-Smugiams-vandeniui-atsparus-tvirtas-telefonas-Waterproof-Rugged-Phone-Triecienizturigs-un-udensnecaurlaidigs-talrunis-Telefono-resistente-al-agua-y-a-los-golpes.jpeg\",\"datePublished\":\"2025-05-29T05:53:59+00:00\",\"dateModified\":\"2025-12-09T19:21:33+00:00\",\"description\":\"Ulefone Armor 30 Pro\u00a0\u2013 sm\u016bgiams ir vandeniui atsparus 5G ry\u0161io telefonas su profesionalams skirta kamer\u0173 sistema ir galingu 118 dB garsiakalbiu.\",\"breadcrumb\":{\"@id\":\"https:\\\/\\\/resolute.lt\\\/index.php\\\/produktas\\\/ulefone-armor-30-pro-5g\\\/#breadcrumb\"},\"inLanguage\":\"lt-LT\",\"potentialAction\":[{\"@type\":\"ReadAction\",\"target\":[\"https:\\\/\\\/resolute.lt\\\/index.php\\\/produktas\\\/ulefone-armor-30-pro-5g\\\/\"]}]},{\"@type\":\"ImageObject\",\"inLanguage\":\"lt-LT\",\"@id\":\"https:\\\/\\\/resolute.lt\\\/index.php\\\/produktas\\\/ulefone-armor-30-pro-5g\\\/#primaryimage\",\"url\":\"https:\\\/\\\/resolute.lt\\\/wp-content\\\/uploads\\\/2025\\\/05\\\/1.-Ulefone-Armor-30-Pro-5G-Juodas-Smugiams-vandeniui-atsparus-tvirtas-telefonas-Waterproof-Rugged-Phone-Triecienizturigs-un-udensnecaurlaidigs-talrunis-Telefono-resistente-al-agua-y-a-los-golpes.jpeg\",\"contentUrl\":\"https:\\\/\\\/resolute.lt\\\/wp-content\\\/uploads\\\/2025\\\/05\\\/1.-Ulefone-Armor-30-Pro-5G-Juodas-Smugiams-vandeniui-atsparus-tvirtas-telefonas-Waterproof-Rugged-Phone-Triecienizturigs-un-udensnecaurlaidigs-talrunis-Telefono-resistente-al-agua-y-a-los-golpes.jpeg\",\"width\":1500,\"height\":1500},{\"@type\":\"BreadcrumbList\",\"@id\":\"https:\\\/\\\/resolute.lt\\\/index.php\\\/produktas\\\/ulefone-armor-30-pro-5g\\\/#breadcrumb\",\"itemListElement\":[{\"@type\":\"ListItem\",\"position\":1,\"name\":\"Home\",\"item\":\"https:\\\/\\\/resolute.lt\\\/\"},{\"@type\":\"ListItem\",\"position\":2,\"name\":\"Resolute.lt\",\"item\":\"https:\\\/\\\/resolute.lt\\\/\"},{\"@type\":\"ListItem\",\"position\":3,\"name\":\"Ulefone Armor 30 Pro &#8211; 5G, 512GB\\\/16GB, Juodas\"}]},{\"@type\":\"WebSite\",\"@id\":\"https:\\\/\\\/resolute.lt\\\/#website\",\"url\":\"https:\\\/\\\/resolute.lt\\\/\",\"name\":\"Resolute.lt\",\"description\":\"Sm\u016bgiams ir vandeniui telefonai\",\"potentialAction\":[{\"@type\":\"SearchAction\",\"target\":{\"@type\":\"EntryPoint\",\"urlTemplate\":\"https:\\\/\\\/resolute.lt\\\/?s={search_term_string}\"},\"query-input\":{\"@type\":\"PropertyValueSpecification\",\"valueRequired\":true,\"valueName\":\"search_term_string\"}}],\"inLanguage\":\"lt-LT\"}]}<\/script>\n<!-- \/ Yoast SEO plugin. -->","yoast_head_json":{"title":"Ulefone Armor 30 Pro - 5G, 512GB\/16GB, Juodas - Resolute.lt","description":"Ulefone Armor 30 Pro\u00a0\u2013 sm\u016bgiams ir vandeniui atsparus 5G ry\u0161io telefonas su profesionalams skirta kamer\u0173 sistema ir galingu 118 dB garsiakalbiu.","robots":{"index":"index","follow":"follow","max-snippet":"max-snippet:-1","max-image-preview":"max-image-preview:large","max-video-preview":"max-video-preview:-1"},"canonical":"https:\/\/resolute.lt\/index.php\/produktas\/ulefone-armor-30-pro-5g\/","og_locale":"lt_LT","og_type":"article","og_title":"Ulefone Armor 30 Pro - 5G, 512GB\/16GB, Juodas - Resolute.lt","og_description":"Ulefone Armor 30 Pro\u00a0\u2013 sm\u016bgiams ir vandeniui atsparus 5G ry\u0161io telefonas su profesionalams skirta kamer\u0173 sistema ir galingu 118 dB garsiakalbiu.","og_url":"https:\/\/resolute.lt\/index.php\/produktas\/ulefone-armor-30-pro-5g\/","og_site_name":"Resolute.lt","article_modified_time":"2025-12-09T19:21:33+00:00","og_image":[{"width":1500,"height":1500,"url":"https:\/\/resolute.lt\/wp-content\/uploads\/2025\/05\/1.-Ulefone-Armor-30-Pro-5G-Juodas-Smugiams-vandeniui-atsparus-tvirtas-telefonas-Waterproof-Rugged-Phone-Triecienizturigs-un-udensnecaurlaidigs-talrunis-Telefono-resistente-al-agua-y-a-los-golpes.jpeg","type":"image\/jpeg"}],"twitter_card":"summary_large_image","twitter_misc":{"Est. reading time":"5 minut\u0117s"},"schema":{"@context":"https:\/\/schema.org","@graph":[{"@type":"WebPage","@id":"https:\/\/resolute.lt\/index.php\/produktas\/ulefone-armor-30-pro-5g\/","url":"https:\/\/resolute.lt\/index.php\/produktas\/ulefone-armor-30-pro-5g\/","name":"Ulefone Armor 30 Pro - 5G, 512GB\/16GB, Juodas - Resolute.lt","isPartOf":{"@id":"https:\/\/resolute.lt\/#website"},"primaryImageOfPage":{"@id":"https:\/\/resolute.lt\/index.php\/produktas\/ulefone-armor-30-pro-5g\/#primaryimage"},"image":{"@id":"https:\/\/resolute.lt\/index.php\/produktas\/ulefone-armor-30-pro-5g\/#primaryimage"},"thumbnailUrl":"https:\/\/resolute.lt\/wp-content\/uploads\/2025\/05\/1.-Ulefone-Armor-30-Pro-5G-Juodas-Smugiams-vandeniui-atsparus-tvirtas-telefonas-Waterproof-Rugged-Phone-Triecienizturigs-un-udensnecaurlaidigs-talrunis-Telefono-resistente-al-agua-y-a-los-golpes.jpeg","datePublished":"2025-05-29T05:53:59+00:00","dateModified":"2025-12-09T19:21:33+00:00","description":"Ulefone Armor 30 Pro\u00a0\u2013 sm\u016bgiams ir vandeniui atsparus 5G ry\u0161io telefonas su profesionalams skirta kamer\u0173 sistema ir galingu 118 dB garsiakalbiu.","breadcrumb":{"@id":"https:\/\/resolute.lt\/index.php\/produktas\/ulefone-armor-30-pro-5g\/#breadcrumb"},"inLanguage":"lt-LT","potentialAction":[{"@type":"ReadAction","target":["https:\/\/resolute.lt\/index.php\/produktas\/ulefone-armor-30-pro-5g\/"]}]},{"@type":"ImageObject","inLanguage":"lt-LT","@id":"https:\/\/resolute.lt\/index.php\/produktas\/ulefone-armor-30-pro-5g\/#primaryimage","url":"https:\/\/resolute.lt\/wp-content\/uploads\/2025\/05\/1.-Ulefone-Armor-30-Pro-5G-Juodas-Smugiams-vandeniui-atsparus-tvirtas-telefonas-Waterproof-Rugged-Phone-Triecienizturigs-un-udensnecaurlaidigs-talrunis-Telefono-resistente-al-agua-y-a-los-golpes.jpeg","contentUrl":"https:\/\/resolute.lt\/wp-content\/uploads\/2025\/05\/1.-Ulefone-Armor-30-Pro-5G-Juodas-Smugiams-vandeniui-atsparus-tvirtas-telefonas-Waterproof-Rugged-Phone-Triecienizturigs-un-udensnecaurlaidigs-talrunis-Telefono-resistente-al-agua-y-a-los-golpes.jpeg","width":1500,"height":1500},{"@type":"BreadcrumbList","@id":"https:\/\/resolute.lt\/index.php\/produktas\/ulefone-armor-30-pro-5g\/#breadcrumb","itemListElement":[{"@type":"ListItem","position":1,"name":"Home","item":"https:\/\/resolute.lt\/"},{"@type":"ListItem","position":2,"name":"Resolute.lt","item":"https:\/\/resolute.lt\/"},{"@type":"ListItem","position":3,"name":"Ulefone Armor 30 Pro &#8211; 5G, 512GB\/16GB, Juodas"}]},{"@type":"WebSite","@id":"https:\/\/resolute.lt\/#website","url":"https:\/\/resolute.lt\/","name":"Resolute.lt","description":"Sm\u016bgiams ir vandeniui telefonai","potentialAction":[{"@type":"SearchAction","target":{"@type":"EntryPoint","urlTemplate":"https:\/\/resolute.lt\/?s={search_term_string}"},"query-input":{"@type":"PropertyValueSpecification","valueRequired":true,"valueName":"search_term_string"}}],"inLanguage":"lt-LT"}]}},"_links":{"self":[{"href":"https:\/\/resolute.lt\/index.php\/wp-json\/wp\/v2\/product\/6095","targetHints":{"allow":["GET"]}}],"collection":[{"href":"https:\/\/resolute.lt\/index.php\/wp-json\/wp\/v2\/product"}],"about":[{"href":"https:\/\/resolute.lt\/index.php\/wp-json\/wp\/v2\/types\/product"}],"wp:featuredmedia":[{"embeddable":true,"href":"https:\/\/resolute.lt\/index.php\/wp-json\/wp\/v2\/media\/6096"}],"wp:attachment":[{"href":"https:\/\/resolute.lt\/index.php\/wp-json\/wp\/v2\/media?parent=6095"}],"wp:term":[{"taxonomy":"product_brand","embeddable":true,"href":"https:\/\/resolute.lt\/index.php\/wp-json\/wp\/v2\/product_brand?post=6095"},{"taxonomy":"product_cat","embeddable":true,"href":"https:\/\/resolute.lt\/index.php\/wp-json\/wp\/v2\/product_cat?post=6095"},{"taxonomy":"product_tag","embeddable":true,"href":"https:\/\/resolute.lt\/index.php\/wp-json\/wp\/v2\/product_tag?post=6095"}],"curies":[{"name":"wp","href":"https:\/\/api.w.org\/{rel}","templated":true}]}}