{"id":5825,"date":"2025-02-21T14:31:04","date_gmt":"2025-02-21T14:31:04","guid":{"rendered":"https:\/\/resolute.lt\/?post_type=product&#038;p=5825"},"modified":"2025-12-09T18:35:37","modified_gmt":"2025-12-09T18:35:37","slug":"doogee-v40-5g-juodas","status":"publish","type":"product","link":"https:\/\/resolute.lt\/index.php\/produktas\/doogee-v40-5g-juodas\/","title":{"rendered":"Doogee V40 &#8211; 5G, 512\/12GB, Juodas"},"content":{"rendered":"<p><strong>Doogee V40 <\/strong>\u2013 auk\u0161\u010diausios klas\u0117s vandeniui ir sm\u016bgiams atsparus <strong>5G<\/strong> telefonas su 512 GB vidine ir 12 GB RAM atmintimi, rinkoje lyderiaujan\u010dia <a href=\"https:\/\/semiconductor.samsung.com\/image-sensor\/mobile-image-sensor\/isocell-hm6\/\" target=\"_blank\" rel=\"noopener\">Samsung\u2122 ISOCELL HM6 108 MP kamera<\/a>, 120 Hz 6,78\u2033 IPS ekranu, ypa\u010d galingu Dimensity\u2122 D7300 procesoriumi bei Android 14 operacine sistema. Spauskite <a href=\"https:\/\/resolute.lt\/index.php\/produktas\/doogee-v40-5g-raudonas\/\" target=\"_blank\" rel=\"noopener\"><strong>\u010cIA<\/strong><\/a>, jei norite korpuso su raudonais akcentais.<\/p>\n<p><strong><a href=\"https:\/\/www.resolute.lt\/\">RESOLUTE.LT EL. PARDUOTUV\u0116:<\/a><\/strong><br \/>\n<strong>\u2013 5-7 darbo dien\u0173 pristatymas!<br \/>\n<\/strong>\u2013 Apmok\u0117jimas Google Pay, banko kortele, el. bankininkyste ar PayPal.<br \/>\n\u2013 Tik naujos prek\u0117s su 2 met\u0173 garantija!<\/p>\n<h3><strong>Idealus pasirinkimams ie\u0161kantiems \u0161i\u0173 savybi\u0173 viename \u012frenginyje:<\/strong><\/h3>\n<ul>\n<li>Auk\u0161\u010diausios klas\u0117s kamera (<a href=\"https:\/\/semiconductor.samsung.com\/image-sensor\/mobile-image-sensor\/isocell-hm6\/\" target=\"_blank\" rel=\"noopener\">108 MP Samsung\u2122 ISOCELL HM6<\/a>)<\/li>\n<li>Naktinio matymo kamera (20 MP)<\/li>\n<li>Auk\u0161\u010diausios klas\u0117s procesorius (<a href=\"https:\/\/www.mediatek.com\/products\/smartphones\/mediatek-dimensity-7300\" target=\"_blank\" rel=\"noopener\">Dimensity\u2122 D7300<\/a>)<\/li>\n<\/ul>\n<h3><strong>Kiti sm\u016bgiams ir vandeniui atspar\u016bs Doogee modeliai:<\/strong><\/h3>\n<ul>\n<li>Domina 10,5 mm plonumo auk\u0161\u010diausios klas\u0117s telefonas i\u0161 Doogee\u2122? Rekomenduojame\u00a0<strong><a href=\"https:\/\/resolute.lt\/index.php\/produktas\/doogee-blade-gt-ultra-5g-juodas\/\" target=\"_blank\" rel=\"noopener\">Doogee Blade GT Ultra<\/a><\/strong>.<\/li>\n<li>Domina auk\u0161tos klas\u0117s telefonas i\u0161 Ulefone\u2122 iki 400 \u20ac? Rekomenduojame\u00a0<strong><a href=\"https:\/\/resolute.lt\/index.php\/produktas\/ulefone-armor-27t-pro\/\" target=\"_blank\" rel=\"noopener\">Ulefone Armor 27T Pro<\/a><\/strong>.<\/li>\n<\/ul>\n<section id=\"section_2145972809\" class=\"section\">\n<div class=\"section-content relative\">\n<div id=\"row-1175821349\" class=\"row align-center\">\n<div id=\"col-130476939\" class=\"col medium-4 small-10 large-4\">\n<div class=\"col-inner\">\n<h1><strong>Komplektacija<\/strong><\/h1>\n<\/div>\n<\/div>\n<div id=\"col-1358541524\" class=\"col medium-8 small-10 large-8\">\n<div class=\"col-inner\">\n<ul>\n<li><b>1x\u00a0\u00a0<\/b>I\u0161manus telefonas<\/li>\n<li><b>1x\u00a0 <\/b>EU \u012fkroviklis<\/li>\n<li><b>1x\u00a0\u00a0<\/b>USB-C laidas<\/li>\n<li><b>1x<\/b>\u00a0 Ekrano apsauga (gamykli\u0161kai u\u017ed\u0117ta)<\/li>\n<li><b>1x<\/b>\u00a0 Ekrano apsauga (papildoma)<\/li>\n<li><b>1x<\/b>\u00a0 Naudojimosi instrukcijos<\/li>\n<\/ul>\n<\/div>\n<\/div>\n<\/div>\n<div id=\"row-214715003\" class=\"row align-center\">\n<div id=\"col-883847564\" class=\"col medium-4 small-10 large-4\">\n<div class=\"col-inner\">\n<h1><strong>Bendrieji parametrai<\/strong><\/h1>\n<\/div>\n<\/div>\n<div id=\"col-35252131\" class=\"col medium-8 small-10 large-8\">\n<div class=\"col-inner\">\n<ul>\n<li><strong>Prek\u0117s tipas:<\/strong>\u00a0Mobilieji telefonai<\/li>\n<li><strong>Prek\u0117s spalva:<\/strong> Juoda<\/li>\n<li><strong>Prek\u0117s korpusas: <\/strong>Aliuminis, titanas, polikarbonatas, TPU<\/li>\n<li><strong>Palaikom\u0173 SIM korteli\u0173 kiekis:<\/strong>\u00a02<\/li>\n<li><strong>Palaikom\u0173 SIM korteli\u0173 tipas:<\/strong>\u00a0NanoSIM<\/li>\n<\/ul>\n<\/div>\n<\/div>\n<\/div>\n<div id=\"row-214715003\" class=\"row align-center\">\n<div id=\"col-883847564\" class=\"col medium-4 small-10 large-4\">\n<div class=\"col-inner\">\n<h1><strong>Matmenys ir svoris<\/strong><\/h1>\n<\/div>\n<\/div>\n<div id=\"col-35252131\" class=\"col medium-8 small-10 large-8\">\n<div class=\"col-inner\">\n<ul>\n<li><strong>Matmenys: <\/strong>183,7 x 83,9 x 16,3\u00a0mm<\/li>\n<li><strong>Svoris:<\/strong> 382 g<\/li>\n<\/ul>\n<\/div>\n<\/div>\n<\/div>\n<div id=\"row-214715003\" class=\"row align-center\">\n<div id=\"col-883847564\" class=\"col medium-4 small-10 large-4\">\n<div class=\"col-inner\">\n<h1><strong>Operacin\u0117 sistema<\/strong><\/h1>\n<\/div>\n<\/div>\n<div id=\"col-35252131\" class=\"col medium-8 small-10 large-8\">\n<div class=\"col-inner\">\n<ul>\n<li><strong>Operacin\u0117 sistema:<\/strong>\u00a0Android<\/li>\n<li><strong>Operacin\u0117s sistemos versija:\u00a0<\/strong>14<\/li>\n<li><strong>Palaikomos kalbos:<\/strong> Lietuvi\u0173, angl\u0173, \u010dek\u0173, pranc\u016bz\u0173, vokie\u010di\u0173, ital\u0173, lenk\u0173, ispan\u0173, \u0161ved\u0173, ukrainie\u010di\u0173, rus\u0173 ir kt.<\/li>\n<\/ul>\n<\/div>\n<\/div>\n<\/div>\n<div id=\"row-214715003\" class=\"row align-center\">\n<div id=\"col-883847564\" class=\"col medium-4 small-10 large-4\">\n<div class=\"col-inner\">\n<h1><strong>Procesorius ir vaizdo plok\u0161t\u0117<\/strong><\/h1>\n<\/div>\n<\/div>\n<div id=\"col-35252131\" class=\"col medium-8 small-10 large-8\">\n<div class=\"col-inner\">\n<ul>\n<li><strong>Procesoriaus modelis: <\/strong>MediaTek Dimensity\u2122 7300<\/li>\n<li><strong>Proceso technologija:<\/strong> 4 nm<\/li>\n<li><strong>Procesoriaus branduoli\u0173 kiekis:<\/strong>\u00a08<\/li>\n<li><strong>Procesoriaus branduoli\u0173 da\u017eniai:<\/strong> 4x 2,5 GHz Cortex-A78 ir 4x 2,0 GHz Cortex-A55<\/li>\n<li><strong>Vaizdo plok\u0161t\u0117s modelis: <\/strong>ARM Mali-G615 MC2<\/li>\n<li><strong>Vaizdo plok\u0161t\u0117s branduoli\u0173 kiekis:<\/strong> 2<\/li>\n<\/ul>\n<\/div>\n<\/div>\n<\/div>\n<div id=\"row-2111937453\" class=\"row align-center\">\n<div id=\"col-1355999373\" class=\"col medium-4 small-10 large-4\">\n<div class=\"col-inner\">\n<h1><strong>Atmintis<\/strong><\/h1>\n<\/div>\n<\/div>\n<div id=\"col-2062834539\" class=\"col medium-8 small-10 large-8\">\n<div class=\"col-inner\">\n<ul>\n<li><strong>Vidin\u0117 atminis:\u00a0<\/strong>512 GB<\/li>\n<li><strong>Fizin\u0117 darbin\u0117 atmintis (RAM):<\/strong> 12 GB<\/li>\n<li><strong>Virtuali darbin\u0117 atmintis (RAM):<\/strong> 8 GB<\/li>\n<li><strong>Bendra darbin\u0117 atmintis (RAM):<\/strong> 20 GB<\/li>\n<li><strong>Darbin\u0117s atminties da\u017enis: <\/strong>3,2 GHz<\/li>\n<li><strong>Atminties kortel\u0117s palaikymas: <\/strong>Taip, MicroSD<\/li>\n<li><strong>Atminties kortel\u0117s talpa:<\/strong> Iki 2 TB<\/li>\n<\/ul>\n<\/div>\n<\/div>\n<\/div>\n<div id=\"row-1271375553\" class=\"row align-center\">\n<div id=\"col-201046948\" class=\"col medium-4 small-10 large-4\">\n<div class=\"col-inner\">\n<h1><strong>Ekranas<\/strong><\/h1>\n<\/div>\n<\/div>\n<div id=\"col-35252131\" class=\"col medium-8 small-10 large-8\">\n<div class=\"col-inner\">\n<ul>\n<li><strong>Dydis:<\/strong> 6,78&#8243;<\/li>\n<li><strong>Rai\u0161ka:<\/strong> 2460 x 1080<\/li>\n<li><strong>PPI (pikseliai per col\u012f): <\/strong>396<\/li>\n<li><strong>Atnaujinimo da\u017enis:<\/strong>\u00a0120 Hz<\/li>\n<li><strong>Tipas:<\/strong>\u00a0IPS LCD<\/li>\n<li><strong>Plotas:<\/strong> 82 %<\/li>\n<li><strong>I\u0161orinio stiklo tipas:<\/strong> Corning Gorilla Glass<\/li>\n<li><strong>Pir\u0161tini\u0173 re\u017eimas:<\/strong> Taip<\/li>\n<\/ul>\n<\/div>\n<\/div>\n<\/div>\n<div id=\"row-214715003\" class=\"row align-center\">\n<div id=\"col-883847564\" class=\"col medium-4 small-10 large-4\">\n<div class=\"col-inner\">\n<h1><strong>Lizdai ir sensoriai<\/strong><\/h1>\n<\/div>\n<\/div>\n<div id=\"col-35252131\" class=\"col medium-8 small-10 large-8\">\n<div class=\"col-inner\">\n<ul>\n<li><strong>USB lizdo tipas:<\/strong>\u00a0USB-C<\/li>\n<li><strong>Ausini\u0173 lizdas (AUX): <\/strong>Ne<\/li>\n<li><strong>Pir\u0161t\u0173 antspaud\u0173 sensorius:<\/strong> Taip, \u0161oninis<\/li>\n<\/ul>\n<\/div>\n<\/div>\n<\/div>\n<div id=\"row-214715003\" class=\"row align-center\">\n<div id=\"col-883847564\" class=\"col medium-4 small-10 large-4\">\n<div class=\"col-inner\">\n<h1><strong>Pagrindin\u0117 kamera<\/strong><\/h1>\n<\/div>\n<\/div>\n<div id=\"col-35252131\" class=\"col medium-8 small-10 large-8\">\n<div class=\"col-inner\">\n<ul>\n<li><strong>Sensori\u0173 kiekis: <\/strong>4<\/li>\n<li><strong>Pagrindinis sensorius:<\/strong> 108 MP <a href=\"https:\/\/semiconductor.samsung.com\/image-sensor\/mobile-image-sensor\/isocell-hm6\/\" target=\"_blank\" rel=\"noopener\">Samsung\u2122 ISOCELL HM6<\/a>, 85\u00b0<\/li>\n<li><strong>Naktinio matymo sensorius:<\/strong> 20 MP, 78\u00b0<\/li>\n<li><strong>Ultra-platus\/makro sensorius: <\/strong>8 MP, 119\u00b0<\/li>\n<li><strong>Gylio sensorius:<\/strong> 0,08 MP<\/li>\n<li><strong>Filmavimas: <\/strong>2160p@30fps, 1080p@30fps<\/li>\n<li><strong>Blykst\u0117s tipas:<\/strong> LED, 2 diod\u0173<\/li>\n<\/ul>\n<\/div>\n<\/div>\n<\/div>\n<div id=\"row-214715003\" class=\"row align-center\">\n<div id=\"col-883847564\" class=\"col medium-4 small-10 large-4\">\n<div class=\"col-inner\">\n<h1><strong>Priekin\u0117 kamera<\/strong><\/h1>\n<\/div>\n<\/div>\n<div id=\"col-35252131\" class=\"col medium-8 small-10 large-8\">\n<div class=\"col-inner\">\n<ul>\n<li><strong>Sensorius: <\/strong>16 MP<\/li>\n<li><strong>Filmavimas:\u00a0<\/strong>1080p@30fps<\/li>\n<\/ul>\n<\/div>\n<\/div>\n<\/div>\n<div id=\"row-214715003\" class=\"row align-center\">\n<div id=\"col-883847564\" class=\"col medium-4 small-10 large-4\">\n<div class=\"col-inner\">\n<h1><strong>Internetas ir komunikacija<\/strong><\/h1>\n<\/div>\n<\/div>\n<div id=\"col-35252131\" class=\"col medium-8 small-10 large-8\">\n<div class=\"col-inner\">\n<ul>\n<li><strong>WiFi s\u0105saja:\u00a0<\/strong>Taip<\/li>\n<li><strong>3G ry\u0161ys:\u00a0<\/strong>Taip<\/li>\n<li><strong>4G ry\u0161ys:\u00a0<\/strong>Taip<\/li>\n<li><strong>5G ry\u0161ys:<\/strong> Taip<\/li>\n<li><strong>Bluetooth s\u0105saja:\u00a0<\/strong>Taip<\/li>\n<li><strong>Bluetooth versija:\u00a0<\/strong>5.2<\/li>\n<li><strong>NFC s\u0105saja:\u00a0<\/strong>Taip<\/li>\n<li><strong>FM radijas:\u00a0<\/strong>Taip<\/li>\n<li><strong>GPS s\u0105saja:\u00a0<\/strong>Taip<\/li>\n<li><strong>GPS sistemos:<\/strong> GPS, A-GPS, GLONASS, BeiDou, Galileo<\/li>\n<\/ul>\n<\/div>\n<\/div>\n<\/div>\n<div id=\"row-214715003\" class=\"row align-center\">\n<div id=\"col-883847564\" class=\"col medium-4 small-10 large-4\">\n<div class=\"col-inner\">\n<h1><strong>Baterija<\/strong><\/h1>\n<\/div>\n<\/div>\n<div id=\"col-35252131\" class=\"col medium-8 small-10 large-8\">\n<div class=\"col-inner\">\n<ul>\n<li><strong>Talpa: <\/strong>8680 mAh<\/li>\n<li><strong>Greitasis laidinis \u012fkrovimas: <\/strong>Taip, 33 W<\/li>\n<li><strong>Greitasis belaidis \u012fkrovimas:<\/strong> Taip<\/li>\n<li><strong>Atvirk\u0161tinis laidinis \u012fkrovimas:<\/strong> Taip<\/li>\n<li><strong>B\u016bd\u0117jimo laikas:<\/strong> 19,8 dienos<\/li>\n<li><strong>Skambu\u010di\u0173 laikas<\/strong>: 2 dienos<\/li>\n<li><strong>Muzikos laikas:<\/strong> 1,8 dienos<\/li>\n<li><strong>Video laikas:<\/strong> 17,8 val.<\/li>\n<\/ul>\n<\/div>\n<\/div>\n<\/div>\n<div id=\"row-214715003\" class=\"row align-center\">\n<div id=\"col-883847564\" class=\"col medium-4 small-10 large-4\">\n<div class=\"col-inner\">\n<h1><strong>Papildomi duomenys<\/strong><\/h1>\n<\/div>\n<\/div>\n<div id=\"col-35252131\" class=\"col medium-8 small-10 large-8\">\n<div class=\"col-inner\">\n<ul>\n<li>I\u0161leidimo laikas: 2024 m. gruodis<\/li>\n<li>Gamybos laikas: 2025 m. III ketvirtis<\/li>\n<li>IP68\/IP69K standartas (atsparumas vandeniui ir dulk\u0117ms)<\/li>\n<li>MIL-STD-810H standartas<\/li>\n<li>Darbin\u0117 temperat\u016bra: -40\u00b0C \u2013 70\u00b0C<\/li>\n<\/ul>\n<\/div>\n<\/div>\n<\/div>\n<\/div>\n<\/section>\n","protected":false},"excerpt":{"rendered":"<p>Doogee V40 \u2013 auk\u0161\u010diausios klas\u0117s vandeniui ir sm\u016bgiams atsparus 5G telefonas su 512 GB vidine ir 12 GB RAM atmintimi, rinkoje lyderiaujan\u010dia Samsung\u2122 ISOCELL HM6 108 MP kamera, 120 Hz 6,78\u2033 IPS ekranu, ypa\u010d galingu Dimensity\u2122 D7300 procesoriumi bei Android 14 operacine sistema. Spauskite \u010cIA, jei norite korpuso su raudonais akcentais. RESOLUTE.LT EL. PARDUOTUV\u0116: \u2013 [&#8230;]\n","protected":false},"featured_media":5829,"template":"","meta":[],"product_brand":[],"product_cat":[34],"product_tag":[],"class_list":{"0":"post-5825","1":"product","2":"type-product","3":"status-publish","4":"has-post-thumbnail","6":"product_cat-doogee-telefonai","8":"first","9":"instock","10":"sale","11":"shipping-taxable","12":"purchasable","13":"product-type-simple"},"yoast_head":"<!-- This site is optimized with the Yoast SEO plugin v27.3 - https:\/\/yoast.com\/product\/yoast-seo-wordpress\/ -->\n<title>Doogee V40 - 5G, 512\/12GB, Juodas - Resolute.lt<\/title>\n<meta name=\"description\" content=\"Doogee V40 \u2013 vandeniui ir sm\u016bgiams atsparus 5G telefonas su kokybi\u0161ka 200 MP kamera, 120 Hz 6,68\u2033 ekranu bei ultra-galingu D7300 4 nm procesoriumi.\" \/>\n<meta name=\"robots\" content=\"index, follow, max-snippet:-1, max-image-preview:large, max-video-preview:-1\" \/>\n<link rel=\"canonical\" href=\"https:\/\/resolute.lt\/index.php\/produktas\/doogee-v40-5g-juodas\/\" \/>\n<meta property=\"og:locale\" content=\"lt_LT\" \/>\n<meta property=\"og:type\" content=\"article\" \/>\n<meta property=\"og:title\" content=\"Doogee V40 - 5G, 512\/12GB, Juodas - Resolute.lt\" \/>\n<meta property=\"og:description\" content=\"Doogee V40 \u2013 vandeniui ir sm\u016bgiams atsparus 5G telefonas su kokybi\u0161ka 200 MP kamera, 120 Hz 6,68\u2033 ekranu bei ultra-galingu D7300 4 nm procesoriumi.\" \/>\n<meta property=\"og:url\" content=\"https:\/\/resolute.lt\/index.php\/produktas\/doogee-v40-5g-juodas\/\" \/>\n<meta property=\"og:site_name\" content=\"Resolute.lt\" \/>\n<meta property=\"article:modified_time\" content=\"2025-12-09T18:35:37+00:00\" \/>\n<meta property=\"og:image\" content=\"https:\/\/resolute.lt\/wp-content\/uploads\/2025\/02\/1.-Doogee-V40-5G-Black-Smugiams-vandeniui-atsparus-telefonai-Rugged-waterproof-phones-Robuste-wasserdichte-telefone-Telephones-robustes-etanches-Telefonos-resistentes-Resolute.lt_.jpg\" \/>\n\t<meta property=\"og:image:width\" content=\"1000\" \/>\n\t<meta property=\"og:image:height\" content=\"1000\" \/>\n\t<meta property=\"og:image:type\" content=\"image\/jpeg\" \/>\n<meta name=\"twitter:card\" content=\"summary_large_image\" \/>\n<meta name=\"twitter:label1\" content=\"Est. reading time\" \/>\n\t<meta name=\"twitter:data1\" content=\"3 minut\u0117s\" \/>\n<script type=\"application\/ld+json\" class=\"yoast-schema-graph\">{\"@context\":\"https:\\\/\\\/schema.org\",\"@graph\":[{\"@type\":\"WebPage\",\"@id\":\"https:\\\/\\\/resolute.lt\\\/index.php\\\/produktas\\\/doogee-v40-5g-juodas\\\/\",\"url\":\"https:\\\/\\\/resolute.lt\\\/index.php\\\/produktas\\\/doogee-v40-5g-juodas\\\/\",\"name\":\"Doogee V40 - 5G, 512\\\/12GB, Juodas - Resolute.lt\",\"isPartOf\":{\"@id\":\"https:\\\/\\\/resolute.lt\\\/#website\"},\"primaryImageOfPage\":{\"@id\":\"https:\\\/\\\/resolute.lt\\\/index.php\\\/produktas\\\/doogee-v40-5g-juodas\\\/#primaryimage\"},\"image\":{\"@id\":\"https:\\\/\\\/resolute.lt\\\/index.php\\\/produktas\\\/doogee-v40-5g-juodas\\\/#primaryimage\"},\"thumbnailUrl\":\"https:\\\/\\\/resolute.lt\\\/wp-content\\\/uploads\\\/2025\\\/02\\\/1.-Doogee-V40-5G-Black-Smugiams-vandeniui-atsparus-telefonai-Rugged-waterproof-phones-Robuste-wasserdichte-telefone-Telephones-robustes-etanches-Telefonos-resistentes-Resolute.lt_.jpg\",\"datePublished\":\"2025-02-21T14:31:04+00:00\",\"dateModified\":\"2025-12-09T18:35:37+00:00\",\"description\":\"Doogee V40 \u2013 vandeniui ir sm\u016bgiams atsparus 5G telefonas su kokybi\u0161ka 200 MP kamera, 120 Hz 6,68\u2033 ekranu bei ultra-galingu D7300 4 nm procesoriumi.\",\"breadcrumb\":{\"@id\":\"https:\\\/\\\/resolute.lt\\\/index.php\\\/produktas\\\/doogee-v40-5g-juodas\\\/#breadcrumb\"},\"inLanguage\":\"lt-LT\",\"potentialAction\":[{\"@type\":\"ReadAction\",\"target\":[\"https:\\\/\\\/resolute.lt\\\/index.php\\\/produktas\\\/doogee-v40-5g-juodas\\\/\"]}]},{\"@type\":\"ImageObject\",\"inLanguage\":\"lt-LT\",\"@id\":\"https:\\\/\\\/resolute.lt\\\/index.php\\\/produktas\\\/doogee-v40-5g-juodas\\\/#primaryimage\",\"url\":\"https:\\\/\\\/resolute.lt\\\/wp-content\\\/uploads\\\/2025\\\/02\\\/1.-Doogee-V40-5G-Black-Smugiams-vandeniui-atsparus-telefonai-Rugged-waterproof-phones-Robuste-wasserdichte-telefone-Telephones-robustes-etanches-Telefonos-resistentes-Resolute.lt_.jpg\",\"contentUrl\":\"https:\\\/\\\/resolute.lt\\\/wp-content\\\/uploads\\\/2025\\\/02\\\/1.-Doogee-V40-5G-Black-Smugiams-vandeniui-atsparus-telefonai-Rugged-waterproof-phones-Robuste-wasserdichte-telefone-Telephones-robustes-etanches-Telefonos-resistentes-Resolute.lt_.jpg\",\"width\":1000,\"height\":1000},{\"@type\":\"BreadcrumbList\",\"@id\":\"https:\\\/\\\/resolute.lt\\\/index.php\\\/produktas\\\/doogee-v40-5g-juodas\\\/#breadcrumb\",\"itemListElement\":[{\"@type\":\"ListItem\",\"position\":1,\"name\":\"Home\",\"item\":\"https:\\\/\\\/resolute.lt\\\/\"},{\"@type\":\"ListItem\",\"position\":2,\"name\":\"Resolute.lt\",\"item\":\"https:\\\/\\\/resolute.lt\\\/\"},{\"@type\":\"ListItem\",\"position\":3,\"name\":\"Doogee V40 &#8211; 5G, 512\\\/12GB, Juodas\"}]},{\"@type\":\"WebSite\",\"@id\":\"https:\\\/\\\/resolute.lt\\\/#website\",\"url\":\"https:\\\/\\\/resolute.lt\\\/\",\"name\":\"Resolute.lt\",\"description\":\"Sm\u016bgiams ir vandeniui telefonai\",\"potentialAction\":[{\"@type\":\"SearchAction\",\"target\":{\"@type\":\"EntryPoint\",\"urlTemplate\":\"https:\\\/\\\/resolute.lt\\\/?s={search_term_string}\"},\"query-input\":{\"@type\":\"PropertyValueSpecification\",\"valueRequired\":true,\"valueName\":\"search_term_string\"}}],\"inLanguage\":\"lt-LT\"}]}<\/script>\n<!-- \/ Yoast SEO plugin. -->","yoast_head_json":{"title":"Doogee V40 - 5G, 512\/12GB, Juodas - Resolute.lt","description":"Doogee V40 \u2013 vandeniui ir sm\u016bgiams atsparus 5G telefonas su kokybi\u0161ka 200 MP kamera, 120 Hz 6,68\u2033 ekranu bei ultra-galingu D7300 4 nm procesoriumi.","robots":{"index":"index","follow":"follow","max-snippet":"max-snippet:-1","max-image-preview":"max-image-preview:large","max-video-preview":"max-video-preview:-1"},"canonical":"https:\/\/resolute.lt\/index.php\/produktas\/doogee-v40-5g-juodas\/","og_locale":"lt_LT","og_type":"article","og_title":"Doogee V40 - 5G, 512\/12GB, Juodas - Resolute.lt","og_description":"Doogee V40 \u2013 vandeniui ir sm\u016bgiams atsparus 5G telefonas su kokybi\u0161ka 200 MP kamera, 120 Hz 6,68\u2033 ekranu bei ultra-galingu D7300 4 nm procesoriumi.","og_url":"https:\/\/resolute.lt\/index.php\/produktas\/doogee-v40-5g-juodas\/","og_site_name":"Resolute.lt","article_modified_time":"2025-12-09T18:35:37+00:00","og_image":[{"width":1000,"height":1000,"url":"https:\/\/resolute.lt\/wp-content\/uploads\/2025\/02\/1.-Doogee-V40-5G-Black-Smugiams-vandeniui-atsparus-telefonai-Rugged-waterproof-phones-Robuste-wasserdichte-telefone-Telephones-robustes-etanches-Telefonos-resistentes-Resolute.lt_.jpg","type":"image\/jpeg"}],"twitter_card":"summary_large_image","twitter_misc":{"Est. reading time":"3 minut\u0117s"},"schema":{"@context":"https:\/\/schema.org","@graph":[{"@type":"WebPage","@id":"https:\/\/resolute.lt\/index.php\/produktas\/doogee-v40-5g-juodas\/","url":"https:\/\/resolute.lt\/index.php\/produktas\/doogee-v40-5g-juodas\/","name":"Doogee V40 - 5G, 512\/12GB, Juodas - Resolute.lt","isPartOf":{"@id":"https:\/\/resolute.lt\/#website"},"primaryImageOfPage":{"@id":"https:\/\/resolute.lt\/index.php\/produktas\/doogee-v40-5g-juodas\/#primaryimage"},"image":{"@id":"https:\/\/resolute.lt\/index.php\/produktas\/doogee-v40-5g-juodas\/#primaryimage"},"thumbnailUrl":"https:\/\/resolute.lt\/wp-content\/uploads\/2025\/02\/1.-Doogee-V40-5G-Black-Smugiams-vandeniui-atsparus-telefonai-Rugged-waterproof-phones-Robuste-wasserdichte-telefone-Telephones-robustes-etanches-Telefonos-resistentes-Resolute.lt_.jpg","datePublished":"2025-02-21T14:31:04+00:00","dateModified":"2025-12-09T18:35:37+00:00","description":"Doogee V40 \u2013 vandeniui ir sm\u016bgiams atsparus 5G telefonas su kokybi\u0161ka 200 MP kamera, 120 Hz 6,68\u2033 ekranu bei ultra-galingu D7300 4 nm procesoriumi.","breadcrumb":{"@id":"https:\/\/resolute.lt\/index.php\/produktas\/doogee-v40-5g-juodas\/#breadcrumb"},"inLanguage":"lt-LT","potentialAction":[{"@type":"ReadAction","target":["https:\/\/resolute.lt\/index.php\/produktas\/doogee-v40-5g-juodas\/"]}]},{"@type":"ImageObject","inLanguage":"lt-LT","@id":"https:\/\/resolute.lt\/index.php\/produktas\/doogee-v40-5g-juodas\/#primaryimage","url":"https:\/\/resolute.lt\/wp-content\/uploads\/2025\/02\/1.-Doogee-V40-5G-Black-Smugiams-vandeniui-atsparus-telefonai-Rugged-waterproof-phones-Robuste-wasserdichte-telefone-Telephones-robustes-etanches-Telefonos-resistentes-Resolute.lt_.jpg","contentUrl":"https:\/\/resolute.lt\/wp-content\/uploads\/2025\/02\/1.-Doogee-V40-5G-Black-Smugiams-vandeniui-atsparus-telefonai-Rugged-waterproof-phones-Robuste-wasserdichte-telefone-Telephones-robustes-etanches-Telefonos-resistentes-Resolute.lt_.jpg","width":1000,"height":1000},{"@type":"BreadcrumbList","@id":"https:\/\/resolute.lt\/index.php\/produktas\/doogee-v40-5g-juodas\/#breadcrumb","itemListElement":[{"@type":"ListItem","position":1,"name":"Home","item":"https:\/\/resolute.lt\/"},{"@type":"ListItem","position":2,"name":"Resolute.lt","item":"https:\/\/resolute.lt\/"},{"@type":"ListItem","position":3,"name":"Doogee V40 &#8211; 5G, 512\/12GB, Juodas"}]},{"@type":"WebSite","@id":"https:\/\/resolute.lt\/#website","url":"https:\/\/resolute.lt\/","name":"Resolute.lt","description":"Sm\u016bgiams ir vandeniui telefonai","potentialAction":[{"@type":"SearchAction","target":{"@type":"EntryPoint","urlTemplate":"https:\/\/resolute.lt\/?s={search_term_string}"},"query-input":{"@type":"PropertyValueSpecification","valueRequired":true,"valueName":"search_term_string"}}],"inLanguage":"lt-LT"}]}},"_links":{"self":[{"href":"https:\/\/resolute.lt\/index.php\/wp-json\/wp\/v2\/product\/5825","targetHints":{"allow":["GET"]}}],"collection":[{"href":"https:\/\/resolute.lt\/index.php\/wp-json\/wp\/v2\/product"}],"about":[{"href":"https:\/\/resolute.lt\/index.php\/wp-json\/wp\/v2\/types\/product"}],"wp:featuredmedia":[{"embeddable":true,"href":"https:\/\/resolute.lt\/index.php\/wp-json\/wp\/v2\/media\/5829"}],"wp:attachment":[{"href":"https:\/\/resolute.lt\/index.php\/wp-json\/wp\/v2\/media?parent=5825"}],"wp:term":[{"taxonomy":"product_brand","embeddable":true,"href":"https:\/\/resolute.lt\/index.php\/wp-json\/wp\/v2\/product_brand?post=5825"},{"taxonomy":"product_cat","embeddable":true,"href":"https:\/\/resolute.lt\/index.php\/wp-json\/wp\/v2\/product_cat?post=5825"},{"taxonomy":"product_tag","embeddable":true,"href":"https:\/\/resolute.lt\/index.php\/wp-json\/wp\/v2\/product_tag?post=5825"}],"curies":[{"name":"wp","href":"https:\/\/api.w.org\/{rel}","templated":true}]}}