{"id":5822,"date":"2025-02-21T12:16:42","date_gmt":"2025-02-21T12:16:42","guid":{"rendered":"https:\/\/resolute.lt\/?post_type=product&#038;p=5822"},"modified":"2025-12-13T11:16:17","modified_gmt":"2025-12-13T11:16:17","slug":"doogee-s118-pro-5g-juodas","status":"publish","type":"product","link":"https:\/\/resolute.lt\/index.php\/produktas\/doogee-s118-pro-5g-juodas\/","title":{"rendered":"Doogee S118 Pro &#8211; 5G, 512\/8GB, Juodas"},"content":{"rendered":"<p><strong>Doogee S118 Pro<\/strong> \u2013 auk\u0161tos klas\u0117s vandeniui ir sm\u016bgiams atsparus <strong>5G<\/strong> telefonas i\u0161 ilgamet\u0117s Doogee S\u2122 serijos. Telefonas stebina savo 512 GB vidine ir 8 GB RAM atmintimi, ypa\u010d ilgai be \u012fkrovimo tarnaujan\u010dia <strong>10800 mAh baterija<\/strong>, auk\u0161tos rai\u0161kos 108 MP kamera, 120 Hz 6,58\u2033 IPS ekranu, ypa\u010d spar\u010diu Dimensity\u2122 7050 procesoriumi bei Android 14 operacine sistema su lietuvi\u0173 kalba. Spauskite <strong><a href=\"https:\/\/resolute.lt\/index.php\/produktas\/doogee-s118-pro-5g-raudonas\" target=\"_blank\" rel=\"noopener\">\u010cIA<\/a><\/strong>, jeigu norite raudono varianto.<\/p>\n<p><strong><a href=\"https:\/\/www.resolute.lt\/\">RESOLUTE.LT EL. PARDUOTUV\u0116:<\/a><\/strong><br \/>\n<strong>\u2013 5-7\u00a0darbo dien\u0173 pristatymas!<br \/>\n<\/strong>\u2013 Apmok\u0117jimas Google Pay, banko kortele, el. bankininkyste ar PayPal.<br \/>\n\u2013 Tik naujos prek\u0117s su 2 met\u0173 garantija!<\/p>\n<h3><strong>Idealus pasirinkimams ie\u0161kantiems \u0161i\u0173 savybi\u0173 viename \u012frenginyje:<\/strong><\/h3>\n<ul>\n<li>Didel\u0117 ilgo tarnavimo baterija (10800 mAh)<\/li>\n<li>Auk\u0161tos rai\u0161kos kamera (108 MP)<\/li>\n<\/ul>\n<h3><strong>Kiti sm\u016bgiams ir vandeniui atspar\u016bs modeliai:<\/strong><\/h3>\n<ul>\n<li>Domina 10,5 mm plonumo auk\u0161\u010diausios klas\u0117s telefonas i\u0161 Doogee\u2122? Rekomenduojame <strong><a href=\"https:\/\/resolute.lt\/index.php\/produktas\/doogee-blade-gt-ultra-5g-juodas\/\" target=\"_blank\" rel=\"noopener\">Doogee Blade GT Ultra<\/a><\/strong>.<\/li>\n<li>Domina auk\u0161tos klas\u0117s telefonas i\u0161 Ulefone\u2122 iki 400 \u20ac? Rekomenduojame <strong><a href=\"https:\/\/resolute.lt\/index.php\/produktas\/ulefone-armor-27t-pro\/\" target=\"_blank\" rel=\"noopener\">Ulefone Armor 27T Pro<\/a><\/strong>.<\/li>\n<\/ul>\n<section id=\"section_2145972809\" class=\"section\">\n<div class=\"section-content relative\">\n<div id=\"row-1175821349\" class=\"row align-center\">\n<div id=\"col-130476939\" class=\"col medium-4 small-10 large-4\">\n<div class=\"col-inner\">\n<h1><strong>Komplektacija<\/strong><\/h1>\n<\/div>\n<\/div>\n<div id=\"col-1358541524\" class=\"col medium-8 small-10 large-8\">\n<div class=\"col-inner\">\n<ul>\n<li><b>1x\u00a0\u00a0<\/b>I\u0161manus telefonas<\/li>\n<li><b>1x\u00a0 <\/b>EU \u012fkroviklis<\/li>\n<li><b>1x\u00a0\u00a0<\/b>USB-C laidas<\/li>\n<li><b>1x<\/b>\u00a0 Ekrano apsauga (gamykli\u0161kai u\u017ed\u0117ta)<\/li>\n<li><b>1x<\/b>\u00a0 Ekrano apsauga (papildoma)<\/li>\n<li><b>1x<\/b>\u00a0 Naudojimosi instrukcijos<\/li>\n<\/ul>\n<\/div>\n<\/div>\n<\/div>\n<div id=\"row-214715003\" class=\"row align-center\">\n<div id=\"col-883847564\" class=\"col medium-4 small-10 large-4\">\n<div class=\"col-inner\">\n<h1><strong>Bendrieji parametrai<\/strong><\/h1>\n<\/div>\n<\/div>\n<div id=\"col-35252131\" class=\"col medium-8 small-10 large-8\">\n<div class=\"col-inner\">\n<ul>\n<li><strong>Prek\u0117s tipas:<\/strong>\u00a0Mobilieji telefonai<\/li>\n<li><strong>Prek\u0117s spalva:<\/strong> Juoda<\/li>\n<li><strong>Prek\u0117s korpusas: <\/strong>Aliuminis, polikarbonatas, TPU<\/li>\n<li><strong>Palaikom\u0173 SIM korteli\u0173 kiekis:<\/strong>\u00a02<\/li>\n<li><strong>Palaikom\u0173 SIM korteli\u0173 tipas:<\/strong>\u00a0NanoSIM<\/li>\n<\/ul>\n<\/div>\n<\/div>\n<\/div>\n<div id=\"row-214715003\" class=\"row align-center\">\n<div id=\"col-883847564\" class=\"col medium-4 small-10 large-4\">\n<div class=\"col-inner\">\n<h1><strong>Matmenys ir svoris<\/strong><\/h1>\n<\/div>\n<\/div>\n<div id=\"col-35252131\" class=\"col medium-8 small-10 large-8\">\n<div class=\"col-inner\">\n<ul>\n<li><strong>Matmenys: <\/strong>178,5 x 83,1 x 17,9 mm<\/li>\n<li><strong>Svoris:<\/strong> 376 g<\/li>\n<\/ul>\n<\/div>\n<\/div>\n<\/div>\n<div id=\"row-214715003\" class=\"row align-center\">\n<div id=\"col-883847564\" class=\"col medium-4 small-10 large-4\">\n<div class=\"col-inner\">\n<h1><strong>Operacin\u0117 sistema<\/strong><\/h1>\n<\/div>\n<\/div>\n<div id=\"col-35252131\" class=\"col medium-8 small-10 large-8\">\n<div class=\"col-inner\">\n<ul>\n<li><strong>Operacin\u0117 sistema:<\/strong>\u00a0Android<\/li>\n<li><strong>Operacin\u0117s sistemos versija:\u00a0<\/strong>14<\/li>\n<li><strong>Palaikomos kalbos:<\/strong> Lietuvi\u0173, angl\u0173, ukrainie\u010di\u0173, lenk\u0173, latvi\u0173, vokie\u010di\u0173, rus\u0173 ir kt.<\/li>\n<\/ul>\n<\/div>\n<\/div>\n<\/div>\n<div id=\"row-214715003\" class=\"row align-center\">\n<div id=\"col-883847564\" class=\"col medium-4 small-10 large-4\">\n<div class=\"col-inner\"><\/div>\n<\/div>\n<\/div>\n<div id=\"row-214715003\" class=\"row align-center\">\n<div id=\"col-35252131\" class=\"col medium-8 small-10 large-8\">\n<div class=\"col-inner\"><\/div>\n<\/div>\n<\/div>\n<\/div>\n<\/section>\n","protected":false},"excerpt":{"rendered":"<p>Doogee S118 Pro \u2013 auk\u0161tos klas\u0117s vandeniui ir sm\u016bgiams atsparus 5G telefonas i\u0161 ilgamet\u0117s Doogee S\u2122 serijos. Telefonas stebina savo 512 GB vidine ir 8 GB RAM atmintimi, ypa\u010d ilgai be \u012fkrovimo tarnaujan\u010dia 10800 mAh baterija, auk\u0161tos rai\u0161kos 108 MP kamera, 120 Hz 6,58\u2033 IPS ekranu, ypa\u010d spar\u010diu Dimensity\u2122 7050 procesoriumi bei Android 14 operacine [&#8230;]\n","protected":false},"featured_media":5818,"template":"","meta":[],"product_brand":[],"product_cat":[34],"product_tag":[],"class_list":{"0":"post-5822","1":"product","2":"type-product","3":"status-publish","4":"has-post-thumbnail","6":"product_cat-doogee-telefonai","8":"first","9":"instock","10":"sale","11":"shipping-taxable","12":"purchasable","13":"product-type-simple"},"yoast_head":"<!-- This site is optimized with the Yoast SEO plugin v27.3 - https:\/\/yoast.com\/product\/yoast-seo-wordpress\/ -->\n<title>Doogee S118 Pro - 5G, 512\/8GB, Juodas - Resolute.lt<\/title>\n<meta name=\"description\" content=\"Doogee S118 Pro \u2013 vandeniui ir sm\u016bgiams atsparus su 10800 mAh baterija, kokybi\u0161ka auk\u0161tos rai\u0161kos 108 MP kamera bei 120 Hz 6,58\u2033 IPS ekranu.\" \/>\n<meta name=\"robots\" content=\"index, follow, max-snippet:-1, max-image-preview:large, max-video-preview:-1\" \/>\n<link rel=\"canonical\" href=\"https:\/\/resolute.lt\/index.php\/produktas\/doogee-s118-pro-5g-juodas\/\" \/>\n<meta property=\"og:locale\" content=\"lt_LT\" \/>\n<meta property=\"og:type\" content=\"article\" \/>\n<meta property=\"og:title\" content=\"Doogee S118 Pro - 5G, 512\/8GB, Juodas - Resolute.lt\" \/>\n<meta property=\"og:description\" content=\"Doogee S118 Pro \u2013 vandeniui ir sm\u016bgiams atsparus su 10800 mAh baterija, kokybi\u0161ka auk\u0161tos rai\u0161kos 108 MP kamera bei 120 Hz 6,58\u2033 IPS ekranu.\" \/>\n<meta property=\"og:url\" content=\"https:\/\/resolute.lt\/index.php\/produktas\/doogee-s118-pro-5g-juodas\/\" \/>\n<meta property=\"og:site_name\" content=\"Resolute.lt\" \/>\n<meta property=\"article:modified_time\" content=\"2025-12-13T11:16:17+00:00\" \/>\n<meta property=\"og:image\" content=\"https:\/\/resolute.lt\/wp-content\/uploads\/2025\/02\/1.-Doogee-S118-Pro-Smugiams-vandeniui-atsparus-telefonai-Rugged-waterproof-IP68-phones-Robuste-wasserdichte-telefone-Telephones-robustes-etanches-Telefonos-resistentes-Resolute.lt_.jpg\" \/>\n\t<meta property=\"og:image:width\" content=\"1060\" \/>\n\t<meta property=\"og:image:height\" content=\"1060\" \/>\n\t<meta property=\"og:image:type\" content=\"image\/jpeg\" \/>\n<meta name=\"twitter:card\" content=\"summary_large_image\" \/>\n<meta name=\"twitter:label1\" content=\"Est. reading time\" \/>\n\t<meta name=\"twitter:data1\" content=\"2 minut\u0117s\" \/>\n<script type=\"application\/ld+json\" class=\"yoast-schema-graph\">{\"@context\":\"https:\\\/\\\/schema.org\",\"@graph\":[{\"@type\":\"WebPage\",\"@id\":\"https:\\\/\\\/resolute.lt\\\/index.php\\\/produktas\\\/doogee-s118-pro-5g-juodas\\\/\",\"url\":\"https:\\\/\\\/resolute.lt\\\/index.php\\\/produktas\\\/doogee-s118-pro-5g-juodas\\\/\",\"name\":\"Doogee S118 Pro - 5G, 512\\\/8GB, Juodas - Resolute.lt\",\"isPartOf\":{\"@id\":\"https:\\\/\\\/resolute.lt\\\/#website\"},\"primaryImageOfPage\":{\"@id\":\"https:\\\/\\\/resolute.lt\\\/index.php\\\/produktas\\\/doogee-s118-pro-5g-juodas\\\/#primaryimage\"},\"image\":{\"@id\":\"https:\\\/\\\/resolute.lt\\\/index.php\\\/produktas\\\/doogee-s118-pro-5g-juodas\\\/#primaryimage\"},\"thumbnailUrl\":\"https:\\\/\\\/resolute.lt\\\/wp-content\\\/uploads\\\/2025\\\/02\\\/1.-Doogee-S118-Pro-Smugiams-vandeniui-atsparus-telefonai-Rugged-waterproof-IP68-phones-Robuste-wasserdichte-telefone-Telephones-robustes-etanches-Telefonos-resistentes-Resolute.lt_.jpg\",\"datePublished\":\"2025-02-21T12:16:42+00:00\",\"dateModified\":\"2025-12-13T11:16:17+00:00\",\"description\":\"Doogee S118 Pro \u2013 vandeniui ir sm\u016bgiams atsparus su 10800 mAh baterija, kokybi\u0161ka auk\u0161tos rai\u0161kos 108 MP kamera bei 120 Hz 6,58\u2033 IPS ekranu.\",\"breadcrumb\":{\"@id\":\"https:\\\/\\\/resolute.lt\\\/index.php\\\/produktas\\\/doogee-s118-pro-5g-juodas\\\/#breadcrumb\"},\"inLanguage\":\"lt-LT\",\"potentialAction\":[{\"@type\":\"ReadAction\",\"target\":[\"https:\\\/\\\/resolute.lt\\\/index.php\\\/produktas\\\/doogee-s118-pro-5g-juodas\\\/\"]}]},{\"@type\":\"ImageObject\",\"inLanguage\":\"lt-LT\",\"@id\":\"https:\\\/\\\/resolute.lt\\\/index.php\\\/produktas\\\/doogee-s118-pro-5g-juodas\\\/#primaryimage\",\"url\":\"https:\\\/\\\/resolute.lt\\\/wp-content\\\/uploads\\\/2025\\\/02\\\/1.-Doogee-S118-Pro-Smugiams-vandeniui-atsparus-telefonai-Rugged-waterproof-IP68-phones-Robuste-wasserdichte-telefone-Telephones-robustes-etanches-Telefonos-resistentes-Resolute.lt_.jpg\",\"contentUrl\":\"https:\\\/\\\/resolute.lt\\\/wp-content\\\/uploads\\\/2025\\\/02\\\/1.-Doogee-S118-Pro-Smugiams-vandeniui-atsparus-telefonai-Rugged-waterproof-IP68-phones-Robuste-wasserdichte-telefone-Telephones-robustes-etanches-Telefonos-resistentes-Resolute.lt_.jpg\",\"width\":1060,\"height\":1060},{\"@type\":\"BreadcrumbList\",\"@id\":\"https:\\\/\\\/resolute.lt\\\/index.php\\\/produktas\\\/doogee-s118-pro-5g-juodas\\\/#breadcrumb\",\"itemListElement\":[{\"@type\":\"ListItem\",\"position\":1,\"name\":\"Home\",\"item\":\"https:\\\/\\\/resolute.lt\\\/\"},{\"@type\":\"ListItem\",\"position\":2,\"name\":\"Resolute.lt\",\"item\":\"https:\\\/\\\/resolute.lt\\\/\"},{\"@type\":\"ListItem\",\"position\":3,\"name\":\"Doogee S118 Pro &#8211; 5G, 512\\\/8GB, Juodas\"}]},{\"@type\":\"WebSite\",\"@id\":\"https:\\\/\\\/resolute.lt\\\/#website\",\"url\":\"https:\\\/\\\/resolute.lt\\\/\",\"name\":\"Resolute.lt\",\"description\":\"Sm\u016bgiams ir vandeniui telefonai\",\"potentialAction\":[{\"@type\":\"SearchAction\",\"target\":{\"@type\":\"EntryPoint\",\"urlTemplate\":\"https:\\\/\\\/resolute.lt\\\/?s={search_term_string}\"},\"query-input\":{\"@type\":\"PropertyValueSpecification\",\"valueRequired\":true,\"valueName\":\"search_term_string\"}}],\"inLanguage\":\"lt-LT\"}]}<\/script>\n<!-- \/ Yoast SEO plugin. -->","yoast_head_json":{"title":"Doogee S118 Pro - 5G, 512\/8GB, Juodas - Resolute.lt","description":"Doogee S118 Pro \u2013 vandeniui ir sm\u016bgiams atsparus su 10800 mAh baterija, kokybi\u0161ka auk\u0161tos rai\u0161kos 108 MP kamera bei 120 Hz 6,58\u2033 IPS ekranu.","robots":{"index":"index","follow":"follow","max-snippet":"max-snippet:-1","max-image-preview":"max-image-preview:large","max-video-preview":"max-video-preview:-1"},"canonical":"https:\/\/resolute.lt\/index.php\/produktas\/doogee-s118-pro-5g-juodas\/","og_locale":"lt_LT","og_type":"article","og_title":"Doogee S118 Pro - 5G, 512\/8GB, Juodas - Resolute.lt","og_description":"Doogee S118 Pro \u2013 vandeniui ir sm\u016bgiams atsparus su 10800 mAh baterija, kokybi\u0161ka auk\u0161tos rai\u0161kos 108 MP kamera bei 120 Hz 6,58\u2033 IPS ekranu.","og_url":"https:\/\/resolute.lt\/index.php\/produktas\/doogee-s118-pro-5g-juodas\/","og_site_name":"Resolute.lt","article_modified_time":"2025-12-13T11:16:17+00:00","og_image":[{"width":1060,"height":1060,"url":"https:\/\/resolute.lt\/wp-content\/uploads\/2025\/02\/1.-Doogee-S118-Pro-Smugiams-vandeniui-atsparus-telefonai-Rugged-waterproof-IP68-phones-Robuste-wasserdichte-telefone-Telephones-robustes-etanches-Telefonos-resistentes-Resolute.lt_.jpg","type":"image\/jpeg"}],"twitter_card":"summary_large_image","twitter_misc":{"Est. reading time":"2 minut\u0117s"},"schema":{"@context":"https:\/\/schema.org","@graph":[{"@type":"WebPage","@id":"https:\/\/resolute.lt\/index.php\/produktas\/doogee-s118-pro-5g-juodas\/","url":"https:\/\/resolute.lt\/index.php\/produktas\/doogee-s118-pro-5g-juodas\/","name":"Doogee S118 Pro - 5G, 512\/8GB, Juodas - Resolute.lt","isPartOf":{"@id":"https:\/\/resolute.lt\/#website"},"primaryImageOfPage":{"@id":"https:\/\/resolute.lt\/index.php\/produktas\/doogee-s118-pro-5g-juodas\/#primaryimage"},"image":{"@id":"https:\/\/resolute.lt\/index.php\/produktas\/doogee-s118-pro-5g-juodas\/#primaryimage"},"thumbnailUrl":"https:\/\/resolute.lt\/wp-content\/uploads\/2025\/02\/1.-Doogee-S118-Pro-Smugiams-vandeniui-atsparus-telefonai-Rugged-waterproof-IP68-phones-Robuste-wasserdichte-telefone-Telephones-robustes-etanches-Telefonos-resistentes-Resolute.lt_.jpg","datePublished":"2025-02-21T12:16:42+00:00","dateModified":"2025-12-13T11:16:17+00:00","description":"Doogee S118 Pro \u2013 vandeniui ir sm\u016bgiams atsparus su 10800 mAh baterija, kokybi\u0161ka auk\u0161tos rai\u0161kos 108 MP kamera bei 120 Hz 6,58\u2033 IPS ekranu.","breadcrumb":{"@id":"https:\/\/resolute.lt\/index.php\/produktas\/doogee-s118-pro-5g-juodas\/#breadcrumb"},"inLanguage":"lt-LT","potentialAction":[{"@type":"ReadAction","target":["https:\/\/resolute.lt\/index.php\/produktas\/doogee-s118-pro-5g-juodas\/"]}]},{"@type":"ImageObject","inLanguage":"lt-LT","@id":"https:\/\/resolute.lt\/index.php\/produktas\/doogee-s118-pro-5g-juodas\/#primaryimage","url":"https:\/\/resolute.lt\/wp-content\/uploads\/2025\/02\/1.-Doogee-S118-Pro-Smugiams-vandeniui-atsparus-telefonai-Rugged-waterproof-IP68-phones-Robuste-wasserdichte-telefone-Telephones-robustes-etanches-Telefonos-resistentes-Resolute.lt_.jpg","contentUrl":"https:\/\/resolute.lt\/wp-content\/uploads\/2025\/02\/1.-Doogee-S118-Pro-Smugiams-vandeniui-atsparus-telefonai-Rugged-waterproof-IP68-phones-Robuste-wasserdichte-telefone-Telephones-robustes-etanches-Telefonos-resistentes-Resolute.lt_.jpg","width":1060,"height":1060},{"@type":"BreadcrumbList","@id":"https:\/\/resolute.lt\/index.php\/produktas\/doogee-s118-pro-5g-juodas\/#breadcrumb","itemListElement":[{"@type":"ListItem","position":1,"name":"Home","item":"https:\/\/resolute.lt\/"},{"@type":"ListItem","position":2,"name":"Resolute.lt","item":"https:\/\/resolute.lt\/"},{"@type":"ListItem","position":3,"name":"Doogee S118 Pro &#8211; 5G, 512\/8GB, Juodas"}]},{"@type":"WebSite","@id":"https:\/\/resolute.lt\/#website","url":"https:\/\/resolute.lt\/","name":"Resolute.lt","description":"Sm\u016bgiams ir vandeniui telefonai","potentialAction":[{"@type":"SearchAction","target":{"@type":"EntryPoint","urlTemplate":"https:\/\/resolute.lt\/?s={search_term_string}"},"query-input":{"@type":"PropertyValueSpecification","valueRequired":true,"valueName":"search_term_string"}}],"inLanguage":"lt-LT"}]}},"_links":{"self":[{"href":"https:\/\/resolute.lt\/index.php\/wp-json\/wp\/v2\/product\/5822","targetHints":{"allow":["GET"]}}],"collection":[{"href":"https:\/\/resolute.lt\/index.php\/wp-json\/wp\/v2\/product"}],"about":[{"href":"https:\/\/resolute.lt\/index.php\/wp-json\/wp\/v2\/types\/product"}],"wp:featuredmedia":[{"embeddable":true,"href":"https:\/\/resolute.lt\/index.php\/wp-json\/wp\/v2\/media\/5818"}],"wp:attachment":[{"href":"https:\/\/resolute.lt\/index.php\/wp-json\/wp\/v2\/media?parent=5822"}],"wp:term":[{"taxonomy":"product_brand","embeddable":true,"href":"https:\/\/resolute.lt\/index.php\/wp-json\/wp\/v2\/product_brand?post=5822"},{"taxonomy":"product_cat","embeddable":true,"href":"https:\/\/resolute.lt\/index.php\/wp-json\/wp\/v2\/product_cat?post=5822"},{"taxonomy":"product_tag","embeddable":true,"href":"https:\/\/resolute.lt\/index.php\/wp-json\/wp\/v2\/product_tag?post=5822"}],"curies":[{"name":"wp","href":"https:\/\/api.w.org\/{rel}","templated":true}]}}