{"id":574,"date":"2020-08-12T09:22:47","date_gmt":"2020-08-12T09:22:47","guid":{"rendered":"https:\/\/resolute.lt\/?post_type=product&#038;p=574"},"modified":"2022-08-09T15:45:31","modified_gmt":"2022-08-09T15:45:31","slug":"oukitel-wp6-oranzinis","status":"publish","type":"product","link":"https:\/\/resolute.lt\/index.php\/produktas\/oukitel-wp6-oranzinis\/","title":{"rendered":"Oukitel WP6 2022 &#8211; 128\/6GB, Oran\u017einis"},"content":{"rendered":"<p><strong>Oukitel WP6 2022<\/strong>\u00a0\u2013 tai pa\u017eangos ir patvarumo lyderis. 10000 mAh baterija, 128GB vidin\u0117 atmintis, 6GB RAM, 2,1GHz 8 branduoli\u0173 procesorius bei kokybi\u0161ka triguba kamera su 48MP pagrindiniu sensoriumi \u2013 tai tik keletas \u0161io nepriekai\u0161tingo telefono savybi\u0173. Kruop\u0161taus dizaino metalo ir gumos korpusas bei IP68 sertifikatas u\u017etikrina auk\u0161t\u0105 \u0161io i\u0161manaus \u012frenginio atsparumo lyg\u012f net ir pa\u010diomis sud\u0117tingiausiomis aplinkos s\u0105lygomis.\u00a0Android operacin\u0117 sistema su lietuvi\u0173 kalba.<\/p>\n<p><strong><a href=\"https:\/\/www.resolute.lt\/\">RESOLUTE.LT EL. PARDUOTUV\u0116:<\/a><br \/>\n<\/strong>\u2013 Standartinis pristatymas (apmokant banko kortele, el. bankininkyste, Paysera ar Paypal).<\/p>\n<p><strong>KOMPLEKTACIJA:<\/strong><br \/>\n1 x i\u0161manus \u012frenginys<br \/>\n1 x \u012fkroviklis (greitojo \u012fkrovimo)<br \/>\n1 x MicroUSB laidas<br \/>\n1 x MicroUSB \u2013 USB adapteris (OTG)<br \/>\n1 x naudojimosi instrukcijos<\/p>\n<p><b>PARAMETRAI:\u00a0<\/b><br \/>\nA\u0161tuoni\u0173 branduoli\u0173 MediaTek Helio P70 (4x 2,1 GHz Cortex-A73 ir 4x 2,0 GHz Cortex-A53) procesorius<br \/>\nARM Mali-G72 MP3 vaizdo plok\u0161t\u0117 (900 MHz)<br \/>\nAndroid 9.0 Pie operacin\u0117 sistema<br \/>\nPlay Store aplikacij\u0173 parduotuv\u0117<br \/>\nLietuvi\u0173, lenk\u0173, rus\u0173, angl\u0173 ir kt. kalbos<br \/>\n128GB vidin\u0117 atmintis<br \/>\nMicroSD atminties kortel\u0117s palaikymas<br \/>\n6GB darbin\u0117 atmintis (RAM)<br \/>\nFull HD+ 2340 x 1080 rai\u0161kos 6,3 IPS LCD ekranas, 410 PPI<br \/>\nApsauginis ekrano stiklas Gorilla Glass 5 (1,1 mm)<br \/>\nTriguba 48 MP, f\/2,0 + 5 MP, f\/2.0 + 0,3 MP, f\/2.4 pagrindin\u0117 kamera su keturguba LED blykste, autofokusavimu (OV16880 sensorius)<br \/>\n16 MP priekin\u0117 kamera, 1080p@30fps filmavimas su Face Unlock (atrakinimo veidu) funkcija (IMX 219 sensorius)<br \/>\nRekordi\u0161kai talpi (10000 mAh) baterija su galimybe \u012fkrauti kitus elektronikos prietaisus<br \/>\nMicroUSB greitojo \u012fkrovimo (18 W) ir duomen\u0173 perk\u0117limo lizdas<br \/>\nDviej\u0173 Nano-SIM korteli\u0173 palaikymas<br \/>\nWiFi, Bluetooth 4.0, GPS, NFC, FM radijo, Edge, 3G (HSPA+), 4G-LTE ry\u0161iai<br \/>\n\u0160oninis pir\u0161t\u0173 antspaud\u0173 sensorius<br \/>\nIP68 sertifikatas (atsparumas vandeniui ir dulk\u0117ms)<br \/>\nI\u0161matavimai: 174 x 81 x 17,3 mm<br \/>\nSvoris: 375 g<br \/>\nGamybos metai: 2022<\/p>\n","protected":false},"excerpt":{"rendered":"<p>Oukitel WP6 2022\u00a0\u2013 tai pa\u017eangos ir patvarumo lyderis. 10000 mAh baterija, 128GB vidin\u0117 atmintis, 6GB RAM, 2,1GHz 8 branduoli\u0173 procesorius bei kokybi\u0161ka triguba kamera su 48MP pagrindiniu sensoriumi \u2013 tai tik keletas \u0161io nepriekai\u0161tingo telefono savybi\u0173. Kruop\u0161taus dizaino metalo ir gumos korpusas bei IP68 sertifikatas u\u017etikrina auk\u0161t\u0105 \u0161io i\u0161manaus \u012frenginio atsparumo lyg\u012f net ir pa\u010diomis [&#8230;]\n","protected":false},"featured_media":179,"template":"","meta":[],"product_brand":[],"product_cat":[18],"product_tag":[],"class_list":{"0":"post-574","1":"product","2":"type-product","3":"status-publish","4":"has-post-thumbnail","6":"product_cat-oukitel-telefonai","8":"first","9":"instock","10":"sale","11":"shipping-taxable","12":"purchasable","13":"product-type-simple"},"yoast_head":"<!-- This site is optimized with the Yoast SEO plugin v27.4 - https:\/\/yoast.com\/product\/yoast-seo-wordpress\/ -->\n<title>Oukitel WP6 2022 - 128\/6GB, Oran\u017einis - Resolute.lt<\/title>\n<meta name=\"description\" content=\"Nauji vandeniui ir sm\u016bgiams atspar\u016bs Oukitel telefonai \u017eemiausia kaina! Greitas pristatymas, patogus atsiskaitymas, nauji telefonai pigiau!\" \/>\n<meta name=\"robots\" content=\"index, follow, max-snippet:-1, max-image-preview:large, max-video-preview:-1\" \/>\n<link rel=\"canonical\" href=\"https:\/\/resolute.lt\/index.php\/produktas\/oukitel-wp6-oranzinis\/\" \/>\n<meta property=\"og:locale\" content=\"lt_LT\" \/>\n<meta property=\"og:type\" content=\"article\" \/>\n<meta property=\"og:title\" content=\"Oukitel WP6 2022 - 128\/6GB, Oran\u017einis - Resolute.lt\" \/>\n<meta property=\"og:description\" content=\"Nauji vandeniui ir sm\u016bgiams atspar\u016bs Oukitel telefonai \u017eemiausia kaina! Greitas pristatymas, patogus atsiskaitymas, nauji telefonai pigiau!\" \/>\n<meta property=\"og:url\" content=\"https:\/\/resolute.lt\/index.php\/produktas\/oukitel-wp6-oranzinis\/\" \/>\n<meta property=\"og:site_name\" content=\"Resolute.lt\" \/>\n<meta property=\"article:modified_time\" content=\"2022-08-09T15:45:31+00:00\" \/>\n<meta property=\"og:image\" content=\"https:\/\/resolute.lt\/wp-content\/uploads\/2020\/05\/1-Orange.png\" \/>\n\t<meta property=\"og:image:width\" content=\"900\" \/>\n\t<meta property=\"og:image:height\" content=\"900\" \/>\n\t<meta property=\"og:image:type\" content=\"image\/png\" \/>\n<meta name=\"twitter:card\" content=\"summary_large_image\" \/>\n<meta name=\"twitter:label1\" content=\"Est. reading time\" \/>\n\t<meta name=\"twitter:data1\" content=\"2 minut\u0117s\" \/>\n<script type=\"application\/ld+json\" class=\"yoast-schema-graph\">{\"@context\":\"https:\\\/\\\/schema.org\",\"@graph\":[{\"@type\":\"WebPage\",\"@id\":\"https:\\\/\\\/resolute.lt\\\/index.php\\\/produktas\\\/oukitel-wp6-oranzinis\\\/\",\"url\":\"https:\\\/\\\/resolute.lt\\\/index.php\\\/produktas\\\/oukitel-wp6-oranzinis\\\/\",\"name\":\"Oukitel WP6 2022 - 128\\\/6GB, Oran\u017einis - Resolute.lt\",\"isPartOf\":{\"@id\":\"https:\\\/\\\/resolute.lt\\\/#website\"},\"primaryImageOfPage\":{\"@id\":\"https:\\\/\\\/resolute.lt\\\/index.php\\\/produktas\\\/oukitel-wp6-oranzinis\\\/#primaryimage\"},\"image\":{\"@id\":\"https:\\\/\\\/resolute.lt\\\/index.php\\\/produktas\\\/oukitel-wp6-oranzinis\\\/#primaryimage\"},\"thumbnailUrl\":\"https:\\\/\\\/resolute.lt\\\/wp-content\\\/uploads\\\/2020\\\/05\\\/1-Orange.png\",\"datePublished\":\"2020-08-12T09:22:47+00:00\",\"dateModified\":\"2022-08-09T15:45:31+00:00\",\"description\":\"Nauji vandeniui ir sm\u016bgiams atspar\u016bs Oukitel telefonai \u017eemiausia kaina! Greitas pristatymas, patogus atsiskaitymas, nauji telefonai pigiau!\",\"breadcrumb\":{\"@id\":\"https:\\\/\\\/resolute.lt\\\/index.php\\\/produktas\\\/oukitel-wp6-oranzinis\\\/#breadcrumb\"},\"inLanguage\":\"lt-LT\",\"potentialAction\":[{\"@type\":\"ReadAction\",\"target\":[\"https:\\\/\\\/resolute.lt\\\/index.php\\\/produktas\\\/oukitel-wp6-oranzinis\\\/\"]}]},{\"@type\":\"ImageObject\",\"inLanguage\":\"lt-LT\",\"@id\":\"https:\\\/\\\/resolute.lt\\\/index.php\\\/produktas\\\/oukitel-wp6-oranzinis\\\/#primaryimage\",\"url\":\"https:\\\/\\\/resolute.lt\\\/wp-content\\\/uploads\\\/2020\\\/05\\\/1-Orange.png\",\"contentUrl\":\"https:\\\/\\\/resolute.lt\\\/wp-content\\\/uploads\\\/2020\\\/05\\\/1-Orange.png\",\"width\":900,\"height\":900},{\"@type\":\"BreadcrumbList\",\"@id\":\"https:\\\/\\\/resolute.lt\\\/index.php\\\/produktas\\\/oukitel-wp6-oranzinis\\\/#breadcrumb\",\"itemListElement\":[{\"@type\":\"ListItem\",\"position\":1,\"name\":\"Home\",\"item\":\"https:\\\/\\\/resolute.lt\\\/\"},{\"@type\":\"ListItem\",\"position\":2,\"name\":\"Resolute.lt\",\"item\":\"https:\\\/\\\/resolute.lt\\\/\"},{\"@type\":\"ListItem\",\"position\":3,\"name\":\"Oukitel WP6 2022 &#8211; 128\\\/6GB, Oran\u017einis\"}]},{\"@type\":\"WebSite\",\"@id\":\"https:\\\/\\\/resolute.lt\\\/#website\",\"url\":\"https:\\\/\\\/resolute.lt\\\/\",\"name\":\"Resolute.lt\",\"description\":\"Sm\u016bgiams ir vandeniui telefonai\",\"potentialAction\":[{\"@type\":\"SearchAction\",\"target\":{\"@type\":\"EntryPoint\",\"urlTemplate\":\"https:\\\/\\\/resolute.lt\\\/?s={search_term_string}\"},\"query-input\":{\"@type\":\"PropertyValueSpecification\",\"valueRequired\":true,\"valueName\":\"search_term_string\"}}],\"inLanguage\":\"lt-LT\"}]}<\/script>\n<!-- \/ Yoast SEO plugin. -->","yoast_head_json":{"title":"Oukitel WP6 2022 - 128\/6GB, Oran\u017einis - Resolute.lt","description":"Nauji vandeniui ir sm\u016bgiams atspar\u016bs Oukitel telefonai \u017eemiausia kaina! Greitas pristatymas, patogus atsiskaitymas, nauji telefonai pigiau!","robots":{"index":"index","follow":"follow","max-snippet":"max-snippet:-1","max-image-preview":"max-image-preview:large","max-video-preview":"max-video-preview:-1"},"canonical":"https:\/\/resolute.lt\/index.php\/produktas\/oukitel-wp6-oranzinis\/","og_locale":"lt_LT","og_type":"article","og_title":"Oukitel WP6 2022 - 128\/6GB, Oran\u017einis - Resolute.lt","og_description":"Nauji vandeniui ir sm\u016bgiams atspar\u016bs Oukitel telefonai \u017eemiausia kaina! Greitas pristatymas, patogus atsiskaitymas, nauji telefonai pigiau!","og_url":"https:\/\/resolute.lt\/index.php\/produktas\/oukitel-wp6-oranzinis\/","og_site_name":"Resolute.lt","article_modified_time":"2022-08-09T15:45:31+00:00","og_image":[{"width":900,"height":900,"url":"https:\/\/resolute.lt\/wp-content\/uploads\/2020\/05\/1-Orange.png","type":"image\/png"}],"twitter_card":"summary_large_image","twitter_misc":{"Est. reading time":"2 minut\u0117s"},"schema":{"@context":"https:\/\/schema.org","@graph":[{"@type":"WebPage","@id":"https:\/\/resolute.lt\/index.php\/produktas\/oukitel-wp6-oranzinis\/","url":"https:\/\/resolute.lt\/index.php\/produktas\/oukitel-wp6-oranzinis\/","name":"Oukitel WP6 2022 - 128\/6GB, Oran\u017einis - Resolute.lt","isPartOf":{"@id":"https:\/\/resolute.lt\/#website"},"primaryImageOfPage":{"@id":"https:\/\/resolute.lt\/index.php\/produktas\/oukitel-wp6-oranzinis\/#primaryimage"},"image":{"@id":"https:\/\/resolute.lt\/index.php\/produktas\/oukitel-wp6-oranzinis\/#primaryimage"},"thumbnailUrl":"https:\/\/resolute.lt\/wp-content\/uploads\/2020\/05\/1-Orange.png","datePublished":"2020-08-12T09:22:47+00:00","dateModified":"2022-08-09T15:45:31+00:00","description":"Nauji vandeniui ir sm\u016bgiams atspar\u016bs Oukitel telefonai \u017eemiausia kaina! Greitas pristatymas, patogus atsiskaitymas, nauji telefonai pigiau!","breadcrumb":{"@id":"https:\/\/resolute.lt\/index.php\/produktas\/oukitel-wp6-oranzinis\/#breadcrumb"},"inLanguage":"lt-LT","potentialAction":[{"@type":"ReadAction","target":["https:\/\/resolute.lt\/index.php\/produktas\/oukitel-wp6-oranzinis\/"]}]},{"@type":"ImageObject","inLanguage":"lt-LT","@id":"https:\/\/resolute.lt\/index.php\/produktas\/oukitel-wp6-oranzinis\/#primaryimage","url":"https:\/\/resolute.lt\/wp-content\/uploads\/2020\/05\/1-Orange.png","contentUrl":"https:\/\/resolute.lt\/wp-content\/uploads\/2020\/05\/1-Orange.png","width":900,"height":900},{"@type":"BreadcrumbList","@id":"https:\/\/resolute.lt\/index.php\/produktas\/oukitel-wp6-oranzinis\/#breadcrumb","itemListElement":[{"@type":"ListItem","position":1,"name":"Home","item":"https:\/\/resolute.lt\/"},{"@type":"ListItem","position":2,"name":"Resolute.lt","item":"https:\/\/resolute.lt\/"},{"@type":"ListItem","position":3,"name":"Oukitel WP6 2022 &#8211; 128\/6GB, Oran\u017einis"}]},{"@type":"WebSite","@id":"https:\/\/resolute.lt\/#website","url":"https:\/\/resolute.lt\/","name":"Resolute.lt","description":"Sm\u016bgiams ir vandeniui telefonai","potentialAction":[{"@type":"SearchAction","target":{"@type":"EntryPoint","urlTemplate":"https:\/\/resolute.lt\/?s={search_term_string}"},"query-input":{"@type":"PropertyValueSpecification","valueRequired":true,"valueName":"search_term_string"}}],"inLanguage":"lt-LT"}]}},"_links":{"self":[{"href":"https:\/\/resolute.lt\/index.php\/wp-json\/wp\/v2\/product\/574","targetHints":{"allow":["GET"]}}],"collection":[{"href":"https:\/\/resolute.lt\/index.php\/wp-json\/wp\/v2\/product"}],"about":[{"href":"https:\/\/resolute.lt\/index.php\/wp-json\/wp\/v2\/types\/product"}],"wp:featuredmedia":[{"embeddable":true,"href":"https:\/\/resolute.lt\/index.php\/wp-json\/wp\/v2\/media\/179"}],"wp:attachment":[{"href":"https:\/\/resolute.lt\/index.php\/wp-json\/wp\/v2\/media?parent=574"}],"wp:term":[{"taxonomy":"product_brand","embeddable":true,"href":"https:\/\/resolute.lt\/index.php\/wp-json\/wp\/v2\/product_brand?post=574"},{"taxonomy":"product_cat","embeddable":true,"href":"https:\/\/resolute.lt\/index.php\/wp-json\/wp\/v2\/product_cat?post=574"},{"taxonomy":"product_tag","embeddable":true,"href":"https:\/\/resolute.lt\/index.php\/wp-json\/wp\/v2\/product_tag?post=574"}],"curies":[{"name":"wp","href":"https:\/\/api.w.org\/{rel}","templated":true}]}}