{"id":5323,"date":"2024-11-23T18:13:05","date_gmt":"2024-11-23T18:13:05","guid":{"rendered":"https:\/\/resolute.lt\/?post_type=product&#038;p=5323"},"modified":"2025-12-10T10:03:59","modified_gmt":"2025-12-10T10:03:59","slug":"ulefone-armor-mini-20-pro-5g","status":"publish","type":"product","link":"https:\/\/resolute.lt\/index.php\/produktas\/ulefone-armor-mini-20-pro-5g\/","title":{"rendered":"Ulefone Armor Mini 20 Pro &#8211; 5G, 256\/8GB, Juodas"},"content":{"rendered":"<p><strong>Ulefone Armor Mini 20T Pro<\/strong> \u2013 tikras tvirtumo ir naujausi\u0173 technologij\u0173 derinys. Kompakti\u0161kas, bet galingas i\u0161manusis ne tik atsparus vandeniui bei sm\u016bgiams, bet ir si\u016blo moderniausi\u0105 <strong>5G ry\u0161\u012f<\/strong>. Jame slypi 256 GB vidin\u0117 atmintis ir net 16 GB RAM, tod\u0117l vietos ir grei\u010dio u\u017eteks viskam. Fotografuoti pad\u0117s \u012fsp\u016bdinga <strong>50 MP Samsung GN1 pagrindin\u0117 kamera<\/strong> bei <strong>64 MP naktinio matymo sensorius<\/strong>, leid\u017eiantis fiksuoti vaizdus net tamsoje. Energijos \u0161altinis \u2013 talpi 6200 mAh baterija, u\u017etikrinanti ilg\u0105 veikimo laik\u0105, o patogi \u201eAndroid 14\u201c sistema su lietuvi\u0173 kalba pasir\u016bpins skland\u017eiu naudojimu kiekvien\u0105 dien\u0105.<\/p>\n<p><strong><a href=\"https:\/\/www.resolute.lt\/\">RESOLUTE.LT EL. PARDUOTUV\u0116:<\/a><br \/>\n\u2013 4-6 darbo dien\u0173 pristatymas!<\/strong><br \/>\n\u2013 Apmok\u0117jimas Google Pay, banko kortele, el. bankininkyste ar PayPal.<br \/>\n\u2013 Tik naujos prek\u0117s su 2 met\u0173 garantija!<strong><br \/>\n<\/strong><\/p>\n<h3><strong>Idealus pasirinkimams ie\u0161kantiems \u0161i\u0173 savyi\u0173 viename \u012frenginyje:<\/strong><\/h3>\n<ul>\n<li>Ypa\u010d kompati\u0161kas dydis ir ma\u017eas svoris (301 g)<\/li>\n<li>Naktinio matymo kamera<\/li>\n<li>5G ry\u0161io palaikymas<\/li>\n<\/ul>\n<h3><strong>Kiti sm\u016bgiams atspar\u016bs Ulefone modeliai:<\/strong><\/h3>\n<ul>\n<li>Domina auk\u0161\u010diausios klas\u0117s telefonas i\u0161 Ulefone\u2122? Rekomenduojame\u00a0<strong><a href=\"https:\/\/resolute.lt\/index.php\/produktas\/ulefone-armor-28-ultra-thermal-5g\/\" target=\"_blank\" rel=\"noopener\">Ulefone Armor 28 Ultra Thermal<\/a><\/strong>.<\/li>\n<li>Domina auk\u0161\u010diausios klas\u0117s telefonas i\u0161 IIIF150\u2122? Rekomenduojame\u00a0<strong><a href=\"https:\/\/resolute.lt\/index.php\/produktas\/iiif150-b3-pro-5g\/\" target=\"_blank\" rel=\"noopener\">IIIF150 B3 Pro<\/a><\/strong>.<\/li>\n<\/ul>\n<section id=\"section_2145972809\" class=\"section\">\n<div class=\"section-content relative\">\n<div id=\"row-1175821349\" class=\"row align-center\">\n<div id=\"col-130476939\" class=\"col medium-4 small-10 large-4\">\n<div class=\"col-inner\">\n<h1><strong>Komplektacija<\/strong><\/h1>\n<\/div>\n<\/div>\n<div id=\"col-1358541524\" class=\"col medium-8 small-10 large-8\">\n<div class=\"col-inner\">\n<ul>\n<li><b>1x\u00a0\u00a0<\/b>I\u0161manus telefonas<\/li>\n<li><b>1x\u00a0 <\/b>EU \u012fkroviklis<\/li>\n<li><b>1x\u00a0\u00a0<\/b>USB-C laidas<\/li>\n<li><b>1x<\/b>\u00a0 Gr\u016bdinto stiklo ekrano apsauga<\/li>\n<li><b>1x\u00a0 <\/b>Pakabukas<\/li>\n<li><strong>1x<\/strong>\u00a0 SIM \u012frankis<\/li>\n<li><b>1x<\/b>\u00a0 Naudojimosi instrukcijos<\/li>\n<\/ul>\n<\/div>\n<\/div>\n<\/div>\n<div id=\"row-214715003\" class=\"row align-center\">\n<div id=\"col-883847564\" class=\"col medium-4 small-10 large-4\">\n<div class=\"col-inner\">\n<h1><strong>Bendrieji parametrai<\/strong><\/h1>\n<\/div>\n<\/div>\n<div id=\"col-35252131\" class=\"col medium-8 small-10 large-8\">\n<div class=\"col-inner\">\n<ul>\n<li><strong>Tipas:<\/strong>\u00a0Mobilieji telefonai<\/li>\n<li><strong>Spalva:<\/strong> Juoda<\/li>\n<li><strong>Palaikom\u0173 SIM korteli\u0173 kiekis:<\/strong>\u00a02<\/li>\n<li><strong>Palaikom\u0173 SIM korteli\u0173 tipas:<\/strong>\u00a0NanoSIM<\/li>\n<\/ul>\n<\/div>\n<\/div>\n<\/div>\n<div id=\"row-214715003\" class=\"row align-center\">\n<div id=\"col-883847564\" class=\"col medium-4 small-10 large-4\">\n<div class=\"col-inner\">\n<h1><strong>Matmenys ir svoris<\/strong><\/h1>\n<\/div>\n<\/div>\n<div id=\"col-35252131\" class=\"col medium-8 small-10 large-8\">\n<div class=\"col-inner\">\n<ul>\n<li><strong>Matmenys:<\/strong> 133,5 x 63,3 x 24,9 mm<\/li>\n<li><strong>Svoris:<\/strong> 301 g<\/li>\n<\/ul>\n<\/div>\n<\/div>\n<\/div>\n<div id=\"row-214715003\" class=\"row align-center\">\n<div id=\"col-883847564\" class=\"col medium-4 small-10 large-4\">\n<div class=\"col-inner\">\n<h1><strong>Operacin\u0117 sistema<\/strong><\/h1>\n<\/div>\n<\/div>\n<div id=\"col-35252131\" class=\"col medium-8 small-10 large-8\">\n<div class=\"col-inner\">\n<ul>\n<li><strong>Operacin\u0117 sistema:<\/strong>\u00a0Android<\/li>\n<li><strong>Operacin\u0117s sistemos versija:\u00a0<\/strong>14<\/li>\n<\/ul>\n<\/div>\n<\/div>\n<\/div>\n<div id=\"row-214715003\" class=\"row align-center\">\n<div id=\"col-883847564\" class=\"col medium-4 small-10 large-4\">\n<div class=\"col-inner\">\n<h1><strong>Procesorius ir vaizdo plok\u0161t\u0117<\/strong><\/h1>\n<\/div>\n<\/div>\n<div id=\"col-35252131\" class=\"col medium-8 small-10 large-8\">\n<div class=\"col-inner\">\n<ul>\n<li><strong>Procesoriaus modelis: <\/strong>MediaTek\u2122 Dimensity 6300 (MT6835T)<\/li>\n<li><strong>Proceso technologija:<\/strong> 6 nm<\/li>\n<li><strong>Procesoriaus branduoli\u0173 kiekis:<\/strong>\u00a08<\/li>\n<li><strong>Procesoriaus branduoli\u0173 da\u017eniai:<\/strong> 2x 2,4 GHz Cortex-A76 ir 6x 2,0 GHz Cortex-A55<\/li>\n<li><strong>Vaizdo plok\u0161t\u0117s modelis: <\/strong>ARM Mali-G57 MC2<\/li>\n<\/ul>\n<\/div>\n<\/div>\n<\/div>\n<div id=\"row-2111937453\" class=\"row align-center\">\n<div id=\"col-1355999373\" class=\"col medium-4 small-10 large-4\">\n<div class=\"col-inner\">\n<h1><strong>Atmintis<\/strong><\/h1>\n<\/div>\n<\/div>\n<div id=\"col-2062834539\" class=\"col medium-8 small-10 large-8\">\n<div class=\"col-inner\">\n<ul>\n<li><strong>Vidin\u0117 atminis:\u00a0<\/strong>256 GB<\/li>\n<li><strong>Fizin\u0117 darbin\u0117 atmintis (RAM):<\/strong> 8 GB<\/li>\n<li><strong>Virtuali darbin\u0117 atmintis (RAM):<\/strong> 8 GB<\/li>\n<li><strong>Bendra darbin\u0117 atmintis (RAM):<\/strong> 16 GB<\/li>\n<li><strong>Atminties kortel\u0117s palaikymas: <\/strong>Taip, MicroSD<\/li>\n<li><strong>Atminties kortel\u0117s talpa:<\/strong> Iki 2 TB<\/li>\n<\/ul>\n<\/div>\n<\/div>\n<\/div>\n<div id=\"row-1271375553\" class=\"row align-center\">\n<div id=\"col-201046948\" class=\"col medium-4 small-10 large-4\">\n<div class=\"col-inner\">\n<h1><strong>Ekranas<\/strong><\/h1>\n<\/div>\n<\/div>\n<div id=\"col-35252131\" class=\"col medium-8 small-10 large-8\">\n<div class=\"col-inner\">\n<ul>\n<li><strong>Dydis:<\/strong> 4,7&#8243;<\/li>\n<li><strong>Rai\u0161ka:<\/strong> 1600 x 720<\/li>\n<li><strong>PPI (pikseliai per col\u012f): <\/strong>373<\/li>\n<li><strong>Ry\u0161kumas:<\/strong> 700 nit\u0173<\/li>\n<li><strong>Atnaujinimo da\u017enis:<\/strong> 90 Hz<\/li>\n<li><strong>Tipas:<\/strong>\u00a0IPS LCD<\/li>\n<li><strong>Plotas:<\/strong> 63,31 %<\/li>\n<li><strong>I\u0161orinio stiklo tipas:<\/strong> Corning Gorilla Glass Victus<\/li>\n<li><strong>Pir\u0161tini\u0173 re\u017eimas:<\/strong> Taip<\/li>\n<\/ul>\n<\/div>\n<\/div>\n<\/div>\n<div id=\"row-214715003\" class=\"row align-center\">\n<div id=\"col-883847564\" class=\"col medium-4 small-10 large-4\">\n<div class=\"col-inner\">\n<h1><strong>Lizdai ir sensoriai<\/strong><\/h1>\n<\/div>\n<\/div>\n<div id=\"col-35252131\" class=\"col medium-8 small-10 large-8\">\n<div class=\"col-inner\">\n<ul>\n<li><strong>USB lizdo tipas:<\/strong>\u00a0USB-C<\/li>\n<li><strong>Ausini\u0173 lizdas (AUX): <\/strong>Taip<\/li>\n<li><strong>uSmart Expension Connector lizdas:<\/strong> Taip<\/li>\n<li><strong>Pir\u0161t\u0173 antspaud\u0173 sensorius:<\/strong>\u00a0Taip<\/li>\n<li><strong>Pir\u0161to antspaud\u0173 sensoriaus tipas:<\/strong>\u00a0\u0160oninis<\/li>\n<li><strong>Veido atpa\u017einimas:<\/strong> Taip<\/li>\n<\/ul>\n<\/div>\n<\/div>\n<\/div>\n<div id=\"row-214715003\" class=\"row align-center\">\n<div id=\"col-883847564\" class=\"col medium-4 small-10 large-4\">\n<div class=\"col-inner\">\n<h1><strong>Pagrindin\u0117 kamera<\/strong><\/h1>\n<\/div>\n<\/div>\n<div id=\"col-35252131\" class=\"col medium-8 small-10 large-8\">\n<div class=\"col-inner\">\n<ul>\n<li><strong>Sensori\u0173 kiekis: <\/strong>4<\/li>\n<li><strong>Pagrindinis sensorius:<\/strong> 50 MP <a href=\"https:\/\/semiconductor.samsung.com\/image-sensor\/mobile-image-sensor\/isocell-gn1\/\" target=\"_blank\" rel=\"noopener\">Samsung ISOCELL GN1<\/a>, 85\u00b0<\/li>\n<li><strong>Naktinio matymo sensorius:<\/strong> 64 MP OmniVision OV65B<\/li>\n<li><strong>Naktinio matymo algoritmas:<\/strong> NightElf Ultra 3.0<\/li>\n<li><strong>Filmavimas: <\/strong>1440p@30fps, 1080p@30fps<\/li>\n<li><strong>Blykst\u0117s tipas:<\/strong> LED, 2 diod\u0173<\/li>\n<\/ul>\n<\/div>\n<\/div>\n<\/div>\n<div id=\"row-214715003\" class=\"row align-center\">\n<div id=\"col-883847564\" class=\"col medium-4 small-10 large-4\">\n<div class=\"col-inner\">\n<h1><strong>Priekin\u0117 kamera<\/strong><\/h1>\n<\/div>\n<\/div>\n<div id=\"col-35252131\" class=\"col medium-8 small-10 large-8\">\n<div class=\"col-inner\">\n<ul>\n<li><strong>Sensorius: <\/strong>32 MP <a href=\"https:\/\/semiconductor.samsung.com\/image-sensor\/mobile-image-sensor\/isocell-bright-gd1\/\">Samsung ISOCELL GD1<\/a>, 80,4\u00b0<\/li>\n<li><strong>Filmavimas:<\/strong>1440p@30fps, 1080p@30fps<\/li>\n<\/ul>\n<\/div>\n<\/div>\n<\/div>\n<div id=\"row-214715003\" class=\"row align-center\">\n<div id=\"col-883847564\" class=\"col medium-4 small-10 large-4\">\n<div class=\"col-inner\">\n<h1><strong>Internetas ir komunikacija<\/strong><\/h1>\n<\/div>\n<\/div>\n<div id=\"col-35252131\" class=\"col medium-8 small-10 large-8\">\n<div class=\"col-inner\">\n<ul>\n<li><strong>WiFi s\u0105saja:\u00a0<\/strong>Taip<\/li>\n<li><strong>3G ry\u0161ys:\u00a0<\/strong>Taip<\/li>\n<li><strong>4G ry\u0161ys:\u00a0<\/strong>Taip<\/li>\n<li><strong>5G ry\u0161ys:<\/strong> Taip<\/li>\n<li><strong>Bluetooth s\u0105saja:\u00a0<\/strong>Taip<\/li>\n<li><strong>Bluetooth versija:\u00a0<\/strong>5.2<\/li>\n<li><strong>NFC s\u0105saja:\u00a0<\/strong>Taip<\/li>\n<li><strong>FM radijas:\u00a0<\/strong>Taip, ausini\u0173 nereikalaujantis<\/li>\n<li><strong>GPS s\u0105saja:\u00a0<\/strong>Taip<\/li>\n<li><strong>GPS sistemos:<\/strong> GPS, GALILEO, GLONASS, BDS, QZSS<\/li>\n<\/ul>\n<\/div>\n<\/div>\n<\/div>\n<div id=\"row-214715003\" class=\"row align-center\">\n<div id=\"col-883847564\" class=\"col medium-4 small-10 large-4\">\n<div class=\"col-inner\">\n<h1><strong>Baterija<\/strong><\/h1>\n<\/div>\n<\/div>\n<div id=\"col-35252131\" class=\"col medium-8 small-10 large-8\">\n<div class=\"col-inner\">\n<ul>\n<li><strong>Talpa: <\/strong>6200 mAh<\/li>\n<li><strong>Greitasis laidinis \u012fkrovimas: <\/strong>Taip, 33 W<\/li>\n<li><strong>Greitasis belaidis \u012fkrovimas:<\/strong> Taip, 15 W<\/li>\n<li><strong>Atvirk\u0161tinis \u012fkrovimas:<\/strong> Taip<\/li>\n<li><strong>B\u016bd\u0117jimo laikas:<\/strong> 336 val.<\/li>\n<li><strong>Skambu\u010di\u0173 laikas<\/strong>: 34 val.<\/li>\n<li><strong>Video laikas:<\/strong> 22 val.<\/li>\n<\/ul>\n<\/div>\n<\/div>\n<\/div>\n<div id=\"row-214715003\" class=\"row align-center\">\n<div id=\"col-883847564\" class=\"col medium-4 small-10 large-4\">\n<div class=\"col-inner\">\n<h1><strong>Papildomi duomenys<\/strong><\/h1>\n<\/div>\n<\/div>\n<div id=\"col-35252131\" class=\"col medium-8 small-10 large-8\">\n<div class=\"col-inner\">\n<ul>\n<li>I\u0161leidimo data: 2024 m. rugs\u0117jis<\/li>\n<li>IP68\/IP69K standartas (atsparumas vandeniui ir dulk\u0117ms)<\/li>\n<li>MIL-STD-810H standartas<\/li>\n<li>Darbin\u0117 temperat\u016bra: -20\u00b0C \u2013 55\u00b0C<\/li>\n<li>Suasmenintas mygtukas<\/li>\n<li>Outdoor Toolbox programin\u0117 \u012franga<\/li>\n<li>Pro\u017eektorius (130 LED, 500 liumen\u0173)<\/li>\n<li>Avarin\u0117 \u012fsp\u0117jamoji \u0161viesa (raudona, m\u0117lyna)<\/li>\n<\/ul>\n<\/div>\n<\/div>\n<\/div>\n<div id=\"gs\"><img decoding=\"async\" src=\"https:\/\/cdn.shopify.com\/s\/files\/1\/0830\/0573\/5193\/files\/Product-ArmorMini20Pro-PC-1.jpg\" \/><img decoding=\"async\" src=\"https:\/\/cdn.shopify.com\/s\/files\/1\/0830\/0573\/5193\/files\/Product-ArmorMini20Pro-PC-2.jpg\" \/><img decoding=\"async\" src=\"https:\/\/cdn.shopify.com\/s\/files\/1\/0830\/0573\/5193\/files\/Product-ArmorMini20Pro-PC-3.jpg\" \/><img decoding=\"async\" src=\"https:\/\/cdn.shopify.com\/s\/files\/1\/0830\/0573\/5193\/files\/Product-ArmorMini20Pro-PC-4.jpg\" \/><img decoding=\"async\" src=\"https:\/\/cdn.shopify.com\/s\/files\/1\/0830\/0573\/5193\/files\/Product-ArmorMini20Pro-PC-5.jpg\" \/><img decoding=\"async\" src=\"https:\/\/cdn.shopify.com\/s\/files\/1\/0830\/0573\/5193\/files\/Product-ArmorMini20Pro-PC-6.jpg\" \/><img decoding=\"async\" src=\"https:\/\/cdn.shopify.com\/s\/files\/1\/0830\/0573\/5193\/files\/Product-ArmorMini20Pro-PC-7.jpg\" \/><img decoding=\"async\" src=\"https:\/\/cdn.shopify.com\/s\/files\/1\/0830\/0573\/5193\/files\/Product-ArmorMini20Pro-PC-8.jpg\" \/><img decoding=\"async\" src=\"https:\/\/cdn.shopify.com\/s\/files\/1\/0830\/0573\/5193\/files\/Product-ArmorMini20Pro-PC-9.jpg\" \/><img decoding=\"async\" src=\"https:\/\/cdn.shopify.com\/s\/files\/1\/0830\/0573\/5193\/files\/Product-ArmorMini20Pro-PC-10.jpg\" \/><img decoding=\"async\" src=\"https:\/\/cdn.shopify.com\/s\/files\/1\/0830\/0573\/5193\/files\/Product-ArmorMini20Pro-PC-11.jpg\" \/><img decoding=\"async\" src=\"https:\/\/cdn.shopify.com\/s\/files\/1\/0830\/0573\/5193\/files\/Product-ArmorMini20Pro-PC-12.jpg\" \/><img decoding=\"async\" src=\"https:\/\/cdn.shopify.com\/s\/files\/1\/0830\/0573\/5193\/files\/Product-ArmorMini20Pro-PC-13.jpg\" \/><img decoding=\"async\" src=\"https:\/\/cdn.shopify.com\/s\/files\/1\/0830\/0573\/5193\/files\/Product-ArmorMini20Pro-PC-14.jpg\" \/><img decoding=\"async\" src=\"https:\/\/cdn.shopify.com\/s\/files\/1\/0830\/0573\/5193\/files\/Product-ArmorMini20Pro-PC-15.jpg\" \/><img decoding=\"async\" src=\"https:\/\/cdn.shopify.com\/s\/files\/1\/0830\/0573\/5193\/files\/Product-ArmorMini20Pro-PC-16.jpg\" \/><img decoding=\"async\" src=\"https:\/\/cdn.shopify.com\/s\/files\/1\/0830\/0573\/5193\/files\/Product-ArmorMini20Pro-PC-17.jpg\" \/><img decoding=\"async\" src=\"https:\/\/cdn.shopify.com\/s\/files\/1\/0830\/0573\/5193\/files\/Product-ArmorMini20Pro-PC-18.jpg\" \/><img decoding=\"async\" src=\"https:\/\/cdn.shopify.com\/s\/files\/1\/0830\/0573\/5193\/files\/Product-ArmorMini20Pro-PC-19.jpg\" \/><img decoding=\"async\" src=\"https:\/\/cdn.shopify.com\/s\/files\/1\/0830\/0573\/5193\/files\/Product-ArmorMini20Pro-PC-20.jpg\" \/><img decoding=\"async\" src=\"https:\/\/cdn.shopify.com\/s\/files\/1\/0830\/0573\/5193\/files\/Product-ArmorMini20Pro-PC-21.jpg\" \/><img decoding=\"async\" src=\"https:\/\/cdn.shopify.com\/s\/files\/1\/0830\/0573\/5193\/files\/Product-ArmorMini20Pro-PC-22.jpg\" \/><img decoding=\"async\" src=\"https:\/\/cdn.shopify.com\/s\/files\/1\/0830\/0573\/5193\/files\/Product-ArmorMini20Pro-PC-23.jpg\" \/><img decoding=\"async\" src=\"https:\/\/cdn.shopify.com\/s\/files\/1\/0830\/0573\/5193\/files\/Product-ArmorMini20Pro-PC-24.jpg\" \/><img decoding=\"async\" src=\"https:\/\/cdn.shopify.com\/s\/files\/1\/0830\/0573\/5193\/files\/Product-ArmorMini20Pro-PC-25.jpg\" \/><img decoding=\"async\" src=\"https:\/\/cdn.shopify.com\/s\/files\/1\/0830\/0573\/5193\/files\/Product-ArmorMini20Pro-PC-26.jpg\" \/><img decoding=\"async\" src=\"https:\/\/cdn.shopify.com\/s\/files\/1\/0830\/0573\/5193\/files\/Product-ArmorMini20Pro-PC-27.jpg\" \/><img decoding=\"async\" src=\"https:\/\/cdn.shopify.com\/s\/files\/1\/0830\/0573\/5193\/files\/Product-ArmorMini20Pro-PC-28.jpg\" \/><img decoding=\"async\" src=\"https:\/\/cdn.shopify.com\/s\/files\/1\/0830\/0573\/5193\/files\/Product-ArmorMini20Pro-PC-29.jpg\" \/><img decoding=\"async\" src=\"https:\/\/cdn.shopify.com\/s\/files\/1\/0830\/0573\/5193\/files\/Product-ArmorMini20Pro-PC-30.jpg\" \/><img decoding=\"async\" src=\"https:\/\/cdn.shopify.com\/s\/files\/1\/0830\/0573\/5193\/files\/Product-ArmorMini20Pro-PC-31.jpg\" \/><\/div>\n<\/div>\n<\/section>\n","protected":false},"excerpt":{"rendered":"<p>Ulefone Armor Mini 20T Pro \u2013 tikras tvirtumo ir naujausi\u0173 technologij\u0173 derinys. Kompakti\u0161kas, bet galingas i\u0161manusis ne tik atsparus vandeniui bei sm\u016bgiams, bet ir si\u016blo moderniausi\u0105 5G ry\u0161\u012f. Jame slypi 256 GB vidin\u0117 atmintis ir net 16 GB RAM, tod\u0117l vietos ir grei\u010dio u\u017eteks viskam. Fotografuoti pad\u0117s \u012fsp\u016bdinga 50 MP Samsung GN1 pagrindin\u0117 kamera bei [&#8230;]\n","protected":false},"featured_media":5324,"template":"","meta":[],"product_brand":[],"product_cat":[45,22],"product_tag":[],"class_list":{"0":"post-5323","1":"product","2":"type-product","3":"status-publish","4":"has-post-thumbnail","6":"product_cat-4-6-d-d-pristatymo-prekes","7":"product_cat-ulefone-telefonai","9":"first","10":"instock","11":"sale","12":"shipping-taxable","13":"purchasable","14":"product-type-simple"},"yoast_head":"<!-- This site is optimized with the Yoast SEO plugin v27.5 - https:\/\/yoast.com\/product\/yoast-seo-wordpress\/ -->\n<title>Ulefone Armor Mini 20 Pro - 5G, 256\/8GB, Juodas - Resolute.lt<\/title>\n<meta name=\"description\" content=\"Ulefone Armor Mini 20 Pro - ypa\u010d kompakti\u0161kas vandeniui ir sm\u016bgiams atsparus 5G ry\u0161io telefonas, 50 MP Samsung GN1 bei 64 MP naktinio matymo kameromis.\" \/>\n<meta name=\"robots\" content=\"index, follow, max-snippet:-1, max-image-preview:large, max-video-preview:-1\" \/>\n<link rel=\"canonical\" href=\"https:\/\/resolute.lt\/index.php\/produktas\/ulefone-armor-mini-20-pro-5g\/\" \/>\n<meta property=\"og:locale\" content=\"lt_LT\" \/>\n<meta property=\"og:type\" content=\"article\" \/>\n<meta property=\"og:title\" content=\"Ulefone Armor Mini 20 Pro - 5G, 256\/8GB, Juodas - Resolute.lt\" \/>\n<meta property=\"og:description\" content=\"Ulefone Armor Mini 20 Pro - ypa\u010d kompakti\u0161kas vandeniui ir sm\u016bgiams atsparus 5G ry\u0161io telefonas, 50 MP Samsung GN1 bei 64 MP naktinio matymo kameromis.\" \/>\n<meta property=\"og:url\" content=\"https:\/\/resolute.lt\/index.php\/produktas\/ulefone-armor-mini-20-pro-5g\/\" \/>\n<meta property=\"og:site_name\" content=\"Resolute.lt\" \/>\n<meta property=\"article:modified_time\" content=\"2025-12-10T10:03:59+00:00\" \/>\n<meta property=\"og:image\" content=\"https:\/\/resolute.lt\/wp-content\/uploads\/2024\/11\/1.-Ulefone-Armor-Mini-20-Pro-5G-telefonas-Smugiams-vandeniui-dulkems-atsparus-IP68-Telefonai-Resolute.lt_.jpg\" \/>\n\t<meta property=\"og:image:width\" content=\"750\" \/>\n\t<meta property=\"og:image:height\" content=\"750\" \/>\n\t<meta property=\"og:image:type\" content=\"image\/jpeg\" \/>\n<meta name=\"twitter:card\" content=\"summary_large_image\" \/>\n<meta name=\"twitter:label1\" content=\"Est. reading time\" \/>\n\t<meta name=\"twitter:data1\" content=\"10 minu\u010di\u0173\" \/>\n<script type=\"application\/ld+json\" class=\"yoast-schema-graph\">{\"@context\":\"https:\\\/\\\/schema.org\",\"@graph\":[{\"@type\":\"WebPage\",\"@id\":\"https:\\\/\\\/resolute.lt\\\/index.php\\\/produktas\\\/ulefone-armor-mini-20-pro-5g\\\/\",\"url\":\"https:\\\/\\\/resolute.lt\\\/index.php\\\/produktas\\\/ulefone-armor-mini-20-pro-5g\\\/\",\"name\":\"Ulefone Armor Mini 20 Pro - 5G, 256\\\/8GB, Juodas - Resolute.lt\",\"isPartOf\":{\"@id\":\"https:\\\/\\\/resolute.lt\\\/#website\"},\"primaryImageOfPage\":{\"@id\":\"https:\\\/\\\/resolute.lt\\\/index.php\\\/produktas\\\/ulefone-armor-mini-20-pro-5g\\\/#primaryimage\"},\"image\":{\"@id\":\"https:\\\/\\\/resolute.lt\\\/index.php\\\/produktas\\\/ulefone-armor-mini-20-pro-5g\\\/#primaryimage\"},\"thumbnailUrl\":\"https:\\\/\\\/resolute.lt\\\/wp-content\\\/uploads\\\/2024\\\/11\\\/1.-Ulefone-Armor-Mini-20-Pro-5G-telefonas-Smugiams-vandeniui-dulkems-atsparus-IP68-Telefonai-Resolute.lt_.jpg\",\"datePublished\":\"2024-11-23T18:13:05+00:00\",\"dateModified\":\"2025-12-10T10:03:59+00:00\",\"description\":\"Ulefone Armor Mini 20 Pro - ypa\u010d kompakti\u0161kas vandeniui ir sm\u016bgiams atsparus 5G ry\u0161io telefonas, 50 MP Samsung GN1 bei 64 MP naktinio matymo kameromis.\",\"breadcrumb\":{\"@id\":\"https:\\\/\\\/resolute.lt\\\/index.php\\\/produktas\\\/ulefone-armor-mini-20-pro-5g\\\/#breadcrumb\"},\"inLanguage\":\"lt-LT\",\"potentialAction\":[{\"@type\":\"ReadAction\",\"target\":[\"https:\\\/\\\/resolute.lt\\\/index.php\\\/produktas\\\/ulefone-armor-mini-20-pro-5g\\\/\"]}]},{\"@type\":\"ImageObject\",\"inLanguage\":\"lt-LT\",\"@id\":\"https:\\\/\\\/resolute.lt\\\/index.php\\\/produktas\\\/ulefone-armor-mini-20-pro-5g\\\/#primaryimage\",\"url\":\"https:\\\/\\\/resolute.lt\\\/wp-content\\\/uploads\\\/2024\\\/11\\\/1.-Ulefone-Armor-Mini-20-Pro-5G-telefonas-Smugiams-vandeniui-dulkems-atsparus-IP68-Telefonai-Resolute.lt_.jpg\",\"contentUrl\":\"https:\\\/\\\/resolute.lt\\\/wp-content\\\/uploads\\\/2024\\\/11\\\/1.-Ulefone-Armor-Mini-20-Pro-5G-telefonas-Smugiams-vandeniui-dulkems-atsparus-IP68-Telefonai-Resolute.lt_.jpg\",\"width\":750,\"height\":750},{\"@type\":\"BreadcrumbList\",\"@id\":\"https:\\\/\\\/resolute.lt\\\/index.php\\\/produktas\\\/ulefone-armor-mini-20-pro-5g\\\/#breadcrumb\",\"itemListElement\":[{\"@type\":\"ListItem\",\"position\":1,\"name\":\"Home\",\"item\":\"https:\\\/\\\/resolute.lt\\\/\"},{\"@type\":\"ListItem\",\"position\":2,\"name\":\"Resolute.lt\",\"item\":\"https:\\\/\\\/resolute.lt\\\/\"},{\"@type\":\"ListItem\",\"position\":3,\"name\":\"Ulefone Armor Mini 20 Pro &#8211; 5G, 256\\\/8GB, Juodas\"}]},{\"@type\":\"WebSite\",\"@id\":\"https:\\\/\\\/resolute.lt\\\/#website\",\"url\":\"https:\\\/\\\/resolute.lt\\\/\",\"name\":\"Resolute.lt\",\"description\":\"Sm\u016bgiams ir vandeniui telefonai\",\"potentialAction\":[{\"@type\":\"SearchAction\",\"target\":{\"@type\":\"EntryPoint\",\"urlTemplate\":\"https:\\\/\\\/resolute.lt\\\/?s={search_term_string}\"},\"query-input\":{\"@type\":\"PropertyValueSpecification\",\"valueRequired\":true,\"valueName\":\"search_term_string\"}}],\"inLanguage\":\"lt-LT\"}]}<\/script>\n<!-- \/ Yoast SEO plugin. -->","yoast_head_json":{"title":"Ulefone Armor Mini 20 Pro - 5G, 256\/8GB, Juodas - Resolute.lt","description":"Ulefone Armor Mini 20 Pro - ypa\u010d kompakti\u0161kas vandeniui ir sm\u016bgiams atsparus 5G ry\u0161io telefonas, 50 MP Samsung GN1 bei 64 MP naktinio matymo kameromis.","robots":{"index":"index","follow":"follow","max-snippet":"max-snippet:-1","max-image-preview":"max-image-preview:large","max-video-preview":"max-video-preview:-1"},"canonical":"https:\/\/resolute.lt\/index.php\/produktas\/ulefone-armor-mini-20-pro-5g\/","og_locale":"lt_LT","og_type":"article","og_title":"Ulefone Armor Mini 20 Pro - 5G, 256\/8GB, Juodas - Resolute.lt","og_description":"Ulefone Armor Mini 20 Pro - ypa\u010d kompakti\u0161kas vandeniui ir sm\u016bgiams atsparus 5G ry\u0161io telefonas, 50 MP Samsung GN1 bei 64 MP naktinio matymo kameromis.","og_url":"https:\/\/resolute.lt\/index.php\/produktas\/ulefone-armor-mini-20-pro-5g\/","og_site_name":"Resolute.lt","article_modified_time":"2025-12-10T10:03:59+00:00","og_image":[{"width":750,"height":750,"url":"https:\/\/resolute.lt\/wp-content\/uploads\/2024\/11\/1.-Ulefone-Armor-Mini-20-Pro-5G-telefonas-Smugiams-vandeniui-dulkems-atsparus-IP68-Telefonai-Resolute.lt_.jpg","type":"image\/jpeg"}],"twitter_card":"summary_large_image","twitter_misc":{"Est. reading time":"10 minu\u010di\u0173"},"schema":{"@context":"https:\/\/schema.org","@graph":[{"@type":"WebPage","@id":"https:\/\/resolute.lt\/index.php\/produktas\/ulefone-armor-mini-20-pro-5g\/","url":"https:\/\/resolute.lt\/index.php\/produktas\/ulefone-armor-mini-20-pro-5g\/","name":"Ulefone Armor Mini 20 Pro - 5G, 256\/8GB, Juodas - Resolute.lt","isPartOf":{"@id":"https:\/\/resolute.lt\/#website"},"primaryImageOfPage":{"@id":"https:\/\/resolute.lt\/index.php\/produktas\/ulefone-armor-mini-20-pro-5g\/#primaryimage"},"image":{"@id":"https:\/\/resolute.lt\/index.php\/produktas\/ulefone-armor-mini-20-pro-5g\/#primaryimage"},"thumbnailUrl":"https:\/\/resolute.lt\/wp-content\/uploads\/2024\/11\/1.-Ulefone-Armor-Mini-20-Pro-5G-telefonas-Smugiams-vandeniui-dulkems-atsparus-IP68-Telefonai-Resolute.lt_.jpg","datePublished":"2024-11-23T18:13:05+00:00","dateModified":"2025-12-10T10:03:59+00:00","description":"Ulefone Armor Mini 20 Pro - ypa\u010d kompakti\u0161kas vandeniui ir sm\u016bgiams atsparus 5G ry\u0161io telefonas, 50 MP Samsung GN1 bei 64 MP naktinio matymo kameromis.","breadcrumb":{"@id":"https:\/\/resolute.lt\/index.php\/produktas\/ulefone-armor-mini-20-pro-5g\/#breadcrumb"},"inLanguage":"lt-LT","potentialAction":[{"@type":"ReadAction","target":["https:\/\/resolute.lt\/index.php\/produktas\/ulefone-armor-mini-20-pro-5g\/"]}]},{"@type":"ImageObject","inLanguage":"lt-LT","@id":"https:\/\/resolute.lt\/index.php\/produktas\/ulefone-armor-mini-20-pro-5g\/#primaryimage","url":"https:\/\/resolute.lt\/wp-content\/uploads\/2024\/11\/1.-Ulefone-Armor-Mini-20-Pro-5G-telefonas-Smugiams-vandeniui-dulkems-atsparus-IP68-Telefonai-Resolute.lt_.jpg","contentUrl":"https:\/\/resolute.lt\/wp-content\/uploads\/2024\/11\/1.-Ulefone-Armor-Mini-20-Pro-5G-telefonas-Smugiams-vandeniui-dulkems-atsparus-IP68-Telefonai-Resolute.lt_.jpg","width":750,"height":750},{"@type":"BreadcrumbList","@id":"https:\/\/resolute.lt\/index.php\/produktas\/ulefone-armor-mini-20-pro-5g\/#breadcrumb","itemListElement":[{"@type":"ListItem","position":1,"name":"Home","item":"https:\/\/resolute.lt\/"},{"@type":"ListItem","position":2,"name":"Resolute.lt","item":"https:\/\/resolute.lt\/"},{"@type":"ListItem","position":3,"name":"Ulefone Armor Mini 20 Pro &#8211; 5G, 256\/8GB, Juodas"}]},{"@type":"WebSite","@id":"https:\/\/resolute.lt\/#website","url":"https:\/\/resolute.lt\/","name":"Resolute.lt","description":"Sm\u016bgiams ir vandeniui telefonai","potentialAction":[{"@type":"SearchAction","target":{"@type":"EntryPoint","urlTemplate":"https:\/\/resolute.lt\/?s={search_term_string}"},"query-input":{"@type":"PropertyValueSpecification","valueRequired":true,"valueName":"search_term_string"}}],"inLanguage":"lt-LT"}]}},"_links":{"self":[{"href":"https:\/\/resolute.lt\/index.php\/wp-json\/wp\/v2\/product\/5323","targetHints":{"allow":["GET"]}}],"collection":[{"href":"https:\/\/resolute.lt\/index.php\/wp-json\/wp\/v2\/product"}],"about":[{"href":"https:\/\/resolute.lt\/index.php\/wp-json\/wp\/v2\/types\/product"}],"wp:featuredmedia":[{"embeddable":true,"href":"https:\/\/resolute.lt\/index.php\/wp-json\/wp\/v2\/media\/5324"}],"wp:attachment":[{"href":"https:\/\/resolute.lt\/index.php\/wp-json\/wp\/v2\/media?parent=5323"}],"wp:term":[{"taxonomy":"product_brand","embeddable":true,"href":"https:\/\/resolute.lt\/index.php\/wp-json\/wp\/v2\/product_brand?post=5323"},{"taxonomy":"product_cat","embeddable":true,"href":"https:\/\/resolute.lt\/index.php\/wp-json\/wp\/v2\/product_cat?post=5323"},{"taxonomy":"product_tag","embeddable":true,"href":"https:\/\/resolute.lt\/index.php\/wp-json\/wp\/v2\/product_tag?post=5323"}],"curies":[{"name":"wp","href":"https:\/\/api.w.org\/{rel}","templated":true}]}}