{"id":5196,"date":"2024-10-07T14:41:37","date_gmt":"2024-10-07T14:41:37","guid":{"rendered":"https:\/\/resolute.lt\/?post_type=product&#038;p=5196"},"modified":"2026-01-29T10:26:16","modified_gmt":"2026-01-29T10:26:16","slug":"doogee-s200-pilkas","status":"publish","type":"product","link":"https:\/\/resolute.lt\/index.php\/produktas\/doogee-s200-pilkas\/","title":{"rendered":"Doogee S200 &#8211; 5G, 256\/12GB, Pilkas"},"content":{"rendered":"<div id=\"model-response-message-contentr_848ca2dd59e03bdf\" class=\"markdown markdown-main-panel\" dir=\"ltr\">\n<p><strong>Doogee S200<\/strong> \u2013 auk\u0161tos klas\u0117s sm\u016bgiams ir vandeniui atsparus 5G telefonas su ypa\u010d ilgo tarnavimo 10100 mAh baterija, 100 MP pagrindine + 20 MP naktinio matymo kameromis, 6,78\u2033 IPS LCD ekranu su 120 Hz atnaujinimu, ypa\u010d spar\u010diu Dimensity\u2122 7050 6 nm procesoriumi, 256 GB vidine atmintimi, 12 GB RAM bei moderni\u0105ja Android 14 operacine sistema su lietuvi\u0173 kalba. Sidabrin\u0117s spalvos versij\u0105 rasite <a href=\"https:\/\/resolute.lt\/index.php\/produktas\/doogee-s200-sidabrinis\/\" target=\"_blank\" rel=\"noopener\"><strong>\u010cIA<\/strong><\/a>.<\/p>\n<p><strong><a href=\"https:\/\/www.resolute.lt\/\">RESOLUTE.LT EL. PARDUOTUV\u0116:<\/a><\/strong><br \/>\n<strong>\u2013 5-7 darbo dien\u0173 pristatymas!<br \/>\n<\/strong>\u2013 Apmok\u0117jimas Google Pay, banko kortele, el. bankininkyste ar PayPal.<br \/>\n\u2013 Tik naujos prek\u0117s su 2 met\u0173 garantija!<\/p>\n<\/div>\n<h3><strong>Idealus pasirinkimams ie\u0161kantiems \u0161i\u0173 savyi\u0173 viename \u012frenginyje:<\/strong><\/h3>\n<ul>\n<li>Naktinio matymo technologija (20 MP Sony\u2122)<\/li>\n<li>Ypa\u010d didel\u0117 baterijos talpa (10100 mAh)<\/li>\n<\/ul>\n<h3><strong>Kiti sm\u016bgiams ir vandeniui atspar\u016bs Doogee modeliai:<\/strong><\/h3>\n<ul>\n<li>Domina 10,5 mm plonumo auk\u0161\u010diausios klas\u0117s telefonas? Rekomenduojame\u00a0<strong><a href=\"https:\/\/resolute.lt\/index.php\/produktas\/doogee-blade-gt-ultra-5g-juodas\/\" target=\"_blank\" rel=\"noopener\">Doogee Blade GT Ultra<\/a><\/strong>.<\/li>\n<li>Domina 10100 mAh baterij\u0105 turintis auk\u0161\u010diausios klas\u0117s telefonas? Rekomenduojame\u00a0<strong><a href=\"https:\/\/resolute.lt\/index.php\/produktas\/doogee-s200-plus-5g-juodas\/\" target=\"_blank\" rel=\"noopener\">Doogee S200 Plus<\/a><\/strong><a href=\"https:\/\/resolute.lt\/index.php\/produktas\/doogee-s200-plus-5g-juodas\/\" target=\"_blank\" rel=\"noopener\">.<\/a><\/li>\n<li>Domina geriausias pasirinkimas iki 300 \u20ac? Rekomenduojame <a href=\"https:\/\/resolute.lt\/index.php\/produktas\/doogee-s119-sidabrinis\/\" target=\"_blank\" rel=\"noopener\"><strong>Doogee S119<\/strong><\/a>.<\/li>\n<\/ul>\n<p>&nbsp;<\/p>\n<div id=\"row-1175821349\" class=\"row align-center\">\n<div id=\"col-130476939\" class=\"col medium-4 small-10 large-4\">\n<div class=\"col-inner\">\n<h1><strong>Komplektacija<\/strong><\/h1>\n<\/div>\n<\/div>\n<div id=\"col-1358541524\" class=\"col medium-8 small-10 large-8\">\n<div class=\"col-inner\">\n<ul>\n<li><b>1x\u00a0\u00a0<\/b>I\u0161manus telefonas<\/li>\n<li><b>1x\u00a0\u00a0<\/b>EU \u012fkroviklis (33 W)<\/li>\n<li><b>1x\u00a0\u00a0<\/b>USB-C laidas<\/li>\n<li><b>1x<\/b>\u00a0 Ekrano apsauga (gamykli\u0161kai u\u017ed\u0117ta)<\/li>\n<li><b>1x<\/b>\u00a0 Ekrano apsauga (papildoma)<\/li>\n<li><b>1x<\/b>\u00a0 Naudojimosi instrukcijos<\/li>\n<\/ul>\n<\/div>\n<\/div>\n<\/div>\n<div id=\"row-214715003\" class=\"row align-center\">\n<div id=\"col-883847564\" class=\"col medium-4 small-10 large-4\">\n<div class=\"col-inner\">\n<h1><strong>Bendrieji parametrai<\/strong><\/h1>\n<\/div>\n<\/div>\n<div id=\"col-35252131\" class=\"col medium-8 small-10 large-8\">\n<div class=\"col-inner\">\n<ul>\n<li><strong>Prek\u0117s tipas:<\/strong>\u00a0Mobilieji telefonai<\/li>\n<li><strong>Prek\u0117s spalva:<\/strong> Pilka<\/li>\n<li><strong>Palaikom\u0173 SIM korteli\u0173 kiekis:<\/strong>\u00a02<\/li>\n<li><strong>Palaikom\u0173 SIM korteli\u0173 tipas:<\/strong>\u00a0NanoSIM<\/li>\n<\/ul>\n<\/div>\n<\/div>\n<\/div>\n<div id=\"row-214715003\" class=\"row align-center\">\n<div id=\"col-883847564\" class=\"col medium-4 small-10 large-4\">\n<div class=\"col-inner\">\n<h1><strong>Matmenys<\/strong><\/h1>\n<\/div>\n<\/div>\n<div id=\"col-35252131\" class=\"col medium-8 small-10 large-8\">\n<div class=\"col-inner\">\n<ul>\n<li><strong>Matmenys: <\/strong>179,5 x 82,5 x 16 mm<\/li>\n<\/ul>\n<\/div>\n<\/div>\n<\/div>\n<div id=\"row-214715003\" class=\"row align-center\">\n<div id=\"col-883847564\" class=\"col medium-4 small-10 large-4\">\n<div class=\"col-inner\">\n<h1><strong>Operacin\u0117 sistema<\/strong><\/h1>\n<\/div>\n<\/div>\n<div id=\"col-35252131\" class=\"col medium-8 small-10 large-8\">\n<div class=\"col-inner\">\n<ul>\n<li><strong>Operacin\u0117 sistema:<\/strong>\u00a0Android<\/li>\n<li><strong>Operacin\u0117s sistemos versija:\u00a0<\/strong>14<\/li>\n<li><strong>Palaikomos kalbos:<\/strong> Lietuvi\u0173, angl\u0173, latvi\u0173, est\u0173, lenk\u0173, ukrainie\u010di\u0173, \u010dek\u0173, pranc\u016bz\u0173, vokie\u010di\u0173, ital\u0173, ispan\u0173, \u0161ved\u0173, rus\u0173 ir kt.<\/li>\n<\/ul>\n<\/div>\n<\/div>\n<\/div>\n<div id=\"row-214715003\" class=\"row align-center\">\n<div id=\"col-883847564\" class=\"col medium-4 small-10 large-4\">\n<div class=\"col-inner\">\n<h1><strong>Procesorius ir vaizdo plok\u0161t\u0117<\/strong><\/h1>\n<\/div>\n<\/div>\n<div id=\"col-35252131\" class=\"col medium-8 small-10 large-8\">\n<div class=\"col-inner\">\n<ul>\n<li><strong>Procesoriaus modelis:\u00a0<\/strong>MediaTek Dimensity\u2122 7050<\/li>\n<li><strong>Proceso technologija:<\/strong> 6 nm<\/li>\n<li><strong>Procesoriaus branduoli\u0173 kiekis:<\/strong>\u00a08<\/li>\n<li><strong>Procesoriaus branduoli\u0173 da\u017eniai: 2<\/strong>x 2,6 GHz Cortex-A78 ir 6x 2,0 GHz Cortex-A55<\/li>\n<li><strong>Vaizdo plok\u0161t\u0117s modelis: <\/strong>ARM Mali-G68 MC4<\/li>\n<li><strong>Vaizdo plok\u0161t\u0117s branduoli\u0173 kiekis:<\/strong> 4<\/li>\n<\/ul>\n<\/div>\n<\/div>\n<\/div>\n<div id=\"row-2111937453\" class=\"row align-center\">\n<div id=\"col-1355999373\" class=\"col medium-4 small-10 large-4\">\n<div class=\"col-inner\">\n<h1><strong>Atmintis<\/strong><\/h1>\n<\/div>\n<\/div>\n<div id=\"col-2062834539\" class=\"col medium-8 small-10 large-8\">\n<div class=\"col-inner\">\n<ul>\n<li><strong>Vidin\u0117 atminis: <\/strong>256\u00a0GB<\/li>\n<li><strong>Fizin\u0117 darbin\u0117 atmintis (RAM):<\/strong> 12 GB<\/li>\n<li><strong>Virtuali darbin\u0117 atmintis (RAM):<\/strong> 20 GB<\/li>\n<li><strong>Bendra darbin\u0117 atmintis (RAM):<\/strong> 32 GB<\/li>\n<li><strong>Darbin\u0117s atminties da\u017enis:\u00a0<\/strong>2,75 GHz<\/li>\n<li><strong>Atminties kortel\u0117s palaikymas:\u00a0<\/strong>Taip, MicroSD<\/li>\n<li><strong>Atminties kortel\u0117s talpa:<\/strong>\u00a0Iki 2 TB<\/li>\n<\/ul>\n<\/div>\n<\/div>\n<\/div>\n<div id=\"row-1271375553\" class=\"row align-center\">\n<div id=\"col-201046948\" class=\"col medium-4 small-10 large-4\">\n<div class=\"col-inner\">\n<h1><strong>Ekranas<\/strong><\/h1>\n<\/div>\n<\/div>\n<div id=\"col-35252131\" class=\"col medium-8 small-10 large-8\">\n<div class=\"col-inner\">\n<ul>\n<li><strong>Dydis:<\/strong> 6,72\u2033<\/li>\n<li><strong>Rai\u0161ka:<\/strong> 2400 x 1080<\/li>\n<li><strong>PPI (pikseliai per col\u012f):\u00a0<\/strong>392<\/li>\n<li><strong>Atnaujinimo da\u017enis:<\/strong>\u00a0120 Hz<\/li>\n<li><strong>Tipas:<\/strong> IPS LCD<\/li>\n<li><strong>Plotas:<\/strong> 73,86 %<\/li>\n<li><strong>I\u0161orinio stiklo tipas:<\/strong> Corning Gorilla Glass Victus<\/li>\n<li><strong>Pir\u0161tini\u0173 re\u017eimas:<\/strong>\u00a0Taip<\/li>\n<li><strong>Galinis ekranas:<\/strong>\u00a0Taip, 1,32\u2033<\/li>\n<li><strong>Galinio ekrano rai\u0161ka:<\/strong>\u00a0466 x 466<\/li>\n<li><strong>Galinio ekrano tipas:<\/strong>\u00a0AMOLED<\/li>\n<li><strong>Galinio ekrano ry\u0161kumas:<\/strong>\u00a0600 nit\u0173<\/li>\n<\/ul>\n<\/div>\n<\/div>\n<\/div>\n<div id=\"row-214715003\" class=\"row align-center\">\n<div id=\"col-883847564\" class=\"col medium-4 small-10 large-4\">\n<div class=\"col-inner\">\n<h1><strong>Lizdai ir sensoriai<\/strong><\/h1>\n<\/div>\n<\/div>\n<div id=\"col-35252131\" class=\"col medium-8 small-10 large-8\">\n<div class=\"col-inner\">\n<ul>\n<li><strong>USB lizdo tipas:<\/strong>\u00a0USB-C<\/li>\n<li><strong>Ausini\u0173 lizdas (AUX):\u00a0<\/strong>Ne<\/li>\n<li><strong>Pir\u0161t\u0173 antspaud\u0173 sensorius:<\/strong>\u00a0Taip, \u0161oninis<\/li>\n<\/ul>\n<\/div>\n<\/div>\n<\/div>\n<div id=\"row-214715003\" class=\"row align-center\">\n<div id=\"col-883847564\" class=\"col medium-4 small-10 large-4\">\n<div class=\"col-inner\">\n<h1><strong>Pagrindin\u0117 kamera<\/strong><\/h1>\n<\/div>\n<\/div>\n<div id=\"col-35252131\" class=\"col medium-8 small-10 large-8\">\n<div class=\"col-inner\">\n<ul>\n<li><strong>Sensori\u0173 kiekis: <\/strong>3<\/li>\n<li><strong>Pagrindinis sensorius:<\/strong> 100 MP<\/li>\n<li><strong>Makro sensorius:<\/strong> 2 MP<\/li>\n<li><strong>Naktinio matymo sensorius: <\/strong>20 MP Sony Exmor RS\u2122 IMX350<\/li>\n<li><strong>Filmavimas:\u00a0<\/strong>4K@30fps, 1080p@30fps<\/li>\n<li><strong>Blykst\u0117s tipas:<\/strong> LED, 2 diod\u0173<\/li>\n<li><strong>Technologija:<\/strong> Morpho\u00ae<\/li>\n<\/ul>\n<\/div>\n<\/div>\n<\/div>\n<div id=\"row-214715003\" class=\"row align-center\">\n<div id=\"col-883847564\" class=\"col medium-4 small-10 large-4\">\n<div class=\"col-inner\">\n<h1><strong>Priekin\u0117 kamera<\/strong><\/h1>\n<\/div>\n<\/div>\n<div id=\"col-35252131\" class=\"col medium-8 small-10 large-8\">\n<div class=\"col-inner\">\n<ul>\n<li><strong>Sensorius: <\/strong>20 MP<\/li>\n<li><strong>Filmavimas: <\/strong>1440p@30fps<\/li>\n<\/ul>\n<\/div>\n<\/div>\n<\/div>\n<div id=\"row-214715003\" class=\"row align-center\">\n<div id=\"col-883847564\" class=\"col medium-4 small-10 large-4\">\n<div class=\"col-inner\">\n<h1><strong>Internetas ir komunikacija<\/strong><\/h1>\n<\/div>\n<\/div>\n<div id=\"col-35252131\" class=\"col medium-8 small-10 large-8\">\n<div class=\"col-inner\">\n<ul>\n<li><strong>WiFi s\u0105saja:\u00a0<\/strong>Taip<\/li>\n<li><strong>3G ry\u0161ys:\u00a0<\/strong>Taip<\/li>\n<li><strong>4G ry\u0161ys:\u00a0<\/strong>Taip<\/li>\n<li><strong>5G ry\u0161ys:<\/strong>\u00a0Taip<\/li>\n<li><strong>Bluetooth s\u0105saja:\u00a0<\/strong>Taip<\/li>\n<li><strong>Bluetooth versija:\u00a0<\/strong>5.2<\/li>\n<li><strong>NFC s\u0105saja:\u00a0<\/strong>Taip<\/li>\n<li><strong>VoLTE s\u0105saja:<\/strong> Taip<\/li>\n<li><strong>FM radijas:\u00a0<\/strong>Taip<\/li>\n<li><strong>GPS s\u0105saja:\u00a0<\/strong>Taip<\/li>\n<li><strong>GPS sistemos:<\/strong>\u00a0GPS, A-GPS, GLONASS, BeiDou, Galileo<\/li>\n<\/ul>\n<\/div>\n<\/div>\n<\/div>\n<div id=\"row-214715003\" class=\"row align-center\">\n<div id=\"col-883847564\" class=\"col medium-4 small-10 large-4\">\n<div class=\"col-inner\">\n<h1><strong>Baterija<\/strong><\/h1>\n<\/div>\n<\/div>\n<div id=\"col-35252131\" class=\"col medium-8 small-10 large-8\">\n<div class=\"col-inner\">\n<ul>\n<li><strong>Talpa:\u00a0<\/strong>10100 mAh<\/li>\n<li><strong>Greitasis laidinis \u012fkrovimas:\u00a0<\/strong>Taip, 33 W<\/li>\n<li><strong>Atvirk\u0161tinis laidinis \u012fkrovimas:<\/strong> Taip, 5 W<\/li>\n<li><strong>Bud\u0117jimo laikas:<\/strong> 20,5 dienos<\/li>\n<li><strong>Skambu\u010di\u0173 laikas<\/strong>: 1,7 dienos<\/li>\n<\/ul>\n<\/div>\n<\/div>\n<\/div>\n<div id=\"row-214715003\" class=\"row align-center\">\n<div id=\"col-883847564\" class=\"col medium-4 small-10 large-4\">\n<div class=\"col-inner\">\n<h1><strong>Papildomi duomenys<\/strong><\/h1>\n<\/div>\n<\/div>\n<div id=\"col-35252131\" class=\"col medium-8 small-10 large-8\">\n<div class=\"col-inner\">\n<ul>\n<li>Gamybos laikas: 2025 m. IV ketvirtis<\/li>\n<li>IP68\/IP69K standartas (atsparumas vandeniui ir dulk\u0117ms)<\/li>\n<li>MIL-STD-810H standartas<\/li>\n<li>Suasmenintas mygtukas<\/li>\n<li style=\"text-align: left;\">Digital Toolkit programin\u0117 \u012franga<\/li>\n<\/ul>\n<\/div>\n<\/div>\n<\/div>\n<p>&nbsp;<\/p>\n<div><img decoding=\"async\" src=\"https:\/\/cdn.shopify.com\/s\/files\/1\/0585\/5261\/5106\/files\/KV.jpg?v=1724487911\" width=\"100%\" \/><img decoding=\"async\" src=\"https:\/\/cdn.shopify.com\/s\/files\/1\/0585\/5261\/5106\/files\/1_02_26138f60-3c4d-4016-bfd5-527b32924d1c.jpg?v=1724983840\" width=\"100%\" \/><img decoding=\"async\" src=\"https:\/\/cdn.shopify.com\/s\/files\/1\/0585\/5261\/5106\/files\/1_03.jpg?v=1724381940\" width=\"100%\" \/><img decoding=\"async\" src=\"https:\/\/cdn.shopify.com\/s\/files\/1\/0585\/5261\/5106\/files\/1_04.jpg?v=1724381950\" width=\"100%\" \/><img decoding=\"async\" src=\"https:\/\/cdn.shopify.com\/s\/files\/1\/0585\/5261\/5106\/files\/1_05.jpg?v=1724381937\" width=\"100%\" \/><img decoding=\"async\" src=\"https:\/\/cdn.shopify.com\/s\/files\/1\/0585\/5261\/5106\/files\/1_06.jpg?v=1724381943\" width=\"100%\" \/><img decoding=\"async\" src=\"https:\/\/cdn.shopify.com\/s\/files\/1\/0585\/5261\/5106\/files\/1_07.jpg?v=1724381947\" width=\"100%\" \/><img decoding=\"async\" src=\"https:\/\/cdn.shopify.com\/s\/files\/1\/0585\/5261\/5106\/files\/1_08_bb9cee93-5bd9-4466-a4d6-17d0adba4702.jpg?v=1724984488\" width=\"100%\" \/><img decoding=\"async\" src=\"https:\/\/cdn.shopify.com\/s\/files\/1\/0585\/5261\/5106\/files\/1_09.jpg?v=1724381937\" width=\"100%\" \/><img decoding=\"async\" src=\"https:\/\/cdn.shopify.com\/s\/files\/1\/0585\/5261\/5106\/files\/1_10_8637daa4-a0ba-4ff8-8cd4-a99e12176a0b.jpg?v=1724984501\" width=\"100%\" \/><img decoding=\"async\" src=\"https:\/\/cdn.shopify.com\/s\/files\/1\/0585\/5261\/5106\/files\/1_11_5a9a4167-850f-47c7-b025-a42c407c39d0.jpg?v=1724381953\" width=\"100%\" \/><img decoding=\"async\" src=\"https:\/\/cdn.shopify.com\/s\/files\/1\/0585\/5261\/5106\/files\/1_12_fcca3af3-7cf0-4998-b79c-9f272c189bdc.jpg?v=1724381949\" width=\"100%\" \/><img decoding=\"async\" src=\"https:\/\/cdn.shopify.com\/s\/files\/1\/0585\/5261\/5106\/files\/1_13_36c0f2dd-0144-4b18-b77a-7ba4043e0ddb.jpg?v=1724381951\" width=\"100%\" \/><img decoding=\"async\" src=\"https:\/\/cdn.shopify.com\/s\/files\/1\/0585\/5261\/5106\/files\/1_14_155a2535-0b5b-4f82-9add-9fdac6dee3b3.jpg?v=1724381940\" width=\"100%\" \/><img decoding=\"async\" src=\"https:\/\/cdn.shopify.com\/s\/files\/1\/0585\/5261\/5106\/files\/2_01.jpg?v=1724381951\" width=\"100%\" \/><img decoding=\"async\" src=\"https:\/\/cdn.shopify.com\/s\/files\/1\/0585\/5261\/5106\/files\/2_02_9c4c1f93-e49a-43c4-8349-5fba30731923.jpg?v=1724983855\" width=\"100%\" \/><img decoding=\"async\" src=\"https:\/\/cdn.shopify.com\/s\/files\/1\/0585\/5261\/5106\/files\/2_03_fff57686-b89b-4214-9029-a0c34669cca1.jpg?v=1724381951\" width=\"100%\" \/><img decoding=\"async\" src=\"https:\/\/cdn.shopify.com\/s\/files\/1\/0585\/5261\/5106\/files\/2_04_6941bdeb-1f8f-40e1-87a4-9a21da43abd8.jpg?v=1724381949\" width=\"100%\" \/><img decoding=\"async\" src=\"https:\/\/cdn.shopify.com\/s\/files\/1\/0585\/5261\/5106\/files\/2_05_4935039c-9b26-404d-af0d-009785e74775.jpg?v=1724381945\" width=\"100%\" \/><img decoding=\"async\" src=\"https:\/\/cdn.shopify.com\/s\/files\/1\/0585\/5261\/5106\/files\/2_06_146a59a9-f20b-4267-8ceb-fb050cfb9739.jpg?v=1724381946\" width=\"100%\" \/><img decoding=\"async\" src=\"https:\/\/cdn.shopify.com\/s\/files\/1\/0585\/5261\/5106\/files\/2_07.jpg?v=1724381941\" width=\"100%\" \/><img decoding=\"async\" src=\"https:\/\/cdn.shopify.com\/s\/files\/1\/0585\/5261\/5106\/files\/2_08_bafe1ee8-facf-4194-9f90-8f4f748a8af1.jpg?v=1725504504\" width=\"100%\" \/><img decoding=\"async\" src=\"https:\/\/cdn.shopify.com\/s\/files\/1\/0585\/5261\/5106\/files\/2_09_617099ab-19bf-453e-943e-f710963a1403.jpg?v=1724381950\" width=\"100%\" \/><img decoding=\"async\" src=\"https:\/\/cdn.shopify.com\/s\/files\/1\/0585\/5261\/5106\/files\/2_10.jpg?v=1724381952\" width=\"100%\" \/><img decoding=\"async\" src=\"https:\/\/cdn.shopify.com\/s\/files\/1\/0585\/5261\/5106\/files\/2_11.jpg?v=1724381943\" width=\"100%\" \/><img decoding=\"async\" src=\"https:\/\/cdn.shopify.com\/s\/files\/1\/0585\/5261\/5106\/files\/2_12.jpg?v=1724381939\" width=\"100%\" \/><img decoding=\"async\" src=\"https:\/\/cdn.shopify.com\/s\/files\/1\/0585\/5261\/5106\/files\/2_13_ee6fd652-5d94-4c8e-93e6-d0f41c941cc1.jpg?v=1724381938\" width=\"100%\" \/><img decoding=\"async\" src=\"https:\/\/cdn.shopify.com\/s\/files\/1\/0585\/5261\/5106\/files\/2_14.jpg?v=1724381939\" width=\"100%\" \/><img decoding=\"async\" src=\"https:\/\/cdn.shopify.com\/s\/files\/1\/0585\/5261\/5106\/files\/2_15.jpg?v=1724381950\" width=\"100%\" \/><img decoding=\"async\" src=\"https:\/\/cdn.shopify.com\/s\/files\/1\/0585\/5261\/5106\/files\/2_16_92016f1f-8f8e-4bb0-9980-d92ddbbb8d50.jpg?v=1724381950\" width=\"100%\" \/><img decoding=\"async\" src=\"https:\/\/cdn.shopify.com\/s\/files\/1\/0585\/5261\/5106\/files\/2_17.jpg?v=1724381932\" width=\"100%\" \/><img decoding=\"async\" src=\"https:\/\/cdn.shopify.com\/s\/files\/1\/0585\/5261\/5106\/files\/2_18_d048780e-34d5-4d1d-843a-c47d529ef10c.jpg?v=1724842162\" width=\"100%\" \/><\/div>\n<div><\/div>\n","protected":false},"excerpt":{"rendered":"<p>Doogee S200 \u2013 auk\u0161tos klas\u0117s sm\u016bgiams ir vandeniui atsparus 5G telefonas su ypa\u010d ilgo tarnavimo 10100 mAh baterija, 100 MP pagrindine + 20 MP naktinio matymo kameromis, 6,78\u2033 IPS LCD ekranu su 120 Hz atnaujinimu, ypa\u010d spar\u010diu Dimensity\u2122 7050 6 nm procesoriumi, 256 GB vidine atmintimi, 12 GB RAM bei moderni\u0105ja Android 14 operacine sistema [&#8230;]\n","protected":false},"featured_media":5197,"template":"","meta":[],"product_brand":[],"product_cat":[34],"product_tag":[],"class_list":{"0":"post-5196","1":"product","2":"type-product","3":"status-publish","4":"has-post-thumbnail","6":"product_cat-doogee-telefonai","8":"first","9":"instock","10":"sale","11":"shipping-taxable","12":"purchasable","13":"product-type-simple"},"yoast_head":"<!-- This site is optimized with the Yoast SEO plugin v27.5 - https:\/\/yoast.com\/product\/yoast-seo-wordpress\/ -->\n<title>Doogee S200 - 5G, 256\/12GB, Pilkas - Resolute.lt<\/title>\n<meta name=\"description\" content=\"Doogee S200 - vandeniui ir sm\u016bgiams atsparus 5G ry\u0161io telefonas su auk\u0161to ry\u0161kumo 6,72&quot; ekranu, naktinio matymo kamera bei 10100 mAh baterija\" \/>\n<meta name=\"robots\" content=\"index, follow, max-snippet:-1, max-image-preview:large, max-video-preview:-1\" \/>\n<link rel=\"canonical\" href=\"https:\/\/resolute.lt\/index.php\/produktas\/doogee-s200-pilkas\/\" \/>\n<meta property=\"og:locale\" content=\"lt_LT\" \/>\n<meta property=\"og:type\" content=\"article\" \/>\n<meta property=\"og:title\" content=\"Doogee S200 - 5G, 256\/12GB, Pilkas - Resolute.lt\" \/>\n<meta property=\"og:description\" content=\"Doogee S200 - vandeniui ir sm\u016bgiams atsparus 5G ry\u0161io telefonas su auk\u0161to ry\u0161kumo 6,72&quot; ekranu, naktinio matymo kamera bei 10100 mAh baterija\" \/>\n<meta property=\"og:url\" content=\"https:\/\/resolute.lt\/index.php\/produktas\/doogee-s200-pilkas\/\" \/>\n<meta property=\"og:site_name\" content=\"Resolute.lt\" \/>\n<meta property=\"article:modified_time\" content=\"2026-01-29T10:26:16+00:00\" \/>\n<meta property=\"og:image\" content=\"https:\/\/resolute.lt\/wp-content\/uploads\/2024\/10\/1.-Doogee-S200-5G-telefonas-Tamsiai-pilkas-Smugiams-vandeniui-dulkems-atsparus-IP68-Telefonai-Resolute.lt_.jpg\" \/>\n\t<meta property=\"og:image:width\" content=\"1600\" \/>\n\t<meta property=\"og:image:height\" content=\"1600\" \/>\n\t<meta property=\"og:image:type\" content=\"image\/jpeg\" \/>\n<meta name=\"twitter:card\" content=\"summary_large_image\" \/>\n<meta name=\"twitter:label1\" content=\"Est. reading time\" \/>\n\t<meta name=\"twitter:data1\" content=\"10 minu\u010di\u0173\" \/>\n<script type=\"application\/ld+json\" class=\"yoast-schema-graph\">{\"@context\":\"https:\\\/\\\/schema.org\",\"@graph\":[{\"@type\":\"WebPage\",\"@id\":\"https:\\\/\\\/resolute.lt\\\/index.php\\\/produktas\\\/doogee-s200-pilkas\\\/\",\"url\":\"https:\\\/\\\/resolute.lt\\\/index.php\\\/produktas\\\/doogee-s200-pilkas\\\/\",\"name\":\"Doogee S200 - 5G, 256\\\/12GB, Pilkas - Resolute.lt\",\"isPartOf\":{\"@id\":\"https:\\\/\\\/resolute.lt\\\/#website\"},\"primaryImageOfPage\":{\"@id\":\"https:\\\/\\\/resolute.lt\\\/index.php\\\/produktas\\\/doogee-s200-pilkas\\\/#primaryimage\"},\"image\":{\"@id\":\"https:\\\/\\\/resolute.lt\\\/index.php\\\/produktas\\\/doogee-s200-pilkas\\\/#primaryimage\"},\"thumbnailUrl\":\"https:\\\/\\\/resolute.lt\\\/wp-content\\\/uploads\\\/2024\\\/10\\\/1.-Doogee-S200-5G-telefonas-Tamsiai-pilkas-Smugiams-vandeniui-dulkems-atsparus-IP68-Telefonai-Resolute.lt_.jpg\",\"datePublished\":\"2024-10-07T14:41:37+00:00\",\"dateModified\":\"2026-01-29T10:26:16+00:00\",\"description\":\"Doogee S200 - vandeniui ir sm\u016bgiams atsparus 5G ry\u0161io telefonas su auk\u0161to ry\u0161kumo 6,72\\\" ekranu, naktinio matymo kamera bei 10100 mAh baterija\",\"breadcrumb\":{\"@id\":\"https:\\\/\\\/resolute.lt\\\/index.php\\\/produktas\\\/doogee-s200-pilkas\\\/#breadcrumb\"},\"inLanguage\":\"lt-LT\",\"potentialAction\":[{\"@type\":\"ReadAction\",\"target\":[\"https:\\\/\\\/resolute.lt\\\/index.php\\\/produktas\\\/doogee-s200-pilkas\\\/\"]}]},{\"@type\":\"ImageObject\",\"inLanguage\":\"lt-LT\",\"@id\":\"https:\\\/\\\/resolute.lt\\\/index.php\\\/produktas\\\/doogee-s200-pilkas\\\/#primaryimage\",\"url\":\"https:\\\/\\\/resolute.lt\\\/wp-content\\\/uploads\\\/2024\\\/10\\\/1.-Doogee-S200-5G-telefonas-Tamsiai-pilkas-Smugiams-vandeniui-dulkems-atsparus-IP68-Telefonai-Resolute.lt_.jpg\",\"contentUrl\":\"https:\\\/\\\/resolute.lt\\\/wp-content\\\/uploads\\\/2024\\\/10\\\/1.-Doogee-S200-5G-telefonas-Tamsiai-pilkas-Smugiams-vandeniui-dulkems-atsparus-IP68-Telefonai-Resolute.lt_.jpg\",\"width\":1600,\"height\":1600},{\"@type\":\"BreadcrumbList\",\"@id\":\"https:\\\/\\\/resolute.lt\\\/index.php\\\/produktas\\\/doogee-s200-pilkas\\\/#breadcrumb\",\"itemListElement\":[{\"@type\":\"ListItem\",\"position\":1,\"name\":\"Home\",\"item\":\"https:\\\/\\\/resolute.lt\\\/\"},{\"@type\":\"ListItem\",\"position\":2,\"name\":\"Resolute.lt\",\"item\":\"https:\\\/\\\/resolute.lt\\\/\"},{\"@type\":\"ListItem\",\"position\":3,\"name\":\"Doogee S200 &#8211; 5G, 256\\\/12GB, Pilkas\"}]},{\"@type\":\"WebSite\",\"@id\":\"https:\\\/\\\/resolute.lt\\\/#website\",\"url\":\"https:\\\/\\\/resolute.lt\\\/\",\"name\":\"Resolute.lt\",\"description\":\"Sm\u016bgiams ir vandeniui telefonai\",\"potentialAction\":[{\"@type\":\"SearchAction\",\"target\":{\"@type\":\"EntryPoint\",\"urlTemplate\":\"https:\\\/\\\/resolute.lt\\\/?s={search_term_string}\"},\"query-input\":{\"@type\":\"PropertyValueSpecification\",\"valueRequired\":true,\"valueName\":\"search_term_string\"}}],\"inLanguage\":\"lt-LT\"}]}<\/script>\n<!-- \/ Yoast SEO plugin. -->","yoast_head_json":{"title":"Doogee S200 - 5G, 256\/12GB, Pilkas - Resolute.lt","description":"Doogee S200 - vandeniui ir sm\u016bgiams atsparus 5G ry\u0161io telefonas su auk\u0161to ry\u0161kumo 6,72\" ekranu, naktinio matymo kamera bei 10100 mAh baterija","robots":{"index":"index","follow":"follow","max-snippet":"max-snippet:-1","max-image-preview":"max-image-preview:large","max-video-preview":"max-video-preview:-1"},"canonical":"https:\/\/resolute.lt\/index.php\/produktas\/doogee-s200-pilkas\/","og_locale":"lt_LT","og_type":"article","og_title":"Doogee S200 - 5G, 256\/12GB, Pilkas - Resolute.lt","og_description":"Doogee S200 - vandeniui ir sm\u016bgiams atsparus 5G ry\u0161io telefonas su auk\u0161to ry\u0161kumo 6,72\" ekranu, naktinio matymo kamera bei 10100 mAh baterija","og_url":"https:\/\/resolute.lt\/index.php\/produktas\/doogee-s200-pilkas\/","og_site_name":"Resolute.lt","article_modified_time":"2026-01-29T10:26:16+00:00","og_image":[{"width":1600,"height":1600,"url":"https:\/\/resolute.lt\/wp-content\/uploads\/2024\/10\/1.-Doogee-S200-5G-telefonas-Tamsiai-pilkas-Smugiams-vandeniui-dulkems-atsparus-IP68-Telefonai-Resolute.lt_.jpg","type":"image\/jpeg"}],"twitter_card":"summary_large_image","twitter_misc":{"Est. reading time":"10 minu\u010di\u0173"},"schema":{"@context":"https:\/\/schema.org","@graph":[{"@type":"WebPage","@id":"https:\/\/resolute.lt\/index.php\/produktas\/doogee-s200-pilkas\/","url":"https:\/\/resolute.lt\/index.php\/produktas\/doogee-s200-pilkas\/","name":"Doogee S200 - 5G, 256\/12GB, Pilkas - Resolute.lt","isPartOf":{"@id":"https:\/\/resolute.lt\/#website"},"primaryImageOfPage":{"@id":"https:\/\/resolute.lt\/index.php\/produktas\/doogee-s200-pilkas\/#primaryimage"},"image":{"@id":"https:\/\/resolute.lt\/index.php\/produktas\/doogee-s200-pilkas\/#primaryimage"},"thumbnailUrl":"https:\/\/resolute.lt\/wp-content\/uploads\/2024\/10\/1.-Doogee-S200-5G-telefonas-Tamsiai-pilkas-Smugiams-vandeniui-dulkems-atsparus-IP68-Telefonai-Resolute.lt_.jpg","datePublished":"2024-10-07T14:41:37+00:00","dateModified":"2026-01-29T10:26:16+00:00","description":"Doogee S200 - vandeniui ir sm\u016bgiams atsparus 5G ry\u0161io telefonas su auk\u0161to ry\u0161kumo 6,72\" ekranu, naktinio matymo kamera bei 10100 mAh baterija","breadcrumb":{"@id":"https:\/\/resolute.lt\/index.php\/produktas\/doogee-s200-pilkas\/#breadcrumb"},"inLanguage":"lt-LT","potentialAction":[{"@type":"ReadAction","target":["https:\/\/resolute.lt\/index.php\/produktas\/doogee-s200-pilkas\/"]}]},{"@type":"ImageObject","inLanguage":"lt-LT","@id":"https:\/\/resolute.lt\/index.php\/produktas\/doogee-s200-pilkas\/#primaryimage","url":"https:\/\/resolute.lt\/wp-content\/uploads\/2024\/10\/1.-Doogee-S200-5G-telefonas-Tamsiai-pilkas-Smugiams-vandeniui-dulkems-atsparus-IP68-Telefonai-Resolute.lt_.jpg","contentUrl":"https:\/\/resolute.lt\/wp-content\/uploads\/2024\/10\/1.-Doogee-S200-5G-telefonas-Tamsiai-pilkas-Smugiams-vandeniui-dulkems-atsparus-IP68-Telefonai-Resolute.lt_.jpg","width":1600,"height":1600},{"@type":"BreadcrumbList","@id":"https:\/\/resolute.lt\/index.php\/produktas\/doogee-s200-pilkas\/#breadcrumb","itemListElement":[{"@type":"ListItem","position":1,"name":"Home","item":"https:\/\/resolute.lt\/"},{"@type":"ListItem","position":2,"name":"Resolute.lt","item":"https:\/\/resolute.lt\/"},{"@type":"ListItem","position":3,"name":"Doogee S200 &#8211; 5G, 256\/12GB, Pilkas"}]},{"@type":"WebSite","@id":"https:\/\/resolute.lt\/#website","url":"https:\/\/resolute.lt\/","name":"Resolute.lt","description":"Sm\u016bgiams ir vandeniui telefonai","potentialAction":[{"@type":"SearchAction","target":{"@type":"EntryPoint","urlTemplate":"https:\/\/resolute.lt\/?s={search_term_string}"},"query-input":{"@type":"PropertyValueSpecification","valueRequired":true,"valueName":"search_term_string"}}],"inLanguage":"lt-LT"}]}},"_links":{"self":[{"href":"https:\/\/resolute.lt\/index.php\/wp-json\/wp\/v2\/product\/5196","targetHints":{"allow":["GET"]}}],"collection":[{"href":"https:\/\/resolute.lt\/index.php\/wp-json\/wp\/v2\/product"}],"about":[{"href":"https:\/\/resolute.lt\/index.php\/wp-json\/wp\/v2\/types\/product"}],"wp:featuredmedia":[{"embeddable":true,"href":"https:\/\/resolute.lt\/index.php\/wp-json\/wp\/v2\/media\/5197"}],"wp:attachment":[{"href":"https:\/\/resolute.lt\/index.php\/wp-json\/wp\/v2\/media?parent=5196"}],"wp:term":[{"taxonomy":"product_brand","embeddable":true,"href":"https:\/\/resolute.lt\/index.php\/wp-json\/wp\/v2\/product_brand?post=5196"},{"taxonomy":"product_cat","embeddable":true,"href":"https:\/\/resolute.lt\/index.php\/wp-json\/wp\/v2\/product_cat?post=5196"},{"taxonomy":"product_tag","embeddable":true,"href":"https:\/\/resolute.lt\/index.php\/wp-json\/wp\/v2\/product_tag?post=5196"}],"curies":[{"name":"wp","href":"https:\/\/api.w.org\/{rel}","templated":true}]}}