{"id":5159,"date":"2024-09-19T15:03:49","date_gmt":"2024-09-19T15:03:49","guid":{"rendered":"https:\/\/resolute.lt\/?post_type=product&#038;p=5159"},"modified":"2024-09-19T15:07:03","modified_gmt":"2024-09-19T15:07:03","slug":"doogee-s118-deklas-tpu","status":"publish","type":"product","link":"https:\/\/resolute.lt\/index.php\/produktas\/doogee-s118-deklas-tpu\/","title":{"rendered":"Doogee S118 d\u0117klas (TPU)"},"content":{"rendered":"<p class=\"lead\">Sm\u016bgiams atsparus <strong>Doogee S118<\/strong> apsauginis d\u0117klas, pagamintas i\u0161 termoplastinio poliuretano. Suteikite dar didesn\u0119 apsaug\u0105 savo i\u0161maniajam telefonui!<\/p>\n<p><strong><a href=\"https:\/\/www.resolute.lt\/\">RESOLUTE.LT EL. PARDUOTUV\u0116:<\/a><\/strong><br \/>\n\u2013<strong> 7-9 d.d. pristatymas<\/strong> (apmokant banko kortele, el. bankininkyste, Paysera ar Paypal).<br \/>\n\u2013 Tik naujos prek\u0117s!<\/p>\n<p>&nbsp;<\/p>\n<div id=\"row-1243423607\" class=\"row align-center\">\n<div id=\"col-333938711\" class=\"col medium-4 small-10 large-4\">\n<div class=\"col-inner\">\n<h1><strong>Komplektacija<\/strong><\/h1>\n<\/div>\n<\/div>\n<div id=\"col-1912908463\" class=\"col medium-8 small-10 large-8\">\n<div class=\"col-inner\">\n<ul>\n<li><strong>1x\u00a0 <\/strong>Doogee S118 d\u0117klas<\/li>\n<\/ul>\n<\/div>\n<\/div>\n<\/div>\n<div id=\"row-74868614\" class=\"row align-center\">\n<div id=\"col-1450314671\" class=\"col medium-4 small-10 large-4\">\n<div class=\"col-inner\">\n<h1><strong>Bendrieji parametrai<\/strong><\/h1>\n<\/div>\n<\/div>\n<div id=\"col-1388439358\" class=\"col medium-8 small-10 large-8\">\n<div class=\"col-inner\">\n<ul>\n<li><strong>Prek\u0117s tipas:<\/strong> Telefon\u0173 d\u0117klai<\/li>\n<li><strong>Prek\u0117s spalva:<\/strong> Skaidri |\u00a0Juoda<\/li>\n<li><strong>Prek\u0117s med\u017eiaga:<\/strong> Termoplastinis poliuretanas (TPU)<\/li>\n<\/ul>\n<\/div>\n<\/div>\n<\/div>\n","protected":false},"excerpt":{"rendered":"<p>Sm\u016bgiams atsparus Doogee S118 apsauginis d\u0117klas, pagamintas i\u0161 termoplastinio poliuretano. Suteikite dar didesn\u0119 apsaug\u0105 savo i\u0161maniajam telefonui! RESOLUTE.LT EL. PARDUOTUV\u0116: \u2013 7-9 d.d. pristatymas (apmokant banko kortele, el. bankininkyste, Paysera ar Paypal). \u2013 Tik naujos prek\u0117s! &nbsp; Komplektacija 1x\u00a0 Doogee S118 d\u0117klas Bendrieji parametrai Prek\u0117s tipas: Telefon\u0173 d\u0117klai Prek\u0117s spalva: Skaidri |\u00a0Juoda Prek\u0117s med\u017eiaga: Termoplastinis [&#8230;]\n","protected":false},"featured_media":5165,"template":"","meta":[],"product_brand":[],"product_cat":[27],"product_tag":[],"class_list":{"0":"post-5159","1":"product","2":"type-product","3":"status-publish","4":"has-post-thumbnail","6":"product_cat-deklai","8":"first","9":"instock","10":"shipping-taxable","11":"purchasable","12":"product-type-variable","13":"has-default-attributes"},"yoast_head":"<!-- This site is optimized with the Yoast SEO plugin v27.5 - https:\/\/yoast.com\/product\/yoast-seo-wordpress\/ -->\n<title>Doogee S118 d\u0117klas (TPU) - Resolute.lt<\/title>\n<meta name=\"description\" content=\"Sm\u016bgiams atsparus Doogee S118\u00a0d\u0117klas, pagamintas i\u0161 termoplastinio poliuretano. Suteikite dar didesn\u0119 apsaug\u0105 savo i\u0161maniajam telefonui!\" \/>\n<meta name=\"robots\" content=\"index, follow, max-snippet:-1, max-image-preview:large, max-video-preview:-1\" \/>\n<link rel=\"canonical\" href=\"https:\/\/resolute.lt\/index.php\/produktas\/doogee-s118-deklas-tpu\/\" \/>\n<meta property=\"og:locale\" content=\"lt_LT\" \/>\n<meta property=\"og:type\" content=\"article\" \/>\n<meta property=\"og:title\" content=\"Doogee S118 d\u0117klas (TPU) - Resolute.lt\" \/>\n<meta property=\"og:description\" content=\"Sm\u016bgiams atsparus Doogee S118\u00a0d\u0117klas, pagamintas i\u0161 termoplastinio poliuretano. Suteikite dar didesn\u0119 apsaug\u0105 savo i\u0161maniajam telefonui!\" \/>\n<meta property=\"og:url\" content=\"https:\/\/resolute.lt\/index.php\/produktas\/doogee-s118-deklas-tpu\/\" \/>\n<meta property=\"og:site_name\" content=\"Resolute.lt\" \/>\n<meta property=\"article:modified_time\" content=\"2024-09-19T15:07:03+00:00\" \/>\n<meta property=\"og:image\" content=\"https:\/\/resolute.lt\/wp-content\/uploads\/2024\/09\/1.-Doogee-S118-apsauginis-TPU-deklas-Skaidrus-Smugiams-atsparus-Resolute.lt_.jpg\" \/>\n\t<meta property=\"og:image:width\" content=\"1050\" \/>\n\t<meta property=\"og:image:height\" content=\"1075\" \/>\n\t<meta property=\"og:image:type\" content=\"image\/jpeg\" \/>\n<meta name=\"twitter:card\" content=\"summary_large_image\" \/>\n<meta name=\"twitter:label1\" content=\"Est. reading time\" \/>\n\t<meta name=\"twitter:data1\" content=\"1 minut\u0117\" \/>\n<script type=\"application\/ld+json\" class=\"yoast-schema-graph\">{\"@context\":\"https:\\\/\\\/schema.org\",\"@graph\":[{\"@type\":\"WebPage\",\"@id\":\"https:\\\/\\\/resolute.lt\\\/index.php\\\/produktas\\\/doogee-s118-deklas-tpu\\\/\",\"url\":\"https:\\\/\\\/resolute.lt\\\/index.php\\\/produktas\\\/doogee-s118-deklas-tpu\\\/\",\"name\":\"Doogee S118 d\u0117klas (TPU) - Resolute.lt\",\"isPartOf\":{\"@id\":\"https:\\\/\\\/resolute.lt\\\/#website\"},\"primaryImageOfPage\":{\"@id\":\"https:\\\/\\\/resolute.lt\\\/index.php\\\/produktas\\\/doogee-s118-deklas-tpu\\\/#primaryimage\"},\"image\":{\"@id\":\"https:\\\/\\\/resolute.lt\\\/index.php\\\/produktas\\\/doogee-s118-deklas-tpu\\\/#primaryimage\"},\"thumbnailUrl\":\"https:\\\/\\\/resolute.lt\\\/wp-content\\\/uploads\\\/2024\\\/09\\\/1.-Doogee-S118-apsauginis-TPU-deklas-Skaidrus-Smugiams-atsparus-Resolute.lt_.jpg\",\"datePublished\":\"2024-09-19T15:03:49+00:00\",\"dateModified\":\"2024-09-19T15:07:03+00:00\",\"description\":\"Sm\u016bgiams atsparus Doogee S118\u00a0d\u0117klas, pagamintas i\u0161 termoplastinio poliuretano. Suteikite dar didesn\u0119 apsaug\u0105 savo i\u0161maniajam telefonui!\",\"breadcrumb\":{\"@id\":\"https:\\\/\\\/resolute.lt\\\/index.php\\\/produktas\\\/doogee-s118-deklas-tpu\\\/#breadcrumb\"},\"inLanguage\":\"lt-LT\",\"potentialAction\":[{\"@type\":\"ReadAction\",\"target\":[\"https:\\\/\\\/resolute.lt\\\/index.php\\\/produktas\\\/doogee-s118-deklas-tpu\\\/\"]}]},{\"@type\":\"ImageObject\",\"inLanguage\":\"lt-LT\",\"@id\":\"https:\\\/\\\/resolute.lt\\\/index.php\\\/produktas\\\/doogee-s118-deklas-tpu\\\/#primaryimage\",\"url\":\"https:\\\/\\\/resolute.lt\\\/wp-content\\\/uploads\\\/2024\\\/09\\\/1.-Doogee-S118-apsauginis-TPU-deklas-Skaidrus-Smugiams-atsparus-Resolute.lt_.jpg\",\"contentUrl\":\"https:\\\/\\\/resolute.lt\\\/wp-content\\\/uploads\\\/2024\\\/09\\\/1.-Doogee-S118-apsauginis-TPU-deklas-Skaidrus-Smugiams-atsparus-Resolute.lt_.jpg\",\"width\":1050,\"height\":1075},{\"@type\":\"BreadcrumbList\",\"@id\":\"https:\\\/\\\/resolute.lt\\\/index.php\\\/produktas\\\/doogee-s118-deklas-tpu\\\/#breadcrumb\",\"itemListElement\":[{\"@type\":\"ListItem\",\"position\":1,\"name\":\"Home\",\"item\":\"https:\\\/\\\/resolute.lt\\\/\"},{\"@type\":\"ListItem\",\"position\":2,\"name\":\"Resolute.lt\",\"item\":\"https:\\\/\\\/resolute.lt\\\/\"},{\"@type\":\"ListItem\",\"position\":3,\"name\":\"Doogee S118 d\u0117klas (TPU)\"}]},{\"@type\":\"WebSite\",\"@id\":\"https:\\\/\\\/resolute.lt\\\/#website\",\"url\":\"https:\\\/\\\/resolute.lt\\\/\",\"name\":\"Resolute.lt\",\"description\":\"Sm\u016bgiams ir vandeniui telefonai\",\"potentialAction\":[{\"@type\":\"SearchAction\",\"target\":{\"@type\":\"EntryPoint\",\"urlTemplate\":\"https:\\\/\\\/resolute.lt\\\/?s={search_term_string}\"},\"query-input\":{\"@type\":\"PropertyValueSpecification\",\"valueRequired\":true,\"valueName\":\"search_term_string\"}}],\"inLanguage\":\"lt-LT\"}]}<\/script>\n<!-- \/ Yoast SEO plugin. -->","yoast_head_json":{"title":"Doogee S118 d\u0117klas (TPU) - Resolute.lt","description":"Sm\u016bgiams atsparus Doogee S118\u00a0d\u0117klas, pagamintas i\u0161 termoplastinio poliuretano. Suteikite dar didesn\u0119 apsaug\u0105 savo i\u0161maniajam telefonui!","robots":{"index":"index","follow":"follow","max-snippet":"max-snippet:-1","max-image-preview":"max-image-preview:large","max-video-preview":"max-video-preview:-1"},"canonical":"https:\/\/resolute.lt\/index.php\/produktas\/doogee-s118-deklas-tpu\/","og_locale":"lt_LT","og_type":"article","og_title":"Doogee S118 d\u0117klas (TPU) - Resolute.lt","og_description":"Sm\u016bgiams atsparus Doogee S118\u00a0d\u0117klas, pagamintas i\u0161 termoplastinio poliuretano. Suteikite dar didesn\u0119 apsaug\u0105 savo i\u0161maniajam telefonui!","og_url":"https:\/\/resolute.lt\/index.php\/produktas\/doogee-s118-deklas-tpu\/","og_site_name":"Resolute.lt","article_modified_time":"2024-09-19T15:07:03+00:00","og_image":[{"width":1050,"height":1075,"url":"https:\/\/resolute.lt\/wp-content\/uploads\/2024\/09\/1.-Doogee-S118-apsauginis-TPU-deklas-Skaidrus-Smugiams-atsparus-Resolute.lt_.jpg","type":"image\/jpeg"}],"twitter_card":"summary_large_image","twitter_misc":{"Est. reading time":"1 minut\u0117"},"schema":{"@context":"https:\/\/schema.org","@graph":[{"@type":"WebPage","@id":"https:\/\/resolute.lt\/index.php\/produktas\/doogee-s118-deklas-tpu\/","url":"https:\/\/resolute.lt\/index.php\/produktas\/doogee-s118-deklas-tpu\/","name":"Doogee S118 d\u0117klas (TPU) - Resolute.lt","isPartOf":{"@id":"https:\/\/resolute.lt\/#website"},"primaryImageOfPage":{"@id":"https:\/\/resolute.lt\/index.php\/produktas\/doogee-s118-deklas-tpu\/#primaryimage"},"image":{"@id":"https:\/\/resolute.lt\/index.php\/produktas\/doogee-s118-deklas-tpu\/#primaryimage"},"thumbnailUrl":"https:\/\/resolute.lt\/wp-content\/uploads\/2024\/09\/1.-Doogee-S118-apsauginis-TPU-deklas-Skaidrus-Smugiams-atsparus-Resolute.lt_.jpg","datePublished":"2024-09-19T15:03:49+00:00","dateModified":"2024-09-19T15:07:03+00:00","description":"Sm\u016bgiams atsparus Doogee S118\u00a0d\u0117klas, pagamintas i\u0161 termoplastinio poliuretano. Suteikite dar didesn\u0119 apsaug\u0105 savo i\u0161maniajam telefonui!","breadcrumb":{"@id":"https:\/\/resolute.lt\/index.php\/produktas\/doogee-s118-deklas-tpu\/#breadcrumb"},"inLanguage":"lt-LT","potentialAction":[{"@type":"ReadAction","target":["https:\/\/resolute.lt\/index.php\/produktas\/doogee-s118-deklas-tpu\/"]}]},{"@type":"ImageObject","inLanguage":"lt-LT","@id":"https:\/\/resolute.lt\/index.php\/produktas\/doogee-s118-deklas-tpu\/#primaryimage","url":"https:\/\/resolute.lt\/wp-content\/uploads\/2024\/09\/1.-Doogee-S118-apsauginis-TPU-deklas-Skaidrus-Smugiams-atsparus-Resolute.lt_.jpg","contentUrl":"https:\/\/resolute.lt\/wp-content\/uploads\/2024\/09\/1.-Doogee-S118-apsauginis-TPU-deklas-Skaidrus-Smugiams-atsparus-Resolute.lt_.jpg","width":1050,"height":1075},{"@type":"BreadcrumbList","@id":"https:\/\/resolute.lt\/index.php\/produktas\/doogee-s118-deklas-tpu\/#breadcrumb","itemListElement":[{"@type":"ListItem","position":1,"name":"Home","item":"https:\/\/resolute.lt\/"},{"@type":"ListItem","position":2,"name":"Resolute.lt","item":"https:\/\/resolute.lt\/"},{"@type":"ListItem","position":3,"name":"Doogee S118 d\u0117klas (TPU)"}]},{"@type":"WebSite","@id":"https:\/\/resolute.lt\/#website","url":"https:\/\/resolute.lt\/","name":"Resolute.lt","description":"Sm\u016bgiams ir vandeniui telefonai","potentialAction":[{"@type":"SearchAction","target":{"@type":"EntryPoint","urlTemplate":"https:\/\/resolute.lt\/?s={search_term_string}"},"query-input":{"@type":"PropertyValueSpecification","valueRequired":true,"valueName":"search_term_string"}}],"inLanguage":"lt-LT"}]}},"_links":{"self":[{"href":"https:\/\/resolute.lt\/index.php\/wp-json\/wp\/v2\/product\/5159","targetHints":{"allow":["GET"]}}],"collection":[{"href":"https:\/\/resolute.lt\/index.php\/wp-json\/wp\/v2\/product"}],"about":[{"href":"https:\/\/resolute.lt\/index.php\/wp-json\/wp\/v2\/types\/product"}],"wp:featuredmedia":[{"embeddable":true,"href":"https:\/\/resolute.lt\/index.php\/wp-json\/wp\/v2\/media\/5165"}],"wp:attachment":[{"href":"https:\/\/resolute.lt\/index.php\/wp-json\/wp\/v2\/media?parent=5159"}],"wp:term":[{"taxonomy":"product_brand","embeddable":true,"href":"https:\/\/resolute.lt\/index.php\/wp-json\/wp\/v2\/product_brand?post=5159"},{"taxonomy":"product_cat","embeddable":true,"href":"https:\/\/resolute.lt\/index.php\/wp-json\/wp\/v2\/product_cat?post=5159"},{"taxonomy":"product_tag","embeddable":true,"href":"https:\/\/resolute.lt\/index.php\/wp-json\/wp\/v2\/product_tag?post=5159"}],"curies":[{"name":"wp","href":"https:\/\/api.w.org\/{rel}","templated":true}]}}