{"id":5024,"date":"2024-09-02T11:33:13","date_gmt":"2024-09-02T11:33:13","guid":{"rendered":"https:\/\/resolute.lt\/?post_type=product&#038;p=5024"},"modified":"2026-04-09T19:16:29","modified_gmt":"2026-04-09T19:16:29","slug":"ulefone-armor-27t-pro","status":"publish","type":"product","link":"https:\/\/resolute.lt\/index.php\/produktas\/ulefone-armor-27t-pro\/","title":{"rendered":"Ulefone Armor 27T Pro &#8211; 5G, 256\/12GB, Juodas"},"content":{"rendered":"<p><strong>Ulefone Armor 27T Pro<\/strong> \u2013 vandeniui ir sm\u016bgiams atsparus 5G telefonas, sukurtas profesionalams, kuriems reikia patikimo \u012frankio ekstremaliomis s\u0105lygomis. \u012esp\u016bdinga kamer\u0173 sistema su \ud835\uddd9\ud835\udddf\ud835\udddc\ud835\udde5\u00ae Lepton termovizoriumi, 64 MP naktinio matymo bei 50 MP pagrindine kamera leid\u017eia matyti tai, ko kiti nepastebi. Galingas Dimensity 6300 5G procesorius, Android 14 su lietuvi\u0173 kalba ir ry\u0161kus 6,78\u2033 ekranas (680 nit\u0173) u\u017etikrina greit\u012f, ai\u0161kum\u0105 ir skland\u0173 naudojim\u0105. Mil\u017eini\u0161ka 10600 mAh baterija leid\u017eia pamir\u0161ti nuolatin\u012f \u012fkrovim\u0105 ir pasikliauti telefonu visur, kur nuves nuotykiai.<\/p>\n<p><strong><a href=\"https:\/\/www.resolute.lt\/\">RESOLUTE.LT EL. PARDUOTUV\u0116:<\/a><br \/>\n<\/strong>\u2013 <strong>2\u00a0darbo dien\u0173 pristatymas!<br \/>\n<\/strong>\u2013 Apmok\u0117jimas Google Pay, banko kortele, el. bankininkyste ar PayPal.<br \/>\n\u2013 Galimyb\u0117 \u012fsigyti gyvai Vilniuje (kreiptis +37062296802).<br \/>\n\u2013 Tik naujos prek\u0117s su 2 met\u0173 garantija!<\/p>\n<h3><strong>Idealus pasirinkimams ie\u0161kantiems \u0161i\u0173 savbyi\u0173 viename \u012frenginyje:<\/strong><\/h3>\n<ul>\n<li>Termovizoriaus technologija<\/li>\n<li>Ypa\u010d didel\u0117 baterijos talpa (10600 mAh)<\/li>\n<li>5G ry\u0161io palaikymas<\/li>\n<\/ul>\n<h3><strong>Kiti vandeniui ir sm\u016bgiams atspar\u016bs modeliai<\/strong><strong>:<\/strong><\/h3>\n<ul>\n<li>Domina auk\u0161\u010diausios klas\u0117s telefonas i\u0161 Doogee\u2122? Rekomenduojame <strong><a href=\"https:\/\/resolute.lt\/index.php\/produktas\/doogee-blade-gt-ultra-5g-juodas\/\" target=\"_blank\" rel=\"noopener\">Doogee Blade GT Ultra<\/a><\/strong>.<\/li>\n<li>Domina auk\u0161\u010diausios klas\u0117s telefonas i\u0161 Ulefone\u2122? Rekomenduojame <strong><a href=\"https:\/\/resolute.lt\/index.php\/produktas\/ulefone-armor-28-ultra-thermal-5g\/\" target=\"_blank\" rel=\"noopener\">Ulefone Armor 28 Ultra Thermal<\/a><\/strong>.<\/li>\n<\/ul>\n<section id=\"section_2145972809\" class=\"section\">\n<div class=\"section-content relative\">\n<div id=\"row-1175821349\" class=\"row align-center\">\n<div id=\"col-130476939\" class=\"col medium-4 small-10 large-4\">\n<div class=\"col-inner\">\n<h1><strong>Komplektacija<\/strong><\/h1>\n<\/div>\n<\/div>\n<div id=\"col-1358541524\" class=\"col medium-8 small-10 large-8\">\n<div class=\"col-inner\">\n<ul>\n<li><b>1x <\/b>I\u0161manus telefonas<\/li>\n<li><b>1x <\/b>EU \u012fkroviklis<\/li>\n<li><b>1x <\/b>USB-C laidas<\/li>\n<li><b>1x<\/b> Gr\u016bdinto stiklo ekrano apsauga<\/li>\n<li><b>1x <\/b>Pakabukas<\/li>\n<li><strong>1x<\/strong> SIM \u012frankis<\/li>\n<li><b>1x<\/b> Naudojimosi instrukcijos<\/li>\n<\/ul>\n<\/div>\n<\/div>\n<\/div>\n<div id=\"row-214715003\" class=\"row align-center\">\n<div id=\"col-883847564\" class=\"col medium-4 small-10 large-4\">\n<div class=\"col-inner\">\n<h1><strong>Bendrieji parametrai<\/strong><\/h1>\n<\/div>\n<\/div>\n<div id=\"col-35252131\" class=\"col medium-8 small-10 large-8\">\n<div class=\"col-inner\">\n<ul>\n<li><strong>Tipas:<\/strong> Mobilieji telefonai<\/li>\n<li><strong>Spalva:<\/strong> Juoda<\/li>\n<li><strong>Palaikom\u0173 SIM korteli\u0173 kiekis:<\/strong> 2<\/li>\n<li><strong>Palaikom\u0173 SIM korteli\u0173 tipas:<\/strong> NanoSIM<\/li>\n<\/ul>\n<\/div>\n<\/div>\n<\/div>\n<div id=\"row-214715003\" class=\"row align-center\">\n<div id=\"col-883847564\" class=\"col medium-4 small-10 large-4\">\n<div class=\"col-inner\">\n<h1><strong>Matmenys ir svoris<\/strong><\/h1>\n<\/div>\n<\/div>\n<div id=\"col-35252131\" class=\"col medium-8 small-10 large-8\">\n<div class=\"col-inner\">\n<ul>\n<li><strong>Matmenys:<\/strong> 182,8 x 86,8 x 18,5 mm<\/li>\n<li><strong>Svoris:<\/strong> 441 g<\/li>\n<\/ul>\n<\/div>\n<\/div>\n<\/div>\n<div id=\"row-214715003\" class=\"row align-center\">\n<div id=\"col-883847564\" class=\"col medium-4 small-10 large-4\">\n<div class=\"col-inner\">\n<h1><strong>Operacin\u0117 sistema<\/strong><\/h1>\n<\/div>\n<\/div>\n<div id=\"col-35252131\" class=\"col medium-8 small-10 large-8\">\n<div class=\"col-inner\">\n<ul>\n<li><strong>Operacin\u0117 sistema:<\/strong> Android<\/li>\n<li><strong>Operacin\u0117s sistemos versija: <\/strong>14<\/li>\n<\/ul>\n<\/div>\n<\/div>\n<\/div>\n<div id=\"row-214715003\" class=\"row align-center\">\n<div id=\"col-883847564\" class=\"col medium-4 small-10 large-4\">\n<div class=\"col-inner\">\n<h1><strong>Procesorius ir vaizdo plok\u0161t\u0117<\/strong><\/h1>\n<\/div>\n<\/div>\n<div id=\"col-35252131\" class=\"col medium-8 small-10 large-8\">\n<div class=\"col-inner\">\n<ul>\n<li><strong>Procesoriaus modelis: <\/strong>MediaTek\u2122 Dimensity 6300 (MT6835T)<\/li>\n<li><strong>Proceso technologija:<\/strong> 6 nm<\/li>\n<li><strong>Procesoriaus branduoli\u0173 kiekis:<\/strong> 8<\/li>\n<li><strong>Procesoriaus branduoli\u0173 da\u017eniai:<\/strong> 2x 2,4 GHz Cortex-A76 ir 6x 2,0 GHz Cortex-A55<\/li>\n<li><strong>Vaizdo plok\u0161t\u0117s modelis: <\/strong>ARM Mali-G57 MC2<\/li>\n<li><strong>Vaizdo plok\u0161t\u0117s branduoli\u0173 kiekis:<\/strong> 2<\/li>\n<li><strong>Vaizdo plok\u0161t\u0117s branduoli\u0173 da\u017enis: <\/strong>1,072 GHz<\/li>\n<\/ul>\n<\/div>\n<\/div>\n<\/div>\n<div id=\"row-2111937453\" class=\"row align-center\">\n<div id=\"col-1355999373\" class=\"col medium-4 small-10 large-4\">\n<div class=\"col-inner\">\n<h1><strong>Atmintis<\/strong><\/h1>\n<\/div>\n<\/div>\n<div id=\"col-2062834539\" class=\"col medium-8 small-10 large-8\">\n<div class=\"col-inner\">\n<ul>\n<li><strong>Vidin\u0117 atminis: <\/strong>256 GB<\/li>\n<li><strong>Fizin\u0117 darbin\u0117 atmintis (RAM):<\/strong> 12 GB<\/li>\n<li><strong>Virtuali darbin\u0117 atmintis (RAM):<\/strong> 12 GB<\/li>\n<li><strong>Bendra darbin\u0117 atmintis (RAM):<\/strong> 24 GB<\/li>\n<li><strong>Darbin\u0117s atminties da\u017enis:<\/strong> 2,133 GHz<\/li>\n<li><strong>Atminties kortel\u0117s palaikymas: <\/strong>Taip, MicroSD<\/li>\n<li><strong>Atminties kortel\u0117s talpa:<\/strong> Iki 2 TB<\/li>\n<\/ul>\n<\/div>\n<\/div>\n<\/div>\n<div id=\"row-1271375553\" class=\"row align-center\">\n<div id=\"col-201046948\" class=\"col medium-4 small-10 large-4\">\n<div class=\"col-inner\">\n<h1><strong>Ekranas<\/strong><\/h1>\n<\/div>\n<\/div>\n<div id=\"col-35252131\" class=\"col medium-8 small-10 large-8\">\n<div class=\"col-inner\">\n<ul>\n<li><strong>Dydis:<\/strong> 6,78&#8243;<\/li>\n<li><strong>Rai\u0161ka:<\/strong> 2460 x 1080<\/li>\n<li><strong>PPI (pikseliai per col\u012f): <\/strong>396<\/li>\n<li><strong>Ry\u0161kumas:<\/strong> 680 nit\u0173<\/li>\n<li><strong>Atnaujinimo da\u017enis:<\/strong> 120 Hz<\/li>\n<li><strong>Tipas:<\/strong> IPS LCD<\/li>\n<li><strong>Plotas:<\/strong> 69,02 %<\/li>\n<li><strong>I\u0161orinio stiklo tipas:<\/strong> Corning Gorilla Glass Victus<\/li>\n<li><strong>Pir\u0161tini\u0173 re\u017eimas:<\/strong> Taip<\/li>\n<\/ul>\n<\/div>\n<\/div>\n<\/div>\n<div id=\"row-214715003\" class=\"row align-center\">\n<div id=\"col-883847564\" class=\"col medium-4 small-10 large-4\">\n<div class=\"col-inner\">\n<h1><strong>Lizdai ir sensoriai<\/strong><\/h1>\n<\/div>\n<\/div>\n<div id=\"col-35252131\" class=\"col medium-8 small-10 large-8\">\n<div class=\"col-inner\">\n<ul>\n<li><strong>USB lizdo tipas:<\/strong> USB-C<\/li>\n<li><strong>Ausini\u0173 lizdas (AUX): <\/strong>Taip<\/li>\n<li><strong>uSmart Expension Connector:<\/strong> Taip<\/li>\n<li><strong>Pir\u0161t\u0173 antspaud\u0173 sensorius:<\/strong> Taip<\/li>\n<li><strong>Pir\u0161to antspaud\u0173 sensoriaus tipas:<\/strong> \u0160oninis<\/li>\n<\/ul>\n<\/div>\n<\/div>\n<\/div>\n<div id=\"row-214715003\" class=\"row align-center\">\n<div id=\"col-883847564\" class=\"col medium-4 small-10 large-4\">\n<div class=\"col-inner\">\n<h1><strong>Pagrindin\u0117 kamera<\/strong><\/h1>\n<\/div>\n<\/div>\n<div id=\"col-35252131\" class=\"col medium-8 small-10 large-8\">\n<div class=\"col-inner\">\n<ul>\n<li><strong>Sensori\u0173 kiekis: <\/strong>4<\/li>\n<li><strong>Pagrindinis sensorius:<\/strong> 50 MP <a href=\"https:\/\/semiconductor.samsung.com\/image-sensor\/mobile-image-sensor\/isocell-gn1\/\" target=\"_blank\" rel=\"noopener\">Samsung ISOCELL GN1<\/a>, 85\u00b0<\/li>\n<li><strong>Naktinio matymo sensorius:<\/strong> 64 MP OmniVision OV64B, 79,4\u00b0<\/li>\n<li><strong>Termovizoriaus sensorius: <\/strong>FLIR Lepton<\/li>\n<li><b>Matuojama temperat\u016bra: <\/b>-10\u00b0C \u2013 450\u00b0C<\/li>\n<li><strong>Filmavimas: <\/strong>1440p@30fps, 1080p@30fps<\/li>\n<li><strong>Blykst\u0117s tipas:<\/strong> LED, 2 diod\u0173<\/li>\n<li><strong>Optinis priartinimas:<\/strong> Taip, 3,2 karto<\/li>\n<\/ul>\n<\/div>\n<\/div>\n<\/div>\n<div id=\"row-214715003\" class=\"row align-center\">\n<div id=\"col-883847564\" class=\"col medium-4 small-10 large-4\">\n<div class=\"col-inner\">\n<h1><strong>Priekin\u0117 kamera<\/strong><\/h1>\n<\/div>\n<\/div>\n<div id=\"col-35252131\" class=\"col medium-8 small-10 large-8\">\n<div class=\"col-inner\">\n<ul>\n<li><strong>Sensorius: <\/strong>32 MP <a href=\"https:\/\/semiconductor.samsung.com\/image-sensor\/mobile-image-sensor\/isocell-bright-gd1\/\">Samsung ISOCELL GD1<\/a>, 80,4\u00b0<\/li>\n<li><strong>Filmavimas: <\/strong>1080p@30fps<\/li>\n<\/ul>\n<\/div>\n<\/div>\n<\/div>\n<div id=\"row-214715003\" class=\"row align-center\">\n<div id=\"col-883847564\" class=\"col medium-4 small-10 large-4\">\n<div class=\"col-inner\">\n<h1><strong>Internetas ir komunikacija<\/strong><\/h1>\n<\/div>\n<\/div>\n<div id=\"col-35252131\" class=\"col medium-8 small-10 large-8\">\n<div class=\"col-inner\">\n<ul>\n<li><strong>WiFi s\u0105saja: <\/strong>Taip<\/li>\n<li><strong>3G ry\u0161ys: <\/strong>Taip<\/li>\n<li><strong>4G ry\u0161ys: <\/strong>Taip<\/li>\n<li><strong>5G ry\u0161ys:<\/strong> Taip<\/li>\n<li><strong>Bluetooth s\u0105saja: <\/strong>Taip<\/li>\n<li><strong>Bluetooth versija: <\/strong>5.2<\/li>\n<li><strong>NFC s\u0105saja: <\/strong>Taip<\/li>\n<li><strong>FM radijas: <\/strong>Taip, ausini\u0173 nereikalaujantis<\/li>\n<li><strong>GPS s\u0105saja: <\/strong>Taip<\/li>\n<li><strong>GPS sistemos:<\/strong> GPS, A-GPS, GLONASS, BeiDou, Galileo, QZSS<\/li>\n<\/ul>\n<\/div>\n<\/div>\n<\/div>\n<div id=\"row-214715003\" class=\"row align-center\">\n<div id=\"col-883847564\" class=\"col medium-4 small-10 large-4\">\n<div class=\"col-inner\">\n<h1><strong>Baterija<\/strong><\/h1>\n<\/div>\n<\/div>\n<div id=\"col-35252131\" class=\"col medium-8 small-10 large-8\">\n<div class=\"col-inner\">\n<ul>\n<li><strong>Talpa: <\/strong>10600 mAh<\/li>\n<li><strong>Greitasis laidinis \u012fkrovimas: <\/strong>Taip, 33 W<\/li>\n<li><strong>Greitasis belaidis \u012fkrovimas:<\/strong> Taip, 30 W<\/li>\n<li><strong>Atvirk\u0161tinis laidinis \u012fkrovimas:<\/strong> Taip<\/li>\n<li><strong>B\u016bd\u0117jimo laikas:<\/strong> 24 dienos<\/li>\n<li><strong>Skambu\u010di\u0173 laikas<\/strong>: 2,4 dienos<\/li>\n<li><strong>Video laikas:<\/strong> 20 h<\/li>\n<\/ul>\n<\/div>\n<\/div>\n<\/div>\n<div id=\"row-214715003\" class=\"row align-center\">\n<div id=\"col-883847564\" class=\"col medium-4 small-10 large-4\">\n<div class=\"col-inner\">\n<h1><strong>Papildomi duomenys<\/strong><\/h1>\n<\/div>\n<\/div>\n<div id=\"col-35252131\" class=\"col medium-8 small-10 large-8\">\n<div class=\"col-inner\">\n<ul>\n<li>I\u0161leidimo laikas: 2024 m. rugpj\u016btis<\/li>\n<li>Gamybos laikas: 2026 m. I ketvirtis<\/li>\n<li>IP68\/IP69K standartas (atsparumas vandeniui ir dulk\u0117ms)<\/li>\n<li>MIL-STD-810H standartas<\/li>\n<li>Darbin\u0117 temperat\u016bra: -30\u00b0C \u2013 55\u00b0C<\/li>\n<li>Suasmenintas mygtukas<\/li>\n<li>NightElf Ultra 3.0 kameros algoritmas<\/li>\n<li>Outdoor Toolbox programin\u0117 \u012franga<\/li>\n<li>IR nuotolinio pultelio funkcija<\/li>\n<\/ul>\n<\/div>\n<\/div>\n<\/div>\n<p><img decoding=\"async\" src=\"https:\/\/cdn.shopify.com\/s\/files\/1\/0830\/0573\/5193\/files\/Product-Armor27TPro-PC-1_240731.jpg\" \/><\/p>\n<p><img decoding=\"async\" src=\"https:\/\/cdn.shopify.com\/s\/files\/1\/0830\/0573\/5193\/files\/Product-Armor27TPro-PC-2_240731.jpg\" \/><\/p>\n<p><img decoding=\"async\" src=\"https:\/\/cdn.shopify.com\/s\/files\/1\/0830\/0573\/5193\/files\/Product-Armor27TPro-PC-3_240731.jpg\" \/><\/p>\n<p><img decoding=\"async\" src=\"https:\/\/cdn.shopify.com\/s\/files\/1\/0830\/0573\/5193\/files\/Product-Armor27TPro-PC-4_240731.jpg\" \/><\/p>\n<p><img decoding=\"async\" src=\"https:\/\/cdn.shopify.com\/s\/files\/1\/0830\/0573\/5193\/files\/Product-Armor27TPro-PC-5_240731.jpg\" \/><\/p>\n<p><img decoding=\"async\" src=\"https:\/\/cdn.shopify.com\/s\/files\/1\/0830\/0573\/5193\/files\/Product-Armor27TPro-PC-6_240704.jpg\" \/><\/p>\n<p><img decoding=\"async\" src=\"https:\/\/cdn.shopify.com\/s\/files\/1\/0830\/0573\/5193\/files\/Product-Armor27TPro-PC-7_240704.jpg\" \/><\/p>\n<p><img decoding=\"async\" src=\"https:\/\/cdn.shopify.com\/s\/files\/1\/0830\/0573\/5193\/files\/Product-Armor27TPro-PC-8_240704.jpg\" \/><\/p>\n<p><img decoding=\"async\" src=\"https:\/\/cdn.shopify.com\/s\/files\/1\/0830\/0573\/5193\/files\/Product-Armor27TPro-PC-9_240704.jpg\" \/><\/p>\n<p><img decoding=\"async\" src=\"https:\/\/cdn.shopify.com\/s\/files\/1\/0830\/0573\/5193\/files\/Product-Armor27TPro-PC-10_240704.jpg\" \/><\/p>\n<p><img decoding=\"async\" src=\"https:\/\/cdn.shopify.com\/s\/files\/1\/0830\/0573\/5193\/files\/Product-Armor27TPro-PC-11_240704.jpg\" \/><\/p>\n<p><img decoding=\"async\" src=\"https:\/\/cdn.shopify.com\/s\/files\/1\/0830\/0573\/5193\/files\/Product-Armor27TPro-PC-12_240704.jpg\" \/><\/p>\n<p><img decoding=\"async\" src=\"https:\/\/cdn.shopify.com\/s\/files\/1\/0830\/0573\/5193\/files\/Product-Armor27TPro-PC-13_240704.jpg\" \/><\/p>\n<p><img decoding=\"async\" src=\"https:\/\/cdn.shopify.com\/s\/files\/1\/0830\/0573\/5193\/files\/Product-Armor27TPro-PC-14_240704.jpg\" \/><\/p>\n<p><img decoding=\"async\" src=\"https:\/\/cdn.shopify.com\/s\/files\/1\/0830\/0573\/5193\/files\/Product-Armor27TPro-PC-15_240704.jpg\" \/><\/p>\n<p><img decoding=\"async\" src=\"https:\/\/cdn.shopify.com\/s\/files\/1\/0830\/0573\/5193\/files\/Product-Armor27TPro-PC-16_240731.jpg\" \/><\/p>\n<p><img decoding=\"async\" src=\"https:\/\/cdn.shopify.com\/s\/files\/1\/0830\/0573\/5193\/files\/Product-Armor27TPro-PC-17_240704.jpg\" \/><\/p>\n<p><img decoding=\"async\" src=\"https:\/\/cdn.shopify.com\/s\/files\/1\/0830\/0573\/5193\/files\/Product-Armor27TPro-PC-18_240704.jpg\" \/><\/p>\n<p><img decoding=\"async\" src=\"https:\/\/cdn.shopify.com\/s\/files\/1\/0830\/0573\/5193\/files\/Product-Armor27TPro-PC-19_240704.jpg\" \/><\/p>\n<p><img decoding=\"async\" src=\"https:\/\/cdn.shopify.com\/s\/files\/1\/0830\/0573\/5193\/files\/Product-Armor27TPro-PC-20_240704.jpg\" \/><\/p>\n<p><img decoding=\"async\" src=\"https:\/\/cdn.shopify.com\/s\/files\/1\/0830\/0573\/5193\/files\/Product-Armor27TPro-PC-21_240802.jpg\" \/><\/p>\n<p><img decoding=\"async\" src=\"https:\/\/cdn.shopify.com\/s\/files\/1\/0830\/0573\/5193\/files\/Product-Armor27TPro-PC-22_240704.jpg\" \/><\/p>\n<p><img decoding=\"async\" src=\"https:\/\/cdn.shopify.com\/s\/files\/1\/0830\/0573\/5193\/files\/Product-Armor27TPro-PC-23_240731.jpg\" \/><\/p>\n<p><img decoding=\"async\" src=\"https:\/\/cdn.shopify.com\/s\/files\/1\/0830\/0573\/5193\/files\/Product-Armor27TPro-PC-24_240704.jpg\" \/><\/p>\n<p><img decoding=\"async\" src=\"https:\/\/cdn.shopify.com\/s\/files\/1\/0830\/0573\/5193\/files\/Product-Armor27TPro-PC-25_240704.jpg\" \/><\/p>\n<p><img decoding=\"async\" src=\"https:\/\/cdn.shopify.com\/s\/files\/1\/0830\/0573\/5193\/files\/Product-Armor27TPro-PC-26_240704.jpg\" \/><\/p>\n<p><img decoding=\"async\" src=\"https:\/\/cdn.shopify.com\/s\/files\/1\/0830\/0573\/5193\/files\/Product-Armor27TPro-PC-27_240704.jpg\" \/><\/p>\n<p><img decoding=\"async\" src=\"https:\/\/cdn.shopify.com\/s\/files\/1\/0830\/0573\/5193\/files\/Product-Armor27TPro-PC-28_240704.jpg\" \/><\/p>\n<p><img decoding=\"async\" src=\"https:\/\/cdn.shopify.com\/s\/files\/1\/0830\/0573\/5193\/files\/Product-Armor27TPro-PC-29_240704.jpg\" \/><\/p>\n<p><img decoding=\"async\" src=\"https:\/\/cdn.shopify.com\/s\/files\/1\/0830\/0573\/5193\/files\/Product-Armor27TPro-PC-30_240704.jpg\" \/><\/p>\n<p><img decoding=\"async\" src=\"https:\/\/cdn.shopify.com\/s\/files\/1\/0830\/0573\/5193\/files\/Product-Armor27TPro-PC-31_240704.jpg\" \/><\/p>\n<p><img decoding=\"async\" src=\"https:\/\/cdn.shopify.com\/s\/files\/1\/0830\/0573\/5193\/files\/Product-Armor27TPro-PC-32_240704.jpg\" \/><\/p>\n<\/div>\n<\/section>\n","protected":false},"excerpt":{"rendered":"<p>Ulefone Armor 27T Pro \u2013 vandeniui ir sm\u016bgiams atsparus 5G telefonas, sukurtas profesionalams, kuriems reikia patikimo \u012frankio ekstremaliomis s\u0105lygomis. \u012esp\u016bdinga kamer\u0173 sistema su \ud835\uddd9\ud835\udddf\ud835\udddc\ud835\udde5\u00ae Lepton termovizoriumi, 64 MP naktinio matymo bei 50 MP pagrindine kamera leid\u017eia matyti tai, ko kiti nepastebi. Galingas Dimensity 6300 5G procesorius, Android 14 su lietuvi\u0173 kalba ir ry\u0161kus 6,78\u2033 ekranas [&#8230;]\n","protected":false},"featured_media":5025,"template":"","meta":[],"product_brand":[],"product_cat":[20,22],"product_tag":[],"class_list":{"0":"post-5024","1":"product","2":"type-product","3":"status-publish","4":"has-post-thumbnail","6":"product_cat-2-d-d-pristatymo-prekes","7":"product_cat-ulefone-telefonai","9":"first","10":"instock","11":"sale","12":"shipping-taxable","13":"purchasable","14":"product-type-simple"},"yoast_head":"<!-- This site is optimized with the Yoast SEO plugin v27.5 - https:\/\/yoast.com\/product\/yoast-seo-wordpress\/ -->\n<title>Ulefone Armor 27T Pro - 5G, 256\/12GB, Juodas - Resolute.lt<\/title>\n<meta name=\"description\" content=\"Ulefone Armor 27T Pro - vandeniui ir sm\u016bgiams atsparus 5G telefonas su FLIR Lepton termovizoriumi, 64 MP naktinio matymo kamera bei 10600 mAh beterija.\" \/>\n<meta name=\"robots\" content=\"index, follow, max-snippet:-1, max-image-preview:large, max-video-preview:-1\" \/>\n<link rel=\"canonical\" href=\"https:\/\/resolute.lt\/index.php\/produktas\/ulefone-armor-27t-pro\/\" \/>\n<meta property=\"og:locale\" content=\"lt_LT\" \/>\n<meta property=\"og:type\" content=\"article\" \/>\n<meta property=\"og:title\" content=\"Ulefone Armor 27T Pro - 5G, 256\/12GB, Juodas - Resolute.lt\" \/>\n<meta property=\"og:description\" content=\"Ulefone Armor 27T Pro - vandeniui ir sm\u016bgiams atsparus 5G telefonas su FLIR Lepton termovizoriumi, 64 MP naktinio matymo kamera bei 10600 mAh beterija.\" \/>\n<meta property=\"og:url\" content=\"https:\/\/resolute.lt\/index.php\/produktas\/ulefone-armor-27t-pro\/\" \/>\n<meta property=\"og:site_name\" content=\"Resolute.lt\" \/>\n<meta property=\"article:modified_time\" content=\"2026-04-09T19:16:29+00:00\" \/>\n<meta property=\"og:image\" content=\"https:\/\/resolute.lt\/wp-content\/uploads\/2024\/09\/1.-Ulefone-Armor-27T-Pro-5G-telefonas-Smugiams-vandeniui-dulkems-atsparus-IP68-Telefonai-Resolute.lt_.jpg\" \/>\n\t<meta property=\"og:image:width\" content=\"1200\" \/>\n\t<meta property=\"og:image:height\" content=\"1200\" \/>\n\t<meta property=\"og:image:type\" content=\"image\/jpeg\" \/>\n<meta name=\"twitter:card\" content=\"summary_large_image\" \/>\n<meta name=\"twitter:label1\" content=\"Est. reading time\" \/>\n\t<meta name=\"twitter:data1\" content=\"10 minu\u010di\u0173\" \/>\n<script type=\"application\/ld+json\" class=\"yoast-schema-graph\">{\"@context\":\"https:\\\/\\\/schema.org\",\"@graph\":[{\"@type\":\"WebPage\",\"@id\":\"https:\\\/\\\/resolute.lt\\\/index.php\\\/produktas\\\/ulefone-armor-27t-pro\\\/\",\"url\":\"https:\\\/\\\/resolute.lt\\\/index.php\\\/produktas\\\/ulefone-armor-27t-pro\\\/\",\"name\":\"Ulefone Armor 27T Pro - 5G, 256\\\/12GB, Juodas - Resolute.lt\",\"isPartOf\":{\"@id\":\"https:\\\/\\\/resolute.lt\\\/#website\"},\"primaryImageOfPage\":{\"@id\":\"https:\\\/\\\/resolute.lt\\\/index.php\\\/produktas\\\/ulefone-armor-27t-pro\\\/#primaryimage\"},\"image\":{\"@id\":\"https:\\\/\\\/resolute.lt\\\/index.php\\\/produktas\\\/ulefone-armor-27t-pro\\\/#primaryimage\"},\"thumbnailUrl\":\"https:\\\/\\\/resolute.lt\\\/wp-content\\\/uploads\\\/2024\\\/09\\\/1.-Ulefone-Armor-27T-Pro-5G-telefonas-Smugiams-vandeniui-dulkems-atsparus-IP68-Telefonai-Resolute.lt_.jpg\",\"datePublished\":\"2024-09-02T11:33:13+00:00\",\"dateModified\":\"2026-04-09T19:16:29+00:00\",\"description\":\"Ulefone Armor 27T Pro - vandeniui ir sm\u016bgiams atsparus 5G telefonas su FLIR Lepton termovizoriumi, 64 MP naktinio matymo kamera bei 10600 mAh beterija.\",\"breadcrumb\":{\"@id\":\"https:\\\/\\\/resolute.lt\\\/index.php\\\/produktas\\\/ulefone-armor-27t-pro\\\/#breadcrumb\"},\"inLanguage\":\"lt-LT\",\"potentialAction\":[{\"@type\":\"ReadAction\",\"target\":[\"https:\\\/\\\/resolute.lt\\\/index.php\\\/produktas\\\/ulefone-armor-27t-pro\\\/\"]}]},{\"@type\":\"ImageObject\",\"inLanguage\":\"lt-LT\",\"@id\":\"https:\\\/\\\/resolute.lt\\\/index.php\\\/produktas\\\/ulefone-armor-27t-pro\\\/#primaryimage\",\"url\":\"https:\\\/\\\/resolute.lt\\\/wp-content\\\/uploads\\\/2024\\\/09\\\/1.-Ulefone-Armor-27T-Pro-5G-telefonas-Smugiams-vandeniui-dulkems-atsparus-IP68-Telefonai-Resolute.lt_.jpg\",\"contentUrl\":\"https:\\\/\\\/resolute.lt\\\/wp-content\\\/uploads\\\/2024\\\/09\\\/1.-Ulefone-Armor-27T-Pro-5G-telefonas-Smugiams-vandeniui-dulkems-atsparus-IP68-Telefonai-Resolute.lt_.jpg\",\"width\":1200,\"height\":1200},{\"@type\":\"BreadcrumbList\",\"@id\":\"https:\\\/\\\/resolute.lt\\\/index.php\\\/produktas\\\/ulefone-armor-27t-pro\\\/#breadcrumb\",\"itemListElement\":[{\"@type\":\"ListItem\",\"position\":1,\"name\":\"Home\",\"item\":\"https:\\\/\\\/resolute.lt\\\/\"},{\"@type\":\"ListItem\",\"position\":2,\"name\":\"Resolute.lt\",\"item\":\"https:\\\/\\\/resolute.lt\\\/\"},{\"@type\":\"ListItem\",\"position\":3,\"name\":\"Ulefone Armor 27T Pro &#8211; 5G, 256\\\/12GB, Juodas\"}]},{\"@type\":\"WebSite\",\"@id\":\"https:\\\/\\\/resolute.lt\\\/#website\",\"url\":\"https:\\\/\\\/resolute.lt\\\/\",\"name\":\"Resolute.lt\",\"description\":\"Sm\u016bgiams ir vandeniui telefonai\",\"potentialAction\":[{\"@type\":\"SearchAction\",\"target\":{\"@type\":\"EntryPoint\",\"urlTemplate\":\"https:\\\/\\\/resolute.lt\\\/?s={search_term_string}\"},\"query-input\":{\"@type\":\"PropertyValueSpecification\",\"valueRequired\":true,\"valueName\":\"search_term_string\"}}],\"inLanguage\":\"lt-LT\"}]}<\/script>\n<!-- \/ Yoast SEO plugin. -->","yoast_head_json":{"title":"Ulefone Armor 27T Pro - 5G, 256\/12GB, Juodas - Resolute.lt","description":"Ulefone Armor 27T Pro - vandeniui ir sm\u016bgiams atsparus 5G telefonas su FLIR Lepton termovizoriumi, 64 MP naktinio matymo kamera bei 10600 mAh beterija.","robots":{"index":"index","follow":"follow","max-snippet":"max-snippet:-1","max-image-preview":"max-image-preview:large","max-video-preview":"max-video-preview:-1"},"canonical":"https:\/\/resolute.lt\/index.php\/produktas\/ulefone-armor-27t-pro\/","og_locale":"lt_LT","og_type":"article","og_title":"Ulefone Armor 27T Pro - 5G, 256\/12GB, Juodas - Resolute.lt","og_description":"Ulefone Armor 27T Pro - vandeniui ir sm\u016bgiams atsparus 5G telefonas su FLIR Lepton termovizoriumi, 64 MP naktinio matymo kamera bei 10600 mAh beterija.","og_url":"https:\/\/resolute.lt\/index.php\/produktas\/ulefone-armor-27t-pro\/","og_site_name":"Resolute.lt","article_modified_time":"2026-04-09T19:16:29+00:00","og_image":[{"width":1200,"height":1200,"url":"https:\/\/resolute.lt\/wp-content\/uploads\/2024\/09\/1.-Ulefone-Armor-27T-Pro-5G-telefonas-Smugiams-vandeniui-dulkems-atsparus-IP68-Telefonai-Resolute.lt_.jpg","type":"image\/jpeg"}],"twitter_card":"summary_large_image","twitter_misc":{"Est. reading time":"10 minu\u010di\u0173"},"schema":{"@context":"https:\/\/schema.org","@graph":[{"@type":"WebPage","@id":"https:\/\/resolute.lt\/index.php\/produktas\/ulefone-armor-27t-pro\/","url":"https:\/\/resolute.lt\/index.php\/produktas\/ulefone-armor-27t-pro\/","name":"Ulefone Armor 27T Pro - 5G, 256\/12GB, Juodas - Resolute.lt","isPartOf":{"@id":"https:\/\/resolute.lt\/#website"},"primaryImageOfPage":{"@id":"https:\/\/resolute.lt\/index.php\/produktas\/ulefone-armor-27t-pro\/#primaryimage"},"image":{"@id":"https:\/\/resolute.lt\/index.php\/produktas\/ulefone-armor-27t-pro\/#primaryimage"},"thumbnailUrl":"https:\/\/resolute.lt\/wp-content\/uploads\/2024\/09\/1.-Ulefone-Armor-27T-Pro-5G-telefonas-Smugiams-vandeniui-dulkems-atsparus-IP68-Telefonai-Resolute.lt_.jpg","datePublished":"2024-09-02T11:33:13+00:00","dateModified":"2026-04-09T19:16:29+00:00","description":"Ulefone Armor 27T Pro - vandeniui ir sm\u016bgiams atsparus 5G telefonas su FLIR Lepton termovizoriumi, 64 MP naktinio matymo kamera bei 10600 mAh beterija.","breadcrumb":{"@id":"https:\/\/resolute.lt\/index.php\/produktas\/ulefone-armor-27t-pro\/#breadcrumb"},"inLanguage":"lt-LT","potentialAction":[{"@type":"ReadAction","target":["https:\/\/resolute.lt\/index.php\/produktas\/ulefone-armor-27t-pro\/"]}]},{"@type":"ImageObject","inLanguage":"lt-LT","@id":"https:\/\/resolute.lt\/index.php\/produktas\/ulefone-armor-27t-pro\/#primaryimage","url":"https:\/\/resolute.lt\/wp-content\/uploads\/2024\/09\/1.-Ulefone-Armor-27T-Pro-5G-telefonas-Smugiams-vandeniui-dulkems-atsparus-IP68-Telefonai-Resolute.lt_.jpg","contentUrl":"https:\/\/resolute.lt\/wp-content\/uploads\/2024\/09\/1.-Ulefone-Armor-27T-Pro-5G-telefonas-Smugiams-vandeniui-dulkems-atsparus-IP68-Telefonai-Resolute.lt_.jpg","width":1200,"height":1200},{"@type":"BreadcrumbList","@id":"https:\/\/resolute.lt\/index.php\/produktas\/ulefone-armor-27t-pro\/#breadcrumb","itemListElement":[{"@type":"ListItem","position":1,"name":"Home","item":"https:\/\/resolute.lt\/"},{"@type":"ListItem","position":2,"name":"Resolute.lt","item":"https:\/\/resolute.lt\/"},{"@type":"ListItem","position":3,"name":"Ulefone Armor 27T Pro &#8211; 5G, 256\/12GB, Juodas"}]},{"@type":"WebSite","@id":"https:\/\/resolute.lt\/#website","url":"https:\/\/resolute.lt\/","name":"Resolute.lt","description":"Sm\u016bgiams ir vandeniui telefonai","potentialAction":[{"@type":"SearchAction","target":{"@type":"EntryPoint","urlTemplate":"https:\/\/resolute.lt\/?s={search_term_string}"},"query-input":{"@type":"PropertyValueSpecification","valueRequired":true,"valueName":"search_term_string"}}],"inLanguage":"lt-LT"}]}},"_links":{"self":[{"href":"https:\/\/resolute.lt\/index.php\/wp-json\/wp\/v2\/product\/5024","targetHints":{"allow":["GET"]}}],"collection":[{"href":"https:\/\/resolute.lt\/index.php\/wp-json\/wp\/v2\/product"}],"about":[{"href":"https:\/\/resolute.lt\/index.php\/wp-json\/wp\/v2\/types\/product"}],"wp:featuredmedia":[{"embeddable":true,"href":"https:\/\/resolute.lt\/index.php\/wp-json\/wp\/v2\/media\/5025"}],"wp:attachment":[{"href":"https:\/\/resolute.lt\/index.php\/wp-json\/wp\/v2\/media?parent=5024"}],"wp:term":[{"taxonomy":"product_brand","embeddable":true,"href":"https:\/\/resolute.lt\/index.php\/wp-json\/wp\/v2\/product_brand?post=5024"},{"taxonomy":"product_cat","embeddable":true,"href":"https:\/\/resolute.lt\/index.php\/wp-json\/wp\/v2\/product_cat?post=5024"},{"taxonomy":"product_tag","embeddable":true,"href":"https:\/\/resolute.lt\/index.php\/wp-json\/wp\/v2\/product_tag?post=5024"}],"curies":[{"name":"wp","href":"https:\/\/api.w.org\/{rel}","templated":true}]}}