{"id":4915,"date":"2024-07-12T08:35:36","date_gmt":"2024-07-12T08:35:36","guid":{"rendered":"https:\/\/resolute.lt\/?post_type=product&#038;p=4915"},"modified":"2025-05-15T07:57:13","modified_gmt":"2025-05-15T07:57:13","slug":"umidigi-bison-x10s-ekrano-apsauga-2-vnt","status":"publish","type":"product","link":"https:\/\/resolute.lt\/index.php\/produktas\/umidigi-bison-x10s-ekrano-apsauga-2-vnt\/","title":{"rendered":"Umidigi Bison X10S ekrano apsauga (2 vnt.)"},"content":{"rendered":"<p><strong>Gr\u016bdinto stiklo ekrano apsaug\u0173 komplektas Umidigi Bison X10S ir Umidigi Bison X10S NFC telefonams (2 vnt.)<\/strong>. Patikimai apsaugo telefono ekran\u0105 nuo subrai\u017eym\u0173 bei sm\u016bgi\u0173! Auk\u0161tas \u0161viesos pralaidumas. Atsparumas pir\u0161t\u0173 atspaudams.<strong>\u00a0<\/strong><\/p>\n<p><strong><a href=\"https:\/\/www.resolute.lt\/\">RESOLUTE.LT EL. PARDUOTUV\u0116:<\/a><\/strong><br \/>\n\u2013 Standartinis pristatymas (apmokant banko kortele, el. bankininkyste, Paysera ar PayPal).<br \/>\n\u2013 Tik naujos ir nei\u0161pakuotos prek\u0117s!<\/p>\n<p>&nbsp;<\/p>\n<div id=\"row-1243423607\" class=\"row align-center\">\n<div id=\"col-333938711\" class=\"col medium-4 small-10 large-4\">\n<div class=\"col-inner\">\n<h1><strong>Komplektacija<\/strong><\/h1>\n<\/div>\n<\/div>\n<div id=\"col-1912908463\" class=\"col medium-8 small-10 large-8\">\n<div class=\"col-inner\">\n<ul>\n<li>Gr\u016bdinto stiklo ekrano apsauga (2 vnt.)<\/li>\n<\/ul>\n<\/div>\n<\/div>\n<\/div>\n<div id=\"row-214715003\" class=\"row align-center\">\n<div id=\"col-883847564\" class=\"col medium-4 small-10 large-4\">\n<div class=\"col-inner\">\n<h1><strong>Bendrieji parametrai<\/strong><\/h1>\n<\/div>\n<\/div>\n<div id=\"col-35252131\" class=\"col medium-8 small-10 large-8\">\n<div class=\"col-inner\">\n<ul>\n<li><strong>Prek\u0117s tipas:<\/strong> Telefon\u0173 ekrano apsaugos<\/li>\n<li><strong>Prek\u0117s spalva:<\/strong> Skaidri<\/li>\n<\/ul>\n<\/div>\n<\/div>\n<\/div>\n<div id=\"row-214715003\" class=\"row align-center\">\n<div id=\"col-883847564\" class=\"col medium-4 small-10 large-4\">\n<div class=\"col-inner\">\n<h1><strong>Suderinami modeliai<\/strong><\/h1>\n<\/div>\n<\/div>\n<div id=\"col-35252131\" class=\"col medium-8 small-10 large-8\">\n<div class=\"col-inner\">\n<ul>\n<li>Umidigi Bison X10S<\/li>\n<li>Umidigi Bison X10S NFC<\/li>\n<\/ul>\n<\/div>\n<\/div>\n<\/div>\n<div id=\"row-74868614\" class=\"row align-center\">\n<div id=\"col-1450314671\" class=\"col medium-4 small-10 large-4\">\n<div class=\"col-inner\">\n<h1><strong>Stiklo savyb\u0117s<\/strong><\/h1>\n<\/div>\n<\/div>\n<div id=\"col-1388439358\" class=\"col medium-8 small-10 large-8\">\n<div class=\"col-inner\">\n<ul>\n<li><strong>Atsparumas \u012fbr\u0117\u017eimams:<\/strong> Taip<\/li>\n<li><strong>Atsparumas pir\u0161t\u0173 atspaudams:<\/strong> Taip<\/li>\n<li><b>\u0160viesos pralaidumas: <\/b>Ypa\u010d auk\u0161tas<\/li>\n<li><strong>Kietumas:<\/strong> 9 H<\/li>\n<li><strong>Storis:<\/strong> 0,26 mm<\/li>\n<\/ul>\n<\/div>\n<\/div>\n<\/div>\n","protected":false},"excerpt":{"rendered":"<p>Gr\u016bdinto stiklo ekrano apsaug\u0173 komplektas Umidigi Bison X10S ir Umidigi Bison X10S NFC telefonams (2 vnt.). Patikimai apsaugo telefono ekran\u0105 nuo subrai\u017eym\u0173 bei sm\u016bgi\u0173! Auk\u0161tas \u0161viesos pralaidumas. Atsparumas pir\u0161t\u0173 atspaudams.\u00a0 RESOLUTE.LT EL. PARDUOTUV\u0116: \u2013 Standartinis pristatymas (apmokant banko kortele, el. bankininkyste, Paysera ar PayPal). \u2013 Tik naujos ir nei\u0161pakuotos prek\u0117s! &nbsp; Komplektacija Gr\u016bdinto stiklo ekrano [&#8230;]\n","protected":false},"featured_media":4917,"template":"","meta":[],"product_brand":[],"product_cat":[32,62],"product_tag":[],"class_list":{"0":"post-4915","1":"product","2":"type-product","3":"status-publish","4":"has-post-thumbnail","6":"product_cat-ekrano-apsaugos","7":"product_cat-umidigi-ekrano-apsaugos","9":"first","10":"instock","11":"sale","12":"shipping-taxable","13":"purchasable","14":"product-type-simple"},"yoast_head":"<!-- This site is optimized with the Yoast SEO plugin v27.4 - https:\/\/yoast.com\/product\/yoast-seo-wordpress\/ -->\n<title>Umidigi Bison X10S ekrano apsauga (2 vnt.) - Resolute.lt<\/title>\n<meta name=\"description\" content=\"Gr\u016bdinto stiklo ekrano apsaug\u0173 komplektas Umidigi Bison X10S ir Umidigi Bison X10S NFC telefonams (2 vnt.). Apsaugo telefono ekran\u0105 nuo subrai\u017eym\u0173!\" \/>\n<meta name=\"robots\" content=\"index, follow, max-snippet:-1, max-image-preview:large, max-video-preview:-1\" \/>\n<link rel=\"canonical\" href=\"https:\/\/resolute.lt\/index.php\/produktas\/umidigi-bison-x10s-ekrano-apsauga-2-vnt\/\" \/>\n<meta property=\"og:locale\" content=\"lt_LT\" \/>\n<meta property=\"og:type\" content=\"article\" \/>\n<meta property=\"og:title\" content=\"Umidigi Bison X10S ekrano apsauga (2 vnt.) - Resolute.lt\" \/>\n<meta property=\"og:description\" content=\"Gr\u016bdinto stiklo ekrano apsaug\u0173 komplektas Umidigi Bison X10S ir Umidigi Bison X10S NFC telefonams (2 vnt.). Apsaugo telefono ekran\u0105 nuo subrai\u017eym\u0173!\" \/>\n<meta property=\"og:url\" content=\"https:\/\/resolute.lt\/index.php\/produktas\/umidigi-bison-x10s-ekrano-apsauga-2-vnt\/\" \/>\n<meta property=\"og:site_name\" content=\"Resolute.lt\" \/>\n<meta property=\"article:modified_time\" content=\"2025-05-15T07:57:13+00:00\" \/>\n<meta property=\"og:image\" content=\"https:\/\/resolute.lt\/wp-content\/uploads\/2024\/07\/Umidigi-Bison-X10S-NFC-ekrano-apsauga-Apsauginis-stiklas-stikliukas-grudintas-stiklas-stiklo-apsauga-protektorius-Resolute.lt_.jpg\" \/>\n\t<meta property=\"og:image:width\" content=\"1600\" \/>\n\t<meta property=\"og:image:height\" content=\"1396\" \/>\n\t<meta property=\"og:image:type\" content=\"image\/jpeg\" \/>\n<meta name=\"twitter:card\" content=\"summary_large_image\" \/>\n<meta name=\"twitter:label1\" content=\"Est. reading time\" \/>\n\t<meta name=\"twitter:data1\" content=\"1 minut\u0117\" \/>\n<script type=\"application\/ld+json\" class=\"yoast-schema-graph\">{\"@context\":\"https:\\\/\\\/schema.org\",\"@graph\":[{\"@type\":\"WebPage\",\"@id\":\"https:\\\/\\\/resolute.lt\\\/index.php\\\/produktas\\\/umidigi-bison-x10s-ekrano-apsauga-2-vnt\\\/\",\"url\":\"https:\\\/\\\/resolute.lt\\\/index.php\\\/produktas\\\/umidigi-bison-x10s-ekrano-apsauga-2-vnt\\\/\",\"name\":\"Umidigi Bison X10S ekrano apsauga (2 vnt.) - Resolute.lt\",\"isPartOf\":{\"@id\":\"https:\\\/\\\/resolute.lt\\\/#website\"},\"primaryImageOfPage\":{\"@id\":\"https:\\\/\\\/resolute.lt\\\/index.php\\\/produktas\\\/umidigi-bison-x10s-ekrano-apsauga-2-vnt\\\/#primaryimage\"},\"image\":{\"@id\":\"https:\\\/\\\/resolute.lt\\\/index.php\\\/produktas\\\/umidigi-bison-x10s-ekrano-apsauga-2-vnt\\\/#primaryimage\"},\"thumbnailUrl\":\"https:\\\/\\\/resolute.lt\\\/wp-content\\\/uploads\\\/2024\\\/07\\\/Umidigi-Bison-X10S-NFC-ekrano-apsauga-Apsauginis-stiklas-stikliukas-grudintas-stiklas-stiklo-apsauga-protektorius-Resolute.lt_.jpg\",\"datePublished\":\"2024-07-12T08:35:36+00:00\",\"dateModified\":\"2025-05-15T07:57:13+00:00\",\"description\":\"Gr\u016bdinto stiklo ekrano apsaug\u0173 komplektas Umidigi Bison X10S ir Umidigi Bison X10S NFC telefonams (2 vnt.). Apsaugo telefono ekran\u0105 nuo subrai\u017eym\u0173!\",\"breadcrumb\":{\"@id\":\"https:\\\/\\\/resolute.lt\\\/index.php\\\/produktas\\\/umidigi-bison-x10s-ekrano-apsauga-2-vnt\\\/#breadcrumb\"},\"inLanguage\":\"lt-LT\",\"potentialAction\":[{\"@type\":\"ReadAction\",\"target\":[\"https:\\\/\\\/resolute.lt\\\/index.php\\\/produktas\\\/umidigi-bison-x10s-ekrano-apsauga-2-vnt\\\/\"]}]},{\"@type\":\"ImageObject\",\"inLanguage\":\"lt-LT\",\"@id\":\"https:\\\/\\\/resolute.lt\\\/index.php\\\/produktas\\\/umidigi-bison-x10s-ekrano-apsauga-2-vnt\\\/#primaryimage\",\"url\":\"https:\\\/\\\/resolute.lt\\\/wp-content\\\/uploads\\\/2024\\\/07\\\/Umidigi-Bison-X10S-NFC-ekrano-apsauga-Apsauginis-stiklas-stikliukas-grudintas-stiklas-stiklo-apsauga-protektorius-Resolute.lt_.jpg\",\"contentUrl\":\"https:\\\/\\\/resolute.lt\\\/wp-content\\\/uploads\\\/2024\\\/07\\\/Umidigi-Bison-X10S-NFC-ekrano-apsauga-Apsauginis-stiklas-stikliukas-grudintas-stiklas-stiklo-apsauga-protektorius-Resolute.lt_.jpg\",\"width\":1600,\"height\":1396},{\"@type\":\"BreadcrumbList\",\"@id\":\"https:\\\/\\\/resolute.lt\\\/index.php\\\/produktas\\\/umidigi-bison-x10s-ekrano-apsauga-2-vnt\\\/#breadcrumb\",\"itemListElement\":[{\"@type\":\"ListItem\",\"position\":1,\"name\":\"Home\",\"item\":\"https:\\\/\\\/resolute.lt\\\/\"},{\"@type\":\"ListItem\",\"position\":2,\"name\":\"Resolute.lt\",\"item\":\"https:\\\/\\\/resolute.lt\\\/\"},{\"@type\":\"ListItem\",\"position\":3,\"name\":\"Umidigi Bison X10S ekrano apsauga (2 vnt.)\"}]},{\"@type\":\"WebSite\",\"@id\":\"https:\\\/\\\/resolute.lt\\\/#website\",\"url\":\"https:\\\/\\\/resolute.lt\\\/\",\"name\":\"Resolute.lt\",\"description\":\"Sm\u016bgiams ir vandeniui telefonai\",\"potentialAction\":[{\"@type\":\"SearchAction\",\"target\":{\"@type\":\"EntryPoint\",\"urlTemplate\":\"https:\\\/\\\/resolute.lt\\\/?s={search_term_string}\"},\"query-input\":{\"@type\":\"PropertyValueSpecification\",\"valueRequired\":true,\"valueName\":\"search_term_string\"}}],\"inLanguage\":\"lt-LT\"}]}<\/script>\n<!-- \/ Yoast SEO plugin. -->","yoast_head_json":{"title":"Umidigi Bison X10S ekrano apsauga (2 vnt.) - Resolute.lt","description":"Gr\u016bdinto stiklo ekrano apsaug\u0173 komplektas Umidigi Bison X10S ir Umidigi Bison X10S NFC telefonams (2 vnt.). Apsaugo telefono ekran\u0105 nuo subrai\u017eym\u0173!","robots":{"index":"index","follow":"follow","max-snippet":"max-snippet:-1","max-image-preview":"max-image-preview:large","max-video-preview":"max-video-preview:-1"},"canonical":"https:\/\/resolute.lt\/index.php\/produktas\/umidigi-bison-x10s-ekrano-apsauga-2-vnt\/","og_locale":"lt_LT","og_type":"article","og_title":"Umidigi Bison X10S ekrano apsauga (2 vnt.) - Resolute.lt","og_description":"Gr\u016bdinto stiklo ekrano apsaug\u0173 komplektas Umidigi Bison X10S ir Umidigi Bison X10S NFC telefonams (2 vnt.). Apsaugo telefono ekran\u0105 nuo subrai\u017eym\u0173!","og_url":"https:\/\/resolute.lt\/index.php\/produktas\/umidigi-bison-x10s-ekrano-apsauga-2-vnt\/","og_site_name":"Resolute.lt","article_modified_time":"2025-05-15T07:57:13+00:00","og_image":[{"width":1600,"height":1396,"url":"https:\/\/resolute.lt\/wp-content\/uploads\/2024\/07\/Umidigi-Bison-X10S-NFC-ekrano-apsauga-Apsauginis-stiklas-stikliukas-grudintas-stiklas-stiklo-apsauga-protektorius-Resolute.lt_.jpg","type":"image\/jpeg"}],"twitter_card":"summary_large_image","twitter_misc":{"Est. reading time":"1 minut\u0117"},"schema":{"@context":"https:\/\/schema.org","@graph":[{"@type":"WebPage","@id":"https:\/\/resolute.lt\/index.php\/produktas\/umidigi-bison-x10s-ekrano-apsauga-2-vnt\/","url":"https:\/\/resolute.lt\/index.php\/produktas\/umidigi-bison-x10s-ekrano-apsauga-2-vnt\/","name":"Umidigi Bison X10S ekrano apsauga (2 vnt.) - Resolute.lt","isPartOf":{"@id":"https:\/\/resolute.lt\/#website"},"primaryImageOfPage":{"@id":"https:\/\/resolute.lt\/index.php\/produktas\/umidigi-bison-x10s-ekrano-apsauga-2-vnt\/#primaryimage"},"image":{"@id":"https:\/\/resolute.lt\/index.php\/produktas\/umidigi-bison-x10s-ekrano-apsauga-2-vnt\/#primaryimage"},"thumbnailUrl":"https:\/\/resolute.lt\/wp-content\/uploads\/2024\/07\/Umidigi-Bison-X10S-NFC-ekrano-apsauga-Apsauginis-stiklas-stikliukas-grudintas-stiklas-stiklo-apsauga-protektorius-Resolute.lt_.jpg","datePublished":"2024-07-12T08:35:36+00:00","dateModified":"2025-05-15T07:57:13+00:00","description":"Gr\u016bdinto stiklo ekrano apsaug\u0173 komplektas Umidigi Bison X10S ir Umidigi Bison X10S NFC telefonams (2 vnt.). Apsaugo telefono ekran\u0105 nuo subrai\u017eym\u0173!","breadcrumb":{"@id":"https:\/\/resolute.lt\/index.php\/produktas\/umidigi-bison-x10s-ekrano-apsauga-2-vnt\/#breadcrumb"},"inLanguage":"lt-LT","potentialAction":[{"@type":"ReadAction","target":["https:\/\/resolute.lt\/index.php\/produktas\/umidigi-bison-x10s-ekrano-apsauga-2-vnt\/"]}]},{"@type":"ImageObject","inLanguage":"lt-LT","@id":"https:\/\/resolute.lt\/index.php\/produktas\/umidigi-bison-x10s-ekrano-apsauga-2-vnt\/#primaryimage","url":"https:\/\/resolute.lt\/wp-content\/uploads\/2024\/07\/Umidigi-Bison-X10S-NFC-ekrano-apsauga-Apsauginis-stiklas-stikliukas-grudintas-stiklas-stiklo-apsauga-protektorius-Resolute.lt_.jpg","contentUrl":"https:\/\/resolute.lt\/wp-content\/uploads\/2024\/07\/Umidigi-Bison-X10S-NFC-ekrano-apsauga-Apsauginis-stiklas-stikliukas-grudintas-stiklas-stiklo-apsauga-protektorius-Resolute.lt_.jpg","width":1600,"height":1396},{"@type":"BreadcrumbList","@id":"https:\/\/resolute.lt\/index.php\/produktas\/umidigi-bison-x10s-ekrano-apsauga-2-vnt\/#breadcrumb","itemListElement":[{"@type":"ListItem","position":1,"name":"Home","item":"https:\/\/resolute.lt\/"},{"@type":"ListItem","position":2,"name":"Resolute.lt","item":"https:\/\/resolute.lt\/"},{"@type":"ListItem","position":3,"name":"Umidigi Bison X10S ekrano apsauga (2 vnt.)"}]},{"@type":"WebSite","@id":"https:\/\/resolute.lt\/#website","url":"https:\/\/resolute.lt\/","name":"Resolute.lt","description":"Sm\u016bgiams ir vandeniui telefonai","potentialAction":[{"@type":"SearchAction","target":{"@type":"EntryPoint","urlTemplate":"https:\/\/resolute.lt\/?s={search_term_string}"},"query-input":{"@type":"PropertyValueSpecification","valueRequired":true,"valueName":"search_term_string"}}],"inLanguage":"lt-LT"}]}},"_links":{"self":[{"href":"https:\/\/resolute.lt\/index.php\/wp-json\/wp\/v2\/product\/4915","targetHints":{"allow":["GET"]}}],"collection":[{"href":"https:\/\/resolute.lt\/index.php\/wp-json\/wp\/v2\/product"}],"about":[{"href":"https:\/\/resolute.lt\/index.php\/wp-json\/wp\/v2\/types\/product"}],"wp:featuredmedia":[{"embeddable":true,"href":"https:\/\/resolute.lt\/index.php\/wp-json\/wp\/v2\/media\/4917"}],"wp:attachment":[{"href":"https:\/\/resolute.lt\/index.php\/wp-json\/wp\/v2\/media?parent=4915"}],"wp:term":[{"taxonomy":"product_brand","embeddable":true,"href":"https:\/\/resolute.lt\/index.php\/wp-json\/wp\/v2\/product_brand?post=4915"},{"taxonomy":"product_cat","embeddable":true,"href":"https:\/\/resolute.lt\/index.php\/wp-json\/wp\/v2\/product_cat?post=4915"},{"taxonomy":"product_tag","embeddable":true,"href":"https:\/\/resolute.lt\/index.php\/wp-json\/wp\/v2\/product_tag?post=4915"}],"curies":[{"name":"wp","href":"https:\/\/api.w.org\/{rel}","templated":true}]}}