{"id":4676,"date":"2024-05-18T16:42:55","date_gmt":"2024-05-18T16:42:55","guid":{"rendered":"https:\/\/resolute.lt\/?post_type=product&#038;p=4676"},"modified":"2024-10-02T12:40:00","modified_gmt":"2024-10-02T12:40:00","slug":"ulefone-power-armor-16s-oranzinis","status":"publish","type":"product","link":"https:\/\/resolute.lt\/index.php\/produktas\/ulefone-power-armor-16s-oranzinis\/","title":{"rendered":"Ulefone Power Armor 16S &#8211; 128\/8GB, Oran\u017einis"},"content":{"rendered":"<p><b>Ulefone Power Armor 16S <\/b>\u2013 vandeniui ir sm\u016bgiams atsparus telefonas su ypa\u010d galingu 122 dB garsiakalbiu bei did\u017eiul\u0117s talpos (9600 mah) greitojo \u012fkrovimo baterija. \u0160is \u012frenginys taip pat turi itin spart\u0173 Unisoc Tiger\u2122 T616 procesori\u0173, 50 MP Samsung\u00ae kamer\u0105, 128 GB vidin\u0117s ir 8+8 GB RAM atminties bei Android 13 operacin\u0119 sistema su lietuvi\u0173 kalba.<\/p>\n<p><strong><a href=\"https:\/\/www.resolute.lt\/\">RESOLUTE.LT EL. PARDUOTUV\u0116:<\/a><br \/>\n<\/strong>\u2013 <strong>5-7\u00a0d.d. pristatymas\u00a0<\/strong>(apmokant banko kortele, el. bankininkyste, Paysera ar PayPal).<br \/>\n\u2013 Galimyb\u0117 \u012fsigyti gyvai Vilniuje (kreiptis +37062296802).<br \/>\n\u2013 Tik naujos prek\u0117s!<\/p>\n<section id=\"section_2145972809\" class=\"section\">\n<div class=\"section-content relative\">\n<div id=\"row-1175821349\" class=\"row align-center\">\n<div id=\"col-130476939\" class=\"col medium-4 small-10 large-4\">\n<div class=\"col-inner\">\n<h1><strong>Komplektacija<\/strong><\/h1>\n<\/div>\n<\/div>\n<div id=\"col-1358541524\" class=\"col medium-8 small-10 large-8\">\n<div class=\"col-inner\">\n<ul>\n<li><b>1x\u00a0\u00a0<\/b>I\u0161manus telefonas<\/li>\n<li><b>1x\u00a0 <\/b>EU \u012fkroviklis (18 W)<\/li>\n<li><b>1x\u00a0\u00a0<\/b>USB-C laidas<\/li>\n<li><b>1x<\/b>\u00a0 Gr\u016bdinto stiklo ekrano apsauga<\/li>\n<li><b>1x\u00a0 <\/b>Pakabukas<\/li>\n<li><strong>1x<\/strong>\u00a0 SIM \u012frankis<\/li>\n<li><b>1x<\/b>\u00a0 Naudojimosi instrukcijos<\/li>\n<\/ul>\n<\/div>\n<\/div>\n<\/div>\n<div id=\"row-214715003\" class=\"row align-center\">\n<div id=\"col-883847564\" class=\"col medium-4 small-10 large-4\">\n<div class=\"col-inner\">\n<h1><strong>Bendrieji parametrai<\/strong><\/h1>\n<\/div>\n<\/div>\n<div id=\"col-35252131\" class=\"col medium-8 small-10 large-8\">\n<div class=\"col-inner\">\n<ul>\n<li><strong>Prek\u0117s tipas:<\/strong>\u00a0Mobilieji telefonai<\/li>\n<li><strong>Prek\u0117s spalva:<\/strong> Juoda su oran\u017einiais akcentais (&#8222;Orange&#8221;)<\/li>\n<li><strong>Palaikom\u0173 SIM korteli\u0173 kiekis:<\/strong>\u00a02<\/li>\n<li><strong>Palaikom\u0173 SIM korteli\u0173 tipas:<\/strong>\u00a0NanoSIM<\/li>\n<\/ul>\n<\/div>\n<\/div>\n<\/div>\n<div id=\"row-214715003\" class=\"row align-center\">\n<div id=\"col-883847564\" class=\"col medium-4 small-10 large-4\">\n<div class=\"col-inner\">\n<h1><strong>Matmenys ir svoris<\/strong><\/h1>\n<\/div>\n<\/div>\n<div id=\"col-35252131\" class=\"col medium-8 small-10 large-8\">\n<div class=\"col-inner\">\n<ul>\n<li><strong>Matmenys:<\/strong> 173,4 x 83,35 x 18,3 mm<\/li>\n<li><strong>Svoris:<\/strong> 405 g<\/li>\n<\/ul>\n<\/div>\n<\/div>\n<\/div>\n<div id=\"row-214715003\" class=\"row align-center\">\n<div id=\"col-883847564\" class=\"col medium-4 small-10 large-4\">\n<div class=\"col-inner\">\n<h1><strong>Operacin\u0117 sistema<\/strong><\/h1>\n<\/div>\n<\/div>\n<div id=\"col-35252131\" class=\"col medium-8 small-10 large-8\">\n<div class=\"col-inner\">\n<ul>\n<li><strong>Operacin\u0117 sistema:<\/strong>\u00a0Android<\/li>\n<li><strong>Operacin\u0117s sistemos versija:\u00a0<\/strong>13<\/li>\n<li><strong>Palaikomos kalbos:<\/strong> Lietuvi\u0173, angl\u0173, ukrainie\u010di\u0173, lenk\u0173, latvi\u0173, vokie\u010di\u0173, rus\u0173 ir kt.<\/li>\n<\/ul>\n<\/div>\n<\/div>\n<\/div>\n<div id=\"row-214715003\" class=\"row align-center\">\n<div id=\"col-883847564\" class=\"col medium-4 small-10 large-4\">\n<div class=\"col-inner\">\n<h1><strong>Procesorius ir vaizdo plok\u0161t\u0117<\/strong><\/h1>\n<\/div>\n<\/div>\n<div id=\"col-35252131\" class=\"col medium-8 small-10 large-8\">\n<div class=\"col-inner\">\n<ul>\n<li><strong>Procesoriaus modelis: <\/strong>Unisoc\u2122 Tiger T616<\/li>\n<li><strong>Proceso technologija:<\/strong> 12 nm<\/li>\n<li><strong>Procesoriaus branduoli\u0173 kiekis:<\/strong>\u00a08<\/li>\n<li><strong>Procesoriaus branduoli\u0173 da\u017eniai:<\/strong> 2&#215;2,0 GHz Cortex-A75 ir 4x 1,8 GHz Cortex-A55<\/li>\n<li><strong>Vaizdo plok\u0161t\u0117s modelis: <\/strong>ARM Mali-G52 MC1<\/li>\n<li><strong>Vaizdo plok\u0161t\u0117s branduoli\u0173 kiekis:<\/strong> 1<\/li>\n<li><strong>Vaizdo plok\u0161t\u0117s branduoli\u0173 da\u017enis: <\/strong>0,75 GHz<\/li>\n<\/ul>\n<\/div>\n<\/div>\n<\/div>\n<div id=\"row-2111937453\" class=\"row align-center\">\n<div id=\"col-1355999373\" class=\"col medium-4 small-10 large-4\">\n<div class=\"col-inner\">\n<h1><strong>Atmintis<\/strong><\/h1>\n<\/div>\n<\/div>\n<div id=\"col-2062834539\" class=\"col medium-8 small-10 large-8\">\n<div class=\"col-inner\">\n<ul>\n<li><strong>Vidin\u0117 atminis:\u00a0<\/strong>128 GB<\/li>\n<li><strong>Bendra darbin\u0117 atmintis (RAM):<\/strong> 16 GB<\/li>\n<li><strong>Fizin\u0117 darbin\u0117 atmintis (RAM):<\/strong> 8 GB<\/li>\n<li><strong>Virtuali darbin\u0117 atmintis (RAM):<\/strong> 8 GB<\/li>\n<li><strong>Darbin\u0117s atminties da\u017enis:<\/strong> 1,866 GHz<\/li>\n<li><strong>Atminties kortel\u0117s palaikymas: <\/strong>Taip, MicroSD<\/li>\n<\/ul>\n<\/div>\n<\/div>\n<\/div>\n<div id=\"row-1271375553\" class=\"row align-center\">\n<div id=\"col-201046948\" class=\"col medium-4 small-10 large-4\">\n<div class=\"col-inner\">\n<h1><strong>Ekranas<\/strong><\/h1>\n<\/div>\n<\/div>\n<div id=\"col-35252131\" class=\"col medium-8 small-10 large-8\">\n<div class=\"col-inner\">\n<ul>\n<li><strong>Dydis:<\/strong> 5,93&#8243;<\/li>\n<li><strong>Rai\u0161ka:<\/strong> 1440 x 720<\/li>\n<li><strong>PPI (pikseliai per col\u012f): <\/strong>271<\/li>\n<li><strong>Tipas:<\/strong>\u00a0IPS LCD<\/li>\n<li><strong>Plotas:<\/strong> 62,99 %<\/li>\n<li><strong>I\u0161orinio stiklo tipas:<\/strong> \u012fbr\u0117\u017eimams atsparus<\/li>\n<li><strong>Pir\u0161tini\u0173 re\u017eimas:<\/strong> Taip<\/li>\n<\/ul>\n<\/div>\n<\/div>\n<\/div>\n<div id=\"row-214715003\" class=\"row align-center\">\n<div id=\"col-883847564\" class=\"col medium-4 small-10 large-4\">\n<div class=\"col-inner\">\n<h1><strong>Lizdai ir sensoriai<\/strong><\/h1>\n<\/div>\n<\/div>\n<div id=\"col-35252131\" class=\"col medium-8 small-10 large-8\">\n<div class=\"col-inner\">\n<ul>\n<li><strong>USB lizdo tipas:<\/strong>\u00a0USB-C<\/li>\n<li><strong>Ausini\u0173 lizdas (AUX): <\/strong>Taip<\/li>\n<li><strong>Pir\u0161t\u0173 antspaud\u0173 sensorius:<\/strong>\u00a0Taip<\/li>\n<li><strong>Pir\u0161to antspaud\u0173 sensoriaus tipas:<\/strong>\u00a0\u0160oninis<\/li>\n<\/ul>\n<\/div>\n<\/div>\n<\/div>\n<div id=\"row-214715003\" class=\"row align-center\">\n<div id=\"col-883847564\" class=\"col medium-4 small-10 large-4\">\n<div class=\"col-inner\">\n<h1><strong>Pagrindin\u0117 kamera<\/strong><\/h1>\n<\/div>\n<\/div>\n<div id=\"col-35252131\" class=\"col medium-8 small-10 large-8\">\n<div class=\"col-inner\">\n<ul>\n<li><strong>Sensori\u0173 kiekis: <\/strong>2<\/li>\n<li><strong>Pagrindinis sensorius:<\/strong> 50 MP Samsung\u00ae S5KJN1, 77,7\u00b0<\/li>\n<li><strong>Makro sensorius:<\/strong> 2 MP<\/li>\n<li><strong>Filmavimas: <\/strong>1080p@30fps<\/li>\n<li><strong>Blykst\u0117s tipas:<\/strong> LED<\/li>\n<\/ul>\n<\/div>\n<\/div>\n<\/div>\n<div id=\"row-214715003\" class=\"row align-center\">\n<div id=\"col-883847564\" class=\"col medium-4 small-10 large-4\">\n<div class=\"col-inner\">\n<h1><strong>Priekin\u0117 kamera<\/strong><\/h1>\n<\/div>\n<\/div>\n<div id=\"col-35252131\" class=\"col medium-8 small-10 large-8\">\n<div class=\"col-inner\">\n<ul>\n<li><strong>Sensorius: <\/strong>8\u00a0MP Samsung\u00ae S5K4H8, 86,4\u00b0<\/li>\n<li><strong>Filmavimas:\u00a0<\/strong>1080p@30fps<\/li>\n<\/ul>\n<\/div>\n<\/div>\n<\/div>\n<div id=\"row-214715003\" class=\"row align-center\">\n<div id=\"col-883847564\" class=\"col medium-4 small-10 large-4\">\n<div class=\"col-inner\">\n<h1><strong>Internetas ir komunikacija<\/strong><\/h1>\n<\/div>\n<\/div>\n<div id=\"col-35252131\" class=\"col medium-8 small-10 large-8\">\n<div class=\"col-inner\">\n<ul>\n<li><strong>WiFi s\u0105saja:\u00a0<\/strong>Taip<\/li>\n<li><strong>3G ry\u0161ys:\u00a0<\/strong>Taip<\/li>\n<li><strong>4G ry\u0161ys:\u00a0<\/strong>Taip<\/li>\n<li><strong>5G ry\u0161ys:<\/strong> Ne<\/li>\n<li><strong>Bluetooth s\u0105saja:\u00a0<\/strong>Taip<\/li>\n<li><strong>Bluetooth versija:\u00a0<\/strong>5.0<\/li>\n<li><strong>NFC s\u0105saja:\u00a0<\/strong>Taip<\/li>\n<li><strong>FM radijas:\u00a0<\/strong>Taip<\/li>\n<li><strong>GPS s\u0105saja:\u00a0<\/strong>Taip<\/li>\n<li><strong>GPS sistemos:<\/strong>\u00a0GPS, A-GPS, Galileo, BeiDou, GLONASS<\/li>\n<\/ul>\n<\/div>\n<\/div>\n<\/div>\n<div id=\"row-214715003\" class=\"row align-center\">\n<div id=\"col-883847564\" class=\"col medium-4 small-10 large-4\">\n<div class=\"col-inner\">\n<h1><strong>Baterija<\/strong><\/h1>\n<\/div>\n<\/div>\n<div id=\"col-35252131\" class=\"col medium-8 small-10 large-8\">\n<div class=\"col-inner\">\n<ul>\n<li><strong>Talpa: <\/strong>9600 mAh<\/li>\n<li><strong>Greitasis laidinis \u012fkrovimas: <\/strong>Taip, 18 W<\/li>\n<li><strong>Atvirk\u0161tinis laidinis \u012fkrovimas:<\/strong> Taip, 5 W<\/li>\n<li><strong>B\u016bd\u0117jimo laikas:<\/strong> 22 paros<\/li>\n<li><strong>Muzikos laikas:<\/strong> 63 h<\/li>\n<li><strong>Video laikas:<\/strong> 23 h<\/li>\n<\/ul>\n<\/div>\n<\/div>\n<\/div>\n<div id=\"row-214715003\" class=\"row align-center\">\n<div id=\"col-883847564\" class=\"col medium-4 small-10 large-4\">\n<div class=\"col-inner\">\n<h1><strong>Papildomi duomenys<\/strong><\/h1>\n<\/div>\n<\/div>\n<div id=\"col-35252131\" class=\"col medium-8 small-10 large-8\">\n<div class=\"col-inner\">\n<ul>\n<li>I\u0161leidimo data Europoje: 2024 m. gegu\u017e\u0117<\/li>\n<li>IP68\/IP69K standartas (atsparumas vandeniui ir dulk\u0117ms)<\/li>\n<li>MIL-STD-810H standartas<\/li>\n<li>Suasmenintas mygtukas<\/li>\n<li>Hi-Fi garsiakalbis (3,5 W, 122 dB, 11,5 garso ertm\u0117s, 36 mm diametro)<\/li>\n<li>Practical Toolkit programin\u0117 \u012franga<\/li>\n<\/ul>\n<\/div>\n<\/div>\n<\/div>\n<p><img decoding=\"async\" src=\"https:\/\/cdn.shopifycdn.net\/s\/files\/1\/0830\/0573\/5193\/files\/product-power-armor16s-1.jpg\" \/><img decoding=\"async\" src=\"https:\/\/cdn.shopifycdn.net\/s\/files\/1\/0830\/0573\/5193\/files\/product-power-armor16s-2.jpg\" \/><img decoding=\"async\" src=\"https:\/\/cdn.shopifycdn.net\/s\/files\/1\/0830\/0573\/5193\/files\/product-power-armor16s-3.jpg\" \/><img decoding=\"async\" src=\"https:\/\/cdn.shopifycdn.net\/s\/files\/1\/0830\/0573\/5193\/files\/product-power-armor16s-4.jpg\" \/><img decoding=\"async\" src=\"https:\/\/cdn.shopifycdn.net\/s\/files\/1\/0830\/0573\/5193\/files\/product-power-armor16s-5.jpg\" \/><img decoding=\"async\" src=\"https:\/\/cdn.shopifycdn.net\/s\/files\/1\/0830\/0573\/5193\/files\/product-power-armor16s-6.jpg\" \/><img decoding=\"async\" src=\"https:\/\/cdn.shopifycdn.net\/s\/files\/1\/0830\/0573\/5193\/files\/product-power-armor16s-7.jpg\" \/><img decoding=\"async\" src=\"https:\/\/cdn.shopifycdn.net\/s\/files\/1\/0830\/0573\/5193\/files\/product-power-armor16s-8.jpg\" \/><img decoding=\"async\" src=\"https:\/\/cdn.shopifycdn.net\/s\/files\/1\/0830\/0573\/5193\/files\/product-power-armor16s-9.jpg\" \/><img decoding=\"async\" src=\"https:\/\/cdn.shopifycdn.net\/s\/files\/1\/0830\/0573\/5193\/files\/product-power-armor16s-10.jpg\" \/><img decoding=\"async\" src=\"https:\/\/cdn.shopifycdn.net\/s\/files\/1\/0830\/0573\/5193\/files\/product-power-armor16s-11.jpg\" \/><img decoding=\"async\" src=\"https:\/\/cdn.shopifycdn.net\/s\/files\/1\/0830\/0573\/5193\/files\/product-power-armor16s-12.jpg\" \/><img decoding=\"async\" src=\"https:\/\/cdn.shopifycdn.net\/s\/files\/1\/0830\/0573\/5193\/files\/product-power-armor16s-13.jpg\" \/><img decoding=\"async\" src=\"https:\/\/cdn.shopifycdn.net\/s\/files\/1\/0830\/0573\/5193\/files\/product-power-armor16s-14.jpg\" \/><img decoding=\"async\" src=\"https:\/\/cdn.shopifycdn.net\/s\/files\/1\/0830\/0573\/5193\/files\/product-power-armor16s-15.jpg\" \/><img decoding=\"async\" src=\"https:\/\/cdn.shopifycdn.net\/s\/files\/1\/0830\/0573\/5193\/files\/product-power-armor16s-16.jpg\" \/><img decoding=\"async\" src=\"https:\/\/cdn.shopifycdn.net\/s\/files\/1\/0830\/0573\/5193\/files\/product-power-armor16s-17.jpg\" \/><img decoding=\"async\" src=\"https:\/\/cdn.shopifycdn.net\/s\/files\/1\/0830\/0573\/5193\/files\/product-power-armor16s-18.jpg\" \/><img decoding=\"async\" src=\"https:\/\/cdn.shopifycdn.net\/s\/files\/1\/0830\/0573\/5193\/files\/product-power-armor16s-19.jpg\" \/><img decoding=\"async\" src=\"https:\/\/cdn.shopifycdn.net\/s\/files\/1\/0830\/0573\/5193\/files\/product-power-armor16s-20.jpg\" \/><img decoding=\"async\" src=\"https:\/\/cdn.shopifycdn.net\/s\/files\/1\/0830\/0573\/5193\/files\/product-power-armor16s-21.jpg\" \/><img decoding=\"async\" src=\"https:\/\/cdn.shopifycdn.net\/s\/files\/1\/0830\/0573\/5193\/files\/product-power-armor16s-22.jpg\" \/><img decoding=\"async\" src=\"https:\/\/cdn.shopifycdn.net\/s\/files\/1\/0830\/0573\/5193\/files\/product-power-armor16s-23.jpg\" \/><img decoding=\"async\" src=\"https:\/\/cdn.shopifycdn.net\/s\/files\/1\/0830\/0573\/5193\/files\/product-power-armor16s-24.jpg\" \/><img decoding=\"async\" src=\"https:\/\/cdn.shopifycdn.net\/s\/files\/1\/0830\/0573\/5193\/files\/product-power-armor16s-25.jpg\" \/><img decoding=\"async\" src=\"https:\/\/cdn.shopifycdn.net\/s\/files\/1\/0830\/0573\/5193\/files\/product-power-armor16s-26.jpg\" \/><\/p>\n<\/div>\n<\/section>\n","protected":false},"excerpt":{"rendered":"<p>Ulefone Power Armor 16S \u2013 vandeniui ir sm\u016bgiams atsparus telefonas su ypa\u010d galingu 122 dB garsiakalbiu bei did\u017eiul\u0117s talpos (9600 mah) greitojo \u012fkrovimo baterija. \u0160is \u012frenginys taip pat turi itin spart\u0173 Unisoc Tiger\u2122 T616 procesori\u0173, 50 MP Samsung\u00ae kamer\u0105, 128 GB vidin\u0117s ir 8+8 GB RAM atminties bei Android 13 operacin\u0119 sistema su lietuvi\u0173 kalba. [&#8230;]\n","protected":false},"featured_media":4679,"template":"","meta":[],"product_brand":[],"product_cat":[22],"product_tag":[],"class_list":{"0":"post-4676","1":"product","2":"type-product","3":"status-publish","4":"has-post-thumbnail","6":"product_cat-ulefone-telefonai","8":"first","9":"instock","10":"sale","11":"shipping-taxable","12":"purchasable","13":"product-type-simple"},"yoast_head":"<!-- This site is optimized with the Yoast SEO plugin v27.4 - https:\/\/yoast.com\/product\/yoast-seo-wordpress\/ -->\n<title>Ulefone Power Armor 16S - 128\/8GB, Oran\u017einis - Resolute.lt<\/title>\n<meta name=\"description\" content=\"Ulefone Power Armor 16S \u2013 vandeniui ir sm\u016bgiams atsparus telefonas su ypa\u010d galingu 122 dB garsiakalbiu bei did\u017eiul\u0117s talpos (9600 mah) baterija.\" \/>\n<meta name=\"robots\" content=\"index, follow, max-snippet:-1, max-image-preview:large, max-video-preview:-1\" \/>\n<link rel=\"canonical\" href=\"https:\/\/resolute.lt\/index.php\/produktas\/ulefone-power-armor-16s-oranzinis\/\" \/>\n<meta property=\"og:locale\" content=\"lt_LT\" \/>\n<meta property=\"og:type\" content=\"article\" \/>\n<meta property=\"og:title\" content=\"Ulefone Power Armor 16S - 128\/8GB, Oran\u017einis - Resolute.lt\" \/>\n<meta property=\"og:description\" content=\"Ulefone Power Armor 16S \u2013 vandeniui ir sm\u016bgiams atsparus telefonas su ypa\u010d galingu 122 dB garsiakalbiu bei did\u017eiul\u0117s talpos (9600 mah) baterija.\" \/>\n<meta property=\"og:url\" content=\"https:\/\/resolute.lt\/index.php\/produktas\/ulefone-power-armor-16s-oranzinis\/\" \/>\n<meta property=\"og:site_name\" content=\"Resolute.lt\" \/>\n<meta property=\"article:modified_time\" content=\"2024-10-02T12:40:00+00:00\" \/>\n<meta property=\"og:image\" content=\"https:\/\/resolute.lt\/wp-content\/uploads\/2024\/05\/1.-Ulefone-Power-Armor-16S-telefonas-Oranzinis-Smugiams-vandeniui-dulkems-atsparus-IP68-Telefonai-Resolute.lt_.jpg\" \/>\n\t<meta property=\"og:image:width\" content=\"750\" \/>\n\t<meta property=\"og:image:height\" content=\"750\" \/>\n\t<meta property=\"og:image:type\" content=\"image\/jpeg\" \/>\n<meta name=\"twitter:card\" content=\"summary_large_image\" \/>\n<meta name=\"twitter:label1\" content=\"Est. reading time\" \/>\n\t<meta name=\"twitter:data1\" content=\"8 minut\u0117s\" \/>\n<script type=\"application\/ld+json\" class=\"yoast-schema-graph\">{\"@context\":\"https:\\\/\\\/schema.org\",\"@graph\":[{\"@type\":\"WebPage\",\"@id\":\"https:\\\/\\\/resolute.lt\\\/index.php\\\/produktas\\\/ulefone-power-armor-16s-oranzinis\\\/\",\"url\":\"https:\\\/\\\/resolute.lt\\\/index.php\\\/produktas\\\/ulefone-power-armor-16s-oranzinis\\\/\",\"name\":\"Ulefone Power Armor 16S - 128\\\/8GB, Oran\u017einis - Resolute.lt\",\"isPartOf\":{\"@id\":\"https:\\\/\\\/resolute.lt\\\/#website\"},\"primaryImageOfPage\":{\"@id\":\"https:\\\/\\\/resolute.lt\\\/index.php\\\/produktas\\\/ulefone-power-armor-16s-oranzinis\\\/#primaryimage\"},\"image\":{\"@id\":\"https:\\\/\\\/resolute.lt\\\/index.php\\\/produktas\\\/ulefone-power-armor-16s-oranzinis\\\/#primaryimage\"},\"thumbnailUrl\":\"https:\\\/\\\/resolute.lt\\\/wp-content\\\/uploads\\\/2024\\\/05\\\/1.-Ulefone-Power-Armor-16S-telefonas-Oranzinis-Smugiams-vandeniui-dulkems-atsparus-IP68-Telefonai-Resolute.lt_.jpg\",\"datePublished\":\"2024-05-18T16:42:55+00:00\",\"dateModified\":\"2024-10-02T12:40:00+00:00\",\"description\":\"Ulefone Power Armor 16S \u2013 vandeniui ir sm\u016bgiams atsparus telefonas su ypa\u010d galingu 122 dB garsiakalbiu bei did\u017eiul\u0117s talpos (9600 mah) baterija.\",\"breadcrumb\":{\"@id\":\"https:\\\/\\\/resolute.lt\\\/index.php\\\/produktas\\\/ulefone-power-armor-16s-oranzinis\\\/#breadcrumb\"},\"inLanguage\":\"lt-LT\",\"potentialAction\":[{\"@type\":\"ReadAction\",\"target\":[\"https:\\\/\\\/resolute.lt\\\/index.php\\\/produktas\\\/ulefone-power-armor-16s-oranzinis\\\/\"]}]},{\"@type\":\"ImageObject\",\"inLanguage\":\"lt-LT\",\"@id\":\"https:\\\/\\\/resolute.lt\\\/index.php\\\/produktas\\\/ulefone-power-armor-16s-oranzinis\\\/#primaryimage\",\"url\":\"https:\\\/\\\/resolute.lt\\\/wp-content\\\/uploads\\\/2024\\\/05\\\/1.-Ulefone-Power-Armor-16S-telefonas-Oranzinis-Smugiams-vandeniui-dulkems-atsparus-IP68-Telefonai-Resolute.lt_.jpg\",\"contentUrl\":\"https:\\\/\\\/resolute.lt\\\/wp-content\\\/uploads\\\/2024\\\/05\\\/1.-Ulefone-Power-Armor-16S-telefonas-Oranzinis-Smugiams-vandeniui-dulkems-atsparus-IP68-Telefonai-Resolute.lt_.jpg\",\"width\":750,\"height\":750},{\"@type\":\"BreadcrumbList\",\"@id\":\"https:\\\/\\\/resolute.lt\\\/index.php\\\/produktas\\\/ulefone-power-armor-16s-oranzinis\\\/#breadcrumb\",\"itemListElement\":[{\"@type\":\"ListItem\",\"position\":1,\"name\":\"Home\",\"item\":\"https:\\\/\\\/resolute.lt\\\/\"},{\"@type\":\"ListItem\",\"position\":2,\"name\":\"Resolute.lt\",\"item\":\"https:\\\/\\\/resolute.lt\\\/\"},{\"@type\":\"ListItem\",\"position\":3,\"name\":\"Ulefone Power Armor 16S &#8211; 128\\\/8GB, Oran\u017einis\"}]},{\"@type\":\"WebSite\",\"@id\":\"https:\\\/\\\/resolute.lt\\\/#website\",\"url\":\"https:\\\/\\\/resolute.lt\\\/\",\"name\":\"Resolute.lt\",\"description\":\"Sm\u016bgiams ir vandeniui telefonai\",\"potentialAction\":[{\"@type\":\"SearchAction\",\"target\":{\"@type\":\"EntryPoint\",\"urlTemplate\":\"https:\\\/\\\/resolute.lt\\\/?s={search_term_string}\"},\"query-input\":{\"@type\":\"PropertyValueSpecification\",\"valueRequired\":true,\"valueName\":\"search_term_string\"}}],\"inLanguage\":\"lt-LT\"}]}<\/script>\n<!-- \/ Yoast SEO plugin. -->","yoast_head_json":{"title":"Ulefone Power Armor 16S - 128\/8GB, Oran\u017einis - Resolute.lt","description":"Ulefone Power Armor 16S \u2013 vandeniui ir sm\u016bgiams atsparus telefonas su ypa\u010d galingu 122 dB garsiakalbiu bei did\u017eiul\u0117s talpos (9600 mah) baterija.","robots":{"index":"index","follow":"follow","max-snippet":"max-snippet:-1","max-image-preview":"max-image-preview:large","max-video-preview":"max-video-preview:-1"},"canonical":"https:\/\/resolute.lt\/index.php\/produktas\/ulefone-power-armor-16s-oranzinis\/","og_locale":"lt_LT","og_type":"article","og_title":"Ulefone Power Armor 16S - 128\/8GB, Oran\u017einis - Resolute.lt","og_description":"Ulefone Power Armor 16S \u2013 vandeniui ir sm\u016bgiams atsparus telefonas su ypa\u010d galingu 122 dB garsiakalbiu bei did\u017eiul\u0117s talpos (9600 mah) baterija.","og_url":"https:\/\/resolute.lt\/index.php\/produktas\/ulefone-power-armor-16s-oranzinis\/","og_site_name":"Resolute.lt","article_modified_time":"2024-10-02T12:40:00+00:00","og_image":[{"width":750,"height":750,"url":"https:\/\/resolute.lt\/wp-content\/uploads\/2024\/05\/1.-Ulefone-Power-Armor-16S-telefonas-Oranzinis-Smugiams-vandeniui-dulkems-atsparus-IP68-Telefonai-Resolute.lt_.jpg","type":"image\/jpeg"}],"twitter_card":"summary_large_image","twitter_misc":{"Est. reading time":"8 minut\u0117s"},"schema":{"@context":"https:\/\/schema.org","@graph":[{"@type":"WebPage","@id":"https:\/\/resolute.lt\/index.php\/produktas\/ulefone-power-armor-16s-oranzinis\/","url":"https:\/\/resolute.lt\/index.php\/produktas\/ulefone-power-armor-16s-oranzinis\/","name":"Ulefone Power Armor 16S - 128\/8GB, Oran\u017einis - Resolute.lt","isPartOf":{"@id":"https:\/\/resolute.lt\/#website"},"primaryImageOfPage":{"@id":"https:\/\/resolute.lt\/index.php\/produktas\/ulefone-power-armor-16s-oranzinis\/#primaryimage"},"image":{"@id":"https:\/\/resolute.lt\/index.php\/produktas\/ulefone-power-armor-16s-oranzinis\/#primaryimage"},"thumbnailUrl":"https:\/\/resolute.lt\/wp-content\/uploads\/2024\/05\/1.-Ulefone-Power-Armor-16S-telefonas-Oranzinis-Smugiams-vandeniui-dulkems-atsparus-IP68-Telefonai-Resolute.lt_.jpg","datePublished":"2024-05-18T16:42:55+00:00","dateModified":"2024-10-02T12:40:00+00:00","description":"Ulefone Power Armor 16S \u2013 vandeniui ir sm\u016bgiams atsparus telefonas su ypa\u010d galingu 122 dB garsiakalbiu bei did\u017eiul\u0117s talpos (9600 mah) baterija.","breadcrumb":{"@id":"https:\/\/resolute.lt\/index.php\/produktas\/ulefone-power-armor-16s-oranzinis\/#breadcrumb"},"inLanguage":"lt-LT","potentialAction":[{"@type":"ReadAction","target":["https:\/\/resolute.lt\/index.php\/produktas\/ulefone-power-armor-16s-oranzinis\/"]}]},{"@type":"ImageObject","inLanguage":"lt-LT","@id":"https:\/\/resolute.lt\/index.php\/produktas\/ulefone-power-armor-16s-oranzinis\/#primaryimage","url":"https:\/\/resolute.lt\/wp-content\/uploads\/2024\/05\/1.-Ulefone-Power-Armor-16S-telefonas-Oranzinis-Smugiams-vandeniui-dulkems-atsparus-IP68-Telefonai-Resolute.lt_.jpg","contentUrl":"https:\/\/resolute.lt\/wp-content\/uploads\/2024\/05\/1.-Ulefone-Power-Armor-16S-telefonas-Oranzinis-Smugiams-vandeniui-dulkems-atsparus-IP68-Telefonai-Resolute.lt_.jpg","width":750,"height":750},{"@type":"BreadcrumbList","@id":"https:\/\/resolute.lt\/index.php\/produktas\/ulefone-power-armor-16s-oranzinis\/#breadcrumb","itemListElement":[{"@type":"ListItem","position":1,"name":"Home","item":"https:\/\/resolute.lt\/"},{"@type":"ListItem","position":2,"name":"Resolute.lt","item":"https:\/\/resolute.lt\/"},{"@type":"ListItem","position":3,"name":"Ulefone Power Armor 16S &#8211; 128\/8GB, Oran\u017einis"}]},{"@type":"WebSite","@id":"https:\/\/resolute.lt\/#website","url":"https:\/\/resolute.lt\/","name":"Resolute.lt","description":"Sm\u016bgiams ir vandeniui telefonai","potentialAction":[{"@type":"SearchAction","target":{"@type":"EntryPoint","urlTemplate":"https:\/\/resolute.lt\/?s={search_term_string}"},"query-input":{"@type":"PropertyValueSpecification","valueRequired":true,"valueName":"search_term_string"}}],"inLanguage":"lt-LT"}]}},"_links":{"self":[{"href":"https:\/\/resolute.lt\/index.php\/wp-json\/wp\/v2\/product\/4676","targetHints":{"allow":["GET"]}}],"collection":[{"href":"https:\/\/resolute.lt\/index.php\/wp-json\/wp\/v2\/product"}],"about":[{"href":"https:\/\/resolute.lt\/index.php\/wp-json\/wp\/v2\/types\/product"}],"wp:featuredmedia":[{"embeddable":true,"href":"https:\/\/resolute.lt\/index.php\/wp-json\/wp\/v2\/media\/4679"}],"wp:attachment":[{"href":"https:\/\/resolute.lt\/index.php\/wp-json\/wp\/v2\/media?parent=4676"}],"wp:term":[{"taxonomy":"product_brand","embeddable":true,"href":"https:\/\/resolute.lt\/index.php\/wp-json\/wp\/v2\/product_brand?post=4676"},{"taxonomy":"product_cat","embeddable":true,"href":"https:\/\/resolute.lt\/index.php\/wp-json\/wp\/v2\/product_cat?post=4676"},{"taxonomy":"product_tag","embeddable":true,"href":"https:\/\/resolute.lt\/index.php\/wp-json\/wp\/v2\/product_tag?post=4676"}],"curies":[{"name":"wp","href":"https:\/\/api.w.org\/{rel}","templated":true}]}}