{"id":4491,"date":"2024-03-07T06:36:46","date_gmt":"2024-03-07T06:36:46","guid":{"rendered":"https:\/\/resolute.lt\/?post_type=product&#038;p=4491"},"modified":"2025-10-02T10:35:35","modified_gmt":"2025-10-02T10:35:35","slug":"ulefone-wcs01-belaidis-ikroviklis","status":"publish","type":"product","link":"https:\/\/resolute.lt\/index.php\/produktas\/ulefone-wcs01-belaidis-ikroviklis\/","title":{"rendered":"Ulefone WCS01 50W belaidis \u012fkroviklis"},"content":{"rendered":"<p><strong>Ulefone WCS01<\/strong> <strong>50W<\/strong> &#8211; universalus bei ypa\u010d galingas (net iki 50 vat\u0173 \u012fkrovimo gali\u0105 palaikantis) greitasis belaidis \u012fkroviklis i\u0161maniems telefonams bei kitai belaid\u012f \u012fkrovim\u0105 palaikan\u010diai elektronikai.<\/p>\n<p><strong><a href=\"https:\/\/www.resolute.lt\/\">RESOLUTE.LT EL. PARDUOTUV\u0116:<\/a><\/strong><strong><br \/>\n<\/strong>\u2013<strong> 8-10 darbo dien\u0173 pristatymas<\/strong>!<br \/>\n\u2013 Apmok\u0117jimas Google Pay, banko kortele, el. bankininkyste ar PayPal.<br \/>\n\u2013 Tik naujos ir nei\u0161pakuotos prek\u0117s!<\/p>\n<section id=\"section_2145972809\" class=\"section\">\n<div class=\"section-content relative\">\n<div id=\"row-1175821349\" class=\"row align-center\">\n<div id=\"col-130476939\" class=\"col medium-4 small-10 large-4\">\n<div class=\"col-inner\">\n<h1><strong>Komplektacija<\/strong><\/h1>\n<\/div>\n<\/div>\n<div id=\"col-1358541524\" class=\"col medium-8 small-10 large-8\">\n<div class=\"col-inner\">\n<ul>\n<li style=\"text-align: left;\"><b>1x\u00a0 <\/b>Greitasis belaidis kroviklis<\/li>\n<li><b>1x<\/b>\u00a0 Naudojimosi instrukcijos<\/li>\n<\/ul>\n<\/div>\n<\/div>\n<\/div>\n<div id=\"row-214715003\" class=\"row align-center\">\n<div id=\"col-883847564\" class=\"col medium-4 small-10 large-4\">\n<div class=\"col-inner\">\n<h1><strong>Bendrieji parametrai<\/strong><\/h1>\n<\/div>\n<\/div>\n<div id=\"col-35252131\" class=\"col medium-8 small-10 large-8\">\n<div class=\"col-inner\">\n<ul>\n<li style=\"text-align: left;\"><strong>Prek\u0117s tipas:<\/strong> Belaid\u017eiai \u012fkrovikliai<\/li>\n<li><strong>Prek\u0117s spalva:<\/strong> Juoda<\/li>\n<\/ul>\n<\/div>\n<\/div>\n<\/div>\n<div id=\"row-214715003\" class=\"row align-center\">\n<div id=\"col-883847564\" class=\"col medium-4 small-10 large-4\">\n<div class=\"col-inner\">\n<h1><strong>Techniniai parametrai<\/strong><\/h1>\n<\/div>\n<\/div>\n<div id=\"col-35252131\" class=\"col medium-8 small-10 large-8\">\n<div class=\"col-inner\">\n<ul>\n<li><b>\u012ekrovimo standartas: <\/b>Qi<\/li>\n<li><strong>\u012evestis:<\/strong> 5-20 V \/ 3 A<\/li>\n<li><strong>I\u0161vestis:<\/strong> 5 W \/ 7,5 W \/ 10 W \/ 15 W \/ 50 W<\/li>\n<li><strong>Suderinamumas:<\/strong> universalus<\/li>\n<li><strong>Darbin\u0117 temperat\u016bra:<\/strong> -10\u00b0C &#8211; 45\u00b0C<\/li>\n<li><strong>Did\u017eiausias oro kiekis:<\/strong> 1,56 CFM<\/li>\n<li><strong>Lizdo tipas:<\/strong> USB-C<\/li>\n<\/ul>\n<\/div>\n<\/div>\n<\/div>\n<div id=\"row-214715003\" class=\"row align-center\">\n<div id=\"col-883847564\" class=\"col medium-4 small-10 large-4\">\n<div class=\"col-inner\">\n<h1><strong>Papildomi duomenys<\/strong><\/h1>\n<\/div>\n<\/div>\n<div id=\"col-35252131\" class=\"col medium-8 small-10 large-8\">\n<div class=\"col-inner\">\n<ul>\n<li><strong>Gamybos metai:<\/strong> 2025<\/li>\n<li>\u012emontuotas 3D vertikalus au\u0161intuvas<\/li>\n<li>Galimyb\u0117 \u012fkrauti telefon\u0105, esant\u012f d\u0117kle<\/li>\n<\/ul>\n<\/div>\n<\/div>\n<\/div>\n<\/div>\n<\/section>\n<p>&nbsp;<\/p>\n<p><img decoding=\"async\" src=\"https:\/\/cdn.shopifycdn.net\/s\/files\/1\/0830\/0573\/5193\/files\/product-50w-wcs-1.jpg?v=1702450802\" \/><img decoding=\"async\" src=\"https:\/\/cdn.shopifycdn.net\/s\/files\/1\/0830\/0573\/5193\/files\/product-50w-wcs-2.jpg?v=1702450802\" \/><img decoding=\"async\" src=\"https:\/\/cdn.shopifycdn.net\/s\/files\/1\/0830\/0573\/5193\/files\/product-50w-wcs-3.jpg?v=1702450802\" \/><img decoding=\"async\" src=\"https:\/\/cdn.shopifycdn.net\/s\/files\/1\/0830\/0573\/5193\/files\/product-50w-wcs-4.jpg?v=1702450802\" \/><img decoding=\"async\" src=\"https:\/\/cdn.shopifycdn.net\/s\/files\/1\/0830\/0573\/5193\/files\/product-50w-wcs-5.jpg?v=1702450802\" \/><img decoding=\"async\" src=\"https:\/\/cdn.shopifycdn.net\/s\/files\/1\/0830\/0573\/5193\/files\/product-50w-wcs-6.jpg?v=1702450802\" \/><img decoding=\"async\" src=\"https:\/\/cdn.shopifycdn.net\/s\/files\/1\/0830\/0573\/5193\/files\/product-50w-wcs-7.jpg?v=1702450802\" \/><img decoding=\"async\" src=\"https:\/\/cdn.shopifycdn.net\/s\/files\/1\/0830\/0573\/5193\/files\/product-50w-wcs-8.jpg?v=1702450802\" \/><img decoding=\"async\" src=\"https:\/\/cdn.shopifycdn.net\/s\/files\/1\/0830\/0573\/5193\/files\/product-50w-wcs-9.jpg?v=1702450802\" \/><\/p>\n","protected":false},"excerpt":{"rendered":"<p>Ulefone WCS01 50W &#8211; universalus bei ypa\u010d galingas (net iki 50 vat\u0173 \u012fkrovimo gali\u0105 palaikantis) greitasis belaidis \u012fkroviklis i\u0161maniems telefonams bei kitai belaid\u012f \u012fkrovim\u0105 palaikan\u010diai elektronikai. RESOLUTE.LT EL. PARDUOTUV\u0116: \u2013 8-10 darbo dien\u0173 pristatymas! \u2013 Apmok\u0117jimas Google Pay, banko kortele, el. bankininkyste ar PayPal. \u2013 Tik naujos ir nei\u0161pakuotos prek\u0117s! Komplektacija 1x\u00a0 Greitasis belaidis kroviklis [&#8230;]\n","protected":false},"featured_media":4492,"template":"","meta":[],"product_brand":[],"product_cat":[37],"product_tag":[],"class_list":{"0":"post-4491","1":"product","2":"type-product","3":"status-publish","4":"has-post-thumbnail","6":"product_cat-kiti-telefonu-priedai","8":"first","9":"instock","10":"sale","11":"shipping-taxable","12":"purchasable","13":"product-type-simple"},"yoast_head":"<!-- This site is optimized with the Yoast SEO plugin v27.4 - https:\/\/yoast.com\/product\/yoast-seo-wordpress\/ -->\n<title>Ulefone WCS01 50W belaidis \u012fkroviklis - Resolute.lt<\/title>\n<meta name=\"description\" content=\"Ulefone WCS01 50W - universalus bei ypa\u010d galingas (net iki 50 vat\u0173 \u012fkrovimo gali\u0105 palaikantis) greitasis belaidis \u012fkroviklis.\" \/>\n<meta name=\"robots\" content=\"index, follow, max-snippet:-1, max-image-preview:large, max-video-preview:-1\" \/>\n<link rel=\"canonical\" href=\"https:\/\/resolute.lt\/index.php\/produktas\/ulefone-wcs01-belaidis-ikroviklis\/\" \/>\n<meta property=\"og:locale\" content=\"lt_LT\" \/>\n<meta property=\"og:type\" content=\"article\" \/>\n<meta property=\"og:title\" content=\"Ulefone WCS01 50W belaidis \u012fkroviklis - Resolute.lt\" \/>\n<meta property=\"og:description\" content=\"Ulefone WCS01 50W - universalus bei ypa\u010d galingas (net iki 50 vat\u0173 \u012fkrovimo gali\u0105 palaikantis) greitasis belaidis \u012fkroviklis.\" \/>\n<meta property=\"og:url\" content=\"https:\/\/resolute.lt\/index.php\/produktas\/ulefone-wcs01-belaidis-ikroviklis\/\" \/>\n<meta property=\"og:site_name\" content=\"Resolute.lt\" \/>\n<meta property=\"article:modified_time\" content=\"2025-10-02T10:35:35+00:00\" \/>\n<meta property=\"og:image\" content=\"https:\/\/resolute.lt\/wp-content\/uploads\/2024\/03\/1.-Ulefone-WCS01-50W-belaidis-ikroviklis.-stotele-pakrovejas-stovas-Wireless-charging-stand-charger-Resolute.lt_.jpg\" \/>\n\t<meta property=\"og:image:width\" content=\"1500\" \/>\n\t<meta property=\"og:image:height\" content=\"1500\" \/>\n\t<meta property=\"og:image:type\" content=\"image\/jpeg\" \/>\n<meta name=\"twitter:card\" content=\"summary_large_image\" \/>\n<meta name=\"twitter:label1\" content=\"Est. reading time\" \/>\n\t<meta name=\"twitter:data1\" content=\"3 minut\u0117s\" \/>\n<script type=\"application\/ld+json\" class=\"yoast-schema-graph\">{\"@context\":\"https:\\\/\\\/schema.org\",\"@graph\":[{\"@type\":\"WebPage\",\"@id\":\"https:\\\/\\\/resolute.lt\\\/index.php\\\/produktas\\\/ulefone-wcs01-belaidis-ikroviklis\\\/\",\"url\":\"https:\\\/\\\/resolute.lt\\\/index.php\\\/produktas\\\/ulefone-wcs01-belaidis-ikroviklis\\\/\",\"name\":\"Ulefone WCS01 50W belaidis \u012fkroviklis - Resolute.lt\",\"isPartOf\":{\"@id\":\"https:\\\/\\\/resolute.lt\\\/#website\"},\"primaryImageOfPage\":{\"@id\":\"https:\\\/\\\/resolute.lt\\\/index.php\\\/produktas\\\/ulefone-wcs01-belaidis-ikroviklis\\\/#primaryimage\"},\"image\":{\"@id\":\"https:\\\/\\\/resolute.lt\\\/index.php\\\/produktas\\\/ulefone-wcs01-belaidis-ikroviklis\\\/#primaryimage\"},\"thumbnailUrl\":\"https:\\\/\\\/resolute.lt\\\/wp-content\\\/uploads\\\/2024\\\/03\\\/1.-Ulefone-WCS01-50W-belaidis-ikroviklis.-stotele-pakrovejas-stovas-Wireless-charging-stand-charger-Resolute.lt_.jpg\",\"datePublished\":\"2024-03-07T06:36:46+00:00\",\"dateModified\":\"2025-10-02T10:35:35+00:00\",\"description\":\"Ulefone WCS01 50W - universalus bei ypa\u010d galingas (net iki 50 vat\u0173 \u012fkrovimo gali\u0105 palaikantis) greitasis belaidis \u012fkroviklis.\",\"breadcrumb\":{\"@id\":\"https:\\\/\\\/resolute.lt\\\/index.php\\\/produktas\\\/ulefone-wcs01-belaidis-ikroviklis\\\/#breadcrumb\"},\"inLanguage\":\"lt-LT\",\"potentialAction\":[{\"@type\":\"ReadAction\",\"target\":[\"https:\\\/\\\/resolute.lt\\\/index.php\\\/produktas\\\/ulefone-wcs01-belaidis-ikroviklis\\\/\"]}]},{\"@type\":\"ImageObject\",\"inLanguage\":\"lt-LT\",\"@id\":\"https:\\\/\\\/resolute.lt\\\/index.php\\\/produktas\\\/ulefone-wcs01-belaidis-ikroviklis\\\/#primaryimage\",\"url\":\"https:\\\/\\\/resolute.lt\\\/wp-content\\\/uploads\\\/2024\\\/03\\\/1.-Ulefone-WCS01-50W-belaidis-ikroviklis.-stotele-pakrovejas-stovas-Wireless-charging-stand-charger-Resolute.lt_.jpg\",\"contentUrl\":\"https:\\\/\\\/resolute.lt\\\/wp-content\\\/uploads\\\/2024\\\/03\\\/1.-Ulefone-WCS01-50W-belaidis-ikroviklis.-stotele-pakrovejas-stovas-Wireless-charging-stand-charger-Resolute.lt_.jpg\",\"width\":1500,\"height\":1500},{\"@type\":\"BreadcrumbList\",\"@id\":\"https:\\\/\\\/resolute.lt\\\/index.php\\\/produktas\\\/ulefone-wcs01-belaidis-ikroviklis\\\/#breadcrumb\",\"itemListElement\":[{\"@type\":\"ListItem\",\"position\":1,\"name\":\"Home\",\"item\":\"https:\\\/\\\/resolute.lt\\\/\"},{\"@type\":\"ListItem\",\"position\":2,\"name\":\"Resolute.lt\",\"item\":\"https:\\\/\\\/resolute.lt\\\/\"},{\"@type\":\"ListItem\",\"position\":3,\"name\":\"Ulefone WCS01 50W belaidis \u012fkroviklis\"}]},{\"@type\":\"WebSite\",\"@id\":\"https:\\\/\\\/resolute.lt\\\/#website\",\"url\":\"https:\\\/\\\/resolute.lt\\\/\",\"name\":\"Resolute.lt\",\"description\":\"Sm\u016bgiams ir vandeniui telefonai\",\"potentialAction\":[{\"@type\":\"SearchAction\",\"target\":{\"@type\":\"EntryPoint\",\"urlTemplate\":\"https:\\\/\\\/resolute.lt\\\/?s={search_term_string}\"},\"query-input\":{\"@type\":\"PropertyValueSpecification\",\"valueRequired\":true,\"valueName\":\"search_term_string\"}}],\"inLanguage\":\"lt-LT\"}]}<\/script>\n<!-- \/ Yoast SEO plugin. -->","yoast_head_json":{"title":"Ulefone WCS01 50W belaidis \u012fkroviklis - Resolute.lt","description":"Ulefone WCS01 50W - universalus bei ypa\u010d galingas (net iki 50 vat\u0173 \u012fkrovimo gali\u0105 palaikantis) greitasis belaidis \u012fkroviklis.","robots":{"index":"index","follow":"follow","max-snippet":"max-snippet:-1","max-image-preview":"max-image-preview:large","max-video-preview":"max-video-preview:-1"},"canonical":"https:\/\/resolute.lt\/index.php\/produktas\/ulefone-wcs01-belaidis-ikroviklis\/","og_locale":"lt_LT","og_type":"article","og_title":"Ulefone WCS01 50W belaidis \u012fkroviklis - Resolute.lt","og_description":"Ulefone WCS01 50W - universalus bei ypa\u010d galingas (net iki 50 vat\u0173 \u012fkrovimo gali\u0105 palaikantis) greitasis belaidis \u012fkroviklis.","og_url":"https:\/\/resolute.lt\/index.php\/produktas\/ulefone-wcs01-belaidis-ikroviklis\/","og_site_name":"Resolute.lt","article_modified_time":"2025-10-02T10:35:35+00:00","og_image":[{"width":1500,"height":1500,"url":"https:\/\/resolute.lt\/wp-content\/uploads\/2024\/03\/1.-Ulefone-WCS01-50W-belaidis-ikroviklis.-stotele-pakrovejas-stovas-Wireless-charging-stand-charger-Resolute.lt_.jpg","type":"image\/jpeg"}],"twitter_card":"summary_large_image","twitter_misc":{"Est. reading time":"3 minut\u0117s"},"schema":{"@context":"https:\/\/schema.org","@graph":[{"@type":"WebPage","@id":"https:\/\/resolute.lt\/index.php\/produktas\/ulefone-wcs01-belaidis-ikroviklis\/","url":"https:\/\/resolute.lt\/index.php\/produktas\/ulefone-wcs01-belaidis-ikroviklis\/","name":"Ulefone WCS01 50W belaidis \u012fkroviklis - Resolute.lt","isPartOf":{"@id":"https:\/\/resolute.lt\/#website"},"primaryImageOfPage":{"@id":"https:\/\/resolute.lt\/index.php\/produktas\/ulefone-wcs01-belaidis-ikroviklis\/#primaryimage"},"image":{"@id":"https:\/\/resolute.lt\/index.php\/produktas\/ulefone-wcs01-belaidis-ikroviklis\/#primaryimage"},"thumbnailUrl":"https:\/\/resolute.lt\/wp-content\/uploads\/2024\/03\/1.-Ulefone-WCS01-50W-belaidis-ikroviklis.-stotele-pakrovejas-stovas-Wireless-charging-stand-charger-Resolute.lt_.jpg","datePublished":"2024-03-07T06:36:46+00:00","dateModified":"2025-10-02T10:35:35+00:00","description":"Ulefone WCS01 50W - universalus bei ypa\u010d galingas (net iki 50 vat\u0173 \u012fkrovimo gali\u0105 palaikantis) greitasis belaidis \u012fkroviklis.","breadcrumb":{"@id":"https:\/\/resolute.lt\/index.php\/produktas\/ulefone-wcs01-belaidis-ikroviklis\/#breadcrumb"},"inLanguage":"lt-LT","potentialAction":[{"@type":"ReadAction","target":["https:\/\/resolute.lt\/index.php\/produktas\/ulefone-wcs01-belaidis-ikroviklis\/"]}]},{"@type":"ImageObject","inLanguage":"lt-LT","@id":"https:\/\/resolute.lt\/index.php\/produktas\/ulefone-wcs01-belaidis-ikroviklis\/#primaryimage","url":"https:\/\/resolute.lt\/wp-content\/uploads\/2024\/03\/1.-Ulefone-WCS01-50W-belaidis-ikroviklis.-stotele-pakrovejas-stovas-Wireless-charging-stand-charger-Resolute.lt_.jpg","contentUrl":"https:\/\/resolute.lt\/wp-content\/uploads\/2024\/03\/1.-Ulefone-WCS01-50W-belaidis-ikroviklis.-stotele-pakrovejas-stovas-Wireless-charging-stand-charger-Resolute.lt_.jpg","width":1500,"height":1500},{"@type":"BreadcrumbList","@id":"https:\/\/resolute.lt\/index.php\/produktas\/ulefone-wcs01-belaidis-ikroviklis\/#breadcrumb","itemListElement":[{"@type":"ListItem","position":1,"name":"Home","item":"https:\/\/resolute.lt\/"},{"@type":"ListItem","position":2,"name":"Resolute.lt","item":"https:\/\/resolute.lt\/"},{"@type":"ListItem","position":3,"name":"Ulefone WCS01 50W belaidis \u012fkroviklis"}]},{"@type":"WebSite","@id":"https:\/\/resolute.lt\/#website","url":"https:\/\/resolute.lt\/","name":"Resolute.lt","description":"Sm\u016bgiams ir vandeniui telefonai","potentialAction":[{"@type":"SearchAction","target":{"@type":"EntryPoint","urlTemplate":"https:\/\/resolute.lt\/?s={search_term_string}"},"query-input":{"@type":"PropertyValueSpecification","valueRequired":true,"valueName":"search_term_string"}}],"inLanguage":"lt-LT"}]}},"_links":{"self":[{"href":"https:\/\/resolute.lt\/index.php\/wp-json\/wp\/v2\/product\/4491","targetHints":{"allow":["GET"]}}],"collection":[{"href":"https:\/\/resolute.lt\/index.php\/wp-json\/wp\/v2\/product"}],"about":[{"href":"https:\/\/resolute.lt\/index.php\/wp-json\/wp\/v2\/types\/product"}],"wp:featuredmedia":[{"embeddable":true,"href":"https:\/\/resolute.lt\/index.php\/wp-json\/wp\/v2\/media\/4492"}],"wp:attachment":[{"href":"https:\/\/resolute.lt\/index.php\/wp-json\/wp\/v2\/media?parent=4491"}],"wp:term":[{"taxonomy":"product_brand","embeddable":true,"href":"https:\/\/resolute.lt\/index.php\/wp-json\/wp\/v2\/product_brand?post=4491"},{"taxonomy":"product_cat","embeddable":true,"href":"https:\/\/resolute.lt\/index.php\/wp-json\/wp\/v2\/product_cat?post=4491"},{"taxonomy":"product_tag","embeddable":true,"href":"https:\/\/resolute.lt\/index.php\/wp-json\/wp\/v2\/product_tag?post=4491"}],"curies":[{"name":"wp","href":"https:\/\/api.w.org\/{rel}","templated":true}]}}