{"id":4452,"date":"2024-02-27T12:40:52","date_gmt":"2024-02-27T12:40:52","guid":{"rendered":"https:\/\/resolute.lt\/?post_type=product&#038;p=4452"},"modified":"2024-03-07T06:57:44","modified_gmt":"2024-03-07T06:57:44","slug":"xiaomi-50w-belaidis-greitasis-ikroviklis","status":"publish","type":"product","link":"https:\/\/resolute.lt\/index.php\/produktas\/xiaomi-50w-belaidis-greitasis-ikroviklis\/","title":{"rendered":"Xiaomi 50W belaidis \u012fkroviklis"},"content":{"rendered":"<p><strong>Xiaomi 50W Wireless Charging Stand<\/strong> &#8211; universalus bei ypa\u010d galingas (net iki 50 vat\u0173 \u012fkrovimo gali\u0105 palaikantis) greitasis belaidis \u012fkroviklis i\u0161maniems telefonams bei kitai belaid\u012f \u012fkrovim\u0105 palaikan\u010diai elektronikai.<\/p>\n<p><strong><a href=\"https:\/\/www.resolute.lt\/\">RESOLUTE.LT EL. PARDUOTUV\u0116:<\/a><\/strong><strong><br \/>\n<\/strong>\u2013 Standartinis pristatymas (apmokant banko kortele, el. bankininkyste, Paysera ar PayPal).<br \/>\n\u2013 Tik naujos ir nei\u0161pakuotos prek\u0117s!<\/p>\n<section id=\"section_2145972809\" class=\"section\">\n<div class=\"section-content relative\">\n<div id=\"row-1175821349\" class=\"row align-center\">\n<div id=\"col-130476939\" class=\"col medium-4 small-10 large-4\">\n<div class=\"col-inner\">\n<h1><strong>Komplektacija<\/strong><\/h1>\n<\/div>\n<\/div>\n<div id=\"col-1358541524\" class=\"col medium-8 small-10 large-8\">\n<div class=\"col-inner\">\n<ul>\n<li style=\"text-align: left;\"><b>1x\u00a0 <\/b>Greitasis belaidis kroviklis<\/li>\n<li><b>1x<\/b>\u00a0 Naudojimosi instrukcijos<\/li>\n<\/ul>\n<\/div>\n<\/div>\n<\/div>\n<div id=\"row-214715003\" class=\"row align-center\">\n<div id=\"col-883847564\" class=\"col medium-4 small-10 large-4\">\n<div class=\"col-inner\">\n<h1><strong>Bendrieji parametrai<\/strong><\/h1>\n<\/div>\n<\/div>\n<div id=\"col-35252131\" class=\"col medium-8 small-10 large-8\">\n<div class=\"col-inner\">\n<ul>\n<li style=\"text-align: left;\"><strong>Prek\u0117s tipas:<\/strong> Belaid\u017eiai \u012fkrovikliai<\/li>\n<li><strong>Prek\u0117s spalva:<\/strong> Balta<\/li>\n<\/ul>\n<\/div>\n<\/div>\n<\/div>\n<div id=\"row-214715003\" class=\"row align-center\">\n<div id=\"col-883847564\" class=\"col medium-4 small-10 large-4\">\n<div class=\"col-inner\">\n<h1><strong>Techniniai parametrai<\/strong><\/h1>\n<\/div>\n<\/div>\n<div id=\"col-35252131\" class=\"col medium-8 small-10 large-8\">\n<div class=\"col-inner\">\n<ul>\n<li><b>\u012ekrovimo standartas: <\/b>Qi<\/li>\n<li><strong>\u012evestis:<\/strong> 5-20 V \/ 3,25 A<\/li>\n<li><strong>I\u0161vestis:<\/strong> 50 W<\/li>\n<li><strong>Suderinamumas:<\/strong> universalus<\/li>\n<\/ul>\n<\/div>\n<\/div>\n<\/div>\n<div id=\"row-214715003\" class=\"row align-center\">\n<div id=\"col-883847564\" class=\"col medium-4 small-10 large-4\">\n<div class=\"col-inner\">\n<h1><strong>Papildomi duomenys<\/strong><\/h1>\n<\/div>\n<\/div>\n<div id=\"col-35252131\" class=\"col medium-8 small-10 large-8\">\n<div class=\"col-inner\">\n<ul>\n<li><strong>Gamybos metai:<\/strong> 2024<\/li>\n<li><b>\u012emontuotas \u012frenginio au\u0161intuvas<\/b><\/li>\n<\/ul>\n<\/div>\n<\/div>\n<\/div>\n<\/div>\n<\/section>\n<p><img loading=\"lazy\" decoding=\"async\" class=\"alignnone size-full wp-image-4462\" src=\"https:\/\/resolute.lt\/wp-content\/uploads\/2024\/02\/6.-Xiaomi-50W-belaidis-ikroviklis.-stotele-pakrovejas-stovas-Wireless-Charging-Stand-charger-Resolute.lt_.jpg\" alt=\"\" width=\"2413\" height=\"1285\" srcset=\"https:\/\/resolute.lt\/wp-content\/uploads\/2024\/02\/6.-Xiaomi-50W-belaidis-ikroviklis.-stotele-pakrovejas-stovas-Wireless-Charging-Stand-charger-Resolute.lt_.jpg 2413w, https:\/\/resolute.lt\/wp-content\/uploads\/2024\/02\/6.-Xiaomi-50W-belaidis-ikroviklis.-stotele-pakrovejas-stovas-Wireless-Charging-Stand-charger-Resolute.lt_-300x160.jpg 300w, https:\/\/resolute.lt\/wp-content\/uploads\/2024\/02\/6.-Xiaomi-50W-belaidis-ikroviklis.-stotele-pakrovejas-stovas-Wireless-Charging-Stand-charger-Resolute.lt_-1024x545.jpg 1024w, https:\/\/resolute.lt\/wp-content\/uploads\/2024\/02\/6.-Xiaomi-50W-belaidis-ikroviklis.-stotele-pakrovejas-stovas-Wireless-Charging-Stand-charger-Resolute.lt_-768x409.jpg 768w, https:\/\/resolute.lt\/wp-content\/uploads\/2024\/02\/6.-Xiaomi-50W-belaidis-ikroviklis.-stotele-pakrovejas-stovas-Wireless-Charging-Stand-charger-Resolute.lt_-1536x818.jpg 1536w, https:\/\/resolute.lt\/wp-content\/uploads\/2024\/02\/6.-Xiaomi-50W-belaidis-ikroviklis.-stotele-pakrovejas-stovas-Wireless-Charging-Stand-charger-Resolute.lt_-2048x1091.jpg 2048w, https:\/\/resolute.lt\/wp-content\/uploads\/2024\/02\/6.-Xiaomi-50W-belaidis-ikroviklis.-stotele-pakrovejas-stovas-Wireless-Charging-Stand-charger-Resolute.lt_-510x272.jpg 510w\" sizes=\"auto, (max-width: 2413px) 100vw, 2413px\" \/> <img loading=\"lazy\" decoding=\"async\" class=\"alignnone size-full wp-image-4463\" src=\"https:\/\/resolute.lt\/wp-content\/uploads\/2024\/02\/7.-Xiaomi-50W-belaidis-ikroviklis.-stotele-pakrovejas-stovas-Wireless-Charging-Stand-charger-Resolute.lt_.jpg\" alt=\"\" width=\"2411\" height=\"1241\" srcset=\"https:\/\/resolute.lt\/wp-content\/uploads\/2024\/02\/7.-Xiaomi-50W-belaidis-ikroviklis.-stotele-pakrovejas-stovas-Wireless-Charging-Stand-charger-Resolute.lt_.jpg 2411w, https:\/\/resolute.lt\/wp-content\/uploads\/2024\/02\/7.-Xiaomi-50W-belaidis-ikroviklis.-stotele-pakrovejas-stovas-Wireless-Charging-Stand-charger-Resolute.lt_-300x154.jpg 300w, https:\/\/resolute.lt\/wp-content\/uploads\/2024\/02\/7.-Xiaomi-50W-belaidis-ikroviklis.-stotele-pakrovejas-stovas-Wireless-Charging-Stand-charger-Resolute.lt_-1024x527.jpg 1024w, https:\/\/resolute.lt\/wp-content\/uploads\/2024\/02\/7.-Xiaomi-50W-belaidis-ikroviklis.-stotele-pakrovejas-stovas-Wireless-Charging-Stand-charger-Resolute.lt_-768x395.jpg 768w, https:\/\/resolute.lt\/wp-content\/uploads\/2024\/02\/7.-Xiaomi-50W-belaidis-ikroviklis.-stotele-pakrovejas-stovas-Wireless-Charging-Stand-charger-Resolute.lt_-1536x791.jpg 1536w, https:\/\/resolute.lt\/wp-content\/uploads\/2024\/02\/7.-Xiaomi-50W-belaidis-ikroviklis.-stotele-pakrovejas-stovas-Wireless-Charging-Stand-charger-Resolute.lt_-2048x1054.jpg 2048w, https:\/\/resolute.lt\/wp-content\/uploads\/2024\/02\/7.-Xiaomi-50W-belaidis-ikroviklis.-stotele-pakrovejas-stovas-Wireless-Charging-Stand-charger-Resolute.lt_-510x263.jpg 510w\" sizes=\"auto, (max-width: 2411px) 100vw, 2411px\" \/> <img loading=\"lazy\" decoding=\"async\" class=\"alignnone size-full wp-image-4464\" src=\"https:\/\/resolute.lt\/wp-content\/uploads\/2024\/02\/8.-Xiaomi-50W-belaidis-ikroviklis.-stotele-pakrovejas-stovas-Wireless-Charging-Stand-charger-Resolute.lt_.jpg\" alt=\"\" width=\"2411\" height=\"1206\" srcset=\"https:\/\/resolute.lt\/wp-content\/uploads\/2024\/02\/8.-Xiaomi-50W-belaidis-ikroviklis.-stotele-pakrovejas-stovas-Wireless-Charging-Stand-charger-Resolute.lt_.jpg 2411w, https:\/\/resolute.lt\/wp-content\/uploads\/2024\/02\/8.-Xiaomi-50W-belaidis-ikroviklis.-stotele-pakrovejas-stovas-Wireless-Charging-Stand-charger-Resolute.lt_-300x150.jpg 300w, https:\/\/resolute.lt\/wp-content\/uploads\/2024\/02\/8.-Xiaomi-50W-belaidis-ikroviklis.-stotele-pakrovejas-stovas-Wireless-Charging-Stand-charger-Resolute.lt_-1024x512.jpg 1024w, https:\/\/resolute.lt\/wp-content\/uploads\/2024\/02\/8.-Xiaomi-50W-belaidis-ikroviklis.-stotele-pakrovejas-stovas-Wireless-Charging-Stand-charger-Resolute.lt_-768x384.jpg 768w, https:\/\/resolute.lt\/wp-content\/uploads\/2024\/02\/8.-Xiaomi-50W-belaidis-ikroviklis.-stotele-pakrovejas-stovas-Wireless-Charging-Stand-charger-Resolute.lt_-1536x768.jpg 1536w, https:\/\/resolute.lt\/wp-content\/uploads\/2024\/02\/8.-Xiaomi-50W-belaidis-ikroviklis.-stotele-pakrovejas-stovas-Wireless-Charging-Stand-charger-Resolute.lt_-2048x1024.jpg 2048w, https:\/\/resolute.lt\/wp-content\/uploads\/2024\/02\/8.-Xiaomi-50W-belaidis-ikroviklis.-stotele-pakrovejas-stovas-Wireless-Charging-Stand-charger-Resolute.lt_-510x255.jpg 510w\" sizes=\"auto, (max-width: 2411px) 100vw, 2411px\" \/> <img loading=\"lazy\" decoding=\"async\" class=\"alignnone size-full wp-image-4465\" src=\"https:\/\/resolute.lt\/wp-content\/uploads\/2024\/02\/9.-Xiaomi-50W-belaidis-ikroviklis.-stotele-pakrovejas-stovas-Wireless-Charging-Stand-charger-Resolute.lt_.jpg\" alt=\"\" width=\"2413\" height=\"1118\" srcset=\"https:\/\/resolute.lt\/wp-content\/uploads\/2024\/02\/9.-Xiaomi-50W-belaidis-ikroviklis.-stotele-pakrovejas-stovas-Wireless-Charging-Stand-charger-Resolute.lt_.jpg 2413w, https:\/\/resolute.lt\/wp-content\/uploads\/2024\/02\/9.-Xiaomi-50W-belaidis-ikroviklis.-stotele-pakrovejas-stovas-Wireless-Charging-Stand-charger-Resolute.lt_-300x139.jpg 300w, https:\/\/resolute.lt\/wp-content\/uploads\/2024\/02\/9.-Xiaomi-50W-belaidis-ikroviklis.-stotele-pakrovejas-stovas-Wireless-Charging-Stand-charger-Resolute.lt_-1024x474.jpg 1024w, https:\/\/resolute.lt\/wp-content\/uploads\/2024\/02\/9.-Xiaomi-50W-belaidis-ikroviklis.-stotele-pakrovejas-stovas-Wireless-Charging-Stand-charger-Resolute.lt_-768x356.jpg 768w, https:\/\/resolute.lt\/wp-content\/uploads\/2024\/02\/9.-Xiaomi-50W-belaidis-ikroviklis.-stotele-pakrovejas-stovas-Wireless-Charging-Stand-charger-Resolute.lt_-1536x712.jpg 1536w, https:\/\/resolute.lt\/wp-content\/uploads\/2024\/02\/9.-Xiaomi-50W-belaidis-ikroviklis.-stotele-pakrovejas-stovas-Wireless-Charging-Stand-charger-Resolute.lt_-2048x949.jpg 2048w, https:\/\/resolute.lt\/wp-content\/uploads\/2024\/02\/9.-Xiaomi-50W-belaidis-ikroviklis.-stotele-pakrovejas-stovas-Wireless-Charging-Stand-charger-Resolute.lt_-510x236.jpg 510w\" sizes=\"auto, (max-width: 2413px) 100vw, 2413px\" \/><\/p>\n","protected":false},"excerpt":{"rendered":"<p>Xiaomi 50W Wireless Charging Stand &#8211; universalus bei ypa\u010d galingas (net iki 50 vat\u0173 \u012fkrovimo gali\u0105 palaikantis) greitasis belaidis \u012fkroviklis i\u0161maniems telefonams bei kitai belaid\u012f \u012fkrovim\u0105 palaikan\u010diai elektronikai. RESOLUTE.LT EL. PARDUOTUV\u0116: \u2013 Standartinis pristatymas (apmokant banko kortele, el. bankininkyste, Paysera ar PayPal). \u2013 Tik naujos ir nei\u0161pakuotos prek\u0117s! Komplektacija 1x\u00a0 Greitasis belaidis kroviklis 1x\u00a0 Naudojimosi [&#8230;]\n","protected":false},"featured_media":4457,"template":"","meta":[],"product_brand":[],"product_cat":[37],"product_tag":[],"class_list":{"0":"post-4452","1":"product","2":"type-product","3":"status-publish","4":"has-post-thumbnail","6":"product_cat-kiti-telefonu-priedai","8":"first","9":"instock","10":"shipping-taxable","11":"purchasable","12":"product-type-simple"},"yoast_head":"<!-- This site is optimized with the Yoast SEO plugin v27.3 - https:\/\/yoast.com\/product\/yoast-seo-wordpress\/ -->\n<title>Xiaomi 50W belaidis \u012fkroviklis - Resolute.lt<\/title>\n<meta name=\"description\" content=\"Nauji original\u016bs Xiaomi telefon\u0173 priedai ma\u017eiausia kaina! Greitas pristatymas, patogus atsiskaitymas, nauji produktai pigiau!\" \/>\n<meta name=\"robots\" content=\"index, follow, max-snippet:-1, max-image-preview:large, max-video-preview:-1\" \/>\n<link rel=\"canonical\" href=\"https:\/\/resolute.lt\/index.php\/produktas\/xiaomi-50w-belaidis-greitasis-ikroviklis\/\" \/>\n<meta property=\"og:locale\" content=\"lt_LT\" \/>\n<meta property=\"og:type\" content=\"article\" \/>\n<meta property=\"og:title\" content=\"Xiaomi 50W belaidis \u012fkroviklis - Resolute.lt\" \/>\n<meta property=\"og:description\" content=\"Nauji original\u016bs Xiaomi telefon\u0173 priedai ma\u017eiausia kaina! Greitas pristatymas, patogus atsiskaitymas, nauji produktai pigiau!\" \/>\n<meta property=\"og:url\" content=\"https:\/\/resolute.lt\/index.php\/produktas\/xiaomi-50w-belaidis-greitasis-ikroviklis\/\" \/>\n<meta property=\"og:site_name\" content=\"Resolute.lt\" \/>\n<meta property=\"article:modified_time\" content=\"2024-03-07T06:57:44+00:00\" \/>\n<meta property=\"og:image\" content=\"https:\/\/resolute.lt\/wp-content\/uploads\/2024\/02\/1.-Xiaomi-50W-belaidis-ikroviklis.-stotele-pakrovejas-stovas-Wireless-Charging-Stand-charger-Resolute.lt_.jpg\" \/>\n\t<meta property=\"og:image:width\" content=\"800\" \/>\n\t<meta property=\"og:image:height\" content=\"800\" \/>\n\t<meta property=\"og:image:type\" content=\"image\/jpeg\" \/>\n<meta name=\"twitter:card\" content=\"summary_large_image\" \/>\n<meta name=\"twitter:label1\" content=\"Est. reading time\" \/>\n\t<meta name=\"twitter:data1\" content=\"2 minut\u0117s\" \/>\n<script type=\"application\/ld+json\" class=\"yoast-schema-graph\">{\"@context\":\"https:\\\/\\\/schema.org\",\"@graph\":[{\"@type\":\"WebPage\",\"@id\":\"https:\\\/\\\/resolute.lt\\\/index.php\\\/produktas\\\/xiaomi-50w-belaidis-greitasis-ikroviklis\\\/\",\"url\":\"https:\\\/\\\/resolute.lt\\\/index.php\\\/produktas\\\/xiaomi-50w-belaidis-greitasis-ikroviklis\\\/\",\"name\":\"Xiaomi 50W belaidis \u012fkroviklis - Resolute.lt\",\"isPartOf\":{\"@id\":\"https:\\\/\\\/resolute.lt\\\/#website\"},\"primaryImageOfPage\":{\"@id\":\"https:\\\/\\\/resolute.lt\\\/index.php\\\/produktas\\\/xiaomi-50w-belaidis-greitasis-ikroviklis\\\/#primaryimage\"},\"image\":{\"@id\":\"https:\\\/\\\/resolute.lt\\\/index.php\\\/produktas\\\/xiaomi-50w-belaidis-greitasis-ikroviklis\\\/#primaryimage\"},\"thumbnailUrl\":\"https:\\\/\\\/resolute.lt\\\/wp-content\\\/uploads\\\/2024\\\/02\\\/1.-Xiaomi-50W-belaidis-ikroviklis.-stotele-pakrovejas-stovas-Wireless-Charging-Stand-charger-Resolute.lt_.jpg\",\"datePublished\":\"2024-02-27T12:40:52+00:00\",\"dateModified\":\"2024-03-07T06:57:44+00:00\",\"description\":\"Nauji original\u016bs Xiaomi telefon\u0173 priedai ma\u017eiausia kaina! Greitas pristatymas, patogus atsiskaitymas, nauji produktai pigiau!\",\"breadcrumb\":{\"@id\":\"https:\\\/\\\/resolute.lt\\\/index.php\\\/produktas\\\/xiaomi-50w-belaidis-greitasis-ikroviklis\\\/#breadcrumb\"},\"inLanguage\":\"lt-LT\",\"potentialAction\":[{\"@type\":\"ReadAction\",\"target\":[\"https:\\\/\\\/resolute.lt\\\/index.php\\\/produktas\\\/xiaomi-50w-belaidis-greitasis-ikroviklis\\\/\"]}]},{\"@type\":\"ImageObject\",\"inLanguage\":\"lt-LT\",\"@id\":\"https:\\\/\\\/resolute.lt\\\/index.php\\\/produktas\\\/xiaomi-50w-belaidis-greitasis-ikroviklis\\\/#primaryimage\",\"url\":\"https:\\\/\\\/resolute.lt\\\/wp-content\\\/uploads\\\/2024\\\/02\\\/1.-Xiaomi-50W-belaidis-ikroviklis.-stotele-pakrovejas-stovas-Wireless-Charging-Stand-charger-Resolute.lt_.jpg\",\"contentUrl\":\"https:\\\/\\\/resolute.lt\\\/wp-content\\\/uploads\\\/2024\\\/02\\\/1.-Xiaomi-50W-belaidis-ikroviklis.-stotele-pakrovejas-stovas-Wireless-Charging-Stand-charger-Resolute.lt_.jpg\",\"width\":800,\"height\":800},{\"@type\":\"BreadcrumbList\",\"@id\":\"https:\\\/\\\/resolute.lt\\\/index.php\\\/produktas\\\/xiaomi-50w-belaidis-greitasis-ikroviklis\\\/#breadcrumb\",\"itemListElement\":[{\"@type\":\"ListItem\",\"position\":1,\"name\":\"Home\",\"item\":\"https:\\\/\\\/resolute.lt\\\/\"},{\"@type\":\"ListItem\",\"position\":2,\"name\":\"Resolute.lt\",\"item\":\"https:\\\/\\\/resolute.lt\\\/\"},{\"@type\":\"ListItem\",\"position\":3,\"name\":\"Xiaomi 50W belaidis \u012fkroviklis\"}]},{\"@type\":\"WebSite\",\"@id\":\"https:\\\/\\\/resolute.lt\\\/#website\",\"url\":\"https:\\\/\\\/resolute.lt\\\/\",\"name\":\"Resolute.lt\",\"description\":\"Sm\u016bgiams ir vandeniui telefonai\",\"potentialAction\":[{\"@type\":\"SearchAction\",\"target\":{\"@type\":\"EntryPoint\",\"urlTemplate\":\"https:\\\/\\\/resolute.lt\\\/?s={search_term_string}\"},\"query-input\":{\"@type\":\"PropertyValueSpecification\",\"valueRequired\":true,\"valueName\":\"search_term_string\"}}],\"inLanguage\":\"lt-LT\"}]}<\/script>\n<!-- \/ Yoast SEO plugin. -->","yoast_head_json":{"title":"Xiaomi 50W belaidis \u012fkroviklis - Resolute.lt","description":"Nauji original\u016bs Xiaomi telefon\u0173 priedai ma\u017eiausia kaina! Greitas pristatymas, patogus atsiskaitymas, nauji produktai pigiau!","robots":{"index":"index","follow":"follow","max-snippet":"max-snippet:-1","max-image-preview":"max-image-preview:large","max-video-preview":"max-video-preview:-1"},"canonical":"https:\/\/resolute.lt\/index.php\/produktas\/xiaomi-50w-belaidis-greitasis-ikroviklis\/","og_locale":"lt_LT","og_type":"article","og_title":"Xiaomi 50W belaidis \u012fkroviklis - Resolute.lt","og_description":"Nauji original\u016bs Xiaomi telefon\u0173 priedai ma\u017eiausia kaina! Greitas pristatymas, patogus atsiskaitymas, nauji produktai pigiau!","og_url":"https:\/\/resolute.lt\/index.php\/produktas\/xiaomi-50w-belaidis-greitasis-ikroviklis\/","og_site_name":"Resolute.lt","article_modified_time":"2024-03-07T06:57:44+00:00","og_image":[{"width":800,"height":800,"url":"https:\/\/resolute.lt\/wp-content\/uploads\/2024\/02\/1.-Xiaomi-50W-belaidis-ikroviklis.-stotele-pakrovejas-stovas-Wireless-Charging-Stand-charger-Resolute.lt_.jpg","type":"image\/jpeg"}],"twitter_card":"summary_large_image","twitter_misc":{"Est. reading time":"2 minut\u0117s"},"schema":{"@context":"https:\/\/schema.org","@graph":[{"@type":"WebPage","@id":"https:\/\/resolute.lt\/index.php\/produktas\/xiaomi-50w-belaidis-greitasis-ikroviklis\/","url":"https:\/\/resolute.lt\/index.php\/produktas\/xiaomi-50w-belaidis-greitasis-ikroviklis\/","name":"Xiaomi 50W belaidis \u012fkroviklis - Resolute.lt","isPartOf":{"@id":"https:\/\/resolute.lt\/#website"},"primaryImageOfPage":{"@id":"https:\/\/resolute.lt\/index.php\/produktas\/xiaomi-50w-belaidis-greitasis-ikroviklis\/#primaryimage"},"image":{"@id":"https:\/\/resolute.lt\/index.php\/produktas\/xiaomi-50w-belaidis-greitasis-ikroviklis\/#primaryimage"},"thumbnailUrl":"https:\/\/resolute.lt\/wp-content\/uploads\/2024\/02\/1.-Xiaomi-50W-belaidis-ikroviklis.-stotele-pakrovejas-stovas-Wireless-Charging-Stand-charger-Resolute.lt_.jpg","datePublished":"2024-02-27T12:40:52+00:00","dateModified":"2024-03-07T06:57:44+00:00","description":"Nauji original\u016bs Xiaomi telefon\u0173 priedai ma\u017eiausia kaina! Greitas pristatymas, patogus atsiskaitymas, nauji produktai pigiau!","breadcrumb":{"@id":"https:\/\/resolute.lt\/index.php\/produktas\/xiaomi-50w-belaidis-greitasis-ikroviklis\/#breadcrumb"},"inLanguage":"lt-LT","potentialAction":[{"@type":"ReadAction","target":["https:\/\/resolute.lt\/index.php\/produktas\/xiaomi-50w-belaidis-greitasis-ikroviklis\/"]}]},{"@type":"ImageObject","inLanguage":"lt-LT","@id":"https:\/\/resolute.lt\/index.php\/produktas\/xiaomi-50w-belaidis-greitasis-ikroviklis\/#primaryimage","url":"https:\/\/resolute.lt\/wp-content\/uploads\/2024\/02\/1.-Xiaomi-50W-belaidis-ikroviklis.-stotele-pakrovejas-stovas-Wireless-Charging-Stand-charger-Resolute.lt_.jpg","contentUrl":"https:\/\/resolute.lt\/wp-content\/uploads\/2024\/02\/1.-Xiaomi-50W-belaidis-ikroviklis.-stotele-pakrovejas-stovas-Wireless-Charging-Stand-charger-Resolute.lt_.jpg","width":800,"height":800},{"@type":"BreadcrumbList","@id":"https:\/\/resolute.lt\/index.php\/produktas\/xiaomi-50w-belaidis-greitasis-ikroviklis\/#breadcrumb","itemListElement":[{"@type":"ListItem","position":1,"name":"Home","item":"https:\/\/resolute.lt\/"},{"@type":"ListItem","position":2,"name":"Resolute.lt","item":"https:\/\/resolute.lt\/"},{"@type":"ListItem","position":3,"name":"Xiaomi 50W belaidis \u012fkroviklis"}]},{"@type":"WebSite","@id":"https:\/\/resolute.lt\/#website","url":"https:\/\/resolute.lt\/","name":"Resolute.lt","description":"Sm\u016bgiams ir vandeniui telefonai","potentialAction":[{"@type":"SearchAction","target":{"@type":"EntryPoint","urlTemplate":"https:\/\/resolute.lt\/?s={search_term_string}"},"query-input":{"@type":"PropertyValueSpecification","valueRequired":true,"valueName":"search_term_string"}}],"inLanguage":"lt-LT"}]}},"_links":{"self":[{"href":"https:\/\/resolute.lt\/index.php\/wp-json\/wp\/v2\/product\/4452","targetHints":{"allow":["GET"]}}],"collection":[{"href":"https:\/\/resolute.lt\/index.php\/wp-json\/wp\/v2\/product"}],"about":[{"href":"https:\/\/resolute.lt\/index.php\/wp-json\/wp\/v2\/types\/product"}],"wp:featuredmedia":[{"embeddable":true,"href":"https:\/\/resolute.lt\/index.php\/wp-json\/wp\/v2\/media\/4457"}],"wp:attachment":[{"href":"https:\/\/resolute.lt\/index.php\/wp-json\/wp\/v2\/media?parent=4452"}],"wp:term":[{"taxonomy":"product_brand","embeddable":true,"href":"https:\/\/resolute.lt\/index.php\/wp-json\/wp\/v2\/product_brand?post=4452"},{"taxonomy":"product_cat","embeddable":true,"href":"https:\/\/resolute.lt\/index.php\/wp-json\/wp\/v2\/product_cat?post=4452"},{"taxonomy":"product_tag","embeddable":true,"href":"https:\/\/resolute.lt\/index.php\/wp-json\/wp\/v2\/product_tag?post=4452"}],"curies":[{"name":"wp","href":"https:\/\/api.w.org\/{rel}","templated":true}]}}