{"id":4433,"date":"2024-02-14T08:13:57","date_gmt":"2024-02-14T08:13:57","guid":{"rendered":"https:\/\/resolute.lt\/?post_type=product&#038;p=4433"},"modified":"2024-05-28T14:56:15","modified_gmt":"2024-05-28T14:56:15","slug":"ulefone-note-17-pro-baltas","status":"publish","type":"product","link":"https:\/\/resolute.lt\/index.php\/produktas\/ulefone-note-17-pro-baltas\/","title":{"rendered":"Ulefone Note 17 Pro &#8211; 256\/12GB, Baltas"},"content":{"rendered":"<p><strong>Ulefone Note 17 Pro<\/strong> \u2013 naujausias, 2024 metais i\u0161leistas telefonas i\u0161 Ulefone Note\u00ae serijos. \u0160is nepriekai\u0161tingo dizaino ir vos 9 mm plonumo \u012frenginys pasi\u017eymi: 500 nit\u0173 ry\u0161kumo AMOLED ekranu, 108 MP Samsung\u00ae HM2 kamera, 256 GB vidine ir 12 GB RAM atmintimi, 33 W greituoju \u012fkrovimu bei Android 13 operacine sistema su lietuvi\u0173 kalba. Baltos spalvos korpusas.<\/p>\n<p><strong><a href=\"https:\/\/www.resolute.lt\/\">RESOLUTE.LT EL. PARDUOTUV\u0116:<\/a><br \/>\n<\/strong>\u2013 Standartinis pristatymas (apmokant banko kortele, el. bankininkyste, Paysera ar PayPal).<br \/>\n\u2013 Tik naujos ir nei\u0161pakuotos prek\u0117s!<\/p>\n<section id=\"section_2145972809\" class=\"section\">\n<div class=\"section-content relative\">\n<div id=\"row-1175821349\" class=\"row align-center\">\n<div id=\"col-130476939\" class=\"col medium-4 small-10 large-4\">\n<div class=\"col-inner\">\n<h1><strong>Komplektacija<\/strong><\/h1>\n<\/div>\n<\/div>\n<div id=\"col-1358541524\" class=\"col medium-8 small-10 large-8\">\n<div class=\"col-inner\">\n<ul>\n<li><b>1x\u00a0\u00a0<\/b>I\u0161manus telefonas<\/li>\n<li><b>1x\u00a0\u00a0<\/b>EU \u012fkroviklis (33 W)<\/li>\n<li><b>1x\u00a0\u00a0<\/b>USB-C laidas<\/li>\n<li><b>1x\u00a0 <\/b>TPU d\u0117klas<\/li>\n<li><b>1x<\/b>\u00a0 Gr\u016bdinto stiklo ekrano apsauga<\/li>\n<li><strong>1x<\/strong>\u00a0 SIM \u012frankis<\/li>\n<li><b>1x<\/b>\u00a0 Naudojimosi instrukcijos<\/li>\n<\/ul>\n<\/div>\n<\/div>\n<\/div>\n<div id=\"row-214715003\" class=\"row align-center\">\n<div id=\"col-883847564\" class=\"col medium-4 small-10 large-4\">\n<div class=\"col-inner\">\n<h1><strong>Bendrieji parametrai<\/strong><\/h1>\n<\/div>\n<\/div>\n<div id=\"col-35252131\" class=\"col medium-8 small-10 large-8\">\n<div class=\"col-inner\">\n<ul>\n<li><strong>Prek\u0117s tipas:<\/strong>\u00a0Mobilieji telefonai<\/li>\n<li><strong>Prek\u0117s spalva:<\/strong> Balta (Pearl White)<\/li>\n<li><strong>Palaikom\u0173 SIM korteli\u0173 kiekis:<\/strong>\u00a02<\/li>\n<li><strong>Palaikom\u0173 SIM korteli\u0173 tipas:<\/strong>\u00a0NanoSIM<\/li>\n<\/ul>\n<\/div>\n<\/div>\n<\/div>\n<div id=\"row-1024473742\" class=\"row align-center\">\n<div id=\"col-1535055361\" class=\"col medium-4 small-10 large-4\">\n<div class=\"col-inner\">\n<h1><strong>Operacin\u0117 sistema<\/strong><\/h1>\n<\/div>\n<\/div>\n<div id=\"col-1619534892\" class=\"col medium-8 small-10 large-8\">\n<div class=\"col-inner\">\n<ul>\n<li><strong>Operacin\u0117 sistema:<\/strong>\u00a0Android<\/li>\n<li><strong>Operacin\u0117s sistemos versija:\u00a0<\/strong>13<\/li>\n<li><strong>Palaikomos kalbos:<\/strong>\u00a0Lietuvi\u0173, angl\u0173, rus\u0173, lenk\u0173, latvi\u0173, vokie\u010di\u0173 ir kt.<\/li>\n<\/ul>\n<\/div>\n<\/div>\n<\/div>\n<div id=\"row-307646383\" class=\"row align-center\">\n<div id=\"col-1651260670\" class=\"col medium-4 small-10 large-4\">\n<div class=\"col-inner\">\n<h1><strong>Ekranas<\/strong><\/h1>\n<\/div>\n<\/div>\n<div id=\"col-999120238\" class=\"col medium-8 small-10 large-8\">\n<div class=\"col-inner\">\n<ul>\n<li><strong>Ekrano dydis:<\/strong> 6,78\u2033<\/li>\n<li><strong>Ekrano rai\u0161ka:<\/strong> 2400 x 1080<\/li>\n<li><strong>PPI (pikseliai per col\u012f): <\/strong>388<\/li>\n<li><strong>Ry\u0161kumas:<\/strong> 500 nit\u0173<\/li>\n<li><strong>Atnaujinimo da\u017enis:<\/strong>\u00a0120 Hz<\/li>\n<li><strong>Ekrano tipas:<\/strong> AMOLED<\/li>\n<li><strong>Plotas:<\/strong> 91,3 %<\/li>\n<li><strong>Kra\u0161tini\u0173 santykis:<\/strong> 20:9<\/li>\n<li><strong>I\u0161orinio stiklo tipas:<\/strong> Corning Gorilla Glass 5<\/li>\n<\/ul>\n<\/div>\n<\/div>\n<\/div>\n<div id=\"row-1849913578\" class=\"row align-center\">\n<div id=\"col-432336610\" class=\"col medium-4 small-10 large-4\">\n<div class=\"col-inner\">\n<h1><strong>Procesorius ir<br \/>\nvaizdo plok\u0161t\u0117<\/strong><\/h1>\n<\/div>\n<\/div>\n<div id=\"col-1538200702\" class=\"col medium-8 small-10 large-8\">\n<div class=\"col-inner\">\n<ul>\n<li><strong>Procesoriaus modelis: <\/strong>MediaTek Helio\u2122 G99 (MT6789)<\/li>\n<li><strong>Proceso technologija:<\/strong> 6 nm<\/li>\n<li><strong>Procesoriaus branduoli\u0173 kiekis:<\/strong>\u00a08<\/li>\n<li><strong>Procesoriaus branduoli\u0173 da\u017eniai:<\/strong> 2&#215;2,2 GHz Cortex-A76 ir 6x 2,0 GHz Cortex-A55<\/li>\n<li><strong>Vaizdo plok\u0161t\u0117s modelis: <\/strong>ARM Mali-G57 MC2<\/li>\n<li><strong>Vaizdo plok\u0161t\u0117s branduoli\u0173 kiekis:<\/strong> 2<\/li>\n<\/ul>\n<\/div>\n<\/div>\n<\/div>\n<div id=\"row-2111937453\" class=\"row align-center\">\n<div id=\"col-1355999373\" class=\"col medium-4 small-10 large-4\">\n<div class=\"col-inner\">\n<h1><strong>Atmintis<\/strong><\/h1>\n<\/div>\n<\/div>\n<div id=\"col-2062834539\" class=\"col medium-8 small-10 large-8\">\n<div class=\"col-inner\">\n<ul>\n<li><strong>Vidin\u0117 atminis: <\/strong>256\u00a0GB<\/li>\n<li><strong>Bendra darbin\u0117 atmintis (RAM):<\/strong> 24 GB<\/li>\n<li><strong>Fizin\u0117 darbin\u0117 atmintis (RAM):\u00a0<\/strong>12 GB<\/li>\n<li><strong>Virtuali darbin\u0117 atmintis (RAM):<\/strong> 12 GB<\/li>\n<li><strong>Darbin\u0117s atminties da\u017enis:<\/strong> 2,133 GHz<\/li>\n<li><strong>Atminties kortel\u0117: <\/strong>Ne<\/li>\n<\/ul>\n<\/div>\n<\/div>\n<\/div>\n<div id=\"row-1271375553\" class=\"row align-center\">\n<div id=\"col-201046948\" class=\"col medium-4 small-10 large-4\">\n<div class=\"col-inner\">\n<h1><strong>Pagrindin\u0117 kamera<\/strong><\/h1>\n<\/div>\n<\/div>\n<div id=\"col-1326179394\" class=\"col medium-8 small-10 large-8\">\n<div class=\"col-inner\">\n<ul>\n<li><strong>Sensori\u0173 kiekis: <\/strong>2<\/li>\n<li><strong>Pagrindinis sensorius:<\/strong> 108 MP Samsung\u00ae HM2, 82,3\u00b0<\/li>\n<li><strong>Makro sensorius:<\/strong> 5 MP, 76\u00b0<\/li>\n<li><strong>Filmavimas: <\/strong>1440p@30fps, 1080p@30fps<\/li>\n<li><strong>Blykst\u0117s tipas:<\/strong> LED, 2 diod\u0173<\/li>\n<\/ul>\n<\/div>\n<\/div>\n<\/div>\n<div id=\"row-588910997\" class=\"row align-center\">\n<div id=\"col-968358050\" class=\"col medium-4 small-10 large-4\">\n<div class=\"col-inner\">\n<h1><strong>Priekin\u0117 kamera<\/strong><\/h1>\n<\/div>\n<\/div>\n<div id=\"col-1326179394\" class=\"col medium-8 small-10 large-8\">\n<div class=\"col-inner\">\n<ul>\n<li><strong>Sensorius: <\/strong>32 MP OmniVison\u00ae OV32B40, 81\u00b0<\/li>\n<li><strong>Filmavimas:\u00a0<\/strong>1080p@30fps<\/li>\n<\/ul>\n<\/div>\n<\/div>\n<\/div>\n<div id=\"row-588910997\" class=\"row align-center\">\n<div id=\"col-968358050\" class=\"col medium-4 small-10 large-4\">\n<div class=\"col-inner\">\n<h1><strong>Internetas ir komunikacija<\/strong><\/h1>\n<\/div>\n<\/div>\n<div id=\"col-446095547\" class=\"col medium-8 small-10 large-8\">\n<div class=\"col-inner\">\n<ul>\n<li><strong>WiFi s\u0105saja:\u00a0<\/strong>Taip<\/li>\n<li><strong>3G ry\u0161ys:\u00a0<\/strong>Taip<\/li>\n<li><strong>4G ry\u0161ys:\u00a0<\/strong>Taip<\/li>\n<li><strong>5G ry\u0161ys:<\/strong> Ne<\/li>\n<li><strong>Bluetooth s\u0105saja:\u00a0<\/strong>Taip<\/li>\n<li><strong>Bluetooth versija:\u00a0<\/strong>5.2<\/li>\n<li><strong>NFC s\u0105saja:\u00a0<\/strong>Taip<\/li>\n<li><strong>FM radijas:\u00a0<\/strong>Taip, ausini\u0173 nereikalaujantis<\/li>\n<li><strong>GPS s\u0105saja:\u00a0<\/strong>Taip<\/li>\n<li><strong>GPS sistemos:<\/strong>\u00a0GPS, A-GPS, Galileo, BeiDou, GLONASS<\/li>\n<li><strong>IR blasteris:<\/strong> Taip<\/li>\n<\/ul>\n<\/div>\n<\/div>\n<\/div>\n<div id=\"row-693316153\" class=\"row align-center\">\n<div id=\"col-1853202518\" class=\"col medium-4 small-10 large-4\">\n<div class=\"col-inner\">\n<h1><strong>Lizdai ir sensoriai<\/strong><\/h1>\n<\/div>\n<\/div>\n<div id=\"col-341096956\" class=\"col medium-8 small-10 large-8\">\n<div class=\"col-inner\">\n<ul>\n<li><strong>USB lizdo tipas:<\/strong>\u00a0USB-C<\/li>\n<li><strong>Ausini\u0173 lizdas (AUX):\u00a0<\/strong>Taip<\/li>\n<li><strong>Pir\u0161t\u0173 antspaud\u0173 sensorius:<\/strong>\u00a0Taip<\/li>\n<li><strong>Pir\u0161to antspaud\u0173 sensoriaus tipas:<\/strong> Poekranis<\/li>\n<\/ul>\n<\/div>\n<\/div>\n<\/div>\n<div id=\"row-46018524\" class=\"row align-center\">\n<div id=\"col-1418837096\" class=\"col medium-4 small-10 large-4\">\n<div class=\"col-inner\">\n<h1><strong>Baterija<\/strong><\/h1>\n<\/div>\n<\/div>\n<div id=\"col-1976749272\" class=\"col medium-8 small-10 large-8\">\n<div class=\"col-inner\">\n<ul>\n<li><strong>Baterijos talpa:\u00a0<\/strong>5050 mAh<\/li>\n<li><strong>Greitasis \u012fkrovimas:\u00a0<\/strong>Taip, 33 W<\/li>\n<li><strong>Belaidis \u012fkrovimas:\u00a0<\/strong>Taip<\/li>\n<li><strong>4G bud\u0117jimo laikas:<\/strong> 18,8 dienos<\/li>\n<li><strong>4G skambu\u010di\u0173 laikas: <\/strong>22 val.<\/li>\n<li><strong>4G auk\u0161tos rai\u0161kos video \u017ei\u016br\u0117jimo laikas:<\/strong> 9 val.<\/li>\n<\/ul>\n<\/div>\n<\/div>\n<\/div>\n<div id=\"row-1009664519\" class=\"row align-center\">\n<div id=\"col-477520799\" class=\"col medium-4 small-10 large-4\">\n<div class=\"col-inner\">\n<h1><b>Matmenys ir svoris<\/b><\/h1>\n<\/div>\n<\/div>\n<div id=\"col-1429020984\" class=\"col medium-8 small-10 large-8\">\n<div class=\"col-inner\">\n<ul>\n<li><strong>Matmenys:<\/strong> 163,8 x 74,2 x 9 mm<\/li>\n<li><strong>Svoris:<\/strong> 197,8 g<\/li>\n<\/ul>\n<\/div>\n<\/div>\n<\/div>\n<div id=\"row-468646911\" class=\"row align-center\">\n<div id=\"col-1185701877\" class=\"col medium-4 small-10 large-4\">\n<div class=\"col-inner\">\n<h1><strong>Papildomi duomenys<\/strong><\/h1>\n<\/div>\n<\/div>\n<div id=\"col-1424211009\" class=\"col medium-8 small-10 large-8\">\n<div class=\"col-inner\">\n<ul>\n<li>I\u0161leidimo data: 2024 m. vasaris<\/li>\n<li>Atsparumas apta\u0161kymams<\/li>\n<\/ul>\n<\/div>\n<\/div>\n<\/div>\n<\/div>\n<\/section>\n<p>&nbsp;<\/p>\n<p><img decoding=\"async\" src=\"https:\/\/cdn.shopify.com\/s\/files\/1\/0830\/0573\/5193\/files\/product-note17pro-1.jpg?v=1706152163\" \/><img decoding=\"async\" src=\"https:\/\/cdn.shopify.com\/s\/files\/1\/0830\/0573\/5193\/files\/product-note17pro-2.jpg?v=1706152163\" \/><img decoding=\"async\" src=\"https:\/\/cdn.shopify.com\/s\/files\/1\/0830\/0573\/5193\/files\/product-note17pro-3.jpg?v=1706152163\" \/><img decoding=\"async\" src=\"https:\/\/cdn.shopify.com\/s\/files\/1\/0830\/0573\/5193\/files\/product-note17pro-4.jpg?v=1706152163\" \/><img decoding=\"async\" src=\"https:\/\/cdn.shopify.com\/s\/files\/1\/0830\/0573\/5193\/files\/product-note17pro-5.jpg?v=1706152163\" \/><img decoding=\"async\" src=\"https:\/\/cdn.shopify.com\/s\/files\/1\/0830\/0573\/5193\/files\/product-note17pro-6.jpg?v=1706152163\" \/><img decoding=\"async\" src=\"https:\/\/cdn.shopify.com\/s\/files\/1\/0830\/0573\/5193\/files\/product-note17pro-7.jpg?v=1706152163\" \/><img decoding=\"async\" src=\"https:\/\/cdn.shopify.com\/s\/files\/1\/0830\/0573\/5193\/files\/product-note17pro-8.jpg?v=1706152163\" \/><img decoding=\"async\" src=\"https:\/\/cdn.shopify.com\/s\/files\/1\/0830\/0573\/5193\/files\/product-note17pro-9.jpg?v=1706152163\" \/><img decoding=\"async\" src=\"https:\/\/cdn.shopify.com\/s\/files\/1\/0830\/0573\/5193\/files\/product-note17pro-10.jpg?v=1706152163\" \/><img decoding=\"async\" src=\"https:\/\/cdn.shopify.com\/s\/files\/1\/0830\/0573\/5193\/files\/product-note17pro-11.jpg?v=1706152163\" \/><img decoding=\"async\" src=\"https:\/\/cdn.shopify.com\/s\/files\/1\/0830\/0573\/5193\/files\/product-note17pro-12.jpg?v=1706152163\" \/><img decoding=\"async\" src=\"https:\/\/cdn.shopify.com\/s\/files\/1\/0830\/0573\/5193\/files\/product-note17pro-13.jpg?v=1706152163\" \/><img decoding=\"async\" src=\"https:\/\/cdn.shopify.com\/s\/files\/1\/0830\/0573\/5193\/files\/product-note17pro-14.jpg?v=1706152163\" \/><img decoding=\"async\" src=\"https:\/\/cdn.shopify.com\/s\/files\/1\/0830\/0573\/5193\/files\/product-note17pro-15.jpg?v=1706152163\" \/><img decoding=\"async\" src=\"https:\/\/cdn.shopify.com\/s\/files\/1\/0830\/0573\/5193\/files\/product-note17pro-16.jpg?v=1706152163\" \/>\u00a0<img decoding=\"async\" src=\"https:\/\/cdn.shopify.com\/s\/files\/1\/0830\/0573\/5193\/files\/product-note17pro-17.jpg?v=1706152163\" \/><img decoding=\"async\" src=\"https:\/\/cdn.shopify.com\/s\/files\/1\/0830\/0573\/5193\/files\/product-note17pro-18.jpg?v=1706152163\" \/><img decoding=\"async\" src=\"https:\/\/cdn.shopify.com\/s\/files\/1\/0830\/0573\/5193\/files\/product-note17pro-19.jpg?v=1706152163\" \/>\u00a0<img decoding=\"async\" src=\"https:\/\/cdn.shopify.com\/s\/files\/1\/0830\/0573\/5193\/files\/product-note17pro-20.jpg?v=1706152163\" \/>\u00a0<img decoding=\"async\" src=\"https:\/\/cdn.shopify.com\/s\/files\/1\/0830\/0573\/5193\/files\/product-note17pro-21.jpg?v=1706152163\" \/><img decoding=\"async\" src=\"https:\/\/cdn.shopify.com\/s\/files\/1\/0830\/0573\/5193\/files\/product-note17pro-22.jpg?v=1706152163\" \/><img decoding=\"async\" src=\"https:\/\/cdn.shopify.com\/s\/files\/1\/0830\/0573\/5193\/files\/product-note17pro-23.jpg?v=1706152163\" \/><img decoding=\"async\" src=\"https:\/\/cdn.shopify.com\/s\/files\/1\/0830\/0573\/5193\/files\/product-note17pro-24.jpg?v=1706152163\" \/><img decoding=\"async\" src=\"https:\/\/cdn.shopify.com\/s\/files\/1\/0830\/0573\/5193\/files\/product-note17pro-25.jpg?v=1706152163\" \/><img decoding=\"async\" src=\"https:\/\/cdn.shopify.com\/s\/files\/1\/0830\/0573\/5193\/files\/product-note17pro-26.jpg?v=1706152163\" \/><img decoding=\"async\" src=\"https:\/\/cdn.shopify.com\/s\/files\/1\/0830\/0573\/5193\/files\/product-note17pro-27.jpg?v=1706152163\" \/>\u00a0<img decoding=\"async\" src=\"https:\/\/cdn.shopify.com\/s\/files\/1\/0830\/0573\/5193\/files\/product-note17pro-28.jpg?v=1706152163\" \/><img decoding=\"async\" src=\"https:\/\/cdn.shopify.com\/s\/files\/1\/0830\/0573\/5193\/files\/product-note17pro-29.jpg?v=1706152163\" \/><img decoding=\"async\" src=\"https:\/\/cdn.shopify.com\/s\/files\/1\/0830\/0573\/5193\/files\/product-note17pro-30.jpg?v=1706152163\" \/><\/p>\n<p>&nbsp;<\/p>\n","protected":false},"excerpt":{"rendered":"<p>Ulefone Note 17 Pro \u2013 naujausias, 2024 metais i\u0161leistas telefonas i\u0161 Ulefone Note\u00ae serijos. \u0160is nepriekai\u0161tingo dizaino ir vos 9 mm plonumo \u012frenginys pasi\u017eymi: 500 nit\u0173 ry\u0161kumo AMOLED ekranu, 108 MP Samsung\u00ae HM2 kamera, 256 GB vidine ir 12 GB RAM atmintimi, 33 W greituoju \u012fkrovimu bei Android 13 operacine sistema su lietuvi\u0173 kalba. Baltos [&#8230;]\n","protected":false},"featured_media":4427,"template":"","meta":[],"product_brand":[],"product_cat":[22],"product_tag":[],"class_list":{"0":"post-4433","1":"product","2":"type-product","3":"status-publish","4":"has-post-thumbnail","6":"product_cat-ulefone-telefonai","8":"first","9":"instock","10":"shipping-taxable","11":"purchasable","12":"product-type-simple"},"yoast_head":"<!-- This site is optimized with the Yoast SEO plugin v27.5 - https:\/\/yoast.com\/product\/yoast-seo-wordpress\/ -->\n<title>Ulefone Note 17 Pro - 256\/12GB, Baltas - Resolute.lt<\/title>\n<meta name=\"description\" content=\"Ulefone Note 17 Pro \u2013 naujausias, 2024 metais i\u0161leistas vandeniui ir sm\u016bgiams atsparus telefonas i\u0161 Ulefone Note\u00ae serijos.\" \/>\n<meta name=\"robots\" content=\"index, follow, max-snippet:-1, max-image-preview:large, max-video-preview:-1\" \/>\n<link rel=\"canonical\" href=\"https:\/\/resolute.lt\/index.php\/produktas\/ulefone-note-17-pro-baltas\/\" \/>\n<meta property=\"og:locale\" content=\"lt_LT\" \/>\n<meta property=\"og:type\" content=\"article\" \/>\n<meta property=\"og:title\" content=\"Ulefone Note 17 Pro - 256\/12GB, Baltas - Resolute.lt\" \/>\n<meta property=\"og:description\" content=\"Ulefone Note 17 Pro \u2013 naujausias, 2024 metais i\u0161leistas vandeniui ir sm\u016bgiams atsparus telefonas i\u0161 Ulefone Note\u00ae serijos.\" \/>\n<meta property=\"og:url\" content=\"https:\/\/resolute.lt\/index.php\/produktas\/ulefone-note-17-pro-baltas\/\" \/>\n<meta property=\"og:site_name\" content=\"Resolute.lt\" \/>\n<meta property=\"article:modified_time\" content=\"2024-05-28T14:56:15+00:00\" \/>\n<meta property=\"og:image\" content=\"https:\/\/resolute.lt\/wp-content\/uploads\/2024\/02\/1.-Ulefone-Note-17-Pro-telefonas-Baltas-256-GB-AMOLED-108-MP-Android-13-Resolute.lt_.jpg\" \/>\n\t<meta property=\"og:image:width\" content=\"950\" \/>\n\t<meta property=\"og:image:height\" content=\"950\" \/>\n\t<meta property=\"og:image:type\" content=\"image\/jpeg\" \/>\n<meta name=\"twitter:card\" content=\"summary_large_image\" \/>\n<meta name=\"twitter:label1\" content=\"Est. reading time\" \/>\n\t<meta name=\"twitter:data1\" content=\"9 minut\u0117s\" \/>\n<script type=\"application\/ld+json\" class=\"yoast-schema-graph\">{\"@context\":\"https:\\\/\\\/schema.org\",\"@graph\":[{\"@type\":\"WebPage\",\"@id\":\"https:\\\/\\\/resolute.lt\\\/index.php\\\/produktas\\\/ulefone-note-17-pro-baltas\\\/\",\"url\":\"https:\\\/\\\/resolute.lt\\\/index.php\\\/produktas\\\/ulefone-note-17-pro-baltas\\\/\",\"name\":\"Ulefone Note 17 Pro - 256\\\/12GB, Baltas - Resolute.lt\",\"isPartOf\":{\"@id\":\"https:\\\/\\\/resolute.lt\\\/#website\"},\"primaryImageOfPage\":{\"@id\":\"https:\\\/\\\/resolute.lt\\\/index.php\\\/produktas\\\/ulefone-note-17-pro-baltas\\\/#primaryimage\"},\"image\":{\"@id\":\"https:\\\/\\\/resolute.lt\\\/index.php\\\/produktas\\\/ulefone-note-17-pro-baltas\\\/#primaryimage\"},\"thumbnailUrl\":\"https:\\\/\\\/resolute.lt\\\/wp-content\\\/uploads\\\/2024\\\/02\\\/1.-Ulefone-Note-17-Pro-telefonas-Baltas-256-GB-AMOLED-108-MP-Android-13-Resolute.lt_.jpg\",\"datePublished\":\"2024-02-14T08:13:57+00:00\",\"dateModified\":\"2024-05-28T14:56:15+00:00\",\"description\":\"Ulefone Note 17 Pro \u2013 naujausias, 2024 metais i\u0161leistas vandeniui ir sm\u016bgiams atsparus telefonas i\u0161 Ulefone Note\u00ae serijos.\",\"breadcrumb\":{\"@id\":\"https:\\\/\\\/resolute.lt\\\/index.php\\\/produktas\\\/ulefone-note-17-pro-baltas\\\/#breadcrumb\"},\"inLanguage\":\"lt-LT\",\"potentialAction\":[{\"@type\":\"ReadAction\",\"target\":[\"https:\\\/\\\/resolute.lt\\\/index.php\\\/produktas\\\/ulefone-note-17-pro-baltas\\\/\"]}]},{\"@type\":\"ImageObject\",\"inLanguage\":\"lt-LT\",\"@id\":\"https:\\\/\\\/resolute.lt\\\/index.php\\\/produktas\\\/ulefone-note-17-pro-baltas\\\/#primaryimage\",\"url\":\"https:\\\/\\\/resolute.lt\\\/wp-content\\\/uploads\\\/2024\\\/02\\\/1.-Ulefone-Note-17-Pro-telefonas-Baltas-256-GB-AMOLED-108-MP-Android-13-Resolute.lt_.jpg\",\"contentUrl\":\"https:\\\/\\\/resolute.lt\\\/wp-content\\\/uploads\\\/2024\\\/02\\\/1.-Ulefone-Note-17-Pro-telefonas-Baltas-256-GB-AMOLED-108-MP-Android-13-Resolute.lt_.jpg\",\"width\":950,\"height\":950},{\"@type\":\"BreadcrumbList\",\"@id\":\"https:\\\/\\\/resolute.lt\\\/index.php\\\/produktas\\\/ulefone-note-17-pro-baltas\\\/#breadcrumb\",\"itemListElement\":[{\"@type\":\"ListItem\",\"position\":1,\"name\":\"Home\",\"item\":\"https:\\\/\\\/resolute.lt\\\/\"},{\"@type\":\"ListItem\",\"position\":2,\"name\":\"Resolute.lt\",\"item\":\"https:\\\/\\\/resolute.lt\\\/\"},{\"@type\":\"ListItem\",\"position\":3,\"name\":\"Ulefone Note 17 Pro &#8211; 256\\\/12GB, Baltas\"}]},{\"@type\":\"WebSite\",\"@id\":\"https:\\\/\\\/resolute.lt\\\/#website\",\"url\":\"https:\\\/\\\/resolute.lt\\\/\",\"name\":\"Resolute.lt\",\"description\":\"Sm\u016bgiams ir vandeniui telefonai\",\"potentialAction\":[{\"@type\":\"SearchAction\",\"target\":{\"@type\":\"EntryPoint\",\"urlTemplate\":\"https:\\\/\\\/resolute.lt\\\/?s={search_term_string}\"},\"query-input\":{\"@type\":\"PropertyValueSpecification\",\"valueRequired\":true,\"valueName\":\"search_term_string\"}}],\"inLanguage\":\"lt-LT\"}]}<\/script>\n<!-- \/ Yoast SEO plugin. -->","yoast_head_json":{"title":"Ulefone Note 17 Pro - 256\/12GB, Baltas - Resolute.lt","description":"Ulefone Note 17 Pro \u2013 naujausias, 2024 metais i\u0161leistas vandeniui ir sm\u016bgiams atsparus telefonas i\u0161 Ulefone Note\u00ae serijos.","robots":{"index":"index","follow":"follow","max-snippet":"max-snippet:-1","max-image-preview":"max-image-preview:large","max-video-preview":"max-video-preview:-1"},"canonical":"https:\/\/resolute.lt\/index.php\/produktas\/ulefone-note-17-pro-baltas\/","og_locale":"lt_LT","og_type":"article","og_title":"Ulefone Note 17 Pro - 256\/12GB, Baltas - Resolute.lt","og_description":"Ulefone Note 17 Pro \u2013 naujausias, 2024 metais i\u0161leistas vandeniui ir sm\u016bgiams atsparus telefonas i\u0161 Ulefone Note\u00ae serijos.","og_url":"https:\/\/resolute.lt\/index.php\/produktas\/ulefone-note-17-pro-baltas\/","og_site_name":"Resolute.lt","article_modified_time":"2024-05-28T14:56:15+00:00","og_image":[{"width":950,"height":950,"url":"https:\/\/resolute.lt\/wp-content\/uploads\/2024\/02\/1.-Ulefone-Note-17-Pro-telefonas-Baltas-256-GB-AMOLED-108-MP-Android-13-Resolute.lt_.jpg","type":"image\/jpeg"}],"twitter_card":"summary_large_image","twitter_misc":{"Est. reading time":"9 minut\u0117s"},"schema":{"@context":"https:\/\/schema.org","@graph":[{"@type":"WebPage","@id":"https:\/\/resolute.lt\/index.php\/produktas\/ulefone-note-17-pro-baltas\/","url":"https:\/\/resolute.lt\/index.php\/produktas\/ulefone-note-17-pro-baltas\/","name":"Ulefone Note 17 Pro - 256\/12GB, Baltas - Resolute.lt","isPartOf":{"@id":"https:\/\/resolute.lt\/#website"},"primaryImageOfPage":{"@id":"https:\/\/resolute.lt\/index.php\/produktas\/ulefone-note-17-pro-baltas\/#primaryimage"},"image":{"@id":"https:\/\/resolute.lt\/index.php\/produktas\/ulefone-note-17-pro-baltas\/#primaryimage"},"thumbnailUrl":"https:\/\/resolute.lt\/wp-content\/uploads\/2024\/02\/1.-Ulefone-Note-17-Pro-telefonas-Baltas-256-GB-AMOLED-108-MP-Android-13-Resolute.lt_.jpg","datePublished":"2024-02-14T08:13:57+00:00","dateModified":"2024-05-28T14:56:15+00:00","description":"Ulefone Note 17 Pro \u2013 naujausias, 2024 metais i\u0161leistas vandeniui ir sm\u016bgiams atsparus telefonas i\u0161 Ulefone Note\u00ae serijos.","breadcrumb":{"@id":"https:\/\/resolute.lt\/index.php\/produktas\/ulefone-note-17-pro-baltas\/#breadcrumb"},"inLanguage":"lt-LT","potentialAction":[{"@type":"ReadAction","target":["https:\/\/resolute.lt\/index.php\/produktas\/ulefone-note-17-pro-baltas\/"]}]},{"@type":"ImageObject","inLanguage":"lt-LT","@id":"https:\/\/resolute.lt\/index.php\/produktas\/ulefone-note-17-pro-baltas\/#primaryimage","url":"https:\/\/resolute.lt\/wp-content\/uploads\/2024\/02\/1.-Ulefone-Note-17-Pro-telefonas-Baltas-256-GB-AMOLED-108-MP-Android-13-Resolute.lt_.jpg","contentUrl":"https:\/\/resolute.lt\/wp-content\/uploads\/2024\/02\/1.-Ulefone-Note-17-Pro-telefonas-Baltas-256-GB-AMOLED-108-MP-Android-13-Resolute.lt_.jpg","width":950,"height":950},{"@type":"BreadcrumbList","@id":"https:\/\/resolute.lt\/index.php\/produktas\/ulefone-note-17-pro-baltas\/#breadcrumb","itemListElement":[{"@type":"ListItem","position":1,"name":"Home","item":"https:\/\/resolute.lt\/"},{"@type":"ListItem","position":2,"name":"Resolute.lt","item":"https:\/\/resolute.lt\/"},{"@type":"ListItem","position":3,"name":"Ulefone Note 17 Pro &#8211; 256\/12GB, Baltas"}]},{"@type":"WebSite","@id":"https:\/\/resolute.lt\/#website","url":"https:\/\/resolute.lt\/","name":"Resolute.lt","description":"Sm\u016bgiams ir vandeniui telefonai","potentialAction":[{"@type":"SearchAction","target":{"@type":"EntryPoint","urlTemplate":"https:\/\/resolute.lt\/?s={search_term_string}"},"query-input":{"@type":"PropertyValueSpecification","valueRequired":true,"valueName":"search_term_string"}}],"inLanguage":"lt-LT"}]}},"_links":{"self":[{"href":"https:\/\/resolute.lt\/index.php\/wp-json\/wp\/v2\/product\/4433","targetHints":{"allow":["GET"]}}],"collection":[{"href":"https:\/\/resolute.lt\/index.php\/wp-json\/wp\/v2\/product"}],"about":[{"href":"https:\/\/resolute.lt\/index.php\/wp-json\/wp\/v2\/types\/product"}],"wp:featuredmedia":[{"embeddable":true,"href":"https:\/\/resolute.lt\/index.php\/wp-json\/wp\/v2\/media\/4427"}],"wp:attachment":[{"href":"https:\/\/resolute.lt\/index.php\/wp-json\/wp\/v2\/media?parent=4433"}],"wp:term":[{"taxonomy":"product_brand","embeddable":true,"href":"https:\/\/resolute.lt\/index.php\/wp-json\/wp\/v2\/product_brand?post=4433"},{"taxonomy":"product_cat","embeddable":true,"href":"https:\/\/resolute.lt\/index.php\/wp-json\/wp\/v2\/product_cat?post=4433"},{"taxonomy":"product_tag","embeddable":true,"href":"https:\/\/resolute.lt\/index.php\/wp-json\/wp\/v2\/product_tag?post=4433"}],"curies":[{"name":"wp","href":"https:\/\/api.w.org\/{rel}","templated":true}]}}