{"id":4356,"date":"2024-01-25T19:37:06","date_gmt":"2024-01-25T19:37:06","guid":{"rendered":"https:\/\/resolute.lt\/?post_type=product&#038;p=4356"},"modified":"2024-03-19T07:46:20","modified_gmt":"2024-03-19T07:46:20","slug":"zeblaze-gts-3-pro-ismanus-laikrodis-baltas","status":"publish","type":"product","link":"https:\/\/resolute.lt\/index.php\/produktas\/zeblaze-gts-3-pro-ismanus-laikrodis-baltas\/","title":{"rendered":"Zeblaze GTS 3 Pro i\u0161manus laikrodis &#8211; Baltas"},"content":{"rendered":"<p><strong>Zeblaze GTS 3 Pro<\/strong> \u2013 naujausias Zeblaze GTS\u00ae serijos i\u0161manus laikrodis, pasi\u017eymintis ry\u0161kiu HD rai\u0161kos AMOLED ekranu bei ypa\u010d gausiomis sveikatos ir sporto progreso steb\u0117jimo funkcijomis. Baltos spalvos korpusas.<\/p>\n<p><strong><a href=\"https:\/\/www.resolute.lt\/\">RESOLUTE.LT EL. PARDUOTUV\u0116:<\/a><br \/>\n<\/strong>\u2013<strong> 5-7 d.d. pristatymas <\/strong>(apmokant banko kortele, el. bankininkyste, Paysera ar PayPal).<br \/>\n\u2013 Galimyb\u0117 atsiimti gyvai Vilniuje (kreiptis +37062296802).<br \/>\n\u2013 Tik naujos ir nei\u0161pakuotos prek\u0117s!<\/p>\n<section id=\"section_2145972809\" class=\"section\">\n<div class=\"section-content relative\">\n<div id=\"row-1175821349\" class=\"row align-center\">\n<div id=\"col-130476939\" class=\"col medium-4 small-10 large-4\">\n<div class=\"col-inner\">\n<h1><strong>Komplektacija<\/strong><\/h1>\n<\/div>\n<\/div>\n<div id=\"col-1358541524\" class=\"col medium-8 small-10 large-8\">\n<div class=\"col-inner\">\n<ul>\n<li><b>1x\u00a0\u00a0<\/b>I\u0161manus laikrodis<\/li>\n<li><strong>1x<\/strong>\u00a0 Apyrank\u0117<\/li>\n<li><b>1x\u00a0 <\/b>Magnetinis \u012fkrovimo laidas<\/li>\n<li><b>1x<\/b>\u00a0 Naudojimosi instrukcijos<\/li>\n<\/ul>\n<\/div>\n<\/div>\n<\/div>\n<div id=\"row-214715003\" class=\"row align-center\">\n<div id=\"col-883847564\" class=\"col medium-4 small-10 large-4\">\n<div class=\"col-inner\">\n<h1><strong>Bendrieji parametrai<\/strong><\/h1>\n<\/div>\n<\/div>\n<div id=\"col-35252131\" class=\"col medium-8 small-10 large-8\">\n<div class=\"col-inner\">\n<ul>\n<li><strong>Prek\u0117s tipas:<\/strong> I\u0161manieji laikrod\u017eiai<\/li>\n<li><strong>Prek\u0117s spalva:<\/strong> Balta<\/li>\n<\/ul>\n<\/div>\n<\/div>\n<\/div>\n<div id=\"row-1024473742\" class=\"row align-center\">\n<div id=\"col-1535055361\" class=\"col medium-4 small-10 large-4\">\n<div class=\"col-inner\">\n<h1><strong>Programin\u0117 \u012franga<\/strong><\/h1>\n<\/div>\n<\/div>\n<div id=\"col-1619534892\" class=\"col medium-8 small-10 large-8\">\n<div class=\"col-inner\">\n<ul>\n<li><strong>Android s\u0105saja:<\/strong> Android 5.0 ir naujesn\u0117s versijos<\/li>\n<li><strong>iOS s\u0105saja: <\/strong>iOS 10 ir naujesn\u0117s versijos<\/li>\n<li><strong>Funkcijos:<\/strong> balso skambu\u010di\u0173 valdymas, temos, veikl\u0173 sekimas, sporto re\u017eimai (100+), Hi-Fi Bluetooth skambu\u010diai, balso asistentas neprisijungus ir kitos<\/li>\n<li><strong>Sveikatos steb\u0117jimas: <\/strong>pulso matuoklis, SpO2 deguonies kraujyje matuoklis, kv\u0117pavimo treniravimas, miego kokyb\u0117s sekimas, menstruacij\u0173 ciklo sekimas<\/li>\n<li><strong>Aplikacija i\u0161maniam telefonui:<\/strong> FitCloudPro<\/li>\n<\/ul>\n<\/div>\n<\/div>\n<\/div>\n<div id=\"row-307646383\" class=\"row align-center\">\n<div id=\"col-1651260670\" class=\"col medium-4 small-10 large-4\">\n<div class=\"col-inner\">\n<h1><strong>Ekranas<\/strong><\/h1>\n<\/div>\n<\/div>\n<div id=\"col-999120238\" class=\"col medium-8 small-10 large-8\">\n<div class=\"col-inner\">\n<ul>\n<li><strong>Dydis:<\/strong> 1,97\u2033<\/li>\n<li><strong>Rai\u0161ka:<\/strong> 505 x 415<\/li>\n<li><strong>PPI (pikseliai per col\u012f):<\/strong> 330<\/li>\n<li><strong>Ry\u0161kumas:<\/strong> 1000 nit\u0173<\/li>\n<li><strong>Tipas:<\/strong> AMOLED<\/li>\n<li><strong>Always-on Display:<\/strong> Taip<\/li>\n<\/ul>\n<\/div>\n<\/div>\n<\/div>\n<div id=\"row-693316153\" class=\"row align-center\">\n<div id=\"col-1853202518\" class=\"col medium-4 small-10 large-4\">\n<div class=\"col-inner\">\n<h1><strong>Sensoriai ir komunikacija<\/strong><\/h1>\n<\/div>\n<\/div>\n<div id=\"col-341096956\" class=\"col medium-8 small-10 large-8\">\n<div class=\"col-inner\">\n<ul>\n<li><strong>Jud\u0117jimo sensoriai:<\/strong> Taip (3 a\u0161i\u0173 akselerometras, 3 a\u0161i\u0173 giroskopas)<\/li>\n<li><strong>Biometrinis sensorius: <\/strong>Taip<\/li>\n<li><strong>Bluetooth s\u0105saja:<\/strong> Taip<\/li>\n<li><strong>Bluetooth versija:<\/strong> 5.2<\/li>\n<\/ul>\n<\/div>\n<\/div>\n<\/div>\n<div id=\"row-46018524\" class=\"row align-center\">\n<div id=\"col-1418837096\" class=\"col medium-4 small-10 large-4\">\n<div class=\"col-inner\">\n<h1><strong>Baterija<\/strong><\/h1>\n<\/div>\n<\/div>\n<div id=\"col-1976749272\" class=\"col medium-8 small-10 large-8\">\n<div class=\"col-inner\">\n<ul>\n<li><strong>Baterijos talpa: <\/strong>260\u00a0mAh<\/li>\n<li><strong>\u012ekrovimo laikas: <\/strong>Apie 1 val 30 min<\/li>\n<li><strong>Standartinio naudojimo laikas:<\/strong> 15 dien\u0173<\/li>\n<li><strong>Baterijos taupymo re\u017eimo naudojimo laikas: <\/strong>30 dien\u0173<\/li>\n<li><strong>Gausaus naudojimo laikas: <\/strong>7 dienos<\/li>\n<li><strong>Balso skambu\u010di\u0173 laikas:<\/strong> iki 6 valand\u0173<\/li>\n<\/ul>\n<\/div>\n<\/div>\n<\/div>\n<div id=\"row-1009664519\" class=\"row align-center\">\n<div id=\"col-477520799\" class=\"col medium-4 small-10 large-4\">\n<div class=\"col-inner\">\n<h1><b>Matmenys ir svoris<\/b><\/h1>\n<\/div>\n<\/div>\n<div id=\"col-1429020984\" class=\"col medium-8 small-10 large-8\">\n<div class=\"col-inner\">\n<ul>\n<li><strong>Rie\u0161o apimtis:<\/strong> 13 &#8211; 23,5 cm<\/li>\n<li><strong>Svoris:<\/strong> 38,5 g<\/li>\n<li><strong>Storis:<\/strong> 10,5 mm (be \u0161irdies rodmen\u0173 matuoklio)<\/li>\n<li><strong>Plotis:<\/strong> 22 mm<\/li>\n<\/ul>\n<\/div>\n<\/div>\n<\/div>\n<div id=\"row-468646911\" class=\"row align-center\">\n<div id=\"col-1185701877\" class=\"col medium-4 small-10 large-4\">\n<div class=\"col-inner\">\n<h1><strong>Papildomi duomenys<\/strong><\/h1>\n<\/div>\n<\/div>\n<div id=\"col-1424211009\" class=\"col medium-8 small-10 large-8\">\n<div class=\"col-inner\">\n<ul>\n<li>I\u0161leidimo data: 2023 m. gruodis<\/li>\n<\/ul>\n<\/div>\n<\/div>\n<\/div>\n<\/div>\n<\/section>\n<p><img loading=\"lazy\" decoding=\"async\" class=\"alignnone size-full wp-image-4350\" src=\"https:\/\/resolute.lt\/wp-content\/uploads\/2024\/01\/7.-Zblaze-GTS-3-Pro-ismanus-laikrodis-Atsparus-vandeniui-Resolute.lt_.jpg\" alt=\"\" width=\"1600\" height=\"1600\" srcset=\"https:\/\/resolute.lt\/wp-content\/uploads\/2024\/01\/7.-Zblaze-GTS-3-Pro-ismanus-laikrodis-Atsparus-vandeniui-Resolute.lt_.jpg 1600w, https:\/\/resolute.lt\/wp-content\/uploads\/2024\/01\/7.-Zblaze-GTS-3-Pro-ismanus-laikrodis-Atsparus-vandeniui-Resolute.lt_-300x300.jpg 300w, https:\/\/resolute.lt\/wp-content\/uploads\/2024\/01\/7.-Zblaze-GTS-3-Pro-ismanus-laikrodis-Atsparus-vandeniui-Resolute.lt_-1024x1024.jpg 1024w, https:\/\/resolute.lt\/wp-content\/uploads\/2024\/01\/7.-Zblaze-GTS-3-Pro-ismanus-laikrodis-Atsparus-vandeniui-Resolute.lt_-150x150.jpg 150w, https:\/\/resolute.lt\/wp-content\/uploads\/2024\/01\/7.-Zblaze-GTS-3-Pro-ismanus-laikrodis-Atsparus-vandeniui-Resolute.lt_-768x768.jpg 768w, https:\/\/resolute.lt\/wp-content\/uploads\/2024\/01\/7.-Zblaze-GTS-3-Pro-ismanus-laikrodis-Atsparus-vandeniui-Resolute.lt_-1536x1536.jpg 1536w, https:\/\/resolute.lt\/wp-content\/uploads\/2024\/01\/7.-Zblaze-GTS-3-Pro-ismanus-laikrodis-Atsparus-vandeniui-Resolute.lt_-247x247.jpg 247w, https:\/\/resolute.lt\/wp-content\/uploads\/2024\/01\/7.-Zblaze-GTS-3-Pro-ismanus-laikrodis-Atsparus-vandeniui-Resolute.lt_-510x510.jpg 510w, https:\/\/resolute.lt\/wp-content\/uploads\/2024\/01\/7.-Zblaze-GTS-3-Pro-ismanus-laikrodis-Atsparus-vandeniui-Resolute.lt_-100x100.jpg 100w\" sizes=\"auto, (max-width: 1600px) 100vw, 1600px\" \/> <img loading=\"lazy\" decoding=\"async\" class=\"alignnone size-full wp-image-4351\" src=\"https:\/\/resolute.lt\/wp-content\/uploads\/2024\/01\/8.-Zblaze-GTS-3-Pro-ismanus-laikrodis-Atsparus-vandeniui-Resolute.lt_.jpg\" alt=\"\" width=\"1600\" height=\"1600\" srcset=\"https:\/\/resolute.lt\/wp-content\/uploads\/2024\/01\/8.-Zblaze-GTS-3-Pro-ismanus-laikrodis-Atsparus-vandeniui-Resolute.lt_.jpg 1600w, https:\/\/resolute.lt\/wp-content\/uploads\/2024\/01\/8.-Zblaze-GTS-3-Pro-ismanus-laikrodis-Atsparus-vandeniui-Resolute.lt_-300x300.jpg 300w, https:\/\/resolute.lt\/wp-content\/uploads\/2024\/01\/8.-Zblaze-GTS-3-Pro-ismanus-laikrodis-Atsparus-vandeniui-Resolute.lt_-1024x1024.jpg 1024w, https:\/\/resolute.lt\/wp-content\/uploads\/2024\/01\/8.-Zblaze-GTS-3-Pro-ismanus-laikrodis-Atsparus-vandeniui-Resolute.lt_-150x150.jpg 150w, https:\/\/resolute.lt\/wp-content\/uploads\/2024\/01\/8.-Zblaze-GTS-3-Pro-ismanus-laikrodis-Atsparus-vandeniui-Resolute.lt_-768x768.jpg 768w, https:\/\/resolute.lt\/wp-content\/uploads\/2024\/01\/8.-Zblaze-GTS-3-Pro-ismanus-laikrodis-Atsparus-vandeniui-Resolute.lt_-1536x1536.jpg 1536w, https:\/\/resolute.lt\/wp-content\/uploads\/2024\/01\/8.-Zblaze-GTS-3-Pro-ismanus-laikrodis-Atsparus-vandeniui-Resolute.lt_-247x247.jpg 247w, https:\/\/resolute.lt\/wp-content\/uploads\/2024\/01\/8.-Zblaze-GTS-3-Pro-ismanus-laikrodis-Atsparus-vandeniui-Resolute.lt_-510x510.jpg 510w, https:\/\/resolute.lt\/wp-content\/uploads\/2024\/01\/8.-Zblaze-GTS-3-Pro-ismanus-laikrodis-Atsparus-vandeniui-Resolute.lt_-100x100.jpg 100w\" sizes=\"auto, (max-width: 1600px) 100vw, 1600px\" \/> <img loading=\"lazy\" decoding=\"async\" class=\"alignnone size-full wp-image-4352\" src=\"https:\/\/resolute.lt\/wp-content\/uploads\/2024\/01\/9.-Zblaze-GTS-3-Pro-ismanus-laikrodis-Atsparus-vandeniui-Resolute.lt_.jpg\" alt=\"\" width=\"1600\" height=\"1600\" srcset=\"https:\/\/resolute.lt\/wp-content\/uploads\/2024\/01\/9.-Zblaze-GTS-3-Pro-ismanus-laikrodis-Atsparus-vandeniui-Resolute.lt_.jpg 1600w, https:\/\/resolute.lt\/wp-content\/uploads\/2024\/01\/9.-Zblaze-GTS-3-Pro-ismanus-laikrodis-Atsparus-vandeniui-Resolute.lt_-300x300.jpg 300w, https:\/\/resolute.lt\/wp-content\/uploads\/2024\/01\/9.-Zblaze-GTS-3-Pro-ismanus-laikrodis-Atsparus-vandeniui-Resolute.lt_-1024x1024.jpg 1024w, https:\/\/resolute.lt\/wp-content\/uploads\/2024\/01\/9.-Zblaze-GTS-3-Pro-ismanus-laikrodis-Atsparus-vandeniui-Resolute.lt_-150x150.jpg 150w, https:\/\/resolute.lt\/wp-content\/uploads\/2024\/01\/9.-Zblaze-GTS-3-Pro-ismanus-laikrodis-Atsparus-vandeniui-Resolute.lt_-768x768.jpg 768w, https:\/\/resolute.lt\/wp-content\/uploads\/2024\/01\/9.-Zblaze-GTS-3-Pro-ismanus-laikrodis-Atsparus-vandeniui-Resolute.lt_-1536x1536.jpg 1536w, https:\/\/resolute.lt\/wp-content\/uploads\/2024\/01\/9.-Zblaze-GTS-3-Pro-ismanus-laikrodis-Atsparus-vandeniui-Resolute.lt_-247x247.jpg 247w, https:\/\/resolute.lt\/wp-content\/uploads\/2024\/01\/9.-Zblaze-GTS-3-Pro-ismanus-laikrodis-Atsparus-vandeniui-Resolute.lt_-510x510.jpg 510w, https:\/\/resolute.lt\/wp-content\/uploads\/2024\/01\/9.-Zblaze-GTS-3-Pro-ismanus-laikrodis-Atsparus-vandeniui-Resolute.lt_-100x100.jpg 100w\" sizes=\"auto, (max-width: 1600px) 100vw, 1600px\" \/> <img loading=\"lazy\" decoding=\"async\" class=\"alignnone size-full wp-image-4353\" src=\"https:\/\/resolute.lt\/wp-content\/uploads\/2024\/01\/10.-Zblaze-GTS-3-Pro-ismanus-laikrodis-Atsparus-vandeniui-Resolute.lt_.jpg\" alt=\"\" width=\"1600\" height=\"1600\" srcset=\"https:\/\/resolute.lt\/wp-content\/uploads\/2024\/01\/10.-Zblaze-GTS-3-Pro-ismanus-laikrodis-Atsparus-vandeniui-Resolute.lt_.jpg 1600w, https:\/\/resolute.lt\/wp-content\/uploads\/2024\/01\/10.-Zblaze-GTS-3-Pro-ismanus-laikrodis-Atsparus-vandeniui-Resolute.lt_-300x300.jpg 300w, https:\/\/resolute.lt\/wp-content\/uploads\/2024\/01\/10.-Zblaze-GTS-3-Pro-ismanus-laikrodis-Atsparus-vandeniui-Resolute.lt_-1024x1024.jpg 1024w, https:\/\/resolute.lt\/wp-content\/uploads\/2024\/01\/10.-Zblaze-GTS-3-Pro-ismanus-laikrodis-Atsparus-vandeniui-Resolute.lt_-150x150.jpg 150w, https:\/\/resolute.lt\/wp-content\/uploads\/2024\/01\/10.-Zblaze-GTS-3-Pro-ismanus-laikrodis-Atsparus-vandeniui-Resolute.lt_-768x768.jpg 768w, https:\/\/resolute.lt\/wp-content\/uploads\/2024\/01\/10.-Zblaze-GTS-3-Pro-ismanus-laikrodis-Atsparus-vandeniui-Resolute.lt_-1536x1536.jpg 1536w, https:\/\/resolute.lt\/wp-content\/uploads\/2024\/01\/10.-Zblaze-GTS-3-Pro-ismanus-laikrodis-Atsparus-vandeniui-Resolute.lt_-247x247.jpg 247w, https:\/\/resolute.lt\/wp-content\/uploads\/2024\/01\/10.-Zblaze-GTS-3-Pro-ismanus-laikrodis-Atsparus-vandeniui-Resolute.lt_-510x510.jpg 510w, https:\/\/resolute.lt\/wp-content\/uploads\/2024\/01\/10.-Zblaze-GTS-3-Pro-ismanus-laikrodis-Atsparus-vandeniui-Resolute.lt_-100x100.jpg 100w\" sizes=\"auto, (max-width: 1600px) 100vw, 1600px\" \/> <img loading=\"lazy\" decoding=\"async\" class=\"alignnone size-full wp-image-4354\" src=\"https:\/\/resolute.lt\/wp-content\/uploads\/2024\/01\/11.-Zblaze-GTS-3-Pro-ismanus-laikrodis-Atsparus-vandeniui-Resolute.lt_.jpg\" alt=\"\" width=\"1600\" height=\"1600\" srcset=\"https:\/\/resolute.lt\/wp-content\/uploads\/2024\/01\/11.-Zblaze-GTS-3-Pro-ismanus-laikrodis-Atsparus-vandeniui-Resolute.lt_.jpg 1600w, https:\/\/resolute.lt\/wp-content\/uploads\/2024\/01\/11.-Zblaze-GTS-3-Pro-ismanus-laikrodis-Atsparus-vandeniui-Resolute.lt_-300x300.jpg 300w, https:\/\/resolute.lt\/wp-content\/uploads\/2024\/01\/11.-Zblaze-GTS-3-Pro-ismanus-laikrodis-Atsparus-vandeniui-Resolute.lt_-1024x1024.jpg 1024w, https:\/\/resolute.lt\/wp-content\/uploads\/2024\/01\/11.-Zblaze-GTS-3-Pro-ismanus-laikrodis-Atsparus-vandeniui-Resolute.lt_-150x150.jpg 150w, https:\/\/resolute.lt\/wp-content\/uploads\/2024\/01\/11.-Zblaze-GTS-3-Pro-ismanus-laikrodis-Atsparus-vandeniui-Resolute.lt_-768x768.jpg 768w, https:\/\/resolute.lt\/wp-content\/uploads\/2024\/01\/11.-Zblaze-GTS-3-Pro-ismanus-laikrodis-Atsparus-vandeniui-Resolute.lt_-1536x1536.jpg 1536w, https:\/\/resolute.lt\/wp-content\/uploads\/2024\/01\/11.-Zblaze-GTS-3-Pro-ismanus-laikrodis-Atsparus-vandeniui-Resolute.lt_-247x247.jpg 247w, https:\/\/resolute.lt\/wp-content\/uploads\/2024\/01\/11.-Zblaze-GTS-3-Pro-ismanus-laikrodis-Atsparus-vandeniui-Resolute.lt_-510x510.jpg 510w, https:\/\/resolute.lt\/wp-content\/uploads\/2024\/01\/11.-Zblaze-GTS-3-Pro-ismanus-laikrodis-Atsparus-vandeniui-Resolute.lt_-100x100.jpg 100w\" sizes=\"auto, (max-width: 1600px) 100vw, 1600px\" \/> <img loading=\"lazy\" decoding=\"async\" class=\"alignnone size-full wp-image-4355\" src=\"https:\/\/resolute.lt\/wp-content\/uploads\/2024\/01\/12.-Zblaze-GTS-3-Pro-ismanus-laikrodis-Atsparus-vandeniui-Resolute.lt_.jpg\" alt=\"\" width=\"1600\" height=\"1600\" srcset=\"https:\/\/resolute.lt\/wp-content\/uploads\/2024\/01\/12.-Zblaze-GTS-3-Pro-ismanus-laikrodis-Atsparus-vandeniui-Resolute.lt_.jpg 1600w, https:\/\/resolute.lt\/wp-content\/uploads\/2024\/01\/12.-Zblaze-GTS-3-Pro-ismanus-laikrodis-Atsparus-vandeniui-Resolute.lt_-300x300.jpg 300w, https:\/\/resolute.lt\/wp-content\/uploads\/2024\/01\/12.-Zblaze-GTS-3-Pro-ismanus-laikrodis-Atsparus-vandeniui-Resolute.lt_-1024x1024.jpg 1024w, https:\/\/resolute.lt\/wp-content\/uploads\/2024\/01\/12.-Zblaze-GTS-3-Pro-ismanus-laikrodis-Atsparus-vandeniui-Resolute.lt_-150x150.jpg 150w, https:\/\/resolute.lt\/wp-content\/uploads\/2024\/01\/12.-Zblaze-GTS-3-Pro-ismanus-laikrodis-Atsparus-vandeniui-Resolute.lt_-768x768.jpg 768w, https:\/\/resolute.lt\/wp-content\/uploads\/2024\/01\/12.-Zblaze-GTS-3-Pro-ismanus-laikrodis-Atsparus-vandeniui-Resolute.lt_-1536x1536.jpg 1536w, https:\/\/resolute.lt\/wp-content\/uploads\/2024\/01\/12.-Zblaze-GTS-3-Pro-ismanus-laikrodis-Atsparus-vandeniui-Resolute.lt_-247x247.jpg 247w, https:\/\/resolute.lt\/wp-content\/uploads\/2024\/01\/12.-Zblaze-GTS-3-Pro-ismanus-laikrodis-Atsparus-vandeniui-Resolute.lt_-510x510.jpg 510w, https:\/\/resolute.lt\/wp-content\/uploads\/2024\/01\/12.-Zblaze-GTS-3-Pro-ismanus-laikrodis-Atsparus-vandeniui-Resolute.lt_-100x100.jpg 100w\" sizes=\"auto, (max-width: 1600px) 100vw, 1600px\" \/><\/p>\n<div class=\"col-inner\">\n<p>&nbsp;<\/p>\n<\/div>\n","protected":false},"excerpt":{"rendered":"<p>Zeblaze GTS 3 Pro \u2013 naujausias Zeblaze GTS\u00ae serijos i\u0161manus laikrodis, pasi\u017eymintis ry\u0161kiu HD rai\u0161kos AMOLED ekranu bei ypa\u010d gausiomis sveikatos ir sporto progreso steb\u0117jimo funkcijomis. Baltos spalvos korpusas. RESOLUTE.LT EL. PARDUOTUV\u0116: \u2013 5-7 d.d. pristatymas (apmokant banko kortele, el. bankininkyste, Paysera ar PayPal). \u2013 Galimyb\u0117 atsiimti gyvai Vilniuje (kreiptis +37062296802). \u2013 Tik naujos ir [&#8230;]\n","protected":false},"featured_media":4337,"template":"","meta":[],"product_brand":[],"product_cat":[52],"product_tag":[],"class_list":{"0":"post-4356","1":"product","2":"type-product","3":"status-publish","4":"has-post-thumbnail","6":"product_cat-ismanieji-laikrodziai","8":"first","9":"instock","10":"shipping-taxable","11":"purchasable","12":"product-type-simple"},"yoast_head":"<!-- This site is optimized with the Yoast SEO plugin v27.4 - https:\/\/yoast.com\/product\/yoast-seo-wordpress\/ -->\n<title>Zeblaze GTS 3 Pro i\u0161manus laikrodis - Baltas - Resolute.lt<\/title>\n<meta name=\"description\" content=\"Zeblaze GTS 3 Pro \u2013 naujausias GTS\u00ae serijos i\u0161manus laikrodis su ry\u0161kiu HD rai\u0161kos AMOLED ekranu bei gausiomis sveikatos ir sporto progreso steb\u0117jimo funkcijomis.\" \/>\n<meta name=\"robots\" content=\"index, follow, max-snippet:-1, max-image-preview:large, max-video-preview:-1\" \/>\n<link rel=\"canonical\" href=\"https:\/\/resolute.lt\/index.php\/produktas\/zeblaze-gts-3-pro-ismanus-laikrodis-baltas\/\" \/>\n<meta property=\"og:locale\" content=\"lt_LT\" \/>\n<meta property=\"og:type\" content=\"article\" \/>\n<meta property=\"og:title\" content=\"Zeblaze GTS 3 Pro i\u0161manus laikrodis - Baltas - Resolute.lt\" \/>\n<meta property=\"og:description\" content=\"Zeblaze GTS 3 Pro \u2013 naujausias GTS\u00ae serijos i\u0161manus laikrodis su ry\u0161kiu HD rai\u0161kos AMOLED ekranu bei gausiomis sveikatos ir sporto progreso steb\u0117jimo funkcijomis.\" \/>\n<meta property=\"og:url\" content=\"https:\/\/resolute.lt\/index.php\/produktas\/zeblaze-gts-3-pro-ismanus-laikrodis-baltas\/\" \/>\n<meta property=\"og:site_name\" content=\"Resolute.lt\" \/>\n<meta property=\"article:modified_time\" content=\"2024-03-19T07:46:20+00:00\" \/>\n<meta property=\"og:image\" content=\"https:\/\/resolute.lt\/wp-content\/uploads\/2024\/01\/1.-Zblaze-GTS-3-Pro-ismanus-laikrodis-Baltas-Atsparus-vandeniui-Resolute.lt_.jpg\" \/>\n\t<meta property=\"og:image:width\" content=\"750\" \/>\n\t<meta property=\"og:image:height\" content=\"750\" \/>\n\t<meta property=\"og:image:type\" content=\"image\/jpeg\" \/>\n<meta name=\"twitter:card\" content=\"summary_large_image\" \/>\n<meta name=\"twitter:label1\" content=\"Est. reading time\" \/>\n\t<meta name=\"twitter:data1\" content=\"3 minut\u0117s\" \/>\n<script type=\"application\/ld+json\" class=\"yoast-schema-graph\">{\"@context\":\"https:\\\/\\\/schema.org\",\"@graph\":[{\"@type\":\"WebPage\",\"@id\":\"https:\\\/\\\/resolute.lt\\\/index.php\\\/produktas\\\/zeblaze-gts-3-pro-ismanus-laikrodis-baltas\\\/\",\"url\":\"https:\\\/\\\/resolute.lt\\\/index.php\\\/produktas\\\/zeblaze-gts-3-pro-ismanus-laikrodis-baltas\\\/\",\"name\":\"Zeblaze GTS 3 Pro i\u0161manus laikrodis - Baltas - Resolute.lt\",\"isPartOf\":{\"@id\":\"https:\\\/\\\/resolute.lt\\\/#website\"},\"primaryImageOfPage\":{\"@id\":\"https:\\\/\\\/resolute.lt\\\/index.php\\\/produktas\\\/zeblaze-gts-3-pro-ismanus-laikrodis-baltas\\\/#primaryimage\"},\"image\":{\"@id\":\"https:\\\/\\\/resolute.lt\\\/index.php\\\/produktas\\\/zeblaze-gts-3-pro-ismanus-laikrodis-baltas\\\/#primaryimage\"},\"thumbnailUrl\":\"https:\\\/\\\/resolute.lt\\\/wp-content\\\/uploads\\\/2024\\\/01\\\/1.-Zblaze-GTS-3-Pro-ismanus-laikrodis-Baltas-Atsparus-vandeniui-Resolute.lt_.jpg\",\"datePublished\":\"2024-01-25T19:37:06+00:00\",\"dateModified\":\"2024-03-19T07:46:20+00:00\",\"description\":\"Zeblaze GTS 3 Pro \u2013 naujausias GTS\u00ae serijos i\u0161manus laikrodis su ry\u0161kiu HD rai\u0161kos AMOLED ekranu bei gausiomis sveikatos ir sporto progreso steb\u0117jimo funkcijomis.\",\"breadcrumb\":{\"@id\":\"https:\\\/\\\/resolute.lt\\\/index.php\\\/produktas\\\/zeblaze-gts-3-pro-ismanus-laikrodis-baltas\\\/#breadcrumb\"},\"inLanguage\":\"lt-LT\",\"potentialAction\":[{\"@type\":\"ReadAction\",\"target\":[\"https:\\\/\\\/resolute.lt\\\/index.php\\\/produktas\\\/zeblaze-gts-3-pro-ismanus-laikrodis-baltas\\\/\"]}]},{\"@type\":\"ImageObject\",\"inLanguage\":\"lt-LT\",\"@id\":\"https:\\\/\\\/resolute.lt\\\/index.php\\\/produktas\\\/zeblaze-gts-3-pro-ismanus-laikrodis-baltas\\\/#primaryimage\",\"url\":\"https:\\\/\\\/resolute.lt\\\/wp-content\\\/uploads\\\/2024\\\/01\\\/1.-Zblaze-GTS-3-Pro-ismanus-laikrodis-Baltas-Atsparus-vandeniui-Resolute.lt_.jpg\",\"contentUrl\":\"https:\\\/\\\/resolute.lt\\\/wp-content\\\/uploads\\\/2024\\\/01\\\/1.-Zblaze-GTS-3-Pro-ismanus-laikrodis-Baltas-Atsparus-vandeniui-Resolute.lt_.jpg\",\"width\":750,\"height\":750},{\"@type\":\"BreadcrumbList\",\"@id\":\"https:\\\/\\\/resolute.lt\\\/index.php\\\/produktas\\\/zeblaze-gts-3-pro-ismanus-laikrodis-baltas\\\/#breadcrumb\",\"itemListElement\":[{\"@type\":\"ListItem\",\"position\":1,\"name\":\"Home\",\"item\":\"https:\\\/\\\/resolute.lt\\\/\"},{\"@type\":\"ListItem\",\"position\":2,\"name\":\"Resolute.lt\",\"item\":\"https:\\\/\\\/resolute.lt\\\/\"},{\"@type\":\"ListItem\",\"position\":3,\"name\":\"Zeblaze GTS 3 Pro i\u0161manus laikrodis &#8211; Baltas\"}]},{\"@type\":\"WebSite\",\"@id\":\"https:\\\/\\\/resolute.lt\\\/#website\",\"url\":\"https:\\\/\\\/resolute.lt\\\/\",\"name\":\"Resolute.lt\",\"description\":\"Sm\u016bgiams ir vandeniui telefonai\",\"potentialAction\":[{\"@type\":\"SearchAction\",\"target\":{\"@type\":\"EntryPoint\",\"urlTemplate\":\"https:\\\/\\\/resolute.lt\\\/?s={search_term_string}\"},\"query-input\":{\"@type\":\"PropertyValueSpecification\",\"valueRequired\":true,\"valueName\":\"search_term_string\"}}],\"inLanguage\":\"lt-LT\"}]}<\/script>\n<!-- \/ Yoast SEO plugin. -->","yoast_head_json":{"title":"Zeblaze GTS 3 Pro i\u0161manus laikrodis - Baltas - Resolute.lt","description":"Zeblaze GTS 3 Pro \u2013 naujausias GTS\u00ae serijos i\u0161manus laikrodis su ry\u0161kiu HD rai\u0161kos AMOLED ekranu bei gausiomis sveikatos ir sporto progreso steb\u0117jimo funkcijomis.","robots":{"index":"index","follow":"follow","max-snippet":"max-snippet:-1","max-image-preview":"max-image-preview:large","max-video-preview":"max-video-preview:-1"},"canonical":"https:\/\/resolute.lt\/index.php\/produktas\/zeblaze-gts-3-pro-ismanus-laikrodis-baltas\/","og_locale":"lt_LT","og_type":"article","og_title":"Zeblaze GTS 3 Pro i\u0161manus laikrodis - Baltas - Resolute.lt","og_description":"Zeblaze GTS 3 Pro \u2013 naujausias GTS\u00ae serijos i\u0161manus laikrodis su ry\u0161kiu HD rai\u0161kos AMOLED ekranu bei gausiomis sveikatos ir sporto progreso steb\u0117jimo funkcijomis.","og_url":"https:\/\/resolute.lt\/index.php\/produktas\/zeblaze-gts-3-pro-ismanus-laikrodis-baltas\/","og_site_name":"Resolute.lt","article_modified_time":"2024-03-19T07:46:20+00:00","og_image":[{"width":750,"height":750,"url":"https:\/\/resolute.lt\/wp-content\/uploads\/2024\/01\/1.-Zblaze-GTS-3-Pro-ismanus-laikrodis-Baltas-Atsparus-vandeniui-Resolute.lt_.jpg","type":"image\/jpeg"}],"twitter_card":"summary_large_image","twitter_misc":{"Est. reading time":"3 minut\u0117s"},"schema":{"@context":"https:\/\/schema.org","@graph":[{"@type":"WebPage","@id":"https:\/\/resolute.lt\/index.php\/produktas\/zeblaze-gts-3-pro-ismanus-laikrodis-baltas\/","url":"https:\/\/resolute.lt\/index.php\/produktas\/zeblaze-gts-3-pro-ismanus-laikrodis-baltas\/","name":"Zeblaze GTS 3 Pro i\u0161manus laikrodis - Baltas - Resolute.lt","isPartOf":{"@id":"https:\/\/resolute.lt\/#website"},"primaryImageOfPage":{"@id":"https:\/\/resolute.lt\/index.php\/produktas\/zeblaze-gts-3-pro-ismanus-laikrodis-baltas\/#primaryimage"},"image":{"@id":"https:\/\/resolute.lt\/index.php\/produktas\/zeblaze-gts-3-pro-ismanus-laikrodis-baltas\/#primaryimage"},"thumbnailUrl":"https:\/\/resolute.lt\/wp-content\/uploads\/2024\/01\/1.-Zblaze-GTS-3-Pro-ismanus-laikrodis-Baltas-Atsparus-vandeniui-Resolute.lt_.jpg","datePublished":"2024-01-25T19:37:06+00:00","dateModified":"2024-03-19T07:46:20+00:00","description":"Zeblaze GTS 3 Pro \u2013 naujausias GTS\u00ae serijos i\u0161manus laikrodis su ry\u0161kiu HD rai\u0161kos AMOLED ekranu bei gausiomis sveikatos ir sporto progreso steb\u0117jimo funkcijomis.","breadcrumb":{"@id":"https:\/\/resolute.lt\/index.php\/produktas\/zeblaze-gts-3-pro-ismanus-laikrodis-baltas\/#breadcrumb"},"inLanguage":"lt-LT","potentialAction":[{"@type":"ReadAction","target":["https:\/\/resolute.lt\/index.php\/produktas\/zeblaze-gts-3-pro-ismanus-laikrodis-baltas\/"]}]},{"@type":"ImageObject","inLanguage":"lt-LT","@id":"https:\/\/resolute.lt\/index.php\/produktas\/zeblaze-gts-3-pro-ismanus-laikrodis-baltas\/#primaryimage","url":"https:\/\/resolute.lt\/wp-content\/uploads\/2024\/01\/1.-Zblaze-GTS-3-Pro-ismanus-laikrodis-Baltas-Atsparus-vandeniui-Resolute.lt_.jpg","contentUrl":"https:\/\/resolute.lt\/wp-content\/uploads\/2024\/01\/1.-Zblaze-GTS-3-Pro-ismanus-laikrodis-Baltas-Atsparus-vandeniui-Resolute.lt_.jpg","width":750,"height":750},{"@type":"BreadcrumbList","@id":"https:\/\/resolute.lt\/index.php\/produktas\/zeblaze-gts-3-pro-ismanus-laikrodis-baltas\/#breadcrumb","itemListElement":[{"@type":"ListItem","position":1,"name":"Home","item":"https:\/\/resolute.lt\/"},{"@type":"ListItem","position":2,"name":"Resolute.lt","item":"https:\/\/resolute.lt\/"},{"@type":"ListItem","position":3,"name":"Zeblaze GTS 3 Pro i\u0161manus laikrodis &#8211; Baltas"}]},{"@type":"WebSite","@id":"https:\/\/resolute.lt\/#website","url":"https:\/\/resolute.lt\/","name":"Resolute.lt","description":"Sm\u016bgiams ir vandeniui telefonai","potentialAction":[{"@type":"SearchAction","target":{"@type":"EntryPoint","urlTemplate":"https:\/\/resolute.lt\/?s={search_term_string}"},"query-input":{"@type":"PropertyValueSpecification","valueRequired":true,"valueName":"search_term_string"}}],"inLanguage":"lt-LT"}]}},"_links":{"self":[{"href":"https:\/\/resolute.lt\/index.php\/wp-json\/wp\/v2\/product\/4356","targetHints":{"allow":["GET"]}}],"collection":[{"href":"https:\/\/resolute.lt\/index.php\/wp-json\/wp\/v2\/product"}],"about":[{"href":"https:\/\/resolute.lt\/index.php\/wp-json\/wp\/v2\/types\/product"}],"wp:featuredmedia":[{"embeddable":true,"href":"https:\/\/resolute.lt\/index.php\/wp-json\/wp\/v2\/media\/4337"}],"wp:attachment":[{"href":"https:\/\/resolute.lt\/index.php\/wp-json\/wp\/v2\/media?parent=4356"}],"wp:term":[{"taxonomy":"product_brand","embeddable":true,"href":"https:\/\/resolute.lt\/index.php\/wp-json\/wp\/v2\/product_brand?post=4356"},{"taxonomy":"product_cat","embeddable":true,"href":"https:\/\/resolute.lt\/index.php\/wp-json\/wp\/v2\/product_cat?post=4356"},{"taxonomy":"product_tag","embeddable":true,"href":"https:\/\/resolute.lt\/index.php\/wp-json\/wp\/v2\/product_tag?post=4356"}],"curies":[{"name":"wp","href":"https:\/\/api.w.org\/{rel}","templated":true}]}}