{"id":4228,"date":"2023-12-18T09:27:00","date_gmt":"2023-12-18T09:27:00","guid":{"rendered":"https:\/\/resolute.lt\/?post_type=product&#038;p=4228"},"modified":"2026-04-09T19:37:10","modified_gmt":"2026-04-09T19:37:10","slug":"ulefone-power-armor-18t-ultra","status":"publish","type":"product","link":"https:\/\/resolute.lt\/index.php\/produktas\/ulefone-power-armor-18t-ultra\/","title":{"rendered":"Ulefone Power Armor 18T Ultra &#8211; 5G, 512\/12GB, Juodas"},"content":{"rendered":"<p><strong>Ulefone Power Armor 18T Ultra<\/strong> \u2013 auk\u0161\u010diausios klas\u0117s vandeniui ir sm\u016bgiams atsparus telefonas su rinkoje lyderiaujan\u010diu <strong>FLIR\u00ae Lepton 3.5 termovizoriumi ir 5G ry\u0161iu<\/strong>. \u012erenginys taip pat stebina nepranokstama 108 MP Samsung\u00ae HM2 kamera, 512 GB vidine ir 12 GB RAM + 12 GB VirtualRAM atmintimi, Dimensity\u2122 7050 procesoriumi bei Android 13 operacine sistema su lietuvi\u0173 kalba.<\/p>\n<p><strong><a href=\"https:\/\/www.resolute.lt\/\">RESOLUTE.LT EL. PARDUOTUV\u0116:<\/a><\/strong><br \/>\n\u2013\u00a0<strong>5-7 darbo dien\u0173 pristatymas!<br \/>\n<\/strong>\u2013 Apmok\u0117jimas Google Pay, banko kortele, el. bankininkyste ar PayPal.<br \/>\n\u2013 Tik naujos prek\u0117s su 2 met\u0173 garantija!<\/p>\n<h3><strong>Kiti sm\u016bgiams ir vandeniui atspar\u016bs modeliai<\/strong><strong>:<\/strong><\/h3>\n<ul>\n<li>Norite dar didesn\u0117s baterijos talpos? Rekomenduojame <strong><a href=\"https:\/\/resolute.lt\/index.php\/produktas\/ulefone-armor-26-ultra\/\" target=\"_blank\" rel=\"noopener\">Ulefone Armor 26 Ultra<\/a><\/strong>.<\/li>\n<li>Domint\u0173 auk\u0161\u010diausios klas\u0117s telefonas i\u0161 Doogee\u2122? Rekomenduojame\u00a0<strong><a href=\"https:\/\/resolute.lt\/index.php\/produktas\/doogee-s200x-5g-juodas\/\" target=\"_blank\" rel=\"noopener\">Doogee S200X<\/a><\/strong>.<\/li>\n<\/ul>\n<section id=\"section_2145972809\" class=\"section\">\n<div class=\"section-content relative\">\n<div id=\"row-1175821349\" class=\"row align-center\">\n<div id=\"col-130476939\" class=\"col medium-4 small-10 large-4\">\n<div class=\"col-inner\">\n<h1><strong>Komplektacija<\/strong><\/h1>\n<\/div>\n<\/div>\n<div id=\"col-1358541524\" class=\"col medium-8 small-10 large-8\">\n<div class=\"col-inner\">\n<ul>\n<li><b>1x\u00a0\u00a0<\/b>I\u0161manus telefonas<\/li>\n<li><b>1x\u00a0 <\/b>EU greitasis \u012fkroviklis (66 W)<\/li>\n<li><b>1x\u00a0\u00a0<\/b>USB-C laidas<\/li>\n<li><strong>1x<\/strong>\u00a0 SIM lizdo \u012frankis<\/li>\n<li><b>1x<\/b>\u00a0 Gr\u016bdinto stiklo ekrano apsauga<\/li>\n<li><strong>1x<\/strong>\u00a0 SIM \u012frankis<\/li>\n<li><b>1x<\/b>\u00a0 Naudojimosi instrukcijos<\/li>\n<\/ul>\n<\/div>\n<\/div>\n<\/div>\n<div id=\"row-214715003\" class=\"row align-center\">\n<div id=\"col-883847564\" class=\"col medium-4 small-10 large-4\">\n<div class=\"col-inner\">\n<h1><strong>Bendrieji parametrai<\/strong><\/h1>\n<\/div>\n<\/div>\n<div id=\"col-35252131\" class=\"col medium-8 small-10 large-8\">\n<div class=\"col-inner\">\n<ul>\n<li><strong>Prek\u0117s tipas:<\/strong>\u00a0Mobilieji telefonai<\/li>\n<li><strong>Prek\u0117s spalva:<\/strong> Juoda<\/li>\n<li><strong>Palaikom\u0173 SIM korteli\u0173 kiekis:<\/strong>\u00a02<\/li>\n<li><strong>Palaikom\u0173 SIM korteli\u0173 tipas:<\/strong>\u00a0NanoSIM<\/li>\n<\/ul>\n<\/div>\n<\/div>\n<\/div>\n<div id=\"row-1024473742\" class=\"row align-center\">\n<div id=\"col-1535055361\" class=\"col medium-4 small-10 large-4\">\n<div class=\"col-inner\">\n<h1><strong>Operacin\u0117 sistema<\/strong><\/h1>\n<\/div>\n<\/div>\n<div id=\"col-1619534892\" class=\"col medium-8 small-10 large-8\">\n<div class=\"col-inner\">\n<ul>\n<li><strong>Operacin\u0117 sistema:<\/strong>\u00a0Android<\/li>\n<li><strong>Operacin\u0117s sistemos versija:\u00a0<\/strong>13<\/li>\n<li><strong>Palaikomos kalbos:<\/strong>\u00a0Lietuvi\u0173, angl\u0173, rus\u0173, lenk\u0173, latvi\u0173, vokie\u010di\u0173 ir kt.<\/li>\n<\/ul>\n<\/div>\n<\/div>\n<\/div>\n<div id=\"row-307646383\" class=\"row align-center\">\n<div id=\"col-1651260670\" class=\"col medium-4 small-10 large-4\">\n<div class=\"col-inner\">\n<h1><strong>Ekranas<\/strong><\/h1>\n<\/div>\n<\/div>\n<div id=\"col-999120238\" class=\"col medium-8 small-10 large-8\">\n<div class=\"col-inner\">\n<ul>\n<li><strong>Ekrano dydis:<\/strong> 6,58\u2033<\/li>\n<li><strong>Ekrano rai\u0161ka:<\/strong> 2460 x 1080<\/li>\n<li><strong>PPI (pikseliai per col\u012f): <\/strong>401<\/li>\n<li><strong>Ry\u0161kumas:<\/strong> 500 nit\u0173<\/li>\n<li><strong>Atnaujinimo da\u017enis:<\/strong>\u00a0120 Hz<\/li>\n<li><strong>Ekrano tipas:<\/strong>\u00a0IPS LCD<\/li>\n<li><strong>Ekrano plotas:<\/strong> 71,61 %<\/li>\n<li><strong>I\u0161orinio stiklo tipas:<\/strong> Corning Gorilla Glass 5<\/li>\n<li><strong>Pir\u0161tini\u0173 re\u017eimas:<\/strong> Taip<\/li>\n<\/ul>\n<\/div>\n<\/div>\n<\/div>\n<div id=\"row-1849913578\" class=\"row align-center\">\n<div id=\"col-432336610\" class=\"col medium-4 small-10 large-4\">\n<div class=\"col-inner\">\n<h1><strong>Procesorius ir<br \/>\nvaizdo plok\u0161t\u0117<\/strong><\/h1>\n<\/div>\n<\/div>\n<div id=\"col-1538200702\" class=\"col medium-8 small-10 large-8\">\n<div class=\"col-inner\">\n<ul>\n<li><strong>Procesoriaus modelis: <\/strong>MediaTek Dimensity\u2122 7050 (MT6877)<\/li>\n<li><strong>Proceso technologija:<\/strong> 6 nm<\/li>\n<li><strong>Procesoriaus branduoli\u0173 kiekis:<\/strong>\u00a08<\/li>\n<li><strong>Procesoriaus branduoli\u0173 da\u017eniai:<\/strong> 2&#215;2,6 GHz Cortex-A78 ir 6x 2,0 GHz Cortex-A55<\/li>\n<li><strong>Vaizdo plok\u0161t\u0117s modelis: <\/strong>ARM Mali-G68 MC4<\/li>\n<li><strong>Vaizdo plok\u0161t\u0117s branduoli\u0173 kiekis:<\/strong> 4<\/li>\n<\/ul>\n<\/div>\n<\/div>\n<\/div>\n<div id=\"row-2111937453\" class=\"row align-center\">\n<div id=\"col-1355999373\" class=\"col medium-4 small-10 large-4\">\n<div class=\"col-inner\">\n<h1><strong>Atmintis<\/strong><\/h1>\n<\/div>\n<\/div>\n<div id=\"col-2062834539\" class=\"col medium-8 small-10 large-8\">\n<div class=\"col-inner\">\n<ul>\n<li><strong>Vidin\u0117 atminis:\u00a0<\/strong>512 GB<\/li>\n<li><strong>Bendra darbin\u0117 atmintis (RAM):<\/strong> 24 GB<\/li>\n<li><strong>Fizin\u0117 darbin\u0117 atmintis (RAM):\u00a0<\/strong>12 GB<\/li>\n<li><strong>Virtuali darbin\u0117 atmintis (RAM):<\/strong> 12 GB<\/li>\n<li><strong>Darbin\u0117s atminties da\u017enis:<\/strong> 2,133 GHz<\/li>\n<li><strong>Atminties kortel\u0117s tipas:\u00a0<\/strong>MicroSD<\/li>\n<li><strong>Atminties kortel\u0117s talpa<\/strong>: iki 2 TB<\/li>\n<\/ul>\n<\/div>\n<\/div>\n<\/div>\n<div id=\"row-1271375553\" class=\"row align-center\">\n<div id=\"col-201046948\" class=\"col medium-4 small-10 large-4\">\n<div class=\"col-inner\">\n<h1><strong>Pagrindin\u0117 kamera<\/strong><\/h1>\n<\/div>\n<\/div>\n<div id=\"col-1326179394\" class=\"col medium-8 small-10 large-8\">\n<div class=\"col-inner\">\n<ul>\n<li><strong>Sensori\u0173 kiekis: <\/strong>4<\/li>\n<li><strong>Pagrindinis sensorius:<\/strong> 108 MP Samsung\u00ae HM2, 79,8\u00b0<\/li>\n<li><strong>Termovizoriaus sensorius:<\/strong> FLIR\u00ae Lepton 3.5<\/li>\n<li><strong>Termovizoriaus temperat\u016br\u0173 diapazonas:<\/strong> -10 \u00b0C &#8211; 400 \u00b0C<\/li>\n<li><strong>Pagalbinis sensorius: <\/strong>5 MP<\/li>\n<li><strong>Super-makro sensorius: <\/strong>5 MP Samsung\u00ae S5K5E9<\/li>\n<li><strong>IR LED \u0161vietikli\u0173 kiekis:<\/strong> 2<\/li>\n<li><strong>Filmavimas: <\/strong>4K@30fps, 1080p@30fps<\/li>\n<li><strong>Skaitmeninis priartinimas:<\/strong> 60 kart\u0173<\/li>\n<li><strong>Matymo kampas:<\/strong> 70\u00b0<\/li>\n<li><strong>Blykst\u0117s tipas:<\/strong> LED, 6 diod\u0173<\/li>\n<\/ul>\n<\/div>\n<\/div>\n<\/div>\n<div id=\"row-588910997\" class=\"row align-center\">\n<div id=\"col-968358050\" class=\"col medium-4 small-10 large-4\">\n<div class=\"col-inner\">\n<h1><strong>Priekin\u0117 kamera<\/strong><\/h1>\n<\/div>\n<\/div>\n<div id=\"col-1326179394\" class=\"col medium-8 small-10 large-8\">\n<div class=\"col-inner\">\n<ul>\n<li><strong>Sensorius: <\/strong>32 MP Samsung\u00ae S5KGD1, 73,7\u00b0<\/li>\n<li><strong>Filmavimas:\u00a0<\/strong>1080p@30fps<\/li>\n<\/ul>\n<\/div>\n<\/div>\n<\/div>\n<div id=\"row-588910997\" class=\"row align-center\">\n<div id=\"col-968358050\" class=\"col medium-4 small-10 large-4\">\n<div class=\"col-inner\">\n<h1><strong>Internetas ir komunikacija<\/strong><\/h1>\n<\/div>\n<\/div>\n<div id=\"col-446095547\" class=\"col medium-8 small-10 large-8\">\n<div class=\"col-inner\">\n<ul>\n<li><strong>WiFi s\u0105saja:\u00a0<\/strong>Taip<\/li>\n<li><strong>3G ry\u0161ys:\u00a0<\/strong>Taip<\/li>\n<li><strong>4G ry\u0161ys:\u00a0<\/strong>Taip<\/li>\n<li><strong>5G ry\u0161ys:<\/strong> Taip<\/li>\n<li><strong>Bluetooth s\u0105saja:\u00a0<\/strong>Taip<\/li>\n<li><strong>Bluetooth versija:\u00a0<\/strong>5.0<\/li>\n<li><strong>NFC s\u0105saja:\u00a0<\/strong>Taip<\/li>\n<li><strong>FM radijas:\u00a0<\/strong>Taip, ausini\u0173 nereikalaujantis<\/li>\n<li><strong>GPS s\u0105saja:\u00a0<\/strong>Taip<\/li>\n<li><strong>GPS sistemos:<\/strong>\u00a0GPS, A-GPS, Galileo, BeiDou, GLONASS<\/li>\n<\/ul>\n<\/div>\n<\/div>\n<\/div>\n<div id=\"row-693316153\" class=\"row align-center\">\n<div id=\"col-1853202518\" class=\"col medium-4 small-10 large-4\">\n<div class=\"col-inner\">\n<h1><strong>Lizdai ir sensoriai<\/strong><\/h1>\n<\/div>\n<\/div>\n<div id=\"col-341096956\" class=\"col medium-8 small-10 large-8\">\n<div class=\"col-inner\">\n<ul>\n<li><strong>USB lizdo tipas:<\/strong>\u00a0USB-C<\/li>\n<li><strong>Ausini\u0173 lizdas (AUX):\u00a0<\/strong>Taip<\/li>\n<li><strong>Pir\u0161t\u0173 antspaud\u0173 sensorius:<\/strong>\u00a0Taip<\/li>\n<li><strong>Pir\u0161to antspaud\u0173 sensoriaus tipas:<\/strong>\u00a0\u0160oninis<\/li>\n<\/ul>\n<\/div>\n<\/div>\n<\/div>\n<div id=\"row-46018524\" class=\"row align-center\">\n<div id=\"col-1418837096\" class=\"col medium-4 small-10 large-4\">\n<div class=\"col-inner\">\n<h1><strong>Baterija<\/strong><\/h1>\n<\/div>\n<\/div>\n<div id=\"col-1976749272\" class=\"col medium-8 small-10 large-8\">\n<div class=\"col-inner\">\n<ul>\n<li><strong>Baterijos talpa:\u00a0<\/strong>9600 mAh<\/li>\n<li><strong>Greitasis \u012fkrovimas:\u00a0<\/strong>Taip, 66 W<\/li>\n<li><strong>Belaidis \u012fkrovimas:\u00a0<\/strong>Taip, 15 W<\/li>\n<li><strong>Atvirk\u0161tinis belaidis \u012fkrovimas:<\/strong> Taip, 5 W<\/li>\n<li><strong>4G pokalbi\u0173 laikas:<\/strong> 1,6 dienos<\/li>\n<li><strong>4G bud\u0117jimo laikas:<\/strong> 21,8 dienos<\/li>\n<\/ul>\n<\/div>\n<\/div>\n<\/div>\n<div id=\"row-1009664519\" class=\"row align-center\">\n<div id=\"col-477520799\" class=\"col medium-4 small-10 large-4\">\n<div class=\"col-inner\">\n<h1><b>Matmenys ir svoris<\/b><\/h1>\n<\/div>\n<\/div>\n<div id=\"col-1429020984\" class=\"col medium-8 small-10 large-8\">\n<div class=\"col-inner\">\n<ul>\n<li><strong>Matmenys:<\/strong>\u00a0175,2 x 83,4 x 18,8 mm<\/li>\n<li><strong>Svoris:<\/strong>\u00a0409 g<\/li>\n<\/ul>\n<\/div>\n<\/div>\n<\/div>\n<div id=\"row-468646911\" class=\"row align-center\">\n<div id=\"col-1185701877\" class=\"col medium-4 small-10 large-4\">\n<div class=\"col-inner\">\n<h1><strong>Papildomi duomenys<\/strong><\/h1>\n<\/div>\n<\/div>\n<div id=\"col-1424211009\" class=\"col medium-8 small-10 large-8\">\n<div class=\"col-inner\">\n<ul>\n<li>I\u0161leidimo laikas: 2023 m. spalis<\/li>\n<li>Partijos gamybos laikas: 2025 m. IV ketvirtis<\/li>\n<li>IP68\/IP69K standartas (atsparumas vandeniui ir dulk\u0117ms)<\/li>\n<li>MIL-STD-810H standartas<\/li>\n<li>Suasmenintas mygtukas<\/li>\n<\/ul>\n<p>&nbsp;<\/p>\n<\/div>\n<\/div>\n<\/div>\n<p><img decoding=\"async\" src=\"https:\/\/cdn.shopifycdn.net\/s\/files\/1\/0830\/0573\/5193\/files\/product-18t-ultra-1.jpg?v=1702019192\" \/><img decoding=\"async\" src=\"https:\/\/cdn.shopifycdn.net\/s\/files\/1\/0830\/0573\/5193\/files\/product-18t-ultra-2.jpg?v=1702019192\" \/><img decoding=\"async\" src=\"https:\/\/cdn.shopifycdn.net\/s\/files\/1\/0830\/0573\/5193\/files\/product-18t-ultra-3.jpg?v=1702019192\" \/><img decoding=\"async\" src=\"https:\/\/cdn.shopifycdn.net\/s\/files\/1\/0830\/0573\/5193\/files\/product-18t-ultra-4.jpg?v=1702019192\" \/><img decoding=\"async\" src=\"https:\/\/cdn.shopifycdn.net\/s\/files\/1\/0830\/0573\/5193\/files\/product-18t-ultra-5.jpg?v=1702019192\" \/><img decoding=\"async\" src=\"https:\/\/cdn.shopifycdn.net\/s\/files\/1\/0830\/0573\/5193\/files\/product-18t-ultra-6.jpg?v=1702019192\" \/><img decoding=\"async\" src=\"https:\/\/cdn.shopifycdn.net\/s\/files\/1\/0830\/0573\/5193\/files\/product-18t-ultra-7.jpg?v=1702019192\" \/><img decoding=\"async\" src=\"https:\/\/cdn.shopifycdn.net\/s\/files\/1\/0830\/0573\/5193\/files\/product-18t-ultra-8.jpg?v=1702019192\" \/><img decoding=\"async\" src=\"https:\/\/cdn.shopifycdn.net\/s\/files\/1\/0830\/0573\/5193\/files\/product-18t-ultra-9.jpg?v=1702019192\" \/><img decoding=\"async\" src=\"https:\/\/cdn.shopifycdn.net\/s\/files\/1\/0830\/0573\/5193\/files\/product-18t-ultra-10.jpg?v=1702019192\" \/><img decoding=\"async\" src=\"https:\/\/cdn.shopifycdn.net\/s\/files\/1\/0830\/0573\/5193\/files\/product-18t-ultra-11.jpg?v=1702019192\" \/><img decoding=\"async\" src=\"https:\/\/cdn.shopifycdn.net\/s\/files\/1\/0830\/0573\/5193\/files\/product-18t-ultra-12.jpg?v=1702019192\" \/><img decoding=\"async\" src=\"https:\/\/cdn.shopifycdn.net\/s\/files\/1\/0830\/0573\/5193\/files\/product-18t-ultra-13.jpg?v=1702019192\" \/><img decoding=\"async\" src=\"https:\/\/cdn.shopifycdn.net\/s\/files\/1\/0830\/0573\/5193\/files\/product-18t-ultra-14.jpg?v=1702019192\" \/><img decoding=\"async\" src=\"https:\/\/cdn.shopifycdn.net\/s\/files\/1\/0830\/0573\/5193\/files\/product-18t-ultra-15.jpg?v=1702019192\" \/><img decoding=\"async\" src=\"https:\/\/cdn.shopifycdn.net\/s\/files\/1\/0830\/0573\/5193\/files\/product-18t-ultra-16.jpg?v=1702019192\" \/><img decoding=\"async\" src=\"https:\/\/cdn.shopifycdn.net\/s\/files\/1\/0830\/0573\/5193\/files\/product-18t-ultra-17.jpg?v=1702019192\" \/><img decoding=\"async\" src=\"https:\/\/cdn.shopifycdn.net\/s\/files\/1\/0830\/0573\/5193\/files\/product-18t-ultra-18.jpg?v=1702019192\" \/><img decoding=\"async\" src=\"https:\/\/cdn.shopifycdn.net\/s\/files\/1\/0830\/0573\/5193\/files\/product-18t-ultra-19.jpg?v=1702019192\" \/><img decoding=\"async\" src=\"https:\/\/cdn.shopifycdn.net\/s\/files\/1\/0830\/0573\/5193\/files\/product-18t-ultra-20.jpg?v=1702019192\" \/><img decoding=\"async\" src=\"https:\/\/cdn.shopifycdn.net\/s\/files\/1\/0830\/0573\/5193\/files\/product-18t-ultra-21.jpg?v=1702019192\" \/><img decoding=\"async\" src=\"https:\/\/cdn.shopifycdn.net\/s\/files\/1\/0830\/0573\/5193\/files\/product-18t-ultra-22.jpg?v=1702019192\" \/><img decoding=\"async\" src=\"https:\/\/cdn.shopifycdn.net\/s\/files\/1\/0830\/0573\/5193\/files\/product-18t-ultra-23.jpg?v=1702019192\" \/><img decoding=\"async\" src=\"https:\/\/cdn.shopifycdn.net\/s\/files\/1\/0830\/0573\/5193\/files\/product-18t-ultra-24.jpg?v=1702019192\" \/><img decoding=\"async\" src=\"https:\/\/cdn.shopifycdn.net\/s\/files\/1\/0830\/0573\/5193\/files\/product-18t-ultra-25.jpg?v=1702019192\" \/><\/p>\n<div class=\"col-inner\"><\/div>\n<\/div>\n<\/section>\n","protected":false},"excerpt":{"rendered":"<p>Ulefone Power Armor 18T Ultra \u2013 auk\u0161\u010diausios klas\u0117s vandeniui ir sm\u016bgiams atsparus telefonas su rinkoje lyderiaujan\u010diu FLIR\u00ae Lepton 3.5 termovizoriumi ir 5G ry\u0161iu. \u012erenginys taip pat stebina nepranokstama 108 MP Samsung\u00ae HM2 kamera, 512 GB vidine ir 12 GB RAM + 12 GB VirtualRAM atmintimi, Dimensity\u2122 7050 procesoriumi bei Android 13 operacine sistema su lietuvi\u0173 [&#8230;]\n","protected":false},"featured_media":4229,"template":"","meta":[],"product_brand":[],"product_cat":[22],"product_tag":[],"class_list":{"0":"post-4228","1":"product","2":"type-product","3":"status-publish","4":"has-post-thumbnail","6":"product_cat-ulefone-telefonai","8":"first","9":"outofstock","10":"sale","11":"shipping-taxable","12":"purchasable","13":"product-type-simple"},"yoast_head":"<!-- This site is optimized with the Yoast SEO plugin v27.3 - https:\/\/yoast.com\/product\/yoast-seo-wordpress\/ -->\n<title>Ulefone Power Armor 18T Ultra - 5G, 512\/12GB, Juodas - Resolute.lt<\/title>\n<meta name=\"description\" content=\"Ulefone Power Armor 18T Ultra \u2013 vandeniui ir sm\u016bgiams atsparus telefonas su FLIR\u00ae Lepton 3.5 termovizoriumi, 5G ry\u0161iu bei 108 MP Samsung\u00ae HM2 kamera\" \/>\n<meta name=\"robots\" content=\"index, follow, max-snippet:-1, max-image-preview:large, max-video-preview:-1\" \/>\n<link rel=\"canonical\" href=\"https:\/\/resolute.lt\/index.php\/produktas\/ulefone-power-armor-18t-ultra\/\" \/>\n<meta property=\"og:locale\" content=\"lt_LT\" \/>\n<meta property=\"og:type\" content=\"article\" \/>\n<meta property=\"og:title\" content=\"Ulefone Power Armor 18T Ultra - 5G, 512\/12GB, Juodas - Resolute.lt\" \/>\n<meta property=\"og:description\" content=\"Ulefone Power Armor 18T Ultra \u2013 vandeniui ir sm\u016bgiams atsparus telefonas su FLIR\u00ae Lepton 3.5 termovizoriumi, 5G ry\u0161iu bei 108 MP Samsung\u00ae HM2 kamera\" \/>\n<meta property=\"og:url\" content=\"https:\/\/resolute.lt\/index.php\/produktas\/ulefone-power-armor-18t-ultra\/\" \/>\n<meta property=\"og:site_name\" content=\"Resolute.lt\" \/>\n<meta property=\"article:modified_time\" content=\"2026-04-09T19:37:10+00:00\" \/>\n<meta property=\"og:image\" content=\"https:\/\/resolute.lt\/wp-content\/uploads\/2023\/12\/1.-Ulefone-Power-Armor-18T-Ultra-telefonas-Juodas-Vandeniui-smugiams-dulkems-atsparus-IP68-Telefonai-Resolute.lt_.jpg\" \/>\n\t<meta property=\"og:image:width\" content=\"1000\" \/>\n\t<meta property=\"og:image:height\" content=\"1000\" \/>\n\t<meta property=\"og:image:type\" content=\"image\/jpeg\" \/>\n<meta name=\"twitter:card\" content=\"summary_large_image\" \/>\n<meta name=\"twitter:label1\" content=\"Est. reading time\" \/>\n\t<meta name=\"twitter:data1\" content=\"8 minut\u0117s\" \/>\n<script type=\"application\/ld+json\" class=\"yoast-schema-graph\">{\"@context\":\"https:\\\/\\\/schema.org\",\"@graph\":[{\"@type\":\"WebPage\",\"@id\":\"https:\\\/\\\/resolute.lt\\\/index.php\\\/produktas\\\/ulefone-power-armor-18t-ultra\\\/\",\"url\":\"https:\\\/\\\/resolute.lt\\\/index.php\\\/produktas\\\/ulefone-power-armor-18t-ultra\\\/\",\"name\":\"Ulefone Power Armor 18T Ultra - 5G, 512\\\/12GB, Juodas - Resolute.lt\",\"isPartOf\":{\"@id\":\"https:\\\/\\\/resolute.lt\\\/#website\"},\"primaryImageOfPage\":{\"@id\":\"https:\\\/\\\/resolute.lt\\\/index.php\\\/produktas\\\/ulefone-power-armor-18t-ultra\\\/#primaryimage\"},\"image\":{\"@id\":\"https:\\\/\\\/resolute.lt\\\/index.php\\\/produktas\\\/ulefone-power-armor-18t-ultra\\\/#primaryimage\"},\"thumbnailUrl\":\"https:\\\/\\\/resolute.lt\\\/wp-content\\\/uploads\\\/2023\\\/12\\\/1.-Ulefone-Power-Armor-18T-Ultra-telefonas-Juodas-Vandeniui-smugiams-dulkems-atsparus-IP68-Telefonai-Resolute.lt_.jpg\",\"datePublished\":\"2023-12-18T09:27:00+00:00\",\"dateModified\":\"2026-04-09T19:37:10+00:00\",\"description\":\"Ulefone Power Armor 18T Ultra \u2013 vandeniui ir sm\u016bgiams atsparus telefonas su FLIR\u00ae Lepton 3.5 termovizoriumi, 5G ry\u0161iu bei 108 MP Samsung\u00ae HM2 kamera\",\"breadcrumb\":{\"@id\":\"https:\\\/\\\/resolute.lt\\\/index.php\\\/produktas\\\/ulefone-power-armor-18t-ultra\\\/#breadcrumb\"},\"inLanguage\":\"lt-LT\",\"potentialAction\":[{\"@type\":\"ReadAction\",\"target\":[\"https:\\\/\\\/resolute.lt\\\/index.php\\\/produktas\\\/ulefone-power-armor-18t-ultra\\\/\"]}]},{\"@type\":\"ImageObject\",\"inLanguage\":\"lt-LT\",\"@id\":\"https:\\\/\\\/resolute.lt\\\/index.php\\\/produktas\\\/ulefone-power-armor-18t-ultra\\\/#primaryimage\",\"url\":\"https:\\\/\\\/resolute.lt\\\/wp-content\\\/uploads\\\/2023\\\/12\\\/1.-Ulefone-Power-Armor-18T-Ultra-telefonas-Juodas-Vandeniui-smugiams-dulkems-atsparus-IP68-Telefonai-Resolute.lt_.jpg\",\"contentUrl\":\"https:\\\/\\\/resolute.lt\\\/wp-content\\\/uploads\\\/2023\\\/12\\\/1.-Ulefone-Power-Armor-18T-Ultra-telefonas-Juodas-Vandeniui-smugiams-dulkems-atsparus-IP68-Telefonai-Resolute.lt_.jpg\",\"width\":1000,\"height\":1000},{\"@type\":\"BreadcrumbList\",\"@id\":\"https:\\\/\\\/resolute.lt\\\/index.php\\\/produktas\\\/ulefone-power-armor-18t-ultra\\\/#breadcrumb\",\"itemListElement\":[{\"@type\":\"ListItem\",\"position\":1,\"name\":\"Home\",\"item\":\"https:\\\/\\\/resolute.lt\\\/\"},{\"@type\":\"ListItem\",\"position\":2,\"name\":\"Resolute.lt\",\"item\":\"https:\\\/\\\/resolute.lt\\\/\"},{\"@type\":\"ListItem\",\"position\":3,\"name\":\"Ulefone Power Armor 18T Ultra &#8211; 5G, 512\\\/12GB, Juodas\"}]},{\"@type\":\"WebSite\",\"@id\":\"https:\\\/\\\/resolute.lt\\\/#website\",\"url\":\"https:\\\/\\\/resolute.lt\\\/\",\"name\":\"Resolute.lt\",\"description\":\"Sm\u016bgiams ir vandeniui telefonai\",\"potentialAction\":[{\"@type\":\"SearchAction\",\"target\":{\"@type\":\"EntryPoint\",\"urlTemplate\":\"https:\\\/\\\/resolute.lt\\\/?s={search_term_string}\"},\"query-input\":{\"@type\":\"PropertyValueSpecification\",\"valueRequired\":true,\"valueName\":\"search_term_string\"}}],\"inLanguage\":\"lt-LT\"}]}<\/script>\n<!-- \/ Yoast SEO plugin. -->","yoast_head_json":{"title":"Ulefone Power Armor 18T Ultra - 5G, 512\/12GB, Juodas - Resolute.lt","description":"Ulefone Power Armor 18T Ultra \u2013 vandeniui ir sm\u016bgiams atsparus telefonas su FLIR\u00ae Lepton 3.5 termovizoriumi, 5G ry\u0161iu bei 108 MP Samsung\u00ae HM2 kamera","robots":{"index":"index","follow":"follow","max-snippet":"max-snippet:-1","max-image-preview":"max-image-preview:large","max-video-preview":"max-video-preview:-1"},"canonical":"https:\/\/resolute.lt\/index.php\/produktas\/ulefone-power-armor-18t-ultra\/","og_locale":"lt_LT","og_type":"article","og_title":"Ulefone Power Armor 18T Ultra - 5G, 512\/12GB, Juodas - Resolute.lt","og_description":"Ulefone Power Armor 18T Ultra \u2013 vandeniui ir sm\u016bgiams atsparus telefonas su FLIR\u00ae Lepton 3.5 termovizoriumi, 5G ry\u0161iu bei 108 MP Samsung\u00ae HM2 kamera","og_url":"https:\/\/resolute.lt\/index.php\/produktas\/ulefone-power-armor-18t-ultra\/","og_site_name":"Resolute.lt","article_modified_time":"2026-04-09T19:37:10+00:00","og_image":[{"width":1000,"height":1000,"url":"https:\/\/resolute.lt\/wp-content\/uploads\/2023\/12\/1.-Ulefone-Power-Armor-18T-Ultra-telefonas-Juodas-Vandeniui-smugiams-dulkems-atsparus-IP68-Telefonai-Resolute.lt_.jpg","type":"image\/jpeg"}],"twitter_card":"summary_large_image","twitter_misc":{"Est. reading time":"8 minut\u0117s"},"schema":{"@context":"https:\/\/schema.org","@graph":[{"@type":"WebPage","@id":"https:\/\/resolute.lt\/index.php\/produktas\/ulefone-power-armor-18t-ultra\/","url":"https:\/\/resolute.lt\/index.php\/produktas\/ulefone-power-armor-18t-ultra\/","name":"Ulefone Power Armor 18T Ultra - 5G, 512\/12GB, Juodas - Resolute.lt","isPartOf":{"@id":"https:\/\/resolute.lt\/#website"},"primaryImageOfPage":{"@id":"https:\/\/resolute.lt\/index.php\/produktas\/ulefone-power-armor-18t-ultra\/#primaryimage"},"image":{"@id":"https:\/\/resolute.lt\/index.php\/produktas\/ulefone-power-armor-18t-ultra\/#primaryimage"},"thumbnailUrl":"https:\/\/resolute.lt\/wp-content\/uploads\/2023\/12\/1.-Ulefone-Power-Armor-18T-Ultra-telefonas-Juodas-Vandeniui-smugiams-dulkems-atsparus-IP68-Telefonai-Resolute.lt_.jpg","datePublished":"2023-12-18T09:27:00+00:00","dateModified":"2026-04-09T19:37:10+00:00","description":"Ulefone Power Armor 18T Ultra \u2013 vandeniui ir sm\u016bgiams atsparus telefonas su FLIR\u00ae Lepton 3.5 termovizoriumi, 5G ry\u0161iu bei 108 MP Samsung\u00ae HM2 kamera","breadcrumb":{"@id":"https:\/\/resolute.lt\/index.php\/produktas\/ulefone-power-armor-18t-ultra\/#breadcrumb"},"inLanguage":"lt-LT","potentialAction":[{"@type":"ReadAction","target":["https:\/\/resolute.lt\/index.php\/produktas\/ulefone-power-armor-18t-ultra\/"]}]},{"@type":"ImageObject","inLanguage":"lt-LT","@id":"https:\/\/resolute.lt\/index.php\/produktas\/ulefone-power-armor-18t-ultra\/#primaryimage","url":"https:\/\/resolute.lt\/wp-content\/uploads\/2023\/12\/1.-Ulefone-Power-Armor-18T-Ultra-telefonas-Juodas-Vandeniui-smugiams-dulkems-atsparus-IP68-Telefonai-Resolute.lt_.jpg","contentUrl":"https:\/\/resolute.lt\/wp-content\/uploads\/2023\/12\/1.-Ulefone-Power-Armor-18T-Ultra-telefonas-Juodas-Vandeniui-smugiams-dulkems-atsparus-IP68-Telefonai-Resolute.lt_.jpg","width":1000,"height":1000},{"@type":"BreadcrumbList","@id":"https:\/\/resolute.lt\/index.php\/produktas\/ulefone-power-armor-18t-ultra\/#breadcrumb","itemListElement":[{"@type":"ListItem","position":1,"name":"Home","item":"https:\/\/resolute.lt\/"},{"@type":"ListItem","position":2,"name":"Resolute.lt","item":"https:\/\/resolute.lt\/"},{"@type":"ListItem","position":3,"name":"Ulefone Power Armor 18T Ultra &#8211; 5G, 512\/12GB, Juodas"}]},{"@type":"WebSite","@id":"https:\/\/resolute.lt\/#website","url":"https:\/\/resolute.lt\/","name":"Resolute.lt","description":"Sm\u016bgiams ir vandeniui telefonai","potentialAction":[{"@type":"SearchAction","target":{"@type":"EntryPoint","urlTemplate":"https:\/\/resolute.lt\/?s={search_term_string}"},"query-input":{"@type":"PropertyValueSpecification","valueRequired":true,"valueName":"search_term_string"}}],"inLanguage":"lt-LT"}]}},"_links":{"self":[{"href":"https:\/\/resolute.lt\/index.php\/wp-json\/wp\/v2\/product\/4228","targetHints":{"allow":["GET"]}}],"collection":[{"href":"https:\/\/resolute.lt\/index.php\/wp-json\/wp\/v2\/product"}],"about":[{"href":"https:\/\/resolute.lt\/index.php\/wp-json\/wp\/v2\/types\/product"}],"wp:featuredmedia":[{"embeddable":true,"href":"https:\/\/resolute.lt\/index.php\/wp-json\/wp\/v2\/media\/4229"}],"wp:attachment":[{"href":"https:\/\/resolute.lt\/index.php\/wp-json\/wp\/v2\/media?parent=4228"}],"wp:term":[{"taxonomy":"product_brand","embeddable":true,"href":"https:\/\/resolute.lt\/index.php\/wp-json\/wp\/v2\/product_brand?post=4228"},{"taxonomy":"product_cat","embeddable":true,"href":"https:\/\/resolute.lt\/index.php\/wp-json\/wp\/v2\/product_cat?post=4228"},{"taxonomy":"product_tag","embeddable":true,"href":"https:\/\/resolute.lt\/index.php\/wp-json\/wp\/v2\/product_tag?post=4228"}],"curies":[{"name":"wp","href":"https:\/\/api.w.org\/{rel}","templated":true}]}}