{"id":4169,"date":"2023-11-10T08:32:08","date_gmt":"2023-11-10T08:32:08","guid":{"rendered":"https:\/\/resolute.lt\/?post_type=product&#038;p=4169"},"modified":"2025-10-21T09:52:31","modified_gmt":"2025-10-21T09:52:31","slug":"ulefone-armor-24-ekrano-apsauga-3-vnt","status":"publish","type":"product","link":"https:\/\/resolute.lt\/index.php\/produktas\/ulefone-armor-24-ekrano-apsauga-3-vnt\/","title":{"rendered":"Ulefone Armor 24 ekrano apsauga (3 vnt.)"},"content":{"rendered":"<p><strong>Gr\u016bdinto stiklo ekrano apsaug\u0173 komplektas Ulefone Armor 24 telefonui (3 vnt.)<\/strong>. Patikimai apsaugo telefono ekran\u0105 nuo subrai\u017eym\u0173 bei sm\u016bgi\u0173! Auk\u0161tas \u0161viesos pralaidumas. Atsparumas pir\u0161t\u0173 atspaudams.<\/p>\n<p><strong><a href=\"https:\/\/www.resolute.lt\/\">RESOLUTE.LT EL. PARDUOTUV\u0116:<\/a><\/strong><br \/>\n\u2013<strong> 2 darbo dien\u0173 pristatymas!<br \/>\n<\/strong>\u2013\u00a0 Apmok\u0117jimas banko kortele, el. bankininkyste, Paysera ar PayPal.<br \/>\n\u2013 Tik naujos ir nei\u0161pakuotos prek\u0117s!<\/p>\n<p>&nbsp;<\/p>\n<div id=\"row-1243423607\" class=\"row align-center\">\n<div id=\"col-333938711\" class=\"col medium-4 small-10 large-4\">\n<div class=\"col-inner\">\n<h1><strong>Komplektacija<\/strong><\/h1>\n<\/div>\n<\/div>\n<div id=\"col-1912908463\" class=\"col medium-8 small-10 large-8\">\n<div class=\"col-inner\">\n<ul>\n<li>Gr\u016bdinto stiklo ekrano apsauga (3 vnt.)<\/li>\n<li>Dr\u0117gna servet\u0117l\u0117 (3 vnt.)<\/li>\n<li>Sausa servet\u0117l\u0117 (3 vnt.)<\/li>\n<li>Dulki\u0173 surinkimo lipdukas (3 vnt.)<\/li>\n<li>Orientyrinis lipdukas (6 vnt.)<\/li>\n<\/ul>\n<\/div>\n<\/div>\n<\/div>\n<div id=\"row-214715003\" class=\"row align-center\">\n<div id=\"col-883847564\" class=\"col medium-4 small-10 large-4\">\n<div class=\"col-inner\">\n<h1><strong>Bendrieji parametrai<\/strong><\/h1>\n<\/div>\n<\/div>\n<div id=\"col-35252131\" class=\"col medium-8 small-10 large-8\">\n<div class=\"col-inner\">\n<ul>\n<li><strong>Prek\u0117s tipas:<\/strong> Telefon\u0173 ekrano apsaugos<\/li>\n<li><strong>Prek\u0117s spalva:<\/strong> Skaidri<\/li>\n<\/ul>\n<\/div>\n<\/div>\n<\/div>\n<div id=\"row-74868614\" class=\"row align-center\">\n<div id=\"col-1450314671\" class=\"col medium-4 small-10 large-4\">\n<div class=\"col-inner\">\n<h1><strong>Stiklo savyb\u0117s<\/strong><\/h1>\n<\/div>\n<\/div>\n<div id=\"col-1388439358\" class=\"col medium-8 small-10 large-8\">\n<div class=\"col-inner\">\n<ul>\n<li><strong>Atsparumas \u012fbr\u0117\u017eimams:<\/strong> Taip<\/li>\n<li><strong>Atsparumas pir\u0161t\u0173 atspaudams:<\/strong> Taip<\/li>\n<li><b>\u0160viesos pralaidumas: <\/b>Ypa\u010d auk\u0161tas<\/li>\n<li><strong>Kietumas:<\/strong> 9 H<\/li>\n<li><strong>Storis:<\/strong> 0,26 mm<\/li>\n<\/ul>\n<\/div>\n<\/div>\n<\/div>\n","protected":false},"excerpt":{"rendered":"<p>Gr\u016bdinto stiklo ekrano apsaug\u0173 komplektas Ulefone Armor 24 telefonui (3 vnt.). Patikimai apsaugo telefono ekran\u0105 nuo subrai\u017eym\u0173 bei sm\u016bgi\u0173! Auk\u0161tas \u0161viesos pralaidumas. Atsparumas pir\u0161t\u0173 atspaudams. RESOLUTE.LT EL. PARDUOTUV\u0116: \u2013 2 darbo dien\u0173 pristatymas! \u2013\u00a0 Apmok\u0117jimas banko kortele, el. bankininkyste, Paysera ar PayPal. \u2013 Tik naujos ir nei\u0161pakuotos prek\u0117s! &nbsp; Komplektacija Gr\u016bdinto stiklo ekrano apsauga (3 [&#8230;]\n","protected":false},"featured_media":4851,"template":"","meta":[],"product_brand":[],"product_cat":[20,32,55],"product_tag":[],"class_list":{"0":"post-4169","1":"product","2":"type-product","3":"status-publish","4":"has-post-thumbnail","6":"product_cat-2-d-d-pristatymo-prekes","7":"product_cat-ekrano-apsaugos","8":"product_cat-ulefone-ekrano-apsaugos","10":"first","11":"instock","12":"sale","13":"shipping-taxable","14":"purchasable","15":"product-type-simple"},"yoast_head":"<!-- This site is optimized with the Yoast SEO plugin v27.5 - https:\/\/yoast.com\/product\/yoast-seo-wordpress\/ -->\n<title>Ulefone Armor 24 ekrano apsauga (3 vnt.) - Resolute.lt<\/title>\n<meta name=\"description\" content=\"Gr\u016bdinto stiklo ekrano apsauga Ulefone Armor 24 telefonui (3 vnt. komplektas). Patikimai apsaugo telefono ekran\u0105 nuo subrai\u017eym\u0173!\" \/>\n<meta name=\"robots\" content=\"index, follow, max-snippet:-1, max-image-preview:large, max-video-preview:-1\" \/>\n<link rel=\"canonical\" href=\"https:\/\/resolute.lt\/index.php\/produktas\/ulefone-armor-24-ekrano-apsauga-3-vnt\/\" \/>\n<meta property=\"og:locale\" content=\"lt_LT\" \/>\n<meta property=\"og:type\" content=\"article\" \/>\n<meta property=\"og:title\" content=\"Ulefone Armor 24 ekrano apsauga (3 vnt.) - Resolute.lt\" \/>\n<meta property=\"og:description\" content=\"Gr\u016bdinto stiklo ekrano apsauga Ulefone Armor 24 telefonui (3 vnt. komplektas). Patikimai apsaugo telefono ekran\u0105 nuo subrai\u017eym\u0173!\" \/>\n<meta property=\"og:url\" content=\"https:\/\/resolute.lt\/index.php\/produktas\/ulefone-armor-24-ekrano-apsauga-3-vnt\/\" \/>\n<meta property=\"og:site_name\" content=\"Resolute.lt\" \/>\n<meta property=\"article:modified_time\" content=\"2025-10-21T09:52:31+00:00\" \/>\n<meta property=\"og:image\" content=\"https:\/\/resolute.lt\/wp-content\/uploads\/2023\/11\/Ulefone-Armor-24-ekrano-apsauga-Stiklas-Stikliukas-Protektorius-Resolute.jpg\" \/>\n\t<meta property=\"og:image:width\" content=\"1000\" \/>\n\t<meta property=\"og:image:height\" content=\"1000\" \/>\n\t<meta property=\"og:image:type\" content=\"image\/jpeg\" \/>\n<meta name=\"twitter:card\" content=\"summary_large_image\" \/>\n<meta name=\"twitter:label1\" content=\"Est. reading time\" \/>\n\t<meta name=\"twitter:data1\" content=\"1 minut\u0117\" \/>\n<script type=\"application\/ld+json\" class=\"yoast-schema-graph\">{\"@context\":\"https:\\\/\\\/schema.org\",\"@graph\":[{\"@type\":\"WebPage\",\"@id\":\"https:\\\/\\\/resolute.lt\\\/index.php\\\/produktas\\\/ulefone-armor-24-ekrano-apsauga-3-vnt\\\/\",\"url\":\"https:\\\/\\\/resolute.lt\\\/index.php\\\/produktas\\\/ulefone-armor-24-ekrano-apsauga-3-vnt\\\/\",\"name\":\"Ulefone Armor 24 ekrano apsauga (3 vnt.) - Resolute.lt\",\"isPartOf\":{\"@id\":\"https:\\\/\\\/resolute.lt\\\/#website\"},\"primaryImageOfPage\":{\"@id\":\"https:\\\/\\\/resolute.lt\\\/index.php\\\/produktas\\\/ulefone-armor-24-ekrano-apsauga-3-vnt\\\/#primaryimage\"},\"image\":{\"@id\":\"https:\\\/\\\/resolute.lt\\\/index.php\\\/produktas\\\/ulefone-armor-24-ekrano-apsauga-3-vnt\\\/#primaryimage\"},\"thumbnailUrl\":\"https:\\\/\\\/resolute.lt\\\/wp-content\\\/uploads\\\/2023\\\/11\\\/Ulefone-Armor-24-ekrano-apsauga-Stiklas-Stikliukas-Protektorius-Resolute.jpg\",\"datePublished\":\"2023-11-10T08:32:08+00:00\",\"dateModified\":\"2025-10-21T09:52:31+00:00\",\"description\":\"Gr\u016bdinto stiklo ekrano apsauga Ulefone Armor 24 telefonui (3 vnt. komplektas). Patikimai apsaugo telefono ekran\u0105 nuo subrai\u017eym\u0173!\",\"breadcrumb\":{\"@id\":\"https:\\\/\\\/resolute.lt\\\/index.php\\\/produktas\\\/ulefone-armor-24-ekrano-apsauga-3-vnt\\\/#breadcrumb\"},\"inLanguage\":\"lt-LT\",\"potentialAction\":[{\"@type\":\"ReadAction\",\"target\":[\"https:\\\/\\\/resolute.lt\\\/index.php\\\/produktas\\\/ulefone-armor-24-ekrano-apsauga-3-vnt\\\/\"]}]},{\"@type\":\"ImageObject\",\"inLanguage\":\"lt-LT\",\"@id\":\"https:\\\/\\\/resolute.lt\\\/index.php\\\/produktas\\\/ulefone-armor-24-ekrano-apsauga-3-vnt\\\/#primaryimage\",\"url\":\"https:\\\/\\\/resolute.lt\\\/wp-content\\\/uploads\\\/2023\\\/11\\\/Ulefone-Armor-24-ekrano-apsauga-Stiklas-Stikliukas-Protektorius-Resolute.jpg\",\"contentUrl\":\"https:\\\/\\\/resolute.lt\\\/wp-content\\\/uploads\\\/2023\\\/11\\\/Ulefone-Armor-24-ekrano-apsauga-Stiklas-Stikliukas-Protektorius-Resolute.jpg\",\"width\":1000,\"height\":1000},{\"@type\":\"BreadcrumbList\",\"@id\":\"https:\\\/\\\/resolute.lt\\\/index.php\\\/produktas\\\/ulefone-armor-24-ekrano-apsauga-3-vnt\\\/#breadcrumb\",\"itemListElement\":[{\"@type\":\"ListItem\",\"position\":1,\"name\":\"Home\",\"item\":\"https:\\\/\\\/resolute.lt\\\/\"},{\"@type\":\"ListItem\",\"position\":2,\"name\":\"Resolute.lt\",\"item\":\"https:\\\/\\\/resolute.lt\\\/\"},{\"@type\":\"ListItem\",\"position\":3,\"name\":\"Ulefone Armor 24 ekrano apsauga (3 vnt.)\"}]},{\"@type\":\"WebSite\",\"@id\":\"https:\\\/\\\/resolute.lt\\\/#website\",\"url\":\"https:\\\/\\\/resolute.lt\\\/\",\"name\":\"Resolute.lt\",\"description\":\"Sm\u016bgiams ir vandeniui telefonai\",\"potentialAction\":[{\"@type\":\"SearchAction\",\"target\":{\"@type\":\"EntryPoint\",\"urlTemplate\":\"https:\\\/\\\/resolute.lt\\\/?s={search_term_string}\"},\"query-input\":{\"@type\":\"PropertyValueSpecification\",\"valueRequired\":true,\"valueName\":\"search_term_string\"}}],\"inLanguage\":\"lt-LT\"}]}<\/script>\n<!-- \/ Yoast SEO plugin. -->","yoast_head_json":{"title":"Ulefone Armor 24 ekrano apsauga (3 vnt.) - Resolute.lt","description":"Gr\u016bdinto stiklo ekrano apsauga Ulefone Armor 24 telefonui (3 vnt. komplektas). Patikimai apsaugo telefono ekran\u0105 nuo subrai\u017eym\u0173!","robots":{"index":"index","follow":"follow","max-snippet":"max-snippet:-1","max-image-preview":"max-image-preview:large","max-video-preview":"max-video-preview:-1"},"canonical":"https:\/\/resolute.lt\/index.php\/produktas\/ulefone-armor-24-ekrano-apsauga-3-vnt\/","og_locale":"lt_LT","og_type":"article","og_title":"Ulefone Armor 24 ekrano apsauga (3 vnt.) - Resolute.lt","og_description":"Gr\u016bdinto stiklo ekrano apsauga Ulefone Armor 24 telefonui (3 vnt. komplektas). Patikimai apsaugo telefono ekran\u0105 nuo subrai\u017eym\u0173!","og_url":"https:\/\/resolute.lt\/index.php\/produktas\/ulefone-armor-24-ekrano-apsauga-3-vnt\/","og_site_name":"Resolute.lt","article_modified_time":"2025-10-21T09:52:31+00:00","og_image":[{"width":1000,"height":1000,"url":"https:\/\/resolute.lt\/wp-content\/uploads\/2023\/11\/Ulefone-Armor-24-ekrano-apsauga-Stiklas-Stikliukas-Protektorius-Resolute.jpg","type":"image\/jpeg"}],"twitter_card":"summary_large_image","twitter_misc":{"Est. reading time":"1 minut\u0117"},"schema":{"@context":"https:\/\/schema.org","@graph":[{"@type":"WebPage","@id":"https:\/\/resolute.lt\/index.php\/produktas\/ulefone-armor-24-ekrano-apsauga-3-vnt\/","url":"https:\/\/resolute.lt\/index.php\/produktas\/ulefone-armor-24-ekrano-apsauga-3-vnt\/","name":"Ulefone Armor 24 ekrano apsauga (3 vnt.) - Resolute.lt","isPartOf":{"@id":"https:\/\/resolute.lt\/#website"},"primaryImageOfPage":{"@id":"https:\/\/resolute.lt\/index.php\/produktas\/ulefone-armor-24-ekrano-apsauga-3-vnt\/#primaryimage"},"image":{"@id":"https:\/\/resolute.lt\/index.php\/produktas\/ulefone-armor-24-ekrano-apsauga-3-vnt\/#primaryimage"},"thumbnailUrl":"https:\/\/resolute.lt\/wp-content\/uploads\/2023\/11\/Ulefone-Armor-24-ekrano-apsauga-Stiklas-Stikliukas-Protektorius-Resolute.jpg","datePublished":"2023-11-10T08:32:08+00:00","dateModified":"2025-10-21T09:52:31+00:00","description":"Gr\u016bdinto stiklo ekrano apsauga Ulefone Armor 24 telefonui (3 vnt. komplektas). Patikimai apsaugo telefono ekran\u0105 nuo subrai\u017eym\u0173!","breadcrumb":{"@id":"https:\/\/resolute.lt\/index.php\/produktas\/ulefone-armor-24-ekrano-apsauga-3-vnt\/#breadcrumb"},"inLanguage":"lt-LT","potentialAction":[{"@type":"ReadAction","target":["https:\/\/resolute.lt\/index.php\/produktas\/ulefone-armor-24-ekrano-apsauga-3-vnt\/"]}]},{"@type":"ImageObject","inLanguage":"lt-LT","@id":"https:\/\/resolute.lt\/index.php\/produktas\/ulefone-armor-24-ekrano-apsauga-3-vnt\/#primaryimage","url":"https:\/\/resolute.lt\/wp-content\/uploads\/2023\/11\/Ulefone-Armor-24-ekrano-apsauga-Stiklas-Stikliukas-Protektorius-Resolute.jpg","contentUrl":"https:\/\/resolute.lt\/wp-content\/uploads\/2023\/11\/Ulefone-Armor-24-ekrano-apsauga-Stiklas-Stikliukas-Protektorius-Resolute.jpg","width":1000,"height":1000},{"@type":"BreadcrumbList","@id":"https:\/\/resolute.lt\/index.php\/produktas\/ulefone-armor-24-ekrano-apsauga-3-vnt\/#breadcrumb","itemListElement":[{"@type":"ListItem","position":1,"name":"Home","item":"https:\/\/resolute.lt\/"},{"@type":"ListItem","position":2,"name":"Resolute.lt","item":"https:\/\/resolute.lt\/"},{"@type":"ListItem","position":3,"name":"Ulefone Armor 24 ekrano apsauga (3 vnt.)"}]},{"@type":"WebSite","@id":"https:\/\/resolute.lt\/#website","url":"https:\/\/resolute.lt\/","name":"Resolute.lt","description":"Sm\u016bgiams ir vandeniui telefonai","potentialAction":[{"@type":"SearchAction","target":{"@type":"EntryPoint","urlTemplate":"https:\/\/resolute.lt\/?s={search_term_string}"},"query-input":{"@type":"PropertyValueSpecification","valueRequired":true,"valueName":"search_term_string"}}],"inLanguage":"lt-LT"}]}},"_links":{"self":[{"href":"https:\/\/resolute.lt\/index.php\/wp-json\/wp\/v2\/product\/4169","targetHints":{"allow":["GET"]}}],"collection":[{"href":"https:\/\/resolute.lt\/index.php\/wp-json\/wp\/v2\/product"}],"about":[{"href":"https:\/\/resolute.lt\/index.php\/wp-json\/wp\/v2\/types\/product"}],"wp:featuredmedia":[{"embeddable":true,"href":"https:\/\/resolute.lt\/index.php\/wp-json\/wp\/v2\/media\/4851"}],"wp:attachment":[{"href":"https:\/\/resolute.lt\/index.php\/wp-json\/wp\/v2\/media?parent=4169"}],"wp:term":[{"taxonomy":"product_brand","embeddable":true,"href":"https:\/\/resolute.lt\/index.php\/wp-json\/wp\/v2\/product_brand?post=4169"},{"taxonomy":"product_cat","embeddable":true,"href":"https:\/\/resolute.lt\/index.php\/wp-json\/wp\/v2\/product_cat?post=4169"},{"taxonomy":"product_tag","embeddable":true,"href":"https:\/\/resolute.lt\/index.php\/wp-json\/wp\/v2\/product_tag?post=4169"}],"curies":[{"name":"wp","href":"https:\/\/api.w.org\/{rel}","templated":true}]}}