{"id":3765,"date":"2023-08-11T12:02:26","date_gmt":"2023-08-11T12:02:26","guid":{"rendered":"https:\/\/resolute.lt\/?post_type=product&#038;p=3765"},"modified":"2025-03-14T12:10:49","modified_gmt":"2025-03-14T12:10:49","slug":"industrial-endoscope","status":"publish","type":"product","link":"https:\/\/resolute.lt\/index.php\/produktas\/industrial-endoscope\/","title":{"rendered":"Industrial Endoscope Wi-Fi endoskopas &#8211; Full HD 1440p \/ 1080p"},"content":{"rendered":"<p><strong>Industrial Endoscope<\/strong> &#8211; universali Android i\u0161maniems telefonams skirta endoskopin\u0117 kamera, pasi\u017eyminti 1440p rai\u0161kos fotografavimu, Full HD 1080p rai\u0161kos filmavimu, IP67 vandeniui ir dulkm\u0117s atsparumo sertifikatu bei 3 metr\u0173 ilgio laidu.<\/p>\n<p><strong><a href=\"https:\/\/www.resolute.lt\/\">RESOLUTE.LT EL. PARDUOTUV\u0116:<\/a><\/strong><strong><br \/>\n\u2013 3-4 d.d. pristatymas<\/strong> (apmokant banko kortele, el. bankininkyste, Paysera ar Paypal).<\/p>\n<section id=\"section_2145972809\" class=\"section\">\n<div class=\"section-content relative\">\n<div id=\"row-1175821349\" class=\"row align-center\">\n<div id=\"col-130476939\" class=\"col medium-4 small-10 large-4\">\n<div class=\"col-inner\">\n<h1><strong>Komplektacija<\/strong><\/h1>\n<\/div>\n<\/div>\n<div id=\"col-1358541524\" class=\"col medium-8 small-10 large-8\">\n<div class=\"col-inner\">\n<ul>\n<li style=\"text-align: left;\"><b>1x\u00a0 <\/b>Endoskopin\u0117 kamera (3 m)<\/li>\n<li><strong>1x<\/strong>\u00a0 USB-C &#8211; MicroUSB adapteris<\/li>\n<li><strong>1x<\/strong>\u00a0 USB-C &#8211; Lightning (iPhone lizdo) adapteris<\/li>\n<li><b>1x\u00a0 <\/b>Antgalis &#8211; kabliukas<\/li>\n<li><b>1x<\/b>\u00a0 Antgalis &#8211; magnetas<\/li>\n<li><strong>1x<\/strong>\u00a0 Dangtelis<\/li>\n<li><b>1x<\/b>\u00a0 Naudojimosi instrukcijos<\/li>\n<\/ul>\n<\/div>\n<\/div>\n<\/div>\n<div id=\"row-214715003\" class=\"row align-center\">\n<div id=\"col-883847564\" class=\"col medium-4 small-10 large-4\">\n<div class=\"col-inner\">\n<h1><strong>Bendrieji parametrai<\/strong><\/h1>\n<\/div>\n<\/div>\n<div id=\"col-35252131\" class=\"col medium-8 small-10 large-8\">\n<div class=\"col-inner\">\n<ul>\n<li style=\"text-align: left;\"><strong>Prek\u0117s tipas:<\/strong> Endoskopin\u0117s kameros<\/li>\n<li><strong>Prek\u0117s spalva:<\/strong> Juodas<\/li>\n<\/ul>\n<\/div>\n<\/div>\n<\/div>\n<div id=\"row-214715003\" class=\"row align-center\">\n<div id=\"col-883847564\" class=\"col medium-4 small-10 large-4\">\n<div class=\"col-inner\">\n<h1><strong>Foto ir video kamera<\/strong><\/h1>\n<\/div>\n<\/div>\n<div id=\"col-35252131\" class=\"col medium-8 small-10 large-8\">\n<div class=\"col-inner\">\n<ul>\n<li><strong>Kamera: <\/strong>2,76 MP<\/li>\n<li><strong>Fotografavimo rai\u0161ka: <\/strong>1920 x 1440<\/li>\n<li><strong>Filmavimo rai\u0161ka: <\/strong>1920 x 1080<\/li>\n<li><strong>L\u0119\u0161io diametras:<\/strong> 8 mm<\/li>\n<li><strong>Matymo kampas:<\/strong> 78 laipsni\u0173<\/li>\n<li><strong>Geriausios kokyb\u0117s atstumas:<\/strong> 2 &#8211; 10 cm<\/li>\n<\/ul>\n<\/div>\n<\/div>\n<\/div>\n<div id=\"row-214715003\" class=\"row align-center\">\n<div id=\"col-883847564\" class=\"col medium-4 small-10 large-4\">\n<div class=\"col-inner\">\n<h1><strong>Komunikacija<\/strong><\/h1>\n<\/div>\n<\/div>\n<div id=\"col-35252131\" class=\"col medium-8 small-10 large-8\">\n<div class=\"col-inner\">\n<ul>\n<li><strong>Wi-Fi s\u0105saja: <\/strong>Taip<\/li>\n<li><strong>I\u0161manaus telefono aplikacija:<\/strong> Anesok, Android telefonams<\/li>\n<li><strong>OTG:<\/strong> Taip<\/li>\n<\/ul>\n<\/div>\n<\/div>\n<\/div>\n<div id=\"row-214715003\" class=\"row align-center\">\n<div id=\"col-883847564\" class=\"col medium-4 small-10 large-4\">\n<div class=\"col-inner\">\n<h1><strong>Lizdai<\/strong><\/h1>\n<\/div>\n<\/div>\n<div id=\"col-35252131\" class=\"col medium-8 small-10 large-8\">\n<div class=\"col-inner\">\n<ul>\n<li><strong>USB lizdo tipas:<\/strong> USB-C<\/li>\n<\/ul>\n<\/div>\n<\/div>\n<\/div>\n<div id=\"row-468646911\" class=\"row align-center\">\n<div id=\"col-1185701877\" class=\"col medium-4 small-10 large-4\">\n<div class=\"col-inner\">\n<h1><strong>Papildomi duomenys<\/strong><\/h1>\n<\/div>\n<\/div>\n<div id=\"col-1424211009\" class=\"col medium-8 small-10 large-8\">\n<div class=\"col-inner\">\n<ul>\n<li>IP67 sertifikatas (atsparumas vandeniui ir dulk\u0117ms)<\/li>\n<li>Darbin\u0117 temperat\u016bra: 0\u00b0C &#8211; 45\u00b0C<\/li>\n<\/ul>\n<\/div>\n<\/div>\n<\/div>\n<\/div>\n<\/section>\n","protected":false},"excerpt":{"rendered":"<p>Industrial Endoscope &#8211; universali Android i\u0161maniems telefonams skirta endoskopin\u0117 kamera, pasi\u017eyminti 1440p rai\u0161kos fotografavimu, Full HD 1080p rai\u0161kos filmavimu, IP67 vandeniui ir dulkm\u0117s atsparumo sertifikatu bei 3 metr\u0173 ilgio laidu. RESOLUTE.LT EL. PARDUOTUV\u0116: \u2013 3-4 d.d. pristatymas (apmokant banko kortele, el. bankininkyste, Paysera ar Paypal). Komplektacija 1x\u00a0 Endoskopin\u0117 kamera (3 m) 1x\u00a0 USB-C &#8211; MicroUSB [&#8230;]\n","protected":false},"featured_media":3772,"template":"","meta":[],"product_brand":[],"product_cat":[37],"product_tag":[],"class_list":{"0":"post-3765","1":"product","2":"type-product","3":"status-publish","4":"has-post-thumbnail","6":"product_cat-kiti-telefonu-priedai","8":"first","9":"instock","10":"sale","11":"shipping-taxable","12":"purchasable","13":"product-type-simple"},"yoast_head":"<!-- This site is optimized with the Yoast SEO plugin v27.4 - https:\/\/yoast.com\/product\/yoast-seo-wordpress\/ -->\n<title>Industrial Endoscope Wi-Fi endoskopas - Full HD 1440p \/ 1080p - Resolute.lt<\/title>\n<meta name=\"description\" content=\"Industrial Endoscope - universali Android ir iPhone i\u0161maniems telefonams skirta endoskopin\u0117 kamera, filmuojanti Full HD 1080p rai\u0161ka.\" \/>\n<meta name=\"robots\" content=\"index, follow, max-snippet:-1, max-image-preview:large, max-video-preview:-1\" \/>\n<link rel=\"canonical\" href=\"https:\/\/resolute.lt\/index.php\/produktas\/industrial-endoscope\/\" \/>\n<meta property=\"og:locale\" content=\"lt_LT\" \/>\n<meta property=\"og:type\" content=\"article\" \/>\n<meta property=\"og:title\" content=\"Industrial Endoscope Wi-Fi endoskopas - Full HD 1440p \/ 1080p - Resolute.lt\" \/>\n<meta property=\"og:description\" content=\"Industrial Endoscope - universali Android ir iPhone i\u0161maniems telefonams skirta endoskopin\u0117 kamera, filmuojanti Full HD 1080p rai\u0161ka.\" \/>\n<meta property=\"og:url\" content=\"https:\/\/resolute.lt\/index.php\/produktas\/industrial-endoscope\/\" \/>\n<meta property=\"og:site_name\" content=\"Resolute.lt\" \/>\n<meta property=\"article:modified_time\" content=\"2025-03-14T12:10:49+00:00\" \/>\n<meta property=\"og:image\" content=\"https:\/\/resolute.lt\/wp-content\/uploads\/2023\/08\/1.-Industrial-Endoscope-Wi-Fi-endoskopas-Endoskopine-kamera-Full-HD-1440p-1080p-IP67-Vandeniui-dulkems-atsparus-Resolute.lt_.jpeg\" \/>\n\t<meta property=\"og:image:width\" content=\"800\" \/>\n\t<meta property=\"og:image:height\" content=\"800\" \/>\n\t<meta property=\"og:image:type\" content=\"image\/jpeg\" \/>\n<meta name=\"twitter:card\" content=\"summary_large_image\" \/>\n<meta name=\"twitter:label1\" content=\"Est. reading time\" \/>\n\t<meta name=\"twitter:data1\" content=\"1 minut\u0117\" \/>\n<script type=\"application\/ld+json\" class=\"yoast-schema-graph\">{\"@context\":\"https:\\\/\\\/schema.org\",\"@graph\":[{\"@type\":\"WebPage\",\"@id\":\"https:\\\/\\\/resolute.lt\\\/index.php\\\/produktas\\\/industrial-endoscope\\\/\",\"url\":\"https:\\\/\\\/resolute.lt\\\/index.php\\\/produktas\\\/industrial-endoscope\\\/\",\"name\":\"Industrial Endoscope Wi-Fi endoskopas - Full HD 1440p \\\/ 1080p - Resolute.lt\",\"isPartOf\":{\"@id\":\"https:\\\/\\\/resolute.lt\\\/#website\"},\"primaryImageOfPage\":{\"@id\":\"https:\\\/\\\/resolute.lt\\\/index.php\\\/produktas\\\/industrial-endoscope\\\/#primaryimage\"},\"image\":{\"@id\":\"https:\\\/\\\/resolute.lt\\\/index.php\\\/produktas\\\/industrial-endoscope\\\/#primaryimage\"},\"thumbnailUrl\":\"https:\\\/\\\/resolute.lt\\\/wp-content\\\/uploads\\\/2023\\\/08\\\/1.-Industrial-Endoscope-Wi-Fi-endoskopas-Endoskopine-kamera-Full-HD-1440p-1080p-IP67-Vandeniui-dulkems-atsparus-Resolute.lt_.jpeg\",\"datePublished\":\"2023-08-11T12:02:26+00:00\",\"dateModified\":\"2025-03-14T12:10:49+00:00\",\"description\":\"Industrial Endoscope - universali Android ir iPhone i\u0161maniems telefonams skirta endoskopin\u0117 kamera, filmuojanti Full HD 1080p rai\u0161ka.\",\"breadcrumb\":{\"@id\":\"https:\\\/\\\/resolute.lt\\\/index.php\\\/produktas\\\/industrial-endoscope\\\/#breadcrumb\"},\"inLanguage\":\"lt-LT\",\"potentialAction\":[{\"@type\":\"ReadAction\",\"target\":[\"https:\\\/\\\/resolute.lt\\\/index.php\\\/produktas\\\/industrial-endoscope\\\/\"]}]},{\"@type\":\"ImageObject\",\"inLanguage\":\"lt-LT\",\"@id\":\"https:\\\/\\\/resolute.lt\\\/index.php\\\/produktas\\\/industrial-endoscope\\\/#primaryimage\",\"url\":\"https:\\\/\\\/resolute.lt\\\/wp-content\\\/uploads\\\/2023\\\/08\\\/1.-Industrial-Endoscope-Wi-Fi-endoskopas-Endoskopine-kamera-Full-HD-1440p-1080p-IP67-Vandeniui-dulkems-atsparus-Resolute.lt_.jpeg\",\"contentUrl\":\"https:\\\/\\\/resolute.lt\\\/wp-content\\\/uploads\\\/2023\\\/08\\\/1.-Industrial-Endoscope-Wi-Fi-endoskopas-Endoskopine-kamera-Full-HD-1440p-1080p-IP67-Vandeniui-dulkems-atsparus-Resolute.lt_.jpeg\",\"width\":800,\"height\":800},{\"@type\":\"BreadcrumbList\",\"@id\":\"https:\\\/\\\/resolute.lt\\\/index.php\\\/produktas\\\/industrial-endoscope\\\/#breadcrumb\",\"itemListElement\":[{\"@type\":\"ListItem\",\"position\":1,\"name\":\"Home\",\"item\":\"https:\\\/\\\/resolute.lt\\\/\"},{\"@type\":\"ListItem\",\"position\":2,\"name\":\"Resolute.lt\",\"item\":\"https:\\\/\\\/resolute.lt\\\/\"},{\"@type\":\"ListItem\",\"position\":3,\"name\":\"Industrial Endoscope Wi-Fi endoskopas &#8211; Full HD 1440p \\\/ 1080p\"}]},{\"@type\":\"WebSite\",\"@id\":\"https:\\\/\\\/resolute.lt\\\/#website\",\"url\":\"https:\\\/\\\/resolute.lt\\\/\",\"name\":\"Resolute.lt\",\"description\":\"Sm\u016bgiams ir vandeniui telefonai\",\"potentialAction\":[{\"@type\":\"SearchAction\",\"target\":{\"@type\":\"EntryPoint\",\"urlTemplate\":\"https:\\\/\\\/resolute.lt\\\/?s={search_term_string}\"},\"query-input\":{\"@type\":\"PropertyValueSpecification\",\"valueRequired\":true,\"valueName\":\"search_term_string\"}}],\"inLanguage\":\"lt-LT\"}]}<\/script>\n<!-- \/ Yoast SEO plugin. -->","yoast_head_json":{"title":"Industrial Endoscope Wi-Fi endoskopas - Full HD 1440p \/ 1080p - Resolute.lt","description":"Industrial Endoscope - universali Android ir iPhone i\u0161maniems telefonams skirta endoskopin\u0117 kamera, filmuojanti Full HD 1080p rai\u0161ka.","robots":{"index":"index","follow":"follow","max-snippet":"max-snippet:-1","max-image-preview":"max-image-preview:large","max-video-preview":"max-video-preview:-1"},"canonical":"https:\/\/resolute.lt\/index.php\/produktas\/industrial-endoscope\/","og_locale":"lt_LT","og_type":"article","og_title":"Industrial Endoscope Wi-Fi endoskopas - Full HD 1440p \/ 1080p - Resolute.lt","og_description":"Industrial Endoscope - universali Android ir iPhone i\u0161maniems telefonams skirta endoskopin\u0117 kamera, filmuojanti Full HD 1080p rai\u0161ka.","og_url":"https:\/\/resolute.lt\/index.php\/produktas\/industrial-endoscope\/","og_site_name":"Resolute.lt","article_modified_time":"2025-03-14T12:10:49+00:00","og_image":[{"width":800,"height":800,"url":"https:\/\/resolute.lt\/wp-content\/uploads\/2023\/08\/1.-Industrial-Endoscope-Wi-Fi-endoskopas-Endoskopine-kamera-Full-HD-1440p-1080p-IP67-Vandeniui-dulkems-atsparus-Resolute.lt_.jpeg","type":"image\/jpeg"}],"twitter_card":"summary_large_image","twitter_misc":{"Est. reading time":"1 minut\u0117"},"schema":{"@context":"https:\/\/schema.org","@graph":[{"@type":"WebPage","@id":"https:\/\/resolute.lt\/index.php\/produktas\/industrial-endoscope\/","url":"https:\/\/resolute.lt\/index.php\/produktas\/industrial-endoscope\/","name":"Industrial Endoscope Wi-Fi endoskopas - Full HD 1440p \/ 1080p - Resolute.lt","isPartOf":{"@id":"https:\/\/resolute.lt\/#website"},"primaryImageOfPage":{"@id":"https:\/\/resolute.lt\/index.php\/produktas\/industrial-endoscope\/#primaryimage"},"image":{"@id":"https:\/\/resolute.lt\/index.php\/produktas\/industrial-endoscope\/#primaryimage"},"thumbnailUrl":"https:\/\/resolute.lt\/wp-content\/uploads\/2023\/08\/1.-Industrial-Endoscope-Wi-Fi-endoskopas-Endoskopine-kamera-Full-HD-1440p-1080p-IP67-Vandeniui-dulkems-atsparus-Resolute.lt_.jpeg","datePublished":"2023-08-11T12:02:26+00:00","dateModified":"2025-03-14T12:10:49+00:00","description":"Industrial Endoscope - universali Android ir iPhone i\u0161maniems telefonams skirta endoskopin\u0117 kamera, filmuojanti Full HD 1080p rai\u0161ka.","breadcrumb":{"@id":"https:\/\/resolute.lt\/index.php\/produktas\/industrial-endoscope\/#breadcrumb"},"inLanguage":"lt-LT","potentialAction":[{"@type":"ReadAction","target":["https:\/\/resolute.lt\/index.php\/produktas\/industrial-endoscope\/"]}]},{"@type":"ImageObject","inLanguage":"lt-LT","@id":"https:\/\/resolute.lt\/index.php\/produktas\/industrial-endoscope\/#primaryimage","url":"https:\/\/resolute.lt\/wp-content\/uploads\/2023\/08\/1.-Industrial-Endoscope-Wi-Fi-endoskopas-Endoskopine-kamera-Full-HD-1440p-1080p-IP67-Vandeniui-dulkems-atsparus-Resolute.lt_.jpeg","contentUrl":"https:\/\/resolute.lt\/wp-content\/uploads\/2023\/08\/1.-Industrial-Endoscope-Wi-Fi-endoskopas-Endoskopine-kamera-Full-HD-1440p-1080p-IP67-Vandeniui-dulkems-atsparus-Resolute.lt_.jpeg","width":800,"height":800},{"@type":"BreadcrumbList","@id":"https:\/\/resolute.lt\/index.php\/produktas\/industrial-endoscope\/#breadcrumb","itemListElement":[{"@type":"ListItem","position":1,"name":"Home","item":"https:\/\/resolute.lt\/"},{"@type":"ListItem","position":2,"name":"Resolute.lt","item":"https:\/\/resolute.lt\/"},{"@type":"ListItem","position":3,"name":"Industrial Endoscope Wi-Fi endoskopas &#8211; Full HD 1440p \/ 1080p"}]},{"@type":"WebSite","@id":"https:\/\/resolute.lt\/#website","url":"https:\/\/resolute.lt\/","name":"Resolute.lt","description":"Sm\u016bgiams ir vandeniui telefonai","potentialAction":[{"@type":"SearchAction","target":{"@type":"EntryPoint","urlTemplate":"https:\/\/resolute.lt\/?s={search_term_string}"},"query-input":{"@type":"PropertyValueSpecification","valueRequired":true,"valueName":"search_term_string"}}],"inLanguage":"lt-LT"}]}},"_links":{"self":[{"href":"https:\/\/resolute.lt\/index.php\/wp-json\/wp\/v2\/product\/3765","targetHints":{"allow":["GET"]}}],"collection":[{"href":"https:\/\/resolute.lt\/index.php\/wp-json\/wp\/v2\/product"}],"about":[{"href":"https:\/\/resolute.lt\/index.php\/wp-json\/wp\/v2\/types\/product"}],"wp:featuredmedia":[{"embeddable":true,"href":"https:\/\/resolute.lt\/index.php\/wp-json\/wp\/v2\/media\/3772"}],"wp:attachment":[{"href":"https:\/\/resolute.lt\/index.php\/wp-json\/wp\/v2\/media?parent=3765"}],"wp:term":[{"taxonomy":"product_brand","embeddable":true,"href":"https:\/\/resolute.lt\/index.php\/wp-json\/wp\/v2\/product_brand?post=3765"},{"taxonomy":"product_cat","embeddable":true,"href":"https:\/\/resolute.lt\/index.php\/wp-json\/wp\/v2\/product_cat?post=3765"},{"taxonomy":"product_tag","embeddable":true,"href":"https:\/\/resolute.lt\/index.php\/wp-json\/wp\/v2\/product_tag?post=3765"}],"curies":[{"name":"wp","href":"https:\/\/api.w.org\/{rel}","templated":true}]}}