{"id":3625,"date":"2023-06-24T14:04:23","date_gmt":"2023-06-24T14:04:23","guid":{"rendered":"https:\/\/resolute.lt\/?post_type=product&#038;p=3625"},"modified":"2025-02-25T15:17:50","modified_gmt":"2025-02-25T15:17:50","slug":"telefono-remonto-irankiu-rinkinys","status":"publish","type":"product","link":"https:\/\/resolute.lt\/index.php\/produktas\/telefono-remonto-irankiu-rinkinys\/","title":{"rendered":"Telefono remonto \u012franki\u0173 rinkinys"},"content":{"rendered":"<p><strong>Universalus remonto rinkinys<\/strong> skirtas taisyti telefonus, i\u0161maniuosius telefonus, plan\u0161etinius ir ne\u0161iojamus kompiuterius, taip pat visus kitus irenginius ir irang\u0105, turin\u010dius nestandartinius, ma\u017eus var\u017etus.<\/p>\n<p><strong><a href=\"https:\/\/www.resolute.lt\/\">RESOLUTE.LT EL. PARDUOTUV\u0116:<\/a><br \/>\n<\/strong>\u2013\u00a0<strong>Standartinis pristatymas<\/strong> (apmokant banko kortele, el. bankininkyste, Paysera ar PayPal).<br \/>\n\u2013 Tik naujos ir nei\u0161pakuotos prek\u0117s!<\/p>\n<section id=\"section_2145972809\" class=\"section\">\n<div class=\"section-content relative\">\n<div id=\"row-1175821349\" class=\"row align-center\">\n<div id=\"col-130476939\" class=\"col medium-4 small-10 large-4\">\n<div class=\"col-inner\">\n<h1><strong>Komplektacija<\/strong><\/h1>\n<\/div>\n<\/div>\n<div id=\"col-1358541524\" class=\"col medium-8 small-10 large-8\">\n<div class=\"col-inner\">\n<ul>\n<li><b>3x\u00a0<\/b> Skirting\u0173 gal\u0173 metaliniai atsuktuvai<\/li>\n<li><strong>1x<\/strong>\u00a0 Siurbtukas<\/li>\n<li><strong>1x<\/strong>\u00a0 Daugiafunkcinis plastikinis \u012frankis (i\u0161ilgas)<\/li>\n<li><strong>1x<\/strong>\u00a0 Daugiafunkcinis plastikinis \u012frankis (trikampio formos)<\/li>\n<\/ul>\n<\/div>\n<\/div>\n<\/div>\n<div id=\"row-214715003\" class=\"row align-center\">\n<div id=\"col-883847564\" class=\"col medium-4 small-10 large-4\">\n<div class=\"col-inner\">\n<h1><strong>Bendrieji parametrai<\/strong><\/h1>\n<\/div>\n<\/div>\n<div id=\"col-35252131\" class=\"col medium-8 small-10 large-8\">\n<div class=\"col-inner\">\n<ul>\n<li><strong>Prek\u0117s tipas:<\/strong> \u012eranki\u0173 rinkiniai<\/li>\n<li><strong>Prek\u0117s med\u017eiaga:<\/strong> Metalas, plastikas, guma<\/li>\n<\/ul>\n<\/div>\n<\/div>\n<\/div>\n<\/div>\n<\/section>\n","protected":false},"excerpt":{"rendered":"<p>Universalus remonto rinkinys skirtas taisyti telefonus, i\u0161maniuosius telefonus, plan\u0161etinius ir ne\u0161iojamus kompiuterius, taip pat visus kitus irenginius ir irang\u0105, turin\u010dius nestandartinius, ma\u017eus var\u017etus. RESOLUTE.LT EL. PARDUOTUV\u0116: \u2013\u00a0Standartinis pristatymas (apmokant banko kortele, el. bankininkyste, Paysera ar PayPal). \u2013 Tik naujos ir nei\u0161pakuotos prek\u0117s! Komplektacija 3x\u00a0 Skirting\u0173 gal\u0173 metaliniai atsuktuvai 1x\u00a0 Siurbtukas 1x\u00a0 Daugiafunkcinis plastikinis \u012frankis (i\u0161ilgas) [&#8230;]\n","protected":false},"featured_media":3626,"template":"","meta":[],"product_brand":[],"product_cat":[37],"product_tag":[],"class_list":{"0":"post-3625","1":"product","2":"type-product","3":"status-publish","4":"has-post-thumbnail","6":"product_cat-kiti-telefonu-priedai","8":"first","9":"outofstock","10":"shipping-taxable","11":"purchasable","12":"product-type-simple"},"yoast_head":"<!-- This site is optimized with the Yoast SEO plugin v27.4 - https:\/\/yoast.com\/product\/yoast-seo-wordpress\/ -->\n<title>Telefono remonto \u012franki\u0173 rinkinys - Resolute.lt<\/title>\n<meta name=\"description\" content=\"Remonto rinkinys skirtas taisyti telefonus, i\u0161maniuosius telefonus, plan\u0161etinius ir ne\u0161iojamus kompiuterius, taip pat kitus irenginius ir irang\u0105.\" \/>\n<meta name=\"robots\" content=\"index, follow, max-snippet:-1, max-image-preview:large, max-video-preview:-1\" \/>\n<link rel=\"canonical\" href=\"https:\/\/resolute.lt\/index.php\/produktas\/telefono-remonto-irankiu-rinkinys\/\" \/>\n<meta property=\"og:locale\" content=\"lt_LT\" \/>\n<meta property=\"og:type\" content=\"article\" \/>\n<meta property=\"og:title\" content=\"Telefono remonto \u012franki\u0173 rinkinys - Resolute.lt\" \/>\n<meta property=\"og:description\" content=\"Remonto rinkinys skirtas taisyti telefonus, i\u0161maniuosius telefonus, plan\u0161etinius ir ne\u0161iojamus kompiuterius, taip pat kitus irenginius ir irang\u0105.\" \/>\n<meta property=\"og:url\" content=\"https:\/\/resolute.lt\/index.php\/produktas\/telefono-remonto-irankiu-rinkinys\/\" \/>\n<meta property=\"og:site_name\" content=\"Resolute.lt\" \/>\n<meta property=\"article:modified_time\" content=\"2025-02-25T15:17:50+00:00\" \/>\n<meta property=\"og:image\" content=\"https:\/\/resolute.lt\/wp-content\/uploads\/2023\/06\/Universalus-remonto-rinkinys-Telefonu-Plansetiniu-nesiojamu-kompiuteriu-LCD-ekrano-keitimo-Resolute.lt_.jpg\" \/>\n\t<meta property=\"og:image:width\" content=\"390\" \/>\n\t<meta property=\"og:image:height\" content=\"390\" \/>\n\t<meta property=\"og:image:type\" content=\"image\/jpeg\" \/>\n<meta name=\"twitter:card\" content=\"summary_large_image\" \/>\n<meta name=\"twitter:label1\" content=\"Est. reading time\" \/>\n\t<meta name=\"twitter:data1\" content=\"1 minut\u0117\" \/>\n<script type=\"application\/ld+json\" class=\"yoast-schema-graph\">{\"@context\":\"https:\\\/\\\/schema.org\",\"@graph\":[{\"@type\":\"WebPage\",\"@id\":\"https:\\\/\\\/resolute.lt\\\/index.php\\\/produktas\\\/telefono-remonto-irankiu-rinkinys\\\/\",\"url\":\"https:\\\/\\\/resolute.lt\\\/index.php\\\/produktas\\\/telefono-remonto-irankiu-rinkinys\\\/\",\"name\":\"Telefono remonto \u012franki\u0173 rinkinys - Resolute.lt\",\"isPartOf\":{\"@id\":\"https:\\\/\\\/resolute.lt\\\/#website\"},\"primaryImageOfPage\":{\"@id\":\"https:\\\/\\\/resolute.lt\\\/index.php\\\/produktas\\\/telefono-remonto-irankiu-rinkinys\\\/#primaryimage\"},\"image\":{\"@id\":\"https:\\\/\\\/resolute.lt\\\/index.php\\\/produktas\\\/telefono-remonto-irankiu-rinkinys\\\/#primaryimage\"},\"thumbnailUrl\":\"https:\\\/\\\/resolute.lt\\\/wp-content\\\/uploads\\\/2023\\\/06\\\/Universalus-remonto-rinkinys-Telefonu-Plansetiniu-nesiojamu-kompiuteriu-LCD-ekrano-keitimo-Resolute.lt_.jpg\",\"datePublished\":\"2023-06-24T14:04:23+00:00\",\"dateModified\":\"2025-02-25T15:17:50+00:00\",\"description\":\"Remonto rinkinys skirtas taisyti telefonus, i\u0161maniuosius telefonus, plan\u0161etinius ir ne\u0161iojamus kompiuterius, taip pat kitus irenginius ir irang\u0105.\",\"breadcrumb\":{\"@id\":\"https:\\\/\\\/resolute.lt\\\/index.php\\\/produktas\\\/telefono-remonto-irankiu-rinkinys\\\/#breadcrumb\"},\"inLanguage\":\"lt-LT\",\"potentialAction\":[{\"@type\":\"ReadAction\",\"target\":[\"https:\\\/\\\/resolute.lt\\\/index.php\\\/produktas\\\/telefono-remonto-irankiu-rinkinys\\\/\"]}]},{\"@type\":\"ImageObject\",\"inLanguage\":\"lt-LT\",\"@id\":\"https:\\\/\\\/resolute.lt\\\/index.php\\\/produktas\\\/telefono-remonto-irankiu-rinkinys\\\/#primaryimage\",\"url\":\"https:\\\/\\\/resolute.lt\\\/wp-content\\\/uploads\\\/2023\\\/06\\\/Universalus-remonto-rinkinys-Telefonu-Plansetiniu-nesiojamu-kompiuteriu-LCD-ekrano-keitimo-Resolute.lt_.jpg\",\"contentUrl\":\"https:\\\/\\\/resolute.lt\\\/wp-content\\\/uploads\\\/2023\\\/06\\\/Universalus-remonto-rinkinys-Telefonu-Plansetiniu-nesiojamu-kompiuteriu-LCD-ekrano-keitimo-Resolute.lt_.jpg\",\"width\":390,\"height\":390},{\"@type\":\"BreadcrumbList\",\"@id\":\"https:\\\/\\\/resolute.lt\\\/index.php\\\/produktas\\\/telefono-remonto-irankiu-rinkinys\\\/#breadcrumb\",\"itemListElement\":[{\"@type\":\"ListItem\",\"position\":1,\"name\":\"Home\",\"item\":\"https:\\\/\\\/resolute.lt\\\/\"},{\"@type\":\"ListItem\",\"position\":2,\"name\":\"Resolute.lt\",\"item\":\"https:\\\/\\\/resolute.lt\\\/\"},{\"@type\":\"ListItem\",\"position\":3,\"name\":\"Telefono remonto \u012franki\u0173 rinkinys\"}]},{\"@type\":\"WebSite\",\"@id\":\"https:\\\/\\\/resolute.lt\\\/#website\",\"url\":\"https:\\\/\\\/resolute.lt\\\/\",\"name\":\"Resolute.lt\",\"description\":\"Sm\u016bgiams ir vandeniui telefonai\",\"potentialAction\":[{\"@type\":\"SearchAction\",\"target\":{\"@type\":\"EntryPoint\",\"urlTemplate\":\"https:\\\/\\\/resolute.lt\\\/?s={search_term_string}\"},\"query-input\":{\"@type\":\"PropertyValueSpecification\",\"valueRequired\":true,\"valueName\":\"search_term_string\"}}],\"inLanguage\":\"lt-LT\"}]}<\/script>\n<!-- \/ Yoast SEO plugin. -->","yoast_head_json":{"title":"Telefono remonto \u012franki\u0173 rinkinys - Resolute.lt","description":"Remonto rinkinys skirtas taisyti telefonus, i\u0161maniuosius telefonus, plan\u0161etinius ir ne\u0161iojamus kompiuterius, taip pat kitus irenginius ir irang\u0105.","robots":{"index":"index","follow":"follow","max-snippet":"max-snippet:-1","max-image-preview":"max-image-preview:large","max-video-preview":"max-video-preview:-1"},"canonical":"https:\/\/resolute.lt\/index.php\/produktas\/telefono-remonto-irankiu-rinkinys\/","og_locale":"lt_LT","og_type":"article","og_title":"Telefono remonto \u012franki\u0173 rinkinys - Resolute.lt","og_description":"Remonto rinkinys skirtas taisyti telefonus, i\u0161maniuosius telefonus, plan\u0161etinius ir ne\u0161iojamus kompiuterius, taip pat kitus irenginius ir irang\u0105.","og_url":"https:\/\/resolute.lt\/index.php\/produktas\/telefono-remonto-irankiu-rinkinys\/","og_site_name":"Resolute.lt","article_modified_time":"2025-02-25T15:17:50+00:00","og_image":[{"width":390,"height":390,"url":"https:\/\/resolute.lt\/wp-content\/uploads\/2023\/06\/Universalus-remonto-rinkinys-Telefonu-Plansetiniu-nesiojamu-kompiuteriu-LCD-ekrano-keitimo-Resolute.lt_.jpg","type":"image\/jpeg"}],"twitter_card":"summary_large_image","twitter_misc":{"Est. reading time":"1 minut\u0117"},"schema":{"@context":"https:\/\/schema.org","@graph":[{"@type":"WebPage","@id":"https:\/\/resolute.lt\/index.php\/produktas\/telefono-remonto-irankiu-rinkinys\/","url":"https:\/\/resolute.lt\/index.php\/produktas\/telefono-remonto-irankiu-rinkinys\/","name":"Telefono remonto \u012franki\u0173 rinkinys - Resolute.lt","isPartOf":{"@id":"https:\/\/resolute.lt\/#website"},"primaryImageOfPage":{"@id":"https:\/\/resolute.lt\/index.php\/produktas\/telefono-remonto-irankiu-rinkinys\/#primaryimage"},"image":{"@id":"https:\/\/resolute.lt\/index.php\/produktas\/telefono-remonto-irankiu-rinkinys\/#primaryimage"},"thumbnailUrl":"https:\/\/resolute.lt\/wp-content\/uploads\/2023\/06\/Universalus-remonto-rinkinys-Telefonu-Plansetiniu-nesiojamu-kompiuteriu-LCD-ekrano-keitimo-Resolute.lt_.jpg","datePublished":"2023-06-24T14:04:23+00:00","dateModified":"2025-02-25T15:17:50+00:00","description":"Remonto rinkinys skirtas taisyti telefonus, i\u0161maniuosius telefonus, plan\u0161etinius ir ne\u0161iojamus kompiuterius, taip pat kitus irenginius ir irang\u0105.","breadcrumb":{"@id":"https:\/\/resolute.lt\/index.php\/produktas\/telefono-remonto-irankiu-rinkinys\/#breadcrumb"},"inLanguage":"lt-LT","potentialAction":[{"@type":"ReadAction","target":["https:\/\/resolute.lt\/index.php\/produktas\/telefono-remonto-irankiu-rinkinys\/"]}]},{"@type":"ImageObject","inLanguage":"lt-LT","@id":"https:\/\/resolute.lt\/index.php\/produktas\/telefono-remonto-irankiu-rinkinys\/#primaryimage","url":"https:\/\/resolute.lt\/wp-content\/uploads\/2023\/06\/Universalus-remonto-rinkinys-Telefonu-Plansetiniu-nesiojamu-kompiuteriu-LCD-ekrano-keitimo-Resolute.lt_.jpg","contentUrl":"https:\/\/resolute.lt\/wp-content\/uploads\/2023\/06\/Universalus-remonto-rinkinys-Telefonu-Plansetiniu-nesiojamu-kompiuteriu-LCD-ekrano-keitimo-Resolute.lt_.jpg","width":390,"height":390},{"@type":"BreadcrumbList","@id":"https:\/\/resolute.lt\/index.php\/produktas\/telefono-remonto-irankiu-rinkinys\/#breadcrumb","itemListElement":[{"@type":"ListItem","position":1,"name":"Home","item":"https:\/\/resolute.lt\/"},{"@type":"ListItem","position":2,"name":"Resolute.lt","item":"https:\/\/resolute.lt\/"},{"@type":"ListItem","position":3,"name":"Telefono remonto \u012franki\u0173 rinkinys"}]},{"@type":"WebSite","@id":"https:\/\/resolute.lt\/#website","url":"https:\/\/resolute.lt\/","name":"Resolute.lt","description":"Sm\u016bgiams ir vandeniui telefonai","potentialAction":[{"@type":"SearchAction","target":{"@type":"EntryPoint","urlTemplate":"https:\/\/resolute.lt\/?s={search_term_string}"},"query-input":{"@type":"PropertyValueSpecification","valueRequired":true,"valueName":"search_term_string"}}],"inLanguage":"lt-LT"}]}},"_links":{"self":[{"href":"https:\/\/resolute.lt\/index.php\/wp-json\/wp\/v2\/product\/3625","targetHints":{"allow":["GET"]}}],"collection":[{"href":"https:\/\/resolute.lt\/index.php\/wp-json\/wp\/v2\/product"}],"about":[{"href":"https:\/\/resolute.lt\/index.php\/wp-json\/wp\/v2\/types\/product"}],"wp:featuredmedia":[{"embeddable":true,"href":"https:\/\/resolute.lt\/index.php\/wp-json\/wp\/v2\/media\/3626"}],"wp:attachment":[{"href":"https:\/\/resolute.lt\/index.php\/wp-json\/wp\/v2\/media?parent=3625"}],"wp:term":[{"taxonomy":"product_brand","embeddable":true,"href":"https:\/\/resolute.lt\/index.php\/wp-json\/wp\/v2\/product_brand?post=3625"},{"taxonomy":"product_cat","embeddable":true,"href":"https:\/\/resolute.lt\/index.php\/wp-json\/wp\/v2\/product_cat?post=3625"},{"taxonomy":"product_tag","embeddable":true,"href":"https:\/\/resolute.lt\/index.php\/wp-json\/wp\/v2\/product_tag?post=3625"}],"curies":[{"name":"wp","href":"https:\/\/api.w.org\/{rel}","templated":true}]}}