{"id":3568,"date":"2023-05-23T08:47:27","date_gmt":"2023-05-23T08:47:27","guid":{"rendered":"https:\/\/resolute.lt\/?post_type=product&#038;p=3568"},"modified":"2024-05-28T14:59:49","modified_gmt":"2024-05-28T14:59:49","slug":"ulefone-armor-21","status":"publish","type":"product","link":"https:\/\/resolute.lt\/index.php\/produktas\/ulefone-armor-21\/","title":{"rendered":"Ulefone Armor 21 \u2013 256\/8GB, Juodas"},"content":{"rendered":"<p><strong>Ulefone Armor 21<\/strong> \u2013 pa\u017eangus, i\u0161skirtinio dizaino vandeniui ir sm\u016bgiams atsparus telefonas su nepranokstomos galios Hi-Fi garsiakalbiu. \u012erenginys pasi\u017eymi itin moderniais parametrais: 64 MP Sony\u00ae kamera, 24 MP naktinio matymo kamera, net 256 GB vidine ir 8 GB RAM atmintimi, Helio\u2122 G99 procesoriumi, 9600 mAh baterija su 33 W greitojo \u012fkrovimo funkcija bei Android 13 operacine sistema su lietuvi\u0173 kalba. Juodos spalvos korpusas.<\/p>\n<p><strong><a href=\"https:\/\/www.resolute.lt\/\">RESOLUTE.LT EL. PARDUOTUV\u0116:<\/a><br \/>\n<\/strong>\u2013 Standartinis pristatymas (apmokant banko kortele, el. bankininkyste, Paysera ar PayPal).<br \/>\n\u2013 Galimyb\u0117 atsiimti gyvai Vilniuje (kreiptis +37062296802).<br \/>\n\u2013 Tik naujos ir nei\u0161pakuotos prek\u0117s!<\/p>\n<section id=\"section_2145972809\" class=\"section\">\n<div class=\"section-content relative\">\n<div id=\"row-1175821349\" class=\"row align-center\">\n<div id=\"col-130476939\" class=\"col medium-4 small-10 large-4\">\n<div class=\"col-inner\">\n<h1><strong>Komplektacija<\/strong><\/h1>\n<\/div>\n<\/div>\n<div id=\"col-1358541524\" class=\"col medium-8 small-10 large-8\">\n<div class=\"col-inner\">\n<ul>\n<li><b>1x\u00a0\u00a0<\/b>I\u0161manus telefonas<\/li>\n<li><b>1x\u00a0\u00a0<\/b>EU \u012fkroviklis (greitojo \u012fkrovimo, 33 W)<\/li>\n<li><b>1x\u00a0\u00a0<\/b>USB-C laidas<\/li>\n<li><b>1x\u00a0 <\/b>SIM lizdo \u012frankis<\/li>\n<li><strong>1x<\/strong>\u00a0 Pakabukas telefonui<\/li>\n<li><b>1x<\/b>\u00a0 Naudojimosi instrukcijos<\/li>\n<\/ul>\n<\/div>\n<\/div>\n<\/div>\n<div id=\"row-214715003\" class=\"row align-center\">\n<div id=\"col-883847564\" class=\"col medium-4 small-10 large-4\">\n<div class=\"col-inner\">\n<h1><strong>Bendrieji parametrai<\/strong><\/h1>\n<\/div>\n<\/div>\n<div id=\"col-35252131\" class=\"col medium-8 small-10 large-8\">\n<div class=\"col-inner\">\n<ul>\n<li><strong>Prek\u0117s tipas:<\/strong>\u00a0Mobilieji telefonai<\/li>\n<li><strong>Prek\u0117s spalva:<\/strong>\u00a0Juodas<\/li>\n<li><strong>Palaikom\u0173 SIM korteli\u0173 skai\u010dius:<\/strong>\u00a02<\/li>\n<li><strong>Palaikom\u0173 SIM korteli\u0173 tipas:<\/strong>\u00a0NanoSIM<\/li>\n<\/ul>\n<\/div>\n<\/div>\n<\/div>\n<div id=\"row-1024473742\" class=\"row align-center\">\n<div id=\"col-1535055361\" class=\"col medium-4 small-10 large-4\">\n<div class=\"col-inner\">\n<h1><strong>Operacin\u0117 sistema<\/strong><\/h1>\n<\/div>\n<\/div>\n<div id=\"col-1619534892\" class=\"col medium-8 small-10 large-8\">\n<div class=\"col-inner\">\n<ul>\n<li><strong>Operacin\u0117 sistema:<\/strong>\u00a0Android<\/li>\n<li><strong>Operacin\u0117s sistemos versija:\u00a0<\/strong>13<\/li>\n<li><strong>Palaikomos kalbos:<\/strong>\u00a0Lietuvi\u0173, angl\u0173, rus\u0173, lenk\u0173, latvi\u0173, vokie\u010di\u0173 ir kt.<\/li>\n<\/ul>\n<\/div>\n<\/div>\n<\/div>\n<div id=\"row-307646383\" class=\"row align-center\">\n<div id=\"col-1651260670\" class=\"col medium-4 small-10 large-4\">\n<div class=\"col-inner\">\n<h1><strong>Ekranas<\/strong><\/h1>\n<\/div>\n<\/div>\n<div id=\"col-999120238\" class=\"col medium-8 small-10 large-8\">\n<div class=\"col-inner\">\n<ul>\n<li><strong>Ekrano dydis:<\/strong> 6,58\u2033<\/li>\n<li><strong>Ekrano rai\u0161ka:<\/strong> 2408 x 1080<\/li>\n<li><strong>PPI (pikseliai per col\u012f):\u00a0<\/strong>401<\/li>\n<li><strong>Ry\u0161kumas:<\/strong> 550 nit\u0173<\/li>\n<li><strong>Atnaujinimo da\u017enis:<\/strong> 120 Hz<\/li>\n<li><strong>Ekrano tipas:<\/strong>\u00a0IPS LCD<\/li>\n<li><strong>Ekrano plotas:<\/strong> 72,6 %<\/li>\n<li><strong>I\u0161orinio stiklo tipas:<\/strong> Corning Gorilla\u00ae Glass 5<\/li>\n<\/ul>\n<\/div>\n<\/div>\n<\/div>\n<div id=\"row-1849913578\" class=\"row align-center\">\n<div id=\"col-432336610\" class=\"col medium-4 small-10 large-4\">\n<div class=\"col-inner\">\n<h1><strong>Procesorius ir<br \/>\nvaizdo plok\u0161t\u0117<\/strong><\/h1>\n<\/div>\n<\/div>\n<div id=\"col-1538200702\" class=\"col medium-8 small-10 large-8\">\n<div class=\"col-inner\">\n<ul>\n<li><strong>Procesoriaus modelis: <\/strong>MediaTek Helio\u2122\u00a0G99 (MT6789)<\/li>\n<li><strong>Proceso technologija:<\/strong> 6 nm<\/li>\n<li><strong>Procesoriaus branduoli\u0173 kiekis:<\/strong>\u00a08<\/li>\n<li><strong>Procesoriaus branduoli\u0173 da\u017eniai:<\/strong> 2x 2,2 GHz Cortex-A76 ir 6x 2,0 GHz Cortex-A55<\/li>\n<li><strong>Vaizdo plok\u0161t\u0117s modelis:\u00a0<\/strong>ARM Mali-G57 MC2<\/li>\n<li><strong>Vaizdo plok\u0161t\u0117s branduoli\u0173 da\u017eniai:<\/strong> 2x 1,0 GHz<\/li>\n<\/ul>\n<\/div>\n<\/div>\n<\/div>\n<div id=\"row-2111937453\" class=\"row align-center\">\n<div id=\"col-1355999373\" class=\"col medium-4 small-10 large-4\">\n<div class=\"col-inner\">\n<h1><strong>Atmintis<\/strong><\/h1>\n<\/div>\n<\/div>\n<div id=\"col-2062834539\" class=\"col medium-8 small-10 large-8\">\n<div class=\"col-inner\">\n<ul>\n<li><strong>Vidin\u0117 atminis:\u00a0<\/strong>256 GB<\/li>\n<li><strong>Bendra darbin\u0117 atmintis (RAM):<\/strong> 16 GB<\/li>\n<li><strong>Fizin\u0117 darbin\u0117 atmintis (RAM): <\/strong>8\u00a0GB<\/li>\n<li><strong>Virtuali darbin\u0117 atmintis (RAM):<\/strong> 4 \/ 6 \/ 8 GB<\/li>\n<li><strong>Darbin\u0117s atminties da\u017enis:<\/strong> 2,133 GHz<\/li>\n<li><strong>Atminties kortel\u0117s tipas:\u00a0<\/strong>MicroSD<\/li>\n<li><strong>Atminties kortel\u0117s did\u017eiausia talpa<\/strong>: 2 TB<\/li>\n<\/ul>\n<\/div>\n<\/div>\n<\/div>\n<div id=\"row-1271375553\" class=\"row align-center\">\n<div id=\"col-201046948\" class=\"col medium-4 small-10 large-4\">\n<div class=\"col-inner\">\n<h1><strong>Foto ir vaizdo kamera<\/strong><\/h1>\n<\/div>\n<\/div>\n<div id=\"col-1326179394\" class=\"col medium-8 small-10 large-8\">\n<div class=\"col-inner\">\n<ul>\n<li><strong>Galin\u0117 kamera: <\/strong>Dviguba\u00a064 MP + 24 MP (naktinio matymo)<\/li>\n<li><strong>Galin\u0117s kameros pagrindinis sensorius:<\/strong> Sony\u00ae IMX686 Exmor RS\u2122<\/li>\n<li><strong>Naktinio matymo sensorius:\u00a0<\/strong>24 MP OmniVision\u00ae OV24A1B<\/li>\n<li><strong>Naktinio matymo IR \u0161vietikli\u0173 kiekis:<\/strong> 2<\/li>\n<li><strong>Galin\u0117s kameros filmavimas: <\/strong>1080p@30fps<\/li>\n<li><strong>Blykst\u0117s tipas:<\/strong> LED<\/li>\n<li><strong>Priekin\u0117 kamera:\u00a0<\/strong>24 MP<\/li>\n<li><strong>Priekin\u0117s kameros sensorius:<\/strong> Sony\u00ae Exmor RS<b>\u2122\u00a0<\/b>IMX481<\/li>\n<li><strong>Priekin\u0117s kameros filmavimas:\u00a0<\/strong>1080p@30fps<\/li>\n<\/ul>\n<\/div>\n<\/div>\n<\/div>\n<div id=\"row-588910997\" class=\"row align-center\">\n<div id=\"col-968358050\" class=\"col medium-4 small-10 large-4\">\n<div class=\"col-inner\">\n<h1><strong>Internetas ir komunikacija<\/strong><\/h1>\n<\/div>\n<\/div>\n<div id=\"col-446095547\" class=\"col medium-8 small-10 large-8\">\n<div class=\"col-inner\">\n<ul>\n<li><strong>WiFi s\u0105saja:\u00a0<\/strong>Taip<\/li>\n<li><strong>3G ry\u0161ys:\u00a0<\/strong>Taip<\/li>\n<li><strong>4G ry\u0161ys:\u00a0<\/strong>Taip<\/li>\n<li><strong>5G ry\u0161ys:<\/strong> Ne<\/li>\n<li><strong>Bluetooth s\u0105saja:\u00a0<\/strong>Taip<\/li>\n<li><strong>Bluetooth versija:\u00a0<\/strong>5.2<\/li>\n<li><strong>NFC s\u0105saja:\u00a0<\/strong>Taip<\/li>\n<li><strong>FM radijas:\u00a0<\/strong>Taip<\/li>\n<li><strong>GPS s\u0105saja:\u00a0<\/strong>Taip<\/li>\n<li><strong>GPS sistemos:<\/strong> Galileo, GPS, BeiDou, GLONASS<\/li>\n<\/ul>\n<\/div>\n<\/div>\n<\/div>\n<div id=\"row-693316153\" class=\"row align-center\">\n<div id=\"col-1853202518\" class=\"col medium-4 small-10 large-4\">\n<div class=\"col-inner\">\n<h1><strong>Lizdai ir sensoriai<\/strong><\/h1>\n<\/div>\n<\/div>\n<div id=\"col-341096956\" class=\"col medium-8 small-10 large-8\">\n<div class=\"col-inner\">\n<ul>\n<li><strong>USB lizdo tipas:<\/strong> USB-C<\/li>\n<li><strong>Ausini\u0173 lizdas (AUX): <\/strong>Taip<\/li>\n<li><strong>Pir\u0161t\u0173 antspaud\u0173 sensorius:<\/strong>\u00a0Taip<\/li>\n<li><strong>Pir\u0161to antspaud\u0173 sensoriaus tipas:<\/strong> \u0160oninis<\/li>\n<li><strong>Kiti lizdai:<\/strong>\u00a0uSmart Expansion Connector<\/li>\n<\/ul>\n<\/div>\n<\/div>\n<\/div>\n<div id=\"row-46018524\" class=\"row align-center\">\n<div id=\"col-1418837096\" class=\"col medium-4 small-10 large-4\">\n<div class=\"col-inner\">\n<h1><strong>Baterija<\/strong><\/h1>\n<\/div>\n<\/div>\n<div id=\"col-1976749272\" class=\"col medium-8 small-10 large-8\">\n<div class=\"col-inner\">\n<ul>\n<li><strong>Baterijos talpa:\u00a0<\/strong>9600 mAh<\/li>\n<li><strong>Greitasis \u012fkrovimas:\u00a0<\/strong>Taip<\/li>\n<li><strong>\u012ekrovimo galia:\u00a0<\/strong>33 W<\/li>\n<li><strong>Belaidis \u012fkrovimas: <\/strong>Taip<\/li>\n<li><strong>Belaid\u017eio \u012fkrovimo galia:\u00a0<\/strong>15 W<\/li>\n<li><strong>Atvirk\u0161tinis belaidis \u012fkrovimas:<\/strong>\u00a0Taip (galimyb\u0117 \u012fkrauti kitus \u012frenginius)<\/li>\n<\/ul>\n<\/div>\n<\/div>\n<\/div>\n<div id=\"row-1009664519\" class=\"row align-center\">\n<div id=\"col-477520799\" class=\"col medium-4 small-10 large-4\">\n<div class=\"col-inner\">\n<h1><b>Matmenys ir svoris<\/b><\/h1>\n<\/div>\n<\/div>\n<div id=\"col-1429020984\" class=\"col medium-8 small-10 large-8\">\n<div class=\"col-inner\">\n<ul>\n<li><strong>Matmenys:<\/strong> 176 x 81,6 x 18,1 mm<\/li>\n<li><strong>Svoris:<\/strong> 400 g<\/li>\n<\/ul>\n<\/div>\n<\/div>\n<\/div>\n<div id=\"row-468646911\" class=\"row align-center\">\n<div id=\"col-1185701877\" class=\"col medium-4 small-10 large-4\">\n<div class=\"col-inner\">\n<h1><strong>Papildomi duomenys<\/strong><\/h1>\n<\/div>\n<\/div>\n<div id=\"col-1424211009\" class=\"col medium-8 small-10 large-8\">\n<div class=\"col-inner\">\n<ul>\n<li>I\u0161leidimo data: 2023 m. bir\u017eelis<\/li>\n<li>IP68 sertifikatas (atsparumas vandeniui ir dulk\u0117ms)<\/li>\n<li>Pritaikomas mygtukas<\/li>\n<li>3,5 W galios, 122 dB garsumo ir 11,5 CC garso ertm\u0117s HiFi garsiakalbis<\/li>\n<li>Infinite Halo RGB ap\u0161vietimas<\/li>\n<\/ul>\n<\/div>\n<\/div>\n<\/div>\n<\/div>\n<\/section>\n<p>&nbsp;<\/p>\n<div class=\"celwidget aplus-module 3p-module-b aplus-standard\" data-csa-c-id=\"4ufibw-fkqbk8-4vizqp-80ssbw\" data-cel-widget=\"aplus-3p-module-b\">\n<div class=\"aplus-module-wrapper aplus-3p-fixed-width\"><img decoding=\"async\" class=\"a-spacing-base\" src=\"https:\/\/m.media-amazon.com\/images\/S\/aplus-media-library-service-media\/32883b1d-8d3c-445e-9162-4aced24f898c.__CR0,0,970,600_PT0_SX970_V1___.jpg\" alt=\"ulefone armor 21\" data-src=\"https:\/\/m.media-amazon.com\/images\/S\/aplus-media-library-service-media\/32883b1d-8d3c-445e-9162-4aced24f898c.__CR0,0,970,600_PT0_SX970_V1___.jpg\" \/><\/div>\n<\/div>\n<div class=\"celwidget aplus-module 3p-module-b aplus-standard\" data-csa-c-id=\"9yhpk4-buasdp-depgmq-vn5l4d\" data-cel-widget=\"aplus-3p-module-b\">\n<div class=\"aplus-module-wrapper aplus-3p-fixed-width\"><img decoding=\"async\" class=\"a-spacing-base\" src=\"https:\/\/m.media-amazon.com\/images\/S\/aplus-media-library-service-media\/eb45134c-85f9-4608-9ebb-595f06eda761.__CR0,0,970,600_PT0_SX970_V1___.jpg\" alt=\"16GB+256GB\" data-src=\"https:\/\/m.media-amazon.com\/images\/S\/aplus-media-library-service-media\/eb45134c-85f9-4608-9ebb-595f06eda761.__CR0,0,970,600_PT0_SX970_V1___.jpg\" \/><\/div>\n<\/div>\n<div class=\"celwidget aplus-module 3p-module-b aplus-standard\" data-csa-c-id=\"xgivzr-5z1nsx-s82qr2-vhjj0i\" data-cel-widget=\"aplus-3p-module-b\">\n<div class=\"aplus-module-wrapper aplus-3p-fixed-width\"><img decoding=\"async\" class=\"a-spacing-base\" src=\"https:\/\/m.media-amazon.com\/images\/S\/aplus-media-library-service-media\/76b26f31-436b-4765-ad7b-cb883b33258a.__CR0,0,970,600_PT0_SX970_V1___.jpg\" alt=\"Power armor 21\" data-src=\"https:\/\/m.media-amazon.com\/images\/S\/aplus-media-library-service-media\/76b26f31-436b-4765-ad7b-cb883b33258a.__CR0,0,970,600_PT0_SX970_V1___.jpg\" \/><\/div>\n<\/div>\n<div class=\"celwidget aplus-module 3p-module-b aplus-standard\" data-csa-c-id=\"c63728-ebf965-w8c4rq-62xkme\" data-cel-widget=\"aplus-3p-module-b\">\n<div class=\"aplus-module-wrapper aplus-3p-fixed-width\"><img decoding=\"async\" class=\"a-spacing-base\" src=\"https:\/\/m.media-amazon.com\/images\/S\/aplus-media-library-service-media\/03fa22f2-7227-41e3-8439-f1beb1d8bd0b.__CR0,0,970,600_PT0_SX970_V1___.jpg\" alt=\"HIFI speaker\" data-src=\"https:\/\/m.media-amazon.com\/images\/S\/aplus-media-library-service-media\/03fa22f2-7227-41e3-8439-f1beb1d8bd0b.__CR0,0,970,600_PT0_SX970_V1___.jpg\" \/><\/div>\n<\/div>\n<div class=\"celwidget aplus-module 3p-module-b aplus-standard\" data-csa-c-id=\"tvohkc-iokzuj-glowmg-4l6cb6\" data-cel-widget=\"aplus-3p-module-b\">\n<div class=\"aplus-module-wrapper aplus-3p-fixed-width\"><img decoding=\"async\" class=\"a-spacing-base\" src=\"https:\/\/m.media-amazon.com\/images\/S\/aplus-media-library-service-media\/d292c37d-0426-4b18-8d45-e6724c54ad41.__CR0,0,970,600_PT0_SX970_V1___.jpg\" alt=\"64MP camera\" data-src=\"https:\/\/m.media-amazon.com\/images\/S\/aplus-media-library-service-media\/d292c37d-0426-4b18-8d45-e6724c54ad41.__CR0,0,970,600_PT0_SX970_V1___.jpg\" \/><\/div>\n<\/div>\n<div class=\"celwidget aplus-module 3p-module-b aplus-standard\" data-csa-c-id=\"90t4wn-rrt5qx-ctf2uk-z3iu\" data-cel-widget=\"aplus-3p-module-b\">\n<div class=\"aplus-module-wrapper aplus-3p-fixed-width\"><img decoding=\"async\" class=\"a-spacing-base\" src=\"https:\/\/m.media-amazon.com\/images\/S\/aplus-media-library-service-media\/ad1125ac-b514-4b4a-8ba9-b9646e910b70.__CR0,0,970,600_PT0_SX970_V1___.jpg\" alt=\"6.58 inch\" data-src=\"https:\/\/m.media-amazon.com\/images\/S\/aplus-media-library-service-media\/ad1125ac-b514-4b4a-8ba9-b9646e910b70.__CR0,0,970,600_PT0_SX970_V1___.jpg\" \/><\/div>\n<\/div>\n<div class=\"celwidget aplus-module 3p-module-b aplus-standard\" data-csa-c-id=\"16wf2s-6q479j-6ubnk9-4297ha\" data-cel-widget=\"aplus-3p-module-b\">\n<div class=\"aplus-module-wrapper aplus-3p-fixed-width\"><img decoding=\"async\" class=\"a-spacing-base\" src=\"https:\/\/m.media-amazon.com\/images\/S\/aplus-media-library-service-media\/cfc730ae-36b9-4762-ae4e-c5456d733e1e.__CR0,0,970,600_PT0_SX970_V1___.jpg\" alt=\"Android 13\" data-src=\"https:\/\/m.media-amazon.com\/images\/S\/aplus-media-library-service-media\/cfc730ae-36b9-4762-ae4e-c5456d733e1e.__CR0,0,970,600_PT0_SX970_V1___.jpg\" \/><\/div>\n<\/div>\n","protected":false},"excerpt":{"rendered":"<p>Ulefone Armor 21 \u2013 pa\u017eangus, i\u0161skirtinio dizaino vandeniui ir sm\u016bgiams atsparus telefonas su nepranokstomos galios Hi-Fi garsiakalbiu. \u012erenginys pasi\u017eymi itin moderniais parametrais: 64 MP Sony\u00ae kamera, 24 MP naktinio matymo kamera, net 256 GB vidine ir 8 GB RAM atmintimi, Helio\u2122 G99 procesoriumi, 9600 mAh baterija su 33 W greitojo \u012fkrovimo funkcija bei Android 13 [&#8230;]\n","protected":false},"featured_media":3569,"template":"","meta":[],"product_brand":[],"product_cat":[22],"product_tag":[],"class_list":{"0":"post-3568","1":"product","2":"type-product","3":"status-publish","4":"has-post-thumbnail","6":"product_cat-ulefone-telefonai","8":"first","9":"instock","10":"sale","11":"shipping-taxable","12":"purchasable","13":"product-type-simple"},"yoast_head":"<!-- This site is optimized with the Yoast SEO plugin v27.5 - https:\/\/yoast.com\/product\/yoast-seo-wordpress\/ -->\n<title>Ulefone Armor 21 \u2013 256\/8GB, Juodas - Resolute.lt<\/title>\n<meta name=\"description\" content=\"Ulefone Power Armor 19T vandeniui, sm\u016bgiams, dukl\u0117ms atsparus telefonas su termovizoriumi. Nauji telefonai ma\u017eiausia kaina Lietuvoje!\" \/>\n<meta name=\"robots\" content=\"index, follow, max-snippet:-1, max-image-preview:large, max-video-preview:-1\" \/>\n<link rel=\"canonical\" href=\"https:\/\/resolute.lt\/index.php\/produktas\/ulefone-armor-21\/\" \/>\n<meta property=\"og:locale\" content=\"lt_LT\" \/>\n<meta property=\"og:type\" content=\"article\" \/>\n<meta property=\"og:title\" content=\"Ulefone Armor 21 \u2013 256\/8GB, Juodas - Resolute.lt\" \/>\n<meta property=\"og:description\" content=\"Ulefone Power Armor 19T vandeniui, sm\u016bgiams, dukl\u0117ms atsparus telefonas su termovizoriumi. Nauji telefonai ma\u017eiausia kaina Lietuvoje!\" \/>\n<meta property=\"og:url\" content=\"https:\/\/resolute.lt\/index.php\/produktas\/ulefone-armor-21\/\" \/>\n<meta property=\"og:site_name\" content=\"Resolute.lt\" \/>\n<meta property=\"article:modified_time\" content=\"2024-05-28T14:59:49+00:00\" \/>\n<meta property=\"og:image\" content=\"https:\/\/resolute.lt\/wp-content\/uploads\/2023\/05\/1.-Ulefone-Armor-21-telefonas-Vandeniui-smugiams-dulkems-atsparus-Telefonai-IP68-Resolute.lt_.jpg\" \/>\n\t<meta property=\"og:image:width\" content=\"1500\" \/>\n\t<meta property=\"og:image:height\" content=\"1500\" \/>\n\t<meta property=\"og:image:type\" content=\"image\/jpeg\" \/>\n<meta name=\"twitter:card\" content=\"summary_large_image\" \/>\n<meta name=\"twitter:label1\" content=\"Est. reading time\" \/>\n\t<meta name=\"twitter:data1\" content=\"5 minut\u0117s\" \/>\n<script type=\"application\/ld+json\" class=\"yoast-schema-graph\">{\"@context\":\"https:\\\/\\\/schema.org\",\"@graph\":[{\"@type\":\"WebPage\",\"@id\":\"https:\\\/\\\/resolute.lt\\\/index.php\\\/produktas\\\/ulefone-armor-21\\\/\",\"url\":\"https:\\\/\\\/resolute.lt\\\/index.php\\\/produktas\\\/ulefone-armor-21\\\/\",\"name\":\"Ulefone Armor 21 \u2013 256\\\/8GB, Juodas - Resolute.lt\",\"isPartOf\":{\"@id\":\"https:\\\/\\\/resolute.lt\\\/#website\"},\"primaryImageOfPage\":{\"@id\":\"https:\\\/\\\/resolute.lt\\\/index.php\\\/produktas\\\/ulefone-armor-21\\\/#primaryimage\"},\"image\":{\"@id\":\"https:\\\/\\\/resolute.lt\\\/index.php\\\/produktas\\\/ulefone-armor-21\\\/#primaryimage\"},\"thumbnailUrl\":\"https:\\\/\\\/resolute.lt\\\/wp-content\\\/uploads\\\/2023\\\/05\\\/1.-Ulefone-Armor-21-telefonas-Vandeniui-smugiams-dulkems-atsparus-Telefonai-IP68-Resolute.lt_.jpg\",\"datePublished\":\"2023-05-23T08:47:27+00:00\",\"dateModified\":\"2024-05-28T14:59:49+00:00\",\"description\":\"Ulefone Power Armor 19T vandeniui, sm\u016bgiams, dukl\u0117ms atsparus telefonas su termovizoriumi. Nauji telefonai ma\u017eiausia kaina Lietuvoje!\",\"breadcrumb\":{\"@id\":\"https:\\\/\\\/resolute.lt\\\/index.php\\\/produktas\\\/ulefone-armor-21\\\/#breadcrumb\"},\"inLanguage\":\"lt-LT\",\"potentialAction\":[{\"@type\":\"ReadAction\",\"target\":[\"https:\\\/\\\/resolute.lt\\\/index.php\\\/produktas\\\/ulefone-armor-21\\\/\"]}]},{\"@type\":\"ImageObject\",\"inLanguage\":\"lt-LT\",\"@id\":\"https:\\\/\\\/resolute.lt\\\/index.php\\\/produktas\\\/ulefone-armor-21\\\/#primaryimage\",\"url\":\"https:\\\/\\\/resolute.lt\\\/wp-content\\\/uploads\\\/2023\\\/05\\\/1.-Ulefone-Armor-21-telefonas-Vandeniui-smugiams-dulkems-atsparus-Telefonai-IP68-Resolute.lt_.jpg\",\"contentUrl\":\"https:\\\/\\\/resolute.lt\\\/wp-content\\\/uploads\\\/2023\\\/05\\\/1.-Ulefone-Armor-21-telefonas-Vandeniui-smugiams-dulkems-atsparus-Telefonai-IP68-Resolute.lt_.jpg\",\"width\":1500,\"height\":1500},{\"@type\":\"BreadcrumbList\",\"@id\":\"https:\\\/\\\/resolute.lt\\\/index.php\\\/produktas\\\/ulefone-armor-21\\\/#breadcrumb\",\"itemListElement\":[{\"@type\":\"ListItem\",\"position\":1,\"name\":\"Home\",\"item\":\"https:\\\/\\\/resolute.lt\\\/\"},{\"@type\":\"ListItem\",\"position\":2,\"name\":\"Resolute.lt\",\"item\":\"https:\\\/\\\/resolute.lt\\\/\"},{\"@type\":\"ListItem\",\"position\":3,\"name\":\"Ulefone Armor 21 \u2013 256\\\/8GB, Juodas\"}]},{\"@type\":\"WebSite\",\"@id\":\"https:\\\/\\\/resolute.lt\\\/#website\",\"url\":\"https:\\\/\\\/resolute.lt\\\/\",\"name\":\"Resolute.lt\",\"description\":\"Sm\u016bgiams ir vandeniui telefonai\",\"potentialAction\":[{\"@type\":\"SearchAction\",\"target\":{\"@type\":\"EntryPoint\",\"urlTemplate\":\"https:\\\/\\\/resolute.lt\\\/?s={search_term_string}\"},\"query-input\":{\"@type\":\"PropertyValueSpecification\",\"valueRequired\":true,\"valueName\":\"search_term_string\"}}],\"inLanguage\":\"lt-LT\"}]}<\/script>\n<!-- \/ Yoast SEO plugin. -->","yoast_head_json":{"title":"Ulefone Armor 21 \u2013 256\/8GB, Juodas - Resolute.lt","description":"Ulefone Power Armor 19T vandeniui, sm\u016bgiams, dukl\u0117ms atsparus telefonas su termovizoriumi. Nauji telefonai ma\u017eiausia kaina Lietuvoje!","robots":{"index":"index","follow":"follow","max-snippet":"max-snippet:-1","max-image-preview":"max-image-preview:large","max-video-preview":"max-video-preview:-1"},"canonical":"https:\/\/resolute.lt\/index.php\/produktas\/ulefone-armor-21\/","og_locale":"lt_LT","og_type":"article","og_title":"Ulefone Armor 21 \u2013 256\/8GB, Juodas - Resolute.lt","og_description":"Ulefone Power Armor 19T vandeniui, sm\u016bgiams, dukl\u0117ms atsparus telefonas su termovizoriumi. Nauji telefonai ma\u017eiausia kaina Lietuvoje!","og_url":"https:\/\/resolute.lt\/index.php\/produktas\/ulefone-armor-21\/","og_site_name":"Resolute.lt","article_modified_time":"2024-05-28T14:59:49+00:00","og_image":[{"width":1500,"height":1500,"url":"https:\/\/resolute.lt\/wp-content\/uploads\/2023\/05\/1.-Ulefone-Armor-21-telefonas-Vandeniui-smugiams-dulkems-atsparus-Telefonai-IP68-Resolute.lt_.jpg","type":"image\/jpeg"}],"twitter_card":"summary_large_image","twitter_misc":{"Est. reading time":"5 minut\u0117s"},"schema":{"@context":"https:\/\/schema.org","@graph":[{"@type":"WebPage","@id":"https:\/\/resolute.lt\/index.php\/produktas\/ulefone-armor-21\/","url":"https:\/\/resolute.lt\/index.php\/produktas\/ulefone-armor-21\/","name":"Ulefone Armor 21 \u2013 256\/8GB, Juodas - Resolute.lt","isPartOf":{"@id":"https:\/\/resolute.lt\/#website"},"primaryImageOfPage":{"@id":"https:\/\/resolute.lt\/index.php\/produktas\/ulefone-armor-21\/#primaryimage"},"image":{"@id":"https:\/\/resolute.lt\/index.php\/produktas\/ulefone-armor-21\/#primaryimage"},"thumbnailUrl":"https:\/\/resolute.lt\/wp-content\/uploads\/2023\/05\/1.-Ulefone-Armor-21-telefonas-Vandeniui-smugiams-dulkems-atsparus-Telefonai-IP68-Resolute.lt_.jpg","datePublished":"2023-05-23T08:47:27+00:00","dateModified":"2024-05-28T14:59:49+00:00","description":"Ulefone Power Armor 19T vandeniui, sm\u016bgiams, dukl\u0117ms atsparus telefonas su termovizoriumi. Nauji telefonai ma\u017eiausia kaina Lietuvoje!","breadcrumb":{"@id":"https:\/\/resolute.lt\/index.php\/produktas\/ulefone-armor-21\/#breadcrumb"},"inLanguage":"lt-LT","potentialAction":[{"@type":"ReadAction","target":["https:\/\/resolute.lt\/index.php\/produktas\/ulefone-armor-21\/"]}]},{"@type":"ImageObject","inLanguage":"lt-LT","@id":"https:\/\/resolute.lt\/index.php\/produktas\/ulefone-armor-21\/#primaryimage","url":"https:\/\/resolute.lt\/wp-content\/uploads\/2023\/05\/1.-Ulefone-Armor-21-telefonas-Vandeniui-smugiams-dulkems-atsparus-Telefonai-IP68-Resolute.lt_.jpg","contentUrl":"https:\/\/resolute.lt\/wp-content\/uploads\/2023\/05\/1.-Ulefone-Armor-21-telefonas-Vandeniui-smugiams-dulkems-atsparus-Telefonai-IP68-Resolute.lt_.jpg","width":1500,"height":1500},{"@type":"BreadcrumbList","@id":"https:\/\/resolute.lt\/index.php\/produktas\/ulefone-armor-21\/#breadcrumb","itemListElement":[{"@type":"ListItem","position":1,"name":"Home","item":"https:\/\/resolute.lt\/"},{"@type":"ListItem","position":2,"name":"Resolute.lt","item":"https:\/\/resolute.lt\/"},{"@type":"ListItem","position":3,"name":"Ulefone Armor 21 \u2013 256\/8GB, Juodas"}]},{"@type":"WebSite","@id":"https:\/\/resolute.lt\/#website","url":"https:\/\/resolute.lt\/","name":"Resolute.lt","description":"Sm\u016bgiams ir vandeniui telefonai","potentialAction":[{"@type":"SearchAction","target":{"@type":"EntryPoint","urlTemplate":"https:\/\/resolute.lt\/?s={search_term_string}"},"query-input":{"@type":"PropertyValueSpecification","valueRequired":true,"valueName":"search_term_string"}}],"inLanguage":"lt-LT"}]}},"_links":{"self":[{"href":"https:\/\/resolute.lt\/index.php\/wp-json\/wp\/v2\/product\/3568","targetHints":{"allow":["GET"]}}],"collection":[{"href":"https:\/\/resolute.lt\/index.php\/wp-json\/wp\/v2\/product"}],"about":[{"href":"https:\/\/resolute.lt\/index.php\/wp-json\/wp\/v2\/types\/product"}],"wp:featuredmedia":[{"embeddable":true,"href":"https:\/\/resolute.lt\/index.php\/wp-json\/wp\/v2\/media\/3569"}],"wp:attachment":[{"href":"https:\/\/resolute.lt\/index.php\/wp-json\/wp\/v2\/media?parent=3568"}],"wp:term":[{"taxonomy":"product_brand","embeddable":true,"href":"https:\/\/resolute.lt\/index.php\/wp-json\/wp\/v2\/product_brand?post=3568"},{"taxonomy":"product_cat","embeddable":true,"href":"https:\/\/resolute.lt\/index.php\/wp-json\/wp\/v2\/product_cat?post=3568"},{"taxonomy":"product_tag","embeddable":true,"href":"https:\/\/resolute.lt\/index.php\/wp-json\/wp\/v2\/product_tag?post=3568"}],"curies":[{"name":"wp","href":"https:\/\/api.w.org\/{rel}","templated":true}]}}