{"id":3504,"date":"2023-05-05T09:57:28","date_gmt":"2023-05-05T09:57:28","guid":{"rendered":"https:\/\/resolute.lt\/?post_type=product&#038;p=3504"},"modified":"2023-05-05T11:38:31","modified_gmt":"2023-05-05T11:38:31","slug":"blow-universalus-masininis-telefono-laikiklis-su-belaidziu-ikrovimu","status":"publish","type":"product","link":"https:\/\/resolute.lt\/index.php\/produktas\/blow-universalus-masininis-telefono-laikiklis-su-belaidziu-ikrovimu\/","title":{"rendered":"BLOW universalus ma\u0161ininis telefono laikiklis &#8211; Belaidis \u012fkroviklis"},"content":{"rendered":"<p><strong>BLOW<\/strong> universalus ma\u0161ininis telefono laikiklis su 10W greituoju belaid\u017eiu \u012fkrovimu, tinkantis telefonams su 4,7&#8243;+ \u012fstri\u017eaini\u0173 ekranais. Naudokite \u0161\u012f laikikl\u012f kartu su savo i\u0161maniuoju telefonu kaip laisv\u0173 rank\u0173 \u012frang\u0105 skambu\u010diams, navigacijai, kaip ekran\u0105 video \u017ei\u016br\u0117jimui, taip pat \u012fkraukite savo telefon\u0105 pa\u017eangiu 10 W belaid\u017eiu \u012fkrovimu be poreikio kaskart jungin\u0117ti USB laid\u0105!<\/p>\n<p><strong><a href=\"https:\/\/www.resolute.lt\/\">RESOLUTE.LT EL. PARDUOTUV\u0116:<\/a><\/strong><br \/>\n\u2013 4 d.d. pristatymas (apmokant banko kortele, el. bankininkyste, Paysera ar Paypal).<\/p>\n<section id=\"section_2145972809\" class=\"section\">\n<div class=\"section-content relative\">\n<div id=\"row-1175821349\" class=\"row align-center\">\n<div id=\"col-130476939\" class=\"col medium-4 small-10 large-4\">\n<div class=\"col-inner\">\n<h1><strong>Komplektacija<\/strong><\/h1>\n<\/div>\n<\/div>\n<div id=\"col-1358541524\" class=\"col medium-8 small-10 large-8\">\n<div class=\"col-inner\">\n<ul>\n<li><b>1x\u00a0<\/b> Ma\u0161inis telefono laikiklis<\/li>\n<li><strong>1x<\/strong>\u00a0 USB laidas<\/li>\n<li><strong>1x<\/strong>\u00a0 Naudojimosi instrukcija<\/li>\n<\/ul>\n<\/div>\n<\/div>\n<\/div>\n<div id=\"row-214715003\" class=\"row align-center\">\n<div id=\"col-883847564\" class=\"col medium-4 small-10 large-4\">\n<div class=\"col-inner\">\n<h1><strong>Bendrieji parametrai<\/strong><\/h1>\n<\/div>\n<\/div>\n<div id=\"col-35252131\" class=\"col medium-8 small-10 large-8\">\n<div class=\"col-inner\">\n<ul>\n<li><strong>Prek\u0117s tipas:<\/strong> Ma\u0161ininiai \/ automobiliniai telefon\u0173 laikikliai<\/li>\n<li><b>Prek\u0117s spalva: <\/b>Juoda<\/li>\n<li><strong>Prek\u0117s med\u017eiaga:<\/strong> ABS (akrilnitrilo butadieno stirenas)<\/li>\n<\/ul>\n<\/div>\n<\/div>\n<\/div>\n<div id=\"row-1009664519\" class=\"row align-center\">\n<div id=\"col-477520799\" class=\"col medium-4 small-10 large-4\">\n<div class=\"col-inner\">\n<h1><b>Techniniai parametrai<\/b><\/h1>\n<\/div>\n<\/div>\n<div id=\"col-1429020984\" class=\"col medium-8 small-10 large-8\">\n<div class=\"col-inner\">\n<ul>\n<li><strong>\u012evestis:<\/strong> 5V \/ 2A;\u00a0 9V \/ 1,3A<\/li>\n<li><strong>\u012ekrovimo galia:<\/strong> iki 10 W<\/li>\n<\/ul>\n<\/div>\n<\/div>\n<\/div>\n<div id=\"row-1009664519\" class=\"row align-center\">\n<div id=\"col-477520799\" class=\"col medium-4 small-10 large-4\">\n<div class=\"col-inner\">\n<h1><b>Matmenys ir svoris<\/b><\/h1>\n<\/div>\n<\/div>\n<div id=\"col-1429020984\" class=\"col medium-8 small-10 large-8\">\n<div class=\"col-inner\">\n<ul>\n<li><strong>Suderinamo telefono plotis:<\/strong> 64-88 mm<\/li>\n<li><strong>I\u0161matavimai: <\/strong>120 x 95 x 95 mm<\/li>\n<li><strong>USB laido ilgis: <\/strong>1 m<\/li>\n<li><b>Svoris: <\/b>75 g<\/li>\n<\/ul>\n<\/div>\n<\/div>\n<\/div>\n<div id=\"row-1009664519\" class=\"row align-center\">\n<div id=\"col-477520799\" class=\"col medium-4 small-10 large-4\">\n<div class=\"col-inner\">\n<h1><strong>Papildomi duomenys<\/strong><\/h1>\n<\/div>\n<\/div>\n<div id=\"col-1424211009\" class=\"col medium-8 small-10 large-8\">\n<div class=\"col-inner\">\n<ul>\n<li>Montavimo vieta: automobilio ventiliacijos angos<\/li>\n<li>Automatinis laikiklio u\u017esidarymas<\/li>\n<\/ul>\n<\/div>\n<\/div>\n<\/div>\n<p>&nbsp;<\/p>\n<div id=\"row-468646911\" class=\"row align-center\">\n<div id=\"col-1424211009\" class=\"col medium-8 small-10 large-8\">\n<div class=\"col-inner\">\n<p><img loading=\"lazy\" decoding=\"async\" class=\"alignnone wp-image-3508 size-large\" src=\"https:\/\/resolute.lt\/wp-content\/uploads\/2023\/05\/4.-BLOW-universalus-masininis-telefono-laikiklis-su-belaidziu-ikrovimu-Belaidis-ikroviklis-Resolute.lt_-1024x769.jpg\" alt=\"\" width=\"1020\" height=\"766\" srcset=\"https:\/\/resolute.lt\/wp-content\/uploads\/2023\/05\/4.-BLOW-universalus-masininis-telefono-laikiklis-su-belaidziu-ikrovimu-Belaidis-ikroviklis-Resolute.lt_-1024x769.jpg 1024w, https:\/\/resolute.lt\/wp-content\/uploads\/2023\/05\/4.-BLOW-universalus-masininis-telefono-laikiklis-su-belaidziu-ikrovimu-Belaidis-ikroviklis-Resolute.lt_-510x383.jpg 510w, https:\/\/resolute.lt\/wp-content\/uploads\/2023\/05\/4.-BLOW-universalus-masininis-telefono-laikiklis-su-belaidziu-ikrovimu-Belaidis-ikroviklis-Resolute.lt_-300x225.jpg 300w, https:\/\/resolute.lt\/wp-content\/uploads\/2023\/05\/4.-BLOW-universalus-masininis-telefono-laikiklis-su-belaidziu-ikrovimu-Belaidis-ikroviklis-Resolute.lt_-768x577.jpg 768w, https:\/\/resolute.lt\/wp-content\/uploads\/2023\/05\/4.-BLOW-universalus-masininis-telefono-laikiklis-su-belaidziu-ikrovimu-Belaidis-ikroviklis-Resolute.lt_.jpg 1125w\" sizes=\"auto, (max-width: 1020px) 100vw, 1020px\" \/><br \/>\n<img loading=\"lazy\" decoding=\"async\" class=\"alignnone wp-image-3509 size-large\" src=\"https:\/\/resolute.lt\/wp-content\/uploads\/2023\/05\/5.-BLOW-universalus-masininis-telefono-laikiklis-su-belaidziu-ikrovimu-Belaidis-ikroviklis-Resolute.lt_-1024x766.jpg\" alt=\"\" width=\"1020\" height=\"763\" srcset=\"https:\/\/resolute.lt\/wp-content\/uploads\/2023\/05\/5.-BLOW-universalus-masininis-telefono-laikiklis-su-belaidziu-ikrovimu-Belaidis-ikroviklis-Resolute.lt_-1024x766.jpg 1024w, https:\/\/resolute.lt\/wp-content\/uploads\/2023\/05\/5.-BLOW-universalus-masininis-telefono-laikiklis-su-belaidziu-ikrovimu-Belaidis-ikroviklis-Resolute.lt_-510x381.jpg 510w, https:\/\/resolute.lt\/wp-content\/uploads\/2023\/05\/5.-BLOW-universalus-masininis-telefono-laikiklis-su-belaidziu-ikrovimu-Belaidis-ikroviklis-Resolute.lt_-300x224.jpg 300w, https:\/\/resolute.lt\/wp-content\/uploads\/2023\/05\/5.-BLOW-universalus-masininis-telefono-laikiklis-su-belaidziu-ikrovimu-Belaidis-ikroviklis-Resolute.lt_-768x574.jpg 768w, https:\/\/resolute.lt\/wp-content\/uploads\/2023\/05\/5.-BLOW-universalus-masininis-telefono-laikiklis-su-belaidziu-ikrovimu-Belaidis-ikroviklis-Resolute.lt_.jpg 1127w\" sizes=\"auto, (max-width: 1020px) 100vw, 1020px\" \/><br \/>\n<img loading=\"lazy\" decoding=\"async\" class=\"alignnone wp-image-3509 size-large\" src=\"https:\/\/resolute.lt\/wp-content\/uploads\/2023\/05\/5.-BLOW-universalus-masininis-telefono-laikiklis-su-belaidziu-ikrovimu-Belaidis-ikroviklis-Resolute.lt_-1024x766.jpg\" alt=\"\" width=\"1020\" height=\"763\" srcset=\"https:\/\/resolute.lt\/wp-content\/uploads\/2023\/05\/5.-BLOW-universalus-masininis-telefono-laikiklis-su-belaidziu-ikrovimu-Belaidis-ikroviklis-Resolute.lt_-1024x766.jpg 1024w, https:\/\/resolute.lt\/wp-content\/uploads\/2023\/05\/5.-BLOW-universalus-masininis-telefono-laikiklis-su-belaidziu-ikrovimu-Belaidis-ikroviklis-Resolute.lt_-510x381.jpg 510w, https:\/\/resolute.lt\/wp-content\/uploads\/2023\/05\/5.-BLOW-universalus-masininis-telefono-laikiklis-su-belaidziu-ikrovimu-Belaidis-ikroviklis-Resolute.lt_-300x224.jpg 300w, https:\/\/resolute.lt\/wp-content\/uploads\/2023\/05\/5.-BLOW-universalus-masininis-telefono-laikiklis-su-belaidziu-ikrovimu-Belaidis-ikroviklis-Resolute.lt_-768x574.jpg 768w, https:\/\/resolute.lt\/wp-content\/uploads\/2023\/05\/5.-BLOW-universalus-masininis-telefono-laikiklis-su-belaidziu-ikrovimu-Belaidis-ikroviklis-Resolute.lt_.jpg 1127w\" sizes=\"auto, (max-width: 1020px) 100vw, 1020px\" \/><\/p>\n<\/div>\n<\/div>\n<\/div>\n<\/div>\n<\/section>\n","protected":false},"excerpt":{"rendered":"<p>BLOW universalus ma\u0161ininis telefono laikiklis su 10W greituoju belaid\u017eiu \u012fkrovimu, tinkantis telefonams su 4,7&#8243;+ \u012fstri\u017eaini\u0173 ekranais. Naudokite \u0161\u012f laikikl\u012f kartu su savo i\u0161maniuoju telefonu kaip laisv\u0173 rank\u0173 \u012frang\u0105 skambu\u010diams, navigacijai, kaip ekran\u0105 video \u017ei\u016br\u0117jimui, taip pat \u012fkraukite savo telefon\u0105 pa\u017eangiu 10 W belaid\u017eiu \u012fkrovimu be poreikio kaskart jungin\u0117ti USB laid\u0105! RESOLUTE.LT EL. PARDUOTUV\u0116: \u2013 4 [&#8230;]\n","protected":false},"featured_media":3505,"template":"","meta":[],"product_brand":[],"product_cat":[45,37],"product_tag":[],"class_list":{"0":"post-3504","1":"product","2":"type-product","3":"status-publish","4":"has-post-thumbnail","6":"product_cat-4-6-d-d-pristatymo-prekes","7":"product_cat-kiti-telefonu-priedai","9":"first","10":"instock","11":"shipping-taxable","12":"purchasable","13":"product-type-simple"},"yoast_head":"<!-- This site is optimized with the Yoast SEO plugin v27.4 - https:\/\/yoast.com\/product\/yoast-seo-wordpress\/ -->\n<title>BLOW universalus ma\u0161ininis telefono laikiklis - Belaidis \u012fkroviklis - Resolute.lt<\/title>\n<meta name=\"description\" content=\"BLOW universalus ma\u0161ininis telefono laikiklis su 10W greituoju belaid\u017eiu \u012fkrovimu. Naudokite kaip laisv\u0173 rank\u0173 \u012frang\u0105 navigacijai, kaip video ekran\u0105 ir kt.!\" \/>\n<meta name=\"robots\" content=\"index, follow, max-snippet:-1, max-image-preview:large, max-video-preview:-1\" \/>\n<link rel=\"canonical\" href=\"https:\/\/resolute.lt\/index.php\/produktas\/blow-universalus-masininis-telefono-laikiklis-su-belaidziu-ikrovimu\/\" \/>\n<meta property=\"og:locale\" content=\"lt_LT\" \/>\n<meta property=\"og:type\" content=\"article\" \/>\n<meta property=\"og:title\" content=\"BLOW universalus ma\u0161ininis telefono laikiklis - Belaidis \u012fkroviklis - Resolute.lt\" \/>\n<meta property=\"og:description\" content=\"BLOW universalus ma\u0161ininis telefono laikiklis su 10W greituoju belaid\u017eiu \u012fkrovimu. Naudokite kaip laisv\u0173 rank\u0173 \u012frang\u0105 navigacijai, kaip video ekran\u0105 ir kt.!\" \/>\n<meta property=\"og:url\" content=\"https:\/\/resolute.lt\/index.php\/produktas\/blow-universalus-masininis-telefono-laikiklis-su-belaidziu-ikrovimu\/\" \/>\n<meta property=\"og:site_name\" content=\"Resolute.lt\" \/>\n<meta property=\"article:modified_time\" content=\"2023-05-05T11:38:31+00:00\" \/>\n<meta property=\"og:image\" content=\"https:\/\/resolute.lt\/wp-content\/uploads\/2023\/05\/1.-BLOW-universalus-masininis-telefono-laikiklis-su-belaidziu-ikrovimu-Belaidis-ikroviklis-Resolute.lt_.jpg\" \/>\n\t<meta property=\"og:image:width\" content=\"952\" \/>\n\t<meta property=\"og:image:height\" content=\"839\" \/>\n\t<meta property=\"og:image:type\" content=\"image\/jpeg\" \/>\n<meta name=\"twitter:card\" content=\"summary_large_image\" \/>\n<meta name=\"twitter:label1\" content=\"Est. reading time\" \/>\n\t<meta name=\"twitter:data1\" content=\"2 minut\u0117s\" \/>\n<script type=\"application\/ld+json\" class=\"yoast-schema-graph\">{\"@context\":\"https:\\\/\\\/schema.org\",\"@graph\":[{\"@type\":\"WebPage\",\"@id\":\"https:\\\/\\\/resolute.lt\\\/index.php\\\/produktas\\\/blow-universalus-masininis-telefono-laikiklis-su-belaidziu-ikrovimu\\\/\",\"url\":\"https:\\\/\\\/resolute.lt\\\/index.php\\\/produktas\\\/blow-universalus-masininis-telefono-laikiklis-su-belaidziu-ikrovimu\\\/\",\"name\":\"BLOW universalus ma\u0161ininis telefono laikiklis - Belaidis \u012fkroviklis - Resolute.lt\",\"isPartOf\":{\"@id\":\"https:\\\/\\\/resolute.lt\\\/#website\"},\"primaryImageOfPage\":{\"@id\":\"https:\\\/\\\/resolute.lt\\\/index.php\\\/produktas\\\/blow-universalus-masininis-telefono-laikiklis-su-belaidziu-ikrovimu\\\/#primaryimage\"},\"image\":{\"@id\":\"https:\\\/\\\/resolute.lt\\\/index.php\\\/produktas\\\/blow-universalus-masininis-telefono-laikiklis-su-belaidziu-ikrovimu\\\/#primaryimage\"},\"thumbnailUrl\":\"https:\\\/\\\/resolute.lt\\\/wp-content\\\/uploads\\\/2023\\\/05\\\/1.-BLOW-universalus-masininis-telefono-laikiklis-su-belaidziu-ikrovimu-Belaidis-ikroviklis-Resolute.lt_.jpg\",\"datePublished\":\"2023-05-05T09:57:28+00:00\",\"dateModified\":\"2023-05-05T11:38:31+00:00\",\"description\":\"BLOW universalus ma\u0161ininis telefono laikiklis su 10W greituoju belaid\u017eiu \u012fkrovimu. Naudokite kaip laisv\u0173 rank\u0173 \u012frang\u0105 navigacijai, kaip video ekran\u0105 ir kt.!\",\"breadcrumb\":{\"@id\":\"https:\\\/\\\/resolute.lt\\\/index.php\\\/produktas\\\/blow-universalus-masininis-telefono-laikiklis-su-belaidziu-ikrovimu\\\/#breadcrumb\"},\"inLanguage\":\"lt-LT\",\"potentialAction\":[{\"@type\":\"ReadAction\",\"target\":[\"https:\\\/\\\/resolute.lt\\\/index.php\\\/produktas\\\/blow-universalus-masininis-telefono-laikiklis-su-belaidziu-ikrovimu\\\/\"]}]},{\"@type\":\"ImageObject\",\"inLanguage\":\"lt-LT\",\"@id\":\"https:\\\/\\\/resolute.lt\\\/index.php\\\/produktas\\\/blow-universalus-masininis-telefono-laikiklis-su-belaidziu-ikrovimu\\\/#primaryimage\",\"url\":\"https:\\\/\\\/resolute.lt\\\/wp-content\\\/uploads\\\/2023\\\/05\\\/1.-BLOW-universalus-masininis-telefono-laikiklis-su-belaidziu-ikrovimu-Belaidis-ikroviklis-Resolute.lt_.jpg\",\"contentUrl\":\"https:\\\/\\\/resolute.lt\\\/wp-content\\\/uploads\\\/2023\\\/05\\\/1.-BLOW-universalus-masininis-telefono-laikiklis-su-belaidziu-ikrovimu-Belaidis-ikroviklis-Resolute.lt_.jpg\",\"width\":952,\"height\":839},{\"@type\":\"BreadcrumbList\",\"@id\":\"https:\\\/\\\/resolute.lt\\\/index.php\\\/produktas\\\/blow-universalus-masininis-telefono-laikiklis-su-belaidziu-ikrovimu\\\/#breadcrumb\",\"itemListElement\":[{\"@type\":\"ListItem\",\"position\":1,\"name\":\"Home\",\"item\":\"https:\\\/\\\/resolute.lt\\\/\"},{\"@type\":\"ListItem\",\"position\":2,\"name\":\"Resolute.lt\",\"item\":\"https:\\\/\\\/resolute.lt\\\/\"},{\"@type\":\"ListItem\",\"position\":3,\"name\":\"BLOW universalus ma\u0161ininis telefono laikiklis &#8211; Belaidis \u012fkroviklis\"}]},{\"@type\":\"WebSite\",\"@id\":\"https:\\\/\\\/resolute.lt\\\/#website\",\"url\":\"https:\\\/\\\/resolute.lt\\\/\",\"name\":\"Resolute.lt\",\"description\":\"Sm\u016bgiams ir vandeniui telefonai\",\"potentialAction\":[{\"@type\":\"SearchAction\",\"target\":{\"@type\":\"EntryPoint\",\"urlTemplate\":\"https:\\\/\\\/resolute.lt\\\/?s={search_term_string}\"},\"query-input\":{\"@type\":\"PropertyValueSpecification\",\"valueRequired\":true,\"valueName\":\"search_term_string\"}}],\"inLanguage\":\"lt-LT\"}]}<\/script>\n<!-- \/ Yoast SEO plugin. -->","yoast_head_json":{"title":"BLOW universalus ma\u0161ininis telefono laikiklis - Belaidis \u012fkroviklis - Resolute.lt","description":"BLOW universalus ma\u0161ininis telefono laikiklis su 10W greituoju belaid\u017eiu \u012fkrovimu. Naudokite kaip laisv\u0173 rank\u0173 \u012frang\u0105 navigacijai, kaip video ekran\u0105 ir kt.!","robots":{"index":"index","follow":"follow","max-snippet":"max-snippet:-1","max-image-preview":"max-image-preview:large","max-video-preview":"max-video-preview:-1"},"canonical":"https:\/\/resolute.lt\/index.php\/produktas\/blow-universalus-masininis-telefono-laikiklis-su-belaidziu-ikrovimu\/","og_locale":"lt_LT","og_type":"article","og_title":"BLOW universalus ma\u0161ininis telefono laikiklis - Belaidis \u012fkroviklis - Resolute.lt","og_description":"BLOW universalus ma\u0161ininis telefono laikiklis su 10W greituoju belaid\u017eiu \u012fkrovimu. Naudokite kaip laisv\u0173 rank\u0173 \u012frang\u0105 navigacijai, kaip video ekran\u0105 ir kt.!","og_url":"https:\/\/resolute.lt\/index.php\/produktas\/blow-universalus-masininis-telefono-laikiklis-su-belaidziu-ikrovimu\/","og_site_name":"Resolute.lt","article_modified_time":"2023-05-05T11:38:31+00:00","og_image":[{"width":952,"height":839,"url":"https:\/\/resolute.lt\/wp-content\/uploads\/2023\/05\/1.-BLOW-universalus-masininis-telefono-laikiklis-su-belaidziu-ikrovimu-Belaidis-ikroviklis-Resolute.lt_.jpg","type":"image\/jpeg"}],"twitter_card":"summary_large_image","twitter_misc":{"Est. reading time":"2 minut\u0117s"},"schema":{"@context":"https:\/\/schema.org","@graph":[{"@type":"WebPage","@id":"https:\/\/resolute.lt\/index.php\/produktas\/blow-universalus-masininis-telefono-laikiklis-su-belaidziu-ikrovimu\/","url":"https:\/\/resolute.lt\/index.php\/produktas\/blow-universalus-masininis-telefono-laikiklis-su-belaidziu-ikrovimu\/","name":"BLOW universalus ma\u0161ininis telefono laikiklis - Belaidis \u012fkroviklis - Resolute.lt","isPartOf":{"@id":"https:\/\/resolute.lt\/#website"},"primaryImageOfPage":{"@id":"https:\/\/resolute.lt\/index.php\/produktas\/blow-universalus-masininis-telefono-laikiklis-su-belaidziu-ikrovimu\/#primaryimage"},"image":{"@id":"https:\/\/resolute.lt\/index.php\/produktas\/blow-universalus-masininis-telefono-laikiklis-su-belaidziu-ikrovimu\/#primaryimage"},"thumbnailUrl":"https:\/\/resolute.lt\/wp-content\/uploads\/2023\/05\/1.-BLOW-universalus-masininis-telefono-laikiklis-su-belaidziu-ikrovimu-Belaidis-ikroviklis-Resolute.lt_.jpg","datePublished":"2023-05-05T09:57:28+00:00","dateModified":"2023-05-05T11:38:31+00:00","description":"BLOW universalus ma\u0161ininis telefono laikiklis su 10W greituoju belaid\u017eiu \u012fkrovimu. Naudokite kaip laisv\u0173 rank\u0173 \u012frang\u0105 navigacijai, kaip video ekran\u0105 ir kt.!","breadcrumb":{"@id":"https:\/\/resolute.lt\/index.php\/produktas\/blow-universalus-masininis-telefono-laikiklis-su-belaidziu-ikrovimu\/#breadcrumb"},"inLanguage":"lt-LT","potentialAction":[{"@type":"ReadAction","target":["https:\/\/resolute.lt\/index.php\/produktas\/blow-universalus-masininis-telefono-laikiklis-su-belaidziu-ikrovimu\/"]}]},{"@type":"ImageObject","inLanguage":"lt-LT","@id":"https:\/\/resolute.lt\/index.php\/produktas\/blow-universalus-masininis-telefono-laikiklis-su-belaidziu-ikrovimu\/#primaryimage","url":"https:\/\/resolute.lt\/wp-content\/uploads\/2023\/05\/1.-BLOW-universalus-masininis-telefono-laikiklis-su-belaidziu-ikrovimu-Belaidis-ikroviklis-Resolute.lt_.jpg","contentUrl":"https:\/\/resolute.lt\/wp-content\/uploads\/2023\/05\/1.-BLOW-universalus-masininis-telefono-laikiklis-su-belaidziu-ikrovimu-Belaidis-ikroviklis-Resolute.lt_.jpg","width":952,"height":839},{"@type":"BreadcrumbList","@id":"https:\/\/resolute.lt\/index.php\/produktas\/blow-universalus-masininis-telefono-laikiklis-su-belaidziu-ikrovimu\/#breadcrumb","itemListElement":[{"@type":"ListItem","position":1,"name":"Home","item":"https:\/\/resolute.lt\/"},{"@type":"ListItem","position":2,"name":"Resolute.lt","item":"https:\/\/resolute.lt\/"},{"@type":"ListItem","position":3,"name":"BLOW universalus ma\u0161ininis telefono laikiklis &#8211; Belaidis \u012fkroviklis"}]},{"@type":"WebSite","@id":"https:\/\/resolute.lt\/#website","url":"https:\/\/resolute.lt\/","name":"Resolute.lt","description":"Sm\u016bgiams ir vandeniui telefonai","potentialAction":[{"@type":"SearchAction","target":{"@type":"EntryPoint","urlTemplate":"https:\/\/resolute.lt\/?s={search_term_string}"},"query-input":{"@type":"PropertyValueSpecification","valueRequired":true,"valueName":"search_term_string"}}],"inLanguage":"lt-LT"}]}},"_links":{"self":[{"href":"https:\/\/resolute.lt\/index.php\/wp-json\/wp\/v2\/product\/3504","targetHints":{"allow":["GET"]}}],"collection":[{"href":"https:\/\/resolute.lt\/index.php\/wp-json\/wp\/v2\/product"}],"about":[{"href":"https:\/\/resolute.lt\/index.php\/wp-json\/wp\/v2\/types\/product"}],"wp:featuredmedia":[{"embeddable":true,"href":"https:\/\/resolute.lt\/index.php\/wp-json\/wp\/v2\/media\/3505"}],"wp:attachment":[{"href":"https:\/\/resolute.lt\/index.php\/wp-json\/wp\/v2\/media?parent=3504"}],"wp:term":[{"taxonomy":"product_brand","embeddable":true,"href":"https:\/\/resolute.lt\/index.php\/wp-json\/wp\/v2\/product_brand?post=3504"},{"taxonomy":"product_cat","embeddable":true,"href":"https:\/\/resolute.lt\/index.php\/wp-json\/wp\/v2\/product_cat?post=3504"},{"taxonomy":"product_tag","embeddable":true,"href":"https:\/\/resolute.lt\/index.php\/wp-json\/wp\/v2\/product_tag?post=3504"}],"curies":[{"name":"wp","href":"https:\/\/api.w.org\/{rel}","templated":true}]}}