{"id":3271,"date":"2023-02-21T14:02:02","date_gmt":"2023-02-21T14:02:02","guid":{"rendered":"https:\/\/resolute.lt\/?post_type=product&#038;p=3271"},"modified":"2024-09-16T13:39:33","modified_gmt":"2024-09-16T13:39:33","slug":"ulefone-armor-17-pro-daugiafunkcinis-deklas","status":"publish","type":"product","link":"https:\/\/resolute.lt\/index.php\/produktas\/ulefone-armor-17-pro-daugiafunkcinis-deklas\/","title":{"rendered":"Ulefone Armor 17 Pro daugiafunkcinis d\u0117klas"},"content":{"rendered":"<p class=\"lead\">Originalus Ulefone\u2122 daugiafunkcinis d\u0117klas <strong>Ulefone Armor 17 Pro<\/strong>\u00a0telefonui, susidedantis i\u0161 3 pried\u0173:<\/p>\n<ul>\n<li><strong>Sm\u016bgiams atsparus d\u0117klas<\/strong>\u00a0\u2013 dar didesn\u0117 apsauga j\u016bs\u0173 telefonui!<\/li>\n<li><strong>Metalinis karabinas<\/strong>\u00a0\u2013 saugiai prikabinkite telefon\u0105 ir niekada jo nepameskite!<\/li>\n<li><strong>Patvari dir\u017eo sagtis<\/strong>\u00a0\u2013 stabilus telefono prikabinimo \u012frankis!<\/li>\n<\/ul>\n<p><strong><a href=\"https:\/\/www.resolute.lt\/\">RESOLUTE.LT EL. PARDUOTUV\u0116:<\/a><\/strong><br \/>\n\u2013 <span lang=\"lt\"><strong>5-7 d.d. pristatymas<\/strong><\/span>\u00a0(apmokant banko kortele, el. bankininkyste, Paysera ar Paypal).<\/p>\n<section id=\"section_2145972809\" class=\"section\">\n<div class=\"section-content relative\">\n<div id=\"row-1175821349\" class=\"row align-center\">\n<div id=\"col-130476939\" class=\"col medium-4 small-10 large-4\">\n<div class=\"col-inner\">\n<h1><strong>Komplektacija<\/strong><\/h1>\n<\/div>\n<\/div>\n<div id=\"col-1358541524\" class=\"col medium-8 small-10 large-8\">\n<div class=\"col-inner\">\n<ul>\n<li><b>1x\u00a0<\/b> D\u0117klas<\/li>\n<li><strong>1x<\/strong>\u00a0 Karabinas<\/li>\n<li><strong>1x\u00a0<\/strong> Dir\u017eo sagtis<\/li>\n<\/ul>\n<\/div>\n<\/div>\n<\/div>\n<div id=\"row-214715003\" class=\"row align-center\">\n<div id=\"col-883847564\" class=\"col medium-4 small-10 large-4\">\n<div class=\"col-inner\">\n<h1><strong>Bendrieji parametrai<\/strong><\/h1>\n<\/div>\n<\/div>\n<div id=\"col-35252131\" class=\"col medium-8 small-10 large-8\">\n<div class=\"col-inner\">\n<ul>\n<li><strong>Prek\u0117s tipas:<\/strong> Telefon\u0173 d\u0117klai \/ Multifunkciniai rinkiniai<\/li>\n<li><b>Prek\u0117s spalva: <\/b>Juoda<\/li>\n<li><strong>D\u0117klo ir dir\u017eo sagties med\u017eiaga:<\/strong> Polikarbonatas<\/li>\n<li><strong>Karabino med\u017eiaga:<\/strong> Aliuminis<\/li>\n<\/ul>\n<\/div>\n<\/div>\n<\/div>\n<div id=\"row-1009664519\" class=\"row align-center\">\n<div id=\"col-477520799\" class=\"col medium-4 small-10 large-4\">\n<div class=\"col-inner\">\n<h1><b>Matmenys ir svoris<\/b><\/h1>\n<\/div>\n<\/div>\n<div id=\"col-1429020984\" class=\"col medium-8 small-10 large-8\">\n<div class=\"col-inner\">\n<ul>\n<li><strong>D\u0117klo matmenys:<\/strong> 185,2 x 86 mm<\/li>\n<li><strong>Dir\u017eo sagties matmenys: <\/strong>147,12 x 40,42 mm<\/li>\n<li><strong>Karabino matmenys: <\/strong>72,14 x 28,98 mm<\/li>\n<li><b>Pakuot\u0117s svoris: <\/b>0,2 kg<\/li>\n<\/ul>\n<\/div>\n<\/div>\n<\/div>\n<div id=\"row-468646911\" class=\"row align-center\">\n<div id=\"col-1185701877\" class=\"col medium-4 small-10 large-4\">\n<div class=\"col-inner\">\n<h1><strong>Papildomi duomenys<\/strong><\/h1>\n<\/div>\n<\/div>\n<div id=\"col-1424211009\" class=\"col medium-8 small-10 large-8\">\n<div class=\"col-inner\">\n<ul>\n<li style=\"list-style-type: none;\">\n<ul>\n<li>360 laipsni\u0173 apsauga nuo sm\u016bgi\u0173<\/li>\n<\/ul>\n<\/li>\n<\/ul>\n<\/div>\n<\/div>\n<\/div>\n<p>&nbsp;<\/p>\n<div id=\"row-468646911\" class=\"row align-center\">\n<div id=\"col-1424211009\" class=\"col medium-8 small-10 large-8\">\n<div class=\"col-inner\">\n<p><img loading=\"lazy\" decoding=\"async\" class=\"alignnone wp-image-3318 size-large\" src=\"https:\/\/resolute.lt\/wp-content\/uploads\/2023\/02\/4-Ulefone-Armor-17-Pro-multifunkcinis-rinkinys-Deklas-Karabinas-Dirzo-sagtis-Resolute.lt_-1024x1024.jpg\" alt=\"\" width=\"1020\" height=\"1020\" srcset=\"https:\/\/resolute.lt\/wp-content\/uploads\/2023\/02\/4-Ulefone-Armor-17-Pro-multifunkcinis-rinkinys-Deklas-Karabinas-Dirzo-sagtis-Resolute.lt_-1024x1024.jpg 1024w, https:\/\/resolute.lt\/wp-content\/uploads\/2023\/02\/4-Ulefone-Armor-17-Pro-multifunkcinis-rinkinys-Deklas-Karabinas-Dirzo-sagtis-Resolute.lt_-247x247.jpg 247w, https:\/\/resolute.lt\/wp-content\/uploads\/2023\/02\/4-Ulefone-Armor-17-Pro-multifunkcinis-rinkinys-Deklas-Karabinas-Dirzo-sagtis-Resolute.lt_-100x100.jpg 100w, https:\/\/resolute.lt\/wp-content\/uploads\/2023\/02\/4-Ulefone-Armor-17-Pro-multifunkcinis-rinkinys-Deklas-Karabinas-Dirzo-sagtis-Resolute.lt_-510x510.jpg 510w, https:\/\/resolute.lt\/wp-content\/uploads\/2023\/02\/4-Ulefone-Armor-17-Pro-multifunkcinis-rinkinys-Deklas-Karabinas-Dirzo-sagtis-Resolute.lt_-300x300.jpg 300w, https:\/\/resolute.lt\/wp-content\/uploads\/2023\/02\/4-Ulefone-Armor-17-Pro-multifunkcinis-rinkinys-Deklas-Karabinas-Dirzo-sagtis-Resolute.lt_-150x150.jpg 150w, https:\/\/resolute.lt\/wp-content\/uploads\/2023\/02\/4-Ulefone-Armor-17-Pro-multifunkcinis-rinkinys-Deklas-Karabinas-Dirzo-sagtis-Resolute.lt_-768x768.jpg 768w, https:\/\/resolute.lt\/wp-content\/uploads\/2023\/02\/4-Ulefone-Armor-17-Pro-multifunkcinis-rinkinys-Deklas-Karabinas-Dirzo-sagtis-Resolute.lt_.jpg 1500w\" sizes=\"auto, (max-width: 1020px) 100vw, 1020px\" \/> <img loading=\"lazy\" decoding=\"async\" class=\"alignnone wp-image-3319 size-large\" src=\"https:\/\/resolute.lt\/wp-content\/uploads\/2023\/02\/5-Ulefone-Armor-17-Pro-multifunkcinis-rinkinys-Deklas-Karabinas-Dirzo-sagtis-Resolute.lt_-1024x1024.jpg\" alt=\"\" width=\"1020\" height=\"1020\" srcset=\"https:\/\/resolute.lt\/wp-content\/uploads\/2023\/02\/5-Ulefone-Armor-17-Pro-multifunkcinis-rinkinys-Deklas-Karabinas-Dirzo-sagtis-Resolute.lt_-1024x1024.jpg 1024w, https:\/\/resolute.lt\/wp-content\/uploads\/2023\/02\/5-Ulefone-Armor-17-Pro-multifunkcinis-rinkinys-Deklas-Karabinas-Dirzo-sagtis-Resolute.lt_-247x247.jpg 247w, https:\/\/resolute.lt\/wp-content\/uploads\/2023\/02\/5-Ulefone-Armor-17-Pro-multifunkcinis-rinkinys-Deklas-Karabinas-Dirzo-sagtis-Resolute.lt_-100x100.jpg 100w, https:\/\/resolute.lt\/wp-content\/uploads\/2023\/02\/5-Ulefone-Armor-17-Pro-multifunkcinis-rinkinys-Deklas-Karabinas-Dirzo-sagtis-Resolute.lt_-510x510.jpg 510w, https:\/\/resolute.lt\/wp-content\/uploads\/2023\/02\/5-Ulefone-Armor-17-Pro-multifunkcinis-rinkinys-Deklas-Karabinas-Dirzo-sagtis-Resolute.lt_-300x300.jpg 300w, https:\/\/resolute.lt\/wp-content\/uploads\/2023\/02\/5-Ulefone-Armor-17-Pro-multifunkcinis-rinkinys-Deklas-Karabinas-Dirzo-sagtis-Resolute.lt_-150x150.jpg 150w, https:\/\/resolute.lt\/wp-content\/uploads\/2023\/02\/5-Ulefone-Armor-17-Pro-multifunkcinis-rinkinys-Deklas-Karabinas-Dirzo-sagtis-Resolute.lt_-768x768.jpg 768w, https:\/\/resolute.lt\/wp-content\/uploads\/2023\/02\/5-Ulefone-Armor-17-Pro-multifunkcinis-rinkinys-Deklas-Karabinas-Dirzo-sagtis-Resolute.lt_.jpg 1500w\" sizes=\"auto, (max-width: 1020px) 100vw, 1020px\" \/> <img loading=\"lazy\" decoding=\"async\" class=\"alignnone wp-image-3320 size-large\" src=\"https:\/\/resolute.lt\/wp-content\/uploads\/2023\/02\/6-Ulefone-Armor-17-Pro-multifunkcinis-rinkinys-Deklas-Karabinas-Dirzo-sagtis-Resolute.lt_-1024x1024.jpg\" alt=\"\" width=\"1020\" height=\"1020\" srcset=\"https:\/\/resolute.lt\/wp-content\/uploads\/2023\/02\/6-Ulefone-Armor-17-Pro-multifunkcinis-rinkinys-Deklas-Karabinas-Dirzo-sagtis-Resolute.lt_-1024x1024.jpg 1024w, https:\/\/resolute.lt\/wp-content\/uploads\/2023\/02\/6-Ulefone-Armor-17-Pro-multifunkcinis-rinkinys-Deklas-Karabinas-Dirzo-sagtis-Resolute.lt_-247x247.jpg 247w, https:\/\/resolute.lt\/wp-content\/uploads\/2023\/02\/6-Ulefone-Armor-17-Pro-multifunkcinis-rinkinys-Deklas-Karabinas-Dirzo-sagtis-Resolute.lt_-100x100.jpg 100w, https:\/\/resolute.lt\/wp-content\/uploads\/2023\/02\/6-Ulefone-Armor-17-Pro-multifunkcinis-rinkinys-Deklas-Karabinas-Dirzo-sagtis-Resolute.lt_-510x510.jpg 510w, https:\/\/resolute.lt\/wp-content\/uploads\/2023\/02\/6-Ulefone-Armor-17-Pro-multifunkcinis-rinkinys-Deklas-Karabinas-Dirzo-sagtis-Resolute.lt_-300x300.jpg 300w, https:\/\/resolute.lt\/wp-content\/uploads\/2023\/02\/6-Ulefone-Armor-17-Pro-multifunkcinis-rinkinys-Deklas-Karabinas-Dirzo-sagtis-Resolute.lt_-150x150.jpg 150w, https:\/\/resolute.lt\/wp-content\/uploads\/2023\/02\/6-Ulefone-Armor-17-Pro-multifunkcinis-rinkinys-Deklas-Karabinas-Dirzo-sagtis-Resolute.lt_-768x768.jpg 768w, https:\/\/resolute.lt\/wp-content\/uploads\/2023\/02\/6-Ulefone-Armor-17-Pro-multifunkcinis-rinkinys-Deklas-Karabinas-Dirzo-sagtis-Resolute.lt_.jpg 1500w\" sizes=\"auto, (max-width: 1020px) 100vw, 1020px\" \/><\/p>\n<\/div>\n<div class=\"imgs\"><\/div>\n<\/div>\n<\/div>\n<\/div>\n<\/section>\n","protected":false},"excerpt":{"rendered":"<p>Originalus Ulefone\u2122 daugiafunkcinis d\u0117klas Ulefone Armor 17 Pro\u00a0telefonui, susidedantis i\u0161 3 pried\u0173: Sm\u016bgiams atsparus d\u0117klas\u00a0\u2013 dar didesn\u0117 apsauga j\u016bs\u0173 telefonui! Metalinis karabinas\u00a0\u2013 saugiai prikabinkite telefon\u0105 ir niekada jo nepameskite! Patvari dir\u017eo sagtis\u00a0\u2013 stabilus telefono prikabinimo \u012frankis! RESOLUTE.LT EL. PARDUOTUV\u0116: \u2013 5-7 d.d. pristatymas\u00a0(apmokant banko kortele, el. bankininkyste, Paysera ar Paypal). Komplektacija 1x\u00a0 D\u0117klas 1x\u00a0 Karabinas [&#8230;]\n","protected":false},"featured_media":3282,"template":"","meta":[],"product_brand":[],"product_cat":[47],"product_tag":[],"class_list":{"0":"post-3271","1":"product","2":"type-product","3":"status-publish","4":"has-post-thumbnail","6":"product_cat-daugiafunkciniai-ulefone-deklai","8":"first","9":"instock","10":"sale","11":"shipping-taxable","12":"purchasable","13":"product-type-simple"},"yoast_head":"<!-- This site is optimized with the Yoast SEO plugin v27.3 - https:\/\/yoast.com\/product\/yoast-seo-wordpress\/ -->\n<title>Ulefone Armor 17 Pro daugiafunkcinis d\u0117klas - Resolute.lt<\/title>\n<meta name=\"description\" content=\"Original\u016bs Ulefone telefon\u0173 priedai \u017eemiausia kaina! Patikimas pristatymas, patogus atsiskaitymas, autenti\u0161kumo garantas!\" \/>\n<meta name=\"robots\" content=\"index, follow, max-snippet:-1, max-image-preview:large, max-video-preview:-1\" \/>\n<link rel=\"canonical\" href=\"https:\/\/resolute.lt\/index.php\/produktas\/ulefone-armor-17-pro-daugiafunkcinis-deklas\/\" \/>\n<meta property=\"og:locale\" content=\"lt_LT\" \/>\n<meta property=\"og:type\" content=\"article\" \/>\n<meta property=\"og:title\" content=\"Ulefone Armor 17 Pro daugiafunkcinis d\u0117klas - Resolute.lt\" \/>\n<meta property=\"og:description\" content=\"Original\u016bs Ulefone telefon\u0173 priedai \u017eemiausia kaina! Patikimas pristatymas, patogus atsiskaitymas, autenti\u0161kumo garantas!\" \/>\n<meta property=\"og:url\" content=\"https:\/\/resolute.lt\/index.php\/produktas\/ulefone-armor-17-pro-daugiafunkcinis-deklas\/\" \/>\n<meta property=\"og:site_name\" content=\"Resolute.lt\" \/>\n<meta property=\"article:modified_time\" content=\"2024-09-16T13:39:33+00:00\" \/>\n<meta property=\"og:image\" content=\"https:\/\/resolute.lt\/wp-content\/uploads\/2023\/02\/2-Ulefone-Armor-17-Pro-multifunkcinis-rinkinys-Deklas-Karabinas-Dirzo-sagtis.jpg\" \/>\n\t<meta property=\"og:image:width\" content=\"1076\" \/>\n\t<meta property=\"og:image:height\" content=\"1079\" \/>\n\t<meta property=\"og:image:type\" content=\"image\/jpeg\" \/>\n<meta name=\"twitter:card\" content=\"summary_large_image\" \/>\n<meta name=\"twitter:label1\" content=\"Est. reading time\" \/>\n\t<meta name=\"twitter:data1\" content=\"2 minut\u0117s\" \/>\n<script type=\"application\/ld+json\" class=\"yoast-schema-graph\">{\"@context\":\"https:\\\/\\\/schema.org\",\"@graph\":[{\"@type\":\"WebPage\",\"@id\":\"https:\\\/\\\/resolute.lt\\\/index.php\\\/produktas\\\/ulefone-armor-17-pro-daugiafunkcinis-deklas\\\/\",\"url\":\"https:\\\/\\\/resolute.lt\\\/index.php\\\/produktas\\\/ulefone-armor-17-pro-daugiafunkcinis-deklas\\\/\",\"name\":\"Ulefone Armor 17 Pro daugiafunkcinis d\u0117klas - Resolute.lt\",\"isPartOf\":{\"@id\":\"https:\\\/\\\/resolute.lt\\\/#website\"},\"primaryImageOfPage\":{\"@id\":\"https:\\\/\\\/resolute.lt\\\/index.php\\\/produktas\\\/ulefone-armor-17-pro-daugiafunkcinis-deklas\\\/#primaryimage\"},\"image\":{\"@id\":\"https:\\\/\\\/resolute.lt\\\/index.php\\\/produktas\\\/ulefone-armor-17-pro-daugiafunkcinis-deklas\\\/#primaryimage\"},\"thumbnailUrl\":\"https:\\\/\\\/resolute.lt\\\/wp-content\\\/uploads\\\/2023\\\/02\\\/2-Ulefone-Armor-17-Pro-multifunkcinis-rinkinys-Deklas-Karabinas-Dirzo-sagtis.jpg\",\"datePublished\":\"2023-02-21T14:02:02+00:00\",\"dateModified\":\"2024-09-16T13:39:33+00:00\",\"description\":\"Original\u016bs Ulefone telefon\u0173 priedai \u017eemiausia kaina! Patikimas pristatymas, patogus atsiskaitymas, autenti\u0161kumo garantas!\",\"breadcrumb\":{\"@id\":\"https:\\\/\\\/resolute.lt\\\/index.php\\\/produktas\\\/ulefone-armor-17-pro-daugiafunkcinis-deklas\\\/#breadcrumb\"},\"inLanguage\":\"lt-LT\",\"potentialAction\":[{\"@type\":\"ReadAction\",\"target\":[\"https:\\\/\\\/resolute.lt\\\/index.php\\\/produktas\\\/ulefone-armor-17-pro-daugiafunkcinis-deklas\\\/\"]}]},{\"@type\":\"ImageObject\",\"inLanguage\":\"lt-LT\",\"@id\":\"https:\\\/\\\/resolute.lt\\\/index.php\\\/produktas\\\/ulefone-armor-17-pro-daugiafunkcinis-deklas\\\/#primaryimage\",\"url\":\"https:\\\/\\\/resolute.lt\\\/wp-content\\\/uploads\\\/2023\\\/02\\\/2-Ulefone-Armor-17-Pro-multifunkcinis-rinkinys-Deklas-Karabinas-Dirzo-sagtis.jpg\",\"contentUrl\":\"https:\\\/\\\/resolute.lt\\\/wp-content\\\/uploads\\\/2023\\\/02\\\/2-Ulefone-Armor-17-Pro-multifunkcinis-rinkinys-Deklas-Karabinas-Dirzo-sagtis.jpg\",\"width\":1076,\"height\":1079},{\"@type\":\"BreadcrumbList\",\"@id\":\"https:\\\/\\\/resolute.lt\\\/index.php\\\/produktas\\\/ulefone-armor-17-pro-daugiafunkcinis-deklas\\\/#breadcrumb\",\"itemListElement\":[{\"@type\":\"ListItem\",\"position\":1,\"name\":\"Home\",\"item\":\"https:\\\/\\\/resolute.lt\\\/\"},{\"@type\":\"ListItem\",\"position\":2,\"name\":\"Resolute.lt\",\"item\":\"https:\\\/\\\/resolute.lt\\\/\"},{\"@type\":\"ListItem\",\"position\":3,\"name\":\"Ulefone Armor 17 Pro daugiafunkcinis d\u0117klas\"}]},{\"@type\":\"WebSite\",\"@id\":\"https:\\\/\\\/resolute.lt\\\/#website\",\"url\":\"https:\\\/\\\/resolute.lt\\\/\",\"name\":\"Resolute.lt\",\"description\":\"Sm\u016bgiams ir vandeniui telefonai\",\"potentialAction\":[{\"@type\":\"SearchAction\",\"target\":{\"@type\":\"EntryPoint\",\"urlTemplate\":\"https:\\\/\\\/resolute.lt\\\/?s={search_term_string}\"},\"query-input\":{\"@type\":\"PropertyValueSpecification\",\"valueRequired\":true,\"valueName\":\"search_term_string\"}}],\"inLanguage\":\"lt-LT\"}]}<\/script>\n<!-- \/ Yoast SEO plugin. -->","yoast_head_json":{"title":"Ulefone Armor 17 Pro daugiafunkcinis d\u0117klas - Resolute.lt","description":"Original\u016bs Ulefone telefon\u0173 priedai \u017eemiausia kaina! Patikimas pristatymas, patogus atsiskaitymas, autenti\u0161kumo garantas!","robots":{"index":"index","follow":"follow","max-snippet":"max-snippet:-1","max-image-preview":"max-image-preview:large","max-video-preview":"max-video-preview:-1"},"canonical":"https:\/\/resolute.lt\/index.php\/produktas\/ulefone-armor-17-pro-daugiafunkcinis-deklas\/","og_locale":"lt_LT","og_type":"article","og_title":"Ulefone Armor 17 Pro daugiafunkcinis d\u0117klas - Resolute.lt","og_description":"Original\u016bs Ulefone telefon\u0173 priedai \u017eemiausia kaina! Patikimas pristatymas, patogus atsiskaitymas, autenti\u0161kumo garantas!","og_url":"https:\/\/resolute.lt\/index.php\/produktas\/ulefone-armor-17-pro-daugiafunkcinis-deklas\/","og_site_name":"Resolute.lt","article_modified_time":"2024-09-16T13:39:33+00:00","og_image":[{"width":1076,"height":1079,"url":"https:\/\/resolute.lt\/wp-content\/uploads\/2023\/02\/2-Ulefone-Armor-17-Pro-multifunkcinis-rinkinys-Deklas-Karabinas-Dirzo-sagtis.jpg","type":"image\/jpeg"}],"twitter_card":"summary_large_image","twitter_misc":{"Est. reading time":"2 minut\u0117s"},"schema":{"@context":"https:\/\/schema.org","@graph":[{"@type":"WebPage","@id":"https:\/\/resolute.lt\/index.php\/produktas\/ulefone-armor-17-pro-daugiafunkcinis-deklas\/","url":"https:\/\/resolute.lt\/index.php\/produktas\/ulefone-armor-17-pro-daugiafunkcinis-deklas\/","name":"Ulefone Armor 17 Pro daugiafunkcinis d\u0117klas - Resolute.lt","isPartOf":{"@id":"https:\/\/resolute.lt\/#website"},"primaryImageOfPage":{"@id":"https:\/\/resolute.lt\/index.php\/produktas\/ulefone-armor-17-pro-daugiafunkcinis-deklas\/#primaryimage"},"image":{"@id":"https:\/\/resolute.lt\/index.php\/produktas\/ulefone-armor-17-pro-daugiafunkcinis-deklas\/#primaryimage"},"thumbnailUrl":"https:\/\/resolute.lt\/wp-content\/uploads\/2023\/02\/2-Ulefone-Armor-17-Pro-multifunkcinis-rinkinys-Deklas-Karabinas-Dirzo-sagtis.jpg","datePublished":"2023-02-21T14:02:02+00:00","dateModified":"2024-09-16T13:39:33+00:00","description":"Original\u016bs Ulefone telefon\u0173 priedai \u017eemiausia kaina! Patikimas pristatymas, patogus atsiskaitymas, autenti\u0161kumo garantas!","breadcrumb":{"@id":"https:\/\/resolute.lt\/index.php\/produktas\/ulefone-armor-17-pro-daugiafunkcinis-deklas\/#breadcrumb"},"inLanguage":"lt-LT","potentialAction":[{"@type":"ReadAction","target":["https:\/\/resolute.lt\/index.php\/produktas\/ulefone-armor-17-pro-daugiafunkcinis-deklas\/"]}]},{"@type":"ImageObject","inLanguage":"lt-LT","@id":"https:\/\/resolute.lt\/index.php\/produktas\/ulefone-armor-17-pro-daugiafunkcinis-deklas\/#primaryimage","url":"https:\/\/resolute.lt\/wp-content\/uploads\/2023\/02\/2-Ulefone-Armor-17-Pro-multifunkcinis-rinkinys-Deklas-Karabinas-Dirzo-sagtis.jpg","contentUrl":"https:\/\/resolute.lt\/wp-content\/uploads\/2023\/02\/2-Ulefone-Armor-17-Pro-multifunkcinis-rinkinys-Deklas-Karabinas-Dirzo-sagtis.jpg","width":1076,"height":1079},{"@type":"BreadcrumbList","@id":"https:\/\/resolute.lt\/index.php\/produktas\/ulefone-armor-17-pro-daugiafunkcinis-deklas\/#breadcrumb","itemListElement":[{"@type":"ListItem","position":1,"name":"Home","item":"https:\/\/resolute.lt\/"},{"@type":"ListItem","position":2,"name":"Resolute.lt","item":"https:\/\/resolute.lt\/"},{"@type":"ListItem","position":3,"name":"Ulefone Armor 17 Pro daugiafunkcinis d\u0117klas"}]},{"@type":"WebSite","@id":"https:\/\/resolute.lt\/#website","url":"https:\/\/resolute.lt\/","name":"Resolute.lt","description":"Sm\u016bgiams ir vandeniui telefonai","potentialAction":[{"@type":"SearchAction","target":{"@type":"EntryPoint","urlTemplate":"https:\/\/resolute.lt\/?s={search_term_string}"},"query-input":{"@type":"PropertyValueSpecification","valueRequired":true,"valueName":"search_term_string"}}],"inLanguage":"lt-LT"}]}},"_links":{"self":[{"href":"https:\/\/resolute.lt\/index.php\/wp-json\/wp\/v2\/product\/3271","targetHints":{"allow":["GET"]}}],"collection":[{"href":"https:\/\/resolute.lt\/index.php\/wp-json\/wp\/v2\/product"}],"about":[{"href":"https:\/\/resolute.lt\/index.php\/wp-json\/wp\/v2\/types\/product"}],"wp:featuredmedia":[{"embeddable":true,"href":"https:\/\/resolute.lt\/index.php\/wp-json\/wp\/v2\/media\/3282"}],"wp:attachment":[{"href":"https:\/\/resolute.lt\/index.php\/wp-json\/wp\/v2\/media?parent=3271"}],"wp:term":[{"taxonomy":"product_brand","embeddable":true,"href":"https:\/\/resolute.lt\/index.php\/wp-json\/wp\/v2\/product_brand?post=3271"},{"taxonomy":"product_cat","embeddable":true,"href":"https:\/\/resolute.lt\/index.php\/wp-json\/wp\/v2\/product_cat?post=3271"},{"taxonomy":"product_tag","embeddable":true,"href":"https:\/\/resolute.lt\/index.php\/wp-json\/wp\/v2\/product_tag?post=3271"}],"curies":[{"name":"wp","href":"https:\/\/api.w.org\/{rel}","templated":true}]}}