{"id":3220,"date":"2023-01-12T13:05:41","date_gmt":"2023-01-12T13:05:41","guid":{"rendered":"https:\/\/resolute.lt\/?post_type=product&#038;p=3220"},"modified":"2025-07-01T17:39:57","modified_gmt":"2025-07-01T17:39:57","slug":"ulefone-armor-17-pro","status":"publish","type":"product","link":"https:\/\/resolute.lt\/index.php\/produktas\/ulefone-armor-17-pro\/","title":{"rendered":"Ulefone Armor 17 Pro \u2013 256\/8GB, Juodas"},"content":{"rendered":"<p><strong>Ulefone Armor 17 Pro<\/strong> \u2013 auk\u0161tos klas\u0117s vandeniui ir sm\u016bgiams atsparus telefonas su naktinio matymo kamera i\u0161 <strong>Ulefone Armor\u00ae <\/strong>telefon\u0173 serijos. \u012erenginys pasi\u017eymi 108 MP Samsung\u00ae HM2 kamera su 4K filmavimu, net 256 GB vidine ir 8 GB RAM atmintimi, Helio<b>\u2122 <\/b>G99 procesoriumi, 5380 mAh baterija su 66 W greitojo \u012fkrovimo funkcija bei Android 12 operacine sistema su lietuvi\u0173 kalba. Visai tai sutalpinta <strong>vos 12,5 mm plonumo ir 290 g svorio<\/strong> korpuse!<\/p>\n<p><strong><a href=\"https:\/\/www.resolute.lt\/\">RESOLUTE.LT EL. PARDUOTUV\u0116:<\/a><\/strong><strong><br \/>\n<\/strong>\u2013<strong> 9-12 d.d. pristatymas <\/strong>(apmokant banko kortele, el. bankininkyste, Paysera ar PayPal).<br \/>\n\u2013 Galimyb\u0117 \u012fsigyti gyvai Vilniuje (kreiptis +37062296802).<br \/>\n\u2013 Tik naujos prek\u0117s!<\/p>\n<section id=\"section_2145972809\" class=\"section\">\n<div class=\"section-content relative\">\n<div id=\"row-1175821349\" class=\"row align-center\">\n<div id=\"col-130476939\" class=\"col medium-4 small-10 large-4\">\n<div class=\"col-inner\">\n<h1><strong>Komplektacija<\/strong><\/h1>\n<\/div>\n<\/div>\n<div id=\"col-1358541524\" class=\"col medium-8 small-10 large-8\">\n<div class=\"col-inner\">\n<ul>\n<li><b>1x\u00a0\u00a0<\/b>I\u0161manus telefonas<\/li>\n<li><b>1x\u00a0\u00a0<\/b>EU \u012fkroviklis (greitojo \u012fkrovimo, 66 W)<\/li>\n<li><b>1x\u00a0\u00a0<\/b>USB-C laidas<\/li>\n<li><strong>1x<\/strong>\u00a0 Magnetinis stovas-pinigin\u0117<\/li>\n<li><b>1x<\/b>\u00a0 Gr\u016bdinto stiklo ekrano apsauga (papildoma)<\/li>\n<li><b>1x\u00a0\u00a0<\/b>SIM lizdo \u012frankis<\/li>\n<li><strong>1x<\/strong>\u00a0 Pakabukas telefonui<\/li>\n<li><b>1x<\/b>\u00a0 Naudojimosi instrukcijos<\/li>\n<\/ul>\n<\/div>\n<\/div>\n<\/div>\n<div id=\"row-214715003\" class=\"row align-center\">\n<div id=\"col-883847564\" class=\"col medium-4 small-10 large-4\">\n<div class=\"col-inner\">\n<h1><strong>Bendrieji parametrai<\/strong><\/h1>\n<\/div>\n<\/div>\n<div id=\"col-35252131\" class=\"col medium-8 small-10 large-8\">\n<div class=\"col-inner\">\n<ul>\n<li><strong>Prek\u0117s tipas:<\/strong>\u00a0Mobilieji telefonai<\/li>\n<li><strong>Prek\u0117s spalva:<\/strong> Juoda<\/li>\n<li><strong>Palaikom\u0173 SIM korteli\u0173 skai\u010dius:<\/strong>\u00a02<\/li>\n<li><strong>Palaikom\u0173 SIM korteli\u0173 tipas:<\/strong>\u00a0NanoSIM<\/li>\n<\/ul>\n<\/div>\n<\/div>\n<\/div>\n<div id=\"row-1024473742\" class=\"row align-center\">\n<div id=\"col-1535055361\" class=\"col medium-4 small-10 large-4\">\n<div class=\"col-inner\">\n<h1><strong>Operacin\u0117 sistema<\/strong><\/h1>\n<\/div>\n<\/div>\n<div id=\"col-1619534892\" class=\"col medium-8 small-10 large-8\">\n<div class=\"col-inner\">\n<ul>\n<li><strong>Operacin\u0117 sistema:<\/strong>\u00a0Android<\/li>\n<li><strong>Operacin\u0117s sistemos versija:\u00a0<\/strong>12<\/li>\n<li><strong>Palaikomos kalbos:<\/strong>\u00a0Lietuvi\u0173, angl\u0173, rus\u0173, lenk\u0173, latvi\u0173, vokie\u010di\u0173 ir kt.<\/li>\n<\/ul>\n<\/div>\n<\/div>\n<\/div>\n<div id=\"row-307646383\" class=\"row align-center\">\n<div id=\"col-1651260670\" class=\"col medium-4 small-10 large-4\">\n<div class=\"col-inner\">\n<h1><strong>Ekranas<\/strong><\/h1>\n<\/div>\n<\/div>\n<div id=\"col-999120238\" class=\"col medium-8 small-10 large-8\">\n<div class=\"col-inner\">\n<ul>\n<li><strong>Ekrano dydis:<\/strong> 6,58\u2033<\/li>\n<li><strong>Ekrano rai\u0161ka:<\/strong>\u00a02408 x 1080<\/li>\n<li><strong>PPI (pikseliai per col\u012f):\u00a0<\/strong>401<\/li>\n<li><strong>Kra\u0161tini\u0173 santykis:<\/strong> 20:9<\/li>\n<li><strong>Ry\u0161kumas:<\/strong>\u00a0500 nit\u0173<\/li>\n<li><strong>Atnaujinimo da\u017enis:<\/strong>\u00a0120 Hz<\/li>\n<li><strong>Ekrano tipas:<\/strong>\u00a0IPS LCD<\/li>\n<li><strong>Ekrano plotas:<\/strong> 75,36 %<\/li>\n<li><strong>I\u0161orinio stiklo tipas:<\/strong>\u00a0Corning Gorilla\u00ae Glass 5<\/li>\n<\/ul>\n<\/div>\n<\/div>\n<\/div>\n<div id=\"row-1849913578\" class=\"row align-center\">\n<div id=\"col-432336610\" class=\"col medium-4 small-10 large-4\">\n<div class=\"col-inner\">\n<h1><strong>Procesorius ir<br \/>\nvaizdo plok\u0161t\u0117<\/strong><\/h1>\n<\/div>\n<\/div>\n<div id=\"col-1538200702\" class=\"col medium-8 small-10 large-8\">\n<div class=\"col-inner\">\n<ul>\n<li><strong>Procesoriaus modelis:\u00a0<\/strong>MediaTek Helio<b>\u2122<\/b> G99 MT6789<\/li>\n<li><strong>Proceso technologija:<\/strong>\u00a06 nm<\/li>\n<li><strong>Procesoriaus branduoli\u0173 kiekis:<\/strong>\u00a08<\/li>\n<li><strong>Procesoriaus branduoli\u0173 da\u017eniai:<\/strong> 2x 2,2 GHz Cortex-A76 ir 6x 2,0 GHz Cortex-A55<\/li>\n<li><strong>Vaizdo plok\u0161t\u0117s modelis:\u00a0<\/strong>ARM Mali-G57 MC2<\/li>\n<li><strong>Vaizdo plok\u0161t\u0117s branduoli\u0173 da\u017eniai:<\/strong> 2x 1,0 GHz<\/li>\n<\/ul>\n<\/div>\n<\/div>\n<\/div>\n<div id=\"row-2111937453\" class=\"row align-center\">\n<div id=\"col-1355999373\" class=\"col medium-4 small-10 large-4\">\n<div class=\"col-inner\">\n<h1><strong>Atmintis<\/strong><\/h1>\n<\/div>\n<\/div>\n<div id=\"col-2062834539\" class=\"col medium-8 small-10 large-8\">\n<div class=\"col-inner\">\n<ul>\n<li><strong>Vidin\u0117 atminis:\u00a0<\/strong>256 GB<\/li>\n<li><strong>Bendra darbin\u0117 atmintis (RAM):<\/strong> 13 GB<\/li>\n<li><strong>Fizin\u0117 darbin\u0117 atmintis (RAM):<\/strong> 8 GB<\/li>\n<li><strong>Virtuali darbin\u0117 atmintis (RAM):<\/strong> 5 GB<\/li>\n<li><strong>Darbin\u0117s atminties da\u017enis:<\/strong>\u00a02,133 GHz<\/li>\n<li><strong>Atminties kortel\u0117s tipas:\u00a0<\/strong>MicroSD<\/li>\n<li><strong>Atminties kortel\u0117s maks. talpa<\/strong>: 512 GB<\/li>\n<\/ul>\n<\/div>\n<\/div>\n<\/div>\n<div id=\"row-1271375553\" class=\"row align-center\">\n<div id=\"col-201046948\" class=\"col medium-4 small-10 large-4\">\n<div class=\"col-inner\">\n<h1><strong>Foto ir vaizdo kamera<\/strong><\/h1>\n<\/div>\n<\/div>\n<div id=\"col-1326179394\" class=\"col medium-8 small-10 large-8\">\n<div class=\"col-inner\">\n<ul>\n<li><strong>Galin\u0117 kamera:\u00a0<\/strong>Triguba 108 MP + 8 MP + 8 MP<\/li>\n<li><strong>Galin\u0117s kameros pagrindinis sensorius:<\/strong>\u00a0Samsung\u00ae HM2<\/li>\n<li><strong>Galin\u0117s kameros plataus kampo sensorius:<\/strong> GalaxyCore\u00ae GC08A3<\/li>\n<li><strong>Galin\u0117s kameros naktinio matymo sensorius:<\/strong> Samsung\u00ae S5K4G7<\/li>\n<li><strong>Galin\u0117s kameros filmavimas: <\/strong>1440p@30fps, 1080p@30fps<\/li>\n<li><strong>Blykst\u0117s tipas:<\/strong> Triguba LED<\/li>\n<li><strong>Priekin\u0117 kamera:\u00a0<\/strong>32 MP<\/li>\n<li><strong>Priekin\u0117s kameros sensorius:<\/strong> Sony\u00ae IMX481 Exmor RS\u2122<\/li>\n<li><strong>Priekin\u0117s kameros filmavimas:\u00a0<\/strong>1080p@30fps<\/li>\n<\/ul>\n<\/div>\n<\/div>\n<\/div>\n<div id=\"row-588910997\" class=\"row align-center\">\n<div id=\"col-968358050\" class=\"col medium-4 small-10 large-4\">\n<div class=\"col-inner\">\n<h1><strong>Internetas ir komunikacija<\/strong><\/h1>\n<\/div>\n<\/div>\n<div id=\"col-446095547\" class=\"col medium-8 small-10 large-8\">\n<div class=\"col-inner\">\n<ul>\n<li><strong>WiFi s\u0105saja:\u00a0<\/strong>Taip<\/li>\n<li><strong>3G ry\u0161ys:\u00a0<\/strong>Taip<\/li>\n<li><strong>4G ry\u0161ys:\u00a0<\/strong>Taip<\/li>\n<li><strong>5G ry\u0161ys:<\/strong> Ne<\/li>\n<li><strong>Bluetooth s\u0105saja:\u00a0<\/strong>Taip<\/li>\n<li><strong>Bluetooth versija:\u00a0<\/strong>5.2<\/li>\n<li><strong>NFC s\u0105saja:\u00a0<\/strong>Taip<\/li>\n<li><strong>FM radijas:\u00a0<\/strong>Taip<\/li>\n<li><strong>GPS s\u0105saja:\u00a0<\/strong>Taip<\/li>\n<li><strong>GPS sistemos:<\/strong>\u00a0Galileo, GPS, BeiDou, GLONASS<\/li>\n<\/ul>\n<\/div>\n<\/div>\n<\/div>\n<div id=\"row-693316153\" class=\"row align-center\">\n<div id=\"col-1853202518\" class=\"col medium-4 small-10 large-4\">\n<div class=\"col-inner\">\n<h1><strong>Lizdai ir sensoriai<\/strong><\/h1>\n<\/div>\n<\/div>\n<div id=\"col-341096956\" class=\"col medium-8 small-10 large-8\">\n<div class=\"col-inner\">\n<ul>\n<li><strong>USB lizdo tipas:<\/strong>\u00a0USB Type-C<\/li>\n<li><strong>Ausini\u0173 lizdas (AUX):<\/strong> Taip<\/li>\n<li><strong>Pir\u0161t\u0173 antspaud\u0173 sensorius:<\/strong>\u00a0Taip<\/li>\n<li><strong>Pir\u0161to antspaud\u0173 sensoriaus tipas:<\/strong>\u00a0\u0160oninis<\/li>\n<\/ul>\n<\/div>\n<\/div>\n<\/div>\n<div id=\"row-46018524\" class=\"row align-center\">\n<div id=\"col-1418837096\" class=\"col medium-4 small-10 large-4\">\n<div class=\"col-inner\">\n<h1><strong>Baterija<\/strong><\/h1>\n<\/div>\n<\/div>\n<div id=\"col-1976749272\" class=\"col medium-8 small-10 large-8\">\n<div class=\"col-inner\">\n<ul>\n<li><strong>Baterijos talpa: <\/strong>5380\u00a0mAh<\/li>\n<li><strong>Greitasis \u012fkrovimas:\u00a0<\/strong>Taip<\/li>\n<li><strong>\u012ekrovimo galia:\u00a0<\/strong>66 W<\/li>\n<li><strong>Belaidis \u012fkrovimas:\u00a0<\/strong>Taip<\/li>\n<li><strong>Belaid\u017eio \u012fkrovimo galia:\u00a0<\/strong>15 W<\/li>\n<\/ul>\n<\/div>\n<\/div>\n<\/div>\n<div id=\"row-1009664519\" class=\"row align-center\">\n<div id=\"col-477520799\" class=\"col medium-4 small-10 large-4\">\n<div class=\"col-inner\">\n<h1><b>Matmenys ir svoris<\/b><\/h1>\n<\/div>\n<\/div>\n<div id=\"col-1429020984\" class=\"col medium-8 small-10 large-8\">\n<div class=\"col-inner\">\n<ul>\n<li><strong>Matmenys:<\/strong> 172,7 mm x 80,4 mm x 12,5 mm<\/li>\n<li><strong>Svoris:<\/strong> 290 g<\/li>\n<\/ul>\n<\/div>\n<\/div>\n<\/div>\n<div id=\"row-468646911\" class=\"row align-center\">\n<div id=\"col-1185701877\" class=\"col medium-4 small-10 large-4\">\n<div class=\"col-inner\">\n<h1><strong>Papildomi duomenys<\/strong><\/h1>\n<\/div>\n<\/div>\n<div id=\"col-1424211009\" class=\"col medium-8 small-10 large-8\">\n<div class=\"col-inner\">\n<ul>\n<li>I\u0161leidimo laikas: 2023 m. sausis<\/li>\n<li>Gamybos laikas: 2025 m. I ketvirtis<\/li>\n<li>IP68 sertifikatas (atsparumas vandeniui ir dulk\u0117ms)<\/li>\n<\/ul>\n<\/div>\n<\/div>\n<\/div>\n<div class=\"celwidget aplus-module 3p-module-b aplus-standard\" data-csa-c-id=\"yk9qfy-4uz4p0-4dznif-w9kcer\" data-cel-widget=\"aplus-3p-module-b\">\n<div class=\"aplus-module-wrapper aplus-3p-fixed-width\"><img decoding=\"async\" class=\"a-spacing-base\" src=\"https:\/\/m.media-amazon.com\/images\/S\/aplus-media-library-service-media\/0c82418c-97fa-458e-9195-3f5b78fd1533.__CR0,0,970,600_PT0_SX970_V1___.jpg\" alt=\"armor 17 pro\" data-src=\"https:\/\/m.media-amazon.com\/images\/S\/aplus-media-library-service-media\/0c82418c-97fa-458e-9195-3f5b78fd1533.__CR0,0,970,600_PT0_SX970_V1___.jpg\" \/><\/div>\n<\/div>\n<div class=\"celwidget aplus-module 3p-module-b aplus-standard\" data-csa-c-id=\"y4dvcs-tnj9ai-rk182g-3nk5iw\" data-cel-widget=\"aplus-3p-module-b\">\n<div class=\"aplus-module-wrapper aplus-3p-fixed-width\"><img decoding=\"async\" class=\"a-spacing-base\" src=\"https:\/\/m.media-amazon.com\/images\/S\/aplus-media-library-service-media\/5e9693a1-eba4-4fc2-b111-0ee6d2a26014.__CR0,0,970,600_PT0_SX970_V1___.jpg\" alt=\"108MP camera\" data-src=\"https:\/\/m.media-amazon.com\/images\/S\/aplus-media-library-service-media\/5e9693a1-eba4-4fc2-b111-0ee6d2a26014.__CR0,0,970,600_PT0_SX970_V1___.jpg\" \/><\/div>\n<\/div>\n<div class=\"celwidget aplus-module 3p-module-b aplus-standard\" data-csa-c-id=\"yzqh26-opyq3v-abnksm-yg5hxd\" data-cel-widget=\"aplus-3p-module-b\">\n<div class=\"aplus-module-wrapper aplus-3p-fixed-width\"><img decoding=\"async\" class=\"a-spacing-base\" src=\"https:\/\/m.media-amazon.com\/images\/S\/aplus-media-library-service-media\/af519a07-e86f-4ca3-9389-759618d3cbb3.__CR0,0,970,600_PT0_SX970_V1___.jpg\" alt=\"256GB phone\" data-src=\"https:\/\/m.media-amazon.com\/images\/S\/aplus-media-library-service-media\/af519a07-e86f-4ca3-9389-759618d3cbb3.__CR0,0,970,600_PT0_SX970_V1___.jpg\" \/><\/div>\n<\/div>\n<div class=\"celwidget aplus-module 3p-module-b aplus-standard\" data-csa-c-id=\"s4rwqi-8eidqn-hbmd1m-2lm9bj\" data-cel-widget=\"aplus-3p-module-b\">\n<div class=\"aplus-module-wrapper aplus-3p-fixed-width\"><img decoding=\"async\" class=\"a-spacing-base\" src=\"https:\/\/m.media-amazon.com\/images\/S\/aplus-media-library-service-media\/59162a73-b52e-4d97-83c1-5f72aae8d6fe.__CR0,0,970,600_PT0_SX970_V1___.jpg\" alt=\"night vision camera\" data-src=\"https:\/\/m.media-amazon.com\/images\/S\/aplus-media-library-service-media\/59162a73-b52e-4d97-83c1-5f72aae8d6fe.__CR0,0,970,600_PT0_SX970_V1___.jpg\" \/><\/div>\n<\/div>\n<div class=\"celwidget aplus-module 3p-module-b aplus-standard\" data-csa-c-id=\"is376g-fmg06d-2bf8d6-9msqn0\" data-cel-widget=\"aplus-3p-module-b\">\n<div class=\"aplus-module-wrapper aplus-3p-fixed-width\">\n<p><img decoding=\"async\" class=\"a-spacing-base\" src=\"https:\/\/m.media-amazon.com\/images\/S\/aplus-media-library-service-media\/7ec3a221-45a9-4057-ab1f-d635a26610e8.__CR0,0,970,600_PT0_SX970_V1___.jpg\" alt=\"6.58 FHD+ Display\" data-src=\"https:\/\/m.media-amazon.com\/images\/S\/aplus-media-library-service-media\/7ec3a221-45a9-4057-ab1f-d635a26610e8.__CR0,0,970,600_PT0_SX970_V1___.jpg\" \/><\/p>\n<\/div>\n<\/div>\n<div class=\"celwidget aplus-module 3p-module-b aplus-standard\" data-csa-c-id=\"6yqzjd-nnllgf-ag6rit-ddofb7\" data-cel-widget=\"aplus-3p-module-b\">\n<div class=\"aplus-module-wrapper aplus-3p-fixed-width\"><img decoding=\"async\" class=\"a-spacing-base\" src=\"https:\/\/m.media-amazon.com\/images\/S\/aplus-media-library-service-media\/7f042a7a-94fa-4506-9e3b-bc8e1eecfb07.__CR0,0,970,600_PT0_SX970_V1___.jpg\" alt=\"66W fast charge\" data-src=\"https:\/\/m.media-amazon.com\/images\/S\/aplus-media-library-service-media\/7f042a7a-94fa-4506-9e3b-bc8e1eecfb07.__CR0,0,970,600_PT0_SX970_V1___.jpg\" \/><\/div>\n<\/div>\n<div class=\"celwidget aplus-module 3p-module-b aplus-standard\" data-csa-c-id=\"w8qfus-ieifbi-m5bg-wnhg9d\" data-cel-widget=\"aplus-3p-module-b\">\n<div class=\"aplus-module-wrapper aplus-3p-fixed-width\"><img decoding=\"async\" class=\"a-spacing-base\" src=\"https:\/\/m.media-amazon.com\/images\/S\/aplus-media-library-service-media\/182f2743-7966-4c05-9faf-17688f109d72.__CR0,0,970,600_PT0_SX970_V1___.jpg\" alt=\"IP68 phone\" data-src=\"https:\/\/m.media-amazon.com\/images\/S\/aplus-media-library-service-media\/182f2743-7966-4c05-9faf-17688f109d72.__CR0,0,970,600_PT0_SX970_V1___.jpg\" \/><\/div>\n<\/div>\n<\/div>\n<\/section>\n","protected":false},"excerpt":{"rendered":"<p>Ulefone Armor 17 Pro \u2013 auk\u0161tos klas\u0117s vandeniui ir sm\u016bgiams atsparus telefonas su naktinio matymo kamera i\u0161 Ulefone Armor\u00ae telefon\u0173 serijos. \u012erenginys pasi\u017eymi 108 MP Samsung\u00ae HM2 kamera su 4K filmavimu, net 256 GB vidine ir 8 GB RAM atmintimi, Helio\u2122 G99 procesoriumi, 5380 mAh baterija su 66 W greitojo \u012fkrovimo funkcija bei Android 12 [&#8230;]\n","protected":false},"featured_media":3221,"template":"","meta":[],"product_brand":[],"product_cat":[22],"product_tag":[],"class_list":{"0":"post-3220","1":"product","2":"type-product","3":"status-publish","4":"has-post-thumbnail","6":"product_cat-ulefone-telefonai","8":"first","9":"instock","10":"sale","11":"shipping-taxable","12":"purchasable","13":"product-type-simple"},"yoast_head":"<!-- This site is optimized with the Yoast SEO plugin v27.5 - https:\/\/yoast.com\/product\/yoast-seo-wordpress\/ -->\n<title>Ulefone Armor 17 Pro \u2013 256\/8GB, Juodas - Resolute.lt<\/title>\n<meta name=\"description\" content=\"Nauji vandeniui ir sm\u016bgiams atspar\u016bs Ulefone telefonai ma\u017eiausia kaina! Platus asortimentas, patogus atsiskaitymas, nauji telefonai pigiau!\" \/>\n<meta name=\"robots\" content=\"index, follow, max-snippet:-1, max-image-preview:large, max-video-preview:-1\" \/>\n<link rel=\"canonical\" href=\"https:\/\/resolute.lt\/index.php\/produktas\/ulefone-armor-17-pro\/\" \/>\n<meta property=\"og:locale\" content=\"lt_LT\" \/>\n<meta property=\"og:type\" content=\"article\" \/>\n<meta property=\"og:title\" content=\"Ulefone Armor 17 Pro \u2013 256\/8GB, Juodas - Resolute.lt\" \/>\n<meta property=\"og:description\" content=\"Nauji vandeniui ir sm\u016bgiams atspar\u016bs Ulefone telefonai ma\u017eiausia kaina! Platus asortimentas, patogus atsiskaitymas, nauji telefonai pigiau!\" \/>\n<meta property=\"og:url\" content=\"https:\/\/resolute.lt\/index.php\/produktas\/ulefone-armor-17-pro\/\" \/>\n<meta property=\"og:site_name\" content=\"Resolute.lt\" \/>\n<meta property=\"article:modified_time\" content=\"2025-07-01T17:39:57+00:00\" \/>\n<meta property=\"og:image\" content=\"https:\/\/resolute.lt\/wp-content\/uploads\/2023\/01\/1-Ulefone-Armor-17-Pro-smugiams-vandeniui-atsparus-telefonas-Telefonai-Resolute.lt_.jpg\" \/>\n\t<meta property=\"og:image:width\" content=\"924\" \/>\n\t<meta property=\"og:image:height\" content=\"900\" \/>\n\t<meta property=\"og:image:type\" content=\"image\/jpeg\" \/>\n<meta name=\"twitter:card\" content=\"summary_large_image\" \/>\n<meta name=\"twitter:label1\" content=\"Est. reading time\" \/>\n\t<meta name=\"twitter:data1\" content=\"5 minut\u0117s\" \/>\n<script type=\"application\/ld+json\" class=\"yoast-schema-graph\">{\"@context\":\"https:\\\/\\\/schema.org\",\"@graph\":[{\"@type\":\"WebPage\",\"@id\":\"https:\\\/\\\/resolute.lt\\\/index.php\\\/produktas\\\/ulefone-armor-17-pro\\\/\",\"url\":\"https:\\\/\\\/resolute.lt\\\/index.php\\\/produktas\\\/ulefone-armor-17-pro\\\/\",\"name\":\"Ulefone Armor 17 Pro \u2013 256\\\/8GB, Juodas - Resolute.lt\",\"isPartOf\":{\"@id\":\"https:\\\/\\\/resolute.lt\\\/#website\"},\"primaryImageOfPage\":{\"@id\":\"https:\\\/\\\/resolute.lt\\\/index.php\\\/produktas\\\/ulefone-armor-17-pro\\\/#primaryimage\"},\"image\":{\"@id\":\"https:\\\/\\\/resolute.lt\\\/index.php\\\/produktas\\\/ulefone-armor-17-pro\\\/#primaryimage\"},\"thumbnailUrl\":\"https:\\\/\\\/resolute.lt\\\/wp-content\\\/uploads\\\/2023\\\/01\\\/1-Ulefone-Armor-17-Pro-smugiams-vandeniui-atsparus-telefonas-Telefonai-Resolute.lt_.jpg\",\"datePublished\":\"2023-01-12T13:05:41+00:00\",\"dateModified\":\"2025-07-01T17:39:57+00:00\",\"description\":\"Nauji vandeniui ir sm\u016bgiams atspar\u016bs Ulefone telefonai ma\u017eiausia kaina! Platus asortimentas, patogus atsiskaitymas, nauji telefonai pigiau!\",\"breadcrumb\":{\"@id\":\"https:\\\/\\\/resolute.lt\\\/index.php\\\/produktas\\\/ulefone-armor-17-pro\\\/#breadcrumb\"},\"inLanguage\":\"lt-LT\",\"potentialAction\":[{\"@type\":\"ReadAction\",\"target\":[\"https:\\\/\\\/resolute.lt\\\/index.php\\\/produktas\\\/ulefone-armor-17-pro\\\/\"]}]},{\"@type\":\"ImageObject\",\"inLanguage\":\"lt-LT\",\"@id\":\"https:\\\/\\\/resolute.lt\\\/index.php\\\/produktas\\\/ulefone-armor-17-pro\\\/#primaryimage\",\"url\":\"https:\\\/\\\/resolute.lt\\\/wp-content\\\/uploads\\\/2023\\\/01\\\/1-Ulefone-Armor-17-Pro-smugiams-vandeniui-atsparus-telefonas-Telefonai-Resolute.lt_.jpg\",\"contentUrl\":\"https:\\\/\\\/resolute.lt\\\/wp-content\\\/uploads\\\/2023\\\/01\\\/1-Ulefone-Armor-17-Pro-smugiams-vandeniui-atsparus-telefonas-Telefonai-Resolute.lt_.jpg\",\"width\":924,\"height\":900},{\"@type\":\"BreadcrumbList\",\"@id\":\"https:\\\/\\\/resolute.lt\\\/index.php\\\/produktas\\\/ulefone-armor-17-pro\\\/#breadcrumb\",\"itemListElement\":[{\"@type\":\"ListItem\",\"position\":1,\"name\":\"Home\",\"item\":\"https:\\\/\\\/resolute.lt\\\/\"},{\"@type\":\"ListItem\",\"position\":2,\"name\":\"Resolute.lt\",\"item\":\"https:\\\/\\\/resolute.lt\\\/\"},{\"@type\":\"ListItem\",\"position\":3,\"name\":\"Ulefone Armor 17 Pro \u2013 256\\\/8GB, Juodas\"}]},{\"@type\":\"WebSite\",\"@id\":\"https:\\\/\\\/resolute.lt\\\/#website\",\"url\":\"https:\\\/\\\/resolute.lt\\\/\",\"name\":\"Resolute.lt\",\"description\":\"Sm\u016bgiams ir vandeniui telefonai\",\"potentialAction\":[{\"@type\":\"SearchAction\",\"target\":{\"@type\":\"EntryPoint\",\"urlTemplate\":\"https:\\\/\\\/resolute.lt\\\/?s={search_term_string}\"},\"query-input\":{\"@type\":\"PropertyValueSpecification\",\"valueRequired\":true,\"valueName\":\"search_term_string\"}}],\"inLanguage\":\"lt-LT\"}]}<\/script>\n<!-- \/ Yoast SEO plugin. -->","yoast_head_json":{"title":"Ulefone Armor 17 Pro \u2013 256\/8GB, Juodas - Resolute.lt","description":"Nauji vandeniui ir sm\u016bgiams atspar\u016bs Ulefone telefonai ma\u017eiausia kaina! Platus asortimentas, patogus atsiskaitymas, nauji telefonai pigiau!","robots":{"index":"index","follow":"follow","max-snippet":"max-snippet:-1","max-image-preview":"max-image-preview:large","max-video-preview":"max-video-preview:-1"},"canonical":"https:\/\/resolute.lt\/index.php\/produktas\/ulefone-armor-17-pro\/","og_locale":"lt_LT","og_type":"article","og_title":"Ulefone Armor 17 Pro \u2013 256\/8GB, Juodas - Resolute.lt","og_description":"Nauji vandeniui ir sm\u016bgiams atspar\u016bs Ulefone telefonai ma\u017eiausia kaina! Platus asortimentas, patogus atsiskaitymas, nauji telefonai pigiau!","og_url":"https:\/\/resolute.lt\/index.php\/produktas\/ulefone-armor-17-pro\/","og_site_name":"Resolute.lt","article_modified_time":"2025-07-01T17:39:57+00:00","og_image":[{"width":924,"height":900,"url":"https:\/\/resolute.lt\/wp-content\/uploads\/2023\/01\/1-Ulefone-Armor-17-Pro-smugiams-vandeniui-atsparus-telefonas-Telefonai-Resolute.lt_.jpg","type":"image\/jpeg"}],"twitter_card":"summary_large_image","twitter_misc":{"Est. reading time":"5 minut\u0117s"},"schema":{"@context":"https:\/\/schema.org","@graph":[{"@type":"WebPage","@id":"https:\/\/resolute.lt\/index.php\/produktas\/ulefone-armor-17-pro\/","url":"https:\/\/resolute.lt\/index.php\/produktas\/ulefone-armor-17-pro\/","name":"Ulefone Armor 17 Pro \u2013 256\/8GB, Juodas - Resolute.lt","isPartOf":{"@id":"https:\/\/resolute.lt\/#website"},"primaryImageOfPage":{"@id":"https:\/\/resolute.lt\/index.php\/produktas\/ulefone-armor-17-pro\/#primaryimage"},"image":{"@id":"https:\/\/resolute.lt\/index.php\/produktas\/ulefone-armor-17-pro\/#primaryimage"},"thumbnailUrl":"https:\/\/resolute.lt\/wp-content\/uploads\/2023\/01\/1-Ulefone-Armor-17-Pro-smugiams-vandeniui-atsparus-telefonas-Telefonai-Resolute.lt_.jpg","datePublished":"2023-01-12T13:05:41+00:00","dateModified":"2025-07-01T17:39:57+00:00","description":"Nauji vandeniui ir sm\u016bgiams atspar\u016bs Ulefone telefonai ma\u017eiausia kaina! Platus asortimentas, patogus atsiskaitymas, nauji telefonai pigiau!","breadcrumb":{"@id":"https:\/\/resolute.lt\/index.php\/produktas\/ulefone-armor-17-pro\/#breadcrumb"},"inLanguage":"lt-LT","potentialAction":[{"@type":"ReadAction","target":["https:\/\/resolute.lt\/index.php\/produktas\/ulefone-armor-17-pro\/"]}]},{"@type":"ImageObject","inLanguage":"lt-LT","@id":"https:\/\/resolute.lt\/index.php\/produktas\/ulefone-armor-17-pro\/#primaryimage","url":"https:\/\/resolute.lt\/wp-content\/uploads\/2023\/01\/1-Ulefone-Armor-17-Pro-smugiams-vandeniui-atsparus-telefonas-Telefonai-Resolute.lt_.jpg","contentUrl":"https:\/\/resolute.lt\/wp-content\/uploads\/2023\/01\/1-Ulefone-Armor-17-Pro-smugiams-vandeniui-atsparus-telefonas-Telefonai-Resolute.lt_.jpg","width":924,"height":900},{"@type":"BreadcrumbList","@id":"https:\/\/resolute.lt\/index.php\/produktas\/ulefone-armor-17-pro\/#breadcrumb","itemListElement":[{"@type":"ListItem","position":1,"name":"Home","item":"https:\/\/resolute.lt\/"},{"@type":"ListItem","position":2,"name":"Resolute.lt","item":"https:\/\/resolute.lt\/"},{"@type":"ListItem","position":3,"name":"Ulefone Armor 17 Pro \u2013 256\/8GB, Juodas"}]},{"@type":"WebSite","@id":"https:\/\/resolute.lt\/#website","url":"https:\/\/resolute.lt\/","name":"Resolute.lt","description":"Sm\u016bgiams ir vandeniui telefonai","potentialAction":[{"@type":"SearchAction","target":{"@type":"EntryPoint","urlTemplate":"https:\/\/resolute.lt\/?s={search_term_string}"},"query-input":{"@type":"PropertyValueSpecification","valueRequired":true,"valueName":"search_term_string"}}],"inLanguage":"lt-LT"}]}},"_links":{"self":[{"href":"https:\/\/resolute.lt\/index.php\/wp-json\/wp\/v2\/product\/3220","targetHints":{"allow":["GET"]}}],"collection":[{"href":"https:\/\/resolute.lt\/index.php\/wp-json\/wp\/v2\/product"}],"about":[{"href":"https:\/\/resolute.lt\/index.php\/wp-json\/wp\/v2\/types\/product"}],"wp:featuredmedia":[{"embeddable":true,"href":"https:\/\/resolute.lt\/index.php\/wp-json\/wp\/v2\/media\/3221"}],"wp:attachment":[{"href":"https:\/\/resolute.lt\/index.php\/wp-json\/wp\/v2\/media?parent=3220"}],"wp:term":[{"taxonomy":"product_brand","embeddable":true,"href":"https:\/\/resolute.lt\/index.php\/wp-json\/wp\/v2\/product_brand?post=3220"},{"taxonomy":"product_cat","embeddable":true,"href":"https:\/\/resolute.lt\/index.php\/wp-json\/wp\/v2\/product_cat?post=3220"},{"taxonomy":"product_tag","embeddable":true,"href":"https:\/\/resolute.lt\/index.php\/wp-json\/wp\/v2\/product_tag?post=3220"}],"curies":[{"name":"wp","href":"https:\/\/api.w.org\/{rel}","templated":true}]}}