{"id":3187,"date":"2022-12-19T09:18:23","date_gmt":"2022-12-19T09:18:23","guid":{"rendered":"https:\/\/resolute.lt\/?post_type=product&#038;p=3187"},"modified":"2024-07-22T12:24:21","modified_gmt":"2024-07-22T12:24:21","slug":"ulefone-power-armor-18-18t-19-19t-daugiafunkcinis-deklas","status":"publish","type":"product","link":"https:\/\/resolute.lt\/index.php\/produktas\/ulefone-power-armor-18-18t-19-19t-daugiafunkcinis-deklas\/","title":{"rendered":"Ulefone Power Armor 18 \/ 18T \/ 19 \/ 19T daugiafunkcinis d\u0117klas"},"content":{"rendered":"<p class=\"lead\">Originalus Ulefone\u2122 daugiafunkcinis d\u0117klas, skirtas Power Armor 18 ir 19 serij\u0173 telefonams, \u012fskaitant T ir Ultra versijas, susidedantis i\u0161 3 pried\u0173:<\/p>\n<ul>\n<li><strong>Sm\u016bgiams atsparus d\u0117klas<\/strong>\u00a0\u2013 dar didesn\u0117 apsauga j\u016bs\u0173 telefonui!<\/li>\n<li><strong>Metalinis karabinas<\/strong>\u00a0\u2013 saugiai prikabinkite telefon\u0105 ir niekada jo nepameskite!<\/li>\n<li><strong>Patvari dir\u017eo sagtis<\/strong>\u00a0\u2013 stabilus telefono prikabinimo \u012frankis!<\/li>\n<\/ul>\n<p><span lang=\"lt\"><strong><a href=\"https:\/\/www.resolute.lt\/\">RESOLUTE.LT EL. PARDUOTUV\u0116:<\/a><br \/>\n<\/strong>\u2013 <strong>5-7 d.d. pristatymas<\/strong>\u00a0(apmokant banko kortele, el. bankininkyste, Paysera ar Paypal).<br \/>\n\u2013 Tik naujos ir nei\u0161pakuotos prek\u0117s!<br \/>\n<\/span><\/p>\n<section id=\"section_2145972809\" class=\"section\">\n<div class=\"section-content relative\">\n<div id=\"row-1175821349\" class=\"row align-center\">\n<div id=\"col-130476939\" class=\"col medium-4 small-10 large-4\">\n<div class=\"col-inner\">\n<h1><strong>Komplektacija<\/strong><\/h1>\n<\/div>\n<\/div>\n<div id=\"col-1358541524\" class=\"col medium-8 small-10 large-8\">\n<div class=\"col-inner\">\n<ul>\n<li><b>1x\u00a0<\/b> D\u0117klas<\/li>\n<li><strong>1x<\/strong>\u00a0 Karabinas<\/li>\n<li><strong>1x\u00a0<\/strong> Dir\u017eo sagtis<\/li>\n<\/ul>\n<\/div>\n<\/div>\n<\/div>\n<div id=\"row-214715003\" class=\"row align-center\">\n<div id=\"col-883847564\" class=\"col medium-4 small-10 large-4\">\n<div class=\"col-inner\">\n<h1><strong>Bendrieji parametrai<\/strong><\/h1>\n<\/div>\n<\/div>\n<div id=\"col-35252131\" class=\"col medium-8 small-10 large-8\">\n<div class=\"col-inner\">\n<ul>\n<li><strong>Prek\u0117s tipas:<\/strong> Telefon\u0173 d\u0117klai \/ Multifunkciniai rinkiniai<\/li>\n<li><b>Prek\u0117s spalva: <\/b>Juoda<\/li>\n<li><strong>D\u0117klo ir dir\u017eo sagties med\u017eiaga:<\/strong> Polikarbonatas<\/li>\n<li><strong>Karabino med\u017eiaga:<\/strong> Aliuminis<\/li>\n<\/ul>\n<\/div>\n<\/div>\n<\/div>\n<div id=\"row-214715003\" class=\"row align-center\">\n<div id=\"col-883847564\" class=\"col medium-4 small-10 large-4\">\n<div class=\"col-inner\">\n<h1><strong>Suderinami modeliai<\/strong><\/h1>\n<\/div>\n<\/div>\n<div id=\"col-35252131\" class=\"col medium-8 small-10 large-8\">\n<div class=\"col-inner\">\n<ul>\n<li>Ulefone Power Armor 18<\/li>\n<li>Ulefone Power Armor 18T<\/li>\n<li>Ulefone Power Armor 19<\/li>\n<li>Ulefone Power Armor 19T<\/li>\n<li>Ulefone Power Armor 18 Ultra<\/li>\n<li>Ulefone Power Armor 18T Ultra<\/li>\n<\/ul>\n<\/div>\n<\/div>\n<\/div>\n<div id=\"row-1009664519\" class=\"row align-center\">\n<div id=\"col-477520799\" class=\"col medium-4 small-10 large-4\">\n<div class=\"col-inner\">\n<h1><b>Matmenys ir svoris<\/b><\/h1>\n<\/div>\n<\/div>\n<div id=\"col-1429020984\" class=\"col medium-8 small-10 large-8\">\n<div class=\"col-inner\">\n<ul>\n<li><strong>D\u0117klo matmenys:<\/strong> 192,2 x 89,7 x 25,3 mm<\/li>\n<li><strong>Dir\u017eo sagties matmenys:<\/strong>\u00a072,14 x 28,98 x 18,19 mm<\/li>\n<li><strong>Karabino matmenys:<\/strong> 147,12 x 40,42 x 6,71 mm<\/li>\n<li><b>Pakuot\u0117s svoris: <\/b>0,2 kg<\/li>\n<\/ul>\n<\/div>\n<\/div>\n<\/div>\n<div id=\"row-468646911\" class=\"row align-center\">\n<div id=\"col-1185701877\" class=\"col medium-4 small-10 large-4\">\n<div class=\"col-inner\">\n<h1><strong>Papildomi duomenys<\/strong><\/h1>\n<\/div>\n<\/div>\n<div id=\"col-1424211009\" class=\"col medium-8 small-10 large-8\">\n<div class=\"col-inner\">\n<ul>\n<li>360 laipsni\u0173 apsauga nuo sm\u016bgi\u0173<\/li>\n<\/ul>\n<\/div>\n<\/div>\n<\/div>\n<div id=\"row-468646911\" class=\"row align-center\">\n<div id=\"col-1424211009\" class=\"col medium-8 small-10 large-8\">\n<div class=\"col-inner\">\n<div class=\"celwidget aplus-module launchpad-company-logo aplus-standard\" data-csa-c-id=\"5w2ap9-4guyej-f41xly-x48tcx\" data-cel-widget=\"aplus-launchpad-company-logo\">\n<div class=\"a-section a-text-center launchpad-module launchpad-module-company-logo\"><\/div>\n<\/div>\n<div class=\"celwidget aplus-module 3p-module-b aplus-standard\" data-csa-c-id=\"j71f61-ln9urs-ru3ye8-wm977l\" data-cel-widget=\"aplus-3p-module-b\">\n<div class=\"aplus-module-wrapper aplus-3p-fixed-width\"><img decoding=\"async\" class=\"a-spacing-base\" src=\"https:\/\/m.media-amazon.com\/images\/S\/aplus-media-library-service-media\/e35f40ad-eb41-43dd-95b5-74d241a5137f.__CR87,0,1746,1080_PT0_SX970_V1___.jpg\" alt=\"Ulefone power armor 18t case for ulefone power armor 18t\" data-src=\"https:\/\/m.media-amazon.com\/images\/S\/aplus-media-library-service-media\/e35f40ad-eb41-43dd-95b5-74d241a5137f.__CR87,0,1746,1080_PT0_SX970_V1___.jpg\" \/><\/div>\n<\/div>\n<div class=\"celwidget aplus-module 3p-module-b aplus-standard\" data-csa-c-id=\"b4usmr-1302th-nrrt38-wwnjur\" data-cel-widget=\"aplus-3p-module-b\">\n<div class=\"aplus-module-wrapper aplus-3p-fixed-width\"><img decoding=\"async\" class=\"a-spacing-base\" src=\"https:\/\/m.media-amazon.com\/images\/S\/aplus-media-library-service-media\/81af2fc5-d80d-4b4b-9053-4c07f053ada8.__CR87,0,1746,1080_PT0_SX970_V1___.jpg\" alt=\"Ulefone power armor 18t case for ulefone power armor 18t\" data-src=\"https:\/\/m.media-amazon.com\/images\/S\/aplus-media-library-service-media\/81af2fc5-d80d-4b4b-9053-4c07f053ada8.__CR87,0,1746,1080_PT0_SX970_V1___.jpg\" \/><\/div>\n<\/div>\n<div class=\"celwidget aplus-module 3p-module-b aplus-standard\" data-csa-c-id=\"d1k36i-d8f9bg-vam5um-4c176p\" data-cel-widget=\"aplus-3p-module-b\">\n<div class=\"aplus-module-wrapper aplus-3p-fixed-width\"><img decoding=\"async\" class=\"a-spacing-base\" src=\"https:\/\/m.media-amazon.com\/images\/S\/aplus-media-library-service-media\/fcdf2817-bd8b-49a6-b025-13c5f39eb230.__CR87,0,1746,1080_PT0_SX970_V1___.jpg\" alt=\"Ulefone power armor 18t case for ulefone power armor 18t\" data-src=\"https:\/\/m.media-amazon.com\/images\/S\/aplus-media-library-service-media\/fcdf2817-bd8b-49a6-b025-13c5f39eb230.__CR87,0,1746,1080_PT0_SX970_V1___.jpg\" \/><\/div>\n<\/div>\n<div class=\"celwidget aplus-module 3p-module-b aplus-standard\" data-csa-c-id=\"uf11d1-ygvgal-4hdzi4-fmzmmv\" data-cel-widget=\"aplus-3p-module-b\">\n<div class=\"aplus-module-wrapper aplus-3p-fixed-width\"><img decoding=\"async\" class=\"a-spacing-base\" src=\"https:\/\/m.media-amazon.com\/images\/S\/aplus-media-library-service-media\/d06c04ce-87fd-4390-87f5-4f1541390f3c.__CR87,0,1746,1080_PT0_SX970_V1___.jpg\" alt=\"Ulefone power armor 18t case for ulefone power armor 18t\" data-src=\"https:\/\/m.media-amazon.com\/images\/S\/aplus-media-library-service-media\/d06c04ce-87fd-4390-87f5-4f1541390f3c.__CR87,0,1746,1080_PT0_SX970_V1___.jpg\" \/><\/div>\n<\/div>\n<div class=\"celwidget aplus-module 3p-module-b aplus-standard\" data-csa-c-id=\"o7bvgg-ompevk-sxbigi-z2btd0\" data-cel-widget=\"aplus-3p-module-b\">\n<div class=\"aplus-module-wrapper aplus-3p-fixed-width\"><img decoding=\"async\" class=\"a-spacing-base\" src=\"https:\/\/m.media-amazon.com\/images\/S\/aplus-media-library-service-media\/ab00994d-f137-475b-9e1a-b037b3912258.__CR87,0,1746,1080_PT0_SX970_V1___.jpg\" alt=\"Ulefone power armor 18t case for ulefone power armor 18t\" data-src=\"https:\/\/m.media-amazon.com\/images\/S\/aplus-media-library-service-media\/ab00994d-f137-475b-9e1a-b037b3912258.__CR87,0,1746,1080_PT0_SX970_V1___.jpg\" \/><\/div>\n<\/div>\n<div class=\"celwidget aplus-module 3p-module-b aplus-standard\" data-csa-c-id=\"mgwoto-p6my9f-13ndg-lbi1n7\" data-cel-widget=\"aplus-3p-module-b\">\n<div class=\"aplus-module-wrapper aplus-3p-fixed-width\"><img decoding=\"async\" class=\"a-spacing-base\" src=\"https:\/\/m.media-amazon.com\/images\/S\/aplus-media-library-service-media\/e6dfbea2-7745-4140-83e5-0bf138066c29.__CR87,0,1746,1080_PT0_SX970_V1___.jpg\" alt=\"Ulefone power armor 18t case for ulefone power armor 18t\" data-src=\"https:\/\/m.media-amazon.com\/images\/S\/aplus-media-library-service-media\/e6dfbea2-7745-4140-83e5-0bf138066c29.__CR87,0,1746,1080_PT0_SX970_V1___.jpg\" \/><\/div>\n<\/div>\n<\/div>\n<\/div>\n<\/div>\n<\/div>\n<\/section>\n","protected":false},"excerpt":{"rendered":"<p>Originalus Ulefone\u2122 daugiafunkcinis d\u0117klas, skirtas Power Armor 18 ir 19 serij\u0173 telefonams, \u012fskaitant T ir Ultra versijas, susidedantis i\u0161 3 pried\u0173: Sm\u016bgiams atsparus d\u0117klas\u00a0\u2013 dar didesn\u0117 apsauga j\u016bs\u0173 telefonui! Metalinis karabinas\u00a0\u2013 saugiai prikabinkite telefon\u0105 ir niekada jo nepameskite! Patvari dir\u017eo sagtis\u00a0\u2013 stabilus telefono prikabinimo \u012frankis! RESOLUTE.LT EL. PARDUOTUV\u0116: \u2013 5-7 d.d. pristatymas\u00a0(apmokant banko kortele, el. [&#8230;]\n","protected":false},"featured_media":3188,"template":"","meta":[],"product_brand":[],"product_cat":[47,27],"product_tag":[],"class_list":{"0":"post-3187","1":"product","2":"type-product","3":"status-publish","4":"has-post-thumbnail","6":"product_cat-daugiafunkciniai-ulefone-deklai","7":"product_cat-deklai","9":"first","10":"instock","11":"sale","12":"shipping-taxable","13":"purchasable","14":"product-type-simple"},"yoast_head":"<!-- This site is optimized with the Yoast SEO plugin v27.5 - https:\/\/yoast.com\/product\/yoast-seo-wordpress\/ -->\n<title>Ulefone Power Armor 18 \/ 18T \/ 19 \/ 19T daugiafunkcinis d\u0117klas - Resolute.lt<\/title>\n<meta name=\"description\" content=\"Original\u016bs Ulefone telefon\u0173 priedai \u017eemiausia kaina! Patikimas pristatymas, patogus atsiskaitymas, autenti\u0161kumo garantas!\" \/>\n<meta name=\"robots\" content=\"index, follow, max-snippet:-1, max-image-preview:large, max-video-preview:-1\" \/>\n<link rel=\"canonical\" href=\"https:\/\/resolute.lt\/index.php\/produktas\/ulefone-power-armor-18-18t-19-19t-daugiafunkcinis-deklas\/\" \/>\n<meta property=\"og:locale\" content=\"lt_LT\" \/>\n<meta property=\"og:type\" content=\"article\" \/>\n<meta property=\"og:title\" content=\"Ulefone Power Armor 18 \/ 18T \/ 19 \/ 19T daugiafunkcinis d\u0117klas - Resolute.lt\" \/>\n<meta property=\"og:description\" content=\"Original\u016bs Ulefone telefon\u0173 priedai \u017eemiausia kaina! Patikimas pristatymas, patogus atsiskaitymas, autenti\u0161kumo garantas!\" \/>\n<meta property=\"og:url\" content=\"https:\/\/resolute.lt\/index.php\/produktas\/ulefone-power-armor-18-18t-19-19t-daugiafunkcinis-deklas\/\" \/>\n<meta property=\"og:site_name\" content=\"Resolute.lt\" \/>\n<meta property=\"article:modified_time\" content=\"2024-07-22T12:24:21+00:00\" \/>\n<meta property=\"og:image\" content=\"https:\/\/resolute.lt\/wp-content\/uploads\/2022\/12\/1-Ulefone-Power-Armor-18T-multifunkcinis-rinkinys.png\" \/>\n\t<meta property=\"og:image:width\" content=\"950\" \/>\n\t<meta property=\"og:image:height\" content=\"949\" \/>\n\t<meta property=\"og:image:type\" content=\"image\/png\" \/>\n<meta name=\"twitter:card\" content=\"summary_large_image\" \/>\n<meta name=\"twitter:label1\" content=\"Est. reading time\" \/>\n\t<meta name=\"twitter:data1\" content=\"3 minut\u0117s\" \/>\n<script type=\"application\/ld+json\" class=\"yoast-schema-graph\">{\"@context\":\"https:\\\/\\\/schema.org\",\"@graph\":[{\"@type\":\"WebPage\",\"@id\":\"https:\\\/\\\/resolute.lt\\\/index.php\\\/produktas\\\/ulefone-power-armor-18-18t-19-19t-daugiafunkcinis-deklas\\\/\",\"url\":\"https:\\\/\\\/resolute.lt\\\/index.php\\\/produktas\\\/ulefone-power-armor-18-18t-19-19t-daugiafunkcinis-deklas\\\/\",\"name\":\"Ulefone Power Armor 18 \\\/ 18T \\\/ 19 \\\/ 19T daugiafunkcinis d\u0117klas - Resolute.lt\",\"isPartOf\":{\"@id\":\"https:\\\/\\\/resolute.lt\\\/#website\"},\"primaryImageOfPage\":{\"@id\":\"https:\\\/\\\/resolute.lt\\\/index.php\\\/produktas\\\/ulefone-power-armor-18-18t-19-19t-daugiafunkcinis-deklas\\\/#primaryimage\"},\"image\":{\"@id\":\"https:\\\/\\\/resolute.lt\\\/index.php\\\/produktas\\\/ulefone-power-armor-18-18t-19-19t-daugiafunkcinis-deklas\\\/#primaryimage\"},\"thumbnailUrl\":\"https:\\\/\\\/resolute.lt\\\/wp-content\\\/uploads\\\/2022\\\/12\\\/1-Ulefone-Power-Armor-18T-multifunkcinis-rinkinys.png\",\"datePublished\":\"2022-12-19T09:18:23+00:00\",\"dateModified\":\"2024-07-22T12:24:21+00:00\",\"description\":\"Original\u016bs Ulefone telefon\u0173 priedai \u017eemiausia kaina! Patikimas pristatymas, patogus atsiskaitymas, autenti\u0161kumo garantas!\",\"breadcrumb\":{\"@id\":\"https:\\\/\\\/resolute.lt\\\/index.php\\\/produktas\\\/ulefone-power-armor-18-18t-19-19t-daugiafunkcinis-deklas\\\/#breadcrumb\"},\"inLanguage\":\"lt-LT\",\"potentialAction\":[{\"@type\":\"ReadAction\",\"target\":[\"https:\\\/\\\/resolute.lt\\\/index.php\\\/produktas\\\/ulefone-power-armor-18-18t-19-19t-daugiafunkcinis-deklas\\\/\"]}]},{\"@type\":\"ImageObject\",\"inLanguage\":\"lt-LT\",\"@id\":\"https:\\\/\\\/resolute.lt\\\/index.php\\\/produktas\\\/ulefone-power-armor-18-18t-19-19t-daugiafunkcinis-deklas\\\/#primaryimage\",\"url\":\"https:\\\/\\\/resolute.lt\\\/wp-content\\\/uploads\\\/2022\\\/12\\\/1-Ulefone-Power-Armor-18T-multifunkcinis-rinkinys.png\",\"contentUrl\":\"https:\\\/\\\/resolute.lt\\\/wp-content\\\/uploads\\\/2022\\\/12\\\/1-Ulefone-Power-Armor-18T-multifunkcinis-rinkinys.png\",\"width\":950,\"height\":949},{\"@type\":\"BreadcrumbList\",\"@id\":\"https:\\\/\\\/resolute.lt\\\/index.php\\\/produktas\\\/ulefone-power-armor-18-18t-19-19t-daugiafunkcinis-deklas\\\/#breadcrumb\",\"itemListElement\":[{\"@type\":\"ListItem\",\"position\":1,\"name\":\"Home\",\"item\":\"https:\\\/\\\/resolute.lt\\\/\"},{\"@type\":\"ListItem\",\"position\":2,\"name\":\"Resolute.lt\",\"item\":\"https:\\\/\\\/resolute.lt\\\/\"},{\"@type\":\"ListItem\",\"position\":3,\"name\":\"Ulefone Power Armor 18 \\\/ 18T \\\/ 19 \\\/ 19T daugiafunkcinis d\u0117klas\"}]},{\"@type\":\"WebSite\",\"@id\":\"https:\\\/\\\/resolute.lt\\\/#website\",\"url\":\"https:\\\/\\\/resolute.lt\\\/\",\"name\":\"Resolute.lt\",\"description\":\"Sm\u016bgiams ir vandeniui telefonai\",\"potentialAction\":[{\"@type\":\"SearchAction\",\"target\":{\"@type\":\"EntryPoint\",\"urlTemplate\":\"https:\\\/\\\/resolute.lt\\\/?s={search_term_string}\"},\"query-input\":{\"@type\":\"PropertyValueSpecification\",\"valueRequired\":true,\"valueName\":\"search_term_string\"}}],\"inLanguage\":\"lt-LT\"}]}<\/script>\n<!-- \/ Yoast SEO plugin. -->","yoast_head_json":{"title":"Ulefone Power Armor 18 \/ 18T \/ 19 \/ 19T daugiafunkcinis d\u0117klas - Resolute.lt","description":"Original\u016bs Ulefone telefon\u0173 priedai \u017eemiausia kaina! Patikimas pristatymas, patogus atsiskaitymas, autenti\u0161kumo garantas!","robots":{"index":"index","follow":"follow","max-snippet":"max-snippet:-1","max-image-preview":"max-image-preview:large","max-video-preview":"max-video-preview:-1"},"canonical":"https:\/\/resolute.lt\/index.php\/produktas\/ulefone-power-armor-18-18t-19-19t-daugiafunkcinis-deklas\/","og_locale":"lt_LT","og_type":"article","og_title":"Ulefone Power Armor 18 \/ 18T \/ 19 \/ 19T daugiafunkcinis d\u0117klas - Resolute.lt","og_description":"Original\u016bs Ulefone telefon\u0173 priedai \u017eemiausia kaina! Patikimas pristatymas, patogus atsiskaitymas, autenti\u0161kumo garantas!","og_url":"https:\/\/resolute.lt\/index.php\/produktas\/ulefone-power-armor-18-18t-19-19t-daugiafunkcinis-deklas\/","og_site_name":"Resolute.lt","article_modified_time":"2024-07-22T12:24:21+00:00","og_image":[{"width":950,"height":949,"url":"https:\/\/resolute.lt\/wp-content\/uploads\/2022\/12\/1-Ulefone-Power-Armor-18T-multifunkcinis-rinkinys.png","type":"image\/png"}],"twitter_card":"summary_large_image","twitter_misc":{"Est. reading time":"3 minut\u0117s"},"schema":{"@context":"https:\/\/schema.org","@graph":[{"@type":"WebPage","@id":"https:\/\/resolute.lt\/index.php\/produktas\/ulefone-power-armor-18-18t-19-19t-daugiafunkcinis-deklas\/","url":"https:\/\/resolute.lt\/index.php\/produktas\/ulefone-power-armor-18-18t-19-19t-daugiafunkcinis-deklas\/","name":"Ulefone Power Armor 18 \/ 18T \/ 19 \/ 19T daugiafunkcinis d\u0117klas - Resolute.lt","isPartOf":{"@id":"https:\/\/resolute.lt\/#website"},"primaryImageOfPage":{"@id":"https:\/\/resolute.lt\/index.php\/produktas\/ulefone-power-armor-18-18t-19-19t-daugiafunkcinis-deklas\/#primaryimage"},"image":{"@id":"https:\/\/resolute.lt\/index.php\/produktas\/ulefone-power-armor-18-18t-19-19t-daugiafunkcinis-deklas\/#primaryimage"},"thumbnailUrl":"https:\/\/resolute.lt\/wp-content\/uploads\/2022\/12\/1-Ulefone-Power-Armor-18T-multifunkcinis-rinkinys.png","datePublished":"2022-12-19T09:18:23+00:00","dateModified":"2024-07-22T12:24:21+00:00","description":"Original\u016bs Ulefone telefon\u0173 priedai \u017eemiausia kaina! Patikimas pristatymas, patogus atsiskaitymas, autenti\u0161kumo garantas!","breadcrumb":{"@id":"https:\/\/resolute.lt\/index.php\/produktas\/ulefone-power-armor-18-18t-19-19t-daugiafunkcinis-deklas\/#breadcrumb"},"inLanguage":"lt-LT","potentialAction":[{"@type":"ReadAction","target":["https:\/\/resolute.lt\/index.php\/produktas\/ulefone-power-armor-18-18t-19-19t-daugiafunkcinis-deklas\/"]}]},{"@type":"ImageObject","inLanguage":"lt-LT","@id":"https:\/\/resolute.lt\/index.php\/produktas\/ulefone-power-armor-18-18t-19-19t-daugiafunkcinis-deklas\/#primaryimage","url":"https:\/\/resolute.lt\/wp-content\/uploads\/2022\/12\/1-Ulefone-Power-Armor-18T-multifunkcinis-rinkinys.png","contentUrl":"https:\/\/resolute.lt\/wp-content\/uploads\/2022\/12\/1-Ulefone-Power-Armor-18T-multifunkcinis-rinkinys.png","width":950,"height":949},{"@type":"BreadcrumbList","@id":"https:\/\/resolute.lt\/index.php\/produktas\/ulefone-power-armor-18-18t-19-19t-daugiafunkcinis-deklas\/#breadcrumb","itemListElement":[{"@type":"ListItem","position":1,"name":"Home","item":"https:\/\/resolute.lt\/"},{"@type":"ListItem","position":2,"name":"Resolute.lt","item":"https:\/\/resolute.lt\/"},{"@type":"ListItem","position":3,"name":"Ulefone Power Armor 18 \/ 18T \/ 19 \/ 19T daugiafunkcinis d\u0117klas"}]},{"@type":"WebSite","@id":"https:\/\/resolute.lt\/#website","url":"https:\/\/resolute.lt\/","name":"Resolute.lt","description":"Sm\u016bgiams ir vandeniui telefonai","potentialAction":[{"@type":"SearchAction","target":{"@type":"EntryPoint","urlTemplate":"https:\/\/resolute.lt\/?s={search_term_string}"},"query-input":{"@type":"PropertyValueSpecification","valueRequired":true,"valueName":"search_term_string"}}],"inLanguage":"lt-LT"}]}},"_links":{"self":[{"href":"https:\/\/resolute.lt\/index.php\/wp-json\/wp\/v2\/product\/3187","targetHints":{"allow":["GET"]}}],"collection":[{"href":"https:\/\/resolute.lt\/index.php\/wp-json\/wp\/v2\/product"}],"about":[{"href":"https:\/\/resolute.lt\/index.php\/wp-json\/wp\/v2\/types\/product"}],"wp:featuredmedia":[{"embeddable":true,"href":"https:\/\/resolute.lt\/index.php\/wp-json\/wp\/v2\/media\/3188"}],"wp:attachment":[{"href":"https:\/\/resolute.lt\/index.php\/wp-json\/wp\/v2\/media?parent=3187"}],"wp:term":[{"taxonomy":"product_brand","embeddable":true,"href":"https:\/\/resolute.lt\/index.php\/wp-json\/wp\/v2\/product_brand?post=3187"},{"taxonomy":"product_cat","embeddable":true,"href":"https:\/\/resolute.lt\/index.php\/wp-json\/wp\/v2\/product_cat?post=3187"},{"taxonomy":"product_tag","embeddable":true,"href":"https:\/\/resolute.lt\/index.php\/wp-json\/wp\/v2\/product_tag?post=3187"}],"curies":[{"name":"wp","href":"https:\/\/api.w.org\/{rel}","templated":true}]}}