{"id":2779,"date":"2022-05-19T10:28:18","date_gmt":"2022-05-19T10:28:18","guid":{"rendered":"https:\/\/resolute.lt\/?post_type=product&#038;p=2779"},"modified":"2024-09-16T13:40:14","modified_gmt":"2024-09-16T13:40:14","slug":"ulefone-armor-12-5g-daugiafunkcinis-deklas","status":"publish","type":"product","link":"https:\/\/resolute.lt\/index.php\/produktas\/ulefone-armor-12-5g-daugiafunkcinis-deklas\/","title":{"rendered":"Ulefone Armor 12 5G daugiafunkcinis d\u0117klas"},"content":{"rendered":"<p>Originalus daugiafunkcinis d\u0117klas <strong>Ulefone Armor 12<\/strong><strong>\u00a05G<\/strong> telefonui, susidedantis i\u0161 3 pried\u0173:<\/p>\n<ul>\n<li><strong>Sm\u016bgiams atsparus TPU d\u0117klas<\/strong> \u2013 dar didesn\u0117 apsauga j\u016bs\u0173 telefonui!<\/li>\n<li><strong>Metalinis karabinas<\/strong> \u2013 saugiai prikabinkite telefon\u0105 ir niekada jo nepameskite!<\/li>\n<li><strong>Patvari dir\u017eo sagtis<\/strong> \u2013 stabilus telefono prikabinimo \u012frankis!<\/li>\n<\/ul>\n<p><span lang=\"lt\"><strong><a href=\"https:\/\/www.resolute.lt\/\">RESOLUTE.LT EL. PARDUOTUV\u0116:<\/a><br \/>\n<\/strong>\u2013 <strong>5-7 d.d. pristatymas<\/strong>\u00a0(apmokant banko kortele, el. bankininkyste, Paysera ar Paypal).<br \/>\n<\/span><\/p>\n<p>&nbsp;<\/p>\n\n\t<section class=\"section\" id=\"section_1521112327\">\n\t\t<div class=\"section-bg fill\" >\n\t\t\t\t\t\t\t\t\t\n\t\t\t\n\n\t\t<\/div>\n\n\t\t\n\n\t\t<div class=\"section-content relative\">\n\t\t\t\n\t<div id=\"gap-1021143525\" class=\"gap-element clearfix\" style=\"display:block; height:auto;\">\n\t\t\n<style>\n#gap-1021143525 {\n  padding-top: 50px;\n}\n<\/style>\n\t<\/div>\n\t\n<div class=\"row align-center\"  id=\"row-1068800759\">\n\n\t<div id=\"col-1100348245\" class=\"col medium-4 small-10 large-4\"  >\n\t\t\t\t<div class=\"col-inner\"  >\n\t\t\t\n\t\t\t\n<h1><strong>Bendrieji duomenys<\/strong><\/h1>\n\t\t<\/div>\n\t\t\t\t\n<style>\n#col-1100348245 > .col-inner {\n  padding: 0px 40px 0px 0px;\n}\n<\/style>\n\t<\/div>\n\n\t\n\n\t<div id=\"col-92732006\" class=\"col medium-8 small-10 large-8\"  >\n\t\t\t\t<div class=\"col-inner\"  >\n\t\t\t\n\t\t\t\n<ul>\n<li><strong>D\u0117klo dydis:<\/strong> 184,83 x 86,48 x 21,34 mm<\/li>\n<li><strong>Dir\u017eo sagties dydis:<\/strong>\u00a072,14 x 28,98 x 18,19 mm<\/li>\n<li><strong>Karabino dydis:<\/strong> 147,12 x 40,42 x 6,71 mm<\/li>\n<li><strong>D\u0117klo med\u017eiagos:<\/strong> Polikarbonatas<\/li>\n<\/ul>\n\t\t<\/div>\n\t\t\t\t\t<\/div>\n\n\t\n<\/div>\n\t\t<\/div>\n\n\t\t\n<style>\n#section_1521112327 {\n  padding-top: 20px;\n  padding-bottom: 20px;\n}\n<\/style>\n\t<\/section>\n\t\n<p><img loading=\"lazy\" decoding=\"async\" style=\"-webkit-user-select: none; margin: auto; cursor: zoom-in;\" src=\"https:\/\/imgaz.staticbg.com\/images\/oaupload\/banggood\/images\/31\/DA\/15d86608-07a2-4e12-ab42-f24b6d35fa9f.jpg.webp\" width=\"981\" height=\"552\" \/><br \/>\n<img loading=\"lazy\" decoding=\"async\" style=\"-webkit-user-select: none; margin: auto; cursor: zoom-in;\" src=\"https:\/\/imgaz.staticbg.com\/images\/oaupload\/banggood\/images\/16\/CF\/6e2f02a6-f47a-4d82-8c58-d34bd57fa47d.jpg.webp\" width=\"981\" height=\"552\" \/><br \/>\n<img loading=\"lazy\" decoding=\"async\" style=\"-webkit-user-select: none; margin: auto; cursor: zoom-in;\" src=\"https:\/\/imgaz.staticbg.com\/images\/oaupload\/banggood\/images\/7F\/58\/f249174b-59e3-4354-8941-68f0de1f3f3f.jpg.webp\" width=\"981\" height=\"552\" \/><\/p>\n","protected":false},"excerpt":{"rendered":"<p>Originalus daugiafunkcinis d\u0117klas Ulefone Armor 12\u00a05G telefonui, susidedantis i\u0161 3 pried\u0173: Sm\u016bgiams atsparus TPU d\u0117klas \u2013 dar didesn\u0117 apsauga j\u016bs\u0173 telefonui! Metalinis karabinas \u2013 saugiai prikabinkite telefon\u0105 ir niekada jo nepameskite! Patvari dir\u017eo sagtis \u2013 stabilus telefono prikabinimo \u012frankis! RESOLUTE.LT EL. PARDUOTUV\u0116: \u2013 5-7 d.d. pristatymas\u00a0(apmokant banko kortele, el. bankininkyste, Paysera ar Paypal). &nbsp;<\/p>\n","protected":false},"featured_media":2780,"template":"","meta":[],"product_brand":[],"product_cat":[47,27],"product_tag":[],"class_list":{"0":"post-2779","1":"product","2":"type-product","3":"status-publish","4":"has-post-thumbnail","6":"product_cat-daugiafunkciniai-ulefone-deklai","7":"product_cat-deklai","9":"first","10":"instock","11":"sale","12":"shipping-taxable","13":"purchasable","14":"product-type-simple"},"yoast_head":"<!-- This site is optimized with the Yoast SEO plugin v27.5 - https:\/\/yoast.com\/product\/yoast-seo-wordpress\/ -->\n<title>Ulefone Armor 12 5G daugiafunkcinis d\u0117klas - Resolute.lt<\/title>\n<meta name=\"description\" content=\"Original\u016bs Ulefone telefon\u0173 priedai \u017eemiausia kaina! Patikimas pristatymas, patogus atsiskaitymas, autenti\u0161kumo garantas!\" \/>\n<meta name=\"robots\" content=\"index, follow, max-snippet:-1, max-image-preview:large, max-video-preview:-1\" \/>\n<link rel=\"canonical\" href=\"https:\/\/resolute.lt\/index.php\/produktas\/ulefone-armor-12-5g-daugiafunkcinis-deklas\/\" \/>\n<meta property=\"og:locale\" content=\"lt_LT\" \/>\n<meta property=\"og:type\" content=\"article\" \/>\n<meta property=\"og:title\" content=\"Ulefone Armor 12 5G daugiafunkcinis d\u0117klas - Resolute.lt\" \/>\n<meta property=\"og:description\" content=\"Original\u016bs Ulefone telefon\u0173 priedai \u017eemiausia kaina! Patikimas pristatymas, patogus atsiskaitymas, autenti\u0161kumo garantas!\" \/>\n<meta property=\"og:url\" content=\"https:\/\/resolute.lt\/index.php\/produktas\/ulefone-armor-12-5g-daugiafunkcinis-deklas\/\" \/>\n<meta property=\"og:site_name\" content=\"Resolute.lt\" \/>\n<meta property=\"article:modified_time\" content=\"2024-09-16T13:40:14+00:00\" \/>\n<meta property=\"og:image\" content=\"https:\/\/resolute.lt\/wp-content\/uploads\/2022\/05\/1-Rinkinys-Armor-12.jpg\" \/>\n\t<meta property=\"og:image:width\" content=\"1000\" \/>\n\t<meta property=\"og:image:height\" content=\"1000\" \/>\n\t<meta property=\"og:image:type\" content=\"image\/jpeg\" \/>\n<meta name=\"twitter:card\" content=\"summary_large_image\" \/>\n<meta name=\"twitter:label1\" content=\"Est. reading time\" \/>\n\t<meta name=\"twitter:data1\" content=\"2 minut\u0117s\" \/>\n<script type=\"application\/ld+json\" class=\"yoast-schema-graph\">{\"@context\":\"https:\\\/\\\/schema.org\",\"@graph\":[{\"@type\":\"WebPage\",\"@id\":\"https:\\\/\\\/resolute.lt\\\/index.php\\\/produktas\\\/ulefone-armor-12-5g-daugiafunkcinis-deklas\\\/\",\"url\":\"https:\\\/\\\/resolute.lt\\\/index.php\\\/produktas\\\/ulefone-armor-12-5g-daugiafunkcinis-deklas\\\/\",\"name\":\"Ulefone Armor 12 5G daugiafunkcinis d\u0117klas - Resolute.lt\",\"isPartOf\":{\"@id\":\"https:\\\/\\\/resolute.lt\\\/#website\"},\"primaryImageOfPage\":{\"@id\":\"https:\\\/\\\/resolute.lt\\\/index.php\\\/produktas\\\/ulefone-armor-12-5g-daugiafunkcinis-deklas\\\/#primaryimage\"},\"image\":{\"@id\":\"https:\\\/\\\/resolute.lt\\\/index.php\\\/produktas\\\/ulefone-armor-12-5g-daugiafunkcinis-deklas\\\/#primaryimage\"},\"thumbnailUrl\":\"https:\\\/\\\/resolute.lt\\\/wp-content\\\/uploads\\\/2022\\\/05\\\/1-Rinkinys-Armor-12.jpg\",\"datePublished\":\"2022-05-19T10:28:18+00:00\",\"dateModified\":\"2024-09-16T13:40:14+00:00\",\"description\":\"Original\u016bs Ulefone telefon\u0173 priedai \u017eemiausia kaina! Patikimas pristatymas, patogus atsiskaitymas, autenti\u0161kumo garantas!\",\"breadcrumb\":{\"@id\":\"https:\\\/\\\/resolute.lt\\\/index.php\\\/produktas\\\/ulefone-armor-12-5g-daugiafunkcinis-deklas\\\/#breadcrumb\"},\"inLanguage\":\"lt-LT\",\"potentialAction\":[{\"@type\":\"ReadAction\",\"target\":[\"https:\\\/\\\/resolute.lt\\\/index.php\\\/produktas\\\/ulefone-armor-12-5g-daugiafunkcinis-deklas\\\/\"]}]},{\"@type\":\"ImageObject\",\"inLanguage\":\"lt-LT\",\"@id\":\"https:\\\/\\\/resolute.lt\\\/index.php\\\/produktas\\\/ulefone-armor-12-5g-daugiafunkcinis-deklas\\\/#primaryimage\",\"url\":\"https:\\\/\\\/resolute.lt\\\/wp-content\\\/uploads\\\/2022\\\/05\\\/1-Rinkinys-Armor-12.jpg\",\"contentUrl\":\"https:\\\/\\\/resolute.lt\\\/wp-content\\\/uploads\\\/2022\\\/05\\\/1-Rinkinys-Armor-12.jpg\",\"width\":1000,\"height\":1000},{\"@type\":\"BreadcrumbList\",\"@id\":\"https:\\\/\\\/resolute.lt\\\/index.php\\\/produktas\\\/ulefone-armor-12-5g-daugiafunkcinis-deklas\\\/#breadcrumb\",\"itemListElement\":[{\"@type\":\"ListItem\",\"position\":1,\"name\":\"Home\",\"item\":\"https:\\\/\\\/resolute.lt\\\/\"},{\"@type\":\"ListItem\",\"position\":2,\"name\":\"Resolute.lt\",\"item\":\"https:\\\/\\\/resolute.lt\\\/\"},{\"@type\":\"ListItem\",\"position\":3,\"name\":\"Ulefone Armor 12 5G daugiafunkcinis d\u0117klas\"}]},{\"@type\":\"WebSite\",\"@id\":\"https:\\\/\\\/resolute.lt\\\/#website\",\"url\":\"https:\\\/\\\/resolute.lt\\\/\",\"name\":\"Resolute.lt\",\"description\":\"Sm\u016bgiams ir vandeniui telefonai\",\"potentialAction\":[{\"@type\":\"SearchAction\",\"target\":{\"@type\":\"EntryPoint\",\"urlTemplate\":\"https:\\\/\\\/resolute.lt\\\/?s={search_term_string}\"},\"query-input\":{\"@type\":\"PropertyValueSpecification\",\"valueRequired\":true,\"valueName\":\"search_term_string\"}}],\"inLanguage\":\"lt-LT\"}]}<\/script>\n<!-- \/ Yoast SEO plugin. -->","yoast_head_json":{"title":"Ulefone Armor 12 5G daugiafunkcinis d\u0117klas - Resolute.lt","description":"Original\u016bs Ulefone telefon\u0173 priedai \u017eemiausia kaina! Patikimas pristatymas, patogus atsiskaitymas, autenti\u0161kumo garantas!","robots":{"index":"index","follow":"follow","max-snippet":"max-snippet:-1","max-image-preview":"max-image-preview:large","max-video-preview":"max-video-preview:-1"},"canonical":"https:\/\/resolute.lt\/index.php\/produktas\/ulefone-armor-12-5g-daugiafunkcinis-deklas\/","og_locale":"lt_LT","og_type":"article","og_title":"Ulefone Armor 12 5G daugiafunkcinis d\u0117klas - Resolute.lt","og_description":"Original\u016bs Ulefone telefon\u0173 priedai \u017eemiausia kaina! Patikimas pristatymas, patogus atsiskaitymas, autenti\u0161kumo garantas!","og_url":"https:\/\/resolute.lt\/index.php\/produktas\/ulefone-armor-12-5g-daugiafunkcinis-deklas\/","og_site_name":"Resolute.lt","article_modified_time":"2024-09-16T13:40:14+00:00","og_image":[{"width":1000,"height":1000,"url":"https:\/\/resolute.lt\/wp-content\/uploads\/2022\/05\/1-Rinkinys-Armor-12.jpg","type":"image\/jpeg"}],"twitter_card":"summary_large_image","twitter_misc":{"Est. reading time":"2 minut\u0117s"},"schema":{"@context":"https:\/\/schema.org","@graph":[{"@type":"WebPage","@id":"https:\/\/resolute.lt\/index.php\/produktas\/ulefone-armor-12-5g-daugiafunkcinis-deklas\/","url":"https:\/\/resolute.lt\/index.php\/produktas\/ulefone-armor-12-5g-daugiafunkcinis-deklas\/","name":"Ulefone Armor 12 5G daugiafunkcinis d\u0117klas - Resolute.lt","isPartOf":{"@id":"https:\/\/resolute.lt\/#website"},"primaryImageOfPage":{"@id":"https:\/\/resolute.lt\/index.php\/produktas\/ulefone-armor-12-5g-daugiafunkcinis-deklas\/#primaryimage"},"image":{"@id":"https:\/\/resolute.lt\/index.php\/produktas\/ulefone-armor-12-5g-daugiafunkcinis-deklas\/#primaryimage"},"thumbnailUrl":"https:\/\/resolute.lt\/wp-content\/uploads\/2022\/05\/1-Rinkinys-Armor-12.jpg","datePublished":"2022-05-19T10:28:18+00:00","dateModified":"2024-09-16T13:40:14+00:00","description":"Original\u016bs Ulefone telefon\u0173 priedai \u017eemiausia kaina! Patikimas pristatymas, patogus atsiskaitymas, autenti\u0161kumo garantas!","breadcrumb":{"@id":"https:\/\/resolute.lt\/index.php\/produktas\/ulefone-armor-12-5g-daugiafunkcinis-deklas\/#breadcrumb"},"inLanguage":"lt-LT","potentialAction":[{"@type":"ReadAction","target":["https:\/\/resolute.lt\/index.php\/produktas\/ulefone-armor-12-5g-daugiafunkcinis-deklas\/"]}]},{"@type":"ImageObject","inLanguage":"lt-LT","@id":"https:\/\/resolute.lt\/index.php\/produktas\/ulefone-armor-12-5g-daugiafunkcinis-deklas\/#primaryimage","url":"https:\/\/resolute.lt\/wp-content\/uploads\/2022\/05\/1-Rinkinys-Armor-12.jpg","contentUrl":"https:\/\/resolute.lt\/wp-content\/uploads\/2022\/05\/1-Rinkinys-Armor-12.jpg","width":1000,"height":1000},{"@type":"BreadcrumbList","@id":"https:\/\/resolute.lt\/index.php\/produktas\/ulefone-armor-12-5g-daugiafunkcinis-deklas\/#breadcrumb","itemListElement":[{"@type":"ListItem","position":1,"name":"Home","item":"https:\/\/resolute.lt\/"},{"@type":"ListItem","position":2,"name":"Resolute.lt","item":"https:\/\/resolute.lt\/"},{"@type":"ListItem","position":3,"name":"Ulefone Armor 12 5G daugiafunkcinis d\u0117klas"}]},{"@type":"WebSite","@id":"https:\/\/resolute.lt\/#website","url":"https:\/\/resolute.lt\/","name":"Resolute.lt","description":"Sm\u016bgiams ir vandeniui telefonai","potentialAction":[{"@type":"SearchAction","target":{"@type":"EntryPoint","urlTemplate":"https:\/\/resolute.lt\/?s={search_term_string}"},"query-input":{"@type":"PropertyValueSpecification","valueRequired":true,"valueName":"search_term_string"}}],"inLanguage":"lt-LT"}]}},"_links":{"self":[{"href":"https:\/\/resolute.lt\/index.php\/wp-json\/wp\/v2\/product\/2779","targetHints":{"allow":["GET"]}}],"collection":[{"href":"https:\/\/resolute.lt\/index.php\/wp-json\/wp\/v2\/product"}],"about":[{"href":"https:\/\/resolute.lt\/index.php\/wp-json\/wp\/v2\/types\/product"}],"wp:featuredmedia":[{"embeddable":true,"href":"https:\/\/resolute.lt\/index.php\/wp-json\/wp\/v2\/media\/2780"}],"wp:attachment":[{"href":"https:\/\/resolute.lt\/index.php\/wp-json\/wp\/v2\/media?parent=2779"}],"wp:term":[{"taxonomy":"product_brand","embeddable":true,"href":"https:\/\/resolute.lt\/index.php\/wp-json\/wp\/v2\/product_brand?post=2779"},{"taxonomy":"product_cat","embeddable":true,"href":"https:\/\/resolute.lt\/index.php\/wp-json\/wp\/v2\/product_cat?post=2779"},{"taxonomy":"product_tag","embeddable":true,"href":"https:\/\/resolute.lt\/index.php\/wp-json\/wp\/v2\/product_tag?post=2779"}],"curies":[{"name":"wp","href":"https:\/\/api.w.org\/{rel}","templated":true}]}}