{"id":2530,"date":"2022-02-09T11:49:09","date_gmt":"2022-02-09T11:49:09","guid":{"rendered":"https:\/\/resolute.lt\/?post_type=product&#038;p=2530"},"modified":"2025-05-15T08:00:31","modified_gmt":"2025-05-15T08:00:31","slug":"oukitel-wp15-ekrano-apsauga-2-vnt-2","status":"publish","type":"product","link":"https:\/\/resolute.lt\/index.php\/produktas\/oukitel-wp15-ekrano-apsauga-2-vnt-2\/","title":{"rendered":"Oukitel WP5 \/ WP5 Pro ekrano apsauga (2 vnt.)"},"content":{"rendered":"<p><strong>Gr\u016bdinto stiklo ekrano apsauga Oukitel WP5 \/ Oukitel WP5 Pro telefonams (2 vienetai)<\/strong>. Patikimai apsaugo telefono ekran\u0105 nuo subrai\u017eym\u0173 bei nuo nedideli\u0173 sm\u016bgi\u0173.<\/p>\n<p><strong><a href=\"https:\/\/www.resolute.lt\/\">RESOLUTE.LT EL. PARDUOTUV\u0116:<\/a><\/strong><br \/>\n\u2013 Standartinis pristatymas (apmokant banko kortele, el. bankininkyste, Paysera ar Paypal).<\/p>\n<p>&nbsp;<\/p>\n<div id=\"row-1243423607\" class=\"row align-center\">\n<div id=\"col-333938711\" class=\"col medium-4 small-10 large-4\">\n<div class=\"col-inner\">\n<h1><strong>Komplektacija<\/strong><\/h1>\n<\/div>\n<\/div>\n<div id=\"col-1912908463\" class=\"col medium-8 small-10 large-8\">\n<div class=\"col-inner\">\n<ul>\n<li><strong>2x<\/strong> Gr\u016bdinto stiklo ekrano apsauga<\/li>\n<\/ul>\n<\/div>\n<\/div>\n<\/div>\n<div id=\"row-74868614\" class=\"row align-center\">\n<div id=\"col-1450314671\" class=\"col medium-4 small-10 large-4\">\n<div class=\"col-inner\">\n<h1><strong>Bendrieji parametrai<\/strong><\/h1>\n<\/div>\n<\/div>\n<div id=\"col-1388439358\" class=\"col medium-8 small-10 large-8\">\n<div class=\"col-inner\">\n<ul>\n<li><strong>Prek\u0117s tipas:<\/strong>\u00a0Telefon\u0173 ekrano apsaugos<\/li>\n<li><strong>Prek\u0117s spalva:<\/strong>\u00a0Skaidri<\/li>\n<\/ul>\n<\/div>\n<\/div>\n<\/div>\n","protected":false},"excerpt":{"rendered":"<p>Gr\u016bdinto stiklo ekrano apsauga Oukitel WP5 \/ Oukitel WP5 Pro telefonams (2 vienetai). Patikimai apsaugo telefono ekran\u0105 nuo subrai\u017eym\u0173 bei nuo nedideli\u0173 sm\u016bgi\u0173. RESOLUTE.LT EL. PARDUOTUV\u0116: \u2013 Standartinis pristatymas (apmokant banko kortele, el. bankininkyste, Paysera ar Paypal). &nbsp; Komplektacija 2x Gr\u016bdinto stiklo ekrano apsauga Bendrieji parametrai Prek\u0117s tipas:\u00a0Telefon\u0173 ekrano apsaugos Prek\u0117s spalva:\u00a0Skaidri<\/p>\n","protected":false},"featured_media":2534,"template":"","meta":[],"product_brand":[],"product_cat":[32],"product_tag":[],"class_list":{"0":"post-2530","1":"product","2":"type-product","3":"status-publish","4":"has-post-thumbnail","6":"product_cat-ekrano-apsaugos","8":"first","9":"instock","10":"sale","11":"shipping-taxable","12":"purchasable","13":"product-type-simple"},"yoast_head":"<!-- This site is optimized with the Yoast SEO plugin v27.5 - https:\/\/yoast.com\/product\/yoast-seo-wordpress\/ -->\n<title>Oukitel WP5 \/ WP5 Pro ekrano apsauga (2 vnt.) - Resolute.lt<\/title>\n<meta name=\"description\" content=\"Nauji Oukitel telefon\u0173 priedai \u017eemiausia kaina! Patogus atsiskaitymas, patikimas pristatymas, kokyb\u0117s garantas!\" \/>\n<meta name=\"robots\" content=\"index, follow, max-snippet:-1, max-image-preview:large, max-video-preview:-1\" \/>\n<link rel=\"canonical\" href=\"https:\/\/resolute.lt\/index.php\/produktas\/oukitel-wp15-ekrano-apsauga-2-vnt-2\/\" \/>\n<meta property=\"og:locale\" content=\"lt_LT\" \/>\n<meta property=\"og:type\" content=\"article\" \/>\n<meta property=\"og:title\" content=\"Oukitel WP5 \/ WP5 Pro ekrano apsauga (2 vnt.) - Resolute.lt\" \/>\n<meta property=\"og:description\" content=\"Nauji Oukitel telefon\u0173 priedai \u017eemiausia kaina! Patogus atsiskaitymas, patikimas pristatymas, kokyb\u0117s garantas!\" \/>\n<meta property=\"og:url\" content=\"https:\/\/resolute.lt\/index.php\/produktas\/oukitel-wp15-ekrano-apsauga-2-vnt-2\/\" \/>\n<meta property=\"og:site_name\" content=\"Resolute.lt\" \/>\n<meta property=\"article:modified_time\" content=\"2025-05-15T08:00:31+00:00\" \/>\n<meta property=\"og:image\" content=\"https:\/\/resolute.lt\/wp-content\/uploads\/2022\/02\/Oukitel-WP5-stiklas-.jpg\" \/>\n\t<meta property=\"og:image:width\" content=\"1000\" \/>\n\t<meta property=\"og:image:height\" content=\"1000\" \/>\n\t<meta property=\"og:image:type\" content=\"image\/jpeg\" \/>\n<meta name=\"twitter:card\" content=\"summary_large_image\" \/>\n<meta name=\"twitter:label1\" content=\"Est. reading time\" \/>\n\t<meta name=\"twitter:data1\" content=\"1 minut\u0117\" \/>\n<script type=\"application\/ld+json\" class=\"yoast-schema-graph\">{\"@context\":\"https:\\\/\\\/schema.org\",\"@graph\":[{\"@type\":\"WebPage\",\"@id\":\"https:\\\/\\\/resolute.lt\\\/index.php\\\/produktas\\\/oukitel-wp15-ekrano-apsauga-2-vnt-2\\\/\",\"url\":\"https:\\\/\\\/resolute.lt\\\/index.php\\\/produktas\\\/oukitel-wp15-ekrano-apsauga-2-vnt-2\\\/\",\"name\":\"Oukitel WP5 \\\/ WP5 Pro ekrano apsauga (2 vnt.) - Resolute.lt\",\"isPartOf\":{\"@id\":\"https:\\\/\\\/resolute.lt\\\/#website\"},\"primaryImageOfPage\":{\"@id\":\"https:\\\/\\\/resolute.lt\\\/index.php\\\/produktas\\\/oukitel-wp15-ekrano-apsauga-2-vnt-2\\\/#primaryimage\"},\"image\":{\"@id\":\"https:\\\/\\\/resolute.lt\\\/index.php\\\/produktas\\\/oukitel-wp15-ekrano-apsauga-2-vnt-2\\\/#primaryimage\"},\"thumbnailUrl\":\"https:\\\/\\\/resolute.lt\\\/wp-content\\\/uploads\\\/2022\\\/02\\\/Oukitel-WP5-stiklas-.jpg\",\"datePublished\":\"2022-02-09T11:49:09+00:00\",\"dateModified\":\"2025-05-15T08:00:31+00:00\",\"description\":\"Nauji Oukitel telefon\u0173 priedai \u017eemiausia kaina! Patogus atsiskaitymas, patikimas pristatymas, kokyb\u0117s garantas!\",\"breadcrumb\":{\"@id\":\"https:\\\/\\\/resolute.lt\\\/index.php\\\/produktas\\\/oukitel-wp15-ekrano-apsauga-2-vnt-2\\\/#breadcrumb\"},\"inLanguage\":\"lt-LT\",\"potentialAction\":[{\"@type\":\"ReadAction\",\"target\":[\"https:\\\/\\\/resolute.lt\\\/index.php\\\/produktas\\\/oukitel-wp15-ekrano-apsauga-2-vnt-2\\\/\"]}]},{\"@type\":\"ImageObject\",\"inLanguage\":\"lt-LT\",\"@id\":\"https:\\\/\\\/resolute.lt\\\/index.php\\\/produktas\\\/oukitel-wp15-ekrano-apsauga-2-vnt-2\\\/#primaryimage\",\"url\":\"https:\\\/\\\/resolute.lt\\\/wp-content\\\/uploads\\\/2022\\\/02\\\/Oukitel-WP5-stiklas-.jpg\",\"contentUrl\":\"https:\\\/\\\/resolute.lt\\\/wp-content\\\/uploads\\\/2022\\\/02\\\/Oukitel-WP5-stiklas-.jpg\",\"width\":1000,\"height\":1000},{\"@type\":\"BreadcrumbList\",\"@id\":\"https:\\\/\\\/resolute.lt\\\/index.php\\\/produktas\\\/oukitel-wp15-ekrano-apsauga-2-vnt-2\\\/#breadcrumb\",\"itemListElement\":[{\"@type\":\"ListItem\",\"position\":1,\"name\":\"Home\",\"item\":\"https:\\\/\\\/resolute.lt\\\/\"},{\"@type\":\"ListItem\",\"position\":2,\"name\":\"Resolute.lt\",\"item\":\"https:\\\/\\\/resolute.lt\\\/\"},{\"@type\":\"ListItem\",\"position\":3,\"name\":\"Oukitel WP5 \\\/ WP5 Pro ekrano apsauga (2 vnt.)\"}]},{\"@type\":\"WebSite\",\"@id\":\"https:\\\/\\\/resolute.lt\\\/#website\",\"url\":\"https:\\\/\\\/resolute.lt\\\/\",\"name\":\"Resolute.lt\",\"description\":\"Sm\u016bgiams ir vandeniui telefonai\",\"potentialAction\":[{\"@type\":\"SearchAction\",\"target\":{\"@type\":\"EntryPoint\",\"urlTemplate\":\"https:\\\/\\\/resolute.lt\\\/?s={search_term_string}\"},\"query-input\":{\"@type\":\"PropertyValueSpecification\",\"valueRequired\":true,\"valueName\":\"search_term_string\"}}],\"inLanguage\":\"lt-LT\"}]}<\/script>\n<!-- \/ Yoast SEO plugin. -->","yoast_head_json":{"title":"Oukitel WP5 \/ WP5 Pro ekrano apsauga (2 vnt.) - Resolute.lt","description":"Nauji Oukitel telefon\u0173 priedai \u017eemiausia kaina! Patogus atsiskaitymas, patikimas pristatymas, kokyb\u0117s garantas!","robots":{"index":"index","follow":"follow","max-snippet":"max-snippet:-1","max-image-preview":"max-image-preview:large","max-video-preview":"max-video-preview:-1"},"canonical":"https:\/\/resolute.lt\/index.php\/produktas\/oukitel-wp15-ekrano-apsauga-2-vnt-2\/","og_locale":"lt_LT","og_type":"article","og_title":"Oukitel WP5 \/ WP5 Pro ekrano apsauga (2 vnt.) - Resolute.lt","og_description":"Nauji Oukitel telefon\u0173 priedai \u017eemiausia kaina! Patogus atsiskaitymas, patikimas pristatymas, kokyb\u0117s garantas!","og_url":"https:\/\/resolute.lt\/index.php\/produktas\/oukitel-wp15-ekrano-apsauga-2-vnt-2\/","og_site_name":"Resolute.lt","article_modified_time":"2025-05-15T08:00:31+00:00","og_image":[{"width":1000,"height":1000,"url":"https:\/\/resolute.lt\/wp-content\/uploads\/2022\/02\/Oukitel-WP5-stiklas-.jpg","type":"image\/jpeg"}],"twitter_card":"summary_large_image","twitter_misc":{"Est. reading time":"1 minut\u0117"},"schema":{"@context":"https:\/\/schema.org","@graph":[{"@type":"WebPage","@id":"https:\/\/resolute.lt\/index.php\/produktas\/oukitel-wp15-ekrano-apsauga-2-vnt-2\/","url":"https:\/\/resolute.lt\/index.php\/produktas\/oukitel-wp15-ekrano-apsauga-2-vnt-2\/","name":"Oukitel WP5 \/ WP5 Pro ekrano apsauga (2 vnt.) - Resolute.lt","isPartOf":{"@id":"https:\/\/resolute.lt\/#website"},"primaryImageOfPage":{"@id":"https:\/\/resolute.lt\/index.php\/produktas\/oukitel-wp15-ekrano-apsauga-2-vnt-2\/#primaryimage"},"image":{"@id":"https:\/\/resolute.lt\/index.php\/produktas\/oukitel-wp15-ekrano-apsauga-2-vnt-2\/#primaryimage"},"thumbnailUrl":"https:\/\/resolute.lt\/wp-content\/uploads\/2022\/02\/Oukitel-WP5-stiklas-.jpg","datePublished":"2022-02-09T11:49:09+00:00","dateModified":"2025-05-15T08:00:31+00:00","description":"Nauji Oukitel telefon\u0173 priedai \u017eemiausia kaina! Patogus atsiskaitymas, patikimas pristatymas, kokyb\u0117s garantas!","breadcrumb":{"@id":"https:\/\/resolute.lt\/index.php\/produktas\/oukitel-wp15-ekrano-apsauga-2-vnt-2\/#breadcrumb"},"inLanguage":"lt-LT","potentialAction":[{"@type":"ReadAction","target":["https:\/\/resolute.lt\/index.php\/produktas\/oukitel-wp15-ekrano-apsauga-2-vnt-2\/"]}]},{"@type":"ImageObject","inLanguage":"lt-LT","@id":"https:\/\/resolute.lt\/index.php\/produktas\/oukitel-wp15-ekrano-apsauga-2-vnt-2\/#primaryimage","url":"https:\/\/resolute.lt\/wp-content\/uploads\/2022\/02\/Oukitel-WP5-stiklas-.jpg","contentUrl":"https:\/\/resolute.lt\/wp-content\/uploads\/2022\/02\/Oukitel-WP5-stiklas-.jpg","width":1000,"height":1000},{"@type":"BreadcrumbList","@id":"https:\/\/resolute.lt\/index.php\/produktas\/oukitel-wp15-ekrano-apsauga-2-vnt-2\/#breadcrumb","itemListElement":[{"@type":"ListItem","position":1,"name":"Home","item":"https:\/\/resolute.lt\/"},{"@type":"ListItem","position":2,"name":"Resolute.lt","item":"https:\/\/resolute.lt\/"},{"@type":"ListItem","position":3,"name":"Oukitel WP5 \/ WP5 Pro ekrano apsauga (2 vnt.)"}]},{"@type":"WebSite","@id":"https:\/\/resolute.lt\/#website","url":"https:\/\/resolute.lt\/","name":"Resolute.lt","description":"Sm\u016bgiams ir vandeniui telefonai","potentialAction":[{"@type":"SearchAction","target":{"@type":"EntryPoint","urlTemplate":"https:\/\/resolute.lt\/?s={search_term_string}"},"query-input":{"@type":"PropertyValueSpecification","valueRequired":true,"valueName":"search_term_string"}}],"inLanguage":"lt-LT"}]}},"_links":{"self":[{"href":"https:\/\/resolute.lt\/index.php\/wp-json\/wp\/v2\/product\/2530","targetHints":{"allow":["GET"]}}],"collection":[{"href":"https:\/\/resolute.lt\/index.php\/wp-json\/wp\/v2\/product"}],"about":[{"href":"https:\/\/resolute.lt\/index.php\/wp-json\/wp\/v2\/types\/product"}],"wp:featuredmedia":[{"embeddable":true,"href":"https:\/\/resolute.lt\/index.php\/wp-json\/wp\/v2\/media\/2534"}],"wp:attachment":[{"href":"https:\/\/resolute.lt\/index.php\/wp-json\/wp\/v2\/media?parent=2530"}],"wp:term":[{"taxonomy":"product_brand","embeddable":true,"href":"https:\/\/resolute.lt\/index.php\/wp-json\/wp\/v2\/product_brand?post=2530"},{"taxonomy":"product_cat","embeddable":true,"href":"https:\/\/resolute.lt\/index.php\/wp-json\/wp\/v2\/product_cat?post=2530"},{"taxonomy":"product_tag","embeddable":true,"href":"https:\/\/resolute.lt\/index.php\/wp-json\/wp\/v2\/product_tag?post=2530"}],"curies":[{"name":"wp","href":"https:\/\/api.w.org\/{rel}","templated":true}]}}