{"id":2043,"date":"2021-09-07T12:59:17","date_gmt":"2021-09-07T12:59:17","guid":{"rendered":"https:\/\/resolute.lt\/?post_type=product&#038;p=2043"},"modified":"2024-07-26T08:29:09","modified_gmt":"2024-07-26T08:29:09","slug":"oukitel-wp15","status":"publish","type":"product","link":"https:\/\/resolute.lt\/index.php\/produktas\/oukitel-wp15\/","title":{"rendered":"Oukitel WP15 &#8211; 128\/8GB, Juodas"},"content":{"rendered":"<p><strong>Oukitel WP15<\/strong> \u2013 auk\u0161\u010diausi\u0173 standart\u0173 vandeniui ir sm\u016bgiams atsparus telefonas su rekordus mu\u0161an\u010dia 15600 mAh talpos baterija. Telefonas bud\u0117jimo re\u017eime laiko net 54 dienas! \u012erenginys taip pat stebina savo keturguba kamera su 48MP Sony sensoriumi ir 4K filmavimu, 128GB vidine ir 8GB darbine (RAM) atmintimi, rekordin\u0117s spartos 5G ry\u0161iu bei Android 11 operacine sistema su lietuvi\u0173 kalba.<\/p>\n<p><strong><a href=\"https:\/\/www.resolute.lt\/\">RESOLUTE.LT EL. PARDUOTUV\u0116:<\/a><br \/>\n<\/strong>\u2013 I\u0161ankstinis u\u017esakymas (numatomas i\u0161siuntimas: rugpj\u016b\u010dio m\u0117n. antra pus\u0117).<strong><br \/>\n<\/strong>\u2013 Standartinis pristatymas (apmokant banko kortele, el. bankininkyste, Paysera ar Paypal).<\/p>\n<p><strong>KOMPLEKTACIJA:<\/strong><br \/>\n1 x i\u0161manus \u012frenginys<br \/>\n1 x EU \u012fkroviklis (greitojo \u012fkrovimo, 18W)<br \/>\n1 x USB Type-C laidas<br \/>\n1 x apsaugin\u0117 ekrano pl\u0117vel\u0117 (u\u017ed\u0117ta gamykli\u0161kai)<br \/>\n1 x SIM lizdo adat\u0117l\u0117<br \/>\n1 x naudojimosi instrukcijos<\/p>\n<p><b>PARAMETRAI:\u00a0<\/b><br \/>\nA\u0161tuoni\u0173 branduoli\u0173 MediaTek MT6833 Dimensity 700 5G (7 nm) (2x 2,2 GHz Cortex-A76 ir 6x 2,0 GHz Cortex-A55) procesorius<br \/>\nARM\u00a0Mali-G57 MC2 vaizdo plok\u0161t\u0117<br \/>\nAndroid 11 operacin\u0117 sistema<br \/>\nPlay Store aplikacij\u0173 parduotuv\u0117<br \/>\nLietuvi\u0173, lenk\u0173, rus\u0173, angl\u0173 ir kt. kalbos<br \/>\n128GB vidin\u0117 atmintis<br \/>\nMicroSD atminties kortel\u0117s palaikymas: yra (iki 2TB)<br \/>\n8GB darbin\u0117 atmintis (RAM)<br \/>\nHD+ 1600 x 720 rai\u0161kos 6,52\u2033 IPS LCD ekranas (270 PPI)<br \/>\nKeturguba 48 MP (Sony IMX582 Exmor RS sensorius) + 2 MP (gylio) + 0,3MP (makro) pagrindin\u0117 kamera, 4K@30fps filmavimas<br \/>\n16 MP priekin\u0117 kamera (OmviVison 8858 sensorius), 1080p@30fps filmavimas<br \/>\n13200 mAh baterija (~54 dienos b\u016bd\u0117jimo, ~3,3 dienos skambinimo re\u017eime)<br \/>\n2 Nano-SIM korteli\u0173 palaikymas<br \/>\nWiFi, Bluetooth 5.0, NFC, FM radijo, Edge, 3G (HSPA+), 4G, 5G ry\u0161iai<br \/>\nKeturguba navigacin\u0117 sistema (GPS, Glonass, Beidou, Galileo)<br \/>\nUSB Type-C 2.0 greitojo \u012fkrovimo (18W) ir duomen\u0173 perk\u0117limo lizdas<br \/>\nBelaid\u017eio \u012fkrovimo funkcija: n\u0117ra<br \/>\n\u0160oninis pir\u0161t\u0173 antspaud\u0173 sensorius<br \/>\nIP68 sertifikatas (atsparumas vandeniui ir dulk\u0117ms)<br \/>\nWiFi signalo stiprintuvo funkcija (WiFi Extender)<br \/>\n<span class=\"\">I\u0161matavimai: 178,2 x 86,2 x 23,8 mm<br \/>\n<\/span>Svoris: 485 g<br \/>\n<span class=\"\">I\u0161leidimo data: 2021 m. rugpj\u016btis<\/span><\/p>\n<p><img loading=\"lazy\" decoding=\"async\" style=\"-webkit-user-select: none; margin: auto; cursor: zoom-in;\" src=\"https:\/\/imgaz.staticbg.com\/images\/oaupload\/banggood\/images\/F3\/5D\/c1c93c85-699c-44ea-a2bd-93a9cbe9a9bb.png.webp\" width=\"981\" height=\"552\" \/><br \/>\n<img loading=\"lazy\" decoding=\"async\" style=\"-webkit-user-select: none; margin: auto; cursor: zoom-in;\" src=\"https:\/\/imgaz.staticbg.com\/images\/oaupload\/banggood\/images\/A8\/75\/7f15e43f-b3bd-40cc-8f3b-4c79f2abce0d.jpg.webp\" width=\"981\" height=\"552\" \/><br \/>\n<img loading=\"lazy\" decoding=\"async\" style=\"-webkit-user-select: none; margin: auto; cursor: zoom-in;\" src=\"https:\/\/imgaz.staticbg.com\/images\/oaupload\/banggood\/images\/74\/D7\/27a3aeca-099c-42cc-9f3f-7eb6d1ba96ab.jpg.webp\" width=\"981\" height=\"552\" \/><br \/>\n<img loading=\"lazy\" decoding=\"async\" style=\"-webkit-user-select: none; margin: auto; cursor: zoom-in;\" src=\"https:\/\/imgaz.staticbg.com\/images\/oaupload\/banggood\/images\/21\/67\/16920e7f-7cad-4d90-84db-556e0978faa6.jpg.webp\" width=\"981\" height=\"552\" \/><br \/>\n<img loading=\"lazy\" decoding=\"async\" style=\"-webkit-user-select: none; margin: auto; cursor: zoom-in;\" src=\"https:\/\/imgaz.staticbg.com\/images\/oaupload\/banggood\/images\/08\/16\/cc310bbd-b739-4ee0-8bca-f611da16a709.png.webp\" width=\"981\" height=\"552\" \/><br \/>\n<img loading=\"lazy\" decoding=\"async\" style=\"-webkit-user-select: none; margin: auto; cursor: zoom-in;\" src=\"https:\/\/imgaz.staticbg.com\/images\/oaupload\/banggood\/images\/E6\/FB\/b4fae8d6-89f5-4ebe-97ff-b245f3e46228.png.webp\" width=\"981\" height=\"552\" \/><br \/>\n<img loading=\"lazy\" decoding=\"async\" style=\"-webkit-user-select: none; margin: auto; cursor: zoom-in;\" src=\"https:\/\/imgaz.staticbg.com\/images\/oaupload\/banggood\/images\/DB\/F4\/c8bb428d-4c5f-42ea-9e87-89c03439c7a4.png.webp\" width=\"981\" height=\"552\" \/><br \/>\n<img loading=\"lazy\" decoding=\"async\" style=\"-webkit-user-select: none; margin: auto; cursor: zoom-in;\" src=\"https:\/\/imgaz.staticbg.com\/images\/oaupload\/banggood\/images\/5C\/13\/52591200-fdae-487f-affc-b50654887693.png.webp\" width=\"981\" height=\"552\" \/><br \/>\n<img loading=\"lazy\" decoding=\"async\" style=\"-webkit-user-select: none; margin: auto; cursor: zoom-in;\" src=\"https:\/\/imgaz.staticbg.com\/images\/oaupload\/banggood\/images\/6C\/C1\/66ee8a97-da24-403e-a301-3537bd56d69a.png.webp\" width=\"981\" height=\"552\" \/><br \/>\n<img loading=\"lazy\" decoding=\"async\" style=\"-webkit-user-select: none; margin: auto; cursor: zoom-in;\" src=\"https:\/\/imgaz.staticbg.com\/images\/oaupload\/banggood\/images\/3D\/E1\/23b81b82-31b8-466b-a701-de019134ed6b.jpg.webp\" width=\"981\" height=\"552\" \/><br \/>\n<img loading=\"lazy\" decoding=\"async\" style=\"-webkit-user-select: none; margin: auto; cursor: zoom-in;\" src=\"https:\/\/imgaz.staticbg.com\/images\/oaupload\/banggood\/images\/A3\/EA\/d90c6f5f-d806-4ac2-8ed8-1d5d09e6584b.jpg.webp\" width=\"981\" height=\"552\" \/><br \/>\n<img loading=\"lazy\" decoding=\"async\" style=\"-webkit-user-select: none; margin: auto; cursor: zoom-in;\" src=\"https:\/\/imgaz.staticbg.com\/images\/oaupload\/banggood\/images\/71\/CD\/d21f9b8f-7f7f-4c29-a08e-787679b4686e.jpg.webp\" width=\"981\" height=\"552\" \/><br \/>\n<img loading=\"lazy\" decoding=\"async\" style=\"-webkit-user-select: none; margin: auto; cursor: zoom-in;\" src=\"https:\/\/imgaz.staticbg.com\/images\/oaupload\/banggood\/images\/D0\/A6\/3d470d3b-a9a5-422e-9dc8-0f1c252c8e45.png.webp\" width=\"981\" height=\"552\" \/><br \/>\n<img loading=\"lazy\" decoding=\"async\" style=\"-webkit-user-select: none; margin: auto; cursor: zoom-in;\" src=\"https:\/\/imgaz.staticbg.com\/images\/oaupload\/banggood\/images\/E2\/8A\/b056861b-3dd0-48ad-89a5-3085b08856cf.jpg.webp\" width=\"981\" height=\"552\" \/><br \/>\n<img loading=\"lazy\" decoding=\"async\" style=\"-webkit-user-select: none; margin: auto; cursor: zoom-in;\" src=\"https:\/\/imgaz.staticbg.com\/images\/oaupload\/banggood\/images\/43\/8D\/aef69643-16c9-4a04-bb34-12904fdb104d.jpg.webp\" width=\"981\" height=\"552\" \/><br \/>\n<img loading=\"lazy\" decoding=\"async\" style=\"-webkit-user-select: none; margin: auto; cursor: zoom-in;\" src=\"https:\/\/imgaz.staticbg.com\/images\/oaupload\/banggood\/images\/32\/BD\/a00ab522-ecd3-47fc-9397-6ef36d3977eb.png.webp\" width=\"981\" height=\"552\" \/><br \/>\n<img loading=\"lazy\" decoding=\"async\" style=\"-webkit-user-select: none; margin: auto; cursor: zoom-in;\" src=\"https:\/\/imgaz.staticbg.com\/images\/oaupload\/banggood\/images\/1C\/70\/8dd13978-eaed-45aa-a40c-7af0ab35ba3c.png.webp\" width=\"981\" height=\"552\" \/><br \/>\n<img loading=\"lazy\" decoding=\"async\" style=\"-webkit-user-select: none; margin: auto; cursor: zoom-in;\" src=\"https:\/\/imgaz.staticbg.com\/images\/oaupload\/banggood\/images\/64\/B8\/8c4a8047-f1fa-4255-9674-2296c5de72f4.jpg.webp\" width=\"981\" height=\"552\" \/><br \/>\n<img loading=\"lazy\" decoding=\"async\" style=\"-webkit-user-select: none; margin: auto; cursor: zoom-in;\" src=\"https:\/\/imgaz.staticbg.com\/images\/oaupload\/banggood\/images\/7C\/92\/42efc2fd-1bf5-4278-b6e9-3ca1a7185cbf.jpg.webp\" width=\"981\" height=\"552\" \/><br \/>\n<img loading=\"lazy\" decoding=\"async\" style=\"-webkit-user-select: none; margin: auto; cursor: zoom-in;\" src=\"https:\/\/imgaz.staticbg.com\/images\/oaupload\/banggood\/images\/7C\/92\/42efc2fd-1bf5-4278-b6e9-3ca1a7185cbf.jpg.webp\" width=\"981\" height=\"552\" \/><br \/>\n<img loading=\"lazy\" decoding=\"async\" style=\"-webkit-user-select: none; margin: auto; cursor: zoom-in;\" src=\"https:\/\/imgaz.staticbg.com\/images\/oaupload\/banggood\/images\/98\/D9\/285123a7-0c28-45ef-8daa-ba1755fe2a00.png.webp\" width=\"981\" height=\"552\" \/><\/p>\n","protected":false},"excerpt":{"rendered":"<p>Oukitel WP15 \u2013 auk\u0161\u010diausi\u0173 standart\u0173 vandeniui ir sm\u016bgiams atsparus telefonas su rekordus mu\u0161an\u010dia 15600 mAh talpos baterija. Telefonas bud\u0117jimo re\u017eime laiko net 54 dienas! \u012erenginys taip pat stebina savo keturguba kamera su 48MP Sony sensoriumi ir 4K filmavimu, 128GB vidine ir 8GB darbine (RAM) atmintimi, rekordin\u0117s spartos 5G ry\u0161iu bei Android 11 operacine sistema su [&#8230;]\n","protected":false},"featured_media":2044,"template":"","meta":[],"product_brand":[],"product_cat":[18],"product_tag":[],"class_list":{"0":"post-2043","1":"product","2":"type-product","3":"status-publish","4":"has-post-thumbnail","6":"product_cat-oukitel-telefonai","8":"first","9":"instock","10":"sale","11":"shipping-taxable","12":"purchasable","13":"product-type-simple"},"yoast_head":"<!-- This site is optimized with the Yoast SEO plugin v27.4 - https:\/\/yoast.com\/product\/yoast-seo-wordpress\/ -->\n<title>Oukitel WP15 - 128\/8GB, Juodas - Resolute.lt<\/title>\n<meta name=\"description\" content=\"Nauji vandeniui ir sm\u016bgiams atspar\u016bs Ulefone telefonai ma\u017eiausia kaina! Platus asortimentas, patogus atsiskaitymas, nauji telefonai pigiau!\" \/>\n<meta name=\"robots\" content=\"index, follow, max-snippet:-1, max-image-preview:large, max-video-preview:-1\" \/>\n<link rel=\"canonical\" href=\"https:\/\/resolute.lt\/index.php\/produktas\/oukitel-wp15\/\" \/>\n<meta property=\"og:locale\" content=\"lt_LT\" \/>\n<meta property=\"og:type\" content=\"article\" \/>\n<meta property=\"og:title\" content=\"Oukitel WP15 - 128\/8GB, Juodas - Resolute.lt\" \/>\n<meta property=\"og:description\" content=\"Nauji vandeniui ir sm\u016bgiams atspar\u016bs Ulefone telefonai ma\u017eiausia kaina! Platus asortimentas, patogus atsiskaitymas, nauji telefonai pigiau!\" \/>\n<meta property=\"og:url\" content=\"https:\/\/resolute.lt\/index.php\/produktas\/oukitel-wp15\/\" \/>\n<meta property=\"og:site_name\" content=\"Resolute.lt\" \/>\n<meta property=\"article:modified_time\" content=\"2024-07-26T08:29:09+00:00\" \/>\n<meta property=\"og:image\" content=\"https:\/\/resolute.lt\/wp-content\/uploads\/2021\/09\/1-WP15.png\" \/>\n\t<meta property=\"og:image:width\" content=\"988\" \/>\n\t<meta property=\"og:image:height\" content=\"989\" \/>\n\t<meta property=\"og:image:type\" content=\"image\/png\" \/>\n<meta name=\"twitter:card\" content=\"summary_large_image\" \/>\n<meta name=\"twitter:label1\" content=\"Est. reading time\" \/>\n\t<meta name=\"twitter:data1\" content=\"6 minut\u0117s\" \/>\n<script type=\"application\/ld+json\" class=\"yoast-schema-graph\">{\"@context\":\"https:\\\/\\\/schema.org\",\"@graph\":[{\"@type\":\"WebPage\",\"@id\":\"https:\\\/\\\/resolute.lt\\\/index.php\\\/produktas\\\/oukitel-wp15\\\/\",\"url\":\"https:\\\/\\\/resolute.lt\\\/index.php\\\/produktas\\\/oukitel-wp15\\\/\",\"name\":\"Oukitel WP15 - 128\\\/8GB, Juodas - Resolute.lt\",\"isPartOf\":{\"@id\":\"https:\\\/\\\/resolute.lt\\\/#website\"},\"primaryImageOfPage\":{\"@id\":\"https:\\\/\\\/resolute.lt\\\/index.php\\\/produktas\\\/oukitel-wp15\\\/#primaryimage\"},\"image\":{\"@id\":\"https:\\\/\\\/resolute.lt\\\/index.php\\\/produktas\\\/oukitel-wp15\\\/#primaryimage\"},\"thumbnailUrl\":\"https:\\\/\\\/resolute.lt\\\/wp-content\\\/uploads\\\/2021\\\/09\\\/1-WP15.png\",\"datePublished\":\"2021-09-07T12:59:17+00:00\",\"dateModified\":\"2024-07-26T08:29:09+00:00\",\"description\":\"Nauji vandeniui ir sm\u016bgiams atspar\u016bs Ulefone telefonai ma\u017eiausia kaina! Platus asortimentas, patogus atsiskaitymas, nauji telefonai pigiau!\",\"breadcrumb\":{\"@id\":\"https:\\\/\\\/resolute.lt\\\/index.php\\\/produktas\\\/oukitel-wp15\\\/#breadcrumb\"},\"inLanguage\":\"lt-LT\",\"potentialAction\":[{\"@type\":\"ReadAction\",\"target\":[\"https:\\\/\\\/resolute.lt\\\/index.php\\\/produktas\\\/oukitel-wp15\\\/\"]}]},{\"@type\":\"ImageObject\",\"inLanguage\":\"lt-LT\",\"@id\":\"https:\\\/\\\/resolute.lt\\\/index.php\\\/produktas\\\/oukitel-wp15\\\/#primaryimage\",\"url\":\"https:\\\/\\\/resolute.lt\\\/wp-content\\\/uploads\\\/2021\\\/09\\\/1-WP15.png\",\"contentUrl\":\"https:\\\/\\\/resolute.lt\\\/wp-content\\\/uploads\\\/2021\\\/09\\\/1-WP15.png\",\"width\":988,\"height\":989},{\"@type\":\"BreadcrumbList\",\"@id\":\"https:\\\/\\\/resolute.lt\\\/index.php\\\/produktas\\\/oukitel-wp15\\\/#breadcrumb\",\"itemListElement\":[{\"@type\":\"ListItem\",\"position\":1,\"name\":\"Home\",\"item\":\"https:\\\/\\\/resolute.lt\\\/\"},{\"@type\":\"ListItem\",\"position\":2,\"name\":\"Resolute.lt\",\"item\":\"https:\\\/\\\/resolute.lt\\\/\"},{\"@type\":\"ListItem\",\"position\":3,\"name\":\"Oukitel WP15 &#8211; 128\\\/8GB, Juodas\"}]},{\"@type\":\"WebSite\",\"@id\":\"https:\\\/\\\/resolute.lt\\\/#website\",\"url\":\"https:\\\/\\\/resolute.lt\\\/\",\"name\":\"Resolute.lt\",\"description\":\"Sm\u016bgiams ir vandeniui telefonai\",\"potentialAction\":[{\"@type\":\"SearchAction\",\"target\":{\"@type\":\"EntryPoint\",\"urlTemplate\":\"https:\\\/\\\/resolute.lt\\\/?s={search_term_string}\"},\"query-input\":{\"@type\":\"PropertyValueSpecification\",\"valueRequired\":true,\"valueName\":\"search_term_string\"}}],\"inLanguage\":\"lt-LT\"}]}<\/script>\n<!-- \/ Yoast SEO plugin. -->","yoast_head_json":{"title":"Oukitel WP15 - 128\/8GB, Juodas - Resolute.lt","description":"Nauji vandeniui ir sm\u016bgiams atspar\u016bs Ulefone telefonai ma\u017eiausia kaina! Platus asortimentas, patogus atsiskaitymas, nauji telefonai pigiau!","robots":{"index":"index","follow":"follow","max-snippet":"max-snippet:-1","max-image-preview":"max-image-preview:large","max-video-preview":"max-video-preview:-1"},"canonical":"https:\/\/resolute.lt\/index.php\/produktas\/oukitel-wp15\/","og_locale":"lt_LT","og_type":"article","og_title":"Oukitel WP15 - 128\/8GB, Juodas - Resolute.lt","og_description":"Nauji vandeniui ir sm\u016bgiams atspar\u016bs Ulefone telefonai ma\u017eiausia kaina! Platus asortimentas, patogus atsiskaitymas, nauji telefonai pigiau!","og_url":"https:\/\/resolute.lt\/index.php\/produktas\/oukitel-wp15\/","og_site_name":"Resolute.lt","article_modified_time":"2024-07-26T08:29:09+00:00","og_image":[{"width":988,"height":989,"url":"https:\/\/resolute.lt\/wp-content\/uploads\/2021\/09\/1-WP15.png","type":"image\/png"}],"twitter_card":"summary_large_image","twitter_misc":{"Est. reading time":"6 minut\u0117s"},"schema":{"@context":"https:\/\/schema.org","@graph":[{"@type":"WebPage","@id":"https:\/\/resolute.lt\/index.php\/produktas\/oukitel-wp15\/","url":"https:\/\/resolute.lt\/index.php\/produktas\/oukitel-wp15\/","name":"Oukitel WP15 - 128\/8GB, Juodas - Resolute.lt","isPartOf":{"@id":"https:\/\/resolute.lt\/#website"},"primaryImageOfPage":{"@id":"https:\/\/resolute.lt\/index.php\/produktas\/oukitel-wp15\/#primaryimage"},"image":{"@id":"https:\/\/resolute.lt\/index.php\/produktas\/oukitel-wp15\/#primaryimage"},"thumbnailUrl":"https:\/\/resolute.lt\/wp-content\/uploads\/2021\/09\/1-WP15.png","datePublished":"2021-09-07T12:59:17+00:00","dateModified":"2024-07-26T08:29:09+00:00","description":"Nauji vandeniui ir sm\u016bgiams atspar\u016bs Ulefone telefonai ma\u017eiausia kaina! Platus asortimentas, patogus atsiskaitymas, nauji telefonai pigiau!","breadcrumb":{"@id":"https:\/\/resolute.lt\/index.php\/produktas\/oukitel-wp15\/#breadcrumb"},"inLanguage":"lt-LT","potentialAction":[{"@type":"ReadAction","target":["https:\/\/resolute.lt\/index.php\/produktas\/oukitel-wp15\/"]}]},{"@type":"ImageObject","inLanguage":"lt-LT","@id":"https:\/\/resolute.lt\/index.php\/produktas\/oukitel-wp15\/#primaryimage","url":"https:\/\/resolute.lt\/wp-content\/uploads\/2021\/09\/1-WP15.png","contentUrl":"https:\/\/resolute.lt\/wp-content\/uploads\/2021\/09\/1-WP15.png","width":988,"height":989},{"@type":"BreadcrumbList","@id":"https:\/\/resolute.lt\/index.php\/produktas\/oukitel-wp15\/#breadcrumb","itemListElement":[{"@type":"ListItem","position":1,"name":"Home","item":"https:\/\/resolute.lt\/"},{"@type":"ListItem","position":2,"name":"Resolute.lt","item":"https:\/\/resolute.lt\/"},{"@type":"ListItem","position":3,"name":"Oukitel WP15 &#8211; 128\/8GB, Juodas"}]},{"@type":"WebSite","@id":"https:\/\/resolute.lt\/#website","url":"https:\/\/resolute.lt\/","name":"Resolute.lt","description":"Sm\u016bgiams ir vandeniui telefonai","potentialAction":[{"@type":"SearchAction","target":{"@type":"EntryPoint","urlTemplate":"https:\/\/resolute.lt\/?s={search_term_string}"},"query-input":{"@type":"PropertyValueSpecification","valueRequired":true,"valueName":"search_term_string"}}],"inLanguage":"lt-LT"}]}},"_links":{"self":[{"href":"https:\/\/resolute.lt\/index.php\/wp-json\/wp\/v2\/product\/2043","targetHints":{"allow":["GET"]}}],"collection":[{"href":"https:\/\/resolute.lt\/index.php\/wp-json\/wp\/v2\/product"}],"about":[{"href":"https:\/\/resolute.lt\/index.php\/wp-json\/wp\/v2\/types\/product"}],"wp:featuredmedia":[{"embeddable":true,"href":"https:\/\/resolute.lt\/index.php\/wp-json\/wp\/v2\/media\/2044"}],"wp:attachment":[{"href":"https:\/\/resolute.lt\/index.php\/wp-json\/wp\/v2\/media?parent=2043"}],"wp:term":[{"taxonomy":"product_brand","embeddable":true,"href":"https:\/\/resolute.lt\/index.php\/wp-json\/wp\/v2\/product_brand?post=2043"},{"taxonomy":"product_cat","embeddable":true,"href":"https:\/\/resolute.lt\/index.php\/wp-json\/wp\/v2\/product_cat?post=2043"},{"taxonomy":"product_tag","embeddable":true,"href":"https:\/\/resolute.lt\/index.php\/wp-json\/wp\/v2\/product_tag?post=2043"}],"curies":[{"name":"wp","href":"https:\/\/api.w.org\/{rel}","templated":true}]}}