{"id":2006,"date":"2021-08-30T20:30:31","date_gmt":"2021-08-30T20:30:31","guid":{"rendered":"https:\/\/resolute.lt\/?post_type=product&#038;p=2006"},"modified":"2024-04-04T14:43:22","modified_gmt":"2024-04-04T14:43:22","slug":"ulefone-power-armor-13","status":"publish","type":"product","link":"https:\/\/resolute.lt\/index.php\/produktas\/ulefone-power-armor-13\/","title":{"rendered":"Ulefone Power Armor 13 &#8211; 256\/8GB, Juodas"},"content":{"rendered":"<p><strong>Ulefone Power Armor 13<\/strong>\u00a0\u2013 auk\u0161\u010diausios klas\u0117s vandeniui ir sm\u016bgiams atsparus telefonas su rekordin\u0117s talpos (13 200 mAh) baterija, kuri leis ilgam pamir\u0161ti apie telefono \u012fkrovim\u0105! \u0160is prietaisais taip pat pasi\u017eymi keturguba kamera su 48 MP Sony sensoriumi ir 4K filmavimu, Full HD+ rai\u0161kos 6,81&#8243; LCD ekranu, IR atstum\u0173 matuokliu, 128 GB arba 256 GB vidine ir 8 GB darbine (RAM) atmintimi bei Android 11 operacine sistema su lietuvi\u0173 kalba.<!--more--><\/p>\n<p><strong>Rekomenduojame \u012fsigyti kartu:<\/strong> <strong>originalus multifunkcinis\u00a0rinkinys, <\/strong>susidedantis i\u0161 4 nauding\u0173 pried\u0173: kokybi\u0161ko sm\u016bgiams atsparaus TPU d\u0117klo, metalinio karabino, patvarios dir\u017eo sagties ir pakabuko! Prek\u0119 rasite <a href=\"https:\/\/resolute.lt\/index.php\/produktas\/ulefone-power-armor-13-multifunkcinis-rinkinys\/\" target=\"_blank\" rel=\"noopener\"><strong>\u010cIA<\/strong><\/a>.<\/p>\n<p><strong><a href=\"https:\/\/www.resolute.lt\/\">RESOLUTE.LT EL. PARDUOTUV\u0116:<\/a><br \/>\n<\/strong>\u2013 Standartinis pristatymas (apmokant banko kortele, el. bankininkyste, Paysera ar PayPal).<\/p>\n\n\t<section class=\"section\" id=\"section_2139529790\">\n\t\t<div class=\"section-bg fill\" >\n\t\t\t\t\t\t\t\t\t\n\t\t\t\n\n\t\t<\/div>\n\n\t\t\n\n\t\t<div class=\"section-content relative\">\n\t\t\t\n\t<div id=\"gap-650331061\" class=\"gap-element clearfix\" style=\"display:block; height:auto;\">\n\t\t\n<style>\n#gap-650331061 {\n  padding-top: 50px;\n}\n<\/style>\n\t<\/div>\n\t\n<div class=\"row align-center\"  id=\"row-1505131082\">\n\n\t<div id=\"col-1468071163\" class=\"col medium-4 small-10 large-4\"  >\n\t\t\t\t<div class=\"col-inner\"  >\n\t\t\t\n\t\t\t\n<h1><strong>Komplektacija<\/strong><\/h1>\n\t\t<\/div>\n\t\t\t\t\n<style>\n#col-1468071163 > .col-inner {\n  padding: 0px 40px 0px 0px;\n}\n<\/style>\n\t<\/div>\n\n\t\n\n\t<div id=\"col-1108322835\" class=\"col medium-8 small-10 large-8\"  >\n\t\t\t\t<div class=\"col-inner\"  >\n\t\t\t\n\t\t\t\n<ul>\n<li style=\"text-align: left;\"><b>1x\u00a0 <\/b>I\u0161manus telefonas<\/li>\n<li><b>1x\u00a0 <\/b>\u012fkroviklis (US, greitojo \u012fkrovimo, 33W)<\/li>\n<li><strong>1x<\/strong>\u00a0 \u012fkroviklio adapteris<\/li>\n<li><b>1x\u00a0 <\/b>USB Type-C laidas<\/li>\n<li><b>1x\u00a0 <\/b>USB Type-C \u2013 MicroUSB adapteris<\/li>\n<li><b>1x<\/b>\u00a0 Apsauginis ekrano stiklas (u\u017ed\u0117tas gamykli\u0161kai)<\/li>\n<li><b>1x<\/b>\u00a0 Apsauginis ekrano stiklas (papildomas)<\/li>\n<li><b>1x\u00a0 <\/b>SIM lizdo \u012frankis<\/li>\n<li><b>1x<\/b>\u00a0 Naudojimosi instrukcijos<\/li>\n<\/ul>\n\t\t<\/div>\n\t\t\t\t\t<\/div>\n\n\t\n<\/div>\n<div class=\"row align-center\"  id=\"row-1401023213\">\n\n\t<div id=\"col-924521874\" class=\"col medium-4 small-10 large-4\"  >\n\t\t\t\t<div class=\"col-inner\"  >\n\t\t\t\n\t\t\t\n<h1><strong>Bendrieji parametrai<\/strong><\/h1>\n\t\t<\/div>\n\t\t\t\t\n<style>\n#col-924521874 > .col-inner {\n  padding: 0px 40px 0px 0px;\n}\n<\/style>\n\t<\/div>\n\n\t\n\n\t<div id=\"col-1212928097\" class=\"col medium-8 small-10 large-8\"  >\n\t\t\t\t<div class=\"col-inner\"  >\n\t\t\t\n\t\t\t\n<ul>\n<li style=\"text-align: left;\"><strong>Prek\u0117s tipas:<\/strong> Mobilieji telefonai<\/li>\n<li><strong>Prek\u0117s spalva:<\/strong> Juoda<\/li>\n<li><strong>Palaikom\u0173 SIM korteli\u0173 skai\u010dius:<\/strong> 2<\/li>\n<li><strong>Palaikom\u0173 SIM korteli\u0173 tipas:<\/strong> NanoSIM<\/li>\n<\/ul>\n\t\t<\/div>\n\t\t\t\t\t<\/div>\n\n\t\n<\/div>\n<div class=\"row align-center\"  id=\"row-1487214049\">\n\n\t<div id=\"col-458200009\" class=\"col medium-4 small-10 large-4\"  >\n\t\t\t\t<div class=\"col-inner\"  >\n\t\t\t\n\t\t\t\n<h1><strong>Operacin\u0117 sistema<\/strong><\/h1>\n\t\t<\/div>\n\t\t\t\t\n<style>\n#col-458200009 > .col-inner {\n  padding: 0px 40px 0px 0px;\n}\n<\/style>\n\t<\/div>\n\n\t\n\n\t<div id=\"col-32995490\" class=\"col medium-8 small-10 large-8\"  >\n\t\t\t\t<div class=\"col-inner\"  >\n\t\t\t\n\t\t\t\n<ul>\n<li><strong>Operacin\u0117 sistema:<\/strong> Android<\/li>\n<li><strong>Operacin\u0117s sistemos versija: <\/strong>11<\/li>\n<li><strong>Palaikomos kalbos:<\/strong> Lietuvi\u0173, angl\u0173, rus\u0173, lenk\u0173, latvi\u0173, vokie\u010di\u0173 ir kt.<\/li>\n<\/ul>\n\t\t<\/div>\n\t\t\t\t\t<\/div>\n\n\t\n<\/div>\n<div class=\"row align-center\"  id=\"row-862547560\">\n\n\t<div id=\"col-1585736887\" class=\"col medium-4 small-10 large-4\"  >\n\t\t\t\t<div class=\"col-inner\"  >\n\t\t\t\n\t\t\t\n<h1><strong>Ekranas<\/strong><\/h1>\n\t\t<\/div>\n\t\t\t\t\n<style>\n#col-1585736887 > .col-inner {\n  padding: 0px 40px 0px 0px;\n}\n<\/style>\n\t<\/div>\n\n\t\n\n\t<div id=\"col-616386050\" class=\"col medium-8 small-10 large-8\"  >\n\t\t\t\t<div class=\"col-inner\"  >\n\t\t\t\n\t\t\t\n<ul>\n<li><strong>Ekrano dydis:<\/strong> 6,81&#8243;<\/li>\n<li><strong>Ekrano rai\u0161ka:<\/strong> 2400 x 1080<\/li>\n<li><strong>PPI (pikseliai per col\u012f): <\/strong>386<\/li>\n<li><strong>Ekrano tipas:<\/strong> IPS LCD<\/li>\n<li><strong>I\u0161orinio stiklo tipas:<\/strong> Corning Gorilla\u00ae Glass<\/li>\n<\/ul>\n\t\t<\/div>\n\t\t\t\t\t<\/div>\n\n\t\n<\/div>\n<div class=\"row align-center\"  id=\"row-28287961\">\n\n\t<div id=\"col-330245890\" class=\"col medium-4 small-10 large-4\"  >\n\t\t\t\t<div class=\"col-inner\"  >\n\t\t\t\n\t\t\t\n<h1><strong>Procesorius ir<br \/>\nvaizdo plok\u0161t\u0117<\/strong><\/h1>\n\t\t<\/div>\n\t\t\t\t\n<style>\n#col-330245890 > .col-inner {\n  padding: 0px 40px 0px 0px;\n}\n<\/style>\n\t<\/div>\n\n\t\n\n\t<div id=\"col-532678617\" class=\"col medium-8 small-10 large-8\"  >\n\t\t\t\t<div class=\"col-inner\"  >\n\t\t\t\n\t\t\t\n<ul>\n<li><strong>Procesoriaus modelis: <\/strong>MediaTek Helio<b>\u2122<\/b> G95 (12 nm)<\/li>\n<li><strong>Procesoriaus branduoli\u0173 kiekis:<\/strong> 8<\/li>\n<li><strong>Procesoriaus branduoli\u0173 da\u017eniai: <\/strong>2x 2,05 GHz Cortex-A76 ir 6x 2,0 GHz Cortex-A55<\/li>\n<li><strong>Vaizdo plok\u0161t\u0117s modelis: <\/strong>ARM Mali-G76 MC4<\/li>\n<li><strong>Vaizdo plok\u0161t\u0117s branduoli\u0173 da\u017eniai:<\/strong> 4x 900 MHz<\/li>\n<\/ul>\n\t\t<\/div>\n\t\t\t\t\t<\/div>\n\n\t\n<\/div>\n<div class=\"row align-center\"  id=\"row-1542921271\">\n\n\t<div id=\"col-506982881\" class=\"col medium-4 small-10 large-4\"  >\n\t\t\t\t<div class=\"col-inner\"  >\n\t\t\t\n\t\t\t\n<h1><strong>Atmintis<\/strong><\/h1>\n\t\t<\/div>\n\t\t\t\t\n<style>\n#col-506982881 > .col-inner {\n  padding: 0px 40px 0px 0px;\n}\n<\/style>\n\t<\/div>\n\n\t\n\n\t<div id=\"col-790129753\" class=\"col medium-8 small-10 large-8\"  >\n\t\t\t\t<div class=\"col-inner\"  >\n\t\t\t\n\t\t\t\n<ul>\n<li><strong>Vidin\u0117 atminis: <\/strong>256 GB<\/li>\n<li><strong>Darbin\u0117 atmintis (RAM): <\/strong>8 GB<\/li>\n<li><strong>Atminties kortel\u0117s tipas: <\/strong>MicroSD<\/li>\n<li><strong>Atminties kortel\u0117s maks. talpa<\/strong>: 1 TB<\/li>\n<\/ul>\n\t\t<\/div>\n\t\t\t\t\t<\/div>\n\n\t\n<\/div>\n<div class=\"row align-center\"  id=\"row-645441860\">\n\n\t<div id=\"col-1857320706\" class=\"col medium-4 small-10 large-4\"  >\n\t\t\t\t<div class=\"col-inner\"  >\n\t\t\t\n\t\t\t\n<h1><strong>Foto ir vaizdo kamera<\/strong><\/h1>\n\t\t<\/div>\n\t\t\t\t\n<style>\n#col-1857320706 > .col-inner {\n  padding: 0px 40px 0px 0px;\n}\n<\/style>\n\t<\/div>\n\n\t\n\n\t<div id=\"col-1310510085\" class=\"col medium-8 small-10 large-8\"  >\n\t\t\t\t<div class=\"col-inner\"  >\n\t\t\t\n\t\t\t\n<ul>\n<li><strong>Galin\u0117 kamera: <\/strong>Keturguba 48 MP + 8 MP + 2 MP + 2 MP<\/li>\n<li><strong>Galin\u0117s kameros pagrindinis sensorius:<\/strong> Samsung<b>\u2122<\/b> S5KGM1 \/ Sony IMX582 Exmor RS\u2122<\/li>\n<li><strong>Galin\u0117s kameros filmavimas: <\/strong>4K@30fps<\/li>\n<li><strong>Priekin\u0117 kamera: <\/strong>16 MP<\/li>\n<li><strong>Priekin\u0117s kameros sensorius: <\/strong>Samsung<b>\u2122<\/b> S5K3P3<\/li>\n<li><strong>Priekin\u0117s kameros filmavimas: <\/strong>1080p@30fps<\/li>\n<\/ul>\n\t\t<\/div>\n\t\t\t\t\t<\/div>\n\n\t\n<\/div>\n<div class=\"row align-center\"  id=\"row-876595464\">\n\n\t<div id=\"col-1412107263\" class=\"col medium-4 small-10 large-4\"  >\n\t\t\t\t<div class=\"col-inner\"  >\n\t\t\t\n\t\t\t\n<h1><strong>Internetas ir komunikacija<\/strong><\/h1>\n\t\t<\/div>\n\t\t\t\t\n<style>\n#col-1412107263 > .col-inner {\n  padding: 0px 40px 0px 0px;\n}\n<\/style>\n\t<\/div>\n\n\t\n\n\t<div id=\"col-1049737662\" class=\"col medium-8 small-10 large-8\"  >\n\t\t\t\t<div class=\"col-inner\"  >\n\t\t\t\n\t\t\t\n<ul>\n<li><strong>WiFi s\u0105saja: <\/strong>Taip<\/li>\n<li><strong>3G ry\u0161ys: <\/strong>Taip<\/li>\n<li><strong>4G ry\u0161ys: <\/strong>Taip<\/li>\n<li><strong>5G ry\u0161ys:<\/strong> Ne<\/li>\n<li><strong>Bluetooth s\u0105saja: <\/strong>Taip<\/li>\n<li><strong>Bluetooth versija: <\/strong>5.1<\/li>\n<li><strong>NFC s\u0105saja: <\/strong>Taip<\/li>\n<li><strong>FM radijas: <\/strong>Taip<\/li>\n<li><strong>GPS s\u0105saja: <\/strong>Taip<\/li>\n<li><strong>GPS sistemos:<\/strong> GPS, Glonass, Beidou, Galileo<\/li>\n<\/ul>\n\t\t<\/div>\n\t\t\t\t\t<\/div>\n\n\t\n<\/div>\n<div class=\"row align-center\"  id=\"row-1456014706\">\n\n\t<div id=\"col-1931524551\" class=\"col medium-4 small-10 large-4\"  >\n\t\t\t\t<div class=\"col-inner\"  >\n\t\t\t\n\t\t\t\n<h1><strong>Lizdai ir sensoriai<\/strong><\/h1>\n\t\t<\/div>\n\t\t\t\t\n<style>\n#col-1931524551 > .col-inner {\n  padding: 0px 40px 0px 0px;\n}\n<\/style>\n\t<\/div>\n\n\t\n\n\t<div id=\"col-253591757\" class=\"col medium-8 small-10 large-8\"  >\n\t\t\t\t<div class=\"col-inner\"  >\n\t\t\t\n\t\t\t\n<ul>\n<li><strong>USB lizdo tipas:<\/strong> USB-C 2.0<\/li>\n<li><strong>Ausini\u0173 lizdas (AUX):<\/strong> Ne<\/li>\n<li><strong>Pir\u0161t\u0173 antspaud\u0173 sensorius:<\/strong> Taip<\/li>\n<li><strong>Pir\u0161to antspaud\u0173 sensoriaus tipas:<\/strong> \u0160oninis<\/li>\n<\/ul>\n\t\t<\/div>\n\t\t\t\t\t<\/div>\n\n\t\n<\/div>\n<div class=\"row align-center\"  id=\"row-451533353\">\n\n\t<div id=\"col-165708027\" class=\"col medium-4 small-10 large-4\"  >\n\t\t\t\t<div class=\"col-inner\"  >\n\t\t\t\n\t\t\t\n<h1><strong>Baterija<\/strong><\/h1>\n\t\t<\/div>\n\t\t\t\t\n<style>\n#col-165708027 > .col-inner {\n  padding: 0px 40px 0px 0px;\n}\n<\/style>\n\t<\/div>\n\n\t\n\n\t<div id=\"col-533910077\" class=\"col medium-8 small-10 large-8\"  >\n\t\t\t\t<div class=\"col-inner\"  >\n\t\t\t\n\t\t\t\n<ul>\n<li><strong>Baterijos talpa: <\/strong>13200 mAh<\/li>\n<li><strong>Greitasis \u012fkrovimas: <\/strong>Taip<\/li>\n<li><strong>\u012ekrovimo galia: <\/strong>33 W<\/li>\n<li><strong>Belaidis \u012fkrovimas: <\/strong>Taip<\/li>\n<li><strong>Belaid\u017eio \u012fkrovimo galia: <\/strong>15 W<\/li>\n<\/ul>\n\t\t<\/div>\n\t\t\t\t\t<\/div>\n\n\t\n<\/div>\n<div class=\"row align-center\"  id=\"row-1670653958\">\n\n\t<div id=\"col-711099295\" class=\"col medium-4 small-10 large-4\"  >\n\t\t\t\t<div class=\"col-inner\"  >\n\t\t\t\n\t\t\t\n<h1><b>Matmenys ir svoris<\/b><\/h1>\n\t\t<\/div>\n\t\t\t\t\n<style>\n#col-711099295 > .col-inner {\n  padding: 0px 40px 0px 0px;\n}\n<\/style>\n\t<\/div>\n\n\t\n\n\t<div id=\"col-2068903304\" class=\"col medium-8 small-10 large-8\"  >\n\t\t\t\t<div class=\"col-inner\"  >\n\t\t\t\n\t\t\t\n<ul>\n<li><strong>Matmenys:<\/strong> 183,7 x 85,38 x x 20,8 mm<\/li>\n<li><strong>Svoris:<\/strong> 491,9 g<\/li>\n<\/ul>\n\t\t<\/div>\n\t\t\t\t\t<\/div>\n\n\t\n<\/div>\n<div class=\"row align-center\"  id=\"row-516800799\">\n\n\t<div id=\"col-350030481\" class=\"col medium-4 small-10 large-4\"  >\n\t\t\t\t<div class=\"col-inner\"  >\n\t\t\t\n\t\t\t\n<h1><strong>Papildomi duomenys<\/strong><\/h1>\n\t\t<\/div>\n\t\t\t\t\n<style>\n#col-350030481 > .col-inner {\n  padding: 0px 40px 0px 0px;\n}\n<\/style>\n\t<\/div>\n\n\t\n\n\t<div id=\"col-1375156611\" class=\"col medium-8 small-10 large-8\"  >\n\t\t\t\t<div class=\"col-inner\"  >\n\t\t\t\n\t\t\t\n<ul>\n<li>I\u0161leidimo data: 2021 m. rugpj\u016btis<\/li>\n<li>Gamybos metai: 2023<\/li>\n<li>IP68 sertifikatas (atsparumas vandeniui ir dulk\u0117ms)<\/li>\n<li>MIL-STD-810G sertifikatas (produktas testuotas \u017eemo sl\u0117gio, didelio dr\u0117gnio, rug\u0161tin\u0117s autmosferos bei didel\u0117s saul\u0117s radiacijos s\u0105lygomis)<\/li>\n<li>Infraraudon\u0173j\u0173 spinduli\u0173 (IR) atstum\u0173 matuoklis<\/li>\n<\/ul>\n\t\t<\/div>\n\t\t\t\t\t<\/div>\n\n\t\n<\/div>\n\t\t<\/div>\n\n\t\t\n<style>\n#section_2139529790 {\n  padding-top: 20px;\n  padding-bottom: 20px;\n}\n<\/style>\n\t<\/section>\n\t\n<p><img loading=\"lazy\" decoding=\"async\" style=\"-webkit-user-select: none; margin: auto; cursor: zoom-in;\" src=\"https:\/\/imgaz.staticbg.com\/images\/oaupload\/banggood\/images\/BE\/F5\/ea812b69-45e0-4919-b76f-e851fc0ddf4b.jpg.webp\" width=\"981\" height=\"552\" \/><br \/>\n<img loading=\"lazy\" decoding=\"async\" style=\"-webkit-user-select: none; margin: auto; cursor: zoom-in;\" src=\"https:\/\/imgaz.staticbg.com\/images\/oaupload\/banggood\/images\/3E\/B1\/b6075734-d2bf-4c77-ae55-84a915cc34f6.jpg.webp\" width=\"981\" height=\"552\" \/><br \/>\n<img loading=\"lazy\" decoding=\"async\" style=\"-webkit-user-select: none; margin: auto; cursor: zoom-in;\" src=\"https:\/\/imgaz.staticbg.com\/images\/oaupload\/banggood\/images\/97\/B6\/4edb08d8-4508-450c-b0bc-2d65a7ae5550.jpg.webp\" width=\"981\" height=\"552\" \/><br \/>\n<img loading=\"lazy\" decoding=\"async\" style=\"-webkit-user-select: none; margin: auto; cursor: zoom-in;\" src=\"https:\/\/imgaz.staticbg.com\/images\/oaupload\/banggood\/images\/BD\/8E\/7246c21b-5bdd-4092-8c4b-b9a68ba30961.jpg.webp\" width=\"981\" height=\"552\" \/><br \/>\n<img loading=\"lazy\" decoding=\"async\" style=\"-webkit-user-select: none; margin: auto; cursor: zoom-in;\" src=\"https:\/\/imgaz.staticbg.com\/images\/oaupload\/banggood\/images\/32\/85\/5744ef4b-7d38-4ed0-9b4d-36cdc832eba5.jpg.webp\" width=\"981\" height=\"552\" \/><br \/>\n<img loading=\"lazy\" decoding=\"async\" style=\"-webkit-user-select: none; margin: auto; cursor: zoom-in;\" src=\"https:\/\/imgaz.staticbg.com\/images\/oaupload\/banggood\/images\/33\/22\/8bfc8b2a-20c5-4840-8aa6-1b671a38755c.jpg.webp\" width=\"981\" height=\"552\" \/><br \/>\n<img loading=\"lazy\" decoding=\"async\" style=\"-webkit-user-select: none; margin: auto; cursor: zoom-in;\" src=\"https:\/\/imgaz.staticbg.com\/images\/oaupload\/banggood\/images\/53\/D0\/f20b19bd-3744-4c48-85f5-3b8be0f548fb.jpg.webp\" width=\"981\" height=\"552\" \/><br \/>\n<img loading=\"lazy\" decoding=\"async\" style=\"-webkit-user-select: none; margin: auto; cursor: zoom-in;\" src=\"https:\/\/imgaz.staticbg.com\/images\/oaupload\/banggood\/images\/83\/9B\/a5f8d379-48c5-4ecb-ad29-e0af16418345.jpg.webp\" width=\"981\" height=\"552\" \/><br \/>\n<img loading=\"lazy\" decoding=\"async\" style=\"-webkit-user-select: none; margin: auto; cursor: zoom-in;\" src=\"https:\/\/imgaz.staticbg.com\/images\/oaupload\/banggood\/images\/6C\/7A\/8335d035-a534-4740-ac2c-2388b858d21f.jpg.webp\" width=\"981\" height=\"552\" \/><br \/>\n<img loading=\"lazy\" decoding=\"async\" style=\"-webkit-user-select: none; margin: auto; cursor: zoom-in;\" src=\"https:\/\/imgaz.staticbg.com\/images\/oaupload\/banggood\/images\/AC\/5D\/e8ffcafe-ef48-447f-9cdb-6e94a215fea5.jpg.webp\" width=\"981\" height=\"552\" \/><br \/>\n<img loading=\"lazy\" decoding=\"async\" style=\"-webkit-user-select: none; margin: auto; cursor: zoom-in;\" src=\"https:\/\/imgaz.staticbg.com\/images\/oaupload\/banggood\/images\/D4\/C7\/3d41fa3d-8edf-4426-ab2c-8389017699bc.jpg.webp\" width=\"981\" height=\"552\" \/><br \/>\n<img loading=\"lazy\" decoding=\"async\" style=\"-webkit-user-select: none; margin: auto; cursor: zoom-in;\" src=\"https:\/\/imgaz.staticbg.com\/images\/oaupload\/banggood\/images\/FB\/E6\/5f4f14a2-2dba-4fa8-b942-28fcbf74cb06.jpg.webp\" width=\"981\" height=\"552\" \/><br \/>\n<img loading=\"lazy\" decoding=\"async\" style=\"-webkit-user-select: none; margin: auto; cursor: zoom-in;\" src=\"https:\/\/imgaz.staticbg.com\/images\/oaupload\/banggood\/images\/12\/97\/afcced7d-f1f1-482d-9182-debaa210ef74.jpg.webp\" width=\"981\" height=\"552\" \/><\/p>\n","protected":false},"excerpt":{"rendered":"<p>Ulefone Power Armor 13\u00a0\u2013 auk\u0161\u010diausios klas\u0117s vandeniui ir sm\u016bgiams atsparus telefonas su rekordin\u0117s talpos (13 200 mAh) baterija, kuri leis ilgam pamir\u0161ti apie telefono \u012fkrovim\u0105! \u0160is prietaisais taip pat pasi\u017eymi keturguba kamera su 48 MP Sony sensoriumi ir 4K filmavimu, Full HD+ rai\u0161kos 6,81&#8243; LCD ekranu, IR atstum\u0173 matuokliu, 128 GB arba 256 GB vidine [&#8230;]\n","protected":false},"featured_media":2007,"template":"","meta":[],"product_brand":[],"product_cat":[22],"product_tag":[],"class_list":{"0":"post-2006","1":"product","2":"type-product","3":"status-publish","4":"has-post-thumbnail","6":"product_cat-ulefone-telefonai","8":"first","9":"instock","10":"sale","11":"shipping-taxable","12":"purchasable","13":"product-type-simple"},"yoast_head":"<!-- This site is optimized with the Yoast SEO plugin v27.5 - https:\/\/yoast.com\/product\/yoast-seo-wordpress\/ -->\n<title>Ulefone Power Armor 13 - 256\/8GB, Juodas - Resolute.lt<\/title>\n<meta name=\"description\" content=\"Nauji vandeniui ir sm\u016bgiams atspar\u016bs Ulefone telefonai ma\u017eiausia kaina! Platus asortimentas, patogus atsiskaitymas, nauji telefonai pigiau!\" \/>\n<meta name=\"robots\" content=\"index, follow, max-snippet:-1, max-image-preview:large, max-video-preview:-1\" \/>\n<link rel=\"canonical\" href=\"https:\/\/resolute.lt\/index.php\/produktas\/ulefone-power-armor-13\/\" \/>\n<meta property=\"og:locale\" content=\"lt_LT\" \/>\n<meta property=\"og:type\" content=\"article\" \/>\n<meta property=\"og:title\" content=\"Ulefone Power Armor 13 - 256\/8GB, Juodas - Resolute.lt\" \/>\n<meta property=\"og:description\" content=\"Nauji vandeniui ir sm\u016bgiams atspar\u016bs Ulefone telefonai ma\u017eiausia kaina! Platus asortimentas, patogus atsiskaitymas, nauji telefonai pigiau!\" \/>\n<meta property=\"og:url\" content=\"https:\/\/resolute.lt\/index.php\/produktas\/ulefone-power-armor-13\/\" \/>\n<meta property=\"og:site_name\" content=\"Resolute.lt\" \/>\n<meta property=\"article:modified_time\" content=\"2024-04-04T14:43:22+00:00\" \/>\n<meta property=\"og:image\" content=\"https:\/\/resolute.lt\/wp-content\/uploads\/2021\/08\/1-Power-Armor-13.png\" \/>\n\t<meta property=\"og:image:width\" content=\"987\" \/>\n\t<meta property=\"og:image:height\" content=\"988\" \/>\n\t<meta property=\"og:image:type\" content=\"image\/png\" \/>\n<meta name=\"twitter:card\" content=\"summary_large_image\" \/>\n<meta name=\"twitter:label1\" content=\"Est. reading time\" \/>\n\t<meta name=\"twitter:data1\" content=\"7 minut\u0117s\" \/>\n<script type=\"application\/ld+json\" class=\"yoast-schema-graph\">{\"@context\":\"https:\\\/\\\/schema.org\",\"@graph\":[{\"@type\":\"WebPage\",\"@id\":\"https:\\\/\\\/resolute.lt\\\/index.php\\\/produktas\\\/ulefone-power-armor-13\\\/\",\"url\":\"https:\\\/\\\/resolute.lt\\\/index.php\\\/produktas\\\/ulefone-power-armor-13\\\/\",\"name\":\"Ulefone Power Armor 13 - 256\\\/8GB, Juodas - Resolute.lt\",\"isPartOf\":{\"@id\":\"https:\\\/\\\/resolute.lt\\\/#website\"},\"primaryImageOfPage\":{\"@id\":\"https:\\\/\\\/resolute.lt\\\/index.php\\\/produktas\\\/ulefone-power-armor-13\\\/#primaryimage\"},\"image\":{\"@id\":\"https:\\\/\\\/resolute.lt\\\/index.php\\\/produktas\\\/ulefone-power-armor-13\\\/#primaryimage\"},\"thumbnailUrl\":\"https:\\\/\\\/resolute.lt\\\/wp-content\\\/uploads\\\/2021\\\/08\\\/1-Power-Armor-13.png\",\"datePublished\":\"2021-08-30T20:30:31+00:00\",\"dateModified\":\"2024-04-04T14:43:22+00:00\",\"description\":\"Nauji vandeniui ir sm\u016bgiams atspar\u016bs Ulefone telefonai ma\u017eiausia kaina! Platus asortimentas, patogus atsiskaitymas, nauji telefonai pigiau!\",\"breadcrumb\":{\"@id\":\"https:\\\/\\\/resolute.lt\\\/index.php\\\/produktas\\\/ulefone-power-armor-13\\\/#breadcrumb\"},\"inLanguage\":\"lt-LT\",\"potentialAction\":[{\"@type\":\"ReadAction\",\"target\":[\"https:\\\/\\\/resolute.lt\\\/index.php\\\/produktas\\\/ulefone-power-armor-13\\\/\"]}]},{\"@type\":\"ImageObject\",\"inLanguage\":\"lt-LT\",\"@id\":\"https:\\\/\\\/resolute.lt\\\/index.php\\\/produktas\\\/ulefone-power-armor-13\\\/#primaryimage\",\"url\":\"https:\\\/\\\/resolute.lt\\\/wp-content\\\/uploads\\\/2021\\\/08\\\/1-Power-Armor-13.png\",\"contentUrl\":\"https:\\\/\\\/resolute.lt\\\/wp-content\\\/uploads\\\/2021\\\/08\\\/1-Power-Armor-13.png\",\"width\":987,\"height\":988},{\"@type\":\"BreadcrumbList\",\"@id\":\"https:\\\/\\\/resolute.lt\\\/index.php\\\/produktas\\\/ulefone-power-armor-13\\\/#breadcrumb\",\"itemListElement\":[{\"@type\":\"ListItem\",\"position\":1,\"name\":\"Home\",\"item\":\"https:\\\/\\\/resolute.lt\\\/\"},{\"@type\":\"ListItem\",\"position\":2,\"name\":\"Resolute.lt\",\"item\":\"https:\\\/\\\/resolute.lt\\\/\"},{\"@type\":\"ListItem\",\"position\":3,\"name\":\"Ulefone Power Armor 13 &#8211; 256\\\/8GB, Juodas\"}]},{\"@type\":\"WebSite\",\"@id\":\"https:\\\/\\\/resolute.lt\\\/#website\",\"url\":\"https:\\\/\\\/resolute.lt\\\/\",\"name\":\"Resolute.lt\",\"description\":\"Sm\u016bgiams ir vandeniui telefonai\",\"potentialAction\":[{\"@type\":\"SearchAction\",\"target\":{\"@type\":\"EntryPoint\",\"urlTemplate\":\"https:\\\/\\\/resolute.lt\\\/?s={search_term_string}\"},\"query-input\":{\"@type\":\"PropertyValueSpecification\",\"valueRequired\":true,\"valueName\":\"search_term_string\"}}],\"inLanguage\":\"lt-LT\"}]}<\/script>\n<!-- \/ Yoast SEO plugin. -->","yoast_head_json":{"title":"Ulefone Power Armor 13 - 256\/8GB, Juodas - Resolute.lt","description":"Nauji vandeniui ir sm\u016bgiams atspar\u016bs Ulefone telefonai ma\u017eiausia kaina! Platus asortimentas, patogus atsiskaitymas, nauji telefonai pigiau!","robots":{"index":"index","follow":"follow","max-snippet":"max-snippet:-1","max-image-preview":"max-image-preview:large","max-video-preview":"max-video-preview:-1"},"canonical":"https:\/\/resolute.lt\/index.php\/produktas\/ulefone-power-armor-13\/","og_locale":"lt_LT","og_type":"article","og_title":"Ulefone Power Armor 13 - 256\/8GB, Juodas - Resolute.lt","og_description":"Nauji vandeniui ir sm\u016bgiams atspar\u016bs Ulefone telefonai ma\u017eiausia kaina! Platus asortimentas, patogus atsiskaitymas, nauji telefonai pigiau!","og_url":"https:\/\/resolute.lt\/index.php\/produktas\/ulefone-power-armor-13\/","og_site_name":"Resolute.lt","article_modified_time":"2024-04-04T14:43:22+00:00","og_image":[{"width":987,"height":988,"url":"https:\/\/resolute.lt\/wp-content\/uploads\/2021\/08\/1-Power-Armor-13.png","type":"image\/png"}],"twitter_card":"summary_large_image","twitter_misc":{"Est. reading time":"7 minut\u0117s"},"schema":{"@context":"https:\/\/schema.org","@graph":[{"@type":"WebPage","@id":"https:\/\/resolute.lt\/index.php\/produktas\/ulefone-power-armor-13\/","url":"https:\/\/resolute.lt\/index.php\/produktas\/ulefone-power-armor-13\/","name":"Ulefone Power Armor 13 - 256\/8GB, Juodas - Resolute.lt","isPartOf":{"@id":"https:\/\/resolute.lt\/#website"},"primaryImageOfPage":{"@id":"https:\/\/resolute.lt\/index.php\/produktas\/ulefone-power-armor-13\/#primaryimage"},"image":{"@id":"https:\/\/resolute.lt\/index.php\/produktas\/ulefone-power-armor-13\/#primaryimage"},"thumbnailUrl":"https:\/\/resolute.lt\/wp-content\/uploads\/2021\/08\/1-Power-Armor-13.png","datePublished":"2021-08-30T20:30:31+00:00","dateModified":"2024-04-04T14:43:22+00:00","description":"Nauji vandeniui ir sm\u016bgiams atspar\u016bs Ulefone telefonai ma\u017eiausia kaina! Platus asortimentas, patogus atsiskaitymas, nauji telefonai pigiau!","breadcrumb":{"@id":"https:\/\/resolute.lt\/index.php\/produktas\/ulefone-power-armor-13\/#breadcrumb"},"inLanguage":"lt-LT","potentialAction":[{"@type":"ReadAction","target":["https:\/\/resolute.lt\/index.php\/produktas\/ulefone-power-armor-13\/"]}]},{"@type":"ImageObject","inLanguage":"lt-LT","@id":"https:\/\/resolute.lt\/index.php\/produktas\/ulefone-power-armor-13\/#primaryimage","url":"https:\/\/resolute.lt\/wp-content\/uploads\/2021\/08\/1-Power-Armor-13.png","contentUrl":"https:\/\/resolute.lt\/wp-content\/uploads\/2021\/08\/1-Power-Armor-13.png","width":987,"height":988},{"@type":"BreadcrumbList","@id":"https:\/\/resolute.lt\/index.php\/produktas\/ulefone-power-armor-13\/#breadcrumb","itemListElement":[{"@type":"ListItem","position":1,"name":"Home","item":"https:\/\/resolute.lt\/"},{"@type":"ListItem","position":2,"name":"Resolute.lt","item":"https:\/\/resolute.lt\/"},{"@type":"ListItem","position":3,"name":"Ulefone Power Armor 13 &#8211; 256\/8GB, Juodas"}]},{"@type":"WebSite","@id":"https:\/\/resolute.lt\/#website","url":"https:\/\/resolute.lt\/","name":"Resolute.lt","description":"Sm\u016bgiams ir vandeniui telefonai","potentialAction":[{"@type":"SearchAction","target":{"@type":"EntryPoint","urlTemplate":"https:\/\/resolute.lt\/?s={search_term_string}"},"query-input":{"@type":"PropertyValueSpecification","valueRequired":true,"valueName":"search_term_string"}}],"inLanguage":"lt-LT"}]}},"_links":{"self":[{"href":"https:\/\/resolute.lt\/index.php\/wp-json\/wp\/v2\/product\/2006","targetHints":{"allow":["GET"]}}],"collection":[{"href":"https:\/\/resolute.lt\/index.php\/wp-json\/wp\/v2\/product"}],"about":[{"href":"https:\/\/resolute.lt\/index.php\/wp-json\/wp\/v2\/types\/product"}],"wp:featuredmedia":[{"embeddable":true,"href":"https:\/\/resolute.lt\/index.php\/wp-json\/wp\/v2\/media\/2007"}],"wp:attachment":[{"href":"https:\/\/resolute.lt\/index.php\/wp-json\/wp\/v2\/media?parent=2006"}],"wp:term":[{"taxonomy":"product_brand","embeddable":true,"href":"https:\/\/resolute.lt\/index.php\/wp-json\/wp\/v2\/product_brand?post=2006"},{"taxonomy":"product_cat","embeddable":true,"href":"https:\/\/resolute.lt\/index.php\/wp-json\/wp\/v2\/product_cat?post=2006"},{"taxonomy":"product_tag","embeddable":true,"href":"https:\/\/resolute.lt\/index.php\/wp-json\/wp\/v2\/product_tag?post=2006"}],"curies":[{"name":"wp","href":"https:\/\/api.w.org\/{rel}","templated":true}]}}