{"id":1901,"date":"2021-07-30T11:14:18","date_gmt":"2021-07-30T11:14:18","guid":{"rendered":"https:\/\/resolute.lt\/?post_type=product&#038;p=1901"},"modified":"2024-05-29T09:16:09","modified_gmt":"2024-05-29T09:16:09","slug":"ulefone-armor-8-pro-oranzinis","status":"publish","type":"product","link":"https:\/\/resolute.lt\/index.php\/produktas\/ulefone-armor-8-pro-oranzinis\/","title":{"rendered":"Ulefone Armor 8 Pro \u2013 128\/6GB, Oran\u017einis"},"content":{"rendered":"<p><strong>Ulefone Armor 8 Pro <\/strong>\u2013 vienas pa\u017eangiausi\u0173 vandeniui ir sm\u016bgiams atspari\u0173 telefon\u0173 \u0161ioje kainos kategorijoje. I\u0161manus telefonas stebina savo dideliu ir ry\u0161kiu 6,1&#8243; IPS LCD ekranu, triguba 16MP kamera, 128GB vidine, 6GB RAM atmintimi bei masyvios talpos (5580 mAh) baterija. Android 11 operacin\u0117 sistema su lietuvi\u0173 kalba. Juodos spalvos korpusas su oran\u017einiais akcentais.<\/p>\n<p><strong><a href=\"https:\/\/www.resolute.lt\/\">RESOLUTE.LT EL. PARDUOTUV\u0116:<\/a><\/strong><strong><br \/>\n<\/strong>\u2013 Standartinis pristatymas (apmokant banko kortele, el. bankininkyste, Paysera ar PayPal).<br \/>\n\u2013 Galimyb\u0117 atsiimti gyvai Vilniuje (kreiptis +37062296802).<br \/>\n\u2013 Tik naujos ir nei\u0161pakuotos prek\u0117s!<\/p>\n<p><strong>KOMPLEKTACIJA:<\/strong><br \/>\n1 x i\u0161manus \u012frenginys<br \/>\n1 x \u012fkroviklis (15W, US)<br \/>\n1 x USB Type-C laidas (100 cm)<br \/>\n1 x gr\u016bdinto stiklo ekrano apsauga<br \/>\n1 x SIM lizdo adat\u0117l\u0117<br \/>\n1 x naudojimosi instrukcijos<\/p>\n<p><b>PARAMETRAI:\u00a0<\/b><br \/>\nA\u0161tuoni\u0173 branduoli\u0173 Mediatek MT6771 Helio P60 (12 nm) (2x 2,0 GHz Cortex-A73 ir 4x 2,0 GHz Cortex-A53) procesorius<br \/>\nARM Mali-G72 MP3 vaizdo plok\u0161t\u0117<br \/>\nAndroid 11 operacin\u0117 sistema<br \/>\nPlay Store aplikacij\u0173 parduotuv\u0117<br \/>\nLietuvi\u0173, lenk\u0173, rus\u0173, angl\u0173 ir kt. kalbos<br \/>\n128GB vidin\u0117 atmintis<br \/>\nMicroSD atminties kortel\u0117s palaikymas: n\u0117ra<br \/>\n6GB darbin\u0117 atmintis (RAM), 1866 MHz<br \/>\nHD+ 1560 x 720 rai\u0161kos 6,1\u2033 IPS LCD ekranas (282 PPI)<br \/>\nTriguba 16 MP (plataus kampo) + 5 MP (plataus kampo) + 2 MP (makro) pagrindin\u0117 kamera, 1080p@30fps filmavimas<br \/>\n8 MP priekin\u0117 kamera, 1080p@30fps filmavimas<br \/>\n5580 mAh baterija<br \/>\nDviej\u0173 Nano-SIM korteli\u0173 palaikymas<br \/>\nWiFi, Bluetooth 4.2, GPS, NFC, FM radijo, Edge, 3G (HSPA+), 4G ry\u0161iai<br \/>\nUSB Type-C greitojo \u012fkrovimo (15W) ir duomen\u0173 perk\u0117limo lizdas<br \/>\n3,5 mm AUX (ausini\u0173) lizdas<br \/>\n\u0160oninis pir\u0161t\u0173 antspaud\u0173 sensorius<br \/>\nIP68 sertifikatas<br \/>\n<span class=\"\">I\u0161matavimai: 166 x 81.8 x 15 mm<br \/>\n<\/span>Svoris: 282 g<br \/>\n<span class=\"\">Gamybos metai: 2024<\/span><\/p>\n<p><img loading=\"lazy\" decoding=\"async\" class=\"alignleft\" style=\"-webkit-user-select: none; margin: auto; cursor: zoom-in;\" src=\"https:\/\/imgaz.staticbg.com\/images\/oaupload\/banggood\/images\/19\/AF\/5c28accd-e112-43d9-80ca-15fd8c714cde.jpg.webp\" width=\"981\" height=\"552\" \/><br \/>\n<img loading=\"lazy\" decoding=\"async\" class=\"alignleft\" style=\"-webkit-user-select: none; margin: auto; cursor: zoom-in;\" src=\"https:\/\/imgaz.staticbg.com\/images\/oaupload\/banggood\/images\/6D\/A9\/9cfc61fc-7ad3-4a97-aa7f-c11917189c0e.jpg.webp\" width=\"981\" height=\"552\" \/><br \/>\n<img loading=\"lazy\" decoding=\"async\" class=\"alignleft\" style=\"-webkit-user-select: none; margin: auto; cursor: zoom-in;\" src=\"https:\/\/imgaz.staticbg.com\/images\/oaupload\/banggood\/images\/70\/B8\/3bc4774f-5728-44b4-9fca-03ce0a21d0d6.jpg.webp\" width=\"981\" height=\"552\" \/><br \/>\n<img loading=\"lazy\" decoding=\"async\" class=\"alignleft\" style=\"-webkit-user-select: none; margin: auto; cursor: zoom-in;\" src=\"https:\/\/imgaz.staticbg.com\/images\/oaupload\/banggood\/images\/DC\/1A\/738e9060-4861-491c-a01c-9ae77b2a8a95.jpg.webp\" width=\"981\" height=\"552\" \/><br \/>\n<img loading=\"lazy\" decoding=\"async\" class=\"alignleft\" style=\"-webkit-user-select: none; margin: auto; cursor: zoom-in;\" src=\"https:\/\/imgaz.staticbg.com\/images\/oaupload\/banggood\/images\/52\/71\/2466a6cb-97bb-40b2-98e5-93cc1d891ceb.jpg.webp\" width=\"981\" height=\"552\" \/><br \/>\n<img loading=\"lazy\" decoding=\"async\" class=\"alignleft\" style=\"-webkit-user-select: none; margin: auto; cursor: zoom-in;\" src=\"https:\/\/imgaz.staticbg.com\/images\/oaupload\/banggood\/images\/6E\/FD\/91c36c1f-b676-4ce4-b927-0d9ad9c59b36.jpg.webp\" width=\"981\" height=\"552\" \/><br \/>\n<img loading=\"lazy\" decoding=\"async\" class=\"alignleft\" style=\"-webkit-user-select: none; margin: auto; cursor: zoom-in;\" src=\"https:\/\/imgaz.staticbg.com\/images\/oaupload\/banggood\/images\/A9\/9B\/a8936e5f-5650-4c3b-b623-151ca1f9ff7f.jpg.webp\" width=\"981\" height=\"552\" \/><br \/>\n<img loading=\"lazy\" decoding=\"async\" class=\"alignleft\" style=\"-webkit-user-select: none; margin: auto; cursor: zoom-in;\" src=\"https:\/\/imgaz.staticbg.com\/images\/oaupload\/banggood\/images\/98\/27\/31c294d5-6874-4210-8d9b-67a0f883fde9.jpg.webp\" width=\"981\" height=\"552\" \/><br \/>\n<img loading=\"lazy\" decoding=\"async\" class=\"alignleft\" style=\"-webkit-user-select: none; margin: auto; cursor: zoom-in;\" src=\"https:\/\/imgaz.staticbg.com\/images\/oaupload\/banggood\/images\/CB\/8E\/b21158b8-a74b-4223-93e9-536474a7e7b8.jpg.webp\" width=\"981\" height=\"552\" \/><br \/>\n<img loading=\"lazy\" decoding=\"async\" class=\"alignleft\" style=\"-webkit-user-select: none; margin: auto; cursor: zoom-in;\" src=\"https:\/\/imgaz.staticbg.com\/images\/oaupload\/banggood\/images\/5A\/09\/b07396f3-9ab6-4508-ad5d-1c5a13429c55.jpg.webp\" width=\"981\" height=\"552\" \/><br \/>\n<img loading=\"lazy\" decoding=\"async\" class=\"alignleft\" style=\"-webkit-user-select: none; margin: auto; cursor: zoom-in;\" src=\"https:\/\/imgaz.staticbg.com\/images\/oaupload\/banggood\/images\/9E\/45\/30b1bfa9-7c25-4884-9bbc-57ba8ace7408.jpg.webp\" width=\"981\" height=\"552\" \/><br \/>\n<img loading=\"lazy\" decoding=\"async\" class=\"alignleft\" style=\"-webkit-user-select: none; margin: auto; cursor: zoom-in;\" src=\"https:\/\/imgaz.staticbg.com\/images\/oaupload\/banggood\/images\/89\/77\/62683814-0daa-4d2f-835d-d562da4c64d8.jpg.webp\" width=\"981\" height=\"552\" \/><br \/>\n<img loading=\"lazy\" decoding=\"async\" class=\"alignleft\" style=\"-webkit-user-select: none; margin: auto; cursor: zoom-in;\" src=\"https:\/\/imgaz.staticbg.com\/images\/oaupload\/banggood\/images\/78\/2A\/2326d67b-293c-4179-81f5-01c37f075788.jpg.webp\" width=\"981\" height=\"552\" \/><\/p>\n","protected":false},"excerpt":{"rendered":"<p>Ulefone Armor 8 Pro \u2013 vienas pa\u017eangiausi\u0173 vandeniui ir sm\u016bgiams atspari\u0173 telefon\u0173 \u0161ioje kainos kategorijoje. I\u0161manus telefonas stebina savo dideliu ir ry\u0161kiu 6,1&#8243; IPS LCD ekranu, triguba 16MP kamera, 128GB vidine, 6GB RAM atmintimi bei masyvios talpos (5580 mAh) baterija. Android 11 operacin\u0117 sistema su lietuvi\u0173 kalba. Juodos spalvos korpusas su oran\u017einiais akcentais. RESOLUTE.LT EL. [&#8230;]\n","protected":false},"featured_media":1899,"template":"","meta":[],"product_brand":[],"product_cat":[22],"product_tag":[],"class_list":{"0":"post-1901","1":"product","2":"type-product","3":"status-publish","4":"has-post-thumbnail","6":"product_cat-ulefone-telefonai","8":"first","9":"instock","10":"sale","11":"shipping-taxable","12":"purchasable","13":"product-type-simple"},"yoast_head":"<!-- This site is optimized with the Yoast SEO plugin v27.5 - https:\/\/yoast.com\/product\/yoast-seo-wordpress\/ -->\n<title>Ulefone Armor 8 Pro \u2013 128\/6GB, Oran\u017einis - Resolute.lt<\/title>\n<meta name=\"description\" content=\"Nauji vandeniui ir sm\u016bgiams atspar\u016bs Ulefone telefonai ma\u017eiausia kaina! Greitas pristatymas, patogus atsiskaitymas, nauji telefonai pigiau!\" \/>\n<meta name=\"robots\" content=\"index, follow, max-snippet:-1, max-image-preview:large, max-video-preview:-1\" \/>\n<link rel=\"canonical\" href=\"https:\/\/resolute.lt\/index.php\/produktas\/ulefone-armor-8-pro-oranzinis\/\" \/>\n<meta property=\"og:locale\" content=\"lt_LT\" \/>\n<meta property=\"og:type\" content=\"article\" \/>\n<meta property=\"og:title\" content=\"Ulefone Armor 8 Pro \u2013 128\/6GB, Oran\u017einis - Resolute.lt\" \/>\n<meta property=\"og:description\" content=\"Nauji vandeniui ir sm\u016bgiams atspar\u016bs Ulefone telefonai ma\u017eiausia kaina! Greitas pristatymas, patogus atsiskaitymas, nauji telefonai pigiau!\" \/>\n<meta property=\"og:url\" content=\"https:\/\/resolute.lt\/index.php\/produktas\/ulefone-armor-8-pro-oranzinis\/\" \/>\n<meta property=\"og:site_name\" content=\"Resolute.lt\" \/>\n<meta property=\"article:modified_time\" content=\"2024-05-29T09:16:09+00:00\" \/>\n<meta property=\"og:image\" content=\"https:\/\/resolute.lt\/wp-content\/uploads\/2021\/07\/1-Orange-Armor-8-Pro.png\" \/>\n\t<meta property=\"og:image:width\" content=\"939\" \/>\n\t<meta property=\"og:image:height\" content=\"939\" \/>\n\t<meta property=\"og:image:type\" content=\"image\/png\" \/>\n<meta name=\"twitter:card\" content=\"summary_large_image\" \/>\n<meta name=\"twitter:label1\" content=\"Est. reading time\" \/>\n\t<meta name=\"twitter:data1\" content=\"5 minut\u0117s\" \/>\n<script type=\"application\/ld+json\" class=\"yoast-schema-graph\">{\"@context\":\"https:\\\/\\\/schema.org\",\"@graph\":[{\"@type\":\"WebPage\",\"@id\":\"https:\\\/\\\/resolute.lt\\\/index.php\\\/produktas\\\/ulefone-armor-8-pro-oranzinis\\\/\",\"url\":\"https:\\\/\\\/resolute.lt\\\/index.php\\\/produktas\\\/ulefone-armor-8-pro-oranzinis\\\/\",\"name\":\"Ulefone Armor 8 Pro \u2013 128\\\/6GB, Oran\u017einis - Resolute.lt\",\"isPartOf\":{\"@id\":\"https:\\\/\\\/resolute.lt\\\/#website\"},\"primaryImageOfPage\":{\"@id\":\"https:\\\/\\\/resolute.lt\\\/index.php\\\/produktas\\\/ulefone-armor-8-pro-oranzinis\\\/#primaryimage\"},\"image\":{\"@id\":\"https:\\\/\\\/resolute.lt\\\/index.php\\\/produktas\\\/ulefone-armor-8-pro-oranzinis\\\/#primaryimage\"},\"thumbnailUrl\":\"https:\\\/\\\/resolute.lt\\\/wp-content\\\/uploads\\\/2021\\\/07\\\/1-Orange-Armor-8-Pro.png\",\"datePublished\":\"2021-07-30T11:14:18+00:00\",\"dateModified\":\"2024-05-29T09:16:09+00:00\",\"description\":\"Nauji vandeniui ir sm\u016bgiams atspar\u016bs Ulefone telefonai ma\u017eiausia kaina! Greitas pristatymas, patogus atsiskaitymas, nauji telefonai pigiau!\",\"breadcrumb\":{\"@id\":\"https:\\\/\\\/resolute.lt\\\/index.php\\\/produktas\\\/ulefone-armor-8-pro-oranzinis\\\/#breadcrumb\"},\"inLanguage\":\"lt-LT\",\"potentialAction\":[{\"@type\":\"ReadAction\",\"target\":[\"https:\\\/\\\/resolute.lt\\\/index.php\\\/produktas\\\/ulefone-armor-8-pro-oranzinis\\\/\"]}]},{\"@type\":\"ImageObject\",\"inLanguage\":\"lt-LT\",\"@id\":\"https:\\\/\\\/resolute.lt\\\/index.php\\\/produktas\\\/ulefone-armor-8-pro-oranzinis\\\/#primaryimage\",\"url\":\"https:\\\/\\\/resolute.lt\\\/wp-content\\\/uploads\\\/2021\\\/07\\\/1-Orange-Armor-8-Pro.png\",\"contentUrl\":\"https:\\\/\\\/resolute.lt\\\/wp-content\\\/uploads\\\/2021\\\/07\\\/1-Orange-Armor-8-Pro.png\",\"width\":939,\"height\":939},{\"@type\":\"BreadcrumbList\",\"@id\":\"https:\\\/\\\/resolute.lt\\\/index.php\\\/produktas\\\/ulefone-armor-8-pro-oranzinis\\\/#breadcrumb\",\"itemListElement\":[{\"@type\":\"ListItem\",\"position\":1,\"name\":\"Home\",\"item\":\"https:\\\/\\\/resolute.lt\\\/\"},{\"@type\":\"ListItem\",\"position\":2,\"name\":\"Resolute.lt\",\"item\":\"https:\\\/\\\/resolute.lt\\\/\"},{\"@type\":\"ListItem\",\"position\":3,\"name\":\"Ulefone Armor 8 Pro \u2013 128\\\/6GB, Oran\u017einis\"}]},{\"@type\":\"WebSite\",\"@id\":\"https:\\\/\\\/resolute.lt\\\/#website\",\"url\":\"https:\\\/\\\/resolute.lt\\\/\",\"name\":\"Resolute.lt\",\"description\":\"Sm\u016bgiams ir vandeniui telefonai\",\"potentialAction\":[{\"@type\":\"SearchAction\",\"target\":{\"@type\":\"EntryPoint\",\"urlTemplate\":\"https:\\\/\\\/resolute.lt\\\/?s={search_term_string}\"},\"query-input\":{\"@type\":\"PropertyValueSpecification\",\"valueRequired\":true,\"valueName\":\"search_term_string\"}}],\"inLanguage\":\"lt-LT\"}]}<\/script>\n<!-- \/ Yoast SEO plugin. -->","yoast_head_json":{"title":"Ulefone Armor 8 Pro \u2013 128\/6GB, Oran\u017einis - Resolute.lt","description":"Nauji vandeniui ir sm\u016bgiams atspar\u016bs Ulefone telefonai ma\u017eiausia kaina! Greitas pristatymas, patogus atsiskaitymas, nauji telefonai pigiau!","robots":{"index":"index","follow":"follow","max-snippet":"max-snippet:-1","max-image-preview":"max-image-preview:large","max-video-preview":"max-video-preview:-1"},"canonical":"https:\/\/resolute.lt\/index.php\/produktas\/ulefone-armor-8-pro-oranzinis\/","og_locale":"lt_LT","og_type":"article","og_title":"Ulefone Armor 8 Pro \u2013 128\/6GB, Oran\u017einis - Resolute.lt","og_description":"Nauji vandeniui ir sm\u016bgiams atspar\u016bs Ulefone telefonai ma\u017eiausia kaina! Greitas pristatymas, patogus atsiskaitymas, nauji telefonai pigiau!","og_url":"https:\/\/resolute.lt\/index.php\/produktas\/ulefone-armor-8-pro-oranzinis\/","og_site_name":"Resolute.lt","article_modified_time":"2024-05-29T09:16:09+00:00","og_image":[{"width":939,"height":939,"url":"https:\/\/resolute.lt\/wp-content\/uploads\/2021\/07\/1-Orange-Armor-8-Pro.png","type":"image\/png"}],"twitter_card":"summary_large_image","twitter_misc":{"Est. reading time":"5 minut\u0117s"},"schema":{"@context":"https:\/\/schema.org","@graph":[{"@type":"WebPage","@id":"https:\/\/resolute.lt\/index.php\/produktas\/ulefone-armor-8-pro-oranzinis\/","url":"https:\/\/resolute.lt\/index.php\/produktas\/ulefone-armor-8-pro-oranzinis\/","name":"Ulefone Armor 8 Pro \u2013 128\/6GB, Oran\u017einis - Resolute.lt","isPartOf":{"@id":"https:\/\/resolute.lt\/#website"},"primaryImageOfPage":{"@id":"https:\/\/resolute.lt\/index.php\/produktas\/ulefone-armor-8-pro-oranzinis\/#primaryimage"},"image":{"@id":"https:\/\/resolute.lt\/index.php\/produktas\/ulefone-armor-8-pro-oranzinis\/#primaryimage"},"thumbnailUrl":"https:\/\/resolute.lt\/wp-content\/uploads\/2021\/07\/1-Orange-Armor-8-Pro.png","datePublished":"2021-07-30T11:14:18+00:00","dateModified":"2024-05-29T09:16:09+00:00","description":"Nauji vandeniui ir sm\u016bgiams atspar\u016bs Ulefone telefonai ma\u017eiausia kaina! Greitas pristatymas, patogus atsiskaitymas, nauji telefonai pigiau!","breadcrumb":{"@id":"https:\/\/resolute.lt\/index.php\/produktas\/ulefone-armor-8-pro-oranzinis\/#breadcrumb"},"inLanguage":"lt-LT","potentialAction":[{"@type":"ReadAction","target":["https:\/\/resolute.lt\/index.php\/produktas\/ulefone-armor-8-pro-oranzinis\/"]}]},{"@type":"ImageObject","inLanguage":"lt-LT","@id":"https:\/\/resolute.lt\/index.php\/produktas\/ulefone-armor-8-pro-oranzinis\/#primaryimage","url":"https:\/\/resolute.lt\/wp-content\/uploads\/2021\/07\/1-Orange-Armor-8-Pro.png","contentUrl":"https:\/\/resolute.lt\/wp-content\/uploads\/2021\/07\/1-Orange-Armor-8-Pro.png","width":939,"height":939},{"@type":"BreadcrumbList","@id":"https:\/\/resolute.lt\/index.php\/produktas\/ulefone-armor-8-pro-oranzinis\/#breadcrumb","itemListElement":[{"@type":"ListItem","position":1,"name":"Home","item":"https:\/\/resolute.lt\/"},{"@type":"ListItem","position":2,"name":"Resolute.lt","item":"https:\/\/resolute.lt\/"},{"@type":"ListItem","position":3,"name":"Ulefone Armor 8 Pro \u2013 128\/6GB, Oran\u017einis"}]},{"@type":"WebSite","@id":"https:\/\/resolute.lt\/#website","url":"https:\/\/resolute.lt\/","name":"Resolute.lt","description":"Sm\u016bgiams ir vandeniui telefonai","potentialAction":[{"@type":"SearchAction","target":{"@type":"EntryPoint","urlTemplate":"https:\/\/resolute.lt\/?s={search_term_string}"},"query-input":{"@type":"PropertyValueSpecification","valueRequired":true,"valueName":"search_term_string"}}],"inLanguage":"lt-LT"}]}},"_links":{"self":[{"href":"https:\/\/resolute.lt\/index.php\/wp-json\/wp\/v2\/product\/1901","targetHints":{"allow":["GET"]}}],"collection":[{"href":"https:\/\/resolute.lt\/index.php\/wp-json\/wp\/v2\/product"}],"about":[{"href":"https:\/\/resolute.lt\/index.php\/wp-json\/wp\/v2\/types\/product"}],"wp:featuredmedia":[{"embeddable":true,"href":"https:\/\/resolute.lt\/index.php\/wp-json\/wp\/v2\/media\/1899"}],"wp:attachment":[{"href":"https:\/\/resolute.lt\/index.php\/wp-json\/wp\/v2\/media?parent=1901"}],"wp:term":[{"taxonomy":"product_brand","embeddable":true,"href":"https:\/\/resolute.lt\/index.php\/wp-json\/wp\/v2\/product_brand?post=1901"},{"taxonomy":"product_cat","embeddable":true,"href":"https:\/\/resolute.lt\/index.php\/wp-json\/wp\/v2\/product_cat?post=1901"},{"taxonomy":"product_tag","embeddable":true,"href":"https:\/\/resolute.lt\/index.php\/wp-json\/wp\/v2\/product_tag?post=1901"}],"curies":[{"name":"wp","href":"https:\/\/api.w.org\/{rel}","templated":true}]}}