{"id":1733,"date":"2021-07-21T12:36:12","date_gmt":"2021-07-21T12:36:12","guid":{"rendered":"https:\/\/resolute.lt\/?post_type=product&#038;p=1733"},"modified":"2025-02-20T19:10:21","modified_gmt":"2025-02-20T19:10:21","slug":"ulefone-armor-10-5g-atverciamas-deklas-knygute","status":"publish","type":"product","link":"https:\/\/resolute.lt\/index.php\/produktas\/ulefone-armor-10-5g-atverciamas-deklas-knygute\/","title":{"rendered":"Ulefone Armor 10 5G atver\u010diamas d\u0117klas &#8211; knygut\u0117"},"content":{"rendered":"<p>Atver\u010diamas, knygut\u0117s dizaino d\u0117klas <strong>Ulefone Armor 10 5G<\/strong> telefonui. Skyreliai kortel\u0117ms laikyti. D\u0117klas pagamintas i\u0161 kokybi\u0161k\u0173 med\u017eiag\u0173 &#8211; dirbtin\u0117s odos i\u0161or\u0117je ir sm\u016bgiams atsparios TPU med\u017eiagos viduje. Rudos, juodos bei tamsiai m\u0117lynos spalv\u0173 pasirinkimas.<\/p>\n<p><span lang=\"lt\"><strong><a href=\"https:\/\/www.resolute.lt\/\">RESOLUTE.LT EL. PARDUOTUV\u0116:<\/a><br \/>\n<\/strong>\u2013 Standartinis pristatymas (apmokant banko kortele, el. bankininkyste, Paysera ar Paypal).<\/span><\/p>\n","protected":false},"excerpt":{"rendered":"<p>Atver\u010diamas, knygut\u0117s dizaino d\u0117klas Ulefone Armor 10 5G telefonui. Skyreliai kortel\u0117ms laikyti. D\u0117klas pagamintas i\u0161 kokybi\u0161k\u0173 med\u017eiag\u0173 &#8211; dirbtin\u0117s odos i\u0161or\u0117je ir sm\u016bgiams atsparios TPU med\u017eiagos viduje. Rudos, juodos bei tamsiai m\u0117lynos spalv\u0173 pasirinkimas. RESOLUTE.LT EL. PARDUOTUV\u0116: \u2013 Standartinis pristatymas (apmokant banko kortele, el. bankininkyste, Paysera ar Paypal).<\/p>\n","protected":false},"featured_media":1738,"template":"","meta":[],"product_brand":[],"product_cat":[27],"product_tag":[],"class_list":{"0":"post-1733","1":"product","2":"type-product","3":"status-publish","4":"has-post-thumbnail","6":"product_cat-deklai","8":"first","9":"instock","10":"shipping-taxable","11":"purchasable","12":"product-type-variable","13":"has-default-attributes"},"yoast_head":"<!-- This site is optimized with the Yoast SEO plugin v27.5 - https:\/\/yoast.com\/product\/yoast-seo-wordpress\/ -->\n<title>Ulefone Armor 10 5G atver\u010diamas d\u0117klas - knygut\u0117 - Resolute.lt<\/title>\n<meta name=\"description\" content=\"Ulefone telefon\u0173 priedai \u017eemiausia kaina! Greitas pristatymas, patogus atsiskaitymas, autenti\u0161kumo garantas!\" \/>\n<meta name=\"robots\" content=\"index, follow, max-snippet:-1, max-image-preview:large, max-video-preview:-1\" \/>\n<link rel=\"canonical\" href=\"https:\/\/resolute.lt\/index.php\/produktas\/ulefone-armor-10-5g-atverciamas-deklas-knygute\/\" \/>\n<meta property=\"og:locale\" content=\"lt_LT\" \/>\n<meta property=\"og:type\" content=\"article\" \/>\n<meta property=\"og:title\" content=\"Ulefone Armor 10 5G atver\u010diamas d\u0117klas - knygut\u0117 - Resolute.lt\" \/>\n<meta property=\"og:description\" content=\"Ulefone telefon\u0173 priedai \u017eemiausia kaina! Greitas pristatymas, patogus atsiskaitymas, autenti\u0161kumo garantas!\" \/>\n<meta property=\"og:url\" content=\"https:\/\/resolute.lt\/index.php\/produktas\/ulefone-armor-10-5g-atverciamas-deklas-knygute\/\" \/>\n<meta property=\"og:site_name\" content=\"Resolute.lt\" \/>\n<meta property=\"article:modified_time\" content=\"2025-02-20T19:10:21+00:00\" \/>\n<meta property=\"og:image\" content=\"https:\/\/resolute.lt\/wp-content\/uploads\/2021\/07\/3-1.png\" \/>\n\t<meta property=\"og:image:width\" content=\"936\" \/>\n\t<meta property=\"og:image:height\" content=\"937\" \/>\n\t<meta property=\"og:image:type\" content=\"image\/png\" \/>\n<meta name=\"twitter:card\" content=\"summary_large_image\" \/>\n<meta name=\"twitter:label1\" content=\"Est. reading time\" \/>\n\t<meta name=\"twitter:data1\" content=\"1 minut\u0117\" \/>\n<script type=\"application\/ld+json\" class=\"yoast-schema-graph\">{\"@context\":\"https:\\\/\\\/schema.org\",\"@graph\":[{\"@type\":\"WebPage\",\"@id\":\"https:\\\/\\\/resolute.lt\\\/index.php\\\/produktas\\\/ulefone-armor-10-5g-atverciamas-deklas-knygute\\\/\",\"url\":\"https:\\\/\\\/resolute.lt\\\/index.php\\\/produktas\\\/ulefone-armor-10-5g-atverciamas-deklas-knygute\\\/\",\"name\":\"Ulefone Armor 10 5G atver\u010diamas d\u0117klas - knygut\u0117 - Resolute.lt\",\"isPartOf\":{\"@id\":\"https:\\\/\\\/resolute.lt\\\/#website\"},\"primaryImageOfPage\":{\"@id\":\"https:\\\/\\\/resolute.lt\\\/index.php\\\/produktas\\\/ulefone-armor-10-5g-atverciamas-deklas-knygute\\\/#primaryimage\"},\"image\":{\"@id\":\"https:\\\/\\\/resolute.lt\\\/index.php\\\/produktas\\\/ulefone-armor-10-5g-atverciamas-deklas-knygute\\\/#primaryimage\"},\"thumbnailUrl\":\"https:\\\/\\\/resolute.lt\\\/wp-content\\\/uploads\\\/2021\\\/07\\\/3-1.png\",\"datePublished\":\"2021-07-21T12:36:12+00:00\",\"dateModified\":\"2025-02-20T19:10:21+00:00\",\"description\":\"Ulefone telefon\u0173 priedai \u017eemiausia kaina! Greitas pristatymas, patogus atsiskaitymas, autenti\u0161kumo garantas!\",\"breadcrumb\":{\"@id\":\"https:\\\/\\\/resolute.lt\\\/index.php\\\/produktas\\\/ulefone-armor-10-5g-atverciamas-deklas-knygute\\\/#breadcrumb\"},\"inLanguage\":\"lt-LT\",\"potentialAction\":[{\"@type\":\"ReadAction\",\"target\":[\"https:\\\/\\\/resolute.lt\\\/index.php\\\/produktas\\\/ulefone-armor-10-5g-atverciamas-deklas-knygute\\\/\"]}]},{\"@type\":\"ImageObject\",\"inLanguage\":\"lt-LT\",\"@id\":\"https:\\\/\\\/resolute.lt\\\/index.php\\\/produktas\\\/ulefone-armor-10-5g-atverciamas-deklas-knygute\\\/#primaryimage\",\"url\":\"https:\\\/\\\/resolute.lt\\\/wp-content\\\/uploads\\\/2021\\\/07\\\/3-1.png\",\"contentUrl\":\"https:\\\/\\\/resolute.lt\\\/wp-content\\\/uploads\\\/2021\\\/07\\\/3-1.png\",\"width\":936,\"height\":937},{\"@type\":\"BreadcrumbList\",\"@id\":\"https:\\\/\\\/resolute.lt\\\/index.php\\\/produktas\\\/ulefone-armor-10-5g-atverciamas-deklas-knygute\\\/#breadcrumb\",\"itemListElement\":[{\"@type\":\"ListItem\",\"position\":1,\"name\":\"Home\",\"item\":\"https:\\\/\\\/resolute.lt\\\/\"},{\"@type\":\"ListItem\",\"position\":2,\"name\":\"Resolute.lt\",\"item\":\"https:\\\/\\\/resolute.lt\\\/\"},{\"@type\":\"ListItem\",\"position\":3,\"name\":\"Ulefone Armor 10 5G atver\u010diamas d\u0117klas &#8211; knygut\u0117\"}]},{\"@type\":\"WebSite\",\"@id\":\"https:\\\/\\\/resolute.lt\\\/#website\",\"url\":\"https:\\\/\\\/resolute.lt\\\/\",\"name\":\"Resolute.lt\",\"description\":\"Sm\u016bgiams ir vandeniui telefonai\",\"potentialAction\":[{\"@type\":\"SearchAction\",\"target\":{\"@type\":\"EntryPoint\",\"urlTemplate\":\"https:\\\/\\\/resolute.lt\\\/?s={search_term_string}\"},\"query-input\":{\"@type\":\"PropertyValueSpecification\",\"valueRequired\":true,\"valueName\":\"search_term_string\"}}],\"inLanguage\":\"lt-LT\"}]}<\/script>\n<!-- \/ Yoast SEO plugin. -->","yoast_head_json":{"title":"Ulefone Armor 10 5G atver\u010diamas d\u0117klas - knygut\u0117 - Resolute.lt","description":"Ulefone telefon\u0173 priedai \u017eemiausia kaina! Greitas pristatymas, patogus atsiskaitymas, autenti\u0161kumo garantas!","robots":{"index":"index","follow":"follow","max-snippet":"max-snippet:-1","max-image-preview":"max-image-preview:large","max-video-preview":"max-video-preview:-1"},"canonical":"https:\/\/resolute.lt\/index.php\/produktas\/ulefone-armor-10-5g-atverciamas-deklas-knygute\/","og_locale":"lt_LT","og_type":"article","og_title":"Ulefone Armor 10 5G atver\u010diamas d\u0117klas - knygut\u0117 - Resolute.lt","og_description":"Ulefone telefon\u0173 priedai \u017eemiausia kaina! Greitas pristatymas, patogus atsiskaitymas, autenti\u0161kumo garantas!","og_url":"https:\/\/resolute.lt\/index.php\/produktas\/ulefone-armor-10-5g-atverciamas-deklas-knygute\/","og_site_name":"Resolute.lt","article_modified_time":"2025-02-20T19:10:21+00:00","og_image":[{"width":936,"height":937,"url":"https:\/\/resolute.lt\/wp-content\/uploads\/2021\/07\/3-1.png","type":"image\/png"}],"twitter_card":"summary_large_image","twitter_misc":{"Est. reading time":"1 minut\u0117"},"schema":{"@context":"https:\/\/schema.org","@graph":[{"@type":"WebPage","@id":"https:\/\/resolute.lt\/index.php\/produktas\/ulefone-armor-10-5g-atverciamas-deklas-knygute\/","url":"https:\/\/resolute.lt\/index.php\/produktas\/ulefone-armor-10-5g-atverciamas-deklas-knygute\/","name":"Ulefone Armor 10 5G atver\u010diamas d\u0117klas - knygut\u0117 - Resolute.lt","isPartOf":{"@id":"https:\/\/resolute.lt\/#website"},"primaryImageOfPage":{"@id":"https:\/\/resolute.lt\/index.php\/produktas\/ulefone-armor-10-5g-atverciamas-deklas-knygute\/#primaryimage"},"image":{"@id":"https:\/\/resolute.lt\/index.php\/produktas\/ulefone-armor-10-5g-atverciamas-deklas-knygute\/#primaryimage"},"thumbnailUrl":"https:\/\/resolute.lt\/wp-content\/uploads\/2021\/07\/3-1.png","datePublished":"2021-07-21T12:36:12+00:00","dateModified":"2025-02-20T19:10:21+00:00","description":"Ulefone telefon\u0173 priedai \u017eemiausia kaina! Greitas pristatymas, patogus atsiskaitymas, autenti\u0161kumo garantas!","breadcrumb":{"@id":"https:\/\/resolute.lt\/index.php\/produktas\/ulefone-armor-10-5g-atverciamas-deklas-knygute\/#breadcrumb"},"inLanguage":"lt-LT","potentialAction":[{"@type":"ReadAction","target":["https:\/\/resolute.lt\/index.php\/produktas\/ulefone-armor-10-5g-atverciamas-deklas-knygute\/"]}]},{"@type":"ImageObject","inLanguage":"lt-LT","@id":"https:\/\/resolute.lt\/index.php\/produktas\/ulefone-armor-10-5g-atverciamas-deklas-knygute\/#primaryimage","url":"https:\/\/resolute.lt\/wp-content\/uploads\/2021\/07\/3-1.png","contentUrl":"https:\/\/resolute.lt\/wp-content\/uploads\/2021\/07\/3-1.png","width":936,"height":937},{"@type":"BreadcrumbList","@id":"https:\/\/resolute.lt\/index.php\/produktas\/ulefone-armor-10-5g-atverciamas-deklas-knygute\/#breadcrumb","itemListElement":[{"@type":"ListItem","position":1,"name":"Home","item":"https:\/\/resolute.lt\/"},{"@type":"ListItem","position":2,"name":"Resolute.lt","item":"https:\/\/resolute.lt\/"},{"@type":"ListItem","position":3,"name":"Ulefone Armor 10 5G atver\u010diamas d\u0117klas &#8211; knygut\u0117"}]},{"@type":"WebSite","@id":"https:\/\/resolute.lt\/#website","url":"https:\/\/resolute.lt\/","name":"Resolute.lt","description":"Sm\u016bgiams ir vandeniui telefonai","potentialAction":[{"@type":"SearchAction","target":{"@type":"EntryPoint","urlTemplate":"https:\/\/resolute.lt\/?s={search_term_string}"},"query-input":{"@type":"PropertyValueSpecification","valueRequired":true,"valueName":"search_term_string"}}],"inLanguage":"lt-LT"}]}},"_links":{"self":[{"href":"https:\/\/resolute.lt\/index.php\/wp-json\/wp\/v2\/product\/1733","targetHints":{"allow":["GET"]}}],"collection":[{"href":"https:\/\/resolute.lt\/index.php\/wp-json\/wp\/v2\/product"}],"about":[{"href":"https:\/\/resolute.lt\/index.php\/wp-json\/wp\/v2\/types\/product"}],"wp:featuredmedia":[{"embeddable":true,"href":"https:\/\/resolute.lt\/index.php\/wp-json\/wp\/v2\/media\/1738"}],"wp:attachment":[{"href":"https:\/\/resolute.lt\/index.php\/wp-json\/wp\/v2\/media?parent=1733"}],"wp:term":[{"taxonomy":"product_brand","embeddable":true,"href":"https:\/\/resolute.lt\/index.php\/wp-json\/wp\/v2\/product_brand?post=1733"},{"taxonomy":"product_cat","embeddable":true,"href":"https:\/\/resolute.lt\/index.php\/wp-json\/wp\/v2\/product_cat?post=1733"},{"taxonomy":"product_tag","embeddable":true,"href":"https:\/\/resolute.lt\/index.php\/wp-json\/wp\/v2\/product_tag?post=1733"}],"curies":[{"name":"wp","href":"https:\/\/api.w.org\/{rel}","templated":true}]}}