{"id":1700,"date":"2021-07-14T08:07:36","date_gmt":"2021-07-14T08:07:36","guid":{"rendered":"https:\/\/resolute.lt\/?post_type=product&#038;p=1700"},"modified":"2024-01-25T20:14:42","modified_gmt":"2024-01-25T20:14:42","slug":"zeblaze-btalk","status":"publish","type":"product","link":"https:\/\/resolute.lt\/index.php\/produktas\/zeblaze-btalk\/","title":{"rendered":"Zeblaze Btalk i\u0161manus laikrodis"},"content":{"rendered":"<p><strong>Zeblaze Btalk <\/strong>&#8211; ypatingo kainos ir kokyb\u0117s santykio i\u0161manus laikrodis, pasi\u017eymintis vertomis d\u0117mesio savyb\u0117mis: atsparumas vandeniui (IP68), \u017eingsniamatis, Bluetooth 5.0, \u0161irdies ritmo matuoklis, miego kokyb\u0117s matuoklis, chronometras, skambu\u010di\u0173 valdymas, kameros valdymas, muzikos valdymas, prane\u0161imai, priminimai ir kt..<\/p>\n<p><strong><a href=\"https:\/\/www.resolute.lt\/\">RESOLUTE.LT EL. PARDUOTUV\u0116:<\/a><\/strong><strong><br \/>\n<\/strong>\u2013<strong>\u00a05-7 d.d. pristatymas\u00a0<\/strong>(apmokant banko kortele, el. bankininkyste, Paysera ar PayPal).<br \/>\n\u2013 Tik naujos ir nei\u0161pakuotos prek\u0117s!<\/p>\n<p><strong>KOMPLEKTACIJA:<br \/>\n<\/strong>1 x i\u0161manusis laikrodis<br \/>\n1 x \u012fkrovimo laidas<br \/>\n1 x naudojimosi instrukcijos<\/p>\n<p><strong>PARAMETRAI:<br \/>\n<\/strong>IP68 sertifikatas (atsparumas vandeniui ir dulk\u0117ms)<br \/>\nEkranas: lietimui jautrus, 1,86&#8243;, TFT, 300 x 240 rai\u0161kos<br \/>\nBaterijos talpa: 300 mAh<br \/>\nBaterijos tarnavimas: apie 15 dien\u0173 \u012fprasto naudojimo re\u017eimu<br \/>\n\u012ekrovimo laikas: apie 1,5 valandos<br \/>\n\u012ekrovimo tipas: magnetinis<br \/>\nSuderinamumas: Android 5.0 ir naujesn\u0117s; iOS 9.0 ir naujesn\u0117s<br \/>\nKalbos: angl\u0173, rus\u0173, ispan\u0173, vokie\u010di\u0173, pranc\u016bz\u0173 ir kt.<br \/>\nBluetooth versija: 5.0<br \/>\nDarbin\u0117 temperat\u016bra: -20 \u00b0C &#8211; 45 \u00b0C<br \/>\nI\u0161matavimai: 47 mm x 39 mm x 11 mm<br \/>\nSvoris (be apyrank\u0117s): 35,4 g<br \/>\nSvoris: 50,4 g<\/p>\n<p><img decoding=\"async\" class=\"bg_lazy\" title=\"Zeblaze Btalk 1.86 inch HD Full touch Screen Voice Calling 24h Heart Rate SpO2 Monitor 100+ Watch Faces IP68 Waterproof BT5.0 Smart Watch\" src=\"https:\/\/imgaz.staticbg.com\/images\/oaupload\/banggood\/images\/37\/67\/30767a1f-6760-4688-a91d-cb8ae14550fc.jpg.webp\" data-original=\"https:\/\/imgaz.staticbg.com\/images\/oaupload\/banggood\/images\/37\/67\/30767a1f-6760-4688-a91d-cb8ae14550fc.jpg\" \/><\/p>\n<p><img decoding=\"async\" class=\"bg_lazy\" title=\"Zeblaze Btalk 1.86 inch HD Full touch Screen Voice Calling 24h Heart Rate SpO2 Monitor 100+ Watch Faces IP68 Waterproof BT5.0 Smart Watch\" src=\"https:\/\/imgaz.staticbg.com\/images\/oaupload\/banggood\/images\/D3\/19\/a6159120-9791-4bb9-ab1a-c194e8ea85b4.jpg.webp\" data-original=\"https:\/\/imgaz.staticbg.com\/images\/oaupload\/banggood\/images\/D3\/19\/a6159120-9791-4bb9-ab1a-c194e8ea85b4.jpg\" \/><\/p>\n<p><img decoding=\"async\" class=\"bg_lazy\" title=\"Zeblaze Btalk 1.86 inch HD Full touch Screen Voice Calling 24h Heart Rate SpO2 Monitor 100+ Watch Faces IP68 Waterproof BT5.0 Smart Watch\" src=\"https:\/\/imgaz.staticbg.com\/images\/oaupload\/banggood\/images\/2B\/58\/bf3971b3-28e0-4943-bc92-6408d0357a7e.jpg.webp\" data-original=\"https:\/\/imgaz.staticbg.com\/images\/oaupload\/banggood\/images\/2B\/58\/bf3971b3-28e0-4943-bc92-6408d0357a7e.jpg\" \/><\/p>\n<p><img decoding=\"async\" class=\"bg_lazy\" title=\"Zeblaze Btalk 1.86 inch HD Full touch Screen Voice Calling 24h Heart Rate SpO2 Monitor 100+ Watch Faces IP68 Waterproof BT5.0 Smart Watch\" src=\"https:\/\/imgaz.staticbg.com\/images\/oaupload\/banggood\/images\/12\/5C\/066db366-e6be-4ee6-80b6-b3d2c3733547.jpg.webp\" data-original=\"https:\/\/imgaz.staticbg.com\/images\/oaupload\/banggood\/images\/12\/5C\/066db366-e6be-4ee6-80b6-b3d2c3733547.jpg\" \/><\/p>\n<p><img decoding=\"async\" class=\"bg_lazy\" title=\"Zeblaze Btalk 1.86 inch HD Full touch Screen Voice Calling 24h Heart Rate SpO2 Monitor 100+ Watch Faces IP68 Waterproof BT5.0 Smart Watch\" src=\"https:\/\/imgaz.staticbg.com\/images\/oaupload\/banggood\/images\/73\/A7\/7cc5fc71-d041-4eeb-a4dc-a1f1cfb229ec.jpg.webp\" data-original=\"https:\/\/imgaz.staticbg.com\/images\/oaupload\/banggood\/images\/73\/A7\/7cc5fc71-d041-4eeb-a4dc-a1f1cfb229ec.jpg\" \/><\/p>\n<p><img decoding=\"async\" class=\"bg_lazy\" title=\"Zeblaze Btalk 1.86 inch HD Full touch Screen Voice Calling 24h Heart Rate SpO2 Monitor 100+ Watch Faces IP68 Waterproof BT5.0 Smart Watch\" src=\"https:\/\/imgaz.staticbg.com\/images\/oaupload\/banggood\/images\/7E\/F7\/ed1ef3a2-399d-4006-a67a-e0f6acf2613c.jpg.webp\" data-original=\"https:\/\/imgaz.staticbg.com\/images\/oaupload\/banggood\/images\/7E\/F7\/ed1ef3a2-399d-4006-a67a-e0f6acf2613c.jpg\" \/><\/p>\n<p><img decoding=\"async\" class=\"bg_lazy\" title=\"Zeblaze Btalk 1.86 inch HD Full touch Screen Voice Calling 24h Heart Rate SpO2 Monitor 100+ Watch Faces IP68 Waterproof BT5.0 Smart Watch\" src=\"https:\/\/imgaz.staticbg.com\/images\/oaupload\/banggood\/images\/CC\/60\/c04fab70-8c65-4d45-8b3f-0b4074dcb0b1.jpg.webp\" data-original=\"https:\/\/imgaz.staticbg.com\/images\/oaupload\/banggood\/images\/CC\/60\/c04fab70-8c65-4d45-8b3f-0b4074dcb0b1.jpg\" \/><\/p>\n","protected":false},"excerpt":{"rendered":"<p>Zeblaze Btalk &#8211; ypatingo kainos ir kokyb\u0117s santykio i\u0161manus laikrodis, pasi\u017eymintis vertomis d\u0117mesio savyb\u0117mis: atsparumas vandeniui (IP68), \u017eingsniamatis, Bluetooth 5.0, \u0161irdies ritmo matuoklis, miego kokyb\u0117s matuoklis, chronometras, skambu\u010di\u0173 valdymas, kameros valdymas, muzikos valdymas, prane\u0161imai, priminimai ir kt.. RESOLUTE.LT EL. PARDUOTUV\u0116: \u2013\u00a05-7 d.d. pristatymas\u00a0(apmokant banko kortele, el. bankininkyste, Paysera ar PayPal). \u2013 Tik naujos ir nei\u0161pakuotos [&#8230;]\n","protected":false},"featured_media":3139,"template":"","meta":[],"product_brand":[],"product_cat":[52],"product_tag":[],"class_list":{"0":"post-1700","1":"product","2":"type-product","3":"status-publish","4":"has-post-thumbnail","6":"product_cat-ismanieji-laikrodziai","8":"first","9":"instock","10":"sale","11":"shipping-taxable","12":"purchasable","13":"product-type-variable"},"yoast_head":"<!-- This site is optimized with the Yoast SEO plugin v27.4 - https:\/\/yoast.com\/product\/yoast-seo-wordpress\/ -->\n<title>Zeblaze Btalk i\u0161manus laikrodis - Resolute.lt<\/title>\n<meta name=\"description\" content=\"Nauji Zeblaze i\u0161manieji laikrod\u017eiai ma\u017eiausia kaina! Greitas pristatymas, patogus atsiskaitymas, nauji produktai pigiau!\" \/>\n<meta name=\"robots\" content=\"index, follow, max-snippet:-1, max-image-preview:large, max-video-preview:-1\" \/>\n<link rel=\"canonical\" href=\"https:\/\/resolute.lt\/index.php\/produktas\/zeblaze-btalk\/\" \/>\n<meta property=\"og:locale\" content=\"lt_LT\" \/>\n<meta property=\"og:type\" content=\"article\" \/>\n<meta property=\"og:title\" content=\"Zeblaze Btalk i\u0161manus laikrodis - Resolute.lt\" \/>\n<meta property=\"og:description\" content=\"Nauji Zeblaze i\u0161manieji laikrod\u017eiai ma\u017eiausia kaina! Greitas pristatymas, patogus atsiskaitymas, nauji produktai pigiau!\" \/>\n<meta property=\"og:url\" content=\"https:\/\/resolute.lt\/index.php\/produktas\/zeblaze-btalk\/\" \/>\n<meta property=\"og:site_name\" content=\"Resolute.lt\" \/>\n<meta property=\"article:modified_time\" content=\"2024-01-25T20:14:42+00:00\" \/>\n<meta property=\"og:image\" content=\"https:\/\/resolute.lt\/wp-content\/uploads\/2021\/07\/1-Zeblaze-Btalk-Ismanus-laikrodis-Juodas.jpg\" \/>\n\t<meta property=\"og:image:width\" content=\"947\" \/>\n\t<meta property=\"og:image:height\" content=\"948\" \/>\n\t<meta property=\"og:image:type\" content=\"image\/jpeg\" \/>\n<meta name=\"twitter:card\" content=\"summary_large_image\" \/>\n<meta name=\"twitter:label1\" content=\"Est. reading time\" \/>\n\t<meta name=\"twitter:data1\" content=\"3 minut\u0117s\" \/>\n<script type=\"application\/ld+json\" class=\"yoast-schema-graph\">{\"@context\":\"https:\\\/\\\/schema.org\",\"@graph\":[{\"@type\":\"WebPage\",\"@id\":\"https:\\\/\\\/resolute.lt\\\/index.php\\\/produktas\\\/zeblaze-btalk\\\/\",\"url\":\"https:\\\/\\\/resolute.lt\\\/index.php\\\/produktas\\\/zeblaze-btalk\\\/\",\"name\":\"Zeblaze Btalk i\u0161manus laikrodis - Resolute.lt\",\"isPartOf\":{\"@id\":\"https:\\\/\\\/resolute.lt\\\/#website\"},\"primaryImageOfPage\":{\"@id\":\"https:\\\/\\\/resolute.lt\\\/index.php\\\/produktas\\\/zeblaze-btalk\\\/#primaryimage\"},\"image\":{\"@id\":\"https:\\\/\\\/resolute.lt\\\/index.php\\\/produktas\\\/zeblaze-btalk\\\/#primaryimage\"},\"thumbnailUrl\":\"https:\\\/\\\/resolute.lt\\\/wp-content\\\/uploads\\\/2021\\\/07\\\/1-Zeblaze-Btalk-Ismanus-laikrodis-Juodas.jpg\",\"datePublished\":\"2021-07-14T08:07:36+00:00\",\"dateModified\":\"2024-01-25T20:14:42+00:00\",\"description\":\"Nauji Zeblaze i\u0161manieji laikrod\u017eiai ma\u017eiausia kaina! Greitas pristatymas, patogus atsiskaitymas, nauji produktai pigiau!\",\"breadcrumb\":{\"@id\":\"https:\\\/\\\/resolute.lt\\\/index.php\\\/produktas\\\/zeblaze-btalk\\\/#breadcrumb\"},\"inLanguage\":\"lt-LT\",\"potentialAction\":[{\"@type\":\"ReadAction\",\"target\":[\"https:\\\/\\\/resolute.lt\\\/index.php\\\/produktas\\\/zeblaze-btalk\\\/\"]}]},{\"@type\":\"ImageObject\",\"inLanguage\":\"lt-LT\",\"@id\":\"https:\\\/\\\/resolute.lt\\\/index.php\\\/produktas\\\/zeblaze-btalk\\\/#primaryimage\",\"url\":\"https:\\\/\\\/resolute.lt\\\/wp-content\\\/uploads\\\/2021\\\/07\\\/1-Zeblaze-Btalk-Ismanus-laikrodis-Juodas.jpg\",\"contentUrl\":\"https:\\\/\\\/resolute.lt\\\/wp-content\\\/uploads\\\/2021\\\/07\\\/1-Zeblaze-Btalk-Ismanus-laikrodis-Juodas.jpg\",\"width\":947,\"height\":948},{\"@type\":\"BreadcrumbList\",\"@id\":\"https:\\\/\\\/resolute.lt\\\/index.php\\\/produktas\\\/zeblaze-btalk\\\/#breadcrumb\",\"itemListElement\":[{\"@type\":\"ListItem\",\"position\":1,\"name\":\"Home\",\"item\":\"https:\\\/\\\/resolute.lt\\\/\"},{\"@type\":\"ListItem\",\"position\":2,\"name\":\"Resolute.lt\",\"item\":\"https:\\\/\\\/resolute.lt\\\/\"},{\"@type\":\"ListItem\",\"position\":3,\"name\":\"Zeblaze Btalk i\u0161manus laikrodis\"}]},{\"@type\":\"WebSite\",\"@id\":\"https:\\\/\\\/resolute.lt\\\/#website\",\"url\":\"https:\\\/\\\/resolute.lt\\\/\",\"name\":\"Resolute.lt\",\"description\":\"Sm\u016bgiams ir vandeniui telefonai\",\"potentialAction\":[{\"@type\":\"SearchAction\",\"target\":{\"@type\":\"EntryPoint\",\"urlTemplate\":\"https:\\\/\\\/resolute.lt\\\/?s={search_term_string}\"},\"query-input\":{\"@type\":\"PropertyValueSpecification\",\"valueRequired\":true,\"valueName\":\"search_term_string\"}}],\"inLanguage\":\"lt-LT\"}]}<\/script>\n<!-- \/ Yoast SEO plugin. -->","yoast_head_json":{"title":"Zeblaze Btalk i\u0161manus laikrodis - Resolute.lt","description":"Nauji Zeblaze i\u0161manieji laikrod\u017eiai ma\u017eiausia kaina! Greitas pristatymas, patogus atsiskaitymas, nauji produktai pigiau!","robots":{"index":"index","follow":"follow","max-snippet":"max-snippet:-1","max-image-preview":"max-image-preview:large","max-video-preview":"max-video-preview:-1"},"canonical":"https:\/\/resolute.lt\/index.php\/produktas\/zeblaze-btalk\/","og_locale":"lt_LT","og_type":"article","og_title":"Zeblaze Btalk i\u0161manus laikrodis - Resolute.lt","og_description":"Nauji Zeblaze i\u0161manieji laikrod\u017eiai ma\u017eiausia kaina! Greitas pristatymas, patogus atsiskaitymas, nauji produktai pigiau!","og_url":"https:\/\/resolute.lt\/index.php\/produktas\/zeblaze-btalk\/","og_site_name":"Resolute.lt","article_modified_time":"2024-01-25T20:14:42+00:00","og_image":[{"width":947,"height":948,"url":"https:\/\/resolute.lt\/wp-content\/uploads\/2021\/07\/1-Zeblaze-Btalk-Ismanus-laikrodis-Juodas.jpg","type":"image\/jpeg"}],"twitter_card":"summary_large_image","twitter_misc":{"Est. reading time":"3 minut\u0117s"},"schema":{"@context":"https:\/\/schema.org","@graph":[{"@type":"WebPage","@id":"https:\/\/resolute.lt\/index.php\/produktas\/zeblaze-btalk\/","url":"https:\/\/resolute.lt\/index.php\/produktas\/zeblaze-btalk\/","name":"Zeblaze Btalk i\u0161manus laikrodis - Resolute.lt","isPartOf":{"@id":"https:\/\/resolute.lt\/#website"},"primaryImageOfPage":{"@id":"https:\/\/resolute.lt\/index.php\/produktas\/zeblaze-btalk\/#primaryimage"},"image":{"@id":"https:\/\/resolute.lt\/index.php\/produktas\/zeblaze-btalk\/#primaryimage"},"thumbnailUrl":"https:\/\/resolute.lt\/wp-content\/uploads\/2021\/07\/1-Zeblaze-Btalk-Ismanus-laikrodis-Juodas.jpg","datePublished":"2021-07-14T08:07:36+00:00","dateModified":"2024-01-25T20:14:42+00:00","description":"Nauji Zeblaze i\u0161manieji laikrod\u017eiai ma\u017eiausia kaina! Greitas pristatymas, patogus atsiskaitymas, nauji produktai pigiau!","breadcrumb":{"@id":"https:\/\/resolute.lt\/index.php\/produktas\/zeblaze-btalk\/#breadcrumb"},"inLanguage":"lt-LT","potentialAction":[{"@type":"ReadAction","target":["https:\/\/resolute.lt\/index.php\/produktas\/zeblaze-btalk\/"]}]},{"@type":"ImageObject","inLanguage":"lt-LT","@id":"https:\/\/resolute.lt\/index.php\/produktas\/zeblaze-btalk\/#primaryimage","url":"https:\/\/resolute.lt\/wp-content\/uploads\/2021\/07\/1-Zeblaze-Btalk-Ismanus-laikrodis-Juodas.jpg","contentUrl":"https:\/\/resolute.lt\/wp-content\/uploads\/2021\/07\/1-Zeblaze-Btalk-Ismanus-laikrodis-Juodas.jpg","width":947,"height":948},{"@type":"BreadcrumbList","@id":"https:\/\/resolute.lt\/index.php\/produktas\/zeblaze-btalk\/#breadcrumb","itemListElement":[{"@type":"ListItem","position":1,"name":"Home","item":"https:\/\/resolute.lt\/"},{"@type":"ListItem","position":2,"name":"Resolute.lt","item":"https:\/\/resolute.lt\/"},{"@type":"ListItem","position":3,"name":"Zeblaze Btalk i\u0161manus laikrodis"}]},{"@type":"WebSite","@id":"https:\/\/resolute.lt\/#website","url":"https:\/\/resolute.lt\/","name":"Resolute.lt","description":"Sm\u016bgiams ir vandeniui telefonai","potentialAction":[{"@type":"SearchAction","target":{"@type":"EntryPoint","urlTemplate":"https:\/\/resolute.lt\/?s={search_term_string}"},"query-input":{"@type":"PropertyValueSpecification","valueRequired":true,"valueName":"search_term_string"}}],"inLanguage":"lt-LT"}]}},"_links":{"self":[{"href":"https:\/\/resolute.lt\/index.php\/wp-json\/wp\/v2\/product\/1700","targetHints":{"allow":["GET"]}}],"collection":[{"href":"https:\/\/resolute.lt\/index.php\/wp-json\/wp\/v2\/product"}],"about":[{"href":"https:\/\/resolute.lt\/index.php\/wp-json\/wp\/v2\/types\/product"}],"wp:featuredmedia":[{"embeddable":true,"href":"https:\/\/resolute.lt\/index.php\/wp-json\/wp\/v2\/media\/3139"}],"wp:attachment":[{"href":"https:\/\/resolute.lt\/index.php\/wp-json\/wp\/v2\/media?parent=1700"}],"wp:term":[{"taxonomy":"product_brand","embeddable":true,"href":"https:\/\/resolute.lt\/index.php\/wp-json\/wp\/v2\/product_brand?post=1700"},{"taxonomy":"product_cat","embeddable":true,"href":"https:\/\/resolute.lt\/index.php\/wp-json\/wp\/v2\/product_cat?post=1700"},{"taxonomy":"product_tag","embeddable":true,"href":"https:\/\/resolute.lt\/index.php\/wp-json\/wp\/v2\/product_tag?post=1700"}],"curies":[{"name":"wp","href":"https:\/\/api.w.org\/{rel}","templated":true}]}}