{"id":146,"date":"2020-05-21T14:47:03","date_gmt":"2020-05-21T14:47:03","guid":{"rendered":"http:\/\/resolute.lt\/?post_type=product&#038;p=146"},"modified":"2025-05-03T16:48:50","modified_gmt":"2025-05-03T16:48:50","slug":"xiaomi-redmi-8-8a-deklas","status":"publish","type":"product","link":"https:\/\/resolute.lt\/index.php\/produktas\/xiaomi-redmi-8-8a-deklas\/","title":{"rendered":"Xiaomi Redmi 8 \/ 8A d\u0117klas"},"content":{"rendered":"<p>Tai ypa\u010d auk\u0161tos patvarumo klas\u0117s, 3 dali\u0173 d\u0117klas, skirtas patikimai apsaugoti j\u016bs\u0173 telefon\u0105 nuo kritim\u0173. D\u0117klas turi stovo funkcij\u0105, skirt\u0105 telefono pastatymui patogesniam video \u017ei\u016br\u0117jimui.<\/p>\n<p>Skirtas\u00a0Xiaomi Redmi 8 bei\u00a0Xiaomi Redmi 8A telefon\u0173 modeliams.<\/p>\n<p><strong><a href=\"https:\/\/www.resolute.lt\/\">RESOLUTE.LT EL. PARDUOTUV\u0116:<\/a><\/strong><br \/>\n\u2013\u00a0<span lang=\"lt\"><strong>2 d.d. pristatymas<\/strong><\/span>\u00a0(apmokant banko kortele, el. bankininkyste, Paysera ar Paypal).<br \/>\n\u2013 Galimyb\u0117 \u012fsigyti gyvai Vilniuje (kreiptis +37062296802).<br \/>\n\u2013 Tik naujos prek\u0117s!<\/p>\n","protected":false},"excerpt":{"rendered":"<p>Tai ypa\u010d auk\u0161tos patvarumo klas\u0117s, 3 dali\u0173 d\u0117klas, skirtas patikimai apsaugoti j\u016bs\u0173 telefon\u0105 nuo kritim\u0173. D\u0117klas turi stovo funkcij\u0105, skirt\u0105 telefono pastatymui patogesniam video \u017ei\u016br\u0117jimui. Skirtas\u00a0Xiaomi Redmi 8 bei\u00a0Xiaomi Redmi 8A telefon\u0173 modeliams. RESOLUTE.LT EL. PARDUOTUV\u0116: \u2013\u00a02 d.d. pristatymas\u00a0(apmokant banko kortele, el. bankininkyste, Paysera ar Paypal). \u2013 Galimyb\u0117 \u012fsigyti gyvai Vilniuje (kreiptis +37062296802). \u2013 Tik [&#8230;]\n","protected":false},"featured_media":144,"template":"","meta":[],"product_brand":[],"product_cat":[20,27],"product_tag":[],"class_list":{"0":"post-146","1":"product","2":"type-product","3":"status-publish","4":"has-post-thumbnail","6":"product_cat-2-d-d-pristatymo-prekes","7":"product_cat-deklai","9":"first","10":"instock","11":"sale","12":"shipping-taxable","13":"purchasable","14":"product-type-simple"},"yoast_head":"<!-- This site is optimized with the Yoast SEO plugin v27.5 - https:\/\/yoast.com\/product\/yoast-seo-wordpress\/ -->\n<title>Xiaomi Redmi 8 \/ 8A d\u0117klas - Resolute.lt<\/title>\n<meta name=\"robots\" content=\"index, follow, max-snippet:-1, max-image-preview:large, max-video-preview:-1\" \/>\n<link rel=\"canonical\" href=\"https:\/\/resolute.lt\/index.php\/produktas\/xiaomi-redmi-8-8a-deklas\/\" \/>\n<meta property=\"og:locale\" content=\"lt_LT\" \/>\n<meta property=\"og:type\" content=\"article\" \/>\n<meta property=\"og:title\" content=\"Xiaomi Redmi 8 \/ 8A d\u0117klas - Resolute.lt\" \/>\n<meta property=\"og:description\" content=\"Tai ypa\u010d auk\u0161tos patvarumo klas\u0117s, 3 dali\u0173 d\u0117klas, skirtas patikimai apsaugoti j\u016bs\u0173 telefon\u0105 nuo kritim\u0173. D\u0117klas turi stovo funkcij\u0105, skirt\u0105 telefono pastatymui patogesniam video \u017ei\u016br\u0117jimui. Skirtas\u00a0Xiaomi Redmi 8 bei\u00a0Xiaomi Redmi 8A telefon\u0173 modeliams. RESOLUTE.LT EL. PARDUOTUV\u0116: \u2013\u00a02 d.d. pristatymas\u00a0(apmokant banko kortele, el. bankininkyste, Paysera ar Paypal). \u2013 Galimyb\u0117 \u012fsigyti gyvai Vilniuje (kreiptis +37062296802). \u2013 Tik [...]\" \/>\n<meta property=\"og:url\" content=\"https:\/\/resolute.lt\/index.php\/produktas\/xiaomi-redmi-8-8a-deklas\/\" \/>\n<meta property=\"og:site_name\" content=\"Resolute.lt\" \/>\n<meta property=\"article:modified_time\" content=\"2025-05-03T16:48:50+00:00\" \/>\n<meta property=\"og:image\" content=\"https:\/\/resolute.lt\/wp-content\/uploads\/2020\/05\/Screenshot_1.jpg\" \/>\n\t<meta property=\"og:image:width\" content=\"923\" \/>\n\t<meta property=\"og:image:height\" content=\"903\" \/>\n\t<meta property=\"og:image:type\" content=\"image\/jpeg\" \/>\n<meta name=\"twitter:card\" content=\"summary_large_image\" \/>\n<meta name=\"twitter:label1\" content=\"Est. reading time\" \/>\n\t<meta name=\"twitter:data1\" content=\"1 minut\u0117\" \/>\n<script type=\"application\/ld+json\" class=\"yoast-schema-graph\">{\"@context\":\"https:\\\/\\\/schema.org\",\"@graph\":[{\"@type\":\"WebPage\",\"@id\":\"https:\\\/\\\/resolute.lt\\\/index.php\\\/produktas\\\/xiaomi-redmi-8-8a-deklas\\\/\",\"url\":\"https:\\\/\\\/resolute.lt\\\/index.php\\\/produktas\\\/xiaomi-redmi-8-8a-deklas\\\/\",\"name\":\"Xiaomi Redmi 8 \\\/ 8A d\u0117klas - Resolute.lt\",\"isPartOf\":{\"@id\":\"https:\\\/\\\/resolute.lt\\\/#website\"},\"primaryImageOfPage\":{\"@id\":\"https:\\\/\\\/resolute.lt\\\/index.php\\\/produktas\\\/xiaomi-redmi-8-8a-deklas\\\/#primaryimage\"},\"image\":{\"@id\":\"https:\\\/\\\/resolute.lt\\\/index.php\\\/produktas\\\/xiaomi-redmi-8-8a-deklas\\\/#primaryimage\"},\"thumbnailUrl\":\"https:\\\/\\\/resolute.lt\\\/wp-content\\\/uploads\\\/2020\\\/05\\\/Screenshot_1.jpg\",\"datePublished\":\"2020-05-21T14:47:03+00:00\",\"dateModified\":\"2025-05-03T16:48:50+00:00\",\"breadcrumb\":{\"@id\":\"https:\\\/\\\/resolute.lt\\\/index.php\\\/produktas\\\/xiaomi-redmi-8-8a-deklas\\\/#breadcrumb\"},\"inLanguage\":\"lt-LT\",\"potentialAction\":[{\"@type\":\"ReadAction\",\"target\":[\"https:\\\/\\\/resolute.lt\\\/index.php\\\/produktas\\\/xiaomi-redmi-8-8a-deklas\\\/\"]}]},{\"@type\":\"ImageObject\",\"inLanguage\":\"lt-LT\",\"@id\":\"https:\\\/\\\/resolute.lt\\\/index.php\\\/produktas\\\/xiaomi-redmi-8-8a-deklas\\\/#primaryimage\",\"url\":\"https:\\\/\\\/resolute.lt\\\/wp-content\\\/uploads\\\/2020\\\/05\\\/Screenshot_1.jpg\",\"contentUrl\":\"https:\\\/\\\/resolute.lt\\\/wp-content\\\/uploads\\\/2020\\\/05\\\/Screenshot_1.jpg\",\"width\":923,\"height\":903},{\"@type\":\"BreadcrumbList\",\"@id\":\"https:\\\/\\\/resolute.lt\\\/index.php\\\/produktas\\\/xiaomi-redmi-8-8a-deklas\\\/#breadcrumb\",\"itemListElement\":[{\"@type\":\"ListItem\",\"position\":1,\"name\":\"Home\",\"item\":\"https:\\\/\\\/resolute.lt\\\/\"},{\"@type\":\"ListItem\",\"position\":2,\"name\":\"Resolute.lt\",\"item\":\"https:\\\/\\\/resolute.lt\\\/\"},{\"@type\":\"ListItem\",\"position\":3,\"name\":\"Xiaomi Redmi 8 \\\/ 8A d\u0117klas\"}]},{\"@type\":\"WebSite\",\"@id\":\"https:\\\/\\\/resolute.lt\\\/#website\",\"url\":\"https:\\\/\\\/resolute.lt\\\/\",\"name\":\"Resolute.lt\",\"description\":\"Sm\u016bgiams ir vandeniui telefonai\",\"potentialAction\":[{\"@type\":\"SearchAction\",\"target\":{\"@type\":\"EntryPoint\",\"urlTemplate\":\"https:\\\/\\\/resolute.lt\\\/?s={search_term_string}\"},\"query-input\":{\"@type\":\"PropertyValueSpecification\",\"valueRequired\":true,\"valueName\":\"search_term_string\"}}],\"inLanguage\":\"lt-LT\"}]}<\/script>\n<!-- \/ Yoast SEO plugin. -->","yoast_head_json":{"title":"Xiaomi Redmi 8 \/ 8A d\u0117klas - Resolute.lt","robots":{"index":"index","follow":"follow","max-snippet":"max-snippet:-1","max-image-preview":"max-image-preview:large","max-video-preview":"max-video-preview:-1"},"canonical":"https:\/\/resolute.lt\/index.php\/produktas\/xiaomi-redmi-8-8a-deklas\/","og_locale":"lt_LT","og_type":"article","og_title":"Xiaomi Redmi 8 \/ 8A d\u0117klas - Resolute.lt","og_description":"Tai ypa\u010d auk\u0161tos patvarumo klas\u0117s, 3 dali\u0173 d\u0117klas, skirtas patikimai apsaugoti j\u016bs\u0173 telefon\u0105 nuo kritim\u0173. D\u0117klas turi stovo funkcij\u0105, skirt\u0105 telefono pastatymui patogesniam video \u017ei\u016br\u0117jimui. Skirtas\u00a0Xiaomi Redmi 8 bei\u00a0Xiaomi Redmi 8A telefon\u0173 modeliams. RESOLUTE.LT EL. PARDUOTUV\u0116: \u2013\u00a02 d.d. pristatymas\u00a0(apmokant banko kortele, el. bankininkyste, Paysera ar Paypal). \u2013 Galimyb\u0117 \u012fsigyti gyvai Vilniuje (kreiptis +37062296802). \u2013 Tik [...]","og_url":"https:\/\/resolute.lt\/index.php\/produktas\/xiaomi-redmi-8-8a-deklas\/","og_site_name":"Resolute.lt","article_modified_time":"2025-05-03T16:48:50+00:00","og_image":[{"width":923,"height":903,"url":"https:\/\/resolute.lt\/wp-content\/uploads\/2020\/05\/Screenshot_1.jpg","type":"image\/jpeg"}],"twitter_card":"summary_large_image","twitter_misc":{"Est. reading time":"1 minut\u0117"},"schema":{"@context":"https:\/\/schema.org","@graph":[{"@type":"WebPage","@id":"https:\/\/resolute.lt\/index.php\/produktas\/xiaomi-redmi-8-8a-deklas\/","url":"https:\/\/resolute.lt\/index.php\/produktas\/xiaomi-redmi-8-8a-deklas\/","name":"Xiaomi Redmi 8 \/ 8A d\u0117klas - Resolute.lt","isPartOf":{"@id":"https:\/\/resolute.lt\/#website"},"primaryImageOfPage":{"@id":"https:\/\/resolute.lt\/index.php\/produktas\/xiaomi-redmi-8-8a-deklas\/#primaryimage"},"image":{"@id":"https:\/\/resolute.lt\/index.php\/produktas\/xiaomi-redmi-8-8a-deklas\/#primaryimage"},"thumbnailUrl":"https:\/\/resolute.lt\/wp-content\/uploads\/2020\/05\/Screenshot_1.jpg","datePublished":"2020-05-21T14:47:03+00:00","dateModified":"2025-05-03T16:48:50+00:00","breadcrumb":{"@id":"https:\/\/resolute.lt\/index.php\/produktas\/xiaomi-redmi-8-8a-deklas\/#breadcrumb"},"inLanguage":"lt-LT","potentialAction":[{"@type":"ReadAction","target":["https:\/\/resolute.lt\/index.php\/produktas\/xiaomi-redmi-8-8a-deklas\/"]}]},{"@type":"ImageObject","inLanguage":"lt-LT","@id":"https:\/\/resolute.lt\/index.php\/produktas\/xiaomi-redmi-8-8a-deklas\/#primaryimage","url":"https:\/\/resolute.lt\/wp-content\/uploads\/2020\/05\/Screenshot_1.jpg","contentUrl":"https:\/\/resolute.lt\/wp-content\/uploads\/2020\/05\/Screenshot_1.jpg","width":923,"height":903},{"@type":"BreadcrumbList","@id":"https:\/\/resolute.lt\/index.php\/produktas\/xiaomi-redmi-8-8a-deklas\/#breadcrumb","itemListElement":[{"@type":"ListItem","position":1,"name":"Home","item":"https:\/\/resolute.lt\/"},{"@type":"ListItem","position":2,"name":"Resolute.lt","item":"https:\/\/resolute.lt\/"},{"@type":"ListItem","position":3,"name":"Xiaomi Redmi 8 \/ 8A d\u0117klas"}]},{"@type":"WebSite","@id":"https:\/\/resolute.lt\/#website","url":"https:\/\/resolute.lt\/","name":"Resolute.lt","description":"Sm\u016bgiams ir vandeniui telefonai","potentialAction":[{"@type":"SearchAction","target":{"@type":"EntryPoint","urlTemplate":"https:\/\/resolute.lt\/?s={search_term_string}"},"query-input":{"@type":"PropertyValueSpecification","valueRequired":true,"valueName":"search_term_string"}}],"inLanguage":"lt-LT"}]}},"_links":{"self":[{"href":"https:\/\/resolute.lt\/index.php\/wp-json\/wp\/v2\/product\/146","targetHints":{"allow":["GET"]}}],"collection":[{"href":"https:\/\/resolute.lt\/index.php\/wp-json\/wp\/v2\/product"}],"about":[{"href":"https:\/\/resolute.lt\/index.php\/wp-json\/wp\/v2\/types\/product"}],"wp:featuredmedia":[{"embeddable":true,"href":"https:\/\/resolute.lt\/index.php\/wp-json\/wp\/v2\/media\/144"}],"wp:attachment":[{"href":"https:\/\/resolute.lt\/index.php\/wp-json\/wp\/v2\/media?parent=146"}],"wp:term":[{"taxonomy":"product_brand","embeddable":true,"href":"https:\/\/resolute.lt\/index.php\/wp-json\/wp\/v2\/product_brand?post=146"},{"taxonomy":"product_cat","embeddable":true,"href":"https:\/\/resolute.lt\/index.php\/wp-json\/wp\/v2\/product_cat?post=146"},{"taxonomy":"product_tag","embeddable":true,"href":"https:\/\/resolute.lt\/index.php\/wp-json\/wp\/v2\/product_tag?post=146"}],"curies":[{"name":"wp","href":"https:\/\/api.w.org\/{rel}","templated":true}]}}