{"id":1287,"date":"2021-01-22T11:14:45","date_gmt":"2021-01-22T11:14:45","guid":{"rendered":"https:\/\/resolute.lt\/?post_type=product&#038;p=1287"},"modified":"2021-01-22T11:25:08","modified_gmt":"2021-01-22T11:25:08","slug":"xt10-asmenukiu-lazda","status":"publish","type":"product","link":"https:\/\/resolute.lt\/index.php\/produktas\/xt10-asmenukiu-lazda\/","title":{"rendered":"XT10 asmenuki\u0173 lazda &#8211; Juoda \/ Ro\u017ein\u0117"},"content":{"rendered":"<p><strong>Reguliuojamo dyd\u017eio XT10 asmenuki\u0173 (selfie) lazda<\/strong> su Bluetooth ry\u0161io palaikymu ir trikojo funkcija.<\/p>\n<p><a href=\"https:\/\/www.resolute.lt\/\"><strong>RESOLUTE.LT EL. PARDUOTUV\u0116:<\/strong><\/a><br \/>\n<span>\u2013 Standartinis pristatymas (apmokant banko kortele, el. bankininkyste, Paysera ar Paypal).<\/span><\/p>\n<p><strong>KOMPLEKTACIJA:<\/strong><br \/>\n1 x asmenuki\u0173 lazda<br \/>\n1 x valdymo pultelis<\/p>\n<p><strong>PARAMETRAI:<\/strong><br \/>\nMed\u017eiaga: ABS<br \/>\nMaksimalus ilgis rankoje: 763 mm<br \/>\nMaksimalus trikojo auk\u0161tis: 820 mm<br \/>\nMinimalus ilgis: 185 mm<br \/>\nI\u0161matavimai (sulankstytos): 190 x 57 x 30 mm<br \/>\nBluetooth versija: 3.0<br \/>\nMaksimalus nuotolinis atstumas: 10 metr\u0173<br \/>\nPaskirtis: i\u0161maniesiems telefonams<br \/>\nNuotolinis valdymas: Yra<br \/>\nSpalvos: juoda \/ ro\u017ein\u0117<\/p>\n","protected":false},"excerpt":{"rendered":"<p>Reguliuojamo dyd\u017eio XT10 asmenuki\u0173 (selfie) lazda su Bluetooth ry\u0161io palaikymu ir trikojo funkcija. RESOLUTE.LT EL. PARDUOTUV\u0116: \u2013 Standartinis pristatymas (apmokant banko kortele, el. bankininkyste, Paysera ar Paypal). KOMPLEKTACIJA: 1 x asmenuki\u0173 lazda 1 x valdymo pultelis PARAMETRAI: Med\u017eiaga: ABS Maksimalus ilgis rankoje: 763 mm Maksimalus trikojo auk\u0161tis: 820 mm Minimalus ilgis: 185 mm I\u0161matavimai (sulankstytos): [&#8230;]\n","protected":false},"featured_media":1290,"template":"","meta":[],"product_brand":[],"product_cat":[37],"product_tag":[],"class_list":{"0":"post-1287","1":"product","2":"type-product","3":"status-publish","4":"has-post-thumbnail","6":"product_cat-kiti-telefonu-priedai","8":"first","9":"instock","10":"shipping-taxable","11":"purchasable","12":"product-type-variable","13":"has-default-attributes"},"yoast_head":"<!-- This site is optimized with the Yoast SEO plugin v27.4 - https:\/\/yoast.com\/product\/yoast-seo-wordpress\/ -->\n<title>XT10 asmenuki\u0173 lazda - Juoda \/ Ro\u017ein\u0117 - Resolute.lt<\/title>\n<meta name=\"description\" content=\"Nauji kokybi\u0161ki telefon\u0173 priedai i\u0161 Resolute.lt! Greitas pristatymas, patogus atsiskaitymas!\" \/>\n<meta name=\"robots\" content=\"index, follow, max-snippet:-1, max-image-preview:large, max-video-preview:-1\" \/>\n<link rel=\"canonical\" href=\"https:\/\/resolute.lt\/index.php\/produktas\/xt10-asmenukiu-lazda\/\" \/>\n<meta property=\"og:locale\" content=\"lt_LT\" \/>\n<meta property=\"og:type\" content=\"article\" \/>\n<meta property=\"og:title\" content=\"XT10 asmenuki\u0173 lazda - Juoda \/ Ro\u017ein\u0117 - Resolute.lt\" \/>\n<meta property=\"og:description\" content=\"Nauji kokybi\u0161ki telefon\u0173 priedai i\u0161 Resolute.lt! Greitas pristatymas, patogus atsiskaitymas!\" \/>\n<meta property=\"og:url\" content=\"https:\/\/resolute.lt\/index.php\/produktas\/xt10-asmenukiu-lazda\/\" \/>\n<meta property=\"og:site_name\" content=\"Resolute.lt\" \/>\n<meta property=\"article:modified_time\" content=\"2021-01-22T11:25:08+00:00\" \/>\n<meta property=\"og:image\" content=\"https:\/\/resolute.lt\/wp-content\/uploads\/2021\/01\/2-3.jpg\" \/>\n\t<meta property=\"og:image:width\" content=\"937\" \/>\n\t<meta property=\"og:image:height\" content=\"939\" \/>\n\t<meta property=\"og:image:type\" content=\"image\/jpeg\" \/>\n<meta name=\"twitter:card\" content=\"summary_large_image\" \/>\n<meta name=\"twitter:label1\" content=\"Est. reading time\" \/>\n\t<meta name=\"twitter:data1\" content=\"1 minut\u0117\" \/>\n<script type=\"application\/ld+json\" class=\"yoast-schema-graph\">{\"@context\":\"https:\\\/\\\/schema.org\",\"@graph\":[{\"@type\":\"WebPage\",\"@id\":\"https:\\\/\\\/resolute.lt\\\/index.php\\\/produktas\\\/xt10-asmenukiu-lazda\\\/\",\"url\":\"https:\\\/\\\/resolute.lt\\\/index.php\\\/produktas\\\/xt10-asmenukiu-lazda\\\/\",\"name\":\"XT10 asmenuki\u0173 lazda - Juoda \\\/ Ro\u017ein\u0117 - Resolute.lt\",\"isPartOf\":{\"@id\":\"https:\\\/\\\/resolute.lt\\\/#website\"},\"primaryImageOfPage\":{\"@id\":\"https:\\\/\\\/resolute.lt\\\/index.php\\\/produktas\\\/xt10-asmenukiu-lazda\\\/#primaryimage\"},\"image\":{\"@id\":\"https:\\\/\\\/resolute.lt\\\/index.php\\\/produktas\\\/xt10-asmenukiu-lazda\\\/#primaryimage\"},\"thumbnailUrl\":\"https:\\\/\\\/resolute.lt\\\/wp-content\\\/uploads\\\/2021\\\/01\\\/2-3.jpg\",\"datePublished\":\"2021-01-22T11:14:45+00:00\",\"dateModified\":\"2021-01-22T11:25:08+00:00\",\"description\":\"Nauji kokybi\u0161ki telefon\u0173 priedai i\u0161 Resolute.lt! Greitas pristatymas, patogus atsiskaitymas!\",\"breadcrumb\":{\"@id\":\"https:\\\/\\\/resolute.lt\\\/index.php\\\/produktas\\\/xt10-asmenukiu-lazda\\\/#breadcrumb\"},\"inLanguage\":\"lt-LT\",\"potentialAction\":[{\"@type\":\"ReadAction\",\"target\":[\"https:\\\/\\\/resolute.lt\\\/index.php\\\/produktas\\\/xt10-asmenukiu-lazda\\\/\"]}]},{\"@type\":\"ImageObject\",\"inLanguage\":\"lt-LT\",\"@id\":\"https:\\\/\\\/resolute.lt\\\/index.php\\\/produktas\\\/xt10-asmenukiu-lazda\\\/#primaryimage\",\"url\":\"https:\\\/\\\/resolute.lt\\\/wp-content\\\/uploads\\\/2021\\\/01\\\/2-3.jpg\",\"contentUrl\":\"https:\\\/\\\/resolute.lt\\\/wp-content\\\/uploads\\\/2021\\\/01\\\/2-3.jpg\",\"width\":937,\"height\":939},{\"@type\":\"BreadcrumbList\",\"@id\":\"https:\\\/\\\/resolute.lt\\\/index.php\\\/produktas\\\/xt10-asmenukiu-lazda\\\/#breadcrumb\",\"itemListElement\":[{\"@type\":\"ListItem\",\"position\":1,\"name\":\"Home\",\"item\":\"https:\\\/\\\/resolute.lt\\\/\"},{\"@type\":\"ListItem\",\"position\":2,\"name\":\"Resolute.lt\",\"item\":\"https:\\\/\\\/resolute.lt\\\/\"},{\"@type\":\"ListItem\",\"position\":3,\"name\":\"XT10 asmenuki\u0173 lazda &#8211; Juoda \\\/ Ro\u017ein\u0117\"}]},{\"@type\":\"WebSite\",\"@id\":\"https:\\\/\\\/resolute.lt\\\/#website\",\"url\":\"https:\\\/\\\/resolute.lt\\\/\",\"name\":\"Resolute.lt\",\"description\":\"Sm\u016bgiams ir vandeniui telefonai\",\"potentialAction\":[{\"@type\":\"SearchAction\",\"target\":{\"@type\":\"EntryPoint\",\"urlTemplate\":\"https:\\\/\\\/resolute.lt\\\/?s={search_term_string}\"},\"query-input\":{\"@type\":\"PropertyValueSpecification\",\"valueRequired\":true,\"valueName\":\"search_term_string\"}}],\"inLanguage\":\"lt-LT\"}]}<\/script>\n<!-- \/ Yoast SEO plugin. -->","yoast_head_json":{"title":"XT10 asmenuki\u0173 lazda - Juoda \/ Ro\u017ein\u0117 - Resolute.lt","description":"Nauji kokybi\u0161ki telefon\u0173 priedai i\u0161 Resolute.lt! Greitas pristatymas, patogus atsiskaitymas!","robots":{"index":"index","follow":"follow","max-snippet":"max-snippet:-1","max-image-preview":"max-image-preview:large","max-video-preview":"max-video-preview:-1"},"canonical":"https:\/\/resolute.lt\/index.php\/produktas\/xt10-asmenukiu-lazda\/","og_locale":"lt_LT","og_type":"article","og_title":"XT10 asmenuki\u0173 lazda - Juoda \/ Ro\u017ein\u0117 - Resolute.lt","og_description":"Nauji kokybi\u0161ki telefon\u0173 priedai i\u0161 Resolute.lt! Greitas pristatymas, patogus atsiskaitymas!","og_url":"https:\/\/resolute.lt\/index.php\/produktas\/xt10-asmenukiu-lazda\/","og_site_name":"Resolute.lt","article_modified_time":"2021-01-22T11:25:08+00:00","og_image":[{"width":937,"height":939,"url":"https:\/\/resolute.lt\/wp-content\/uploads\/2021\/01\/2-3.jpg","type":"image\/jpeg"}],"twitter_card":"summary_large_image","twitter_misc":{"Est. reading time":"1 minut\u0117"},"schema":{"@context":"https:\/\/schema.org","@graph":[{"@type":"WebPage","@id":"https:\/\/resolute.lt\/index.php\/produktas\/xt10-asmenukiu-lazda\/","url":"https:\/\/resolute.lt\/index.php\/produktas\/xt10-asmenukiu-lazda\/","name":"XT10 asmenuki\u0173 lazda - Juoda \/ Ro\u017ein\u0117 - Resolute.lt","isPartOf":{"@id":"https:\/\/resolute.lt\/#website"},"primaryImageOfPage":{"@id":"https:\/\/resolute.lt\/index.php\/produktas\/xt10-asmenukiu-lazda\/#primaryimage"},"image":{"@id":"https:\/\/resolute.lt\/index.php\/produktas\/xt10-asmenukiu-lazda\/#primaryimage"},"thumbnailUrl":"https:\/\/resolute.lt\/wp-content\/uploads\/2021\/01\/2-3.jpg","datePublished":"2021-01-22T11:14:45+00:00","dateModified":"2021-01-22T11:25:08+00:00","description":"Nauji kokybi\u0161ki telefon\u0173 priedai i\u0161 Resolute.lt! Greitas pristatymas, patogus atsiskaitymas!","breadcrumb":{"@id":"https:\/\/resolute.lt\/index.php\/produktas\/xt10-asmenukiu-lazda\/#breadcrumb"},"inLanguage":"lt-LT","potentialAction":[{"@type":"ReadAction","target":["https:\/\/resolute.lt\/index.php\/produktas\/xt10-asmenukiu-lazda\/"]}]},{"@type":"ImageObject","inLanguage":"lt-LT","@id":"https:\/\/resolute.lt\/index.php\/produktas\/xt10-asmenukiu-lazda\/#primaryimage","url":"https:\/\/resolute.lt\/wp-content\/uploads\/2021\/01\/2-3.jpg","contentUrl":"https:\/\/resolute.lt\/wp-content\/uploads\/2021\/01\/2-3.jpg","width":937,"height":939},{"@type":"BreadcrumbList","@id":"https:\/\/resolute.lt\/index.php\/produktas\/xt10-asmenukiu-lazda\/#breadcrumb","itemListElement":[{"@type":"ListItem","position":1,"name":"Home","item":"https:\/\/resolute.lt\/"},{"@type":"ListItem","position":2,"name":"Resolute.lt","item":"https:\/\/resolute.lt\/"},{"@type":"ListItem","position":3,"name":"XT10 asmenuki\u0173 lazda &#8211; Juoda \/ Ro\u017ein\u0117"}]},{"@type":"WebSite","@id":"https:\/\/resolute.lt\/#website","url":"https:\/\/resolute.lt\/","name":"Resolute.lt","description":"Sm\u016bgiams ir vandeniui telefonai","potentialAction":[{"@type":"SearchAction","target":{"@type":"EntryPoint","urlTemplate":"https:\/\/resolute.lt\/?s={search_term_string}"},"query-input":{"@type":"PropertyValueSpecification","valueRequired":true,"valueName":"search_term_string"}}],"inLanguage":"lt-LT"}]}},"_links":{"self":[{"href":"https:\/\/resolute.lt\/index.php\/wp-json\/wp\/v2\/product\/1287","targetHints":{"allow":["GET"]}}],"collection":[{"href":"https:\/\/resolute.lt\/index.php\/wp-json\/wp\/v2\/product"}],"about":[{"href":"https:\/\/resolute.lt\/index.php\/wp-json\/wp\/v2\/types\/product"}],"wp:featuredmedia":[{"embeddable":true,"href":"https:\/\/resolute.lt\/index.php\/wp-json\/wp\/v2\/media\/1290"}],"wp:attachment":[{"href":"https:\/\/resolute.lt\/index.php\/wp-json\/wp\/v2\/media?parent=1287"}],"wp:term":[{"taxonomy":"product_brand","embeddable":true,"href":"https:\/\/resolute.lt\/index.php\/wp-json\/wp\/v2\/product_brand?post=1287"},{"taxonomy":"product_cat","embeddable":true,"href":"https:\/\/resolute.lt\/index.php\/wp-json\/wp\/v2\/product_cat?post=1287"},{"taxonomy":"product_tag","embeddable":true,"href":"https:\/\/resolute.lt\/index.php\/wp-json\/wp\/v2\/product_tag?post=1287"}],"curies":[{"name":"wp","href":"https:\/\/api.w.org\/{rel}","templated":true}]}}