{"id":107,"date":"2020-05-21T11:36:51","date_gmt":"2020-05-21T11:36:51","guid":{"rendered":"http:\/\/resolute.lt\/?post_type=product&#038;p=107"},"modified":"2023-12-27T19:02:42","modified_gmt":"2023-12-27T19:02:42","slug":"ulefone-armor-7","status":"publish","type":"product","link":"https:\/\/resolute.lt\/index.php\/produktas\/ulefone-armor-7\/","title":{"rendered":"Ulefone Armor 7 &#8211; 128\/8GB, Juodas"},"content":{"rendered":"<p><strong>Ulefone Armor 7<\/strong>\u00a0&#8211; vienas pa\u017eangiausi\u0173 ir galingiausi\u0173 <em>rugged\u00a0\u00a0<\/em>(padidinto patvarumo korpuso) bei vandeniui ir dulk\u0117ms atspari\u0173 telefon\u0173. 128GB vidin\u0117s atminties, 8GB RAM, triguba 48MP + 16MP + 8MP kamera su 4K filmavimu ir penkiaguba LED blykste nenuvils net ir itin auk\u0161tus poreikius turin\u010dio i\u0161manaus \u012frenginio naudotojo.<\/p>\n<p><strong><a href=\"http:\/\/www.resolute.lt\">RESOLUTE.LT EL. PARDUOTUV\u0116:<\/a><\/strong><strong><br \/>\n<\/strong>\u2013 Standartinis pristatymas (apmokant banko kortele, el. bankininkyste, Paysera ar Paypal).<\/p>\n<p><strong>KOMPLEKTACIJA:<\/strong><br \/>\n1 x i\u0161manus \u012frenginys<br \/>\n1 x \u012fkroviklis (greitojo \u012fkrovimo)<br \/>\n1 x USB Type-C laidas<br \/>\n1 x USB Type-C &#8211; USB adapteris (MHL)<br \/>\n1 x USB Type-C &#8211; MicroUSB adapteris<br \/>\n1 x USB Type-C &#8211; AUX (ausini\u0173 jungties) adapteris<br \/>\n1 x apsaugin\u0117 ekrano pl\u0117vel\u0117 (u\u017ed\u0117ta gamykli\u0161kai)<br \/>\n1 x apsauginis ekrano gr\u016bdintas stiklas (papildomas) su \u0161luoste<br \/>\n1 x \u012frankis lizd\u0173 dangteli\u0173 atidarymui<br \/>\n1 x SIM lizdo adat\u0117l\u0117<br \/>\n1 x naudojimosi instrukcijos<\/p>\n<p><b>PARAMETRAI:\u00a0<\/b><br \/>\nA\u0161tuoni\u0173 branduoli\u0173 MediaTek MT6779 Helio P90 (2x 2,2 GHz Cortex-A75 ir 6x 2,0 GHz Cortex-A55) procesorius<br \/>\nPowerVR GM9446 vaizdo plok\u0161t\u0117<br \/>\nAndroid 10 operacin\u0117 sistema<br \/>\nPlay Store aplikacij\u0173 parduotuv\u0117<br \/>\nLietuvi\u0173, lenk\u0173, rus\u0173, angl\u0173 ir kt. kalbos<br \/>\n128GB vidin\u0117 atmintis<br \/>\nMicroSD atminties kortel\u0117s palaikymas<br \/>\n8GB darbin\u0117 atmintis (RAM)<br \/>\nFull HD+ 2340 x 1080 rai\u0161kos 6,3&#8243; IPS LCD ekranas<br \/>\nTriguba 48 MP, f\/1,7 + 16 MP, f\/2.0 + 8 MP, f\/2.4 pagrindin\u0117 kamera su penkiaguba LED blykste, autofokusavimu, 4K@30fps filmavimas<br \/>\n16 MP, f\/2.0 priekin\u0117 kamera,\u00a0\u00a01080p@30fps filmavimas su Face Unlock (atrakinimo veidu) funkcija<br \/>\nYpa\u010d talpi (5500 mAh) baterija<br \/>\nDviej\u0173 Nano-SIM korteli\u0173 palaikymas<br \/>\nWiFi, Bluetooth 5.0, GPS, NFC, FM radijo, Edge, 3G (HSPA+), 4G-LTE ry\u0161iai<br \/>\nUSB Type-C greitojo \u012fkrovimo (15W) ir duomen\u0173 perk\u0117limo lizdas<br \/>\nGreitojo belaid\u017eio \u012fkrovimo funkcija (10W)<br \/>\n\u0160oninis pir\u0161t\u0173 antspaud\u0173 sensorius<br \/>\nIP68 sertifikatas (atsparumas vandeniui ir dulk\u0117ms)<br \/>\n<span class=\"\">I\u0161matavimai: 165,9 x 81 x 13,6 mm<br \/>\n<\/span>Svoris: 290 g<br \/>\nGamybos metai: 2023<\/p>\n<p><img decoding=\"async\" class=\"bg_lazy\" title=\"Ulefone Armor 7 IP68 IP69K Waterproof 6.3 inch 8GB 128GB 48MP Camera NFC Wireless Charge Helio P90 Octa Core 4G Smartphone\" src=\"https:\/\/imgaz.staticbg.com\/images\/oaupload\/banggood\/images\/48\/28\/bd49f7d7-7eff-4f7a-8592-ed11b4346378.jpg.webp\" data-original=\"https:\/\/imgaz.staticbg.com\/images\/oaupload\/banggood\/images\/48\/28\/bd49f7d7-7eff-4f7a-8592-ed11b4346378.jpg\" \/><br \/>\n<img decoding=\"async\" class=\"bg_lazy\" title=\"Ulefone Armor 7 IP68 IP69K Waterproof 6.3 inch 8GB 128GB 48MP Camera NFC Wireless Charge Helio P90 Octa Core 4G Smartphone\" src=\"https:\/\/imgaz.staticbg.com\/images\/oaupload\/banggood\/images\/3E\/23\/52af465c-f102-408f-876c-6cb3a8df4db9.jpg.webp\" data-original=\"https:\/\/imgaz.staticbg.com\/images\/oaupload\/banggood\/images\/3E\/23\/52af465c-f102-408f-876c-6cb3a8df4db9.jpg\" \/><br \/>\n<img decoding=\"async\" class=\"bg_lazy\" title=\"Ulefone Armor 7 IP68 IP69K Waterproof 6.3 inch 8GB 128GB 48MP Camera NFC Wireless Charge Helio P90 Octa Core 4G Smartphone\" src=\"https:\/\/imgaz.staticbg.com\/images\/oaupload\/banggood\/images\/A4\/11\/183e6d03-8c87-4a6b-b837-088becadfda1.jpg.webp\" data-original=\"https:\/\/imgaz.staticbg.com\/images\/oaupload\/banggood\/images\/A4\/11\/183e6d03-8c87-4a6b-b837-088becadfda1.jpg\" \/><br \/>\n<img decoding=\"async\" class=\"bg_lazy\" title=\"Ulefone Armor 7 IP68 IP69K Waterproof 6.3 inch 8GB 128GB 48MP Camera NFC Wireless Charge Helio P90 Octa Core 4G Smartphone\" src=\"https:\/\/imgaz.staticbg.com\/images\/oaupload\/banggood\/images\/CE\/9C\/4877b797-9d8c-4ad2-a255-b8988c7d9520.jpg.webp\" data-original=\"https:\/\/imgaz.staticbg.com\/images\/oaupload\/banggood\/images\/CE\/9C\/4877b797-9d8c-4ad2-a255-b8988c7d9520.jpg\" \/><br \/>\n<img decoding=\"async\" class=\"bg_lazy\" title=\"Ulefone Armor 7 IP68 IP69K Waterproof 6.3 inch 8GB 128GB 48MP Camera NFC Wireless Charge Helio P90 Octa Core 4G Smartphone\" src=\"https:\/\/imgaz.staticbg.com\/images\/oaupload\/banggood\/images\/26\/16\/2707385a-a9cb-4560-97c4-687f2ad16ba2.jpg.webp\" data-original=\"https:\/\/imgaz.staticbg.com\/images\/oaupload\/banggood\/images\/26\/16\/2707385a-a9cb-4560-97c4-687f2ad16ba2.jpg\" \/><br \/>\n<img decoding=\"async\" class=\"bg_lazy\" title=\"Ulefone Armor 7 IP68 IP69K Waterproof 6.3 inch 8GB 128GB 48MP Camera NFC Wireless Charge Helio P90 Octa Core 4G Smartphone\" src=\"https:\/\/imgaz.staticbg.com\/images\/oaupload\/banggood\/images\/02\/4D\/25f2d116-d9ab-4796-97d6-3b7614ca8543.jpg.webp\" data-original=\"https:\/\/imgaz.staticbg.com\/images\/oaupload\/banggood\/images\/02\/4D\/25f2d116-d9ab-4796-97d6-3b7614ca8543.jpg\" \/><br \/>\n<img decoding=\"async\" class=\"bg_lazy\" title=\"Ulefone Armor 7 IP68 IP69K Waterproof 6.3 inch 8GB 128GB 48MP Camera NFC Wireless Charge Helio P90 Octa Core 4G Smartphone\" src=\"https:\/\/imgaz.staticbg.com\/images\/oaupload\/banggood\/images\/80\/9F\/1b898f51-cb1f-44e4-b8a1-defd3153cacf.jpg.webp\" data-original=\"https:\/\/imgaz.staticbg.com\/images\/oaupload\/banggood\/images\/80\/9F\/1b898f51-cb1f-44e4-b8a1-defd3153cacf.jpg\" \/><br \/>\n<img decoding=\"async\" class=\"bg_lazy\" title=\"Ulefone Armor 7 IP68 IP69K Waterproof 6.3 inch 8GB 128GB 48MP Camera NFC Wireless Charge Helio P90 Octa Core 4G Smartphone\" src=\"https:\/\/imgaz.staticbg.com\/images\/oaupload\/banggood\/images\/1D\/4D\/cf778bec-b83f-4b60-977e-ffeac82dba1f.jpg.webp\" data-original=\"https:\/\/imgaz.staticbg.com\/images\/oaupload\/banggood\/images\/1D\/4D\/cf778bec-b83f-4b60-977e-ffeac82dba1f.jpg\" \/><br \/>\n<img decoding=\"async\" class=\"bg_lazy\" title=\"Ulefone Armor 7 IP68 IP69K Waterproof 6.3 inch 8GB 128GB 48MP Camera NFC Wireless Charge Helio P90 Octa Core 4G Smartphone\" src=\"https:\/\/imgaz.staticbg.com\/images\/oaupload\/banggood\/images\/04\/F2\/8662a53a-917a-4178-9159-a9a83a3fd2da.jpg.webp\" data-original=\"https:\/\/imgaz.staticbg.com\/images\/oaupload\/banggood\/images\/04\/F2\/8662a53a-917a-4178-9159-a9a83a3fd2da.jpg\" \/><br \/>\n<img decoding=\"async\" class=\"bg_lazy\" title=\"Ulefone Armor 7 IP68 IP69K Waterproof 6.3 inch 8GB 128GB 48MP Camera NFC Wireless Charge Helio P90 Octa Core 4G Smartphone\" src=\"https:\/\/imgaz.staticbg.com\/images\/oaupload\/banggood\/images\/E0\/1A\/ae9581be-5279-43ff-85b3-97630a4c8aab.jpg.webp\" data-original=\"https:\/\/imgaz.staticbg.com\/images\/oaupload\/banggood\/images\/E0\/1A\/ae9581be-5279-43ff-85b3-97630a4c8aab.jpg\" \/><br \/>\n<img decoding=\"async\" class=\"bg_lazy\" title=\"Ulefone Armor 7 IP68 IP69K Waterproof 6.3 inch 8GB 128GB 48MP Camera NFC Wireless Charge Helio P90 Octa Core 4G Smartphone\" src=\"https:\/\/imgaz.staticbg.com\/images\/oaupload\/banggood\/images\/2B\/06\/fe775673-8be8-407d-a786-e3c0ec0538e7.jpg.webp\" data-original=\"https:\/\/imgaz.staticbg.com\/images\/oaupload\/banggood\/images\/2B\/06\/fe775673-8be8-407d-a786-e3c0ec0538e7.jpg\" \/><br \/>\n<img decoding=\"async\" class=\"bg_lazy\" title=\"Ulefone Armor 7 IP68 IP69K Waterproof 6.3 inch 8GB 128GB 48MP Camera NFC Wireless Charge Helio P90 Octa Core 4G Smartphone\" src=\"https:\/\/imgaz.staticbg.com\/images\/oaupload\/banggood\/images\/AC\/45\/202d330a-4b4c-417c-a370-d39b8b8ada8c.jpg.webp\" data-original=\"https:\/\/imgaz.staticbg.com\/images\/oaupload\/banggood\/images\/AC\/45\/202d330a-4b4c-417c-a370-d39b8b8ada8c.jpg\" \/><br \/>\n<img decoding=\"async\" class=\"bg_lazy\" title=\"Ulefone Armor 7 IP68 IP69K Waterproof 6.3 inch 8GB 128GB 48MP Camera NFC Wireless Charge Helio P90 Octa Core 4G Smartphone\" src=\"https:\/\/imgaz.staticbg.com\/images\/oaupload\/banggood\/images\/3E\/FA\/48f6582d-7332-4e9c-b9f9-480a87f3fa18.jpg.webp\" data-original=\"https:\/\/imgaz.staticbg.com\/images\/oaupload\/banggood\/images\/3E\/FA\/48f6582d-7332-4e9c-b9f9-480a87f3fa18.jpg\" \/><\/p>\n","protected":false},"excerpt":{"rendered":"<p>Ulefone Armor 7\u00a0&#8211; vienas pa\u017eangiausi\u0173 ir galingiausi\u0173 rugged\u00a0\u00a0(padidinto patvarumo korpuso) bei vandeniui ir dulk\u0117ms atspari\u0173 telefon\u0173. 128GB vidin\u0117s atminties, 8GB RAM, triguba 48MP + 16MP + 8MP kamera su 4K filmavimu ir penkiaguba LED blykste nenuvils net ir itin auk\u0161tus poreikius turin\u010dio i\u0161manaus \u012frenginio naudotojo. RESOLUTE.LT EL. PARDUOTUV\u0116: \u2013 Standartinis pristatymas (apmokant banko kortele, el. [&#8230;]\n","protected":false},"featured_media":180,"template":"","meta":[],"product_brand":[],"product_cat":[22],"product_tag":[],"class_list":{"0":"post-107","1":"product","2":"type-product","3":"status-publish","4":"has-post-thumbnail","6":"product_cat-ulefone-telefonai","8":"first","9":"instock","10":"sale","11":"shipping-taxable","12":"purchasable","13":"product-type-simple"},"yoast_head":"<!-- This site is optimized with the Yoast SEO plugin v27.5 - https:\/\/yoast.com\/product\/yoast-seo-wordpress\/ -->\n<title>Ulefone Armor 7 - 128\/8GB, Juodas - Resolute.lt<\/title>\n<meta name=\"description\" content=\"Nauji vandeniui ir sm\u016bgiams atspar\u016bs Ulefone telefonai \u017eemiausia kaina! Greitas pristatymas, patogus atsiskaitymas, nauji telefonai pigiau!\" \/>\n<meta name=\"robots\" content=\"index, follow, max-snippet:-1, max-image-preview:large, max-video-preview:-1\" \/>\n<link rel=\"canonical\" href=\"https:\/\/resolute.lt\/index.php\/produktas\/ulefone-armor-7\/\" \/>\n<meta property=\"og:locale\" content=\"lt_LT\" \/>\n<meta property=\"og:type\" content=\"article\" \/>\n<meta property=\"og:title\" content=\"Ulefone Armor 7 - 128\/8GB, Juodas - Resolute.lt\" \/>\n<meta property=\"og:description\" content=\"Nauji vandeniui ir sm\u016bgiams atspar\u016bs Ulefone telefonai \u017eemiausia kaina! Greitas pristatymas, patogus atsiskaitymas, nauji telefonai pigiau!\" \/>\n<meta property=\"og:url\" content=\"https:\/\/resolute.lt\/index.php\/produktas\/ulefone-armor-7\/\" \/>\n<meta property=\"og:site_name\" content=\"Resolute.lt\" \/>\n<meta property=\"article:modified_time\" content=\"2023-12-27T19:02:42+00:00\" \/>\n<meta property=\"og:image\" content=\"https:\/\/resolute.lt\/wp-content\/uploads\/2020\/05\/1-.jpg\" \/>\n\t<meta property=\"og:image:width\" content=\"950\" \/>\n\t<meta property=\"og:image:height\" content=\"950\" \/>\n\t<meta property=\"og:image:type\" content=\"image\/jpeg\" \/>\n<meta name=\"twitter:card\" content=\"summary_large_image\" \/>\n<meta name=\"twitter:label1\" content=\"Est. reading time\" \/>\n\t<meta name=\"twitter:data1\" content=\"5 minut\u0117s\" \/>\n<script type=\"application\/ld+json\" class=\"yoast-schema-graph\">{\"@context\":\"https:\\\/\\\/schema.org\",\"@graph\":[{\"@type\":\"WebPage\",\"@id\":\"https:\\\/\\\/resolute.lt\\\/index.php\\\/produktas\\\/ulefone-armor-7\\\/\",\"url\":\"https:\\\/\\\/resolute.lt\\\/index.php\\\/produktas\\\/ulefone-armor-7\\\/\",\"name\":\"Ulefone Armor 7 - 128\\\/8GB, Juodas - Resolute.lt\",\"isPartOf\":{\"@id\":\"https:\\\/\\\/resolute.lt\\\/#website\"},\"primaryImageOfPage\":{\"@id\":\"https:\\\/\\\/resolute.lt\\\/index.php\\\/produktas\\\/ulefone-armor-7\\\/#primaryimage\"},\"image\":{\"@id\":\"https:\\\/\\\/resolute.lt\\\/index.php\\\/produktas\\\/ulefone-armor-7\\\/#primaryimage\"},\"thumbnailUrl\":\"https:\\\/\\\/resolute.lt\\\/wp-content\\\/uploads\\\/2020\\\/05\\\/1-.jpg\",\"datePublished\":\"2020-05-21T11:36:51+00:00\",\"dateModified\":\"2023-12-27T19:02:42+00:00\",\"description\":\"Nauji vandeniui ir sm\u016bgiams atspar\u016bs Ulefone telefonai \u017eemiausia kaina! Greitas pristatymas, patogus atsiskaitymas, nauji telefonai pigiau!\",\"breadcrumb\":{\"@id\":\"https:\\\/\\\/resolute.lt\\\/index.php\\\/produktas\\\/ulefone-armor-7\\\/#breadcrumb\"},\"inLanguage\":\"lt-LT\",\"potentialAction\":[{\"@type\":\"ReadAction\",\"target\":[\"https:\\\/\\\/resolute.lt\\\/index.php\\\/produktas\\\/ulefone-armor-7\\\/\"]}]},{\"@type\":\"ImageObject\",\"inLanguage\":\"lt-LT\",\"@id\":\"https:\\\/\\\/resolute.lt\\\/index.php\\\/produktas\\\/ulefone-armor-7\\\/#primaryimage\",\"url\":\"https:\\\/\\\/resolute.lt\\\/wp-content\\\/uploads\\\/2020\\\/05\\\/1-.jpg\",\"contentUrl\":\"https:\\\/\\\/resolute.lt\\\/wp-content\\\/uploads\\\/2020\\\/05\\\/1-.jpg\",\"width\":950,\"height\":950},{\"@type\":\"BreadcrumbList\",\"@id\":\"https:\\\/\\\/resolute.lt\\\/index.php\\\/produktas\\\/ulefone-armor-7\\\/#breadcrumb\",\"itemListElement\":[{\"@type\":\"ListItem\",\"position\":1,\"name\":\"Home\",\"item\":\"https:\\\/\\\/resolute.lt\\\/\"},{\"@type\":\"ListItem\",\"position\":2,\"name\":\"Resolute.lt\",\"item\":\"https:\\\/\\\/resolute.lt\\\/\"},{\"@type\":\"ListItem\",\"position\":3,\"name\":\"Ulefone Armor 7 &#8211; 128\\\/8GB, Juodas\"}]},{\"@type\":\"WebSite\",\"@id\":\"https:\\\/\\\/resolute.lt\\\/#website\",\"url\":\"https:\\\/\\\/resolute.lt\\\/\",\"name\":\"Resolute.lt\",\"description\":\"Sm\u016bgiams ir vandeniui telefonai\",\"potentialAction\":[{\"@type\":\"SearchAction\",\"target\":{\"@type\":\"EntryPoint\",\"urlTemplate\":\"https:\\\/\\\/resolute.lt\\\/?s={search_term_string}\"},\"query-input\":{\"@type\":\"PropertyValueSpecification\",\"valueRequired\":true,\"valueName\":\"search_term_string\"}}],\"inLanguage\":\"lt-LT\"}]}<\/script>\n<!-- \/ Yoast SEO plugin. -->","yoast_head_json":{"title":"Ulefone Armor 7 - 128\/8GB, Juodas - Resolute.lt","description":"Nauji vandeniui ir sm\u016bgiams atspar\u016bs Ulefone telefonai \u017eemiausia kaina! Greitas pristatymas, patogus atsiskaitymas, nauji telefonai pigiau!","robots":{"index":"index","follow":"follow","max-snippet":"max-snippet:-1","max-image-preview":"max-image-preview:large","max-video-preview":"max-video-preview:-1"},"canonical":"https:\/\/resolute.lt\/index.php\/produktas\/ulefone-armor-7\/","og_locale":"lt_LT","og_type":"article","og_title":"Ulefone Armor 7 - 128\/8GB, Juodas - Resolute.lt","og_description":"Nauji vandeniui ir sm\u016bgiams atspar\u016bs Ulefone telefonai \u017eemiausia kaina! Greitas pristatymas, patogus atsiskaitymas, nauji telefonai pigiau!","og_url":"https:\/\/resolute.lt\/index.php\/produktas\/ulefone-armor-7\/","og_site_name":"Resolute.lt","article_modified_time":"2023-12-27T19:02:42+00:00","og_image":[{"width":950,"height":950,"url":"https:\/\/resolute.lt\/wp-content\/uploads\/2020\/05\/1-.jpg","type":"image\/jpeg"}],"twitter_card":"summary_large_image","twitter_misc":{"Est. reading time":"5 minut\u0117s"},"schema":{"@context":"https:\/\/schema.org","@graph":[{"@type":"WebPage","@id":"https:\/\/resolute.lt\/index.php\/produktas\/ulefone-armor-7\/","url":"https:\/\/resolute.lt\/index.php\/produktas\/ulefone-armor-7\/","name":"Ulefone Armor 7 - 128\/8GB, Juodas - Resolute.lt","isPartOf":{"@id":"https:\/\/resolute.lt\/#website"},"primaryImageOfPage":{"@id":"https:\/\/resolute.lt\/index.php\/produktas\/ulefone-armor-7\/#primaryimage"},"image":{"@id":"https:\/\/resolute.lt\/index.php\/produktas\/ulefone-armor-7\/#primaryimage"},"thumbnailUrl":"https:\/\/resolute.lt\/wp-content\/uploads\/2020\/05\/1-.jpg","datePublished":"2020-05-21T11:36:51+00:00","dateModified":"2023-12-27T19:02:42+00:00","description":"Nauji vandeniui ir sm\u016bgiams atspar\u016bs Ulefone telefonai \u017eemiausia kaina! Greitas pristatymas, patogus atsiskaitymas, nauji telefonai pigiau!","breadcrumb":{"@id":"https:\/\/resolute.lt\/index.php\/produktas\/ulefone-armor-7\/#breadcrumb"},"inLanguage":"lt-LT","potentialAction":[{"@type":"ReadAction","target":["https:\/\/resolute.lt\/index.php\/produktas\/ulefone-armor-7\/"]}]},{"@type":"ImageObject","inLanguage":"lt-LT","@id":"https:\/\/resolute.lt\/index.php\/produktas\/ulefone-armor-7\/#primaryimage","url":"https:\/\/resolute.lt\/wp-content\/uploads\/2020\/05\/1-.jpg","contentUrl":"https:\/\/resolute.lt\/wp-content\/uploads\/2020\/05\/1-.jpg","width":950,"height":950},{"@type":"BreadcrumbList","@id":"https:\/\/resolute.lt\/index.php\/produktas\/ulefone-armor-7\/#breadcrumb","itemListElement":[{"@type":"ListItem","position":1,"name":"Home","item":"https:\/\/resolute.lt\/"},{"@type":"ListItem","position":2,"name":"Resolute.lt","item":"https:\/\/resolute.lt\/"},{"@type":"ListItem","position":3,"name":"Ulefone Armor 7 &#8211; 128\/8GB, Juodas"}]},{"@type":"WebSite","@id":"https:\/\/resolute.lt\/#website","url":"https:\/\/resolute.lt\/","name":"Resolute.lt","description":"Sm\u016bgiams ir vandeniui telefonai","potentialAction":[{"@type":"SearchAction","target":{"@type":"EntryPoint","urlTemplate":"https:\/\/resolute.lt\/?s={search_term_string}"},"query-input":{"@type":"PropertyValueSpecification","valueRequired":true,"valueName":"search_term_string"}}],"inLanguage":"lt-LT"}]}},"_links":{"self":[{"href":"https:\/\/resolute.lt\/index.php\/wp-json\/wp\/v2\/product\/107","targetHints":{"allow":["GET"]}}],"collection":[{"href":"https:\/\/resolute.lt\/index.php\/wp-json\/wp\/v2\/product"}],"about":[{"href":"https:\/\/resolute.lt\/index.php\/wp-json\/wp\/v2\/types\/product"}],"wp:featuredmedia":[{"embeddable":true,"href":"https:\/\/resolute.lt\/index.php\/wp-json\/wp\/v2\/media\/180"}],"wp:attachment":[{"href":"https:\/\/resolute.lt\/index.php\/wp-json\/wp\/v2\/media?parent=107"}],"wp:term":[{"taxonomy":"product_brand","embeddable":true,"href":"https:\/\/resolute.lt\/index.php\/wp-json\/wp\/v2\/product_brand?post=107"},{"taxonomy":"product_cat","embeddable":true,"href":"https:\/\/resolute.lt\/index.php\/wp-json\/wp\/v2\/product_cat?post=107"},{"taxonomy":"product_tag","embeddable":true,"href":"https:\/\/resolute.lt\/index.php\/wp-json\/wp\/v2\/product_tag?post=107"}],"curies":[{"name":"wp","href":"https:\/\/api.w.org\/{rel}","templated":true}]}}