{"id":1041,"date":"2021-01-02T16:44:07","date_gmt":"2021-01-02T16:44:07","guid":{"rendered":"https:\/\/resolute.lt\/?post_type=product&#038;p=1041"},"modified":"2023-12-27T19:02:34","modified_gmt":"2023-12-27T19:02:34","slug":"ulefone-armor-10","status":"publish","type":"product","link":"https:\/\/resolute.lt\/index.php\/produktas\/ulefone-armor-10\/","title":{"rendered":"Ulefone Armor 10 5G &#8211; 128\/8GB, Juodas"},"content":{"rendered":"<p><strong>Ulefone Armor 10 5G<\/strong>\u00a0\u2013 pirmasis pasaulyje vandeniui ir sm\u016bgiams atsparus telefonas su 5G ry\u0161io palaikymu. \u012erenginys nenuvils net ir auk\u0161\u010diausius reikalavimus turin\u010dio naudotojo, pasi\u016blydamas \u0161iuos parametrus: 64MP Samsung kamera su 4K filmavimu, 128GB vidin\u0117 ir 8GB darbin\u0117 (RAM) atmintis, Full HD+ rai\u0161kos 6,67\u2033 ekranas bei ilgo tarnavimo (5800 mAh) baterija su greitojo belaid\u017eio \u012fkrovimo funkcija. Android 10 operacin\u0117 sistema su lietuvi\u0173 kalba.<\/p>\n<p><strong><a href=\"https:\/\/www.resolute.lt\/\">RESOLUTE.LT EL. PARDUOTUV\u0116:<\/a><br \/>\n<\/strong>\u2013 Standartinis pristatymas (apmokant banko kortele, el. bankininkyste, Paysera ar Paypal).<\/p>\n<p><strong>KOMPLEKTACIJA:<\/strong><br \/>\n1 x i\u0161manus \u012frenginys<br \/>\n1 x \u012fkroviklis (greitojo \u012fkrovimo, 15W)<br \/>\n1 x USB Type-C laidas<br \/>\n1 x USB Type-C \u2013 AUX (ausini\u0173 lizdo) adapteris<br \/>\n1 x apsaugin\u0117 ekrano pl\u0117vel\u0117 (u\u017ed\u0117ta gamykli\u0161kai)<br \/>\n1 x apsauginis ekrano gr\u016bdintas stiklas (papildomas)<br \/>\n1 x SIM lizdo adat\u0117l\u0117<br \/>\n1 x naudojimosi instrukcijos<\/p>\n<p><b>PARAMETRAI:\u00a0<\/b><br \/>\nA\u0161tuoni\u0173 branduoli\u0173 MediaTek MT6873 Dimensity 800 5G (7 nm) (4x 2,0 GHz Cortex-A76 ir 4x 2,0 GHz Cortex-A55) procesorius<br \/>\nMali-G57 MP4 vaizdo plok\u0161t\u0117<br \/>\nAndroid 10 operacin\u0117 sistema, planuojamas atnaujinimas \u012f Android 11<br \/>\nPlay Store aplikacij\u0173 parduotuv\u0117<br \/>\nLietuvi\u0173, lenk\u0173, rus\u0173, angl\u0173 ir kt. kalbos<br \/>\n128GB vidin\u0117 atmintis<br \/>\nMicroSD atminties kortel\u0117s palaikymas (iki 2TB)<br \/>\n8GB darbin\u0117 atmintis (RAM)<br \/>\nFull HD+ 2400 x 1080 rai\u0161kos 6,67\u2033 IPS LCD ekranas (395 PPI)<br \/>\nKeturguba 64 MP (Samsung S5KGW1 sensorius) + 8 MP (plataus kampo) + 5 MP (makro) + 2 MP (gylio) pagrindin\u0117 kamera, 4K@30fps filmavimas<br \/>\n16 MP priekin\u0117 kamera, 1080p@30fps filmavimas<br \/>\nYpa\u010d talpi (5800 mAh) baterija<br \/>\nDviej\u0173 Nano-SIM korteli\u0173 palaikymas<br \/>\nWiFi, Bluetooth 5.0, GPS, NFC, FM radijo, Edge, 3G (HSPA+), 4G, 5G ry\u0161iai<br \/>\nUSB Type-C greitojo \u012fkrovimo (15W) ir duomen\u0173 perk\u0117limo lizdas<br \/>\nGreitojo belaid\u017eio \u012fkrovimo funkcija (15W)<br \/>\n\u0160oninis pir\u0161t\u0173 antspaud\u0173 sensorius<br \/>\nIP68 sertifikatas (atsparumas vandeniui ir dulk\u0117ms)<br \/>\n<span class=\"\">I\u0161matavimai: 176,5 x 82,8 x 14,6 mm<br \/>\n<\/span>Svoris: 328 g<span class=\"\"><br \/>\nGamybos metai: 2023<\/span><\/p>\n<p><img loading=\"lazy\" decoding=\"async\" style=\"-webkit-user-select: none; margin: auto; cursor: zoom-in;\" src=\"https:\/\/imgaz.staticbg.com\/images\/oaupload\/banggood\/images\/F2\/CA\/8c2ee0e3-6e9c-4f38-aa7d-27c492e9ef47.jpg.webp\" width=\"981\" height=\"552\" \/><br \/>\n<img loading=\"lazy\" decoding=\"async\" style=\"-webkit-user-select: none; margin: auto; cursor: zoom-in;\" src=\"https:\/\/imgaz.staticbg.com\/images\/oaupload\/banggood\/images\/B0\/9F\/de2399f9-7081-48d9-afad-882809a3803b.jpg.webp\" width=\"981\" height=\"552\" \/><br \/>\n<img loading=\"lazy\" decoding=\"async\" style=\"-webkit-user-select: none; margin: auto; cursor: zoom-in;\" src=\"https:\/\/imgaz.staticbg.com\/images\/oaupload\/banggood\/images\/1F\/B7\/ee322560-6c86-4693-9fe3-ec2564bfc099.jpg.webp\" width=\"981\" height=\"552\" \/><br \/>\n<img loading=\"lazy\" decoding=\"async\" style=\"-webkit-user-select: none; margin: auto; cursor: zoom-in;\" src=\"https:\/\/imgaz.staticbg.com\/images\/oaupload\/banggood\/images\/74\/E5\/f330340f-1310-453d-a30a-0605e4c0366f.jpg.webp\" width=\"981\" height=\"552\" \/><br \/>\n<img loading=\"lazy\" decoding=\"async\" style=\"-webkit-user-select: none; margin: auto; cursor: zoom-in;\" src=\"https:\/\/imgaz.staticbg.com\/images\/oaupload\/banggood\/images\/58\/7D\/4e7fdc9f-e98a-45c1-aa62-3f63a5092138.jpg.webp\" width=\"981\" height=\"552\" \/><br \/>\n<img loading=\"lazy\" decoding=\"async\" style=\"-webkit-user-select: none; margin: auto; cursor: zoom-in;\" src=\"https:\/\/imgaz.staticbg.com\/images\/oaupload\/banggood\/images\/24\/79\/6d43fc92-cf3e-4a5d-b517-57d3ec17ace1.jpg.webp\" width=\"981\" height=\"552\" \/><br \/>\n<img loading=\"lazy\" decoding=\"async\" style=\"-webkit-user-select: none; margin: auto; cursor: zoom-in;\" src=\"https:\/\/imgaz.staticbg.com\/images\/oaupload\/banggood\/images\/D1\/64\/6823138a-d1f2-4743-935a-5774b79abc23.jpg.webp\" width=\"981\" height=\"552\" \/><br \/>\n<img loading=\"lazy\" decoding=\"async\" style=\"-webkit-user-select: none; margin: auto; cursor: zoom-in;\" src=\"https:\/\/imgaz.staticbg.com\/images\/oaupload\/banggood\/images\/1A\/66\/278bf1e3-7372-4d07-92c5-35b01833940d.jpg.webp\" width=\"981\" height=\"552\" \/><br \/>\n<img loading=\"lazy\" decoding=\"async\" style=\"-webkit-user-select: none; margin: auto; cursor: zoom-in;\" src=\"https:\/\/imgaz.staticbg.com\/images\/oaupload\/banggood\/images\/B6\/01\/aa9ae9bd-0cfe-4395-92b7-0e612013f417.jpg.webp\" width=\"981\" height=\"552\" \/><br \/>\n<img loading=\"lazy\" decoding=\"async\" style=\"-webkit-user-select: none; margin: auto; cursor: zoom-in;\" src=\"https:\/\/imgaz.staticbg.com\/images\/oaupload\/banggood\/images\/0D\/CD\/75864ead-73d0-4810-8578-9aceda646155.jpg.webp\" width=\"981\" height=\"552\" \/><br \/>\n<img loading=\"lazy\" decoding=\"async\" style=\"-webkit-user-select: none; margin: auto; cursor: zoom-in;\" src=\"https:\/\/imgaz.staticbg.com\/images\/oaupload\/banggood\/images\/34\/7D\/950dc4b8-4d31-4386-9146-3c7abe3ce039.jpg.webp\" width=\"981\" height=\"552\" \/><br \/>\n<img loading=\"lazy\" decoding=\"async\" style=\"-webkit-user-select: none; margin: auto; cursor: zoom-in;\" src=\"https:\/\/imgaz.staticbg.com\/images\/oaupload\/banggood\/images\/C7\/A0\/74eb04f7-784d-4406-a1c1-ae4f3b78f464.jpg.webp\" width=\"981\" height=\"552\" \/><br \/>\n<img loading=\"lazy\" decoding=\"async\" style=\"-webkit-user-select: none; margin: auto; cursor: zoom-in;\" src=\"https:\/\/imgaz.staticbg.com\/images\/oaupload\/banggood\/images\/6E\/6A\/400e740b-8862-4d74-b0a8-c48210c7154c.jpg.webp\" width=\"981\" height=\"552\" \/><\/p>\n","protected":false},"excerpt":{"rendered":"<p>Ulefone Armor 10 5G\u00a0\u2013 pirmasis pasaulyje vandeniui ir sm\u016bgiams atsparus telefonas su 5G ry\u0161io palaikymu. \u012erenginys nenuvils net ir auk\u0161\u010diausius reikalavimus turin\u010dio naudotojo, pasi\u016blydamas \u0161iuos parametrus: 64MP Samsung kamera su 4K filmavimu, 128GB vidin\u0117 ir 8GB darbin\u0117 (RAM) atmintis, Full HD+ rai\u0161kos 6,67\u2033 ekranas bei ilgo tarnavimo (5800 mAh) baterija su greitojo belaid\u017eio \u012fkrovimo funkcija. [&#8230;]\n","protected":false},"featured_media":1831,"template":"","meta":[],"product_brand":[],"product_cat":[22],"product_tag":[],"class_list":{"0":"post-1041","1":"product","2":"type-product","3":"status-publish","4":"has-post-thumbnail","6":"product_cat-ulefone-telefonai","8":"first","9":"instock","10":"sale","11":"shipping-taxable","12":"purchasable","13":"product-type-simple"},"yoast_head":"<!-- This site is optimized with the Yoast SEO plugin v27.5 - https:\/\/yoast.com\/product\/yoast-seo-wordpress\/ -->\n<title>Ulefone Armor 10 5G - 128\/8GB, Juodas - Resolute.lt<\/title>\n<meta name=\"description\" content=\"Nauji vandeniui ir sm\u016bgiams atspar\u016bs Ulefone telefonai \u017eemiausia kaina! Greitas pristatymas, patogus atsiskaitymas, nauji telefonai pigiau!\" \/>\n<meta name=\"robots\" content=\"index, follow, max-snippet:-1, max-image-preview:large, max-video-preview:-1\" \/>\n<link rel=\"canonical\" href=\"https:\/\/resolute.lt\/index.php\/produktas\/ulefone-armor-10\/\" \/>\n<meta property=\"og:locale\" content=\"lt_LT\" \/>\n<meta property=\"og:type\" content=\"article\" \/>\n<meta property=\"og:title\" content=\"Ulefone Armor 10 5G - 128\/8GB, Juodas - Resolute.lt\" \/>\n<meta property=\"og:description\" content=\"Nauji vandeniui ir sm\u016bgiams atspar\u016bs Ulefone telefonai \u017eemiausia kaina! Greitas pristatymas, patogus atsiskaitymas, nauji telefonai pigiau!\" \/>\n<meta property=\"og:url\" content=\"https:\/\/resolute.lt\/index.php\/produktas\/ulefone-armor-10\/\" \/>\n<meta property=\"og:site_name\" content=\"Resolute.lt\" \/>\n<meta property=\"article:modified_time\" content=\"2023-12-27T19:02:34+00:00\" \/>\n<meta property=\"og:image\" content=\"https:\/\/resolute.lt\/wp-content\/uploads\/2021\/01\/1-3.jpg\" \/>\n\t<meta property=\"og:image:width\" content=\"1046\" \/>\n\t<meta property=\"og:image:height\" content=\"1060\" \/>\n\t<meta property=\"og:image:type\" content=\"image\/jpeg\" \/>\n<meta name=\"twitter:card\" content=\"summary_large_image\" \/>\n<meta name=\"twitter:label1\" content=\"Est. reading time\" \/>\n\t<meta name=\"twitter:data1\" content=\"5 minut\u0117s\" \/>\n<script type=\"application\/ld+json\" class=\"yoast-schema-graph\">{\"@context\":\"https:\\\/\\\/schema.org\",\"@graph\":[{\"@type\":\"WebPage\",\"@id\":\"https:\\\/\\\/resolute.lt\\\/index.php\\\/produktas\\\/ulefone-armor-10\\\/\",\"url\":\"https:\\\/\\\/resolute.lt\\\/index.php\\\/produktas\\\/ulefone-armor-10\\\/\",\"name\":\"Ulefone Armor 10 5G - 128\\\/8GB, Juodas - Resolute.lt\",\"isPartOf\":{\"@id\":\"https:\\\/\\\/resolute.lt\\\/#website\"},\"primaryImageOfPage\":{\"@id\":\"https:\\\/\\\/resolute.lt\\\/index.php\\\/produktas\\\/ulefone-armor-10\\\/#primaryimage\"},\"image\":{\"@id\":\"https:\\\/\\\/resolute.lt\\\/index.php\\\/produktas\\\/ulefone-armor-10\\\/#primaryimage\"},\"thumbnailUrl\":\"https:\\\/\\\/resolute.lt\\\/wp-content\\\/uploads\\\/2021\\\/01\\\/1-3.jpg\",\"datePublished\":\"2021-01-02T16:44:07+00:00\",\"dateModified\":\"2023-12-27T19:02:34+00:00\",\"description\":\"Nauji vandeniui ir sm\u016bgiams atspar\u016bs Ulefone telefonai \u017eemiausia kaina! Greitas pristatymas, patogus atsiskaitymas, nauji telefonai pigiau!\",\"breadcrumb\":{\"@id\":\"https:\\\/\\\/resolute.lt\\\/index.php\\\/produktas\\\/ulefone-armor-10\\\/#breadcrumb\"},\"inLanguage\":\"lt-LT\",\"potentialAction\":[{\"@type\":\"ReadAction\",\"target\":[\"https:\\\/\\\/resolute.lt\\\/index.php\\\/produktas\\\/ulefone-armor-10\\\/\"]}]},{\"@type\":\"ImageObject\",\"inLanguage\":\"lt-LT\",\"@id\":\"https:\\\/\\\/resolute.lt\\\/index.php\\\/produktas\\\/ulefone-armor-10\\\/#primaryimage\",\"url\":\"https:\\\/\\\/resolute.lt\\\/wp-content\\\/uploads\\\/2021\\\/01\\\/1-3.jpg\",\"contentUrl\":\"https:\\\/\\\/resolute.lt\\\/wp-content\\\/uploads\\\/2021\\\/01\\\/1-3.jpg\",\"width\":1046,\"height\":1060},{\"@type\":\"BreadcrumbList\",\"@id\":\"https:\\\/\\\/resolute.lt\\\/index.php\\\/produktas\\\/ulefone-armor-10\\\/#breadcrumb\",\"itemListElement\":[{\"@type\":\"ListItem\",\"position\":1,\"name\":\"Home\",\"item\":\"https:\\\/\\\/resolute.lt\\\/\"},{\"@type\":\"ListItem\",\"position\":2,\"name\":\"Resolute.lt\",\"item\":\"https:\\\/\\\/resolute.lt\\\/\"},{\"@type\":\"ListItem\",\"position\":3,\"name\":\"Ulefone Armor 10 5G &#8211; 128\\\/8GB, Juodas\"}]},{\"@type\":\"WebSite\",\"@id\":\"https:\\\/\\\/resolute.lt\\\/#website\",\"url\":\"https:\\\/\\\/resolute.lt\\\/\",\"name\":\"Resolute.lt\",\"description\":\"Sm\u016bgiams ir vandeniui telefonai\",\"potentialAction\":[{\"@type\":\"SearchAction\",\"target\":{\"@type\":\"EntryPoint\",\"urlTemplate\":\"https:\\\/\\\/resolute.lt\\\/?s={search_term_string}\"},\"query-input\":{\"@type\":\"PropertyValueSpecification\",\"valueRequired\":true,\"valueName\":\"search_term_string\"}}],\"inLanguage\":\"lt-LT\"}]}<\/script>\n<!-- \/ Yoast SEO plugin. -->","yoast_head_json":{"title":"Ulefone Armor 10 5G - 128\/8GB, Juodas - Resolute.lt","description":"Nauji vandeniui ir sm\u016bgiams atspar\u016bs Ulefone telefonai \u017eemiausia kaina! Greitas pristatymas, patogus atsiskaitymas, nauji telefonai pigiau!","robots":{"index":"index","follow":"follow","max-snippet":"max-snippet:-1","max-image-preview":"max-image-preview:large","max-video-preview":"max-video-preview:-1"},"canonical":"https:\/\/resolute.lt\/index.php\/produktas\/ulefone-armor-10\/","og_locale":"lt_LT","og_type":"article","og_title":"Ulefone Armor 10 5G - 128\/8GB, Juodas - Resolute.lt","og_description":"Nauji vandeniui ir sm\u016bgiams atspar\u016bs Ulefone telefonai \u017eemiausia kaina! Greitas pristatymas, patogus atsiskaitymas, nauji telefonai pigiau!","og_url":"https:\/\/resolute.lt\/index.php\/produktas\/ulefone-armor-10\/","og_site_name":"Resolute.lt","article_modified_time":"2023-12-27T19:02:34+00:00","og_image":[{"width":1046,"height":1060,"url":"https:\/\/resolute.lt\/wp-content\/uploads\/2021\/01\/1-3.jpg","type":"image\/jpeg"}],"twitter_card":"summary_large_image","twitter_misc":{"Est. reading time":"5 minut\u0117s"},"schema":{"@context":"https:\/\/schema.org","@graph":[{"@type":"WebPage","@id":"https:\/\/resolute.lt\/index.php\/produktas\/ulefone-armor-10\/","url":"https:\/\/resolute.lt\/index.php\/produktas\/ulefone-armor-10\/","name":"Ulefone Armor 10 5G - 128\/8GB, Juodas - Resolute.lt","isPartOf":{"@id":"https:\/\/resolute.lt\/#website"},"primaryImageOfPage":{"@id":"https:\/\/resolute.lt\/index.php\/produktas\/ulefone-armor-10\/#primaryimage"},"image":{"@id":"https:\/\/resolute.lt\/index.php\/produktas\/ulefone-armor-10\/#primaryimage"},"thumbnailUrl":"https:\/\/resolute.lt\/wp-content\/uploads\/2021\/01\/1-3.jpg","datePublished":"2021-01-02T16:44:07+00:00","dateModified":"2023-12-27T19:02:34+00:00","description":"Nauji vandeniui ir sm\u016bgiams atspar\u016bs Ulefone telefonai \u017eemiausia kaina! Greitas pristatymas, patogus atsiskaitymas, nauji telefonai pigiau!","breadcrumb":{"@id":"https:\/\/resolute.lt\/index.php\/produktas\/ulefone-armor-10\/#breadcrumb"},"inLanguage":"lt-LT","potentialAction":[{"@type":"ReadAction","target":["https:\/\/resolute.lt\/index.php\/produktas\/ulefone-armor-10\/"]}]},{"@type":"ImageObject","inLanguage":"lt-LT","@id":"https:\/\/resolute.lt\/index.php\/produktas\/ulefone-armor-10\/#primaryimage","url":"https:\/\/resolute.lt\/wp-content\/uploads\/2021\/01\/1-3.jpg","contentUrl":"https:\/\/resolute.lt\/wp-content\/uploads\/2021\/01\/1-3.jpg","width":1046,"height":1060},{"@type":"BreadcrumbList","@id":"https:\/\/resolute.lt\/index.php\/produktas\/ulefone-armor-10\/#breadcrumb","itemListElement":[{"@type":"ListItem","position":1,"name":"Home","item":"https:\/\/resolute.lt\/"},{"@type":"ListItem","position":2,"name":"Resolute.lt","item":"https:\/\/resolute.lt\/"},{"@type":"ListItem","position":3,"name":"Ulefone Armor 10 5G &#8211; 128\/8GB, Juodas"}]},{"@type":"WebSite","@id":"https:\/\/resolute.lt\/#website","url":"https:\/\/resolute.lt\/","name":"Resolute.lt","description":"Sm\u016bgiams ir vandeniui telefonai","potentialAction":[{"@type":"SearchAction","target":{"@type":"EntryPoint","urlTemplate":"https:\/\/resolute.lt\/?s={search_term_string}"},"query-input":{"@type":"PropertyValueSpecification","valueRequired":true,"valueName":"search_term_string"}}],"inLanguage":"lt-LT"}]}},"_links":{"self":[{"href":"https:\/\/resolute.lt\/index.php\/wp-json\/wp\/v2\/product\/1041","targetHints":{"allow":["GET"]}}],"collection":[{"href":"https:\/\/resolute.lt\/index.php\/wp-json\/wp\/v2\/product"}],"about":[{"href":"https:\/\/resolute.lt\/index.php\/wp-json\/wp\/v2\/types\/product"}],"wp:featuredmedia":[{"embeddable":true,"href":"https:\/\/resolute.lt\/index.php\/wp-json\/wp\/v2\/media\/1831"}],"wp:attachment":[{"href":"https:\/\/resolute.lt\/index.php\/wp-json\/wp\/v2\/media?parent=1041"}],"wp:term":[{"taxonomy":"product_brand","embeddable":true,"href":"https:\/\/resolute.lt\/index.php\/wp-json\/wp\/v2\/product_brand?post=1041"},{"taxonomy":"product_cat","embeddable":true,"href":"https:\/\/resolute.lt\/index.php\/wp-json\/wp\/v2\/product_cat?post=1041"},{"taxonomy":"product_tag","embeddable":true,"href":"https:\/\/resolute.lt\/index.php\/wp-json\/wp\/v2\/product_tag?post=1041"}],"curies":[{"name":"wp","href":"https:\/\/api.w.org\/{rel}","templated":true}]}}