{"id":9,"date":"2020-04-19T13:17:27","date_gmt":"2020-04-19T13:17:27","guid":{"rendered":"http:\/\/resolute.lt\/index.php\/paskyra\/"},"modified":"2025-03-18T11:56:17","modified_gmt":"2025-03-18T11:56:17","slug":"pirkejo-paskyra","status":"publish","type":"page","link":"https:\/\/resolute.lt\/index.php\/pirkejo-paskyra\/","title":{"rendered":"Pirk\u0117jo paskyra"},"content":{"rendered":"<div class=\"woocommerce\"><div class=\"woocommerce-notices-wrapper\"><\/div>\n<div class=\"account-container lightbox-inner\">\n\n\t\n\t\t\t<div class=\"account-login-inner\">\n\n\t\t\t\t<h2 class=\"uppercase h3\">Prisijungti<\/h2>\n\n\t\t\t\t<form class=\"woocommerce-form woocommerce-form-login login\" method=\"post\" novalidate>\n\n\t\t\t\t\t\n\t\t\t\t\t<p class=\"woocommerce-form-row woocommerce-form-row--wide form-row form-row-wide\">\n\t\t\t\t\t\t<label for=\"username\">Vartotojo vardas arba el. pa\u0161tas&nbsp;<span class=\"required\" aria-hidden=\"true\">*<\/span><span class=\"screen-reader-text\">Privalomas<\/span><\/label>\n\t\t\t\t\t\t<input type=\"text\" class=\"woocommerce-Input woocommerce-Input--text input-text\" name=\"username\" id=\"username\" autocomplete=\"username\" value=\"\" required aria-required=\"true\" \/>\t\t\t\t\t<\/p>\n\t\t\t\t\t<p class=\"woocommerce-form-row woocommerce-form-row--wide form-row form-row-wide\">\n\t\t\t\t\t\t<label for=\"password\">Slapta\u017eodis&nbsp;<span class=\"required\" aria-hidden=\"true\">*<\/span><span class=\"screen-reader-text\">Privalomas<\/span><\/label>\n\t\t\t\t\t\t<input class=\"woocommerce-Input woocommerce-Input--text input-text\" type=\"password\" name=\"password\" id=\"password\" autocomplete=\"current-password\" required aria-required=\"true\" \/>\n\t\t\t\t\t<\/p>\n\n\t\t\t\t\t\n\t\t\t\t\t<p class=\"form-row\">\n\t\t\t\t\t\t<label class=\"woocommerce-form__label woocommerce-form__label-for-checkbox woocommerce-form-login__rememberme\">\n\t\t\t\t\t\t\t<input class=\"woocommerce-form__input woocommerce-form__input-checkbox\" name=\"rememberme\" type=\"checkbox\" id=\"rememberme\" value=\"forever\" \/> <span>Prisiminti mane<\/span>\n\t\t\t\t\t\t<\/label>\n\t\t\t\t\t\t<input type=\"hidden\" id=\"woocommerce-login-nonce\" name=\"woocommerce-login-nonce\" value=\"2659c7cf05\" \/><input type=\"hidden\" name=\"_wp_http_referer\" value=\"\/index.php\/wp-json\/wp\/v2\/pages\/9\" \/>\t\t\t\t\t\t<button type=\"submit\" class=\"woocommerce-button button woocommerce-form-login__submit\" name=\"login\" value=\"Prisijungti\">Prisijungti<\/button>\n\t\t\t\t\t<\/p>\n\t\t\t\t\t<p class=\"woocommerce-LostPassword lost_password\">\n\t\t\t\t\t\t<a href=\"https:\/\/resolute.lt\/index.php\/pirkejo-paskyra\/lost-password\/\">Praradote savo slapta\u017eod\u012f?<\/a>\n\t\t\t\t\t<\/p>\n\n\t\t\t\t\t\n\t\t\t\t<\/form>\n\t\t\t<\/div>\n\n\t\t\t\n<\/div>\n\n<\/div>\n","protected":false},"excerpt":{"rendered":"","protected":false},"author":1,"featured_media":0,"parent":0,"menu_order":0,"comment_status":"closed","ping_status":"closed","template":"","meta":{"footnotes":""},"class_list":["post-9","page","type-page","status-publish","hentry"],"yoast_head":"<!-- This site is optimized with the Yoast SEO plugin v27.5 - https:\/\/yoast.com\/product\/yoast-seo-wordpress\/ -->\n<title>Pirk\u0117jo paskyra - Resolute.lt<\/title>\n<meta name=\"description\" content=\"Prisijunkite \u012f Resolute.lt pirk\u0117jo paskyr\u0105. U\u017esakym\u0173 informacija, u\u017esakym\u0173 istorija ir u\u017esakym\u0173 valdymas vienoje vietoje!\" \/>\n<meta name=\"robots\" content=\"index, follow, max-snippet:-1, max-image-preview:large, max-video-preview:-1\" \/>\n<link rel=\"canonical\" href=\"https:\/\/resolute.lt\/index.php\/pirkejo-paskyra\/\" \/>\n<meta property=\"og:locale\" content=\"lt_LT\" \/>\n<meta property=\"og:type\" content=\"article\" \/>\n<meta property=\"og:title\" content=\"Pirk\u0117jo paskyra - Resolute.lt\" \/>\n<meta property=\"og:description\" content=\"Prisijunkite \u012f Resolute.lt pirk\u0117jo paskyr\u0105. U\u017esakym\u0173 informacija, u\u017esakym\u0173 istorija ir u\u017esakym\u0173 valdymas vienoje vietoje!\" \/>\n<meta property=\"og:url\" content=\"https:\/\/resolute.lt\/index.php\/pirkejo-paskyra\/\" \/>\n<meta property=\"og:site_name\" content=\"Resolute.lt\" \/>\n<meta property=\"article:modified_time\" content=\"2025-03-18T11:56:17+00:00\" \/>\n<meta name=\"twitter:card\" content=\"summary_large_image\" \/>\n<meta name=\"twitter:label1\" content=\"Est. reading time\" \/>\n\t<meta name=\"twitter:data1\" content=\"1 minut\u0117\" \/>\n<script type=\"application\/ld+json\" class=\"yoast-schema-graph\">{\"@context\":\"https:\\\/\\\/schema.org\",\"@graph\":[{\"@type\":\"WebPage\",\"@id\":\"https:\\\/\\\/resolute.lt\\\/index.php\\\/pirkejo-paskyra\\\/\",\"url\":\"https:\\\/\\\/resolute.lt\\\/index.php\\\/pirkejo-paskyra\\\/\",\"name\":\"Pirk\u0117jo paskyra - Resolute.lt\",\"isPartOf\":{\"@id\":\"https:\\\/\\\/resolute.lt\\\/#website\"},\"datePublished\":\"2020-04-19T13:17:27+00:00\",\"dateModified\":\"2025-03-18T11:56:17+00:00\",\"description\":\"Prisijunkite \u012f Resolute.lt pirk\u0117jo paskyr\u0105. U\u017esakym\u0173 informacija, u\u017esakym\u0173 istorija ir u\u017esakym\u0173 valdymas vienoje vietoje!\",\"breadcrumb\":{\"@id\":\"https:\\\/\\\/resolute.lt\\\/index.php\\\/pirkejo-paskyra\\\/#breadcrumb\"},\"inLanguage\":\"lt-LT\",\"potentialAction\":[{\"@type\":\"ReadAction\",\"target\":[\"https:\\\/\\\/resolute.lt\\\/index.php\\\/pirkejo-paskyra\\\/\"]}]},{\"@type\":\"BreadcrumbList\",\"@id\":\"https:\\\/\\\/resolute.lt\\\/index.php\\\/pirkejo-paskyra\\\/#breadcrumb\",\"itemListElement\":[{\"@type\":\"ListItem\",\"position\":1,\"name\":\"Home\",\"item\":\"https:\\\/\\\/resolute.lt\\\/\"},{\"@type\":\"ListItem\",\"position\":2,\"name\":\"Pirk\u0117jo paskyra\"}]},{\"@type\":\"WebSite\",\"@id\":\"https:\\\/\\\/resolute.lt\\\/#website\",\"url\":\"https:\\\/\\\/resolute.lt\\\/\",\"name\":\"Resolute.lt\",\"description\":\"Sm\u016bgiams ir vandeniui telefonai\",\"potentialAction\":[{\"@type\":\"SearchAction\",\"target\":{\"@type\":\"EntryPoint\",\"urlTemplate\":\"https:\\\/\\\/resolute.lt\\\/?s={search_term_string}\"},\"query-input\":{\"@type\":\"PropertyValueSpecification\",\"valueRequired\":true,\"valueName\":\"search_term_string\"}}],\"inLanguage\":\"lt-LT\"}]}<\/script>\n<!-- \/ Yoast SEO plugin. -->","yoast_head_json":{"title":"Pirk\u0117jo paskyra - Resolute.lt","description":"Prisijunkite \u012f Resolute.lt pirk\u0117jo paskyr\u0105. U\u017esakym\u0173 informacija, u\u017esakym\u0173 istorija ir u\u017esakym\u0173 valdymas vienoje vietoje!","robots":{"index":"index","follow":"follow","max-snippet":"max-snippet:-1","max-image-preview":"max-image-preview:large","max-video-preview":"max-video-preview:-1"},"canonical":"https:\/\/resolute.lt\/index.php\/pirkejo-paskyra\/","og_locale":"lt_LT","og_type":"article","og_title":"Pirk\u0117jo paskyra - Resolute.lt","og_description":"Prisijunkite \u012f Resolute.lt pirk\u0117jo paskyr\u0105. U\u017esakym\u0173 informacija, u\u017esakym\u0173 istorija ir u\u017esakym\u0173 valdymas vienoje vietoje!","og_url":"https:\/\/resolute.lt\/index.php\/pirkejo-paskyra\/","og_site_name":"Resolute.lt","article_modified_time":"2025-03-18T11:56:17+00:00","twitter_card":"summary_large_image","twitter_misc":{"Est. reading time":"1 minut\u0117"},"schema":{"@context":"https:\/\/schema.org","@graph":[{"@type":"WebPage","@id":"https:\/\/resolute.lt\/index.php\/pirkejo-paskyra\/","url":"https:\/\/resolute.lt\/index.php\/pirkejo-paskyra\/","name":"Pirk\u0117jo paskyra - Resolute.lt","isPartOf":{"@id":"https:\/\/resolute.lt\/#website"},"datePublished":"2020-04-19T13:17:27+00:00","dateModified":"2025-03-18T11:56:17+00:00","description":"Prisijunkite \u012f Resolute.lt pirk\u0117jo paskyr\u0105. U\u017esakym\u0173 informacija, u\u017esakym\u0173 istorija ir u\u017esakym\u0173 valdymas vienoje vietoje!","breadcrumb":{"@id":"https:\/\/resolute.lt\/index.php\/pirkejo-paskyra\/#breadcrumb"},"inLanguage":"lt-LT","potentialAction":[{"@type":"ReadAction","target":["https:\/\/resolute.lt\/index.php\/pirkejo-paskyra\/"]}]},{"@type":"BreadcrumbList","@id":"https:\/\/resolute.lt\/index.php\/pirkejo-paskyra\/#breadcrumb","itemListElement":[{"@type":"ListItem","position":1,"name":"Home","item":"https:\/\/resolute.lt\/"},{"@type":"ListItem","position":2,"name":"Pirk\u0117jo paskyra"}]},{"@type":"WebSite","@id":"https:\/\/resolute.lt\/#website","url":"https:\/\/resolute.lt\/","name":"Resolute.lt","description":"Sm\u016bgiams ir vandeniui telefonai","potentialAction":[{"@type":"SearchAction","target":{"@type":"EntryPoint","urlTemplate":"https:\/\/resolute.lt\/?s={search_term_string}"},"query-input":{"@type":"PropertyValueSpecification","valueRequired":true,"valueName":"search_term_string"}}],"inLanguage":"lt-LT"}]}},"_links":{"self":[{"href":"https:\/\/resolute.lt\/index.php\/wp-json\/wp\/v2\/pages\/9","targetHints":{"allow":["GET"]}}],"collection":[{"href":"https:\/\/resolute.lt\/index.php\/wp-json\/wp\/v2\/pages"}],"about":[{"href":"https:\/\/resolute.lt\/index.php\/wp-json\/wp\/v2\/types\/page"}],"author":[{"embeddable":true,"href":"https:\/\/resolute.lt\/index.php\/wp-json\/wp\/v2\/users\/1"}],"replies":[{"embeddable":true,"href":"https:\/\/resolute.lt\/index.php\/wp-json\/wp\/v2\/comments?post=9"}],"version-history":[{"count":3,"href":"https:\/\/resolute.lt\/index.php\/wp-json\/wp\/v2\/pages\/9\/revisions"}],"predecessor-version":[{"id":5920,"href":"https:\/\/resolute.lt\/index.php\/wp-json\/wp\/v2\/pages\/9\/revisions\/5920"}],"wp:attachment":[{"href":"https:\/\/resolute.lt\/index.php\/wp-json\/wp\/v2\/media?parent=9"}],"curies":[{"name":"wp","href":"https:\/\/api.w.org\/{rel}","templated":true}]}}